{"id":10245,"date":"2023-01-27T01:37:43","date_gmt":"2023-01-27T01:37:43","guid":{"rendered":"https:\/\/egytourpackages.com\/product\/parasailing-en-hurghada-aventura-en-el-mar-rojo\/"},"modified":"2026-01-28T23:28:35","modified_gmt":"2026-01-28T23:28:35","slug":"parasailing-en-hurghada-aventura-en-el-mar-rojo","status":"publish","type":"product","link":"https:\/\/egytourpackages.com\/es\/tours\/parasailing-en-hurghada-aventura-en-el-mar-rojo\/","title":{"rendered":"Parasailing en Hurghada | Aventura en el Mar Rojo"},"content":{"rendered":"<p><span style=\"color: #ff6600;\"><strong>Parasailing en Hurghada | Aventura en el Mar Rojo | Las mejores cosas que hacer en Hurghada<\/strong><\/span><\/p>\n<p>El <strong>parasailing en Hurghada<\/strong> ofrece una aventura inigualable que combina la adrenalina de volar con la impresionante belleza del <strong>Mar Rojo<\/strong>. Es mucho m\u00e1s que un simple paseo; es una oportunidad \u00fanica para ver la espectacular costa de Hurghada y sus aguas cristalinas desde una perspectiva totalmente nueva.<\/p>\n<p>Considerado uno de los <strong>mejores tours de un d\u00eda en Egipto<\/strong>, el <strong>parasailing en Hurghada<\/strong> es perfecto para cualquiera que busque una experiencia memorable. Tanto si eres un entusiasta de la adrenalina como si solo quieres capturar <strong>fotos panor\u00e1micas incre\u00edbles<\/strong>, esta actividad es para ti.<\/p>\n<p>Por lo general, despegar\u00e1s y aterrizar\u00e1s directamente desde la plataforma del barco, lo que garantiza una experiencia suave y segura para todos, incluso sin experiencia previa.<\/p>\n<p>Desde lo alto, disfrutar\u00e1s de una <strong>vista de p\u00e1jaro<\/strong> espectacular de los arrecifes de coral, la animada costa y el paisaje del desierto a lo lejos.<\/p>\n<p>\u00bfBuscas m\u00e1s de las <strong>mejores cosas que hacer en Hurghada<\/strong>? Contacta con <strong>Egy Tour Packages<\/strong> para descubrir una amplia gama de excursiones inolvidables.<\/p>\n<p>La mayor\u00eda de los vuelos de <strong>paraca\u00eddas en Hurghada<\/strong> duran entre <strong>10 y 15 minutos en el aire<\/strong>, y la actividad completa (incluyendo traslados y charla de seguridad) toma aproximadamente una hora.<\/p>\n<h3><span style=\"color: #ff6600;\">Detalles del Tour<\/span><\/h3>\n<ul>\n<li>Duraci\u00f3n: 2 Horas<\/li>\n<li>Recogida y Regreso: Hoteles en Hurghada, Makadi Bay, Soma Bay, Sahl Hasheesh, El Gouna y Safaga.<\/li>\n<li>Tipo de Tour: Las mejores actividades en Hurghada.<\/li>\n<li>Disponibilidad: Diario bajo petici\u00f3n.<\/li>\n<li>Ubicaci\u00f3n: Hurghada.<\/li>\n<li>Requisitos f\u00edsicos: Requiere un nivel b\u00e1sico de condici\u00f3n f\u00edsica.<\/li>\n<li>Accesibilidad: No apto para sillas de ruedas.<\/li>\n<\/ul>\n<h2><span style=\"color: #ff6600;\">Itinerario<\/span><\/h2>\n<p>El <strong>parasailing en Hurghada<\/strong> es una forma emocionante de explorar el Mar Rojo. Ya seas un buscador de emociones experimentado o un aventurero primerizo, volar en paraca\u00eddas es una experiencia que jam\u00e1s olvidar\u00e1s.<\/p>\n<p>Cuando reserves tu viaje de <strong>parasailing en Hurghada<\/strong> con <strong>Egy Tour Packages<\/strong>, tu aventura comenzar\u00e1 con un c\u00f3modo <strong>traslado privado<\/strong> desde tu hotel hasta la Marina de Hurghada. Una vez all\u00ed, subir\u00e1s a nuestra lancha r\u00e1pida que te llevar\u00e1 al punto de lanzamiento ideal en solo 10 minutos.<\/p>\n<p>Antes de ascender, nuestra tripulaci\u00f3n experta te dar\u00e1 una <strong>charla de seguridad<\/strong> completa. Luego, siente la incre\u00edble sensaci\u00f3n de ser elevado suavemente en el aire mientras el barco avanza.<\/p>\n<p>Volar\u00e1s a una altura emocionante de unos <strong>500 pies (150 metros)<\/strong> a una velocidad constante. La tripulaci\u00f3n profesional mantendr\u00e1 el control total del paraca\u00eddas, permiti\u00e9ndote simplemente relajarte y disfrutar de las vistas.<\/p>\n<h3><span style=\"color: #ff6600;\">Perfecto para todos<\/span><\/h3>\n<p>El <strong>parasailing en Hurghada<\/strong> est\u00e1 dise\u00f1ado para todos: desde <strong>principiantes hasta aventureros veteranos<\/strong>, y es ideal para personas solas, <strong>parejas, amigos o reci\u00e9n casados<\/strong> en su luna de miel. Es, sin duda, una de las <strong>mejores actividades en Hurghada<\/strong> para a\u00f1adir un toque de emoci\u00f3n a tus vacaciones.<\/p>\n<h3><span style=\"color: #ff6600;\">Incluye<\/span><\/h3>\n<ul>\n<li>Recogida y regreso a tu hotel.<\/li>\n<li>Parasailing (10-15 minutos de vuelo).<\/li>\n<li>Paseo en lancha r\u00e1pida.<\/li>\n<li>Todas las tasas e impuestos.<\/li>\n<\/ul>\n<h3><span style=\"color: #ff6600;\">No Incluye<\/span><\/h3>\n<ul>\n<li>Propinas.<\/li>\n<li>Fotos o v\u00eddeos profesionales realizados por el fot\u00f3grafo.<\/li>\n<\/ul>\n<h3><span style=\"color: #ff6600;\">Medidas de Seguridad y Consejos<\/span><\/h3>\n<ul>\n<li>Escucha atentamente la charla de seguridad, usa siempre el chaleco salvavidas y revisa el equipo antes del vuelo.<\/li>\n<li>Sigue las instrucciones de la tripulaci\u00f3n en todo momento.<\/li>\n<li>Usa ropa c\u00f3moda y calzado que se pueda mojar. \u00a1No olvides tu c\u00e1mara!<\/li>\n<li>Si no te sientes c\u00f3modo volando solo, puedes optar por el vuelo doble con un acompa\u00f1ante.<\/li>\n<\/ul>\n<h3><span style=\"color: #ff6600;\">Suplementos para hoteles fuera de Hurghada<\/span><\/h3>\n<p>Puedes reservar tu tour de parasailing al mejor precio desde zonas cercanas con un cargo adicional de 15 \u20ac por persona en:<\/p>\n<ul>\n<li>El Gouna, Sahl Hasheesh, Makadi Bay, Soma Bay y Safaga.<\/li>\n<\/ul>\n<h3><span style=\"color: #ff6600;\">Lo que debes saber antes de volar<\/span><\/h3>\n<ul>\n<li>Peso m\u00e1ximo para vuelo doble: 150 kg (entre ambas personas).<\/li>\n<li>Edad m\u00ednima (vuelo individual): 16 a\u00f1os.<\/li>\n<li>Ni\u00f1os: Menores de 16 a\u00f1os deben ir acompa\u00f1ados por un adulto.<\/li>\n<li>Mejor horario: Entre la salida del sol y el atardecer para avistar la Mezquita El Mina, el Mercado de Pescado y las Monta\u00f1as del Mar Rojo.<\/li>\n<li>Clima: La actividad se suspende en caso de lluvia o tormentas el\u00e9ctricas.<\/li>\n<li>Diferencia: El parasailing no requiere experiencia previa (a diferencia del parapente).<\/li>\n<\/ul>\n<h3><span style=\"color: #ff6600;\">\u00bfQu\u00e9 ver\u00e1s desde las alturas?<\/span><\/h3>\n<p>Disfruta de una vista privilegiada de las atracciones tur\u00edsticas de Hurghada como:<\/p>\n<ul>\n<li>La Marina de Hurghada y la Mezquita El Mina.<\/li>\n<li>La Isla Giftun y Orange Bay.<\/li>\n<li>El Mercado de Pescado y la Plaza Saqqala.<\/li>\n<li>Incluso Sharm El Sheikh al otro lado del Mar Rojo en d\u00edas despejados.<\/li>\n<\/ul>\n<h3><span style=\"color: #ff6600;\">Precio del Parasailing en Hurghada<\/span><\/h3>\n<ul>\n<li>Precio Adulto (Individual): 30 \u20ac<\/li>\n<li>Ni\u00f1os (0-5 a\u00f1os): Gratis.<\/li>\n<li>Ni\u00f1os (5-11 a\u00f1os): 50% de descuento.<\/li>\n<\/ul>\n<h3><span style=\"color: #ff6600;\">Reservas y Pagos<\/span><\/h3>\n<p>Puedes reservar v\u00eda<\/p>\n<p>WhatsApp +201000852186<\/p>\n<p>info@egytourpackages.com<\/p>\n<p>y recibir\u00e1s confirmaci\u00f3n inmediata.<\/p>\n<p>Aceptamos pagos en Libras Egipcias, $, \u20ac o \u00a3.<\/p>\n<h3><span style=\"color: #ff6600;\">Pol\u00edtica de cancelaci\u00f3n:<\/span><\/h3>\n<ul>\n<li>Gratuita hasta 2 d\u00edas antes de la actividad.<\/li>\n<\/ul>\n","protected":false},"excerpt":{"rendered":"<p>\u00a1Disfruta del Parasailing en Hurghada! Sobrevuela el Mar Rojo para contemplar vistas impresionantes. Una aventura emocionante y segura para todos.<\/p>\n","protected":false},"featured_media":10246,"comment_status":"open","ping_status":"closed","template":"","meta":[],"product_brand":[],"product_cat":[3128],"product_tag":[3294,3188,3187],"class_list":{"0":"post-10245","1":"product","2":"type-product","3":"status-publish","4":"has-post-thumbnail","6":"product_cat-tours","7":"product_tag-actividades-en-hurghada","8":"product_tag-excursiones-egipto","9":"product_tag-excursiones-en-hurgada","10":"tour_category-excursiones-egipto-es","11":"tour_category-excursiones-en-hurgada-es","12":"tour_category-las-mejores-actividades-para-hacer-en-hurghada-con-ninos","14":"first","15":"instock","16":"sale","17":"shipping-taxable","18":"purchasable","19":"product-type-tour","20":"has-default-attributes"},"yoast_head":"<!-- This site is optimized with the Yoast SEO Premium plugin v27.4 (Yoast SEO v27.4) - https:\/\/yoast.com\/product\/yoast-seo-premium-wordpress\/ -->\n<title>Parasailing en Hurghada | Aventura en el Mar Rojo<\/title>\n<meta name=\"description\" content=\"\u00a1Disfruta del Parasailing en Hurghada! Sobrevuela el Mar Rojo para contemplar vistas impresionantes. Una aventura emocionante y segura para todos.\" \/>\n<meta name=\"robots\" content=\"index, follow, max-snippet:-1, max-image-preview:large, max-video-preview:-1\" \/>\n<link rel=\"canonical\" href=\"https:\/\/egytourpackages.com\/es\/tours\/parasailing-en-hurghada-aventura-en-el-mar-rojo\/\" \/>\n<meta property=\"og:locale\" content=\"es_ES\" \/>\n<meta property=\"og:type\" content=\"article\" \/>\n<meta property=\"og:title\" content=\"Parasailing en Hurghada\" \/>\n<meta property=\"og:description\" content=\"\u00a1Disfruta del Parasailing en Hurghada! Sobrevuela el Mar Rojo para contemplar vistas impresionantes. Una aventura emocionante y segura para todos.\" \/>\n<meta property=\"og:url\" content=\"https:\/\/egytourpackages.com\/es\/tours\/parasailing-en-hurghada-aventura-en-el-mar-rojo\/\" \/>\n<meta property=\"og:site_name\" content=\"Egypt Tour Packages\" \/>\n<meta property=\"article:publisher\" content=\"https:\/\/www.facebook.com\/egytourpackages\" \/>\n<meta property=\"article:modified_time\" content=\"2026-01-28T23:28:35+00:00\" \/>\n<meta property=\"og:image\" content=\"https:\/\/egytourpackages.com\/wp-content\/uploads\/2023\/01\/parasailing-Hurghada.jpg\" \/>\n<meta name=\"twitter:card\" content=\"summary_large_image\" \/>\n<meta name=\"twitter:title\" content=\"Parasailing en Hurghada\" \/>\n<meta name=\"twitter:description\" content=\"\u00a1Disfruta del Parasailing en Hurghada! Sobrevuela el Mar Rojo para contemplar vistas impresionantes. Una aventura emocionante y segura para todos.\" \/>\n<meta name=\"twitter:image\" content=\"https:\/\/egytourpackages.com\/wp-content\/uploads\/2023\/01\/parasailing-Hurghada.jpg\" \/>\n<meta name=\"twitter:label1\" content=\"Precio\" \/>\n\t<meta name=\"twitter:data1\" content=\"&euro;30\" \/>\n\t<meta name=\"twitter:label2\" content=\"Disponibilidad\" \/>\n\t<meta name=\"twitter:data2\" content=\"Disponible\" \/>\n<script type=\"application\/ld+json\" class=\"yoast-schema-graph\">{\"@context\":\"https:\\\/\\\/schema.org\",\"@graph\":[{\"@type\":\"WebPage\",\"@id\":\"https:\\\/\\\/egytourpackages.com\\\/es\\\/tours\\\/parasailing-en-hurghada-aventura-en-el-mar-rojo\\\/\",\"url\":\"https:\\\/\\\/egytourpackages.com\\\/es\\\/tours\\\/parasailing-en-hurghada-aventura-en-el-mar-rojo\\\/\",\"name\":\"Parasailing en Hurghada | Aventura en el Mar Rojo\",\"isPartOf\":{\"@id\":\"https:\\\/\\\/egytourpackages.com\\\/es\\\/#website\"},\"primaryImageOfPage\":{\"@id\":\"https:\\\/\\\/egytourpackages.com\\\/es\\\/tours\\\/parasailing-en-hurghada-aventura-en-el-mar-rojo\\\/#primaryimage\"},\"image\":{\"@id\":\"https:\\\/\\\/egytourpackages.com\\\/es\\\/tours\\\/parasailing-en-hurghada-aventura-en-el-mar-rojo\\\/#primaryimage\"},\"thumbnailUrl\":\"https:\\\/\\\/egytourpackages.com\\\/wp-content\\\/uploads\\\/2023\\\/01\\\/parasailing-Hurghada.jpg\",\"datePublished\":\"2023-01-27T01:37:43+00:00\",\"dateModified\":\"2026-01-28T23:28:35+00:00\",\"description\":\"\u00a1Disfruta del Parasailing en Hurghada! Sobrevuela el Mar Rojo para contemplar vistas impresionantes. Una aventura emocionante y segura para todos.\",\"breadcrumb\":{\"@id\":\"https:\\\/\\\/egytourpackages.com\\\/es\\\/tours\\\/parasailing-en-hurghada-aventura-en-el-mar-rojo\\\/#breadcrumb\"},\"inLanguage\":\"es\",\"potentialAction\":[{\"@type\":\"ReadAction\",\"target\":[\"https:\\\/\\\/egytourpackages.com\\\/es\\\/tours\\\/parasailing-en-hurghada-aventura-en-el-mar-rojo\\\/\"]}]},{\"@type\":\"ImageObject\",\"inLanguage\":\"es\",\"@id\":\"https:\\\/\\\/egytourpackages.com\\\/es\\\/tours\\\/parasailing-en-hurghada-aventura-en-el-mar-rojo\\\/#primaryimage\",\"url\":\"https:\\\/\\\/egytourpackages.com\\\/wp-content\\\/uploads\\\/2023\\\/01\\\/parasailing-Hurghada.jpg\",\"contentUrl\":\"https:\\\/\\\/egytourpackages.com\\\/wp-content\\\/uploads\\\/2023\\\/01\\\/parasailing-Hurghada.jpg\",\"width\":990,\"height\":742,\"caption\":\"Parasailing en Hurghada\"},{\"@type\":\"BreadcrumbList\",\"@id\":\"https:\\\/\\\/egytourpackages.com\\\/es\\\/tours\\\/parasailing-en-hurghada-aventura-en-el-mar-rojo\\\/#breadcrumb\",\"itemListElement\":[{\"@type\":\"ListItem\",\"position\":1,\"name\":\"Home\",\"item\":\"https:\\\/\\\/egytourpackages.com\\\/es\\\/paquetes-de-viaje-a-egipto\\\/\"},{\"@type\":\"ListItem\",\"position\":2,\"name\":\"Shop\",\"item\":\"https:\\\/\\\/egytourpackages.com\\\/shop\\\/\"},{\"@type\":\"ListItem\",\"position\":3,\"name\":\"Parasailing en Hurghada | Aventura en el Mar Rojo\"}]},{\"@type\":\"WebSite\",\"@id\":\"https:\\\/\\\/egytourpackages.com\\\/es\\\/#website\",\"url\":\"https:\\\/\\\/egytourpackages.com\\\/es\\\/\",\"name\":\"Egy tour packages\",\"description\":\"\",\"publisher\":{\"@id\":\"https:\\\/\\\/egytourpackages.com\\\/es\\\/#organization\"},\"potentialAction\":[{\"@type\":\"SearchAction\",\"target\":{\"@type\":\"EntryPoint\",\"urlTemplate\":\"https:\\\/\\\/egytourpackages.com\\\/es\\\/?s={search_term_string}\"},\"query-input\":{\"@type\":\"PropertyValueSpecification\",\"valueRequired\":true,\"valueName\":\"search_term_string\"}}],\"inLanguage\":\"es\"},{\"@type\":[\"Organization\",\"Place\",\"TravelAgency\"],\"@id\":\"https:\\\/\\\/egytourpackages.com\\\/es\\\/#organization\",\"name\":\"egypt tour packages\",\"alternateName\":\"egypt tour packages\",\"url\":\"https:\\\/\\\/egytourpackages.com\\\/es\\\/\",\"logo\":{\"@id\":\"https:\\\/\\\/egytourpackages.com\\\/es\\\/tours\\\/parasailing-en-hurghada-aventura-en-el-mar-rojo\\\/#local-main-organization-logo\"},\"image\":{\"@id\":\"https:\\\/\\\/egytourpackages.com\\\/es\\\/tours\\\/parasailing-en-hurghada-aventura-en-el-mar-rojo\\\/#local-main-organization-logo\"},\"sameAs\":[\"https:\\\/\\\/www.facebook.com\\\/egytourpackages\"],\"legalName\":\"Egy tour packages\",\"address\":{\"@id\":\"https:\\\/\\\/egytourpackages.com\\\/es\\\/tours\\\/parasailing-en-hurghada-aventura-en-el-mar-rojo\\\/#local-main-place-address\"},\"telephone\":[\"00201000852186\",\"00201028685533\"],\"contactPoint\":{\"@type\":\"ContactPoint\",\"telephone\":\"00201000852186\"},\"openingHoursSpecification\":[{\"@type\":\"OpeningHoursSpecification\",\"dayOfWeek\":[\"Monday\",\"Tuesday\",\"Wednesday\",\"Thursday\",\"Friday\",\"Saturday\",\"Sunday\"],\"opens\":\"00:00\",\"closes\":\"23:59\"}],\"email\":\"info@egytourpackages.com\",\"areaServed\":\"Cairo, Hurghada, Luxor, Sharm El Sheikh, Marsa Alam, Aswan\",\"priceRange\":\"$\",\"currenciesAccepted\":\"euro\",\"paymentAccepted\":\"Payment links online\"},{\"@type\":\"PostalAddress\",\"@id\":\"https:\\\/\\\/egytourpackages.com\\\/es\\\/tours\\\/parasailing-en-hurghada-aventura-en-el-mar-rojo\\\/#local-main-place-address\",\"streetAddress\":\"Mubarak 8, Al Kawthar District, Hurghada\",\"addressLocality\":\"Hurghada\",\"postalCode\":\"84511\",\"addressRegion\":\"Red Sea\",\"addressCountry\":\"EG\"},{\"@type\":\"ImageObject\",\"inLanguage\":\"es\",\"@id\":\"https:\\\/\\\/egytourpackages.com\\\/es\\\/tours\\\/parasailing-en-hurghada-aventura-en-el-mar-rojo\\\/#local-main-organization-logo\",\"url\":\"https:\\\/\\\/egytourpackages.com\\\/wp-content\\\/uploads\\\/2025\\\/12\\\/Turquoise-Dahabiya-Nile-Cruise-1.jpeg\",\"contentUrl\":\"https:\\\/\\\/egytourpackages.com\\\/wp-content\\\/uploads\\\/2025\\\/12\\\/Turquoise-Dahabiya-Nile-Cruise-1.jpeg\",\"width\":1040,\"height\":694,\"caption\":\"egypt tour packages\"}]}<\/script>\n<meta property=\"product:brand\" content=\"Excursiones Egipto\" \/>\n<meta property=\"product:price:amount\" content=\"30\" \/>\n<meta property=\"product:price:currency\" content=\"EUR\" \/>\n<meta property=\"og:availability\" content=\"instock\" \/>\n<meta property=\"product:availability\" content=\"instock\" \/>\n<meta property=\"product:retailer_item_id\" content=\"HDT01\" \/>\n<meta property=\"product:condition\" content=\"new\" \/>\n<meta name=\"geo.placename\" content=\"Hurghada\" \/>\n<meta name=\"geo.region\" content=\"Egipto\" \/>\n<!-- \/ Yoast SEO Premium plugin. -->","yoast_head_json":{"title":"Parasailing en Hurghada | Aventura en el Mar Rojo","description":"\u00a1Disfruta del Parasailing en Hurghada! Sobrevuela el Mar Rojo para contemplar vistas impresionantes. Una aventura emocionante y segura para todos.","robots":{"index":"index","follow":"follow","max-snippet":"max-snippet:-1","max-image-preview":"max-image-preview:large","max-video-preview":"max-video-preview:-1"},"canonical":"https:\/\/egytourpackages.com\/es\/tours\/parasailing-en-hurghada-aventura-en-el-mar-rojo\/","og_locale":"es_ES","og_type":"article","og_title":"Parasailing en Hurghada","og_description":"\u00a1Disfruta del Parasailing en Hurghada! Sobrevuela el Mar Rojo para contemplar vistas impresionantes. Una aventura emocionante y segura para todos.","og_url":"https:\/\/egytourpackages.com\/es\/tours\/parasailing-en-hurghada-aventura-en-el-mar-rojo\/","og_site_name":"Egypt Tour Packages","article_publisher":"https:\/\/www.facebook.com\/egytourpackages","article_modified_time":"2026-01-28T23:28:35+00:00","og_image":[{"url":"https:\/\/egytourpackages.com\/wp-content\/uploads\/2023\/01\/parasailing-Hurghada.jpg","type":"","width":"","height":""}],"twitter_card":"summary_large_image","twitter_title":"Parasailing en Hurghada","twitter_description":"\u00a1Disfruta del Parasailing en Hurghada! Sobrevuela el Mar Rojo para contemplar vistas impresionantes. Una aventura emocionante y segura para todos.","twitter_image":"https:\/\/egytourpackages.com\/wp-content\/uploads\/2023\/01\/parasailing-Hurghada.jpg","twitter_misc":{"Precio":"&euro;30","Disponibilidad":"Disponible"},"schema":{"@context":"https:\/\/schema.org","@graph":[{"@type":"WebPage","@id":"https:\/\/egytourpackages.com\/es\/tours\/parasailing-en-hurghada-aventura-en-el-mar-rojo\/","url":"https:\/\/egytourpackages.com\/es\/tours\/parasailing-en-hurghada-aventura-en-el-mar-rojo\/","name":"Parasailing en Hurghada | Aventura en el Mar Rojo","isPartOf":{"@id":"https:\/\/egytourpackages.com\/es\/#website"},"primaryImageOfPage":{"@id":"https:\/\/egytourpackages.com\/es\/tours\/parasailing-en-hurghada-aventura-en-el-mar-rojo\/#primaryimage"},"image":{"@id":"https:\/\/egytourpackages.com\/es\/tours\/parasailing-en-hurghada-aventura-en-el-mar-rojo\/#primaryimage"},"thumbnailUrl":"https:\/\/egytourpackages.com\/wp-content\/uploads\/2023\/01\/parasailing-Hurghada.jpg","datePublished":"2023-01-27T01:37:43+00:00","dateModified":"2026-01-28T23:28:35+00:00","description":"\u00a1Disfruta del Parasailing en Hurghada! Sobrevuela el Mar Rojo para contemplar vistas impresionantes. Una aventura emocionante y segura para todos.","breadcrumb":{"@id":"https:\/\/egytourpackages.com\/es\/tours\/parasailing-en-hurghada-aventura-en-el-mar-rojo\/#breadcrumb"},"inLanguage":"es","potentialAction":[{"@type":"ReadAction","target":["https:\/\/egytourpackages.com\/es\/tours\/parasailing-en-hurghada-aventura-en-el-mar-rojo\/"]}]},{"@type":"ImageObject","inLanguage":"es","@id":"https:\/\/egytourpackages.com\/es\/tours\/parasailing-en-hurghada-aventura-en-el-mar-rojo\/#primaryimage","url":"https:\/\/egytourpackages.com\/wp-content\/uploads\/2023\/01\/parasailing-Hurghada.jpg","contentUrl":"https:\/\/egytourpackages.com\/wp-content\/uploads\/2023\/01\/parasailing-Hurghada.jpg","width":990,"height":742,"caption":"Parasailing en Hurghada"},{"@type":"BreadcrumbList","@id":"https:\/\/egytourpackages.com\/es\/tours\/parasailing-en-hurghada-aventura-en-el-mar-rojo\/#breadcrumb","itemListElement":[{"@type":"ListItem","position":1,"name":"Home","item":"https:\/\/egytourpackages.com\/es\/paquetes-de-viaje-a-egipto\/"},{"@type":"ListItem","position":2,"name":"Shop","item":"https:\/\/egytourpackages.com\/shop\/"},{"@type":"ListItem","position":3,"name":"Parasailing en Hurghada | Aventura en el Mar Rojo"}]},{"@type":"WebSite","@id":"https:\/\/egytourpackages.com\/es\/#website","url":"https:\/\/egytourpackages.com\/es\/","name":"Egy tour packages","description":"","publisher":{"@id":"https:\/\/egytourpackages.com\/es\/#organization"},"potentialAction":[{"@type":"SearchAction","target":{"@type":"EntryPoint","urlTemplate":"https:\/\/egytourpackages.com\/es\/?s={search_term_string}"},"query-input":{"@type":"PropertyValueSpecification","valueRequired":true,"valueName":"search_term_string"}}],"inLanguage":"es"},{"@type":["Organization","Place","TravelAgency"],"@id":"https:\/\/egytourpackages.com\/es\/#organization","name":"egypt tour packages","alternateName":"egypt tour packages","url":"https:\/\/egytourpackages.com\/es\/","logo":{"@id":"https:\/\/egytourpackages.com\/es\/tours\/parasailing-en-hurghada-aventura-en-el-mar-rojo\/#local-main-organization-logo"},"image":{"@id":"https:\/\/egytourpackages.com\/es\/tours\/parasailing-en-hurghada-aventura-en-el-mar-rojo\/#local-main-organization-logo"},"sameAs":["https:\/\/www.facebook.com\/egytourpackages"],"legalName":"Egy tour packages","address":{"@id":"https:\/\/egytourpackages.com\/es\/tours\/parasailing-en-hurghada-aventura-en-el-mar-rojo\/#local-main-place-address"},"telephone":["00201000852186","00201028685533"],"contactPoint":{"@type":"ContactPoint","telephone":"00201000852186"},"openingHoursSpecification":[{"@type":"OpeningHoursSpecification","dayOfWeek":["Monday","Tuesday","Wednesday","Thursday","Friday","Saturday","Sunday"],"opens":"00:00","closes":"23:59"}],"email":"info@egytourpackages.com","areaServed":"Cairo, Hurghada, Luxor, Sharm El Sheikh, Marsa Alam, Aswan","priceRange":"$","currenciesAccepted":"euro","paymentAccepted":"Payment links online"},{"@type":"PostalAddress","@id":"https:\/\/egytourpackages.com\/es\/tours\/parasailing-en-hurghada-aventura-en-el-mar-rojo\/#local-main-place-address","streetAddress":"Mubarak 8, Al Kawthar District, Hurghada","addressLocality":"Hurghada","postalCode":"84511","addressRegion":"Red Sea","addressCountry":"EG"},{"@type":"ImageObject","inLanguage":"es","@id":"https:\/\/egytourpackages.com\/es\/tours\/parasailing-en-hurghada-aventura-en-el-mar-rojo\/#local-main-organization-logo","url":"https:\/\/egytourpackages.com\/wp-content\/uploads\/2025\/12\/Turquoise-Dahabiya-Nile-Cruise-1.jpeg","contentUrl":"https:\/\/egytourpackages.com\/wp-content\/uploads\/2025\/12\/Turquoise-Dahabiya-Nile-Cruise-1.jpeg","width":1040,"height":694,"caption":"egypt tour packages"}]},"product_brand":"Excursiones Egipto","product_price_amount":"30","product_price_currency":"EUR","og_availability":"instock","product_availability":"instock","product_retailer_item_id":"HDT01","product_condition":"new","geo.placename":"Hurghada","geo.region":"Egipto"},"_links":{"self":[{"href":"https:\/\/egytourpackages.com\/es\/wp-json\/wp\/v2\/product\/10245","targetHints":{"allow":["GET"]}}],"collection":[{"href":"https:\/\/egytourpackages.com\/es\/wp-json\/wp\/v2\/product"}],"about":[{"href":"https:\/\/egytourpackages.com\/es\/wp-json\/wp\/v2\/types\/product"}],"replies":[{"embeddable":true,"href":"https:\/\/egytourpackages.com\/es\/wp-json\/wp\/v2\/comments?post=10245"}],"wp:featuredmedia":[{"embeddable":true,"href":"https:\/\/egytourpackages.com\/es\/wp-json\/wp\/v2\/media\/10246"}],"wp:attachment":[{"href":"https:\/\/egytourpackages.com\/es\/wp-json\/wp\/v2\/media?parent=10245"}],"wp:term":[{"taxonomy":"product_brand","embeddable":true,"href":"https:\/\/egytourpackages.com\/es\/wp-json\/wp\/v2\/product_brand?post=10245"},{"taxonomy":"product_cat","embeddable":true,"href":"https:\/\/egytourpackages.com\/es\/wp-json\/wp\/v2\/product_cat?post=10245"},{"taxonomy":"product_tag","embeddable":true,"href":"https:\/\/egytourpackages.com\/es\/wp-json\/wp\/v2\/product_tag?post=10245"}],"curies":[{"name":"wp","href":"https:\/\/api.w.org\/{rel}","templated":true}]}}