{"id":11558,"date":"2023-05-17T15:10:10","date_gmt":"2023-05-17T15:10:10","guid":{"rendered":"https:\/\/egytourpackages.com\/product\/traslados-en-taxi-en-hurghada\/"},"modified":"2026-01-20T22:18:53","modified_gmt":"2026-01-20T22:18:53","slug":"traslados-en-taxi-en-hurghada","status":"publish","type":"product","link":"https:\/\/egytourpackages.com\/es\/tours\/traslados-en-taxi-en-hurghada\/","title":{"rendered":"Traslados en Taxi en Hurghada"},"content":{"rendered":"<p><span style=\"color: #ff6600;\"><strong>Traslados en Taxi en Hurghada | Traslados Aeropuerto Hurghada | Coches de Lujo | Precios Econ\u00f3micos<\/strong><\/span><\/p>\n<p>Reserve su <strong>taxi en Hurghada<\/strong> desde el <strong>Aeropuerto de Hurghada<\/strong> hasta los complejos tur\u00edsticos de la zona y disfrute de una llegada perfectamente organizada. Descubra la forma m\u00e1s c\u00f3moda y directa de llegar a sus hoteles con <strong>Egypt Tours<\/strong>.<\/p>\n<p>Ya sea que viaje solo o en familia, le garantizamos tranquilidad y un servicio de alta calidad. Contamos con <strong>coches de lujo<\/strong>, con aire acondicionado, asientos reclinables, elegantes, para no fumadores y siempre limpios, cumpliendo con todas sus expectativas.<\/p>\n<p>Puede reservar su <strong>traslado en Hurghada<\/strong> a trav\u00e9s de WhatsApp, correo electr\u00f3nico o llamada telef\u00f3nica; nosotros nos encargamos de todo. Al reservar su <strong>traslado al aeropuerto<\/strong>, simplemente proporcione su n\u00famero de vuelo, hora de llegada y nombre del alojamiento para recibir la confirmaci\u00f3n.<\/p>\n<p>Con cada traslado en limusina o minivan, ofrecemos las <strong>tarifas m\u00e1s bajas<\/strong> y la forma m\u00e1s r\u00e1pida y fiable de viajar.<\/p>\n<p>Tras el aterrizaje, nuestro conductor le estar\u00e1 esperando a la salida de la sala de llegadas con un cartel con su nombre. Adem\u00e1s, es importante destacar que <strong>le esperar\u00e1 si su vuelo se retrasa<\/strong>. Tenga en cuenta que nuestro precio para los <strong>traslados desde el aeropuerto de Hurghada<\/strong> es por veh\u00edculo y <strong>sin sorpresas ocultas<\/strong>.<\/p>\n<p>Actualizamos constantemente nuestros precios de <strong>traslados en taxi en Hurghada<\/strong> para asegurar que nuestros clientes obtengan siempre la mejor oferta. Viaje entre el aeropuerto y los hoteles de Hurghada con estilo y comience su estancia sin estr\u00e9s. Adem\u00e1s, la <strong>limusina<\/strong> es la opci\u00f3n ideal para grupos peque\u00f1os de hasta 3 personas.<\/p>\n<p>Ofrecemos un servicio de <strong>traslado privado al aeropuerto<\/strong> entre el Aeropuerto de Hurghada y todas las \u00e1reas cercanas. Por ejemplo: <strong>El Gouna, Makadi Bay, Sahl Hasheesh, Soma Bay, Safaga, El Quseir y Marsa Alam<\/strong>, para clientes que buscan comodidad, seguridad, rapidez y eficiencia.<\/p>\n<h3><span style=\"color: #ff6600;\">Precio Taxi Hurghada<\/span><\/h3>\n<p>Por Veh\u00edculo: 15 \u20ac<\/p>\n<h3><span style=\"color: #ff6600;\">Reservas<\/span><\/h3>\n<p>Puede reservar su <strong>taxi en Hurghada<\/strong> v\u00eda WhatsApp o enviarnos un correo electr\u00f3nico; recibir\u00e1 la confirmaci\u00f3n al instante.<\/p>\n<p><strong>WhatsApp : +20 1000852186<\/strong><\/p>\n<p><strong>Email:<\/strong> info@egytourpackages.com<\/p>\n<h3><span style=\"color: #ff6600;\">Reserve Ahora y Pague al Llegar<\/span><\/h3>\n<p>Reserve su traslado favorito y realice el <strong>pago el mismo d\u00eda del viaje<\/strong>.<\/p>\n<h3><span style=\"color: #ff6600;\">M\u00e9todos de Pago<\/span><\/h3>\n<p>Puede pagar en libras egipcias, d\u00f3lares ($), euros (\u20ac) o libras esterlinas (\u00a3).<\/p>\n<h3><span style=\"color: #ff6600;\">Pol\u00edtica de Cancelaci\u00f3n<\/span><\/h3>\n<ul>\n<li>La cancelaci\u00f3n es <strong>gratuita<\/strong> hasta con 24 horas de antelaci\u00f3n.<\/li>\n<li>Las cancelaciones realizadas la misma ma\u00f1ana del servicio tendr\u00e1n un cargo del <strong>50% del precio<\/strong>.<\/li>\n<\/ul>\n","protected":false},"excerpt":{"rendered":"<p>Traslados en Taxi en Hurghada | Reserve su traslado a los resorts de Hurghada a trav\u00e9s de WhatsApp, correo electr\u00f3nico o llamada telef\u00f3nica y no se preocupe por el traslado.<\/p>\n","protected":false},"featured_media":11559,"comment_status":"open","ping_status":"closed","template":"","meta":[],"product_brand":[],"product_cat":[3133],"product_tag":[3809,3711],"class_list":{"0":"post-11558","1":"product","2":"type-product","3":"status-publish","4":"has-post-thumbnail","6":"product_cat-sin-categorizar-es","7":"product_tag-taxi-hurghada","8":"product_tag-traslados-al-aeropuerto","9":"tour_category-traslado-al-aeropuerto-es","11":"first","12":"instock","13":"sale","14":"shipping-taxable","15":"purchasable","16":"product-type-tour","17":"has-default-attributes"},"yoast_head":"<!-- This site is optimized with the Yoast SEO Premium plugin v27.2 (Yoast SEO v27.2) - https:\/\/yoast.com\/product\/yoast-seo-premium-wordpress\/ -->\n<title>Traslados en Taxi en Hurghada | Traslados Aeropuerto Hurghada<\/title>\n<meta name=\"description\" content=\"Traslados en taxi a Hurghada | Reserve su traslado a los resorts de Hurghada a trav\u00e9s de WhatsApp, correo electr\u00f3nico o llamada telef\u00f3nica.\" \/>\n<meta name=\"robots\" content=\"index, follow, max-snippet:-1, max-image-preview:large, max-video-preview:-1\" \/>\n<link rel=\"canonical\" href=\"https:\/\/egytourpackages.com\/es\/tours\/traslados-en-taxi-en-hurghada\/\" \/>\n<meta property=\"og:locale\" content=\"es_ES\" \/>\n<meta property=\"og:type\" content=\"article\" \/>\n<meta property=\"og:title\" content=\"Traslados en Taxi en Hurghada\" \/>\n<meta property=\"og:description\" content=\"Traslados en taxi a Hurghada | Reserve su traslado a los resorts de Hurghada a trav\u00e9s de WhatsApp, correo electr\u00f3nico o llamada telef\u00f3nica.\" \/>\n<meta property=\"og:url\" content=\"https:\/\/egytourpackages.com\/es\/tours\/traslados-en-taxi-en-hurghada\/\" \/>\n<meta property=\"og:site_name\" content=\"Egypt Tour Packages\" \/>\n<meta property=\"article:publisher\" content=\"https:\/\/www.facebook.com\/egytourpackages\" \/>\n<meta property=\"article:modified_time\" content=\"2026-01-20T22:18:53+00:00\" \/>\n<meta property=\"og:image\" content=\"https:\/\/egytourpackages.com\/wp-content\/uploads\/2023\/05\/Taxi-Hurghada-transfers.jpg\" \/>\n\t<meta property=\"og:image:width\" content=\"1200\" \/>\n\t<meta property=\"og:image:height\" content=\"900\" \/>\n\t<meta property=\"og:image:type\" content=\"image\/jpeg\" \/>\n<meta name=\"twitter:card\" content=\"summary_large_image\" \/>\n<meta name=\"twitter:label1\" content=\"Precio\" \/>\n\t<meta name=\"twitter:data1\" content=\"&euro;15\" \/>\n\t<meta name=\"twitter:label2\" content=\"Disponibilidad\" \/>\n\t<meta name=\"twitter:data2\" content=\"Disponible\" \/>\n<script type=\"application\/ld+json\" class=\"yoast-schema-graph\">{\"@context\":\"https:\/\/schema.org\",\"@graph\":[{\"@type\":\"WebPage\",\"@id\":\"https:\/\/egytourpackages.com\/es\/tours\/traslados-en-taxi-en-hurghada\/\",\"url\":\"https:\/\/egytourpackages.com\/es\/tours\/traslados-en-taxi-en-hurghada\/\",\"name\":\"Traslados en Taxi en Hurghada | Traslados Aeropuerto Hurghada\",\"isPartOf\":{\"@id\":\"https:\/\/egytourpackages.com\/es\/#website\"},\"primaryImageOfPage\":{\"@id\":\"https:\/\/egytourpackages.com\/es\/tours\/traslados-en-taxi-en-hurghada\/#primaryimage\"},\"image\":{\"@id\":\"https:\/\/egytourpackages.com\/es\/tours\/traslados-en-taxi-en-hurghada\/#primaryimage\"},\"thumbnailUrl\":\"https:\/\/egytourpackages.com\/wp-content\/uploads\/2023\/05\/Taxi-Hurghada-transfers.jpg\",\"datePublished\":\"2023-05-17T15:10:10+00:00\",\"dateModified\":\"2026-01-20T22:18:53+00:00\",\"description\":\"Traslados en taxi a Hurghada | Reserve su traslado a los resorts de Hurghada a trav\u00e9s de WhatsApp, correo electr\u00f3nico o llamada telef\u00f3nica.\",\"breadcrumb\":{\"@id\":\"https:\/\/egytourpackages.com\/es\/tours\/traslados-en-taxi-en-hurghada\/#breadcrumb\"},\"inLanguage\":\"es\",\"potentialAction\":[{\"@type\":\"ReadAction\",\"target\":[\"https:\/\/egytourpackages.com\/es\/tours\/traslados-en-taxi-en-hurghada\/\"]}]},{\"@type\":\"ImageObject\",\"inLanguage\":\"es\",\"@id\":\"https:\/\/egytourpackages.com\/es\/tours\/traslados-en-taxi-en-hurghada\/#primaryimage\",\"url\":\"https:\/\/egytourpackages.com\/wp-content\/uploads\/2023\/05\/Taxi-Hurghada-transfers.jpg\",\"contentUrl\":\"https:\/\/egytourpackages.com\/wp-content\/uploads\/2023\/05\/Taxi-Hurghada-transfers.jpg\",\"width\":1200,\"height\":900,\"caption\":\"Traslados en Taxi en Hurghada\"},{\"@type\":\"BreadcrumbList\",\"@id\":\"https:\/\/egytourpackages.com\/es\/tours\/traslados-en-taxi-en-hurghada\/#breadcrumb\",\"itemListElement\":[{\"@type\":\"ListItem\",\"position\":1,\"name\":\"Home\",\"item\":\"https:\/\/egytourpackages.com\/es\/paquetes-de-viaje-a-egipto\/\"},{\"@type\":\"ListItem\",\"position\":2,\"name\":\"Shop\",\"item\":\"https:\/\/egytourpackages.com\/shop\/\"},{\"@type\":\"ListItem\",\"position\":3,\"name\":\"Traslados en Taxi en Hurghada\"}]},{\"@type\":\"WebSite\",\"@id\":\"https:\/\/egytourpackages.com\/es\/#website\",\"url\":\"https:\/\/egytourpackages.com\/es\/\",\"name\":\"Egy tour packages\",\"description\":\"\",\"publisher\":{\"@id\":\"https:\/\/egytourpackages.com\/es\/#organization\"},\"potentialAction\":[{\"@type\":\"SearchAction\",\"target\":{\"@type\":\"EntryPoint\",\"urlTemplate\":\"https:\/\/egytourpackages.com\/es\/?s={search_term_string}\"},\"query-input\":{\"@type\":\"PropertyValueSpecification\",\"valueRequired\":true,\"valueName\":\"search_term_string\"}}],\"inLanguage\":\"es\"},{\"@type\":[\"Organization\",\"Place\",\"TravelAgency\"],\"@id\":\"https:\/\/egytourpackages.com\/es\/#organization\",\"name\":\"egypt tour packages\",\"alternateName\":\"egypt tour packages\",\"url\":\"https:\/\/egytourpackages.com\/es\/\",\"logo\":{\"@id\":\"https:\/\/egytourpackages.com\/es\/tours\/traslados-en-taxi-en-hurghada\/#local-main-organization-logo\"},\"image\":{\"@id\":\"https:\/\/egytourpackages.com\/es\/tours\/traslados-en-taxi-en-hurghada\/#local-main-organization-logo\"},\"sameAs\":[\"https:\/\/www.facebook.com\/egytourpackages\"],\"legalName\":\"Egy tour packages\",\"address\":{\"@id\":\"https:\/\/egytourpackages.com\/es\/tours\/traslados-en-taxi-en-hurghada\/#local-main-place-address\"},\"telephone\":[\"00201000852186\",\"00201028685533\"],\"contactPoint\":{\"@type\":\"ContactPoint\",\"telephone\":\"00201000852186\"},\"openingHoursSpecification\":[{\"@type\":\"OpeningHoursSpecification\",\"dayOfWeek\":[\"Monday\",\"Tuesday\",\"Wednesday\",\"Thursday\",\"Friday\",\"Saturday\",\"Sunday\"],\"opens\":\"00:00\",\"closes\":\"23:59\"}],\"email\":\"info@egytourpackages.com\",\"areaServed\":\"Cairo, Hurghada, Luxor, Sharm El Sheikh, Marsa Alam, Aswan\",\"priceRange\":\"$\",\"currenciesAccepted\":\"euro\",\"paymentAccepted\":\"Payment links online\"},{\"@type\":\"PostalAddress\",\"@id\":\"https:\/\/egytourpackages.com\/es\/tours\/traslados-en-taxi-en-hurghada\/#local-main-place-address\",\"streetAddress\":\"Mubarak 8, Al Kawthar District, Hurghada\",\"addressLocality\":\"Hurghada\",\"postalCode\":\"84511\",\"addressRegion\":\"Red Sea\",\"addressCountry\":\"EG\"},{\"@type\":\"ImageObject\",\"inLanguage\":\"es\",\"@id\":\"https:\/\/egytourpackages.com\/es\/tours\/traslados-en-taxi-en-hurghada\/#local-main-organization-logo\",\"url\":\"https:\/\/egytourpackages.com\/wp-content\/uploads\/2025\/12\/Turquoise-Dahabiya-Nile-Cruise-1.jpeg\",\"contentUrl\":\"https:\/\/egytourpackages.com\/wp-content\/uploads\/2025\/12\/Turquoise-Dahabiya-Nile-Cruise-1.jpeg\",\"width\":1040,\"height\":694,\"caption\":\"egypt tour packages\"}]}<\/script>\n<meta property=\"product:brand\" content=\"Traslado al aeropuerto\" \/>\n<meta property=\"product:price:amount\" content=\"15\" \/>\n<meta property=\"product:price:currency\" content=\"EUR\" \/>\n<meta property=\"og:availability\" content=\"instock\" \/>\n<meta property=\"product:availability\" content=\"instock\" \/>\n<meta property=\"product:retailer_item_id\" content=\"AT01\" \/>\n<meta property=\"product:condition\" content=\"new\" \/>\n<meta name=\"geo.placename\" content=\"Hurghada\" \/>\n<meta name=\"geo.region\" content=\"Egipto\" \/>\n<!-- \/ Yoast SEO Premium plugin. -->","yoast_head_json":{"title":"Traslados en Taxi en Hurghada | Traslados Aeropuerto Hurghada","description":"Traslados en taxi a Hurghada | Reserve su traslado a los resorts de Hurghada a trav\u00e9s de WhatsApp, correo electr\u00f3nico o llamada telef\u00f3nica.","robots":{"index":"index","follow":"follow","max-snippet":"max-snippet:-1","max-image-preview":"max-image-preview:large","max-video-preview":"max-video-preview:-1"},"canonical":"https:\/\/egytourpackages.com\/es\/tours\/traslados-en-taxi-en-hurghada\/","og_locale":"es_ES","og_type":"article","og_title":"Traslados en Taxi en Hurghada","og_description":"Traslados en taxi a Hurghada | Reserve su traslado a los resorts de Hurghada a trav\u00e9s de WhatsApp, correo electr\u00f3nico o llamada telef\u00f3nica.","og_url":"https:\/\/egytourpackages.com\/es\/tours\/traslados-en-taxi-en-hurghada\/","og_site_name":"Egypt Tour Packages","article_publisher":"https:\/\/www.facebook.com\/egytourpackages","article_modified_time":"2026-01-20T22:18:53+00:00","og_image":[{"width":1200,"height":900,"url":"https:\/\/egytourpackages.com\/wp-content\/uploads\/2023\/05\/Taxi-Hurghada-transfers.jpg","type":"image\/jpeg"}],"twitter_card":"summary_large_image","twitter_misc":{"Precio":"&euro;15","Disponibilidad":"Disponible"},"schema":{"@context":"https:\/\/schema.org","@graph":[{"@type":"WebPage","@id":"https:\/\/egytourpackages.com\/es\/tours\/traslados-en-taxi-en-hurghada\/","url":"https:\/\/egytourpackages.com\/es\/tours\/traslados-en-taxi-en-hurghada\/","name":"Traslados en Taxi en Hurghada | Traslados Aeropuerto Hurghada","isPartOf":{"@id":"https:\/\/egytourpackages.com\/es\/#website"},"primaryImageOfPage":{"@id":"https:\/\/egytourpackages.com\/es\/tours\/traslados-en-taxi-en-hurghada\/#primaryimage"},"image":{"@id":"https:\/\/egytourpackages.com\/es\/tours\/traslados-en-taxi-en-hurghada\/#primaryimage"},"thumbnailUrl":"https:\/\/egytourpackages.com\/wp-content\/uploads\/2023\/05\/Taxi-Hurghada-transfers.jpg","datePublished":"2023-05-17T15:10:10+00:00","dateModified":"2026-01-20T22:18:53+00:00","description":"Traslados en taxi a Hurghada | Reserve su traslado a los resorts de Hurghada a trav\u00e9s de WhatsApp, correo electr\u00f3nico o llamada telef\u00f3nica.","breadcrumb":{"@id":"https:\/\/egytourpackages.com\/es\/tours\/traslados-en-taxi-en-hurghada\/#breadcrumb"},"inLanguage":"es","potentialAction":[{"@type":"ReadAction","target":["https:\/\/egytourpackages.com\/es\/tours\/traslados-en-taxi-en-hurghada\/"]}]},{"@type":"ImageObject","inLanguage":"es","@id":"https:\/\/egytourpackages.com\/es\/tours\/traslados-en-taxi-en-hurghada\/#primaryimage","url":"https:\/\/egytourpackages.com\/wp-content\/uploads\/2023\/05\/Taxi-Hurghada-transfers.jpg","contentUrl":"https:\/\/egytourpackages.com\/wp-content\/uploads\/2023\/05\/Taxi-Hurghada-transfers.jpg","width":1200,"height":900,"caption":"Traslados en Taxi en Hurghada"},{"@type":"BreadcrumbList","@id":"https:\/\/egytourpackages.com\/es\/tours\/traslados-en-taxi-en-hurghada\/#breadcrumb","itemListElement":[{"@type":"ListItem","position":1,"name":"Home","item":"https:\/\/egytourpackages.com\/es\/paquetes-de-viaje-a-egipto\/"},{"@type":"ListItem","position":2,"name":"Shop","item":"https:\/\/egytourpackages.com\/shop\/"},{"@type":"ListItem","position":3,"name":"Traslados en Taxi en Hurghada"}]},{"@type":"WebSite","@id":"https:\/\/egytourpackages.com\/es\/#website","url":"https:\/\/egytourpackages.com\/es\/","name":"Egy tour packages","description":"","publisher":{"@id":"https:\/\/egytourpackages.com\/es\/#organization"},"potentialAction":[{"@type":"SearchAction","target":{"@type":"EntryPoint","urlTemplate":"https:\/\/egytourpackages.com\/es\/?s={search_term_string}"},"query-input":{"@type":"PropertyValueSpecification","valueRequired":true,"valueName":"search_term_string"}}],"inLanguage":"es"},{"@type":["Organization","Place","TravelAgency"],"@id":"https:\/\/egytourpackages.com\/es\/#organization","name":"egypt tour packages","alternateName":"egypt tour packages","url":"https:\/\/egytourpackages.com\/es\/","logo":{"@id":"https:\/\/egytourpackages.com\/es\/tours\/traslados-en-taxi-en-hurghada\/#local-main-organization-logo"},"image":{"@id":"https:\/\/egytourpackages.com\/es\/tours\/traslados-en-taxi-en-hurghada\/#local-main-organization-logo"},"sameAs":["https:\/\/www.facebook.com\/egytourpackages"],"legalName":"Egy tour packages","address":{"@id":"https:\/\/egytourpackages.com\/es\/tours\/traslados-en-taxi-en-hurghada\/#local-main-place-address"},"telephone":["00201000852186","00201028685533"],"contactPoint":{"@type":"ContactPoint","telephone":"00201000852186"},"openingHoursSpecification":[{"@type":"OpeningHoursSpecification","dayOfWeek":["Monday","Tuesday","Wednesday","Thursday","Friday","Saturday","Sunday"],"opens":"00:00","closes":"23:59"}],"email":"info@egytourpackages.com","areaServed":"Cairo, Hurghada, Luxor, Sharm El Sheikh, Marsa Alam, Aswan","priceRange":"$","currenciesAccepted":"euro","paymentAccepted":"Payment links online"},{"@type":"PostalAddress","@id":"https:\/\/egytourpackages.com\/es\/tours\/traslados-en-taxi-en-hurghada\/#local-main-place-address","streetAddress":"Mubarak 8, Al Kawthar District, Hurghada","addressLocality":"Hurghada","postalCode":"84511","addressRegion":"Red Sea","addressCountry":"EG"},{"@type":"ImageObject","inLanguage":"es","@id":"https:\/\/egytourpackages.com\/es\/tours\/traslados-en-taxi-en-hurghada\/#local-main-organization-logo","url":"https:\/\/egytourpackages.com\/wp-content\/uploads\/2025\/12\/Turquoise-Dahabiya-Nile-Cruise-1.jpeg","contentUrl":"https:\/\/egytourpackages.com\/wp-content\/uploads\/2025\/12\/Turquoise-Dahabiya-Nile-Cruise-1.jpeg","width":1040,"height":694,"caption":"egypt tour packages"}]},"product_brand":"Traslado al aeropuerto","product_price_amount":"15","product_price_currency":"EUR","og_availability":"instock","product_availability":"instock","product_retailer_item_id":"AT01","product_condition":"new","geo.placename":"Hurghada","geo.region":"Egipto"},"_links":{"self":[{"href":"https:\/\/egytourpackages.com\/es\/wp-json\/wp\/v2\/product\/11558","targetHints":{"allow":["GET"]}}],"collection":[{"href":"https:\/\/egytourpackages.com\/es\/wp-json\/wp\/v2\/product"}],"about":[{"href":"https:\/\/egytourpackages.com\/es\/wp-json\/wp\/v2\/types\/product"}],"replies":[{"embeddable":true,"href":"https:\/\/egytourpackages.com\/es\/wp-json\/wp\/v2\/comments?post=11558"}],"wp:featuredmedia":[{"embeddable":true,"href":"https:\/\/egytourpackages.com\/es\/wp-json\/wp\/v2\/media\/11559"}],"wp:attachment":[{"href":"https:\/\/egytourpackages.com\/es\/wp-json\/wp\/v2\/media?parent=11558"}],"wp:term":[{"taxonomy":"product_brand","embeddable":true,"href":"https:\/\/egytourpackages.com\/es\/wp-json\/wp\/v2\/product_brand?post=11558"},{"taxonomy":"product_cat","embeddable":true,"href":"https:\/\/egytourpackages.com\/es\/wp-json\/wp\/v2\/product_cat?post=11558"},{"taxonomy":"product_tag","embeddable":true,"href":"https:\/\/egytourpackages.com\/es\/wp-json\/wp\/v2\/product_tag?post=11558"}],"curies":[{"name":"wp","href":"https:\/\/api.w.org\/{rel}","templated":true}]}}