{"id":13611,"date":"2023-07-12T00:56:52","date_gmt":"2023-07-12T00:56:52","guid":{"rendered":"https:\/\/egytourpackages.com\/product\/excursion-privada-a-luxor-desde-marsa-alam\/"},"modified":"2026-01-20T21:24:26","modified_gmt":"2026-01-20T21:24:26","slug":"excursion-privada-a-luxor-desde-marsa-alam","status":"publish","type":"product","link":"https:\/\/egytourpackages.com\/es\/tours\/excursion-privada-a-luxor-desde-marsa-alam\/","title":{"rendered":"Excursi\u00f3n Privada a Luxor desde Marsa Alam"},"content":{"rendered":"<p><span style=\"color: #ff6600;\"><strong>Excursi\u00f3n Privada a Luxor desde Marsa Alam | Mejor Precio Garantizado<\/strong><\/span><\/p>\n<p>Reserve una <strong>excursi\u00f3n privada a Luxor desde Marsa Alam<\/strong> y explore algunos de los mejores <strong>atractivos tur\u00edsticos de Egipto<\/strong> con <strong>Egipto tours de un d\u00eda<\/strong>. <strong>Egy Tour Packages<\/strong> ofrece <strong>tours desde Marsa Alam<\/strong> para descubrir los <strong>lugares de inter\u00e9s en Luxor<\/strong> en las orillas este y oeste del r\u00edo Nilo.<\/p>\n<p>De hecho, su tour por la orilla este de Luxor incluye el <strong>templo de Am\u00f3n<\/strong>, o el complejo del <strong>templo de Karnak<\/strong>, que comprende el <strong>templo de Mut<\/strong>, la <strong>Capilla Roja<\/strong>, la <strong>Capilla Blanca<\/strong>, el <strong>templo de Ptah<\/strong> y la Sala de Festivales de Tutmosis III.<\/p>\n<p>Adem\u00e1s, podr\u00e1 admirar la <strong>Gran Sala Hip\u00f3stila<\/strong>, el Jard\u00edn Bot\u00e1nico, el <strong>Obelisco de Hatshepsut<\/strong>, el <strong>Lago Sagrado<\/strong>, el Escarabajo y el Escondite de Luxor. Asimismo, los asombrosos relieves de las paredes narran los rituales diarios del templo, la <strong>agricultura en el antiguo Egipto<\/strong>, la <strong>religi\u00f3n en el antiguo Egipto<\/strong> y las creencias funerarias.<\/p>\n<p>En realidad, sus <strong>tours a Luxor<\/strong> incluyen el <strong>Valle de los Reyes<\/strong> y la tumba de Tutankam\u00f3n. Tambi\u00e9n el Templo Funerario de <strong>Hatshepsut<\/strong> en <strong>Deir el-Bahari<\/strong> y los famosos <strong>Colosos de Memn\u00f3n<\/strong> de Amenhotep III.<\/p>\n<p>Ciertamente, Luxor es muy rico en historia y monumentos, especialmente en la orilla oeste, como el <strong>Ramesseum<\/strong>, las <strong>tumbas de los Nobles<\/strong>, el <strong>templo de Habu<\/strong> y el <strong>Valle de las Reinas<\/strong>.<\/p>\n<p>Su excursi\u00f3n privada a Luxor desde Marsa Alam estar\u00e1 dirigida por un gu\u00eda experto para responder a todas sus preguntas y explicarle la <strong>civilizaci\u00f3n egipcia antigua<\/strong> y la <strong>historia del antiguo Egipto<\/strong>.<\/p>\n<p>Mientras tanto, conocer\u00e1 a los trabajadores de <strong>Deir El Medina<\/strong>, quienes construyeron las tumbas del Valle de los Reyes, y su vida cotidiana. Eso no es todo, el gu\u00eda le hablar\u00e1 sobre los <strong>dioses egipcios<\/strong>, la <strong>mitolog\u00eda egipcia<\/strong> y las leyendas y mitos de Egipto.<\/p>\n<h3><span style=\"color: #ff6600;\">Detalles<\/span><\/h3>\n<ul>\n<li>Duraci\u00f3n: 17 horas<\/li>\n<li>Ubicaci\u00f3n del tour: Luxor<\/li>\n<li>Disponibilidad: Todos los d\u00edas<\/li>\n<li>Recogida y regreso: Su hotel en Marsa Alam<\/li>\n<li>Tipo de tour: Privado<\/li>\n<li>Silla de ruedas: Accesible<\/li>\n<\/ul>\n<h3><span style=\"color: #ff6600;\">Inclusiones<\/span><\/h3>\n<ul>\n<li>Traslado de ida y vuelta en veh\u00edculo privado nuevo<\/li>\n<li>Gu\u00eda arque\u00f3logo experto<\/li>\n<li>Entradas para todas las visitas tur\u00edsticas<\/li>\n<li>Almuerzo en un restaurante local<\/li>\n<\/ul>\n<h3><span style=\"color: #ff6600;\">Exclusiones<\/span><\/h3>\n<ul>\n<li>Bebidas durante el almuerzo<\/li>\n<li>KV9 \u2013 Tumba de Rams\u00e9s V y Rams\u00e9s VI<\/li>\n<li>KV17 \u2013 Seti I<\/li>\n<li>KV62 \u2013 Tutankam\u00f3n<\/li>\n<li>Propinas<\/li>\n<\/ul>\n<h3><span style=\"color: #ff6600;\">Qu\u00e9 llevar consigo<\/span><\/h3>\n<ul>\n<li>Sombrero, gafas de sol y crema solar<\/li>\n<li>Calzado y ropa c\u00f3modos<\/li>\n<\/ul>\n<h2><span style=\"color: #ff6600;\">Itinerario<\/span><\/h2>\n<h3><span style=\"color: #ff6600;\">04.00 am Hora de recogida<\/span><\/h3>\n<p>Recogida en su hotel en Marsa Alam.<\/p>\n<h3><span style=\"color: #ff6600;\">06.00 am Punto de control de Safaga<\/span><\/h3>\n<p>Hora de inicio desde el punto de control de Safaga hacia Luxor para todos los autobuses que se dirigen a la ciudad.<\/p>\n<h3><span style=\"color: #ff6600;\">07.00 am Breve descanso<\/span><\/h3>\n<p>Tome un descanso de 20 minutos para tomar caf\u00e9 en una c\u00f3moda sala para usar el ba\u00f1o (10 L.E. por persona), desayunar y disfrutar de una bebida; luego, contin\u00fae hacia Luxor.<\/p>\n<h3><span style=\"color: #ff6600;\">09.30 am Complejo de los templos de Karnak<\/span><\/h3>\n<p>El Complejo del Templo de Karnak, situado en la orilla este de Luxor, abarca m\u00e1s de 2.000 a\u00f1os. Puede explorar <strong>lagos sagrados<\/strong>, enormes obeliscos y templos y capillas m\u00e1s peque\u00f1os dedicados a diversas deidades como Am\u00f3n, Mut y <strong>Khonsu<\/strong>.<\/p>\n<p>Tambi\u00e9n puede maravillarse con la colosal Gran Sala Hip\u00f3stila, con sus 134 columnas macizas, la Capilla Roja, la <strong>Capilla Blanca<\/strong>, el <strong>Templo de Mut<\/strong>, el <strong>Escarabajo<\/strong> y el Jard\u00edn Bot\u00e1nico.<\/p>\n<h3><span style=\"color: #ff6600;\">11.30 am Almuerzo<\/span><\/h3>\n<p>Disfrute de su almuerzo reci\u00e9n preparado en un restaurante local con posibilidad de opciones vegetarianas.<\/p>\n<h3><span style=\"color: #ff6600;\">12.15 pm Corto crucero por el Nilo<\/span><\/h3>\n<p>Disfrute de un <strong>paseo en barco por el Nilo de 30 minutos en Luxor<\/strong>, sea testigo de la vida local a lo largo de las orillas del r\u00edo y capture fotograf\u00edas impresionantes de los monumentos ic\u00f3nicos de Luxor desde una perspectiva \u00fanica.<\/p>\n<p>De hecho, es una forma ideal de apreciar la belleza natural que ha sostenido a la civilizaci\u00f3n egipcia durante milenios e imaginar los innumerables viajes realizados en estas mismas aguas por faraones, reinas y plebeyos a lo largo de la historia.<\/p>\n<h3><span style=\"color: #ff6600;\">12.50 pm Colosos de Memn\u00f3n<\/span><\/h3>\n<p>Los <strong>Colosos de Memn\u00f3n<\/strong> son dos monumentales estatuas de piedra del <strong>fara\u00f3n Amenhotep III<\/strong>, que se alzan de forma impresionante en la orilla oeste de Luxor.<\/p>\n<p>Estas figuras imponentes, de m\u00e1s de 18 metros de altura, custodiaban anta\u00f1o la entrada a su vasto <strong>templo funerario<\/strong>, hoy en gran parte en ruinas.<\/p>\n<p>Con m\u00e1s de 3.400 a\u00f1os de antig\u00fcedad, estos <strong>monumentos del antiguo Egipto<\/strong> son famosos por su imponente tama\u00f1o y el fen\u00f3meno hist\u00f3rico de la estatua \u00abcantante\u00bb, cautivando a los visitantes en cualquier <strong>tour tur\u00edstico por Luxor<\/strong>.<\/p>\n<h3><span style=\"color: #ff6600;\">13.15 pm Valle de los Reyes<\/span><\/h3>\n<p>Este ic\u00f3nico <strong>sitio arqueol\u00f3gico<\/strong> es el punto culminante de cualquier <strong>tour de un d\u00eda a Luxor<\/strong> desde Hurghada debido a sus tumbas subterr\u00e1neas ricamente decoradas.<\/p>\n<p>Cada tumba ofrece una visi\u00f3n \u00fanica de los elaborados rituales funerarios y el arte del <strong>antiguo Egipto<\/strong>, lo que la convierte en una parte indispensable de sus <strong>vacaciones en Egipto<\/strong>.<\/p>\n<p>La necr\u00f3polis real es el lugar donde descansaron los faraones del Reino Nuevo, incluidos Hatshepsut, <strong>Rams\u00e9s<\/strong>, Amenhotep y <strong>Tutankam\u00f3n<\/strong>. Con su entrada, puede visitar 3 tumbas y tomar fotos en el interior de forma gratuita.<\/p>\n<p>Estas tres tumbas podr\u00edan ser 3 de las siguientes: (KV 02) Rams\u00e9s IV Tumba de Rams\u00e9s III (KV 11) Tumba de Rams\u00e9s IX (KV 6) Tumba de Merenptah (KV 8) La tumba de Tausert y Setnajt (KV 14)<\/p>\n<p>Despu\u00e9s de visitar sus 3 tumbas y tomar fotos del techo astron\u00f3mico, estar\u00e1 listo para su \u00faltima parada.<\/p>\n<h3><span style=\"color: #ff6600;\">14.45 pm Templo de Hatshepsut<\/span><\/h3>\n<p>El <strong>Templo Funerario de la Reina Hatshepsut<\/strong>, situado en Deir el-Bahari, est\u00e1 excavado en los acantilados. De hecho, este <strong>antiguo templo<\/strong> se erige como un poderoso s\u00edmbolo del <strong>gobierno femenino<\/strong> y los logros art\u00edsticos en el <strong>Reino Nuevo<\/strong>.<\/p>\n<p>En realidad, las <strong>atracciones principales<\/strong> incluyen los <strong>relieves bellamente tallados<\/strong> que relatan el nacimiento divino de Hatshepsut, su famosa expedici\u00f3n a la m\u00edstica Tierra de <strong>Punt<\/strong> y escenas de su coronaci\u00f3n. Al final de su tour de un d\u00eda a Luxor desde Marsa Alam, regresar\u00e1 a su hotel.<\/p>\n<h3><span style=\"color: #ff6600;\">Precio de la excursi\u00f3n privada a Luxor desde Marsa Alam<\/span><\/h3>\n<ul>\n<li>Precio adulto = 150 \u20ac<\/li>\n<li>Ni\u00f1os 0-5 a\u00f1os = Gratis<\/li>\n<li>Ni\u00f1os 5-11 a\u00f1os = 50% del precio de adulto<\/li>\n<\/ul>\n<h3><span style=\"color: #ff6600;\">Reserva<\/span><\/h3>\n<p>Puede reservar su tour a trav\u00e9s de WhatsApp o enviarnos un correo electr\u00f3nico, y recibir\u00e1 la confirmaci\u00f3n al instante.<\/p>\n<p>Por favor, env\u00edenos el nombre de su hotel, n\u00famero de habitaci\u00f3n y copias de los pasaportes.<\/p>\n<p>WhatsApp : +20 1000852186<\/p>\n<p>Email: info@egytourpackages.com<\/p>\n<h3><span style=\"color: #ff6600;\">Reserve ahora y pague en el lugar<\/span><\/h3>\n<p>Reserve su tour favorito y pague el d\u00eda del viaje.<\/p>\n<h3><span style=\"color: #ff6600;\">Pago<\/span><\/h3>\n<p>Puede pagar en libras egipcias, $, \u20ac\u200e o \u00a3.<\/p>\n<h3><span style=\"color: #ff6600;\">Pol\u00edtica de Cancelaci\u00f3n<\/span><\/h3>\n<ul>\n<li>La cancelaci\u00f3n es gratuita hasta con 24 horas de antelaci\u00f3n.<\/li>\n<li>La cancelaci\u00f3n por la ma\u00f1ana conlleva un cargo del 50% del precio.<\/li>\n<\/ul>\n","protected":false},"excerpt":{"rendered":"<p>Reserva tu <b data-path-to-node=\"0\" data-index-in-node=\"11\">Excursi\u00f3n Privada a Luxor desde Marsa Alam<\/b>. Visita el Valle de los Reyes, Karnak y Hatshepsut con gu\u00eda experto y el mejor precio. \u00a1Reserva hoy!<\/p>\n","protected":false},"featured_media":13613,"comment_status":"open","ping_status":"closed","template":"","meta":[],"product_brand":[],"product_cat":[3128],"product_tag":[3822,3280],"class_list":{"0":"post-13611","1":"product","2":"type-product","3":"status-publish","4":"has-post-thumbnail","6":"product_cat-tours","7":"product_tag-excursion-de-un-dia-a-luxor","8":"product_tag-excursiones-a-marsa-alam","9":"tour_category-excursiones-egipto-es","10":"tour_category-excursiones-en-marsa-alam-es","12":"first","13":"instock","14":"sale","15":"shipping-taxable","16":"purchasable","17":"product-type-tour","18":"has-default-attributes"},"yoast_head":"<!-- This site is optimized with the Yoast SEO Premium plugin v27.4 (Yoast SEO v27.4) - https:\/\/yoast.com\/product\/yoast-seo-premium-wordpress\/ -->\n<title>Excursi\u00f3n Privada a Luxor desde Marsa Alam<\/title>\n<meta name=\"description\" content=\"Reserva tu Excursi\u00f3n Privada a Luxor desde Marsa Alam. Visita el Valle de los Reyes, Karnak y Hatshepsut con gu\u00eda experto y el mejor precio. \u00a1Reserva hoy!\" \/>\n<meta name=\"robots\" content=\"index, follow, max-snippet:-1, max-image-preview:large, max-video-preview:-1\" \/>\n<link rel=\"canonical\" href=\"https:\/\/egytourpackages.com\/es\/tours\/excursion-privada-a-luxor-desde-marsa-alam\/\" \/>\n<meta property=\"og:locale\" content=\"es_ES\" \/>\n<meta property=\"og:type\" content=\"article\" \/>\n<meta property=\"og:title\" content=\"Excursi\u00f3n Privada a Luxor desde Marsa Alam\" \/>\n<meta property=\"og:description\" content=\"Reserva tu Excursi\u00f3n Privada a Luxor desde Marsa Alam. Visita el Valle de los Reyes, Karnak y Hatshepsut con gu\u00eda experto y el mejor precio. \u00a1Reserva hoy!\" \/>\n<meta property=\"og:url\" content=\"https:\/\/egytourpackages.com\/es\/tours\/excursion-privada-a-luxor-desde-marsa-alam\/\" \/>\n<meta property=\"og:site_name\" content=\"Egypt Tour Packages\" \/>\n<meta property=\"article:publisher\" content=\"https:\/\/www.facebook.com\/egytourpackages\" \/>\n<meta property=\"article:modified_time\" content=\"2026-01-20T21:24:26+00:00\" \/>\n<meta property=\"og:image\" content=\"https:\/\/egytourpackages.com\/wp-content\/uploads\/2023\/07\/Valley-of-the-Kings-Luxor-west-bank-1024x682.jpg\" \/>\n<meta name=\"twitter:card\" content=\"summary_large_image\" \/>\n<meta name=\"twitter:title\" content=\"Excursi\u00f3n Privada a Luxor desde Marsa Alam\" \/>\n<meta name=\"twitter:description\" content=\"Reserva tu Excursi\u00f3n Privada a Luxor desde Marsa Alam. Visita el Valle de los Reyes, Karnak y Hatshepsut con gu\u00eda experto y el mejor precio. \u00a1Reserva hoy!\" \/>\n<meta name=\"twitter:image\" content=\"https:\/\/egytourpackages.com\/wp-content\/uploads\/2023\/07\/Valley-of-the-Kings-Luxor-west-bank-1024x682.jpg\" \/>\n<meta name=\"twitter:label1\" content=\"Precio\" \/>\n\t<meta name=\"twitter:data1\" content=\"&euro;150\" \/>\n\t<meta name=\"twitter:label2\" content=\"Disponibilidad\" \/>\n\t<meta name=\"twitter:data2\" content=\"Disponible\" \/>\n<script type=\"application\/ld+json\" class=\"yoast-schema-graph\">{\"@context\":\"https:\\\/\\\/schema.org\",\"@graph\":[{\"@type\":\"WebPage\",\"@id\":\"https:\\\/\\\/egytourpackages.com\\\/es\\\/tours\\\/excursion-privada-a-luxor-desde-marsa-alam\\\/\",\"url\":\"https:\\\/\\\/egytourpackages.com\\\/es\\\/tours\\\/excursion-privada-a-luxor-desde-marsa-alam\\\/\",\"name\":\"Excursi\u00f3n Privada a Luxor desde Marsa Alam\",\"isPartOf\":{\"@id\":\"https:\\\/\\\/egytourpackages.com\\\/es\\\/#website\"},\"primaryImageOfPage\":{\"@id\":\"https:\\\/\\\/egytourpackages.com\\\/es\\\/tours\\\/excursion-privada-a-luxor-desde-marsa-alam\\\/#primaryimage\"},\"image\":{\"@id\":\"https:\\\/\\\/egytourpackages.com\\\/es\\\/tours\\\/excursion-privada-a-luxor-desde-marsa-alam\\\/#primaryimage\"},\"thumbnailUrl\":\"https:\\\/\\\/egytourpackages.com\\\/wp-content\\\/uploads\\\/2023\\\/07\\\/Valley-of-the-Kings-Luxor-west-bank.jpg\",\"datePublished\":\"2023-07-12T00:56:52+00:00\",\"dateModified\":\"2026-01-20T21:24:26+00:00\",\"description\":\"Reserva tu Excursi\u00f3n Privada a Luxor desde Marsa Alam. Visita el Valle de los Reyes, Karnak y Hatshepsut con gu\u00eda experto y el mejor precio. \u00a1Reserva hoy!\",\"breadcrumb\":{\"@id\":\"https:\\\/\\\/egytourpackages.com\\\/es\\\/tours\\\/excursion-privada-a-luxor-desde-marsa-alam\\\/#breadcrumb\"},\"inLanguage\":\"es\",\"potentialAction\":[{\"@type\":\"ReadAction\",\"target\":[\"https:\\\/\\\/egytourpackages.com\\\/es\\\/tours\\\/excursion-privada-a-luxor-desde-marsa-alam\\\/\"]}]},{\"@type\":\"ImageObject\",\"inLanguage\":\"es\",\"@id\":\"https:\\\/\\\/egytourpackages.com\\\/es\\\/tours\\\/excursion-privada-a-luxor-desde-marsa-alam\\\/#primaryimage\",\"url\":\"https:\\\/\\\/egytourpackages.com\\\/wp-content\\\/uploads\\\/2023\\\/07\\\/Valley-of-the-Kings-Luxor-west-bank.jpg\",\"contentUrl\":\"https:\\\/\\\/egytourpackages.com\\\/wp-content\\\/uploads\\\/2023\\\/07\\\/Valley-of-the-Kings-Luxor-west-bank.jpg\",\"width\":2000,\"height\":1333,\"caption\":\"Valle de los Reyes, orilla oeste de Luxor\"},{\"@type\":\"BreadcrumbList\",\"@id\":\"https:\\\/\\\/egytourpackages.com\\\/es\\\/tours\\\/excursion-privada-a-luxor-desde-marsa-alam\\\/#breadcrumb\",\"itemListElement\":[{\"@type\":\"ListItem\",\"position\":1,\"name\":\"Home\",\"item\":\"https:\\\/\\\/egytourpackages.com\\\/es\\\/paquetes-de-viaje-a-egipto\\\/\"},{\"@type\":\"ListItem\",\"position\":2,\"name\":\"Shop\",\"item\":\"https:\\\/\\\/egytourpackages.com\\\/shop\\\/\"},{\"@type\":\"ListItem\",\"position\":3,\"name\":\"Excursi\u00f3n Privada a Luxor desde Marsa Alam\"}]},{\"@type\":\"WebSite\",\"@id\":\"https:\\\/\\\/egytourpackages.com\\\/es\\\/#website\",\"url\":\"https:\\\/\\\/egytourpackages.com\\\/es\\\/\",\"name\":\"Egy tour packages\",\"description\":\"\",\"publisher\":{\"@id\":\"https:\\\/\\\/egytourpackages.com\\\/es\\\/#organization\"},\"potentialAction\":[{\"@type\":\"SearchAction\",\"target\":{\"@type\":\"EntryPoint\",\"urlTemplate\":\"https:\\\/\\\/egytourpackages.com\\\/es\\\/?s={search_term_string}\"},\"query-input\":{\"@type\":\"PropertyValueSpecification\",\"valueRequired\":true,\"valueName\":\"search_term_string\"}}],\"inLanguage\":\"es\"},{\"@type\":[\"Organization\",\"Place\",\"TravelAgency\"],\"@id\":\"https:\\\/\\\/egytourpackages.com\\\/es\\\/#organization\",\"name\":\"egypt tour packages\",\"alternateName\":\"egypt tour packages\",\"url\":\"https:\\\/\\\/egytourpackages.com\\\/es\\\/\",\"logo\":{\"@id\":\"https:\\\/\\\/egytourpackages.com\\\/es\\\/tours\\\/excursion-privada-a-luxor-desde-marsa-alam\\\/#local-main-organization-logo\"},\"image\":{\"@id\":\"https:\\\/\\\/egytourpackages.com\\\/es\\\/tours\\\/excursion-privada-a-luxor-desde-marsa-alam\\\/#local-main-organization-logo\"},\"sameAs\":[\"https:\\\/\\\/www.facebook.com\\\/egytourpackages\"],\"legalName\":\"Egy tour packages\",\"address\":{\"@id\":\"https:\\\/\\\/egytourpackages.com\\\/es\\\/tours\\\/excursion-privada-a-luxor-desde-marsa-alam\\\/#local-main-place-address\"},\"telephone\":[\"00201000852186\",\"00201028685533\"],\"contactPoint\":{\"@type\":\"ContactPoint\",\"telephone\":\"00201000852186\"},\"openingHoursSpecification\":[{\"@type\":\"OpeningHoursSpecification\",\"dayOfWeek\":[\"Monday\",\"Tuesday\",\"Wednesday\",\"Thursday\",\"Friday\",\"Saturday\",\"Sunday\"],\"opens\":\"00:00\",\"closes\":\"23:59\"}],\"email\":\"info@egytourpackages.com\",\"areaServed\":\"Cairo, Hurghada, Luxor, Sharm El Sheikh, Marsa Alam, Aswan\",\"priceRange\":\"$\",\"currenciesAccepted\":\"euro\",\"paymentAccepted\":\"Payment links online\"},{\"@type\":\"PostalAddress\",\"@id\":\"https:\\\/\\\/egytourpackages.com\\\/es\\\/tours\\\/excursion-privada-a-luxor-desde-marsa-alam\\\/#local-main-place-address\",\"streetAddress\":\"Mubarak 8, Al Kawthar District, Hurghada\",\"addressLocality\":\"Hurghada\",\"postalCode\":\"84511\",\"addressRegion\":\"Red Sea\",\"addressCountry\":\"EG\"},{\"@type\":\"ImageObject\",\"inLanguage\":\"es\",\"@id\":\"https:\\\/\\\/egytourpackages.com\\\/es\\\/tours\\\/excursion-privada-a-luxor-desde-marsa-alam\\\/#local-main-organization-logo\",\"url\":\"https:\\\/\\\/egytourpackages.com\\\/wp-content\\\/uploads\\\/2025\\\/12\\\/Turquoise-Dahabiya-Nile-Cruise-1.jpeg\",\"contentUrl\":\"https:\\\/\\\/egytourpackages.com\\\/wp-content\\\/uploads\\\/2025\\\/12\\\/Turquoise-Dahabiya-Nile-Cruise-1.jpeg\",\"width\":1040,\"height\":694,\"caption\":\"egypt tour packages\"}]}<\/script>\n<meta property=\"product:brand\" content=\"Excursiones Egipto\" \/>\n<meta property=\"product:price:amount\" content=\"150\" \/>\n<meta property=\"product:price:currency\" content=\"EUR\" \/>\n<meta property=\"og:availability\" content=\"instock\" \/>\n<meta property=\"product:availability\" content=\"instock\" \/>\n<meta property=\"product:retailer_item_id\" content=\"MAT15\" \/>\n<meta property=\"product:condition\" content=\"new\" \/>\n<meta name=\"geo.placename\" content=\"Hurghada\" \/>\n<meta name=\"geo.region\" content=\"Egipto\" \/>\n<!-- \/ Yoast SEO Premium plugin. -->","yoast_head_json":{"title":"Excursi\u00f3n Privada a Luxor desde Marsa Alam","description":"Reserva tu Excursi\u00f3n Privada a Luxor desde Marsa Alam. Visita el Valle de los Reyes, Karnak y Hatshepsut con gu\u00eda experto y el mejor precio. \u00a1Reserva hoy!","robots":{"index":"index","follow":"follow","max-snippet":"max-snippet:-1","max-image-preview":"max-image-preview:large","max-video-preview":"max-video-preview:-1"},"canonical":"https:\/\/egytourpackages.com\/es\/tours\/excursion-privada-a-luxor-desde-marsa-alam\/","og_locale":"es_ES","og_type":"article","og_title":"Excursi\u00f3n Privada a Luxor desde Marsa Alam","og_description":"Reserva tu Excursi\u00f3n Privada a Luxor desde Marsa Alam. Visita el Valle de los Reyes, Karnak y Hatshepsut con gu\u00eda experto y el mejor precio. \u00a1Reserva hoy!","og_url":"https:\/\/egytourpackages.com\/es\/tours\/excursion-privada-a-luxor-desde-marsa-alam\/","og_site_name":"Egypt Tour Packages","article_publisher":"https:\/\/www.facebook.com\/egytourpackages","article_modified_time":"2026-01-20T21:24:26+00:00","og_image":[{"url":"https:\/\/egytourpackages.com\/wp-content\/uploads\/2023\/07\/Valley-of-the-Kings-Luxor-west-bank-1024x682.jpg","type":"","width":"","height":""}],"twitter_card":"summary_large_image","twitter_title":"Excursi\u00f3n Privada a Luxor desde Marsa Alam","twitter_description":"Reserva tu Excursi\u00f3n Privada a Luxor desde Marsa Alam. Visita el Valle de los Reyes, Karnak y Hatshepsut con gu\u00eda experto y el mejor precio. \u00a1Reserva hoy!","twitter_image":"https:\/\/egytourpackages.com\/wp-content\/uploads\/2023\/07\/Valley-of-the-Kings-Luxor-west-bank-1024x682.jpg","twitter_misc":{"Precio":"&euro;150","Disponibilidad":"Disponible"},"schema":{"@context":"https:\/\/schema.org","@graph":[{"@type":"WebPage","@id":"https:\/\/egytourpackages.com\/es\/tours\/excursion-privada-a-luxor-desde-marsa-alam\/","url":"https:\/\/egytourpackages.com\/es\/tours\/excursion-privada-a-luxor-desde-marsa-alam\/","name":"Excursi\u00f3n Privada a Luxor desde Marsa Alam","isPartOf":{"@id":"https:\/\/egytourpackages.com\/es\/#website"},"primaryImageOfPage":{"@id":"https:\/\/egytourpackages.com\/es\/tours\/excursion-privada-a-luxor-desde-marsa-alam\/#primaryimage"},"image":{"@id":"https:\/\/egytourpackages.com\/es\/tours\/excursion-privada-a-luxor-desde-marsa-alam\/#primaryimage"},"thumbnailUrl":"https:\/\/egytourpackages.com\/wp-content\/uploads\/2023\/07\/Valley-of-the-Kings-Luxor-west-bank.jpg","datePublished":"2023-07-12T00:56:52+00:00","dateModified":"2026-01-20T21:24:26+00:00","description":"Reserva tu Excursi\u00f3n Privada a Luxor desde Marsa Alam. Visita el Valle de los Reyes, Karnak y Hatshepsut con gu\u00eda experto y el mejor precio. \u00a1Reserva hoy!","breadcrumb":{"@id":"https:\/\/egytourpackages.com\/es\/tours\/excursion-privada-a-luxor-desde-marsa-alam\/#breadcrumb"},"inLanguage":"es","potentialAction":[{"@type":"ReadAction","target":["https:\/\/egytourpackages.com\/es\/tours\/excursion-privada-a-luxor-desde-marsa-alam\/"]}]},{"@type":"ImageObject","inLanguage":"es","@id":"https:\/\/egytourpackages.com\/es\/tours\/excursion-privada-a-luxor-desde-marsa-alam\/#primaryimage","url":"https:\/\/egytourpackages.com\/wp-content\/uploads\/2023\/07\/Valley-of-the-Kings-Luxor-west-bank.jpg","contentUrl":"https:\/\/egytourpackages.com\/wp-content\/uploads\/2023\/07\/Valley-of-the-Kings-Luxor-west-bank.jpg","width":2000,"height":1333,"caption":"Valle de los Reyes, orilla oeste de Luxor"},{"@type":"BreadcrumbList","@id":"https:\/\/egytourpackages.com\/es\/tours\/excursion-privada-a-luxor-desde-marsa-alam\/#breadcrumb","itemListElement":[{"@type":"ListItem","position":1,"name":"Home","item":"https:\/\/egytourpackages.com\/es\/paquetes-de-viaje-a-egipto\/"},{"@type":"ListItem","position":2,"name":"Shop","item":"https:\/\/egytourpackages.com\/shop\/"},{"@type":"ListItem","position":3,"name":"Excursi\u00f3n Privada a Luxor desde Marsa Alam"}]},{"@type":"WebSite","@id":"https:\/\/egytourpackages.com\/es\/#website","url":"https:\/\/egytourpackages.com\/es\/","name":"Egy tour packages","description":"","publisher":{"@id":"https:\/\/egytourpackages.com\/es\/#organization"},"potentialAction":[{"@type":"SearchAction","target":{"@type":"EntryPoint","urlTemplate":"https:\/\/egytourpackages.com\/es\/?s={search_term_string}"},"query-input":{"@type":"PropertyValueSpecification","valueRequired":true,"valueName":"search_term_string"}}],"inLanguage":"es"},{"@type":["Organization","Place","TravelAgency"],"@id":"https:\/\/egytourpackages.com\/es\/#organization","name":"egypt tour packages","alternateName":"egypt tour packages","url":"https:\/\/egytourpackages.com\/es\/","logo":{"@id":"https:\/\/egytourpackages.com\/es\/tours\/excursion-privada-a-luxor-desde-marsa-alam\/#local-main-organization-logo"},"image":{"@id":"https:\/\/egytourpackages.com\/es\/tours\/excursion-privada-a-luxor-desde-marsa-alam\/#local-main-organization-logo"},"sameAs":["https:\/\/www.facebook.com\/egytourpackages"],"legalName":"Egy tour packages","address":{"@id":"https:\/\/egytourpackages.com\/es\/tours\/excursion-privada-a-luxor-desde-marsa-alam\/#local-main-place-address"},"telephone":["00201000852186","00201028685533"],"contactPoint":{"@type":"ContactPoint","telephone":"00201000852186"},"openingHoursSpecification":[{"@type":"OpeningHoursSpecification","dayOfWeek":["Monday","Tuesday","Wednesday","Thursday","Friday","Saturday","Sunday"],"opens":"00:00","closes":"23:59"}],"email":"info@egytourpackages.com","areaServed":"Cairo, Hurghada, Luxor, Sharm El Sheikh, Marsa Alam, Aswan","priceRange":"$","currenciesAccepted":"euro","paymentAccepted":"Payment links online"},{"@type":"PostalAddress","@id":"https:\/\/egytourpackages.com\/es\/tours\/excursion-privada-a-luxor-desde-marsa-alam\/#local-main-place-address","streetAddress":"Mubarak 8, Al Kawthar District, Hurghada","addressLocality":"Hurghada","postalCode":"84511","addressRegion":"Red Sea","addressCountry":"EG"},{"@type":"ImageObject","inLanguage":"es","@id":"https:\/\/egytourpackages.com\/es\/tours\/excursion-privada-a-luxor-desde-marsa-alam\/#local-main-organization-logo","url":"https:\/\/egytourpackages.com\/wp-content\/uploads\/2025\/12\/Turquoise-Dahabiya-Nile-Cruise-1.jpeg","contentUrl":"https:\/\/egytourpackages.com\/wp-content\/uploads\/2025\/12\/Turquoise-Dahabiya-Nile-Cruise-1.jpeg","width":1040,"height":694,"caption":"egypt tour packages"}]},"product_brand":"Excursiones Egipto","product_price_amount":"150","product_price_currency":"EUR","og_availability":"instock","product_availability":"instock","product_retailer_item_id":"MAT15","product_condition":"new","geo.placename":"Hurghada","geo.region":"Egipto"},"_links":{"self":[{"href":"https:\/\/egytourpackages.com\/es\/wp-json\/wp\/v2\/product\/13611","targetHints":{"allow":["GET"]}}],"collection":[{"href":"https:\/\/egytourpackages.com\/es\/wp-json\/wp\/v2\/product"}],"about":[{"href":"https:\/\/egytourpackages.com\/es\/wp-json\/wp\/v2\/types\/product"}],"replies":[{"embeddable":true,"href":"https:\/\/egytourpackages.com\/es\/wp-json\/wp\/v2\/comments?post=13611"}],"wp:featuredmedia":[{"embeddable":true,"href":"https:\/\/egytourpackages.com\/es\/wp-json\/wp\/v2\/media\/13613"}],"wp:attachment":[{"href":"https:\/\/egytourpackages.com\/es\/wp-json\/wp\/v2\/media?parent=13611"}],"wp:term":[{"taxonomy":"product_brand","embeddable":true,"href":"https:\/\/egytourpackages.com\/es\/wp-json\/wp\/v2\/product_brand?post=13611"},{"taxonomy":"product_cat","embeddable":true,"href":"https:\/\/egytourpackages.com\/es\/wp-json\/wp\/v2\/product_cat?post=13611"},{"taxonomy":"product_tag","embeddable":true,"href":"https:\/\/egytourpackages.com\/es\/wp-json\/wp\/v2\/product_tag?post=13611"}],"curies":[{"name":"wp","href":"https:\/\/api.w.org\/{rel}","templated":true}]}}