{"id":13663,"date":"2026-01-20T13:31:24","date_gmt":"2026-01-20T13:31:24","guid":{"rendered":"https:\/\/egytourpackages.com\/product\/crucero-por-el-nilo-royal-elite-de-3-noches-de-asuan-a-luxor\/"},"modified":"2026-01-21T18:51:14","modified_gmt":"2026-01-21T18:51:14","slug":"crucero-por-el-nilo-royal-elite-de-3-noches-de-asuan-a-luxor","status":"publish","type":"product","link":"https:\/\/egytourpackages.com\/es\/tours\/crucero-por-el-nilo-royal-elite-de-3-noches-de-asuan-a-luxor\/","title":{"rendered":"Crucero por el Nilo Royal Elite de 3 noches de Asu\u00e1n a Luxor"},"content":{"rendered":"<p><span style=\"color: #ff6600;\"><strong>Crucero por el Nilo Royal Elite de 3 noches de Asu\u00e1n a Luxor<\/strong><\/span><\/p>\n<p>Embarcarse en un <strong>crucero por el Nilo Royal Elite de 3 noches de Asu\u00e1n a Luxor<\/strong> es m\u00e1s que unas simples vacaciones; es un viaje sereno al coraz\u00f3n de una civilizaci\u00f3n antigua.<\/p>\n<p>Este <strong>crucero de lujo por el Nilo<\/strong> ofrece un santuario sofisticado donde el sol dorado del desierto se encuentra con las aguas frescas y vitales del r\u00edo Nilo.<\/p>\n<p>Desde el momento en que sube a la cubierta, es recibido con la hospitalidad legendaria que hace que un <strong>crucero por el Nilo en Egipto<\/strong> sea tan especial.<\/p>\n<p>El barco se convierte en su elegante hotel flotante, ofreciendo vistas panor\u00e1micas de riberas bordeadas de palmeras y pueblos atemporales mientras navega entre los monumentos m\u00e1s ic\u00f3nicos de la historia.<\/p>\n<h3><span style=\"color: #ff6600;\">Detalles del tour<\/span><\/h3>\n<ul>\n<li>Duraci\u00f3n: 4 d\u00edas \/ 3 noches<\/li>\n<li>Ubicaci\u00f3n del tour: Asu\u00e1n \/ Kom Ombo, Edfu \/ Luxor<\/li>\n<li>Disponibilidad del tour: Bajo petici\u00f3n<\/li>\n<li>Recogida y traslado: Asu\u00e1n \/ Luxor<\/li>\n<li>Tipo de tour: Privado<\/li>\n<li>Adecuado para: Parejas, familias, personas mayores de 70 a\u00f1os<\/li>\n<li>Silla de ruedas: Accesible<\/li>\n<\/ul>\n<h3><span style=\"color: #ff6600;\">Lugares destacados del tour<\/span><\/h3>\n<ul>\n<li>Templo de Abu Simbel<\/li>\n<li>Presa Alta de Asu\u00e1n<\/li>\n<li>Templo de Isis en la isla de Fil\u00e9<\/li>\n<li>Obelisco inacabado de Hatshepsut<\/li>\n<li>Templo de Kom Ombo<\/li>\n<li>Templo de Horus en Edfu<\/li>\n<li>Templo de Luxor<\/li>\n<li>Templo de Karnak<\/li>\n<li>Valle de los Reyes<\/li>\n<li>Templo de Hatshepsut<\/li>\n<li>Los Colosos de Memn\u00f3n<\/li>\n<\/ul>\n<h3><span style=\"color: #ff6600;\">Inclusiones<\/span><\/h3>\n<ul>\n<li>Todos los traslados mencionados anteriormente en un veh\u00edculo con aire acondicionado.<\/li>\n<li>Entradas para todas las visitas tur\u00edsticas mencionadas.<\/li>\n<li>Gu\u00eda arque\u00f3logo de habla francesa.<\/li>\n<li>03 noches en un crucero por el Nilo de 5 estrellas de lujo, en r\u00e9gimen de pensi\u00f3n completa.<\/li>\n<li>Asistencia a la llegada y salida.<\/li>\n<li>Manejo de equipaje.<\/li>\n<\/ul>\n<h3><span style=\"color: #ff6600;\">Exclusiones<\/span><\/h3>\n<ul>\n<li>Propinas para el crucero por el Nilo y el gu\u00eda.<\/li>\n<li>Gastos personales.<\/li>\n<li>Cualquier cosa no mencionada anteriormente.<\/li>\n<\/ul>\n<h2><span style=\"color: #ff6600;\">Itinerario<\/span><\/h2>\n<h3><span style=\"color: #ff6600;\">D\u00eda 1: Explorando la belleza de Asu\u00e1n<\/span><\/h3>\n<p>Su aventura comienza en Asu\u00e1n, una ciudad conocida por su atm\u00f3sfera tranquila y su encanto nubio. Tras una c\u00e1lida bienvenida y el registro en el <strong>Royal Elite<\/strong>, visitar\u00e1 la <strong>Presa Alta<\/strong>, una maravilla de la ingenier\u00eda moderna que transform\u00f3 el paisaje egipcio.<\/p>\n<p>A continuaci\u00f3n, un corto paseo en barco le llevar\u00e1 al encantador <strong>Templo de Fil\u00e9<\/strong>, que se asienta bellamente sobre una isla.<\/p>\n<p>Dedicado a la diosa Isis, este templo ofrece una introducci\u00f3n pac\u00edfica a los mitos del <strong>Antiguo Egipto<\/strong>. Regresar\u00e1 al barco para una cena gourmet mientras las estrellas comienzan a llenar el cielo del desierto.<\/p>\n<p><strong>Comidas:<\/strong> Almuerzo, cena<\/p>\n<h3><span style=\"color: #ff6600;\">D\u00eda 2: Abu Simbel y navegaci\u00f3n al atardecer<\/span><\/h3>\n<p>El segundo d\u00eda ofrece una excursi\u00f3n opcional temprano por la ma\u00f1ana a los impresionantes templos de <strong>Abu Simbel<\/strong>, tallados directamente en la ladera de la monta\u00f1a por Rams\u00e9s II. Es una experiencia imprescindible que captura verdaderamente la escala de la ambici\u00f3n fara\u00f3nica.<\/p>\n<p>Alrededor de las 14:00, el barco comienza a navegar desde Asu\u00e1n hacia Kom Ombo. A su llegada, visitar\u00e1 el <strong>Templo de Kom Ombo<\/strong> con su gu\u00eda, \u00fanico por su doble dedicaci\u00f3n a Sobek y Horus, seguido de una visita al cercano <strong>Museo del Cocodrilo<\/strong>.<\/p>\n<p>Despu\u00e9s, regresar\u00e1 al barco para cenar mientras navega hacia Edfu para pasar la noche.<\/p>\n<p><strong>Comidas:<\/strong> Desayuno, almuerzo, cena<\/p>\n<h3><span style=\"color: #ff6600;\">D\u00eda 3: El mito de Horus y la esclusa de Esna<\/span><\/h3>\n<p>El d\u00eda 3 comienza con el desayuno a bordo antes de dirigirse al <strong>Templo de Horus<\/strong> en calesa (carruaje de caballos). Tendr\u00e1 la oportunidad de maravillarse con el <strong>templo mejor conservado de Egipto<\/strong> y aprender sobre el legendario <strong>Mito de Horus y Seth<\/strong> antes de regresar al crucero.<\/p>\n<p>El resto del d\u00eda lo pasar\u00e1 relaj\u00e1ndose mientras navega durante todo el d\u00eda hacia Luxor a trav\u00e9s de la <strong>esclusa de Esna<\/strong>. Podr\u00e1 disfrutar del almuerzo mientras navega y admira las vistas del r\u00edo, llegando a la hist\u00f3rica ciudad de <strong>Luxor al atardecer<\/strong> para su \u00faltima noche en el agua.<\/p>\n<p><strong>Comidas:<\/strong> Desayuno, almuerzo, cena<\/p>\n<h3><span style=\"color: #ff6600;\">D\u00eda 4: Las maravillas de Luxor<\/span><\/h3>\n<p>Su \u00faltima ma\u00f1ana en el <strong>Royal Elite<\/strong> comienza con un relajado <strong>desayuno tard\u00edo<\/strong> a bordo, lo que le permitir\u00e1 disfrutar de las vistas del r\u00edo por \u00faltima vez.<\/p>\n<p>Despu\u00e9s de disfrutar de su comida y completar el proceso de check-out, se despedir\u00e1 del barco y comenzar\u00e1 su exploraci\u00f3n de las <strong>atracciones de Luxor<\/strong> m\u00e1s famosas del mundo.<\/p>\n<h3><span style=\"color: #ff6600;\">Ribera occidental de Luxor <\/span><\/h3>\n<p>El tour comienza en la Ribera Occidental, donde descender\u00e1 al mundo oculto del <strong>Valle de los Reyes<\/strong>. Este antiguo lugar de entierro alberga las tumbas intrincadamente decoradas de los m\u00e1s grandes faraones de Egipto.<\/p>\n<p>Su viaje a trav\u00e9s de la historia contin\u00faa en el <strong>Templo de Hatshepsut<\/strong>, un impresionante templo funerario excavado directamente en los acantilados de piedra caliza, seguido de una parada en los imponentes <strong>Colosos de Memn\u00f3n<\/strong>.<\/p>\n<p>Despu\u00e9s de una ma\u00f1ana activa de descubrimientos, cruzar\u00e1 el r\u00edo para un almuerzo tradicional en la <strong>Ribera.<\/strong><\/p>\n<p>La tarde est\u00e1 dedicada al <strong>Complejo del Templo de Karnak<\/strong>, un bosque abrumador de pilares, obeliscos y estatuas que tard\u00f3 m\u00e1s de 1.500 a\u00f1os en completarse. Caminar por la Gran Sala Hip\u00f3stila es un punto culminante de cualquier <strong>crucero por el Nilo en Egipto<\/strong>.<\/p>\n<p>Para concluir su <strong>crucero de Asu\u00e1n a Luxor<\/strong>, le proporcionaremos un traslado c\u00f3modo a su hotel, al aeropuerto o a cualquier otro lugar que prefiera en <strong>Luxor<\/strong>. Es el cap\u00edtulo final perfecto para un viaje inolvidable por el coraz\u00f3n del <strong>Antiguo Egipto<\/strong>.<\/p>\n<p><strong>Comidas:<\/strong> Desayuno, almuerzo<\/p>\n<h3><span style=\"color: #ff6600;\">Precio del crucero por el Nilo Royal Elite de 3 noches de Asu\u00e1n a Luxor<\/span><\/h3>\n<ul>\n<li>Precio adulto = 900 \u20ac<\/li>\n<li>Ni\u00f1os de 0 a 5 a\u00f1os = Gratis<\/li>\n<li>Ni\u00f1os de 5 a 11 a\u00f1os = 50% del precio de adulto<\/li>\n<\/ul>\n<h3><span style=\"color: #ff6600;\">Reserva<\/span><\/h3>\n<p>Puede reservar su tour a trav\u00e9s de WhatsApp o enviarnos un correo electr\u00f3nico, y recibir\u00e1 la confirmaci\u00f3n al instante.<\/p>\n<p>Por favor, env\u00edenos el nombre de su hotel, el n\u00famero de habitaci\u00f3n y copias de los pasaportes.<\/p>\n<p>WhatsApp: +20 1000852186<\/p>\n<p>Email: info@egytourpackages.com<\/p>\n<h3><span style=\"color: #ff6600;\">Reserve ahora y pague en el lugar<\/span><\/h3>\n<p>Reserve su tour favorito y pague el d\u00eda del viaje.<\/p>\n<h3><span style=\"color: #ff6600;\">Pago<\/span><\/h3>\n<p>Puede pagar en libras egipcias, $, \u20ac o \u00a3.<\/p>\n<h3><span style=\"color: #ff6600;\">Pol\u00edtica de cancelaci\u00f3n<\/span><\/h3>\n<ul>\n<li>La cancelaci\u00f3n es gratuita hasta con dos semanas de antelaci\u00f3n.<\/li>\n<li>La cancelaci\u00f3n por la ma\u00f1ana conlleva el 100% del precio.<\/li>\n<\/ul>\n","protected":false},"excerpt":{"rendered":"<p>Disfruta el Crucero por el Nilo Royal Elite de 3 noches de Asu\u00e1n a Luxor. Lujo 5 estrellas, templos antiguos y gu\u00edas expertos. \u00a1Reserva hoy y paga al llegar<\/p>\n","protected":false},"featured_media":13516,"comment_status":"closed","ping_status":"closed","template":"","meta":[],"product_brand":[],"product_cat":[3128],"product_tag":[3896,3893,3973,3895,3897,3894,3898],"class_list":{"0":"post-13663","1":"product","2":"type-product","3":"status-publish","4":"has-post-thumbnail","6":"product_cat-tours","7":"product_tag-reserva-el-crucero-de-lujo-amwaj-nile-cruise-egypt-con-los-mejores-precios-para-tus-vacaciones-en-el-nilo","8":"product_tag-reserva-el-crucero-de-lujo-coral-2-nile-cruise-egipto-al-mejor-precio-para-unas-vacaciones-en-el-nilo","9":"product_tag-reserva-el-crucero-de-lujo-royal-elite-nile-cruise-egipto-a-los-mejores-precios-para-unas-vacaciones-en-el-nilo","10":"product_tag-reserva-el-crucero-de-lujo-royal-signature-nile-cruise-egipto-a-los-mejores-precios-para-unas-vacaciones-en-el-nilo","11":"product_tag-reserva-el-crucero-de-lujo-royal-viking-nile-cruise-egypt-con-los-mejores-precios-para-tus-vacaciones-en-el-nilo","12":"product_tag-reserva-el-crucero-de-lujo-semiramis-por-el-nilo-con-los-mejores-precios-del-barco-egipto-para-unas-vacaciones-en-el-nilo","13":"product_tag-reserva-el-mejor-crucero-de-lujo-por-el-nilo-con-historia-a-precios-de-barco-en-egipto-para-unas-vacaciones-en-el-nilo","14":"tour_category-cruceros-por-el-nilo-en-luxor-y-asuan","15":"tour_category-tours-de-cruceros-por-el-nilo-en-egipto-es","17":"first","18":"instock","19":"sale","20":"shipping-taxable","21":"purchasable","22":"product-type-tour","23":"has-default-attributes"},"yoast_head":"<!-- This site is optimized with the Yoast SEO Premium plugin v27.4 (Yoast SEO v27.4) - https:\/\/yoast.com\/product\/yoast-seo-premium-wordpress\/ -->\n<title>Crucero por el Nilo Royal Elite de 3 noches de Asu\u00e1n a Luxor<\/title>\n<meta name=\"description\" content=\"Reserva tu Crucero por el Nilo Royal Elite de 3 noches de Asu\u00e1n a Luxor. Descubre templos milenarios con todo el lujo y confort. \u00a1Mejor precio garantizado!\" \/>\n<meta name=\"robots\" content=\"index, follow, max-snippet:-1, max-image-preview:large, max-video-preview:-1\" \/>\n<link rel=\"canonical\" href=\"https:\/\/egytourpackages.com\/es\/tours\/crucero-por-el-nilo-royal-elite-de-3-noches-de-asuan-a-luxor\/\" \/>\n<meta property=\"og:locale\" content=\"es_ES\" \/>\n<meta property=\"og:type\" content=\"article\" \/>\n<meta property=\"og:title\" content=\"Crucero por el Nilo Royal Elite de 3 noches de Asu\u00e1n a Luxor\" \/>\n<meta property=\"og:description\" content=\"Reserva tu Crucero por el Nilo Royal Elite de 3 noches de Asu\u00e1n a Luxor. Descubre templos milenarios con todo el lujo y confort. \u00a1Mejor precio garantizado!\" \/>\n<meta property=\"og:url\" content=\"https:\/\/egytourpackages.com\/es\/tours\/crucero-por-el-nilo-royal-elite-de-3-noches-de-asuan-a-luxor\/\" \/>\n<meta property=\"og:site_name\" content=\"Egypt Tour Packages\" \/>\n<meta property=\"article:publisher\" content=\"https:\/\/www.facebook.com\/egytourpackages\" \/>\n<meta property=\"article:modified_time\" content=\"2026-01-21T18:51:14+00:00\" \/>\n<meta property=\"og:image\" content=\"https:\/\/egytourpackages.com\/wp-content\/uploads\/2026\/01\/Royal-Elite-Nile-Cruise.jpg\" \/>\n\t<meta property=\"og:image:width\" content=\"1590\" \/>\n\t<meta property=\"og:image:height\" content=\"1060\" \/>\n\t<meta property=\"og:image:type\" content=\"image\/jpeg\" \/>\n<meta name=\"twitter:card\" content=\"summary_large_image\" \/>\n<meta name=\"twitter:label1\" content=\"Precio\" \/>\n\t<meta name=\"twitter:data1\" content=\"&euro;900\" \/>\n\t<meta name=\"twitter:label2\" content=\"Disponibilidad\" \/>\n\t<meta name=\"twitter:data2\" content=\"Disponible\" \/>\n<script type=\"application\/ld+json\" class=\"yoast-schema-graph\">{\"@context\":\"https:\\\/\\\/schema.org\",\"@graph\":[{\"@type\":\"WebPage\",\"@id\":\"https:\\\/\\\/egytourpackages.com\\\/es\\\/tours\\\/crucero-por-el-nilo-royal-elite-de-3-noches-de-asuan-a-luxor\\\/\",\"url\":\"https:\\\/\\\/egytourpackages.com\\\/es\\\/tours\\\/crucero-por-el-nilo-royal-elite-de-3-noches-de-asuan-a-luxor\\\/\",\"name\":\"Crucero por el Nilo Royal Elite de 3 noches de Asu\u00e1n a Luxor\",\"isPartOf\":{\"@id\":\"https:\\\/\\\/egytourpackages.com\\\/es\\\/#website\"},\"primaryImageOfPage\":{\"@id\":\"https:\\\/\\\/egytourpackages.com\\\/es\\\/tours\\\/crucero-por-el-nilo-royal-elite-de-3-noches-de-asuan-a-luxor\\\/#primaryimage\"},\"image\":{\"@id\":\"https:\\\/\\\/egytourpackages.com\\\/es\\\/tours\\\/crucero-por-el-nilo-royal-elite-de-3-noches-de-asuan-a-luxor\\\/#primaryimage\"},\"thumbnailUrl\":\"https:\\\/\\\/egytourpackages.com\\\/wp-content\\\/uploads\\\/2026\\\/01\\\/Royal-Elite-Nile-Cruise.jpg\",\"datePublished\":\"2026-01-20T13:31:24+00:00\",\"dateModified\":\"2026-01-21T18:51:14+00:00\",\"description\":\"Reserva tu Crucero por el Nilo Royal Elite de 3 noches de Asu\u00e1n a Luxor. Descubre templos milenarios con todo el lujo y confort. \u00a1Mejor precio garantizado!\",\"breadcrumb\":{\"@id\":\"https:\\\/\\\/egytourpackages.com\\\/es\\\/tours\\\/crucero-por-el-nilo-royal-elite-de-3-noches-de-asuan-a-luxor\\\/#breadcrumb\"},\"inLanguage\":\"es\",\"potentialAction\":[{\"@type\":\"ReadAction\",\"target\":[\"https:\\\/\\\/egytourpackages.com\\\/es\\\/tours\\\/crucero-por-el-nilo-royal-elite-de-3-noches-de-asuan-a-luxor\\\/\"]}]},{\"@type\":\"ImageObject\",\"inLanguage\":\"es\",\"@id\":\"https:\\\/\\\/egytourpackages.com\\\/es\\\/tours\\\/crucero-por-el-nilo-royal-elite-de-3-noches-de-asuan-a-luxor\\\/#primaryimage\",\"url\":\"https:\\\/\\\/egytourpackages.com\\\/wp-content\\\/uploads\\\/2026\\\/01\\\/Royal-Elite-Nile-Cruise.jpg\",\"contentUrl\":\"https:\\\/\\\/egytourpackages.com\\\/wp-content\\\/uploads\\\/2026\\\/01\\\/Royal-Elite-Nile-Cruise.jpg\",\"width\":1590,\"height\":1060,\"caption\":\"Crucero por el Nilo Royal Elite de 3 noches de Asu\u00e1n a Luxor\"},{\"@type\":\"BreadcrumbList\",\"@id\":\"https:\\\/\\\/egytourpackages.com\\\/es\\\/tours\\\/crucero-por-el-nilo-royal-elite-de-3-noches-de-asuan-a-luxor\\\/#breadcrumb\",\"itemListElement\":[{\"@type\":\"ListItem\",\"position\":1,\"name\":\"Home\",\"item\":\"https:\\\/\\\/egytourpackages.com\\\/es\\\/paquetes-de-viaje-a-egipto\\\/\"},{\"@type\":\"ListItem\",\"position\":2,\"name\":\"Shop\",\"item\":\"https:\\\/\\\/egytourpackages.com\\\/shop\\\/\"},{\"@type\":\"ListItem\",\"position\":3,\"name\":\"Crucero por el Nilo Royal Elite de 3 noches de Asu\u00e1n a Luxor\"}]},{\"@type\":\"WebSite\",\"@id\":\"https:\\\/\\\/egytourpackages.com\\\/es\\\/#website\",\"url\":\"https:\\\/\\\/egytourpackages.com\\\/es\\\/\",\"name\":\"Egy tour packages\",\"description\":\"\",\"publisher\":{\"@id\":\"https:\\\/\\\/egytourpackages.com\\\/es\\\/#organization\"},\"potentialAction\":[{\"@type\":\"SearchAction\",\"target\":{\"@type\":\"EntryPoint\",\"urlTemplate\":\"https:\\\/\\\/egytourpackages.com\\\/es\\\/?s={search_term_string}\"},\"query-input\":{\"@type\":\"PropertyValueSpecification\",\"valueRequired\":true,\"valueName\":\"search_term_string\"}}],\"inLanguage\":\"es\"},{\"@type\":[\"Organization\",\"Place\",\"TravelAgency\"],\"@id\":\"https:\\\/\\\/egytourpackages.com\\\/es\\\/#organization\",\"name\":\"egypt tour packages\",\"alternateName\":\"egypt tour packages\",\"url\":\"https:\\\/\\\/egytourpackages.com\\\/es\\\/\",\"logo\":{\"@id\":\"https:\\\/\\\/egytourpackages.com\\\/es\\\/tours\\\/crucero-por-el-nilo-royal-elite-de-3-noches-de-asuan-a-luxor\\\/#local-main-organization-logo\"},\"image\":{\"@id\":\"https:\\\/\\\/egytourpackages.com\\\/es\\\/tours\\\/crucero-por-el-nilo-royal-elite-de-3-noches-de-asuan-a-luxor\\\/#local-main-organization-logo\"},\"sameAs\":[\"https:\\\/\\\/www.facebook.com\\\/egytourpackages\"],\"legalName\":\"Egy tour packages\",\"address\":{\"@id\":\"https:\\\/\\\/egytourpackages.com\\\/es\\\/tours\\\/crucero-por-el-nilo-royal-elite-de-3-noches-de-asuan-a-luxor\\\/#local-main-place-address\"},\"telephone\":[\"00201000852186\",\"00201028685533\"],\"contactPoint\":{\"@type\":\"ContactPoint\",\"telephone\":\"00201000852186\"},\"openingHoursSpecification\":[{\"@type\":\"OpeningHoursSpecification\",\"dayOfWeek\":[\"Monday\",\"Tuesday\",\"Wednesday\",\"Thursday\",\"Friday\",\"Saturday\",\"Sunday\"],\"opens\":\"00:00\",\"closes\":\"23:59\"}],\"email\":\"info@egytourpackages.com\",\"areaServed\":\"Cairo, Hurghada, Luxor, Sharm El Sheikh, Marsa Alam, Aswan\",\"priceRange\":\"$\",\"currenciesAccepted\":\"euro\",\"paymentAccepted\":\"Payment links online\"},{\"@type\":\"PostalAddress\",\"@id\":\"https:\\\/\\\/egytourpackages.com\\\/es\\\/tours\\\/crucero-por-el-nilo-royal-elite-de-3-noches-de-asuan-a-luxor\\\/#local-main-place-address\",\"streetAddress\":\"Mubarak 8, Al Kawthar District, Hurghada\",\"addressLocality\":\"Hurghada\",\"postalCode\":\"84511\",\"addressRegion\":\"Red Sea\",\"addressCountry\":\"EG\"},{\"@type\":\"ImageObject\",\"inLanguage\":\"es\",\"@id\":\"https:\\\/\\\/egytourpackages.com\\\/es\\\/tours\\\/crucero-por-el-nilo-royal-elite-de-3-noches-de-asuan-a-luxor\\\/#local-main-organization-logo\",\"url\":\"https:\\\/\\\/egytourpackages.com\\\/wp-content\\\/uploads\\\/2025\\\/12\\\/Turquoise-Dahabiya-Nile-Cruise-1.jpeg\",\"contentUrl\":\"https:\\\/\\\/egytourpackages.com\\\/wp-content\\\/uploads\\\/2025\\\/12\\\/Turquoise-Dahabiya-Nile-Cruise-1.jpeg\",\"width\":1040,\"height\":694,\"caption\":\"egypt tour packages\"}]}<\/script>\n<meta property=\"product:brand\" content=\"Cruceros por el Nilo en Luxor y Asu\u00e1n\" \/>\n<meta property=\"product:price:amount\" content=\"900\" \/>\n<meta property=\"product:price:currency\" content=\"EUR\" \/>\n<meta property=\"og:availability\" content=\"instock\" \/>\n<meta property=\"product:availability\" content=\"instock\" \/>\n<meta property=\"product:retailer_item_id\" content=\"LASNC 02\" \/>\n<meta property=\"product:condition\" content=\"new\" \/>\n<meta name=\"geo.placename\" content=\"Hurghada\" \/>\n<meta name=\"geo.region\" content=\"Egipto\" \/>\n<!-- \/ Yoast SEO Premium plugin. -->","yoast_head_json":{"title":"Crucero por el Nilo Royal Elite de 3 noches de Asu\u00e1n a Luxor","description":"Reserva tu Crucero por el Nilo Royal Elite de 3 noches de Asu\u00e1n a Luxor. Descubre templos milenarios con todo el lujo y confort. \u00a1Mejor precio garantizado!","robots":{"index":"index","follow":"follow","max-snippet":"max-snippet:-1","max-image-preview":"max-image-preview:large","max-video-preview":"max-video-preview:-1"},"canonical":"https:\/\/egytourpackages.com\/es\/tours\/crucero-por-el-nilo-royal-elite-de-3-noches-de-asuan-a-luxor\/","og_locale":"es_ES","og_type":"article","og_title":"Crucero por el Nilo Royal Elite de 3 noches de Asu\u00e1n a Luxor","og_description":"Reserva tu Crucero por el Nilo Royal Elite de 3 noches de Asu\u00e1n a Luxor. Descubre templos milenarios con todo el lujo y confort. \u00a1Mejor precio garantizado!","og_url":"https:\/\/egytourpackages.com\/es\/tours\/crucero-por-el-nilo-royal-elite-de-3-noches-de-asuan-a-luxor\/","og_site_name":"Egypt Tour Packages","article_publisher":"https:\/\/www.facebook.com\/egytourpackages","article_modified_time":"2026-01-21T18:51:14+00:00","og_image":[{"width":1590,"height":1060,"url":"https:\/\/egytourpackages.com\/wp-content\/uploads\/2026\/01\/Royal-Elite-Nile-Cruise.jpg","type":"image\/jpeg"}],"twitter_card":"summary_large_image","twitter_misc":{"Precio":"&euro;900","Disponibilidad":"Disponible"},"schema":{"@context":"https:\/\/schema.org","@graph":[{"@type":"WebPage","@id":"https:\/\/egytourpackages.com\/es\/tours\/crucero-por-el-nilo-royal-elite-de-3-noches-de-asuan-a-luxor\/","url":"https:\/\/egytourpackages.com\/es\/tours\/crucero-por-el-nilo-royal-elite-de-3-noches-de-asuan-a-luxor\/","name":"Crucero por el Nilo Royal Elite de 3 noches de Asu\u00e1n a Luxor","isPartOf":{"@id":"https:\/\/egytourpackages.com\/es\/#website"},"primaryImageOfPage":{"@id":"https:\/\/egytourpackages.com\/es\/tours\/crucero-por-el-nilo-royal-elite-de-3-noches-de-asuan-a-luxor\/#primaryimage"},"image":{"@id":"https:\/\/egytourpackages.com\/es\/tours\/crucero-por-el-nilo-royal-elite-de-3-noches-de-asuan-a-luxor\/#primaryimage"},"thumbnailUrl":"https:\/\/egytourpackages.com\/wp-content\/uploads\/2026\/01\/Royal-Elite-Nile-Cruise.jpg","datePublished":"2026-01-20T13:31:24+00:00","dateModified":"2026-01-21T18:51:14+00:00","description":"Reserva tu Crucero por el Nilo Royal Elite de 3 noches de Asu\u00e1n a Luxor. Descubre templos milenarios con todo el lujo y confort. \u00a1Mejor precio garantizado!","breadcrumb":{"@id":"https:\/\/egytourpackages.com\/es\/tours\/crucero-por-el-nilo-royal-elite-de-3-noches-de-asuan-a-luxor\/#breadcrumb"},"inLanguage":"es","potentialAction":[{"@type":"ReadAction","target":["https:\/\/egytourpackages.com\/es\/tours\/crucero-por-el-nilo-royal-elite-de-3-noches-de-asuan-a-luxor\/"]}]},{"@type":"ImageObject","inLanguage":"es","@id":"https:\/\/egytourpackages.com\/es\/tours\/crucero-por-el-nilo-royal-elite-de-3-noches-de-asuan-a-luxor\/#primaryimage","url":"https:\/\/egytourpackages.com\/wp-content\/uploads\/2026\/01\/Royal-Elite-Nile-Cruise.jpg","contentUrl":"https:\/\/egytourpackages.com\/wp-content\/uploads\/2026\/01\/Royal-Elite-Nile-Cruise.jpg","width":1590,"height":1060,"caption":"Crucero por el Nilo Royal Elite de 3 noches de Asu\u00e1n a Luxor"},{"@type":"BreadcrumbList","@id":"https:\/\/egytourpackages.com\/es\/tours\/crucero-por-el-nilo-royal-elite-de-3-noches-de-asuan-a-luxor\/#breadcrumb","itemListElement":[{"@type":"ListItem","position":1,"name":"Home","item":"https:\/\/egytourpackages.com\/es\/paquetes-de-viaje-a-egipto\/"},{"@type":"ListItem","position":2,"name":"Shop","item":"https:\/\/egytourpackages.com\/shop\/"},{"@type":"ListItem","position":3,"name":"Crucero por el Nilo Royal Elite de 3 noches de Asu\u00e1n a Luxor"}]},{"@type":"WebSite","@id":"https:\/\/egytourpackages.com\/es\/#website","url":"https:\/\/egytourpackages.com\/es\/","name":"Egy tour packages","description":"","publisher":{"@id":"https:\/\/egytourpackages.com\/es\/#organization"},"potentialAction":[{"@type":"SearchAction","target":{"@type":"EntryPoint","urlTemplate":"https:\/\/egytourpackages.com\/es\/?s={search_term_string}"},"query-input":{"@type":"PropertyValueSpecification","valueRequired":true,"valueName":"search_term_string"}}],"inLanguage":"es"},{"@type":["Organization","Place","TravelAgency"],"@id":"https:\/\/egytourpackages.com\/es\/#organization","name":"egypt tour packages","alternateName":"egypt tour packages","url":"https:\/\/egytourpackages.com\/es\/","logo":{"@id":"https:\/\/egytourpackages.com\/es\/tours\/crucero-por-el-nilo-royal-elite-de-3-noches-de-asuan-a-luxor\/#local-main-organization-logo"},"image":{"@id":"https:\/\/egytourpackages.com\/es\/tours\/crucero-por-el-nilo-royal-elite-de-3-noches-de-asuan-a-luxor\/#local-main-organization-logo"},"sameAs":["https:\/\/www.facebook.com\/egytourpackages"],"legalName":"Egy tour packages","address":{"@id":"https:\/\/egytourpackages.com\/es\/tours\/crucero-por-el-nilo-royal-elite-de-3-noches-de-asuan-a-luxor\/#local-main-place-address"},"telephone":["00201000852186","00201028685533"],"contactPoint":{"@type":"ContactPoint","telephone":"00201000852186"},"openingHoursSpecification":[{"@type":"OpeningHoursSpecification","dayOfWeek":["Monday","Tuesday","Wednesday","Thursday","Friday","Saturday","Sunday"],"opens":"00:00","closes":"23:59"}],"email":"info@egytourpackages.com","areaServed":"Cairo, Hurghada, Luxor, Sharm El Sheikh, Marsa Alam, Aswan","priceRange":"$","currenciesAccepted":"euro","paymentAccepted":"Payment links online"},{"@type":"PostalAddress","@id":"https:\/\/egytourpackages.com\/es\/tours\/crucero-por-el-nilo-royal-elite-de-3-noches-de-asuan-a-luxor\/#local-main-place-address","streetAddress":"Mubarak 8, Al Kawthar District, Hurghada","addressLocality":"Hurghada","postalCode":"84511","addressRegion":"Red Sea","addressCountry":"EG"},{"@type":"ImageObject","inLanguage":"es","@id":"https:\/\/egytourpackages.com\/es\/tours\/crucero-por-el-nilo-royal-elite-de-3-noches-de-asuan-a-luxor\/#local-main-organization-logo","url":"https:\/\/egytourpackages.com\/wp-content\/uploads\/2025\/12\/Turquoise-Dahabiya-Nile-Cruise-1.jpeg","contentUrl":"https:\/\/egytourpackages.com\/wp-content\/uploads\/2025\/12\/Turquoise-Dahabiya-Nile-Cruise-1.jpeg","width":1040,"height":694,"caption":"egypt tour packages"}]},"product_brand":"Cruceros por el Nilo en Luxor y Asu\u00e1n","product_price_amount":"900","product_price_currency":"EUR","og_availability":"instock","product_availability":"instock","product_retailer_item_id":"LASNC 02","product_condition":"new","geo.placename":"Hurghada","geo.region":"Egipto"},"_links":{"self":[{"href":"https:\/\/egytourpackages.com\/es\/wp-json\/wp\/v2\/product\/13663","targetHints":{"allow":["GET"]}}],"collection":[{"href":"https:\/\/egytourpackages.com\/es\/wp-json\/wp\/v2\/product"}],"about":[{"href":"https:\/\/egytourpackages.com\/es\/wp-json\/wp\/v2\/types\/product"}],"replies":[{"embeddable":true,"href":"https:\/\/egytourpackages.com\/es\/wp-json\/wp\/v2\/comments?post=13663"}],"wp:featuredmedia":[{"embeddable":true,"href":"https:\/\/egytourpackages.com\/es\/wp-json\/wp\/v2\/media\/13516"}],"wp:attachment":[{"href":"https:\/\/egytourpackages.com\/es\/wp-json\/wp\/v2\/media?parent=13663"}],"wp:term":[{"taxonomy":"product_brand","embeddable":true,"href":"https:\/\/egytourpackages.com\/es\/wp-json\/wp\/v2\/product_brand?post=13663"},{"taxonomy":"product_cat","embeddable":true,"href":"https:\/\/egytourpackages.com\/es\/wp-json\/wp\/v2\/product_cat?post=13663"},{"taxonomy":"product_tag","embeddable":true,"href":"https:\/\/egytourpackages.com\/es\/wp-json\/wp\/v2\/product_tag?post=13663"}],"curies":[{"name":"wp","href":"https:\/\/api.w.org\/{rel}","templated":true}]}}