{"id":14080,"date":"2025-12-01T09:30:28","date_gmt":"2025-12-01T09:30:28","guid":{"rendered":"https:\/\/egytourpackages.com\/product\/safari-por-la-manana-desde-marsa-alam\/"},"modified":"2026-01-27T22:35:18","modified_gmt":"2026-01-27T22:35:18","slug":"safari-por-la-manana-desde-marsa-alam","status":"publish","type":"product","link":"https:\/\/egytourpackages.com\/es\/tours\/safari-por-la-manana-desde-marsa-alam\/","title":{"rendered":"Safari por la ma\u00f1ana desde Marsa Alam"},"content":{"rendered":"<p><span style=\"color: #ff6600;\"><strong>Safari por la ma\u00f1ana desde Marsa Alam: Emoci\u00f3n y Tradici\u00f3n en el Desierto<\/strong><\/span><\/p>\n<p>Vive lo mejor del desierto con nuestro tour <strong>Safari por la Ma\u00f1ana: Emoci\u00f3n y Tradici\u00f3n<\/strong>. Dise\u00f1ado para quienes anhelan la aventura pero tambi\u00e9n buscan una visi\u00f3n cultural aut\u00e9ntica, esta experiencia inolvidable comienza puntualmente a las <strong>8:30 AM<\/strong> en nuestra estaci\u00f3n de safari dedicada.<\/p>\n<p>La adrenalina comienza de inmediato con un recorrido en <strong>Quad (ATV) de una hora<\/strong> a pura energ\u00eda. Toma el control total de tu cuatrimoto y navega por las fascinantes dunas abiertas, trazando tu propio camino sobre la arena.<\/p>\n<p>Tras este comienzo emocionante, hacemos una pausa para refrescarnos con <strong>t\u00e9 tradicional, caf\u00e9 \u00e1rabe y agua fr\u00eda<\/strong>. \u00a1El ruido de los motores a\u00fan no termina! Luego disfrutar\u00e1s de otra r\u00e1faga de emoci\u00f3n con un r\u00e1pido <strong>recorrido de 15 minutos en buggy<\/strong>.<\/p>\n<p>La segunda mitad de la ma\u00f1ana se centra en el rico patrimonio de los habitantes del desierto. Tu gu\u00eda experto dirigir\u00e1 una sesi\u00f3n cautivadora, compartiendo la profunda <strong>historia y tradiciones beduinas<\/strong>.<\/p>\n<p>Esta experiencia \u00fanica incluye aprender sobre sus fascinantes remedios naturales en la famosa <strong>farmacia beduina<\/strong>, conociendo en detalle las <strong>hierbas medicinales<\/strong> utilizadas durante generaciones.<\/p>\n<p>Concluimos tu viaje con un relajante <strong>desayuno ligero<\/strong> que incluye sabores locales como <strong>mermelada, miel, queso, ensaladas y frijoles<\/strong>. Este tour es la mezcla perfecta de diversi\u00f3n de alto octanaje e inmersi\u00f3n cultural aut\u00e9ntica, todo en una ma\u00f1ana memorable.<\/p>\n<h3><span style=\"color: #ff6600;\">Detalles<\/span><\/h3>\n<ul>\n<li>Duraci\u00f3n: 5 horas<\/li>\n<li>Ubicaci\u00f3n del tour: Desierto, Marsa Alam<\/li>\n<li>Disponibilidad del tour: Bajo petici\u00f3n<\/li>\n<li>Recogida y traslado: Hoteles de Marsa Alam<\/li>\n<li>Tipo de tour: Grupal \/ Privado<\/li>\n<li>Idioma: Ingl\u00e9s<\/li>\n<\/ul>\n<h3><span style=\"color: #ff6600;\">Lo m\u00e1s destacado<\/span><\/h3>\n<ul>\n<li>Recorrido en Quad (ATV) durante una hora<\/li>\n<li>Paseo en coche buggy<\/li>\n<li>T\u00e9 y caf\u00e9 \u00e1rabe<\/li>\n<li>Explora el estilo de vida beduino<\/li>\n<li>Desayuno<\/li>\n<\/ul>\n<h3><span style=\"color: #ff6600;\">Incluye<\/span><\/h3>\n<ul>\n<li>Recogida y traslado desde hoteles en Marsa Alam<\/li>\n<li>Gu\u00eda profesional del desierto de habla inglesa<\/li>\n<li>Prueba de conducci\u00f3n antes de iniciar el tour<\/li>\n<li>Quad, Buggy y desayuno<\/li>\n<li>Todos los cargos por servicio e impuestos est\u00e1n incluidos en el precio<\/li>\n<\/ul>\n<h3><span style=\"color: #ff6600;\">Excluye<\/span><\/h3>\n<ul>\n<li>DVD y fotos por el fot\u00f3grafo<\/li>\n<li>Propinas<\/li>\n<li>Cualquier cosa no mencionada en el programa<\/li>\n<\/ul>\n<h3><span style=\"color: #ff6600;\">Qu\u00e9 llevar contigo<\/span><\/h3>\n<ul>\n<li>Copia de tu pasaporte<\/li>\n<li>Sombrero, gafas de sol y protector solar<\/li>\n<li>Calzado y ropa c\u00f3moda<\/li>\n<\/ul>\n<h3><span style=\"color: #ff6600;\">Ten en cuenta<\/span><\/h3>\n<ul>\n<li>Todas nuestras excursiones est\u00e1n totalmente aseguradas<\/li>\n<li>Se recomienda el uso de cascos<\/li>\n<li>Pa\u00f1uelos (5 euros)<\/li>\n<li>Alquiler de gafas protectoras (2 euros por pieza)<\/li>\n<\/ul>\n<h2><span style=\"color: #ff6600;\">Itinerario<\/span><\/h2>\n<h3><span style=\"color: #ff6600;\">Safari por la ma\u00f1ana en el desierto: Vive la emoci\u00f3n y el patrimonio<\/span><\/h3>\n<p>Olvida las prisas habituales: esta es tu oportunidad de conectar genuinamente con el desierto. Nuestro safari matutino tiene el ritmo perfecto, combinando acci\u00f3n trepidante con momentos culturales aut\u00e9nticos, todo antes de que apriete el calor del d\u00eda.<\/p>\n<h3><span style=\"color: #ff6600;\">El comienzo de la aventura: Emoci\u00f3n en Quad<\/span><\/h3>\n<p>Comenzamos puntualmente a las <strong>8:30 AM<\/strong> en nuestra estaci\u00f3n de safari. \u00a1Prep\u00e1rate para arrancar motores! Tu aventura inicia con un emocionante <strong>recorrido de una hora en Quad (ATV)<\/strong>. Siente la libertad mientras aceleras sobre las dunas, dejando tu propia huella en la arena dorada.<\/p>\n<h3><span style=\"color: #ff6600;\">Una pausa refrescante y diversi\u00f3n en Dune Buggy<\/span><\/h3>\n<p>Despu\u00e9s de tu emocionante trayecto, es hora de relajarse y refrescarse como un lugare\u00f1o. Te ofreceremos <strong>t\u00e9 tradicional, rico caf\u00e9 \u00e1rabe y agua fr\u00eda<\/strong>.<\/p>\n<p>Este breve descanso te devolver\u00e1 la energ\u00eda para la siguiente r\u00e1faga de emoci\u00f3n: un r\u00e1pido <strong>recorrido de 15 minutos en buggy por las dunas<\/strong>. \u00a1Ag\u00e1rrate fuerte y disfruta del subid\u00f3n!<\/p>\n<h3><span style=\"color: #ff6600;\">Cultura Beduina: Historias, Historia y Bienestar<\/span><\/h3>\n<p>Ahora, baja el ritmo y ad\u00e9ntrate en el coraz\u00f3n del patrimonio del desierto. Nuestro gu\u00eda experto compartir\u00e1 la cautivadora <strong>historia y tradiciones beduinas<\/strong>, historias transmitidas de generaci\u00f3n en generaci\u00f3n.<\/p>\n<p>Terminar\u00e1s esta experiencia cultural con una visita a la <strong>farmacia beduina<\/strong>, donde aprender\u00e1s sobre sus esenciales <strong>hierbas medicinales<\/strong> y los remedios naturales utilizados durante siglos. Es una mirada verdaderamente fascinante al bienestar en el desierto.<\/p>\n<h3><span style=\"color: #ff6600;\">Rep\u00f3n fuerzas: Un desayuno beduino ligero<\/span><\/h3>\n<p>Tu ma\u00f1ana de aventura concluye con un delicioso y <strong>desayuno ligero<\/strong>. Servimos una selecci\u00f3n cl\u00e1sica que incluye <strong>mermelada fresca, miel y queso<\/strong>, junto con acompa\u00f1amientos salados como <strong>ensaladas y frijoles<\/strong>. Es la forma perfecta de terminar tu tour aut\u00e9ntico por el desierto sinti\u00e9ndote lleno de energ\u00eda e inspirado.<\/p>\n<h3><span style=\"color: #ff6600;\">Precio del Safari por la ma\u00f1ana desde Marsa Alam<\/span><\/h3>\n<ul>\n<li>Precio Adulto = 30 \u20ac<\/li>\n<li>Beb\u00e9s 0-5 a\u00f1os = Gratis<\/li>\n<li>Ni\u00f1os 5-11 a\u00f1os = 50% del precio de adulto<\/li>\n<\/ul>\n<h3><span style=\"color: #ff6600;\">Reserva<\/span><\/h3>\n<p>Puedes reservar tu tour v\u00eda WhatsApp o enviarnos un correo electr\u00f3nico y recibir\u00e1s la confirmaci\u00f3n al instante.<\/p>\n<p>Por favor, env\u00edanos el nombre de tu hotel, n\u00famero de habitaci\u00f3n y copias del pasaporte.<\/p>\n<ul>\n<li>WhatsApp: +201000852186<\/li>\n<li>Email: info@egytourpackages.com<\/li>\n<\/ul>\n<h3><span style=\"color: #ff6600;\">Reserva ahora y paga en el lugar<\/span><\/h3>\n<p>Reserva tu tour favorito y paga el d\u00eda del viaje.<\/p>\n<h3><span style=\"color: #ff6600;\">Pago<\/span><\/h3>\n<p>Puedes pagar en libras egipcias, $, \u20ac\u200e o \u00a3.<\/p>\n<h3><span style=\"color: #ff6600;\">Pol\u00edtica de cancelaci\u00f3n<\/span><\/h3>\n<ul>\n<li>La cancelaci\u00f3n es gratuita hasta 24 horas antes.<\/li>\n<li>La cancelaci\u00f3n la misma ma\u00f1ana conlleva un cargo del 50% del precio.<\/li>\n<\/ul>\n","protected":false},"excerpt":{"rendered":"<p>\u00a1Disfruta un Safari por la ma\u00f1ana desde Marsa Alam! Conduce un quad por el desierto, visita un poblado beduino y vive una aventura \u00fanica. \u00a1Reserva tu plaza!<\/p>\n","protected":false},"featured_media":9500,"comment_status":"closed","ping_status":"closed","template":"","meta":[],"product_brand":[],"product_cat":[3128],"product_tag":[3280,3188],"class_list":{"0":"post-14080","1":"product","2":"type-product","3":"status-publish","4":"has-post-thumbnail","6":"product_cat-tours","7":"product_tag-excursiones-a-marsa-alam","8":"product_tag-excursiones-egipto","9":"tour_category-excursiones-egipto-es","10":"tour_category-excursiones-en-marsa-alam-es","12":"first","13":"instock","14":"sale","15":"shipping-taxable","16":"purchasable","17":"product-type-tour","18":"has-default-attributes"},"yoast_head":"<!-- This site is optimized with the Yoast SEO Premium plugin v27.2 (Yoast SEO v27.2) - https:\/\/yoast.com\/product\/yoast-seo-premium-wordpress\/ -->\n<title>Safari por la ma\u00f1ana desde Marsa Alam<\/title>\n<meta name=\"description\" content=\"\u00a1Disfruta un Safari por la ma\u00f1ana desde Marsa Alam! Conduce un quad por el desierto, visita un poblado beduino y vive una aventura \u00fanica. \u00a1Reserva tu plaza!\" \/>\n<meta name=\"robots\" content=\"index, follow, max-snippet:-1, max-image-preview:large, max-video-preview:-1\" \/>\n<link rel=\"canonical\" href=\"https:\/\/egytourpackages.com\/es\/tours\/safari-por-la-manana-desde-marsa-alam\/\" \/>\n<meta property=\"og:locale\" content=\"es_ES\" \/>\n<meta property=\"og:type\" content=\"article\" \/>\n<meta property=\"og:title\" content=\"Safari por la ma\u00f1ana desde Marsa Alam\" \/>\n<meta property=\"og:description\" content=\"\u00a1Disfruta un Safari por la ma\u00f1ana desde Marsa Alam! Conduce un quad por el desierto, visita un poblado beduino y vive una aventura \u00fanica. \u00a1Reserva tu plaza!\" \/>\n<meta property=\"og:url\" content=\"https:\/\/egytourpackages.com\/es\/tours\/safari-por-la-manana-desde-marsa-alam\/\" \/>\n<meta property=\"og:site_name\" content=\"Egypt Tour Packages\" \/>\n<meta property=\"article:publisher\" content=\"https:\/\/www.facebook.com\/egytourpackages\" \/>\n<meta property=\"article:modified_time\" content=\"2026-01-27T22:35:18+00:00\" \/>\n<meta property=\"og:image\" content=\"https:\/\/egytourpackages.com\/wp-content\/uploads\/2025\/12\/Morning-Safari-from-Marsa-Alam.jpeg\" \/>\n\t<meta property=\"og:image:width\" content=\"1200\" \/>\n\t<meta property=\"og:image:height\" content=\"802\" \/>\n\t<meta property=\"og:image:type\" content=\"image\/jpeg\" \/>\n<meta name=\"twitter:card\" content=\"summary_large_image\" \/>\n<meta name=\"twitter:title\" content=\"Safari por la ma\u00f1ana desde Marsa Alam\" \/>\n<meta name=\"twitter:label1\" content=\"Precio\" \/>\n\t<meta name=\"twitter:data1\" content=\"&euro;30\" \/>\n\t<meta name=\"twitter:label2\" content=\"Disponibilidad\" \/>\n\t<meta name=\"twitter:data2\" content=\"Disponible\" \/>\n<script type=\"application\/ld+json\" class=\"yoast-schema-graph\">{\"@context\":\"https:\/\/schema.org\",\"@graph\":[{\"@type\":\"WebPage\",\"@id\":\"https:\/\/egytourpackages.com\/es\/tours\/safari-por-la-manana-desde-marsa-alam\/\",\"url\":\"https:\/\/egytourpackages.com\/es\/tours\/safari-por-la-manana-desde-marsa-alam\/\",\"name\":\"Safari por la ma\u00f1ana desde Marsa Alam\",\"isPartOf\":{\"@id\":\"https:\/\/egytourpackages.com\/es\/#website\"},\"primaryImageOfPage\":{\"@id\":\"https:\/\/egytourpackages.com\/es\/tours\/safari-por-la-manana-desde-marsa-alam\/#primaryimage\"},\"image\":{\"@id\":\"https:\/\/egytourpackages.com\/es\/tours\/safari-por-la-manana-desde-marsa-alam\/#primaryimage\"},\"thumbnailUrl\":\"https:\/\/egytourpackages.com\/wp-content\/uploads\/2025\/12\/Morning-Safari-from-Marsa-Alam.jpeg\",\"datePublished\":\"2025-12-01T09:30:28+00:00\",\"dateModified\":\"2026-01-27T22:35:18+00:00\",\"description\":\"\u00a1Disfruta un Safari por la ma\u00f1ana desde Marsa Alam! Conduce un quad por el desierto, visita un poblado beduino y vive una aventura \u00fanica. \u00a1Reserva tu plaza!\",\"breadcrumb\":{\"@id\":\"https:\/\/egytourpackages.com\/es\/tours\/safari-por-la-manana-desde-marsa-alam\/#breadcrumb\"},\"inLanguage\":\"es\",\"potentialAction\":[{\"@type\":\"ReadAction\",\"target\":[\"https:\/\/egytourpackages.com\/es\/tours\/safari-por-la-manana-desde-marsa-alam\/\"]}]},{\"@type\":\"ImageObject\",\"inLanguage\":\"es\",\"@id\":\"https:\/\/egytourpackages.com\/es\/tours\/safari-por-la-manana-desde-marsa-alam\/#primaryimage\",\"url\":\"https:\/\/egytourpackages.com\/wp-content\/uploads\/2025\/12\/Morning-Safari-from-Marsa-Alam.jpeg\",\"contentUrl\":\"https:\/\/egytourpackages.com\/wp-content\/uploads\/2025\/12\/Morning-Safari-from-Marsa-Alam.jpeg\",\"width\":1200,\"height\":802,\"caption\":\"Safari por la ma\u00f1ana desde Marsa Alam\"},{\"@type\":\"BreadcrumbList\",\"@id\":\"https:\/\/egytourpackages.com\/es\/tours\/safari-por-la-manana-desde-marsa-alam\/#breadcrumb\",\"itemListElement\":[{\"@type\":\"ListItem\",\"position\":1,\"name\":\"Home\",\"item\":\"https:\/\/egytourpackages.com\/es\/paquetes-de-viaje-a-egipto\/\"},{\"@type\":\"ListItem\",\"position\":2,\"name\":\"Shop\",\"item\":\"https:\/\/egytourpackages.com\/shop\/\"},{\"@type\":\"ListItem\",\"position\":3,\"name\":\"Safari por la ma\u00f1ana desde Marsa Alam\"}]},{\"@type\":\"WebSite\",\"@id\":\"https:\/\/egytourpackages.com\/es\/#website\",\"url\":\"https:\/\/egytourpackages.com\/es\/\",\"name\":\"Egy tour packages\",\"description\":\"\",\"publisher\":{\"@id\":\"https:\/\/egytourpackages.com\/es\/#organization\"},\"potentialAction\":[{\"@type\":\"SearchAction\",\"target\":{\"@type\":\"EntryPoint\",\"urlTemplate\":\"https:\/\/egytourpackages.com\/es\/?s={search_term_string}\"},\"query-input\":{\"@type\":\"PropertyValueSpecification\",\"valueRequired\":true,\"valueName\":\"search_term_string\"}}],\"inLanguage\":\"es\"},{\"@type\":[\"Organization\",\"Place\",\"TravelAgency\"],\"@id\":\"https:\/\/egytourpackages.com\/es\/#organization\",\"name\":\"egypt tour packages\",\"alternateName\":\"egypt tour packages\",\"url\":\"https:\/\/egytourpackages.com\/es\/\",\"logo\":{\"@id\":\"https:\/\/egytourpackages.com\/es\/tours\/safari-por-la-manana-desde-marsa-alam\/#local-main-organization-logo\"},\"image\":{\"@id\":\"https:\/\/egytourpackages.com\/es\/tours\/safari-por-la-manana-desde-marsa-alam\/#local-main-organization-logo\"},\"sameAs\":[\"https:\/\/www.facebook.com\/egytourpackages\"],\"legalName\":\"Egy tour packages\",\"address\":{\"@id\":\"https:\/\/egytourpackages.com\/es\/tours\/safari-por-la-manana-desde-marsa-alam\/#local-main-place-address\"},\"telephone\":[\"00201000852186\",\"00201028685533\"],\"contactPoint\":{\"@type\":\"ContactPoint\",\"telephone\":\"00201000852186\"},\"openingHoursSpecification\":[{\"@type\":\"OpeningHoursSpecification\",\"dayOfWeek\":[\"Monday\",\"Tuesday\",\"Wednesday\",\"Thursday\",\"Friday\",\"Saturday\",\"Sunday\"],\"opens\":\"00:00\",\"closes\":\"23:59\"}],\"email\":\"info@egytourpackages.com\",\"areaServed\":\"Cairo, Hurghada, Luxor, Sharm El Sheikh, Marsa Alam, Aswan\",\"priceRange\":\"$\",\"currenciesAccepted\":\"euro\",\"paymentAccepted\":\"Payment links online\"},{\"@type\":\"PostalAddress\",\"@id\":\"https:\/\/egytourpackages.com\/es\/tours\/safari-por-la-manana-desde-marsa-alam\/#local-main-place-address\",\"streetAddress\":\"Mubarak 8, Al Kawthar District, Hurghada\",\"addressLocality\":\"Hurghada\",\"postalCode\":\"84511\",\"addressRegion\":\"Red Sea\",\"addressCountry\":\"EG\"},{\"@type\":\"ImageObject\",\"inLanguage\":\"es\",\"@id\":\"https:\/\/egytourpackages.com\/es\/tours\/safari-por-la-manana-desde-marsa-alam\/#local-main-organization-logo\",\"url\":\"https:\/\/egytourpackages.com\/wp-content\/uploads\/2025\/12\/Turquoise-Dahabiya-Nile-Cruise-1.jpeg\",\"contentUrl\":\"https:\/\/egytourpackages.com\/wp-content\/uploads\/2025\/12\/Turquoise-Dahabiya-Nile-Cruise-1.jpeg\",\"width\":1040,\"height\":694,\"caption\":\"egypt tour packages\"}]}<\/script>\n<meta property=\"product:brand\" content=\"Excursiones Egipto\" \/>\n<meta property=\"product:price:amount\" content=\"30\" \/>\n<meta property=\"product:price:currency\" content=\"EUR\" \/>\n<meta property=\"og:availability\" content=\"instock\" \/>\n<meta property=\"product:availability\" content=\"instock\" \/>\n<meta property=\"product:retailer_item_id\" content=\"MAT19\" \/>\n<meta property=\"product:condition\" content=\"new\" \/>\n<meta name=\"geo.placename\" content=\"Hurghada\" \/>\n<meta name=\"geo.region\" content=\"Egipto\" \/>\n<!-- \/ Yoast SEO Premium plugin. -->","yoast_head_json":{"title":"Safari por la ma\u00f1ana desde Marsa Alam","description":"\u00a1Disfruta un Safari por la ma\u00f1ana desde Marsa Alam! Conduce un quad por el desierto, visita un poblado beduino y vive una aventura \u00fanica. \u00a1Reserva tu plaza!","robots":{"index":"index","follow":"follow","max-snippet":"max-snippet:-1","max-image-preview":"max-image-preview:large","max-video-preview":"max-video-preview:-1"},"canonical":"https:\/\/egytourpackages.com\/es\/tours\/safari-por-la-manana-desde-marsa-alam\/","og_locale":"es_ES","og_type":"article","og_title":"Safari por la ma\u00f1ana desde Marsa Alam","og_description":"\u00a1Disfruta un Safari por la ma\u00f1ana desde Marsa Alam! Conduce un quad por el desierto, visita un poblado beduino y vive una aventura \u00fanica. \u00a1Reserva tu plaza!","og_url":"https:\/\/egytourpackages.com\/es\/tours\/safari-por-la-manana-desde-marsa-alam\/","og_site_name":"Egypt Tour Packages","article_publisher":"https:\/\/www.facebook.com\/egytourpackages","article_modified_time":"2026-01-27T22:35:18+00:00","og_image":[{"width":1200,"height":802,"url":"https:\/\/egytourpackages.com\/wp-content\/uploads\/2025\/12\/Morning-Safari-from-Marsa-Alam.jpeg","type":"image\/jpeg"}],"twitter_card":"summary_large_image","twitter_title":"Safari por la ma\u00f1ana desde Marsa Alam","twitter_misc":{"Precio":"&euro;30","Disponibilidad":"Disponible"},"schema":{"@context":"https:\/\/schema.org","@graph":[{"@type":"WebPage","@id":"https:\/\/egytourpackages.com\/es\/tours\/safari-por-la-manana-desde-marsa-alam\/","url":"https:\/\/egytourpackages.com\/es\/tours\/safari-por-la-manana-desde-marsa-alam\/","name":"Safari por la ma\u00f1ana desde Marsa Alam","isPartOf":{"@id":"https:\/\/egytourpackages.com\/es\/#website"},"primaryImageOfPage":{"@id":"https:\/\/egytourpackages.com\/es\/tours\/safari-por-la-manana-desde-marsa-alam\/#primaryimage"},"image":{"@id":"https:\/\/egytourpackages.com\/es\/tours\/safari-por-la-manana-desde-marsa-alam\/#primaryimage"},"thumbnailUrl":"https:\/\/egytourpackages.com\/wp-content\/uploads\/2025\/12\/Morning-Safari-from-Marsa-Alam.jpeg","datePublished":"2025-12-01T09:30:28+00:00","dateModified":"2026-01-27T22:35:18+00:00","description":"\u00a1Disfruta un Safari por la ma\u00f1ana desde Marsa Alam! Conduce un quad por el desierto, visita un poblado beduino y vive una aventura \u00fanica. \u00a1Reserva tu plaza!","breadcrumb":{"@id":"https:\/\/egytourpackages.com\/es\/tours\/safari-por-la-manana-desde-marsa-alam\/#breadcrumb"},"inLanguage":"es","potentialAction":[{"@type":"ReadAction","target":["https:\/\/egytourpackages.com\/es\/tours\/safari-por-la-manana-desde-marsa-alam\/"]}]},{"@type":"ImageObject","inLanguage":"es","@id":"https:\/\/egytourpackages.com\/es\/tours\/safari-por-la-manana-desde-marsa-alam\/#primaryimage","url":"https:\/\/egytourpackages.com\/wp-content\/uploads\/2025\/12\/Morning-Safari-from-Marsa-Alam.jpeg","contentUrl":"https:\/\/egytourpackages.com\/wp-content\/uploads\/2025\/12\/Morning-Safari-from-Marsa-Alam.jpeg","width":1200,"height":802,"caption":"Safari por la ma\u00f1ana desde Marsa Alam"},{"@type":"BreadcrumbList","@id":"https:\/\/egytourpackages.com\/es\/tours\/safari-por-la-manana-desde-marsa-alam\/#breadcrumb","itemListElement":[{"@type":"ListItem","position":1,"name":"Home","item":"https:\/\/egytourpackages.com\/es\/paquetes-de-viaje-a-egipto\/"},{"@type":"ListItem","position":2,"name":"Shop","item":"https:\/\/egytourpackages.com\/shop\/"},{"@type":"ListItem","position":3,"name":"Safari por la ma\u00f1ana desde Marsa Alam"}]},{"@type":"WebSite","@id":"https:\/\/egytourpackages.com\/es\/#website","url":"https:\/\/egytourpackages.com\/es\/","name":"Egy tour packages","description":"","publisher":{"@id":"https:\/\/egytourpackages.com\/es\/#organization"},"potentialAction":[{"@type":"SearchAction","target":{"@type":"EntryPoint","urlTemplate":"https:\/\/egytourpackages.com\/es\/?s={search_term_string}"},"query-input":{"@type":"PropertyValueSpecification","valueRequired":true,"valueName":"search_term_string"}}],"inLanguage":"es"},{"@type":["Organization","Place","TravelAgency"],"@id":"https:\/\/egytourpackages.com\/es\/#organization","name":"egypt tour packages","alternateName":"egypt tour packages","url":"https:\/\/egytourpackages.com\/es\/","logo":{"@id":"https:\/\/egytourpackages.com\/es\/tours\/safari-por-la-manana-desde-marsa-alam\/#local-main-organization-logo"},"image":{"@id":"https:\/\/egytourpackages.com\/es\/tours\/safari-por-la-manana-desde-marsa-alam\/#local-main-organization-logo"},"sameAs":["https:\/\/www.facebook.com\/egytourpackages"],"legalName":"Egy tour packages","address":{"@id":"https:\/\/egytourpackages.com\/es\/tours\/safari-por-la-manana-desde-marsa-alam\/#local-main-place-address"},"telephone":["00201000852186","00201028685533"],"contactPoint":{"@type":"ContactPoint","telephone":"00201000852186"},"openingHoursSpecification":[{"@type":"OpeningHoursSpecification","dayOfWeek":["Monday","Tuesday","Wednesday","Thursday","Friday","Saturday","Sunday"],"opens":"00:00","closes":"23:59"}],"email":"info@egytourpackages.com","areaServed":"Cairo, Hurghada, Luxor, Sharm El Sheikh, Marsa Alam, Aswan","priceRange":"$","currenciesAccepted":"euro","paymentAccepted":"Payment links online"},{"@type":"PostalAddress","@id":"https:\/\/egytourpackages.com\/es\/tours\/safari-por-la-manana-desde-marsa-alam\/#local-main-place-address","streetAddress":"Mubarak 8, Al Kawthar District, Hurghada","addressLocality":"Hurghada","postalCode":"84511","addressRegion":"Red Sea","addressCountry":"EG"},{"@type":"ImageObject","inLanguage":"es","@id":"https:\/\/egytourpackages.com\/es\/tours\/safari-por-la-manana-desde-marsa-alam\/#local-main-organization-logo","url":"https:\/\/egytourpackages.com\/wp-content\/uploads\/2025\/12\/Turquoise-Dahabiya-Nile-Cruise-1.jpeg","contentUrl":"https:\/\/egytourpackages.com\/wp-content\/uploads\/2025\/12\/Turquoise-Dahabiya-Nile-Cruise-1.jpeg","width":1040,"height":694,"caption":"egypt tour packages"}]},"product_brand":"Excursiones Egipto","product_price_amount":"30","product_price_currency":"EUR","og_availability":"instock","product_availability":"instock","product_retailer_item_id":"MAT19","product_condition":"new","geo.placename":"Hurghada","geo.region":"Egipto"},"_links":{"self":[{"href":"https:\/\/egytourpackages.com\/es\/wp-json\/wp\/v2\/product\/14080","targetHints":{"allow":["GET"]}}],"collection":[{"href":"https:\/\/egytourpackages.com\/es\/wp-json\/wp\/v2\/product"}],"about":[{"href":"https:\/\/egytourpackages.com\/es\/wp-json\/wp\/v2\/types\/product"}],"replies":[{"embeddable":true,"href":"https:\/\/egytourpackages.com\/es\/wp-json\/wp\/v2\/comments?post=14080"}],"wp:featuredmedia":[{"embeddable":true,"href":"https:\/\/egytourpackages.com\/es\/wp-json\/wp\/v2\/media\/9500"}],"wp:attachment":[{"href":"https:\/\/egytourpackages.com\/es\/wp-json\/wp\/v2\/media?parent=14080"}],"wp:term":[{"taxonomy":"product_brand","embeddable":true,"href":"https:\/\/egytourpackages.com\/es\/wp-json\/wp\/v2\/product_brand?post=14080"},{"taxonomy":"product_cat","embeddable":true,"href":"https:\/\/egytourpackages.com\/es\/wp-json\/wp\/v2\/product_cat?post=14080"},{"taxonomy":"product_tag","embeddable":true,"href":"https:\/\/egytourpackages.com\/es\/wp-json\/wp\/v2\/product_tag?post=14080"}],"curies":[{"name":"wp","href":"https:\/\/api.w.org\/{rel}","templated":true}]}}