{"id":14088,"date":"2025-11-30T22:43:52","date_gmt":"2025-11-30T22:43:52","guid":{"rendered":"https:\/\/egytourpackages.com\/product\/golden-safari-tour-desde-marsa-alam\/"},"modified":"2026-01-27T22:37:36","modified_gmt":"2026-01-27T22:37:36","slug":"golden-safari-tour-desde-marsa-alam","status":"publish","type":"product","link":"https:\/\/egytourpackages.com\/es\/tours\/golden-safari-tour-desde-marsa-alam\/","title":{"rendered":"Golden Safari tour desde Marsa Alam"},"content":{"rendered":"<p><span style=\"color: #ff6600;\"><strong>Golden Safari tour desde Marsa Alam <\/strong><\/span><\/p>\n<p><span style=\"color: #800000;\"><em><strong>| Jeep 4*4 | Buggy | Paseo en Camello | Cena BBQ | Observaci\u00f3n de Estrellas<\/strong><\/em><\/span><\/p>\n<p>El <strong>Golden Safari tour desde Marsa Alam<\/strong> es la mejor <strong>excursi\u00f3n de aventura en el desierto<\/strong> \u00abtodo en uno\u00bb, que combina a la perfecci\u00f3n emociones fuertes, experiencias culturales y una espectacular <strong>observaci\u00f3n de estrellas<\/strong> bajo el cielo despejado del <strong>Desierto Ar\u00e1bigo<\/strong>.<\/p>\n<p>Este itinerario cuidadosamente dise\u00f1ado comienza con un robusto <strong>tour en jeep 4\u00d74<\/strong> y un recorrido panor\u00e1mico por los impresionantes paisajes de la <strong>Monta\u00f1a Dorada<\/strong>.<\/p>\n<p>Los amantes de la adrenalina disfrutar\u00e1n de un extenso <strong>recorrido de 40 minutos en quad (ATV)<\/strong> y de un emocionante <strong>paseo de 15 minutos en buggy<\/strong> por las dunas. Para equilibrar la velocidad, el tour incluye un cl\u00e1sico y tranquilo <strong>paseo en camello<\/strong> y una visita a la <strong>casa de los reptiles<\/strong> para conocer de cerca el ecosistema del desierto.<\/p>\n<p>La noche es igual de memorable: los viajeros se re\u00fanen en un punto alto de la monta\u00f1a para presenciar un m\u00e1gico <strong>atardecer<\/strong> sobre la arena. A esto le sigue una deliciosa <strong>cena buffet libre<\/strong> con cocina beduina y una animada <strong>fiesta nocturna<\/strong> con espect\u00e1culos culturales.<\/p>\n<p>La velada culmina con una experiencia profesional de <strong>observaci\u00f3n de estrellas<\/strong>, donde un especialista le guiar\u00e1 a trav\u00e9s del incre\u00edble y puro cielo nocturno utilizando un potente <strong>telescopio<\/strong>. Es el <strong>mejor safari en Marsa Alam<\/strong> para disfrutar de una mezcla inolvidable de aventura y astronom\u00eda, con todos los traslados incluidos.<\/p>\n<h3><span style=\"color: #ff6600;\">Detalles<\/span><\/h3>\n<ul>\n<li>Duraci\u00f3n: 6 horas<\/li>\n<li>Ubicaci\u00f3n del tour: Desierto Ar\u00e1bigo, Marsa Alam<\/li>\n<li>Disponibilidad del tour: Bajo petici\u00f3n<\/li>\n<li>Recogida y regreso: Hoteles de Marsa Alam<\/li>\n<li>Tipo de tour: Grupo \/ Privado<\/li>\n<li>Idioma: Espa\u00f1ol<\/li>\n<\/ul>\n<h3><span style=\"color: #ff6600;\">Puntos Destacados<\/span><\/h3>\n<ul>\n<li>Paseo en quad (ATV) de unos 35 km<\/li>\n<li>Paseo en buggy<\/li>\n<li>Paseo en camello<\/li>\n<li>Observaci\u00f3n de estrellas<\/li>\n<li>Explorar el estilo de vida beduino<\/li>\n<li>Casa de los Reptiles<\/li>\n<\/ul>\n<h3><span style=\"color: #ff6600;\">Incluido<\/span><\/h3>\n<ul>\n<li>Recogida y regreso a los hoteles de Marsa Alam<\/li>\n<li>Un gu\u00eda profesional del desierto de habla hispana\/inglesa<\/li>\n<li>Paseo en camello en el desierto de Marsa Alam<\/li>\n<li>Prueba de conducci\u00f3n antes de comenzar el tour<\/li>\n<li>Quad (ATV), Buggy, cena BBQ y observaci\u00f3n de estrellas<\/li>\n<li>Todos los cargos por servicio e impuestos est\u00e1n incluidos en el precio<\/li>\n<\/ul>\n<h3><span style=\"color: #ff6600;\">No Incluido<\/span><\/h3>\n<ul>\n<li>DVD y fotos del fot\u00f3grafo<\/li>\n<li>Propinas<\/li>\n<li>Cualquier cosa no mencionada en el programa<\/li>\n<\/ul>\n<h3><span style=\"color: #ff6600;\">Qu\u00e9 llevar<\/span><\/h3>\n<ul>\n<li>Copia de su pasaporte<\/li>\n<li>Sombrero, gafas de sol y protector solar<\/li>\n<li>Calzado y ropa c\u00f3modos<\/li>\n<\/ul>\n<h3><span style=\"color: #ff6600;\">Tenga en cuenta<\/span><\/h3>\n<ul>\n<li>Todas nuestras excursiones est\u00e1n totalmente aseguradas<\/li>\n<li>Se recomienda el uso de cascos<\/li>\n<li>Pa\u00f1uelos (5 euros)<\/li>\n<li>Gafas protectoras de alquiler (2 euros por unidad)<\/li>\n<\/ul>\n<h2><span style=\"color: #ff6600;\">Itinerario<\/span><\/h2>\n<h3><span style=\"color: #ff6600;\">\u00a1Descubra la mejor aventura de Safari por el Desierto de Marsa Alam!<\/span><\/h3>\n<p>Escape del hotel para disfrutar de una tarde estimulante y una noche inolvidable en el <strong>Golden Safari Tour<\/strong>, un viaje lleno de acci\u00f3n al magn\u00edfico <strong>Desierto Ar\u00e1bigo<\/strong> que ofrece un sabor aut\u00e9ntico de la aventura egipcia.<\/p>\n<p>Su emocionante experiencia comienza con un c\u00f3modo traslado en 4\u00d74 directamente desde su hotel, adentr\u00e1ndose en el paisaje del <strong>desierto de Marsa Alam<\/strong>.<\/p>\n<p>Prep\u00e1rese para una descarga de adrenalina con un <strong>tour en jeep 4\u00d74<\/strong>, navegando por dunas desafiantes y terrenos escarpados. A continuaci\u00f3n, suba a bordo de un potente <strong>quad (ATV)<\/strong> para un emocionante <strong>recorrido de 40 minutos en quad<\/strong> por las arenas doradas; sienta la libertad del desierto mientras acelera por el paisaje.<\/p>\n<p>Siga con un <strong>paseo de 15 minutos en buggy<\/strong> a alta velocidad, que le permitir\u00e1 probar la emoci\u00f3n de las carreras todoterreno.<\/p>\n<p>El viaje contin\u00faa hacia la <strong>Monta\u00f1a Dorada<\/strong>, donde disfrutar\u00e1 de un <strong>recorrido panor\u00e1mico<\/strong> que ofrece <strong>vistas impresionantes del desierto<\/strong> que se extienden hasta el horizonte, algo imprescindible para los amantes de la fotograf\u00eda.<\/p>\n<p>Aqu\u00ed, tambi\u00e9n tendr\u00e1 una parada cultural para ver la <strong>Casa de los Reptiles<\/strong> y aprender sobre el ecosistema \u00fanico del desierto.<\/p>\n<p>Rel\u00e1jese con un <strong>tradicional paseo en camello<\/strong>, que le permitir\u00e1 balancearse pac\u00edficamente sobre la arena como un antiguo viajero.<\/p>\n<p>A medida que el d\u00eda da paso a la noche, suba a un punto alto de la monta\u00f1a para presenciar un <strong>atardecer espectacular<\/strong> sobre el desierto, que proyecta un brillo dorado m\u00e1gico por todas partes.<\/p>\n<p>Tras la impresionante puesta de sol, es hora de disfrutar de una deliciosa <strong>cena buffet libre<\/strong>, con aut\u00e9ntica barbacoa y cocina beduina servida en un campamento tradicional del desierto.<\/p>\n<p>Despu\u00e9s de la cena, el ambiente se vuelve festivo con una <strong>fiesta nocturna<\/strong>: disfrute de m\u00fasica local, actuaciones tradicionales y un ambiente animado bajo las estrellas.<\/p>\n<h3><span style=\"color: #ff6600;\">Observaci\u00f3n de estrellas<\/span><\/h3>\n<p>El gran final es una incre\u00edble experiencia de <strong>observaci\u00f3n de estrellas<\/strong>; con la ayuda de un <strong>astr\u00f3nomo especialista<\/strong> y un <strong>telescopio de alta potencia<\/strong>, observar\u00e1 el cielo nocturno despejado y puro de <strong>Marsa Alam<\/strong>, identificando constelaciones, planetas y maravillas celestiales.<\/p>\n<p>Despu\u00e9s de un d\u00eda completo de aventura, cultura y descubrimiento, ser\u00e1 trasladado de forma segura <strong>de regreso a su hotel<\/strong>. \u00a1Este es el <strong>mejor safari por el desierto de Marsa Alam<\/strong> para los buscadores de aventuras y entusiastas de la astronom\u00eda!<\/p>\n<h3><span style=\"color: #ff6600;\">Precio del Golden Safari tour desde Marsa Alam<\/span><\/h3>\n<ul>\n<li>Precio Adultos = 45 \u20ac<\/li>\n<li>Ni\u00f1os 0-5 a\u00f1os = Gratis<\/li>\n<li>Ni\u00f1os 5-11 a\u00f1os = 50% del precio de adulto<\/li>\n<\/ul>\n<h3><span style=\"color: #ff6600;\">Reserva<\/span><\/h3>\n<p>Puede reservar su tour v\u00eda WhatsApp o enviarnos un correo electr\u00f3nico y recibir\u00e1 la confirmaci\u00f3n en el acto.<\/p>\n<p>Por favor, env\u00edenos el nombre de su hotel, n\u00famero de habitaci\u00f3n y copias del pasaporte.<\/p>\n<p>WhatsApp: +201000852186<\/p>\n<p>E-mail: info@egytourpackages.com<\/p>\n<h3><span style=\"color: #ff6600;\">Reserve ahora y pague en el lugar<\/span><\/h3>\n<p>Reserve su tour favorito y pague el d\u00eda del viaje.<\/p>\n<h3><span style=\"color: #ff6600;\">Pago<\/span><\/h3>\n<p>Puede pagar en libras egipcias, $, \u20ac\u200e o \u00a3.<\/p>\n<h3><span style=\"color: #ff6600;\">Pol\u00edtica de Cancelaci\u00f3n<\/span><\/h3>\n<ul>\n<li>La cancelaci\u00f3n es gratuita hasta con 24 horas de antelaci\u00f3n.<\/li>\n<li>La cancelaci\u00f3n por la ma\u00f1ana conlleva un cargo del 50% del precio.<\/li>\n<\/ul>\n","protected":false},"excerpt":{"rendered":"<p>Reserva con Golden Safari tour desde Marsa Alam y vive una aventura \u00fanica. Disfruta de quads, camellos y cena beduina bajo las estrellas. \u00a1Garantizada!<\/p>\n","protected":false},"featured_media":14120,"comment_status":"closed","ping_status":"closed","template":"","meta":[],"product_brand":[],"product_cat":[3128],"product_tag":[3280,3188],"class_list":{"0":"post-14088","1":"product","2":"type-product","3":"status-publish","4":"has-post-thumbnail","6":"product_cat-tours","7":"product_tag-excursiones-a-marsa-alam","8":"product_tag-excursiones-egipto","9":"tour_category-excursiones-egipto-es","10":"tour_category-excursiones-en-marsa-alam-es","12":"first","13":"instock","14":"sale","15":"shipping-taxable","16":"purchasable","17":"product-type-tour","18":"has-default-attributes"},"yoast_head":"<!-- This site is optimized with the Yoast SEO Premium plugin v27.2 (Yoast SEO v27.2) - https:\/\/yoast.com\/product\/yoast-seo-premium-wordpress\/ -->\n<title>Golden Safari tour desde Marsa Alam<\/title>\n<meta name=\"description\" content=\"Reserva con Golden Safari tour desde Marsa Alam y vive una aventura \u00fanica. Disfruta de quads, camellos y cena beduina bajo las estrellas. \u00a1Garantizada!\" \/>\n<meta name=\"robots\" content=\"index, follow, max-snippet:-1, max-image-preview:large, max-video-preview:-1\" \/>\n<link rel=\"canonical\" href=\"https:\/\/egytourpackages.com\/es\/tours\/golden-safari-tour-desde-marsa-alam\/\" \/>\n<meta property=\"og:locale\" content=\"es_ES\" \/>\n<meta property=\"og:type\" content=\"article\" \/>\n<meta property=\"og:title\" content=\"Golden Safari tour desde Marsa Alam\" \/>\n<meta property=\"og:description\" content=\"Reserva con Golden Safari tour desde Marsa Alam y vive una aventura \u00fanica. Disfruta de quads, camellos y cena beduina bajo las estrellas. \u00a1Garantizada!\" \/>\n<meta property=\"og:url\" content=\"https:\/\/egytourpackages.com\/es\/tours\/golden-safari-tour-desde-marsa-alam\/\" \/>\n<meta property=\"og:site_name\" content=\"Egypt Tour Packages\" \/>\n<meta property=\"article:publisher\" content=\"https:\/\/www.facebook.com\/egytourpackages\" \/>\n<meta property=\"article:modified_time\" content=\"2026-01-27T22:37:36+00:00\" \/>\n<meta property=\"og:image\" content=\"https:\/\/egytourpackages.com\/wp-content\/uploads\/2025\/11\/Golden-Safari-tour-from-Marsa-Alam-1024x768.jpg\" \/>\n<meta name=\"twitter:card\" content=\"summary_large_image\" \/>\n<meta name=\"twitter:title\" content=\"Golden Safari tour desde Marsa Alam\" \/>\n<meta name=\"twitter:label1\" content=\"Precio\" \/>\n\t<meta name=\"twitter:data1\" content=\"&euro;45\" \/>\n\t<meta name=\"twitter:label2\" content=\"Disponibilidad\" \/>\n\t<meta name=\"twitter:data2\" content=\"Disponible\" \/>\n<script type=\"application\/ld+json\" class=\"yoast-schema-graph\">{\"@context\":\"https:\/\/schema.org\",\"@graph\":[{\"@type\":\"WebPage\",\"@id\":\"https:\/\/egytourpackages.com\/es\/tours\/golden-safari-tour-desde-marsa-alam\/\",\"url\":\"https:\/\/egytourpackages.com\/es\/tours\/golden-safari-tour-desde-marsa-alam\/\",\"name\":\"Golden Safari tour desde Marsa Alam\",\"isPartOf\":{\"@id\":\"https:\/\/egytourpackages.com\/es\/#website\"},\"primaryImageOfPage\":{\"@id\":\"https:\/\/egytourpackages.com\/es\/tours\/golden-safari-tour-desde-marsa-alam\/#primaryimage\"},\"image\":{\"@id\":\"https:\/\/egytourpackages.com\/es\/tours\/golden-safari-tour-desde-marsa-alam\/#primaryimage\"},\"thumbnailUrl\":\"https:\/\/egytourpackages.com\/wp-content\/uploads\/2025\/11\/Golden-Safari-tour-from-Marsa-Alam-1.jpg\",\"datePublished\":\"2025-11-30T22:43:52+00:00\",\"dateModified\":\"2026-01-27T22:37:36+00:00\",\"description\":\"Reserva con Golden Safari tour desde Marsa Alam y vive una aventura \u00fanica. Disfruta de quads, camellos y cena beduina bajo las estrellas. \u00a1Garantizada!\",\"breadcrumb\":{\"@id\":\"https:\/\/egytourpackages.com\/es\/tours\/golden-safari-tour-desde-marsa-alam\/#breadcrumb\"},\"inLanguage\":\"es\",\"potentialAction\":[{\"@type\":\"ReadAction\",\"target\":[\"https:\/\/egytourpackages.com\/es\/tours\/golden-safari-tour-desde-marsa-alam\/\"]}]},{\"@type\":\"ImageObject\",\"inLanguage\":\"es\",\"@id\":\"https:\/\/egytourpackages.com\/es\/tours\/golden-safari-tour-desde-marsa-alam\/#primaryimage\",\"url\":\"https:\/\/egytourpackages.com\/wp-content\/uploads\/2025\/11\/Golden-Safari-tour-from-Marsa-Alam-1.jpg\",\"contentUrl\":\"https:\/\/egytourpackages.com\/wp-content\/uploads\/2025\/11\/Golden-Safari-tour-from-Marsa-Alam-1.jpg\",\"width\":1400,\"height\":934,\"caption\":\"Golden Safari tour from Marsa Alam\"},{\"@type\":\"BreadcrumbList\",\"@id\":\"https:\/\/egytourpackages.com\/es\/tours\/golden-safari-tour-desde-marsa-alam\/#breadcrumb\",\"itemListElement\":[{\"@type\":\"ListItem\",\"position\":1,\"name\":\"Home\",\"item\":\"https:\/\/egytourpackages.com\/es\/paquetes-de-viaje-a-egipto\/\"},{\"@type\":\"ListItem\",\"position\":2,\"name\":\"Shop\",\"item\":\"https:\/\/egytourpackages.com\/shop\/\"},{\"@type\":\"ListItem\",\"position\":3,\"name\":\"Golden Safari tour desde Marsa Alam\"}]},{\"@type\":\"WebSite\",\"@id\":\"https:\/\/egytourpackages.com\/es\/#website\",\"url\":\"https:\/\/egytourpackages.com\/es\/\",\"name\":\"Egy tour packages\",\"description\":\"\",\"publisher\":{\"@id\":\"https:\/\/egytourpackages.com\/es\/#organization\"},\"potentialAction\":[{\"@type\":\"SearchAction\",\"target\":{\"@type\":\"EntryPoint\",\"urlTemplate\":\"https:\/\/egytourpackages.com\/es\/?s={search_term_string}\"},\"query-input\":{\"@type\":\"PropertyValueSpecification\",\"valueRequired\":true,\"valueName\":\"search_term_string\"}}],\"inLanguage\":\"es\"},{\"@type\":[\"Organization\",\"Place\",\"TravelAgency\"],\"@id\":\"https:\/\/egytourpackages.com\/es\/#organization\",\"name\":\"egypt tour packages\",\"alternateName\":\"egypt tour packages\",\"url\":\"https:\/\/egytourpackages.com\/es\/\",\"logo\":{\"@id\":\"https:\/\/egytourpackages.com\/es\/tours\/golden-safari-tour-desde-marsa-alam\/#local-main-organization-logo\"},\"image\":{\"@id\":\"https:\/\/egytourpackages.com\/es\/tours\/golden-safari-tour-desde-marsa-alam\/#local-main-organization-logo\"},\"sameAs\":[\"https:\/\/www.facebook.com\/egytourpackages\"],\"legalName\":\"Egy tour packages\",\"address\":{\"@id\":\"https:\/\/egytourpackages.com\/es\/tours\/golden-safari-tour-desde-marsa-alam\/#local-main-place-address\"},\"telephone\":[\"00201000852186\",\"00201028685533\"],\"contactPoint\":{\"@type\":\"ContactPoint\",\"telephone\":\"00201000852186\"},\"openingHoursSpecification\":[{\"@type\":\"OpeningHoursSpecification\",\"dayOfWeek\":[\"Monday\",\"Tuesday\",\"Wednesday\",\"Thursday\",\"Friday\",\"Saturday\",\"Sunday\"],\"opens\":\"00:00\",\"closes\":\"23:59\"}],\"email\":\"info@egytourpackages.com\",\"areaServed\":\"Cairo, Hurghada, Luxor, Sharm El Sheikh, Marsa Alam, Aswan\",\"priceRange\":\"$\",\"currenciesAccepted\":\"euro\",\"paymentAccepted\":\"Payment links online\"},{\"@type\":\"PostalAddress\",\"@id\":\"https:\/\/egytourpackages.com\/es\/tours\/golden-safari-tour-desde-marsa-alam\/#local-main-place-address\",\"streetAddress\":\"Mubarak 8, Al Kawthar District, Hurghada\",\"addressLocality\":\"Hurghada\",\"postalCode\":\"84511\",\"addressRegion\":\"Red Sea\",\"addressCountry\":\"EG\"},{\"@type\":\"ImageObject\",\"inLanguage\":\"es\",\"@id\":\"https:\/\/egytourpackages.com\/es\/tours\/golden-safari-tour-desde-marsa-alam\/#local-main-organization-logo\",\"url\":\"https:\/\/egytourpackages.com\/wp-content\/uploads\/2025\/12\/Turquoise-Dahabiya-Nile-Cruise-1.jpeg\",\"contentUrl\":\"https:\/\/egytourpackages.com\/wp-content\/uploads\/2025\/12\/Turquoise-Dahabiya-Nile-Cruise-1.jpeg\",\"width\":1040,\"height\":694,\"caption\":\"egypt tour packages\"}]}<\/script>\n<meta property=\"product:brand\" content=\"Excursiones Egipto\" \/>\n<meta property=\"product:price:amount\" content=\"45\" \/>\n<meta property=\"product:price:currency\" content=\"EUR\" \/>\n<meta property=\"og:availability\" content=\"instock\" \/>\n<meta property=\"product:availability\" content=\"instock\" \/>\n<meta property=\"product:retailer_item_id\" content=\"MAT18\" \/>\n<meta property=\"product:condition\" content=\"new\" \/>\n<meta name=\"geo.placename\" content=\"Hurghada\" \/>\n<meta name=\"geo.region\" content=\"Egipto\" \/>\n<!-- \/ Yoast SEO Premium plugin. -->","yoast_head_json":{"title":"Golden Safari tour desde Marsa Alam","description":"Reserva con Golden Safari tour desde Marsa Alam y vive una aventura \u00fanica. Disfruta de quads, camellos y cena beduina bajo las estrellas. \u00a1Garantizada!","robots":{"index":"index","follow":"follow","max-snippet":"max-snippet:-1","max-image-preview":"max-image-preview:large","max-video-preview":"max-video-preview:-1"},"canonical":"https:\/\/egytourpackages.com\/es\/tours\/golden-safari-tour-desde-marsa-alam\/","og_locale":"es_ES","og_type":"article","og_title":"Golden Safari tour desde Marsa Alam","og_description":"Reserva con Golden Safari tour desde Marsa Alam y vive una aventura \u00fanica. Disfruta de quads, camellos y cena beduina bajo las estrellas. \u00a1Garantizada!","og_url":"https:\/\/egytourpackages.com\/es\/tours\/golden-safari-tour-desde-marsa-alam\/","og_site_name":"Egypt Tour Packages","article_publisher":"https:\/\/www.facebook.com\/egytourpackages","article_modified_time":"2026-01-27T22:37:36+00:00","og_image":[{"url":"https:\/\/egytourpackages.com\/wp-content\/uploads\/2025\/11\/Golden-Safari-tour-from-Marsa-Alam-1024x768.jpg","type":"","width":"","height":""}],"twitter_card":"summary_large_image","twitter_title":"Golden Safari tour desde Marsa Alam","twitter_misc":{"Precio":"&euro;45","Disponibilidad":"Disponible"},"schema":{"@context":"https:\/\/schema.org","@graph":[{"@type":"WebPage","@id":"https:\/\/egytourpackages.com\/es\/tours\/golden-safari-tour-desde-marsa-alam\/","url":"https:\/\/egytourpackages.com\/es\/tours\/golden-safari-tour-desde-marsa-alam\/","name":"Golden Safari tour desde Marsa Alam","isPartOf":{"@id":"https:\/\/egytourpackages.com\/es\/#website"},"primaryImageOfPage":{"@id":"https:\/\/egytourpackages.com\/es\/tours\/golden-safari-tour-desde-marsa-alam\/#primaryimage"},"image":{"@id":"https:\/\/egytourpackages.com\/es\/tours\/golden-safari-tour-desde-marsa-alam\/#primaryimage"},"thumbnailUrl":"https:\/\/egytourpackages.com\/wp-content\/uploads\/2025\/11\/Golden-Safari-tour-from-Marsa-Alam-1.jpg","datePublished":"2025-11-30T22:43:52+00:00","dateModified":"2026-01-27T22:37:36+00:00","description":"Reserva con Golden Safari tour desde Marsa Alam y vive una aventura \u00fanica. Disfruta de quads, camellos y cena beduina bajo las estrellas. \u00a1Garantizada!","breadcrumb":{"@id":"https:\/\/egytourpackages.com\/es\/tours\/golden-safari-tour-desde-marsa-alam\/#breadcrumb"},"inLanguage":"es","potentialAction":[{"@type":"ReadAction","target":["https:\/\/egytourpackages.com\/es\/tours\/golden-safari-tour-desde-marsa-alam\/"]}]},{"@type":"ImageObject","inLanguage":"es","@id":"https:\/\/egytourpackages.com\/es\/tours\/golden-safari-tour-desde-marsa-alam\/#primaryimage","url":"https:\/\/egytourpackages.com\/wp-content\/uploads\/2025\/11\/Golden-Safari-tour-from-Marsa-Alam-1.jpg","contentUrl":"https:\/\/egytourpackages.com\/wp-content\/uploads\/2025\/11\/Golden-Safari-tour-from-Marsa-Alam-1.jpg","width":1400,"height":934,"caption":"Golden Safari tour from Marsa Alam"},{"@type":"BreadcrumbList","@id":"https:\/\/egytourpackages.com\/es\/tours\/golden-safari-tour-desde-marsa-alam\/#breadcrumb","itemListElement":[{"@type":"ListItem","position":1,"name":"Home","item":"https:\/\/egytourpackages.com\/es\/paquetes-de-viaje-a-egipto\/"},{"@type":"ListItem","position":2,"name":"Shop","item":"https:\/\/egytourpackages.com\/shop\/"},{"@type":"ListItem","position":3,"name":"Golden Safari tour desde Marsa Alam"}]},{"@type":"WebSite","@id":"https:\/\/egytourpackages.com\/es\/#website","url":"https:\/\/egytourpackages.com\/es\/","name":"Egy tour packages","description":"","publisher":{"@id":"https:\/\/egytourpackages.com\/es\/#organization"},"potentialAction":[{"@type":"SearchAction","target":{"@type":"EntryPoint","urlTemplate":"https:\/\/egytourpackages.com\/es\/?s={search_term_string}"},"query-input":{"@type":"PropertyValueSpecification","valueRequired":true,"valueName":"search_term_string"}}],"inLanguage":"es"},{"@type":["Organization","Place","TravelAgency"],"@id":"https:\/\/egytourpackages.com\/es\/#organization","name":"egypt tour packages","alternateName":"egypt tour packages","url":"https:\/\/egytourpackages.com\/es\/","logo":{"@id":"https:\/\/egytourpackages.com\/es\/tours\/golden-safari-tour-desde-marsa-alam\/#local-main-organization-logo"},"image":{"@id":"https:\/\/egytourpackages.com\/es\/tours\/golden-safari-tour-desde-marsa-alam\/#local-main-organization-logo"},"sameAs":["https:\/\/www.facebook.com\/egytourpackages"],"legalName":"Egy tour packages","address":{"@id":"https:\/\/egytourpackages.com\/es\/tours\/golden-safari-tour-desde-marsa-alam\/#local-main-place-address"},"telephone":["00201000852186","00201028685533"],"contactPoint":{"@type":"ContactPoint","telephone":"00201000852186"},"openingHoursSpecification":[{"@type":"OpeningHoursSpecification","dayOfWeek":["Monday","Tuesday","Wednesday","Thursday","Friday","Saturday","Sunday"],"opens":"00:00","closes":"23:59"}],"email":"info@egytourpackages.com","areaServed":"Cairo, Hurghada, Luxor, Sharm El Sheikh, Marsa Alam, Aswan","priceRange":"$","currenciesAccepted":"euro","paymentAccepted":"Payment links online"},{"@type":"PostalAddress","@id":"https:\/\/egytourpackages.com\/es\/tours\/golden-safari-tour-desde-marsa-alam\/#local-main-place-address","streetAddress":"Mubarak 8, Al Kawthar District, Hurghada","addressLocality":"Hurghada","postalCode":"84511","addressRegion":"Red Sea","addressCountry":"EG"},{"@type":"ImageObject","inLanguage":"es","@id":"https:\/\/egytourpackages.com\/es\/tours\/golden-safari-tour-desde-marsa-alam\/#local-main-organization-logo","url":"https:\/\/egytourpackages.com\/wp-content\/uploads\/2025\/12\/Turquoise-Dahabiya-Nile-Cruise-1.jpeg","contentUrl":"https:\/\/egytourpackages.com\/wp-content\/uploads\/2025\/12\/Turquoise-Dahabiya-Nile-Cruise-1.jpeg","width":1040,"height":694,"caption":"egypt tour packages"}]},"product_brand":"Excursiones Egipto","product_price_amount":"45","product_price_currency":"EUR","og_availability":"instock","product_availability":"instock","product_retailer_item_id":"MAT18","product_condition":"new","geo.placename":"Hurghada","geo.region":"Egipto"},"_links":{"self":[{"href":"https:\/\/egytourpackages.com\/es\/wp-json\/wp\/v2\/product\/14088","targetHints":{"allow":["GET"]}}],"collection":[{"href":"https:\/\/egytourpackages.com\/es\/wp-json\/wp\/v2\/product"}],"about":[{"href":"https:\/\/egytourpackages.com\/es\/wp-json\/wp\/v2\/types\/product"}],"replies":[{"embeddable":true,"href":"https:\/\/egytourpackages.com\/es\/wp-json\/wp\/v2\/comments?post=14088"}],"wp:featuredmedia":[{"embeddable":true,"href":"https:\/\/egytourpackages.com\/es\/wp-json\/wp\/v2\/media\/14120"}],"wp:attachment":[{"href":"https:\/\/egytourpackages.com\/es\/wp-json\/wp\/v2\/media?parent=14088"}],"wp:term":[{"taxonomy":"product_brand","embeddable":true,"href":"https:\/\/egytourpackages.com\/es\/wp-json\/wp\/v2\/product_brand?post=14088"},{"taxonomy":"product_cat","embeddable":true,"href":"https:\/\/egytourpackages.com\/es\/wp-json\/wp\/v2\/product_cat?post=14088"},{"taxonomy":"product_tag","embeddable":true,"href":"https:\/\/egytourpackages.com\/es\/wp-json\/wp\/v2\/product_tag?post=14088"}],"curies":[{"name":"wp","href":"https:\/\/api.w.org\/{rel}","templated":true}]}}