{"id":14772,"date":"2025-11-04T14:04:09","date_gmt":"2025-11-04T14:04:09","guid":{"rendered":"https:\/\/egytourpackages.com\/product\/tour-al-oasis-de-siwa-de-2-dias-desde-el-cairo\/"},"modified":"2026-02-10T20:34:41","modified_gmt":"2026-02-10T20:34:41","slug":"tour-al-oasis-de-siwa-de-2-dias-desde-el-cairo","status":"publish","type":"product","link":"https:\/\/egytourpackages.com\/es\/tours\/tour-al-oasis-de-siwa-de-2-dias-desde-el-cairo\/","title":{"rendered":"Tour al Oasis de Siwa de 2 d\u00edas desde El Cairo"},"content":{"rendered":"<p><span style=\"color: #ff6600;\"><strong>Tour al Oasis de Siwa de 2 d\u00edas desde El Cairo: La aventura definitiva en el deserto<\/strong><\/span><\/p>\n<p>Comienza el definitivo <strong>Tour al Oasis de Siwa de 2 d\u00edas desde El Cairo<\/strong>, una aventura transformadora de 2 d\u00edas por el <strong>Desierto Occidental de Egipto<\/strong>. Este viaje r\u00e1pido y de alto impacto est\u00e1 dise\u00f1ado para sumergirte en la belleza remota y la profunda historia del <strong>Oasis de Siwa<\/strong>, a menudo llamado la joya del Sahara.<\/p>\n<p>La expedici\u00f3n comienza con un c\u00f3modo traslado nocturno, asegurando que llegues descansado y listo para el descubrimiento. Tu primera parada es el legendario <strong>Templo del Or\u00e1culo de Am\u00f3n<\/strong>, un sitio de inmensa importancia hist\u00f3rica donde Alejandro Magno busc\u00f3 una vez la confirmaci\u00f3n divina.<\/p>\n<p>A continuaci\u00f3n, experimenta las aguas surreales y terap\u00e9uticas de los <strong>lagos de sal de Siwa flotando<\/strong>, seguido de un refrescante ba\u00f1o en la famosa fuente del <strong>Ba\u00f1o de Cleopatra<\/strong>.<\/p>\n<p>La tarde sube de intensidad con un emocionante <strong>Safari por el Gran Mar de Arena<\/strong>, que incluye un divertido <strong>sandboarding<\/strong> por dunas imponentes y una exploraci\u00f3n profunda del desierto, antes de relajarte en la fuente natural de aguas termales y fr\u00edas de <strong>Bir Waheed<\/strong>.<\/p>\n<p>Pasar\u00e1s la noche en un lujo aut\u00e9ntico en el renombrado <strong>Ghaliet Eco-lodge Siwa<\/strong>. El segundo d\u00eda concluye tu aventura en el desierto explorando las ic\u00f3nicas ruinas de la <strong>Fortaleza de Shali<\/strong> de ladrillos de barro, antes de un pintoresco viaje de regreso por la costa v\u00eda <strong>Marsa Matrouh<\/strong>.<\/p>\n<p>Este itinerario es perfecto para los viajeros que buscan una inmersi\u00f3n cultural sin igual y emociones fuertes en el desierto.<\/p>\n<h3><span style=\"color: #ff6600;\">Detalles<\/span><\/h3>\n<ul>\n<li>Duraci\u00f3n: Viaje de 2 d\u00edas \/ 1 noche desde El Cairo<\/li>\n<li>Tipo de tour: Privado<\/li>\n<li>Disponibilidad: Todos los d\u00edas<\/li>\n<li>Tama\u00f1o del grupo: De 1 a 8 personas<\/li>\n<li>Idiomas: Espa\u00f1ol<\/li>\n<li>Horario: Reserva en l\u00ednea<\/li>\n<li>Recogida y traslado: Hoteles de El Cairo<\/li>\n<\/ul>\n<h3><span style=\"color: #ff6600;\">Puntos destacados<\/span><\/h3>\n<ul>\n<li>Lago salado<\/li>\n<li>Ba\u00f1o de Cleopatra<\/li>\n<li>Monta\u00f1a de los Muertos<\/li>\n<li>Monta\u00f1a Dakror<\/li>\n<li>Templo del Or\u00e1culo<\/li>\n<li>Gran Mar de Arena<\/li>\n<li>Aguas termales de Bir Wahed<\/li>\n<li>Fortaleza de Shali<\/li>\n<\/ul>\n<h3><span style=\"color: #ff6600;\">Inclusiones<\/span><\/h3>\n<ul>\n<li>Traslado de ida y vuelta con coches modernos con aire acondicionado desde El Cairo a Siwa y viceversa.<\/li>\n<li>Un gu\u00eda experto que habla espa\u00f1ol.<\/li>\n<li>1 noche de alojamiento en hotel a base de media pensi\u00f3n.<\/li>\n<li>Almuerzo en un restaurante local.<\/li>\n<li>Agua y aperitivos.<\/li>\n<li>Entradas a todos los sitios del programa.<\/li>\n<li>Impuestos y servicios.<\/li>\n<\/ul>\n<h3><span style=\"color: #ff6600;\">Exclusiones<\/span><\/h3>\n<ul>\n<li>Gastos personales.<\/li>\n<li>Bebidas alcoh\u00f3licas.<\/li>\n<li>Propinas.<\/li>\n<\/ul>\n<h3><span style=\"color: #ff6600;\">\u00bfQu\u00e9 llevar contigo?<\/span><\/h3>\n<ul>\n<li>Pasaportes.<\/li>\n<li>Sombrero, bufanda.<\/li>\n<li>Gafas de sol y protector solar.<\/li>\n<li>Trajes de ba\u00f1o.<\/li>\n<li>Ropa pesada en invierno.<\/li>\n<\/ul>\n<h2><span style=\"color: #993366;\"><em>Itinerario<\/em><\/span><\/h2>\n<h3><span style=\"color: #ff6600;\">D\u00eda 1: De El Cairo al Oasis de Siwa\u2014Descubrimiento del desierto<\/span><\/h3>\n<p>Nuestro intensivo <strong>Tour al Oasis de Siwa de dos d\u00edas desde El Cairo<\/strong> comienza con una salida temprana de tu hotel en El Cairo alrededor de la 01:00 am; el hotel te proporcionar\u00e1 cajas de desayuno para el viaje.<\/p>\n<p>A la llegada, nuestra inmersi\u00f3n hist\u00f3rica comienza inmediatamente visitando el antiguo <strong>Templo del Or\u00e1culo<\/strong> (Templo de Am\u00f3n), y luego procedemos a experimentar la sensaci\u00f3n \u00fanica y terap\u00e9utica de flotar en los hipnotizantes <strong>lagos de sal de Siwa<\/strong>.<\/p>\n<p>Despu\u00e9s de esto, nos relajaremos y nadaremos en las legendarias aguas del <strong>Ba\u00f1o de Cleopatra<\/strong> antes de dirigirnos a un lugar local para almorzar. Tras el almuerzo, la tarde escala hacia un emocionante <strong>Safari por el Gran Mar de Arena<\/strong>, donde descubrir\u00e1s el vasto desierto y disfrutar\u00e1s de un divertido <strong>sandboarding<\/strong> bajando por las imponentes dunas.<\/p>\n<p>Posteriormente, visitamos la fuente natural de aguas termales y fr\u00edas de <strong>Bir Waheed<\/strong> para una relajaci\u00f3n profunda, y disfrutaremos de un aut\u00e9ntico <strong>t\u00e9 beduino<\/strong> mientras el sol se pone sobre el Sahara; finalmente, cenaremos antes de instalarnos para pasar la noche en el renombrado <strong>Ghaliet Eco-lodge<\/strong>, Siwa, completando un d\u00eda rico en aventura y cultura.<\/p>\n<p><strong>Comidas:<\/strong> Desayuno, Almuerzo, Cena<\/p>\n<h3><span style=\"color: #ff6600;\">D\u00eda 2: Historia de Siwa y regreso a El Cairo<\/span><\/h3>\n<p>Comienza el d\u00eda con un abundante desayuno en el eco-lodge, al que seguir\u00e1 una exploraci\u00f3n de las ic\u00f3nicas e hist\u00f3ricas ruinas de la <strong>Fortaleza de Shali<\/strong> que domina el oasis.<\/p>\n<p>Despu\u00e9s de empaparnos de la historia de la ciudad de ladrillos de barro, comenzamos inmediatamente el largo y pintoresco viaje de regreso a El Cairo.<\/p>\n<p>De hecho, el viaje de regreso esencial nos lleva a trav\u00e9s de la hermosa ruta costera de <strong>Marsa Matrouh<\/strong>, con una importante parada para almorzar planeada en el camino.<\/p>\n<p>Finalmente, nuestro <strong>Tour al Oasis de Siwa desde El Cairo<\/strong> concluye al llegar de regreso a tu hotel de El Cairo, terminando esta memorable <strong>aventura por el Desierto Occidental de Egipto<\/strong>.<\/p>\n<p><strong>Comidas:<\/strong> Desayuno, Almuerzo<\/p>\n<h3><span style=\"color: #ff6600;\">Precio del Tour al Oasis de Siwa de 2 d\u00edas desde El Cairo<\/span><\/h3>\n<ul>\n<li>Precio Adulto = 400 \u20ac<\/li>\n<li>Ni\u00f1os 0-5 a\u00f1os = gratis<\/li>\n<li>Ni\u00f1os 5-11 a\u00f1os = 50% del precio de adulto<\/li>\n<\/ul>\n<h3><span style=\"color: #ff6600;\">Reserva<\/span><\/h3>\n<p>Puedes reservar tu tour v\u00eda WhatsApp o enviarnos un correo electr\u00f3nico, y recibir\u00e1s la confirmaci\u00f3n en el acto. Por favor, env\u00edanos el nombre de tu hotel, n\u00famero de habitaci\u00f3n y copias de los pasaportes.<\/p>\n<p>WhatsApp: +201000852186<\/p>\n<p>info@egytourpackages.com<\/p>\n<h3><span style=\"color: #ff6600;\">Reserva ahora y paga en el lugar<\/span><\/h3>\n<p>Reserva tu tour favorito y paga el d\u00eda del viaje.<\/p>\n<h3><span style=\"color: #ff6600;\">Pago<\/span><\/h3>\n<p>Puedes pagar en libras egipcias, $, \u20ac o \u00a3.<\/p>\n<h3><span style=\"color: #ff6600;\">Pol\u00edtica de cancelaci\u00f3n<\/span><\/h3>\n<ul>\n<li>La cancelaci\u00f3n es gratuita hasta con 24 horas de antelaci\u00f3n.<\/li>\n<li>La cancelaci\u00f3n por la ma\u00f1ana es del 50% del precio.<\/li>\n<\/ul>\n","protected":false},"excerpt":{"rendered":"<p>Tour al Oasis de Siwa de 2 d\u00edas desde El Cairo: explora el Templo de Am\u00f3n, el Ba\u00f1o de Cleopatra y las dunas del desierto. \u00a1Vive una aventura \u00e9pica en Egipto<\/p>\n","protected":false},"featured_media":9064,"comment_status":"closed","ping_status":"closed","template":"","meta":[],"product_brand":[],"product_cat":[3128],"product_tag":[3216,3188,3794],"class_list":{"0":"post-14772","1":"product","2":"type-product","3":"status-publish","4":"has-post-thumbnail","6":"product_cat-tours","7":"product_tag-excursiones-de-un-dia-en-el-cairo","8":"product_tag-excursiones-egipto","9":"product_tag-oasis-de-siwa","10":"tour_category-excursiones-al-oasis-de-siwa-desde-el-cairo","11":"tour_category-excursiones-egipto-es","12":"tour_category-excursiones-en-el-cairo-es","14":"first","15":"instock","16":"sale","17":"shipping-taxable","18":"purchasable","19":"product-type-tour","20":"has-default-attributes"},"yoast_head":"<!-- This site is optimized with the Yoast SEO Premium plugin v27.4 (Yoast SEO v27.4) - https:\/\/yoast.com\/product\/yoast-seo-premium-wordpress\/ -->\n<title>Tour al Oasis de Siwa de 2 d\u00edas desde El Cairo<\/title>\n<meta name=\"description\" content=\"Tour al Oasis de Siwa de 2 d\u00edas desde El Cairo: explora el Templo de Am\u00f3n, el Ba\u00f1o de Cleopatra y las dunas del desierto. \u00a1Vive una aventura \u00e9pica en Egipto\" \/>\n<meta name=\"robots\" content=\"index, follow, max-snippet:-1, max-image-preview:large, max-video-preview:-1\" \/>\n<link rel=\"canonical\" href=\"https:\/\/egytourpackages.com\/es\/tours\/tour-al-oasis-de-siwa-de-2-dias-desde-el-cairo\/\" \/>\n<meta property=\"og:locale\" content=\"es_ES\" \/>\n<meta property=\"og:type\" content=\"article\" \/>\n<meta property=\"og:title\" content=\"Tour al Oasis de Siwa de 2 d\u00edas desde El Cairo\" \/>\n<meta property=\"og:description\" content=\"Tour al Oasis de Siwa de 2 d\u00edas desde El Cairo: explora el Templo de Am\u00f3n, el Ba\u00f1o de Cleopatra y las dunas del desierto. \u00a1Vive una aventura \u00e9pica en Egipto\" \/>\n<meta property=\"og:url\" content=\"https:\/\/egytourpackages.com\/es\/tours\/tour-al-oasis-de-siwa-de-2-dias-desde-el-cairo\/\" \/>\n<meta property=\"og:site_name\" content=\"Egypt Tour Packages\" \/>\n<meta property=\"article:publisher\" content=\"https:\/\/www.facebook.com\/egytourpackages\" \/>\n<meta property=\"article:modified_time\" content=\"2026-02-10T20:34:41+00:00\" \/>\n<meta property=\"og:image\" content=\"https:\/\/egytourpackages.com\/wp-content\/uploads\/2025\/11\/CleopatraSpring.jpg\" \/>\n\t<meta property=\"og:image:width\" content=\"1500\" \/>\n\t<meta property=\"og:image:height\" content=\"1125\" \/>\n\t<meta property=\"og:image:type\" content=\"image\/jpeg\" \/>\n<meta name=\"twitter:card\" content=\"summary_large_image\" \/>\n<meta name=\"twitter:title\" content=\"Tour al Oasis de Siwa de 2 d\u00edas desde El Cairo\" \/>\n<meta name=\"twitter:label1\" content=\"Precio\" \/>\n\t<meta name=\"twitter:data1\" content=\"&euro;400\" \/>\n\t<meta name=\"twitter:label2\" content=\"Disponibilidad\" \/>\n\t<meta name=\"twitter:data2\" content=\"Disponible\" \/>\n<script type=\"application\/ld+json\" class=\"yoast-schema-graph\">{\"@context\":\"https:\\\/\\\/schema.org\",\"@graph\":[{\"@type\":\"WebPage\",\"@id\":\"https:\\\/\\\/egytourpackages.com\\\/es\\\/tours\\\/tour-al-oasis-de-siwa-de-2-dias-desde-el-cairo\\\/\",\"url\":\"https:\\\/\\\/egytourpackages.com\\\/es\\\/tours\\\/tour-al-oasis-de-siwa-de-2-dias-desde-el-cairo\\\/\",\"name\":\"Tour al Oasis de Siwa de 2 d\u00edas desde El Cairo\",\"isPartOf\":{\"@id\":\"https:\\\/\\\/egytourpackages.com\\\/es\\\/#website\"},\"primaryImageOfPage\":{\"@id\":\"https:\\\/\\\/egytourpackages.com\\\/es\\\/tours\\\/tour-al-oasis-de-siwa-de-2-dias-desde-el-cairo\\\/#primaryimage\"},\"image\":{\"@id\":\"https:\\\/\\\/egytourpackages.com\\\/es\\\/tours\\\/tour-al-oasis-de-siwa-de-2-dias-desde-el-cairo\\\/#primaryimage\"},\"thumbnailUrl\":\"https:\\\/\\\/egytourpackages.com\\\/wp-content\\\/uploads\\\/2025\\\/11\\\/CleopatraSpring.jpg\",\"datePublished\":\"2025-11-04T14:04:09+00:00\",\"dateModified\":\"2026-02-10T20:34:41+00:00\",\"description\":\"Tour al Oasis de Siwa de 2 d\u00edas desde El Cairo: explora el Templo de Am\u00f3n, el Ba\u00f1o de Cleopatra y las dunas del desierto. \u00a1Vive una aventura \u00e9pica en Egipto\",\"breadcrumb\":{\"@id\":\"https:\\\/\\\/egytourpackages.com\\\/es\\\/tours\\\/tour-al-oasis-de-siwa-de-2-dias-desde-el-cairo\\\/#breadcrumb\"},\"inLanguage\":\"es\",\"potentialAction\":[{\"@type\":\"ReadAction\",\"target\":[\"https:\\\/\\\/egytourpackages.com\\\/es\\\/tours\\\/tour-al-oasis-de-siwa-de-2-dias-desde-el-cairo\\\/\"]}]},{\"@type\":\"ImageObject\",\"inLanguage\":\"es\",\"@id\":\"https:\\\/\\\/egytourpackages.com\\\/es\\\/tours\\\/tour-al-oasis-de-siwa-de-2-dias-desde-el-cairo\\\/#primaryimage\",\"url\":\"https:\\\/\\\/egytourpackages.com\\\/wp-content\\\/uploads\\\/2025\\\/11\\\/CleopatraSpring.jpg\",\"contentUrl\":\"https:\\\/\\\/egytourpackages.com\\\/wp-content\\\/uploads\\\/2025\\\/11\\\/CleopatraSpring.jpg\",\"width\":1500,\"height\":1125,\"caption\":\"Tour al Oasis de Siwa de 2 d\u00edas desde El Cairo\"},{\"@type\":\"BreadcrumbList\",\"@id\":\"https:\\\/\\\/egytourpackages.com\\\/es\\\/tours\\\/tour-al-oasis-de-siwa-de-2-dias-desde-el-cairo\\\/#breadcrumb\",\"itemListElement\":[{\"@type\":\"ListItem\",\"position\":1,\"name\":\"Home\",\"item\":\"https:\\\/\\\/egytourpackages.com\\\/es\\\/paquetes-de-viaje-a-egipto\\\/\"},{\"@type\":\"ListItem\",\"position\":2,\"name\":\"Shop\",\"item\":\"https:\\\/\\\/egytourpackages.com\\\/shop\\\/\"},{\"@type\":\"ListItem\",\"position\":3,\"name\":\"Tour al Oasis de Siwa de 2 d\u00edas desde El Cairo\"}]},{\"@type\":\"WebSite\",\"@id\":\"https:\\\/\\\/egytourpackages.com\\\/es\\\/#website\",\"url\":\"https:\\\/\\\/egytourpackages.com\\\/es\\\/\",\"name\":\"Egy tour packages\",\"description\":\"\",\"publisher\":{\"@id\":\"https:\\\/\\\/egytourpackages.com\\\/es\\\/#organization\"},\"potentialAction\":[{\"@type\":\"SearchAction\",\"target\":{\"@type\":\"EntryPoint\",\"urlTemplate\":\"https:\\\/\\\/egytourpackages.com\\\/es\\\/?s={search_term_string}\"},\"query-input\":{\"@type\":\"PropertyValueSpecification\",\"valueRequired\":true,\"valueName\":\"search_term_string\"}}],\"inLanguage\":\"es\"},{\"@type\":[\"Organization\",\"Place\",\"TravelAgency\"],\"@id\":\"https:\\\/\\\/egytourpackages.com\\\/es\\\/#organization\",\"name\":\"egypt tour packages\",\"alternateName\":\"egypt tour packages\",\"url\":\"https:\\\/\\\/egytourpackages.com\\\/es\\\/\",\"logo\":{\"@id\":\"https:\\\/\\\/egytourpackages.com\\\/es\\\/tours\\\/tour-al-oasis-de-siwa-de-2-dias-desde-el-cairo\\\/#local-main-organization-logo\"},\"image\":{\"@id\":\"https:\\\/\\\/egytourpackages.com\\\/es\\\/tours\\\/tour-al-oasis-de-siwa-de-2-dias-desde-el-cairo\\\/#local-main-organization-logo\"},\"sameAs\":[\"https:\\\/\\\/www.facebook.com\\\/egytourpackages\"],\"legalName\":\"Egy tour packages\",\"address\":{\"@id\":\"https:\\\/\\\/egytourpackages.com\\\/es\\\/tours\\\/tour-al-oasis-de-siwa-de-2-dias-desde-el-cairo\\\/#local-main-place-address\"},\"telephone\":[\"00201000852186\",\"00201028685533\"],\"contactPoint\":{\"@type\":\"ContactPoint\",\"telephone\":\"00201000852186\"},\"openingHoursSpecification\":[{\"@type\":\"OpeningHoursSpecification\",\"dayOfWeek\":[\"Monday\",\"Tuesday\",\"Wednesday\",\"Thursday\",\"Friday\",\"Saturday\",\"Sunday\"],\"opens\":\"00:00\",\"closes\":\"23:59\"}],\"email\":\"info@egytourpackages.com\",\"areaServed\":\"Cairo, Hurghada, Luxor, Sharm El Sheikh, Marsa Alam, Aswan\",\"priceRange\":\"$\",\"currenciesAccepted\":\"euro\",\"paymentAccepted\":\"Payment links online\"},{\"@type\":\"PostalAddress\",\"@id\":\"https:\\\/\\\/egytourpackages.com\\\/es\\\/tours\\\/tour-al-oasis-de-siwa-de-2-dias-desde-el-cairo\\\/#local-main-place-address\",\"streetAddress\":\"Mubarak 8, Al Kawthar District, Hurghada\",\"addressLocality\":\"Hurghada\",\"postalCode\":\"84511\",\"addressRegion\":\"Red Sea\",\"addressCountry\":\"EG\"},{\"@type\":\"ImageObject\",\"inLanguage\":\"es\",\"@id\":\"https:\\\/\\\/egytourpackages.com\\\/es\\\/tours\\\/tour-al-oasis-de-siwa-de-2-dias-desde-el-cairo\\\/#local-main-organization-logo\",\"url\":\"https:\\\/\\\/egytourpackages.com\\\/wp-content\\\/uploads\\\/2025\\\/12\\\/Turquoise-Dahabiya-Nile-Cruise-1.jpeg\",\"contentUrl\":\"https:\\\/\\\/egytourpackages.com\\\/wp-content\\\/uploads\\\/2025\\\/12\\\/Turquoise-Dahabiya-Nile-Cruise-1.jpeg\",\"width\":1040,\"height\":694,\"caption\":\"egypt tour packages\"}]}<\/script>\n<meta property=\"product:brand\" content=\"Excursiones al oasis de Siwa desde El Cairo\" \/>\n<meta property=\"product:price:amount\" content=\"400\" \/>\n<meta property=\"product:price:currency\" content=\"EUR\" \/>\n<meta property=\"og:availability\" content=\"instock\" \/>\n<meta property=\"product:availability\" content=\"instock\" \/>\n<meta property=\"product:retailer_item_id\" content=\"CDT09\" \/>\n<meta property=\"product:condition\" content=\"new\" \/>\n<meta name=\"geo.placename\" content=\"Hurghada\" \/>\n<meta name=\"geo.region\" content=\"Egipto\" \/>\n<!-- \/ Yoast SEO Premium plugin. -->","yoast_head_json":{"title":"Tour al Oasis de Siwa de 2 d\u00edas desde El Cairo","description":"Tour al Oasis de Siwa de 2 d\u00edas desde El Cairo: explora el Templo de Am\u00f3n, el Ba\u00f1o de Cleopatra y las dunas del desierto. \u00a1Vive una aventura \u00e9pica en Egipto","robots":{"index":"index","follow":"follow","max-snippet":"max-snippet:-1","max-image-preview":"max-image-preview:large","max-video-preview":"max-video-preview:-1"},"canonical":"https:\/\/egytourpackages.com\/es\/tours\/tour-al-oasis-de-siwa-de-2-dias-desde-el-cairo\/","og_locale":"es_ES","og_type":"article","og_title":"Tour al Oasis de Siwa de 2 d\u00edas desde El Cairo","og_description":"Tour al Oasis de Siwa de 2 d\u00edas desde El Cairo: explora el Templo de Am\u00f3n, el Ba\u00f1o de Cleopatra y las dunas del desierto. \u00a1Vive una aventura \u00e9pica en Egipto","og_url":"https:\/\/egytourpackages.com\/es\/tours\/tour-al-oasis-de-siwa-de-2-dias-desde-el-cairo\/","og_site_name":"Egypt Tour Packages","article_publisher":"https:\/\/www.facebook.com\/egytourpackages","article_modified_time":"2026-02-10T20:34:41+00:00","og_image":[{"width":1500,"height":1125,"url":"https:\/\/egytourpackages.com\/wp-content\/uploads\/2025\/11\/CleopatraSpring.jpg","type":"image\/jpeg"}],"twitter_card":"summary_large_image","twitter_title":"Tour al Oasis de Siwa de 2 d\u00edas desde El Cairo","twitter_misc":{"Precio":"&euro;400","Disponibilidad":"Disponible"},"schema":{"@context":"https:\/\/schema.org","@graph":[{"@type":"WebPage","@id":"https:\/\/egytourpackages.com\/es\/tours\/tour-al-oasis-de-siwa-de-2-dias-desde-el-cairo\/","url":"https:\/\/egytourpackages.com\/es\/tours\/tour-al-oasis-de-siwa-de-2-dias-desde-el-cairo\/","name":"Tour al Oasis de Siwa de 2 d\u00edas desde El Cairo","isPartOf":{"@id":"https:\/\/egytourpackages.com\/es\/#website"},"primaryImageOfPage":{"@id":"https:\/\/egytourpackages.com\/es\/tours\/tour-al-oasis-de-siwa-de-2-dias-desde-el-cairo\/#primaryimage"},"image":{"@id":"https:\/\/egytourpackages.com\/es\/tours\/tour-al-oasis-de-siwa-de-2-dias-desde-el-cairo\/#primaryimage"},"thumbnailUrl":"https:\/\/egytourpackages.com\/wp-content\/uploads\/2025\/11\/CleopatraSpring.jpg","datePublished":"2025-11-04T14:04:09+00:00","dateModified":"2026-02-10T20:34:41+00:00","description":"Tour al Oasis de Siwa de 2 d\u00edas desde El Cairo: explora el Templo de Am\u00f3n, el Ba\u00f1o de Cleopatra y las dunas del desierto. \u00a1Vive una aventura \u00e9pica en Egipto","breadcrumb":{"@id":"https:\/\/egytourpackages.com\/es\/tours\/tour-al-oasis-de-siwa-de-2-dias-desde-el-cairo\/#breadcrumb"},"inLanguage":"es","potentialAction":[{"@type":"ReadAction","target":["https:\/\/egytourpackages.com\/es\/tours\/tour-al-oasis-de-siwa-de-2-dias-desde-el-cairo\/"]}]},{"@type":"ImageObject","inLanguage":"es","@id":"https:\/\/egytourpackages.com\/es\/tours\/tour-al-oasis-de-siwa-de-2-dias-desde-el-cairo\/#primaryimage","url":"https:\/\/egytourpackages.com\/wp-content\/uploads\/2025\/11\/CleopatraSpring.jpg","contentUrl":"https:\/\/egytourpackages.com\/wp-content\/uploads\/2025\/11\/CleopatraSpring.jpg","width":1500,"height":1125,"caption":"Tour al Oasis de Siwa de 2 d\u00edas desde El Cairo"},{"@type":"BreadcrumbList","@id":"https:\/\/egytourpackages.com\/es\/tours\/tour-al-oasis-de-siwa-de-2-dias-desde-el-cairo\/#breadcrumb","itemListElement":[{"@type":"ListItem","position":1,"name":"Home","item":"https:\/\/egytourpackages.com\/es\/paquetes-de-viaje-a-egipto\/"},{"@type":"ListItem","position":2,"name":"Shop","item":"https:\/\/egytourpackages.com\/shop\/"},{"@type":"ListItem","position":3,"name":"Tour al Oasis de Siwa de 2 d\u00edas desde El Cairo"}]},{"@type":"WebSite","@id":"https:\/\/egytourpackages.com\/es\/#website","url":"https:\/\/egytourpackages.com\/es\/","name":"Egy tour packages","description":"","publisher":{"@id":"https:\/\/egytourpackages.com\/es\/#organization"},"potentialAction":[{"@type":"SearchAction","target":{"@type":"EntryPoint","urlTemplate":"https:\/\/egytourpackages.com\/es\/?s={search_term_string}"},"query-input":{"@type":"PropertyValueSpecification","valueRequired":true,"valueName":"search_term_string"}}],"inLanguage":"es"},{"@type":["Organization","Place","TravelAgency"],"@id":"https:\/\/egytourpackages.com\/es\/#organization","name":"egypt tour packages","alternateName":"egypt tour packages","url":"https:\/\/egytourpackages.com\/es\/","logo":{"@id":"https:\/\/egytourpackages.com\/es\/tours\/tour-al-oasis-de-siwa-de-2-dias-desde-el-cairo\/#local-main-organization-logo"},"image":{"@id":"https:\/\/egytourpackages.com\/es\/tours\/tour-al-oasis-de-siwa-de-2-dias-desde-el-cairo\/#local-main-organization-logo"},"sameAs":["https:\/\/www.facebook.com\/egytourpackages"],"legalName":"Egy tour packages","address":{"@id":"https:\/\/egytourpackages.com\/es\/tours\/tour-al-oasis-de-siwa-de-2-dias-desde-el-cairo\/#local-main-place-address"},"telephone":["00201000852186","00201028685533"],"contactPoint":{"@type":"ContactPoint","telephone":"00201000852186"},"openingHoursSpecification":[{"@type":"OpeningHoursSpecification","dayOfWeek":["Monday","Tuesday","Wednesday","Thursday","Friday","Saturday","Sunday"],"opens":"00:00","closes":"23:59"}],"email":"info@egytourpackages.com","areaServed":"Cairo, Hurghada, Luxor, Sharm El Sheikh, Marsa Alam, Aswan","priceRange":"$","currenciesAccepted":"euro","paymentAccepted":"Payment links online"},{"@type":"PostalAddress","@id":"https:\/\/egytourpackages.com\/es\/tours\/tour-al-oasis-de-siwa-de-2-dias-desde-el-cairo\/#local-main-place-address","streetAddress":"Mubarak 8, Al Kawthar District, Hurghada","addressLocality":"Hurghada","postalCode":"84511","addressRegion":"Red Sea","addressCountry":"EG"},{"@type":"ImageObject","inLanguage":"es","@id":"https:\/\/egytourpackages.com\/es\/tours\/tour-al-oasis-de-siwa-de-2-dias-desde-el-cairo\/#local-main-organization-logo","url":"https:\/\/egytourpackages.com\/wp-content\/uploads\/2025\/12\/Turquoise-Dahabiya-Nile-Cruise-1.jpeg","contentUrl":"https:\/\/egytourpackages.com\/wp-content\/uploads\/2025\/12\/Turquoise-Dahabiya-Nile-Cruise-1.jpeg","width":1040,"height":694,"caption":"egypt tour packages"}]},"product_brand":"Excursiones al oasis de Siwa desde El Cairo","product_price_amount":"400","product_price_currency":"EUR","og_availability":"instock","product_availability":"instock","product_retailer_item_id":"CDT09","product_condition":"new","geo.placename":"Hurghada","geo.region":"Egipto"},"_links":{"self":[{"href":"https:\/\/egytourpackages.com\/es\/wp-json\/wp\/v2\/product\/14772","targetHints":{"allow":["GET"]}}],"collection":[{"href":"https:\/\/egytourpackages.com\/es\/wp-json\/wp\/v2\/product"}],"about":[{"href":"https:\/\/egytourpackages.com\/es\/wp-json\/wp\/v2\/types\/product"}],"replies":[{"embeddable":true,"href":"https:\/\/egytourpackages.com\/es\/wp-json\/wp\/v2\/comments?post=14772"}],"wp:featuredmedia":[{"embeddable":true,"href":"https:\/\/egytourpackages.com\/es\/wp-json\/wp\/v2\/media\/9064"}],"wp:attachment":[{"href":"https:\/\/egytourpackages.com\/es\/wp-json\/wp\/v2\/media?parent=14772"}],"wp:term":[{"taxonomy":"product_brand","embeddable":true,"href":"https:\/\/egytourpackages.com\/es\/wp-json\/wp\/v2\/product_brand?post=14772"},{"taxonomy":"product_cat","embeddable":true,"href":"https:\/\/egytourpackages.com\/es\/wp-json\/wp\/v2\/product_cat?post=14772"},{"taxonomy":"product_tag","embeddable":true,"href":"https:\/\/egytourpackages.com\/es\/wp-json\/wp\/v2\/product_tag?post=14772"}],"curies":[{"name":"wp","href":"https:\/\/api.w.org\/{rel}","templated":true}]}}