{"id":14913,"date":"2025-12-12T10:46:52","date_gmt":"2025-12-12T10:46:52","guid":{"rendered":"https:\/\/egytourpackages.com\/product\/excursion-al-monte-sinai-y-monasterio-de-santa-catalina-en-autobus\/"},"modified":"2026-02-12T23:32:45","modified_gmt":"2026-02-12T23:32:45","slug":"excursion-al-monte-sinai-y-monasterio-de-santa-catalina-en-autobus","status":"publish","type":"product","link":"https:\/\/egytourpackages.com\/es\/tours\/excursion-al-monte-sinai-y-monasterio-de-santa-catalina-en-autobus\/","title":{"rendered":"Excursi\u00f3n al Monte Sina\u00ed y Monasterio de Santa Catalina en Autob\u00fas"},"content":{"rendered":"<p><span style=\"color: #ff6600;\"><strong>Excursi\u00f3n al Monte Sina\u00ed y Monasterio de Santa Catalina en Autob\u00fas<\/strong><\/span><\/p>\n<p>Este viaje de d\u00eda completo (y noche) le lleva a lo m\u00e1s profundo de la <strong>Pen\u00ednsula del Sina\u00ed<\/strong>. Es su oportunidad de experimentar uno de los lugares m\u00e1s sagrados e impresionantes de Egipto: el <strong>Monte Sina\u00ed (Jabal Musa)<\/strong>.<\/p>\n<h3><span style=\"color: #ff6600;\">El Ascenso de Medianoche<\/span><\/h3>\n<p>Su viaje comienza a \u00faltima hora de la tarde con un c\u00f3modo traslado desde su hotel. El trayecto dura unas tres horas y llegar\u00e1 a la base de la monta\u00f1a pasada la medianoche. Aqu\u00ed conocer\u00e1 a su <strong>gu\u00eda beduino local<\/strong>.<\/p>\n<p>El objetivo es ver el <strong>amanecer en la cima<\/strong>. El ascenso es un reto, pero profundamente gratificante. Seguir\u00e1 el antiguo sendero, a menudo llamado el <strong>Camino del Camello<\/strong>. La secci\u00f3n final consiste en subir <strong>750 escalones de piedra<\/strong>. Llegar a la cima antes del alba es una experiencia inolvidable.<\/p>\n<h3><span style=\"color: #ff6600;\">La Cima y el Monasterio<\/span><\/h3>\n<p>Ver salir el sol sobre las escarpadas monta\u00f1as del Sina\u00ed es una experiencia panor\u00e1mica y poderosa. Estar\u00e1 de pie donde la tradici\u00f3n sostiene que Mois\u00e9s recibi\u00f3 los Diez Mandamientos. La cumbre cuenta con una peque\u00f1a mezquita y una capilla.<\/p>\n<p>Tras el descenso, el tour contin\u00faa con la visita al hist\u00f3rico <strong>Monasterio de Santa Catalina<\/strong>. Este sitio es <strong>Patrimonio de la Humanidad por la UNESCO<\/strong> y es el <strong>monasterio cristiano en funcionamiento m\u00e1s antiguo del mundo<\/strong>.<\/p>\n<p>Despu\u00e9s, ver\u00e1 la legendaria <strong>Zarza Ardiente<\/strong> y la antigua capilla. Este viaje combina a la perfecci\u00f3n el desaf\u00edo f\u00edsico con la profunda historia b\u00edblica. Es un verdadero punto culminante de cualquier <strong>viaje desde Sharm El Sheikh<\/strong>.<\/p>\n<h3><span style=\"color: #ff6600;\">Detalles del Tour<\/span><\/h3>\n<ul>\n<li>Duraci\u00f3n: 16 horas<\/li>\n<li>Ubicaci\u00f3n: Sharm El Sheikh \/ Sina\u00ed<\/li>\n<li>Disponibilidad: Domingo, Mi\u00e9rcoles y Viernes<\/li>\n<li>Recogida y Entrega: Hoteles de Sharm El Sheikh<\/li>\n<li>Tipo de Tour: Privado<\/li>\n<li>Idioma: Espa\u00f1ol<\/li>\n<li>Ideal para: Parejas, familias, viajeros solitarios y personas mayores de 70 a\u00f1os<\/li>\n<li>Silla de ruedas: Accesible<\/li>\n<\/ul>\n<h3><span style=\"color: #ff6600;\">Puntos Destacados del Tour<\/span><\/h3>\n<ul>\n<li>Senderismo en el Monte Sina\u00ed<\/li>\n<li>Monasterio de Santa Catalina<\/li>\n<\/ul>\n<h3><span style=\"color: #ff6600;\">Inclusiones<\/span><\/h3>\n<ul>\n<li>Traslado de ida y vuelta en veh\u00edculo con aire acondicionado.<\/li>\n<li>Entradas a los sitios mencionados.<\/li>\n<li>Gu\u00eda egipt\u00f3logo habla hispana con fluidez.<\/li>\n<li>Gu\u00eda beduino local.<\/li>\n<\/ul>\n<h3><span style=\"color: #ff6600;\">Exclusiones<\/span><\/h3>\n<ul>\n<li>Entrada al Parque Nacional de Santa Catalina (10 \u20ac por persona).<\/li>\n<li>Propinas.<\/li>\n<\/ul>\n<h3><span style=\"color: #ff6600;\">Qu\u00e9 llevar<\/span><\/h3>\n<ul>\n<li>Calzado c\u00f3modo y ropa adecuada para el senderismo.<\/li>\n<li>Ropa de abrigo en invierno.<\/li>\n<li>Gafas de sol, sombrero o bufanda.<\/li>\n<li>Protector solar en verano.<\/li>\n<\/ul>\n<h2><span style=\"color: #993366;\"><em>Itinerario<\/em><\/span><\/h2>\n<h3><span style=\"color: #ff6600;\">La Experiencia Definitiva en el Sina\u00ed: Amanecer en el Monte Sina\u00ed y Tour de Santa Catalina<\/span><\/h3>\n<p>Prep\u00e1rese para un viaje inolvidable desde las costas de <strong>Sharm El Sheikh<\/strong> hasta la cima sagrada del <strong>Monte Sina\u00ed (Jabal Musa)<\/strong>.<\/p>\n<p>Este itinerario combina un ascenso espiritual desafiante con una visita profunda al antiguo <strong>Monasterio de Santa Catalina<\/strong>, brindando una experiencia rica en historia y belleza natural.<\/p>\n<h3><span style=\"color: #ff6600;\">Recogida Nocturna e Inicio de la Caminata<\/span><\/h3>\n<p>Su aventura comienza con un c\u00f3modo traslado privado desde su <strong>hotel en Sharm El Sheikh<\/strong> alrededor de las <strong>10:00 PM<\/strong>. El trayecto hasta la base de la monta\u00f1a es un tr\u00e1nsito pac\u00edfico de unas <strong>2.5 a 3 horas<\/strong> a trav\u00e9s de la tranquila noche del desierto.<\/p>\n<p>Al llegar, se le presentar\u00e1 a su <strong>gu\u00eda beduino local<\/strong>, cuya experiencia es esencial para navegar por la monta\u00f1a de forma segura en la oscuridad. El <strong>ascenso de medianoche al Monte Sina\u00ed<\/strong> comienza alrededor de las <strong>2:30 AM<\/strong>.<\/p>\n<p>Seguir\u00e1 el <strong>Camino del Camello<\/strong>, un sendero tradicional y ancho que es popular entre los excursionistas.<\/p>\n<p>A lo largo de la ruta, peque\u00f1as y acogedoras cafeter\u00edas ofrecen <strong>t\u00e9 caliente<\/strong>, caf\u00e9 y aperitivos, ideales para breves descansos y para mantener la energ\u00eda durante la subida. La etapa final y decisiva del ascenso es la m\u00e1s exigente: <strong>750 desafiantes escalones de piedra<\/strong>.<\/p>\n<p>Una vez conquistados, llegar\u00e1 a una zona de espera final justo debajo del pico.<\/p>\n<p>Dada la altitud y el fr\u00edo antes del amanecer, recomendamos encarecidamente <strong>alquilar una manta<\/strong> y comprar una <strong>bebida caliente<\/strong> para mantenerse c\u00f3modo antes del \u00faltimo empuje hacia la cima.<\/p>\n<h3><span style=\"color: #ff6600;\">Amanecer en la Cumbre: Un Cl\u00edmax Espiritual<\/span><\/h3>\n<p>El cl\u00edmax absoluto de este viaje es presenciar el <strong>amanecer en la cima<\/strong> del Monte de Mois\u00e9s. A medida que los primeros rayos de luz asoman por el horizonte, iluminan dram\u00e1ticamente el paisaje rojizo del Sina\u00ed, regal\u00e1ndole una <strong>vista panor\u00e1mica inigualable<\/strong>.<\/p>\n<p>La cumbre es un lugar de reverencia compartida, con una peque\u00f1a <strong>mezquita<\/strong> activa y una <strong>capilla<\/strong>. La vista revelada por el sol es incre\u00edble: las cordilleras circundantes, incluidos los imponentes picos del <strong>Monte Catalina<\/strong>, brillan con tonos vibrantes de rojo y naranja. Tambi\u00e9n podr\u00e1 buscar los restos de la <strong>Bas\u00edlica de Justiniano<\/strong> y las dos peque\u00f1as <strong>cuevas de Mois\u00e9s<\/strong> cerca de la capilla.<\/p>\n<h3><span style=\"color: #ff6600;\">Descenso Matutino y Exploraci\u00f3n del Monasterio de Santa Catalina<\/span><\/h3>\n<p>Tras este espect\u00e1culo, el <strong>descenso<\/strong> ofrece una nueva perspectiva, revelando la vasta belleza de las monta\u00f1as del desierto a plena luz del d\u00eda. En la base de la monta\u00f1a, su <strong>gu\u00eda experto<\/strong> le esperar\u00e1 para llevarle al magn\u00edfico <strong>Monasterio de Santa Catalina<\/strong>, sitio <strong>Patrimonio de la Humanidad<\/strong>.<\/p>\n<p>Este es el <strong>monasterio cristiano m\u00e1s antiguo del mundo<\/strong> en funcionamiento continuo desde el siglo VI d.C. Dentro de sus antiguos muros, su gu\u00eda le llevar\u00e1 a varios puntos b\u00edblicos clave:<\/p>\n<p><span style=\"color: #993366;\"><strong><em>La Zarza Ardiente:<\/em><\/strong><\/span><\/p>\n<p>El lugar sagrado donde se dice que Dios habl\u00f3 con Mois\u00e9s. La zarza es visible detr\u00e1s de un muro de piedra.<\/p>\n<p><span style=\"color: #993366;\"><strong><em>La Capilla:<\/em><\/strong><\/span><\/p>\n<p>La iglesia principal del monasterio, dedicada a Santa Catalina, donde podr\u00e1 admirar impresionantes iconos religiosos y mosaicos (nota: no se permite fotografiar el interior).<\/p>\n<p><span style=\"color: #993366;\"><strong><em>El Pozo de Mois\u00e9s:<\/em><\/strong><\/span><\/p>\n<p>Se cree que es el lugar donde Mois\u00e9s encontr\u00f3 a su futura esposa, S\u00e9fora.<\/p>\n<p>Esta visita ofrece un cierre reflexivo y tranquilo a su <strong>excursi\u00f3n desde Sharm El Sheikh<\/strong>, permiti\u00e9ndole conectar con las ra\u00edces hist\u00f3ricas y espirituales del Sina\u00ed antes de su regreso al hotel.<\/p>\n<h3><span style=\"color: #ff6600;\">Precio Excursi\u00f3n Monte Sina\u00ed y Santa Catalina<\/span><\/h3>\n<ul>\n<li>Precio Adulto: 70 \u20ac<\/li>\n<li>Ni\u00f1os (0-5 a\u00f1os): Gratis<\/li>\n<li>Ni\u00f1os (5-11 a\u00f1os): 50% del precio de adulto<\/li>\n<\/ul>\n<h3><span style=\"color: #ff6600;\">Reservas<\/span><\/h3>\n<p>Puede reservar su tour v\u00eda WhatsApp o por correo electr\u00f3nico y recibir\u00e1 la confirmaci\u00f3n al instante. Por favor, env\u00edenos el nombre de su hotel, n\u00famero de habitaci\u00f3n y copias de los pasaportes.<\/p>\n<ul>\n<li>WhatsApp: +201000852186<\/li>\n<li>Email: info@egytourpackages.com<\/li>\n<\/ul>\n<h3><span style=\"color: #ff6600;\">Reserve Ahora y Pague en el Lugar<\/span><\/h3>\n<p>Reserve su tour favorito y pague el mismo d\u00eda del viaje.<\/p>\n<h3><span style=\"color: #ff6600;\">Pagos<\/span><\/h3>\n<p>Puede pagar en libras egipcias, $, \u20ac o \u00a3.<\/p>\n<h3><span style=\"color: #ff6600;\">Pol\u00edtica de Cancelaci\u00f3n<\/span><\/h3>\n<ul>\n<li>Cancelaci\u00f3n gratuita hasta 24 horas antes.<\/li>\n<li>La cancelaci\u00f3n la ma\u00f1ana del mismo d\u00eda conlleva un cargo del 50%.<\/li>\n<\/ul>\n","protected":false},"excerpt":{"rendered":"<p><b data-path-to-node=\"0\" data-index-in-node=\"0\">Excursi\u00f3n al Monte Sina\u00ed y Monasterio de Santa Catalina en Autob\u00fas<\/b>. Vive una experiencia espiritual \u00fanica y descubre tesoros b\u00edblicos. \u00a1Reserva hoy mismo!<\/p>\n","protected":false},"featured_media":9951,"comment_status":"closed","ping_status":"closed","template":"","meta":[],"product_brand":[],"product_cat":[3128],"product_tag":[3306,3188],"class_list":{"0":"post-14913","1":"product","2":"type-product","3":"status-publish","4":"has-post-thumbnail","6":"product_cat-tours","7":"product_tag-excursiones-de-un-dia-a-sharm-el-sheikh","8":"product_tag-excursiones-egipto","9":"tour_category-excursiones-egipto-es","10":"tour_category-excursiones-en-sharm-el-sheikh-es","12":"first","13":"instock","14":"sale","15":"shipping-taxable","16":"purchasable","17":"product-type-tour","18":"has-default-attributes"},"yoast_head":"<!-- This site is optimized with the Yoast SEO Premium plugin v27.4 (Yoast SEO v27.4) - https:\/\/yoast.com\/product\/yoast-seo-premium-wordpress\/ -->\n<title>Excursi\u00f3n al Monte Sina\u00ed y Monasterio de Santa Catalina en Autob\u00fas<\/title>\n<meta name=\"description\" content=\"Excursi\u00f3n al Monte Sina\u00ed y Monasterio de Santa Catalina en Autob\u00fas. Vive una experiencia espiritual \u00fanica y descubre tesoros b\u00edblicos. \u00a1Reserva hoy mismo!\" \/>\n<meta name=\"robots\" content=\"index, follow, max-snippet:-1, max-image-preview:large, max-video-preview:-1\" \/>\n<link rel=\"canonical\" href=\"https:\/\/egytourpackages.com\/es\/tours\/excursion-al-monte-sinai-y-monasterio-de-santa-catalina-en-autobus\/\" \/>\n<meta property=\"og:locale\" content=\"es_ES\" \/>\n<meta property=\"og:type\" content=\"article\" \/>\n<meta property=\"og:title\" content=\"Excursi\u00f3n al Monte Sina\u00ed y Monasterio de Santa Catalina en Autob\u00fas\" \/>\n<meta property=\"og:description\" content=\"Excursi\u00f3n al Monte Sina\u00ed y Monasterio de Santa Catalina en Autob\u00fas. Vive una experiencia espiritual \u00fanica y descubre tesoros b\u00edblicos. \u00a1Reserva hoy mismo!\" \/>\n<meta property=\"og:url\" content=\"https:\/\/egytourpackages.com\/es\/tours\/excursion-al-monte-sinai-y-monasterio-de-santa-catalina-en-autobus\/\" \/>\n<meta property=\"og:site_name\" content=\"Egypt Tour Packages\" \/>\n<meta property=\"article:publisher\" content=\"https:\/\/www.facebook.com\/egytourpackages\" \/>\n<meta property=\"article:modified_time\" content=\"2026-02-12T23:32:45+00:00\" \/>\n<meta property=\"og:image\" content=\"https:\/\/egytourpackages.com\/wp-content\/uploads\/2025\/12\/image1.jpg\" \/>\n\t<meta property=\"og:image:width\" content=\"2000\" \/>\n\t<meta property=\"og:image:height\" content=\"1333\" \/>\n\t<meta property=\"og:image:type\" content=\"image\/jpeg\" \/>\n<meta name=\"twitter:card\" content=\"summary_large_image\" \/>\n<meta name=\"twitter:label1\" content=\"Precio\" \/>\n\t<meta name=\"twitter:data1\" content=\"&euro;50\" \/>\n\t<meta name=\"twitter:label2\" content=\"Disponibilidad\" \/>\n\t<meta name=\"twitter:data2\" content=\"Disponible\" \/>\n<script type=\"application\/ld+json\" class=\"yoast-schema-graph\">{\"@context\":\"https:\\\/\\\/schema.org\",\"@graph\":[{\"@type\":\"WebPage\",\"@id\":\"https:\\\/\\\/egytourpackages.com\\\/es\\\/tours\\\/excursion-al-monte-sinai-y-monasterio-de-santa-catalina-en-autobus\\\/\",\"url\":\"https:\\\/\\\/egytourpackages.com\\\/es\\\/tours\\\/excursion-al-monte-sinai-y-monasterio-de-santa-catalina-en-autobus\\\/\",\"name\":\"Excursi\u00f3n al Monte Sina\u00ed y Monasterio de Santa Catalina en Autob\u00fas\",\"isPartOf\":{\"@id\":\"https:\\\/\\\/egytourpackages.com\\\/es\\\/#website\"},\"primaryImageOfPage\":{\"@id\":\"https:\\\/\\\/egytourpackages.com\\\/es\\\/tours\\\/excursion-al-monte-sinai-y-monasterio-de-santa-catalina-en-autobus\\\/#primaryimage\"},\"image\":{\"@id\":\"https:\\\/\\\/egytourpackages.com\\\/es\\\/tours\\\/excursion-al-monte-sinai-y-monasterio-de-santa-catalina-en-autobus\\\/#primaryimage\"},\"thumbnailUrl\":\"https:\\\/\\\/egytourpackages.com\\\/wp-content\\\/uploads\\\/2025\\\/12\\\/image1.jpg\",\"datePublished\":\"2025-12-12T10:46:52+00:00\",\"dateModified\":\"2026-02-12T23:32:45+00:00\",\"description\":\"Excursi\u00f3n al Monte Sina\u00ed y Monasterio de Santa Catalina en Autob\u00fas. Vive una experiencia espiritual \u00fanica y descubre tesoros b\u00edblicos. \u00a1Reserva hoy mismo!\",\"breadcrumb\":{\"@id\":\"https:\\\/\\\/egytourpackages.com\\\/es\\\/tours\\\/excursion-al-monte-sinai-y-monasterio-de-santa-catalina-en-autobus\\\/#breadcrumb\"},\"inLanguage\":\"es\",\"potentialAction\":[{\"@type\":\"ReadAction\",\"target\":[\"https:\\\/\\\/egytourpackages.com\\\/es\\\/tours\\\/excursion-al-monte-sinai-y-monasterio-de-santa-catalina-en-autobus\\\/\"]}]},{\"@type\":\"ImageObject\",\"inLanguage\":\"es\",\"@id\":\"https:\\\/\\\/egytourpackages.com\\\/es\\\/tours\\\/excursion-al-monte-sinai-y-monasterio-de-santa-catalina-en-autobus\\\/#primaryimage\",\"url\":\"https:\\\/\\\/egytourpackages.com\\\/wp-content\\\/uploads\\\/2025\\\/12\\\/image1.jpg\",\"contentUrl\":\"https:\\\/\\\/egytourpackages.com\\\/wp-content\\\/uploads\\\/2025\\\/12\\\/image1.jpg\",\"width\":2000,\"height\":1333},{\"@type\":\"BreadcrumbList\",\"@id\":\"https:\\\/\\\/egytourpackages.com\\\/es\\\/tours\\\/excursion-al-monte-sinai-y-monasterio-de-santa-catalina-en-autobus\\\/#breadcrumb\",\"itemListElement\":[{\"@type\":\"ListItem\",\"position\":1,\"name\":\"Home\",\"item\":\"https:\\\/\\\/egytourpackages.com\\\/es\\\/paquetes-de-viaje-a-egipto\\\/\"},{\"@type\":\"ListItem\",\"position\":2,\"name\":\"Shop\",\"item\":\"https:\\\/\\\/egytourpackages.com\\\/shop\\\/\"},{\"@type\":\"ListItem\",\"position\":3,\"name\":\"Excursi\u00f3n al Monte Sina\u00ed y Monasterio de Santa Catalina en Autob\u00fas\"}]},{\"@type\":\"WebSite\",\"@id\":\"https:\\\/\\\/egytourpackages.com\\\/es\\\/#website\",\"url\":\"https:\\\/\\\/egytourpackages.com\\\/es\\\/\",\"name\":\"Egy tour packages\",\"description\":\"\",\"publisher\":{\"@id\":\"https:\\\/\\\/egytourpackages.com\\\/es\\\/#organization\"},\"potentialAction\":[{\"@type\":\"SearchAction\",\"target\":{\"@type\":\"EntryPoint\",\"urlTemplate\":\"https:\\\/\\\/egytourpackages.com\\\/es\\\/?s={search_term_string}\"},\"query-input\":{\"@type\":\"PropertyValueSpecification\",\"valueRequired\":true,\"valueName\":\"search_term_string\"}}],\"inLanguage\":\"es\"},{\"@type\":[\"Organization\",\"Place\",\"TravelAgency\"],\"@id\":\"https:\\\/\\\/egytourpackages.com\\\/es\\\/#organization\",\"name\":\"egypt tour packages\",\"alternateName\":\"egypt tour packages\",\"url\":\"https:\\\/\\\/egytourpackages.com\\\/es\\\/\",\"logo\":{\"@id\":\"https:\\\/\\\/egytourpackages.com\\\/es\\\/tours\\\/excursion-al-monte-sinai-y-monasterio-de-santa-catalina-en-autobus\\\/#local-main-organization-logo\"},\"image\":{\"@id\":\"https:\\\/\\\/egytourpackages.com\\\/es\\\/tours\\\/excursion-al-monte-sinai-y-monasterio-de-santa-catalina-en-autobus\\\/#local-main-organization-logo\"},\"sameAs\":[\"https:\\\/\\\/www.facebook.com\\\/egytourpackages\"],\"legalName\":\"Egy tour packages\",\"address\":{\"@id\":\"https:\\\/\\\/egytourpackages.com\\\/es\\\/tours\\\/excursion-al-monte-sinai-y-monasterio-de-santa-catalina-en-autobus\\\/#local-main-place-address\"},\"telephone\":[\"00201000852186\",\"00201028685533\"],\"contactPoint\":{\"@type\":\"ContactPoint\",\"telephone\":\"00201000852186\"},\"openingHoursSpecification\":[{\"@type\":\"OpeningHoursSpecification\",\"dayOfWeek\":[\"Monday\",\"Tuesday\",\"Wednesday\",\"Thursday\",\"Friday\",\"Saturday\",\"Sunday\"],\"opens\":\"00:00\",\"closes\":\"23:59\"}],\"email\":\"info@egytourpackages.com\",\"areaServed\":\"Cairo, Hurghada, Luxor, Sharm El Sheikh, Marsa Alam, Aswan\",\"priceRange\":\"$\",\"currenciesAccepted\":\"euro\",\"paymentAccepted\":\"Payment links online\"},{\"@type\":\"PostalAddress\",\"@id\":\"https:\\\/\\\/egytourpackages.com\\\/es\\\/tours\\\/excursion-al-monte-sinai-y-monasterio-de-santa-catalina-en-autobus\\\/#local-main-place-address\",\"streetAddress\":\"Mubarak 8, Al Kawthar District, Hurghada\",\"addressLocality\":\"Hurghada\",\"postalCode\":\"84511\",\"addressRegion\":\"Red Sea\",\"addressCountry\":\"EG\"},{\"@type\":\"ImageObject\",\"inLanguage\":\"es\",\"@id\":\"https:\\\/\\\/egytourpackages.com\\\/es\\\/tours\\\/excursion-al-monte-sinai-y-monasterio-de-santa-catalina-en-autobus\\\/#local-main-organization-logo\",\"url\":\"https:\\\/\\\/egytourpackages.com\\\/wp-content\\\/uploads\\\/2025\\\/12\\\/Turquoise-Dahabiya-Nile-Cruise-1.jpeg\",\"contentUrl\":\"https:\\\/\\\/egytourpackages.com\\\/wp-content\\\/uploads\\\/2025\\\/12\\\/Turquoise-Dahabiya-Nile-Cruise-1.jpeg\",\"width\":1040,\"height\":694,\"caption\":\"egypt tour packages\"}]}<\/script>\n<meta property=\"product:brand\" content=\"Excursiones Egipto\" \/>\n<meta property=\"product:price:amount\" content=\"50\" \/>\n<meta property=\"product:price:currency\" content=\"EUR\" \/>\n<meta property=\"og:availability\" content=\"instock\" \/>\n<meta property=\"product:availability\" content=\"instock\" \/>\n<meta property=\"product:retailer_item_id\" content=\"SHDT05\" \/>\n<meta property=\"product:condition\" content=\"new\" \/>\n<meta name=\"geo.placename\" content=\"Hurghada\" \/>\n<meta name=\"geo.region\" content=\"Egipto\" \/>\n<!-- \/ Yoast SEO Premium plugin. -->","yoast_head_json":{"title":"Excursi\u00f3n al Monte Sina\u00ed y Monasterio de Santa Catalina en Autob\u00fas","description":"Excursi\u00f3n al Monte Sina\u00ed y Monasterio de Santa Catalina en Autob\u00fas. Vive una experiencia espiritual \u00fanica y descubre tesoros b\u00edblicos. \u00a1Reserva hoy mismo!","robots":{"index":"index","follow":"follow","max-snippet":"max-snippet:-1","max-image-preview":"max-image-preview:large","max-video-preview":"max-video-preview:-1"},"canonical":"https:\/\/egytourpackages.com\/es\/tours\/excursion-al-monte-sinai-y-monasterio-de-santa-catalina-en-autobus\/","og_locale":"es_ES","og_type":"article","og_title":"Excursi\u00f3n al Monte Sina\u00ed y Monasterio de Santa Catalina en Autob\u00fas","og_description":"Excursi\u00f3n al Monte Sina\u00ed y Monasterio de Santa Catalina en Autob\u00fas. Vive una experiencia espiritual \u00fanica y descubre tesoros b\u00edblicos. \u00a1Reserva hoy mismo!","og_url":"https:\/\/egytourpackages.com\/es\/tours\/excursion-al-monte-sinai-y-monasterio-de-santa-catalina-en-autobus\/","og_site_name":"Egypt Tour Packages","article_publisher":"https:\/\/www.facebook.com\/egytourpackages","article_modified_time":"2026-02-12T23:32:45+00:00","og_image":[{"width":2000,"height":1333,"url":"https:\/\/egytourpackages.com\/wp-content\/uploads\/2025\/12\/image1.jpg","type":"image\/jpeg"}],"twitter_card":"summary_large_image","twitter_misc":{"Precio":"&euro;50","Disponibilidad":"Disponible"},"schema":{"@context":"https:\/\/schema.org","@graph":[{"@type":"WebPage","@id":"https:\/\/egytourpackages.com\/es\/tours\/excursion-al-monte-sinai-y-monasterio-de-santa-catalina-en-autobus\/","url":"https:\/\/egytourpackages.com\/es\/tours\/excursion-al-monte-sinai-y-monasterio-de-santa-catalina-en-autobus\/","name":"Excursi\u00f3n al Monte Sina\u00ed y Monasterio de Santa Catalina en Autob\u00fas","isPartOf":{"@id":"https:\/\/egytourpackages.com\/es\/#website"},"primaryImageOfPage":{"@id":"https:\/\/egytourpackages.com\/es\/tours\/excursion-al-monte-sinai-y-monasterio-de-santa-catalina-en-autobus\/#primaryimage"},"image":{"@id":"https:\/\/egytourpackages.com\/es\/tours\/excursion-al-monte-sinai-y-monasterio-de-santa-catalina-en-autobus\/#primaryimage"},"thumbnailUrl":"https:\/\/egytourpackages.com\/wp-content\/uploads\/2025\/12\/image1.jpg","datePublished":"2025-12-12T10:46:52+00:00","dateModified":"2026-02-12T23:32:45+00:00","description":"Excursi\u00f3n al Monte Sina\u00ed y Monasterio de Santa Catalina en Autob\u00fas. Vive una experiencia espiritual \u00fanica y descubre tesoros b\u00edblicos. \u00a1Reserva hoy mismo!","breadcrumb":{"@id":"https:\/\/egytourpackages.com\/es\/tours\/excursion-al-monte-sinai-y-monasterio-de-santa-catalina-en-autobus\/#breadcrumb"},"inLanguage":"es","potentialAction":[{"@type":"ReadAction","target":["https:\/\/egytourpackages.com\/es\/tours\/excursion-al-monte-sinai-y-monasterio-de-santa-catalina-en-autobus\/"]}]},{"@type":"ImageObject","inLanguage":"es","@id":"https:\/\/egytourpackages.com\/es\/tours\/excursion-al-monte-sinai-y-monasterio-de-santa-catalina-en-autobus\/#primaryimage","url":"https:\/\/egytourpackages.com\/wp-content\/uploads\/2025\/12\/image1.jpg","contentUrl":"https:\/\/egytourpackages.com\/wp-content\/uploads\/2025\/12\/image1.jpg","width":2000,"height":1333},{"@type":"BreadcrumbList","@id":"https:\/\/egytourpackages.com\/es\/tours\/excursion-al-monte-sinai-y-monasterio-de-santa-catalina-en-autobus\/#breadcrumb","itemListElement":[{"@type":"ListItem","position":1,"name":"Home","item":"https:\/\/egytourpackages.com\/es\/paquetes-de-viaje-a-egipto\/"},{"@type":"ListItem","position":2,"name":"Shop","item":"https:\/\/egytourpackages.com\/shop\/"},{"@type":"ListItem","position":3,"name":"Excursi\u00f3n al Monte Sina\u00ed y Monasterio de Santa Catalina en Autob\u00fas"}]},{"@type":"WebSite","@id":"https:\/\/egytourpackages.com\/es\/#website","url":"https:\/\/egytourpackages.com\/es\/","name":"Egy tour packages","description":"","publisher":{"@id":"https:\/\/egytourpackages.com\/es\/#organization"},"potentialAction":[{"@type":"SearchAction","target":{"@type":"EntryPoint","urlTemplate":"https:\/\/egytourpackages.com\/es\/?s={search_term_string}"},"query-input":{"@type":"PropertyValueSpecification","valueRequired":true,"valueName":"search_term_string"}}],"inLanguage":"es"},{"@type":["Organization","Place","TravelAgency"],"@id":"https:\/\/egytourpackages.com\/es\/#organization","name":"egypt tour packages","alternateName":"egypt tour packages","url":"https:\/\/egytourpackages.com\/es\/","logo":{"@id":"https:\/\/egytourpackages.com\/es\/tours\/excursion-al-monte-sinai-y-monasterio-de-santa-catalina-en-autobus\/#local-main-organization-logo"},"image":{"@id":"https:\/\/egytourpackages.com\/es\/tours\/excursion-al-monte-sinai-y-monasterio-de-santa-catalina-en-autobus\/#local-main-organization-logo"},"sameAs":["https:\/\/www.facebook.com\/egytourpackages"],"legalName":"Egy tour packages","address":{"@id":"https:\/\/egytourpackages.com\/es\/tours\/excursion-al-monte-sinai-y-monasterio-de-santa-catalina-en-autobus\/#local-main-place-address"},"telephone":["00201000852186","00201028685533"],"contactPoint":{"@type":"ContactPoint","telephone":"00201000852186"},"openingHoursSpecification":[{"@type":"OpeningHoursSpecification","dayOfWeek":["Monday","Tuesday","Wednesday","Thursday","Friday","Saturday","Sunday"],"opens":"00:00","closes":"23:59"}],"email":"info@egytourpackages.com","areaServed":"Cairo, Hurghada, Luxor, Sharm El Sheikh, Marsa Alam, Aswan","priceRange":"$","currenciesAccepted":"euro","paymentAccepted":"Payment links online"},{"@type":"PostalAddress","@id":"https:\/\/egytourpackages.com\/es\/tours\/excursion-al-monte-sinai-y-monasterio-de-santa-catalina-en-autobus\/#local-main-place-address","streetAddress":"Mubarak 8, Al Kawthar District, Hurghada","addressLocality":"Hurghada","postalCode":"84511","addressRegion":"Red Sea","addressCountry":"EG"},{"@type":"ImageObject","inLanguage":"es","@id":"https:\/\/egytourpackages.com\/es\/tours\/excursion-al-monte-sinai-y-monasterio-de-santa-catalina-en-autobus\/#local-main-organization-logo","url":"https:\/\/egytourpackages.com\/wp-content\/uploads\/2025\/12\/Turquoise-Dahabiya-Nile-Cruise-1.jpeg","contentUrl":"https:\/\/egytourpackages.com\/wp-content\/uploads\/2025\/12\/Turquoise-Dahabiya-Nile-Cruise-1.jpeg","width":1040,"height":694,"caption":"egypt tour packages"}]},"product_brand":"Excursiones Egipto","product_price_amount":"50","product_price_currency":"EUR","og_availability":"instock","product_availability":"instock","product_retailer_item_id":"SHDT05","product_condition":"new","geo.placename":"Hurghada","geo.region":"Egipto"},"_links":{"self":[{"href":"https:\/\/egytourpackages.com\/es\/wp-json\/wp\/v2\/product\/14913","targetHints":{"allow":["GET"]}}],"collection":[{"href":"https:\/\/egytourpackages.com\/es\/wp-json\/wp\/v2\/product"}],"about":[{"href":"https:\/\/egytourpackages.com\/es\/wp-json\/wp\/v2\/types\/product"}],"replies":[{"embeddable":true,"href":"https:\/\/egytourpackages.com\/es\/wp-json\/wp\/v2\/comments?post=14913"}],"wp:featuredmedia":[{"embeddable":true,"href":"https:\/\/egytourpackages.com\/es\/wp-json\/wp\/v2\/media\/9951"}],"wp:attachment":[{"href":"https:\/\/egytourpackages.com\/es\/wp-json\/wp\/v2\/media?parent=14913"}],"wp:term":[{"taxonomy":"product_brand","embeddable":true,"href":"https:\/\/egytourpackages.com\/es\/wp-json\/wp\/v2\/product_brand?post=14913"},{"taxonomy":"product_cat","embeddable":true,"href":"https:\/\/egytourpackages.com\/es\/wp-json\/wp\/v2\/product_cat?post=14913"},{"taxonomy":"product_tag","embeddable":true,"href":"https:\/\/egytourpackages.com\/es\/wp-json\/wp\/v2\/product_tag?post=14913"}],"curies":[{"name":"wp","href":"https:\/\/api.w.org\/{rel}","templated":true}]}}