{"id":15388,"date":"2025-11-14T23:32:22","date_gmt":"2025-11-14T23:32:22","guid":{"rendered":"https:\/\/egytourpackages.com\/product\/traslado-privado-del-aeropuerto-de-hurghada-a-hoteles-en-makadi-bay\/"},"modified":"2026-02-19T21:59:43","modified_gmt":"2026-02-19T21:59:43","slug":"traslado-privado-del-aeropuerto-de-hurghada-a-hoteles-en-makadi-bay","status":"publish","type":"product","link":"https:\/\/egytourpackages.com\/es\/tours\/traslado-privado-del-aeropuerto-de-hurghada-a-hoteles-en-makadi-bay\/","title":{"rendered":"Traslado Privado del Aeropuerto de Hurghada a Hoteles en Makadi Bay"},"content":{"rendered":"<p><span style=\"color: #ff6600;\"><strong>Traslado Privado del Aeropuerto de Hurghada a Hoteles en Makadi Bay | Precio por Veh\u00edculo<\/strong><\/span><\/p>\n<p>Comienza tus exclusivas <strong>vacaciones en Makadi Bay<\/strong> con lo \u00faltimo en <strong>viajes sin estr\u00e9s<\/strong>: un <strong>traslado privado reservado con antelaci\u00f3n<\/strong> desde el <strong>Aeropuerto Internacional de Hurghada (HRG)<\/strong> directo a tu <strong>hotel en Makadi Bay<\/strong>.<\/p>\n<p>Al buscar un <strong>transporte fiable en el Mar Rojo<\/strong>, el servicio de coche privado se clasifica constantemente como la <strong>mejor opci\u00f3n de traslado al aeropuerto<\/strong> por su rapidez, seguridad y comodidad.<\/p>\n<h3><span style=\"color: #ff6600;\">\u00bfPor qu\u00e9 reservar un traslado privado de Hurghada a Makadi Bay?<\/span><\/h3>\n<p><strong>Recibimiento Personalizado \u00abMeet &amp; Greet\u00bb<\/strong><\/p>\n<p>Olv\u00eddate del estr\u00e9s de buscar transporte. Tu <strong>conductor dedicado<\/strong> te estar\u00e1 esperando justo frente a la <strong>sala de llegadas<\/strong> sosteniendo un cartel que muestra claramente tu nombre.<\/p>\n<p>\u00c9l te ayudar\u00e1 personalmente con tu <strong>equipaje<\/strong>, permiti\u00e9ndote simplemente relajarte y <strong>disfrutar de tu traslado privado<\/strong> desde el <strong>aeropuerto de Hurghada a tu hotel en Makadi Bay<\/strong>.<\/p>\n<p>El viaje a los hoteles de Makadi Bay dura aproximadamente entre 30 y 45 minutos, cubriendo una distancia de unos 30 kil\u00f3metros. Esta es la <strong>recogida en el aeropuerto m\u00e1s eficiente<\/strong> y r\u00e1pida disponible.<\/p>\n<h3><span style=\"color: #ff6600;\">Comodidad y Seguridad Garantizadas<\/span><\/h3>\n<p>Tu traslado se realiza en un <strong>veh\u00edculo moderno y con aire acondicionado<\/strong>, asegurando un trayecto c\u00f3modo despu\u00e9s de tu vuelo. Todos los veh\u00edculos reciben mantenimiento regular y suelen ofrecer espacio para tu <strong>equipaje, bolsas de golf o equipo de buceo<\/strong>.<\/p>\n<p>Para las familias, muchos servicios ofrecen <strong>asientos para beb\u00e9s<\/strong> o asientos elevadores bajo petici\u00f3n, a\u00f1adiendo una capa extra de seguridad.<\/p>\n<h3><span style=\"color: #ff6600;\">Reserva y Servicio 24\/7 sin Esfuerzo<\/span><\/h3>\n<p>Reservar tu <strong>traslado a los complejos de Makadi Bay<\/strong> est\u00e1 dise\u00f1ado para tu m\u00e1xima conveniencia. Puedes reservar f\u00e1cilmente tu <strong>traslado en taxi desde el aeropuerto de Hurghada<\/strong> a trav\u00e9s de <strong>WhatsApp, correo electr\u00f3nico o una llamada telef\u00f3nica<\/strong>.<\/p>\n<p>Para asegurar tu viaje, simplemente proporciona tu <strong>n\u00famero de vuelo<\/strong> y <strong>hora de llegada<\/strong>; nosotros nos encargamos de todos los detalles log\u00edsticos.<\/p>\n<p>De hecho, operamos un <strong>servicio las 24 horas<\/strong> utilizando una flota de <strong>veh\u00edculos modernos y con aire acondicionado<\/strong>, listos para recogerte en <strong>cualquier momento en el aeropuerto de Hurghada<\/strong>, ya sea de d\u00eda o de noche.<\/p>\n<h3><span style=\"color: #ff6600;\">Precio Fijo y Asequible<\/span><\/h3>\n<p>Asegura un <strong>precio fijo y todo incluido<\/strong> al reservar en l\u00ednea. Esta transparencia es un beneficio importante, ya que significa que no habr\u00e1 costes sorpresa ni necesidad de <strong>negociar tarifas de taxi<\/strong> en el aeropuerto.<\/p>\n<p>A menudo, este es el <strong>traslado con mejor relaci\u00f3n calidad-precio<\/strong> para grupos o familias en comparaci\u00f3n con un viaje en <strong>taxi de aeropuerto<\/strong> no planificado.<\/p>\n<h3><span style=\"color: #ff6600;\">Reserva tu Taxi al Aeropuerto de Makadi Bay con Antelaci\u00f3n<\/span><\/h3>\n<p>Para una total tranquilidad, recomendamos encarecidamente reservar tu <strong>traslado a Makadi Bay<\/strong> mucho antes de tu fecha de viaje.<\/p>\n<p>Esto garantiza que tu conductor te est\u00e9 esperando, incluso si tu vuelo a <strong>Hurghada<\/strong> se retrasa. Es la <strong>forma m\u00e1s f\u00e1cil<\/strong> de pasar de la terminal del aeropuerto al <strong>confort de lujo<\/strong> de tu resort en el Mar Rojo.<\/p>\n<h2><span style=\"color: #993366;\"><em><strong>Nota Importante<\/strong><\/em><\/span><\/h2>\n<p>Ten en cuenta que nuestro precio para los traslados del aeropuerto de Hurghada a los complejos de Makadi Bay es por veh\u00edculo, y no hay sorpresas ocultas. Para m\u00e1s informaci\u00f3n sobre los traslados en taxi desde el aeropuerto de Hurghada, por favor consulta nuestra secci\u00f3n de <strong>traslados al aeropuerto<\/strong>.<\/p>\n<h3><span style=\"color: #ff6600;\">Precio del Traslado Privado del Aeropuerto de Hurghada a Hoteles en Makadi Bay<\/span><\/h3>\n<p><strong>Por veh\u00edculo: 25 \u20ac<\/strong><\/p>\n<h3><span style=\"color: #ff6600;\">Reserva<\/span><\/h3>\n<p>Puedes reservar tu traslado a trav\u00e9s de WhatsApp o enviarnos un correo electr\u00f3nico, y recibir\u00e1s la confirmaci\u00f3n en el acto.<\/p>\n<p>WhatsApp: +201000852186<\/p>\n<p>info@egytourpackages.com<\/p>\n<h3><span style=\"color: #ff6600;\">Reserva Ahora y Paga al Llegar<\/span><\/h3>\n<p>Reserva tu traslado favorito y paga en el lugar.<\/p>\n<h3><span style=\"color: #ff6600;\">Pago<\/span><\/h3>\n<p>Puedes pagar en libras egipcias, d\u00f3lares ($), euros (\u20ac) o libras esterlinas (\u00a3).<\/p>\n<h3><span style=\"color: #ff6600;\">Pol\u00edtica de Cancelaci\u00f3n<\/span><\/h3>\n<p>La cancelaci\u00f3n es gratuita.<\/p>\n","protected":false},"excerpt":{"rendered":"<p>Reserva tu <b data-path-to-node=\"0\" data-index-in-node=\"11\">Traslado Privado del Aeropuerto de Hurghada a Hoteles en Makadi Bay<\/b>. Servicio VIP, puntual y seguro. \u00a1El mejor inicio para tu viaje en Egipto!<\/p>\n","protected":false},"featured_media":9201,"comment_status":"closed","ping_status":"closed","template":"","meta":[],"product_brand":[],"product_cat":[3128],"product_tag":[3188,3356],"class_list":{"0":"post-15388","1":"product","2":"type-product","3":"status-publish","4":"has-post-thumbnail","6":"product_cat-tours","7":"product_tag-excursiones-egipto","8":"product_tag-traslado-al-aeropuerto","9":"tour_category-excursiones-egipto-es","10":"tour_category-traslado-al-aeropuerto-es","12":"first","13":"instock","14":"sale","15":"shipping-taxable","16":"purchasable","17":"product-type-tour"},"yoast_head":"<!-- This site is optimized with the Yoast SEO Premium plugin v27.2 (Yoast SEO v27.2) - https:\/\/yoast.com\/product\/yoast-seo-premium-wordpress\/ -->\n<title>Traslado Privado del Aeropuerto de Hurghada a Hoteles en Makadi Bay<\/title>\n<meta name=\"description\" content=\"Reserva tu Traslado Privado del Aeropuerto de Hurghada a Hoteles en Makadi Bay. Servicio VIP, puntual y seguro. \u00a1El mejor inicio para tu viaje en Egipto!\" \/>\n<meta name=\"robots\" content=\"index, follow, max-snippet:-1, max-image-preview:large, max-video-preview:-1\" \/>\n<link rel=\"canonical\" href=\"https:\/\/egytourpackages.com\/es\/tours\/traslado-privado-del-aeropuerto-de-hurghada-a-hoteles-en-makadi-bay\/\" \/>\n<meta property=\"og:locale\" content=\"es_ES\" \/>\n<meta property=\"og:type\" content=\"article\" \/>\n<meta property=\"og:title\" content=\"Traslado Privado del Aeropuerto de Hurghada a Hoteles en Makadi Bay\" \/>\n<meta property=\"og:description\" content=\"Reserva tu Traslado Privado del Aeropuerto de Hurghada a Hoteles en Makadi Bay. Servicio VIP, puntual y seguro. \u00a1El mejor inicio para tu viaje en Egipto!\" \/>\n<meta property=\"og:url\" content=\"https:\/\/egytourpackages.com\/es\/tours\/traslado-privado-del-aeropuerto-de-hurghada-a-hoteles-en-makadi-bay\/\" \/>\n<meta property=\"og:site_name\" content=\"Egypt Tour Packages\" \/>\n<meta property=\"article:publisher\" content=\"https:\/\/www.facebook.com\/egytourpackages\" \/>\n<meta property=\"article:modified_time\" content=\"2026-02-19T21:59:43+00:00\" \/>\n<meta property=\"og:image\" content=\"https:\/\/egytourpackages.com\/wp-content\/uploads\/2025\/11\/Private-Transfer-from-Hurghada-Airport-to-Makadi-Bay-Hotels-1024x768.jpeg\" \/>\n<meta name=\"twitter:card\" content=\"summary_large_image\" \/>\n<meta name=\"twitter:title\" content=\"Traslado Privado del Aeropuerto de Hurghada a Hoteles en Makadi Bay\" \/>\n<meta name=\"twitter:label1\" content=\"Precio\" \/>\n\t<meta name=\"twitter:data1\" content=\"&euro;25\" \/>\n\t<meta name=\"twitter:label2\" content=\"Disponibilidad\" \/>\n\t<meta name=\"twitter:data2\" content=\"Disponible\" \/>\n<script type=\"application\/ld+json\" class=\"yoast-schema-graph\">{\"@context\":\"https:\/\/schema.org\",\"@graph\":[{\"@type\":\"WebPage\",\"@id\":\"https:\/\/egytourpackages.com\/es\/tours\/traslado-privado-del-aeropuerto-de-hurghada-a-hoteles-en-makadi-bay\/\",\"url\":\"https:\/\/egytourpackages.com\/es\/tours\/traslado-privado-del-aeropuerto-de-hurghada-a-hoteles-en-makadi-bay\/\",\"name\":\"Traslado Privado del Aeropuerto de Hurghada a Hoteles en Makadi Bay\",\"isPartOf\":{\"@id\":\"https:\/\/egytourpackages.com\/es\/#website\"},\"primaryImageOfPage\":{\"@id\":\"https:\/\/egytourpackages.com\/es\/tours\/traslado-privado-del-aeropuerto-de-hurghada-a-hoteles-en-makadi-bay\/#primaryimage\"},\"image\":{\"@id\":\"https:\/\/egytourpackages.com\/es\/tours\/traslado-privado-del-aeropuerto-de-hurghada-a-hoteles-en-makadi-bay\/#primaryimage\"},\"thumbnailUrl\":\"https:\/\/egytourpackages.com\/wp-content\/uploads\/2025\/11\/Private-Transfer-from-Hurghada-Airport-to-Makadi-Bay-Hotels.jpeg\",\"datePublished\":\"2025-11-14T23:32:22+00:00\",\"dateModified\":\"2026-02-19T21:59:43+00:00\",\"description\":\"Reserva tu Traslado Privado del Aeropuerto de Hurghada a Hoteles en Makadi Bay. Servicio VIP, puntual y seguro. \u00a1El mejor inicio para tu viaje en Egipto!\",\"breadcrumb\":{\"@id\":\"https:\/\/egytourpackages.com\/es\/tours\/traslado-privado-del-aeropuerto-de-hurghada-a-hoteles-en-makadi-bay\/#breadcrumb\"},\"inLanguage\":\"es\",\"potentialAction\":[{\"@type\":\"ReadAction\",\"target\":[\"https:\/\/egytourpackages.com\/es\/tours\/traslado-privado-del-aeropuerto-de-hurghada-a-hoteles-en-makadi-bay\/\"]}]},{\"@type\":\"ImageObject\",\"inLanguage\":\"es\",\"@id\":\"https:\/\/egytourpackages.com\/es\/tours\/traslado-privado-del-aeropuerto-de-hurghada-a-hoteles-en-makadi-bay\/#primaryimage\",\"url\":\"https:\/\/egytourpackages.com\/wp-content\/uploads\/2025\/11\/Private-Transfer-from-Hurghada-Airport-to-Makadi-Bay-Hotels.jpeg\",\"contentUrl\":\"https:\/\/egytourpackages.com\/wp-content\/uploads\/2025\/11\/Private-Transfer-from-Hurghada-Airport-to-Makadi-Bay-Hotels.jpeg\",\"width\":1600,\"height\":1200,\"caption\":\"Traslado Privado del Aeropuerto de Hurghada a Hoteles en Makadi Bay\"},{\"@type\":\"BreadcrumbList\",\"@id\":\"https:\/\/egytourpackages.com\/es\/tours\/traslado-privado-del-aeropuerto-de-hurghada-a-hoteles-en-makadi-bay\/#breadcrumb\",\"itemListElement\":[{\"@type\":\"ListItem\",\"position\":1,\"name\":\"Home\",\"item\":\"https:\/\/egytourpackages.com\/es\/paquetes-de-viaje-a-egipto\/\"},{\"@type\":\"ListItem\",\"position\":2,\"name\":\"Shop\",\"item\":\"https:\/\/egytourpackages.com\/shop\/\"},{\"@type\":\"ListItem\",\"position\":3,\"name\":\"Traslado Privado del Aeropuerto de Hurghada a Hoteles en Makadi Bay\"}]},{\"@type\":\"WebSite\",\"@id\":\"https:\/\/egytourpackages.com\/es\/#website\",\"url\":\"https:\/\/egytourpackages.com\/es\/\",\"name\":\"Egy tour packages\",\"description\":\"\",\"publisher\":{\"@id\":\"https:\/\/egytourpackages.com\/es\/#organization\"},\"potentialAction\":[{\"@type\":\"SearchAction\",\"target\":{\"@type\":\"EntryPoint\",\"urlTemplate\":\"https:\/\/egytourpackages.com\/es\/?s={search_term_string}\"},\"query-input\":{\"@type\":\"PropertyValueSpecification\",\"valueRequired\":true,\"valueName\":\"search_term_string\"}}],\"inLanguage\":\"es\"},{\"@type\":[\"Organization\",\"Place\",\"TravelAgency\"],\"@id\":\"https:\/\/egytourpackages.com\/es\/#organization\",\"name\":\"egypt tour packages\",\"alternateName\":\"egypt tour packages\",\"url\":\"https:\/\/egytourpackages.com\/es\/\",\"logo\":{\"@id\":\"https:\/\/egytourpackages.com\/es\/tours\/traslado-privado-del-aeropuerto-de-hurghada-a-hoteles-en-makadi-bay\/#local-main-organization-logo\"},\"image\":{\"@id\":\"https:\/\/egytourpackages.com\/es\/tours\/traslado-privado-del-aeropuerto-de-hurghada-a-hoteles-en-makadi-bay\/#local-main-organization-logo\"},\"sameAs\":[\"https:\/\/www.facebook.com\/egytourpackages\"],\"legalName\":\"Egy tour packages\",\"address\":{\"@id\":\"https:\/\/egytourpackages.com\/es\/tours\/traslado-privado-del-aeropuerto-de-hurghada-a-hoteles-en-makadi-bay\/#local-main-place-address\"},\"telephone\":[\"00201000852186\",\"00201028685533\"],\"contactPoint\":{\"@type\":\"ContactPoint\",\"telephone\":\"00201000852186\"},\"openingHoursSpecification\":[{\"@type\":\"OpeningHoursSpecification\",\"dayOfWeek\":[\"Monday\",\"Tuesday\",\"Wednesday\",\"Thursday\",\"Friday\",\"Saturday\",\"Sunday\"],\"opens\":\"00:00\",\"closes\":\"23:59\"}],\"email\":\"info@egytourpackages.com\",\"areaServed\":\"Cairo, Hurghada, Luxor, Sharm El Sheikh, Marsa Alam, Aswan\",\"priceRange\":\"$\",\"currenciesAccepted\":\"euro\",\"paymentAccepted\":\"Payment links online\"},{\"@type\":\"PostalAddress\",\"@id\":\"https:\/\/egytourpackages.com\/es\/tours\/traslado-privado-del-aeropuerto-de-hurghada-a-hoteles-en-makadi-bay\/#local-main-place-address\",\"streetAddress\":\"Mubarak 8, Al Kawthar District, Hurghada\",\"addressLocality\":\"Hurghada\",\"postalCode\":\"84511\",\"addressRegion\":\"Red Sea\",\"addressCountry\":\"EG\"},{\"@type\":\"ImageObject\",\"inLanguage\":\"es\",\"@id\":\"https:\/\/egytourpackages.com\/es\/tours\/traslado-privado-del-aeropuerto-de-hurghada-a-hoteles-en-makadi-bay\/#local-main-organization-logo\",\"url\":\"https:\/\/egytourpackages.com\/wp-content\/uploads\/2025\/12\/Turquoise-Dahabiya-Nile-Cruise-1.jpeg\",\"contentUrl\":\"https:\/\/egytourpackages.com\/wp-content\/uploads\/2025\/12\/Turquoise-Dahabiya-Nile-Cruise-1.jpeg\",\"width\":1040,\"height\":694,\"caption\":\"egypt tour packages\"}]}<\/script>\n<meta property=\"product:brand\" content=\"Excursiones Egipto\" \/>\n<meta property=\"product:price:amount\" content=\"25\" \/>\n<meta property=\"product:price:currency\" content=\"EUR\" \/>\n<meta property=\"og:availability\" content=\"instock\" \/>\n<meta property=\"product:availability\" content=\"instock\" \/>\n<meta property=\"product:retailer_item_id\" content=\"AT 04\" \/>\n<meta property=\"product:condition\" content=\"new\" \/>\n<meta name=\"geo.placename\" content=\"Hurghada\" \/>\n<meta name=\"geo.region\" content=\"Egipto\" \/>\n<!-- \/ Yoast SEO Premium plugin. -->","yoast_head_json":{"title":"Traslado Privado del Aeropuerto de Hurghada a Hoteles en Makadi Bay","description":"Reserva tu Traslado Privado del Aeropuerto de Hurghada a Hoteles en Makadi Bay. Servicio VIP, puntual y seguro. \u00a1El mejor inicio para tu viaje en Egipto!","robots":{"index":"index","follow":"follow","max-snippet":"max-snippet:-1","max-image-preview":"max-image-preview:large","max-video-preview":"max-video-preview:-1"},"canonical":"https:\/\/egytourpackages.com\/es\/tours\/traslado-privado-del-aeropuerto-de-hurghada-a-hoteles-en-makadi-bay\/","og_locale":"es_ES","og_type":"article","og_title":"Traslado Privado del Aeropuerto de Hurghada a Hoteles en Makadi Bay","og_description":"Reserva tu Traslado Privado del Aeropuerto de Hurghada a Hoteles en Makadi Bay. Servicio VIP, puntual y seguro. \u00a1El mejor inicio para tu viaje en Egipto!","og_url":"https:\/\/egytourpackages.com\/es\/tours\/traslado-privado-del-aeropuerto-de-hurghada-a-hoteles-en-makadi-bay\/","og_site_name":"Egypt Tour Packages","article_publisher":"https:\/\/www.facebook.com\/egytourpackages","article_modified_time":"2026-02-19T21:59:43+00:00","og_image":[{"url":"https:\/\/egytourpackages.com\/wp-content\/uploads\/2025\/11\/Private-Transfer-from-Hurghada-Airport-to-Makadi-Bay-Hotels-1024x768.jpeg","type":"","width":"","height":""}],"twitter_card":"summary_large_image","twitter_title":"Traslado Privado del Aeropuerto de Hurghada a Hoteles en Makadi Bay","twitter_misc":{"Precio":"&euro;25","Disponibilidad":"Disponible"},"schema":{"@context":"https:\/\/schema.org","@graph":[{"@type":"WebPage","@id":"https:\/\/egytourpackages.com\/es\/tours\/traslado-privado-del-aeropuerto-de-hurghada-a-hoteles-en-makadi-bay\/","url":"https:\/\/egytourpackages.com\/es\/tours\/traslado-privado-del-aeropuerto-de-hurghada-a-hoteles-en-makadi-bay\/","name":"Traslado Privado del Aeropuerto de Hurghada a Hoteles en Makadi Bay","isPartOf":{"@id":"https:\/\/egytourpackages.com\/es\/#website"},"primaryImageOfPage":{"@id":"https:\/\/egytourpackages.com\/es\/tours\/traslado-privado-del-aeropuerto-de-hurghada-a-hoteles-en-makadi-bay\/#primaryimage"},"image":{"@id":"https:\/\/egytourpackages.com\/es\/tours\/traslado-privado-del-aeropuerto-de-hurghada-a-hoteles-en-makadi-bay\/#primaryimage"},"thumbnailUrl":"https:\/\/egytourpackages.com\/wp-content\/uploads\/2025\/11\/Private-Transfer-from-Hurghada-Airport-to-Makadi-Bay-Hotels.jpeg","datePublished":"2025-11-14T23:32:22+00:00","dateModified":"2026-02-19T21:59:43+00:00","description":"Reserva tu Traslado Privado del Aeropuerto de Hurghada a Hoteles en Makadi Bay. Servicio VIP, puntual y seguro. \u00a1El mejor inicio para tu viaje en Egipto!","breadcrumb":{"@id":"https:\/\/egytourpackages.com\/es\/tours\/traslado-privado-del-aeropuerto-de-hurghada-a-hoteles-en-makadi-bay\/#breadcrumb"},"inLanguage":"es","potentialAction":[{"@type":"ReadAction","target":["https:\/\/egytourpackages.com\/es\/tours\/traslado-privado-del-aeropuerto-de-hurghada-a-hoteles-en-makadi-bay\/"]}]},{"@type":"ImageObject","inLanguage":"es","@id":"https:\/\/egytourpackages.com\/es\/tours\/traslado-privado-del-aeropuerto-de-hurghada-a-hoteles-en-makadi-bay\/#primaryimage","url":"https:\/\/egytourpackages.com\/wp-content\/uploads\/2025\/11\/Private-Transfer-from-Hurghada-Airport-to-Makadi-Bay-Hotels.jpeg","contentUrl":"https:\/\/egytourpackages.com\/wp-content\/uploads\/2025\/11\/Private-Transfer-from-Hurghada-Airport-to-Makadi-Bay-Hotels.jpeg","width":1600,"height":1200,"caption":"Traslado Privado del Aeropuerto de Hurghada a Hoteles en Makadi Bay"},{"@type":"BreadcrumbList","@id":"https:\/\/egytourpackages.com\/es\/tours\/traslado-privado-del-aeropuerto-de-hurghada-a-hoteles-en-makadi-bay\/#breadcrumb","itemListElement":[{"@type":"ListItem","position":1,"name":"Home","item":"https:\/\/egytourpackages.com\/es\/paquetes-de-viaje-a-egipto\/"},{"@type":"ListItem","position":2,"name":"Shop","item":"https:\/\/egytourpackages.com\/shop\/"},{"@type":"ListItem","position":3,"name":"Traslado Privado del Aeropuerto de Hurghada a Hoteles en Makadi Bay"}]},{"@type":"WebSite","@id":"https:\/\/egytourpackages.com\/es\/#website","url":"https:\/\/egytourpackages.com\/es\/","name":"Egy tour packages","description":"","publisher":{"@id":"https:\/\/egytourpackages.com\/es\/#organization"},"potentialAction":[{"@type":"SearchAction","target":{"@type":"EntryPoint","urlTemplate":"https:\/\/egytourpackages.com\/es\/?s={search_term_string}"},"query-input":{"@type":"PropertyValueSpecification","valueRequired":true,"valueName":"search_term_string"}}],"inLanguage":"es"},{"@type":["Organization","Place","TravelAgency"],"@id":"https:\/\/egytourpackages.com\/es\/#organization","name":"egypt tour packages","alternateName":"egypt tour packages","url":"https:\/\/egytourpackages.com\/es\/","logo":{"@id":"https:\/\/egytourpackages.com\/es\/tours\/traslado-privado-del-aeropuerto-de-hurghada-a-hoteles-en-makadi-bay\/#local-main-organization-logo"},"image":{"@id":"https:\/\/egytourpackages.com\/es\/tours\/traslado-privado-del-aeropuerto-de-hurghada-a-hoteles-en-makadi-bay\/#local-main-organization-logo"},"sameAs":["https:\/\/www.facebook.com\/egytourpackages"],"legalName":"Egy tour packages","address":{"@id":"https:\/\/egytourpackages.com\/es\/tours\/traslado-privado-del-aeropuerto-de-hurghada-a-hoteles-en-makadi-bay\/#local-main-place-address"},"telephone":["00201000852186","00201028685533"],"contactPoint":{"@type":"ContactPoint","telephone":"00201000852186"},"openingHoursSpecification":[{"@type":"OpeningHoursSpecification","dayOfWeek":["Monday","Tuesday","Wednesday","Thursday","Friday","Saturday","Sunday"],"opens":"00:00","closes":"23:59"}],"email":"info@egytourpackages.com","areaServed":"Cairo, Hurghada, Luxor, Sharm El Sheikh, Marsa Alam, Aswan","priceRange":"$","currenciesAccepted":"euro","paymentAccepted":"Payment links online"},{"@type":"PostalAddress","@id":"https:\/\/egytourpackages.com\/es\/tours\/traslado-privado-del-aeropuerto-de-hurghada-a-hoteles-en-makadi-bay\/#local-main-place-address","streetAddress":"Mubarak 8, Al Kawthar District, Hurghada","addressLocality":"Hurghada","postalCode":"84511","addressRegion":"Red Sea","addressCountry":"EG"},{"@type":"ImageObject","inLanguage":"es","@id":"https:\/\/egytourpackages.com\/es\/tours\/traslado-privado-del-aeropuerto-de-hurghada-a-hoteles-en-makadi-bay\/#local-main-organization-logo","url":"https:\/\/egytourpackages.com\/wp-content\/uploads\/2025\/12\/Turquoise-Dahabiya-Nile-Cruise-1.jpeg","contentUrl":"https:\/\/egytourpackages.com\/wp-content\/uploads\/2025\/12\/Turquoise-Dahabiya-Nile-Cruise-1.jpeg","width":1040,"height":694,"caption":"egypt tour packages"}]},"product_brand":"Excursiones Egipto","product_price_amount":"25","product_price_currency":"EUR","og_availability":"instock","product_availability":"instock","product_retailer_item_id":"AT 04","product_condition":"new","geo.placename":"Hurghada","geo.region":"Egipto"},"_links":{"self":[{"href":"https:\/\/egytourpackages.com\/es\/wp-json\/wp\/v2\/product\/15388","targetHints":{"allow":["GET"]}}],"collection":[{"href":"https:\/\/egytourpackages.com\/es\/wp-json\/wp\/v2\/product"}],"about":[{"href":"https:\/\/egytourpackages.com\/es\/wp-json\/wp\/v2\/types\/product"}],"replies":[{"embeddable":true,"href":"https:\/\/egytourpackages.com\/es\/wp-json\/wp\/v2\/comments?post=15388"}],"wp:featuredmedia":[{"embeddable":true,"href":"https:\/\/egytourpackages.com\/es\/wp-json\/wp\/v2\/media\/9201"}],"wp:attachment":[{"href":"https:\/\/egytourpackages.com\/es\/wp-json\/wp\/v2\/media?parent=15388"}],"wp:term":[{"taxonomy":"product_brand","embeddable":true,"href":"https:\/\/egytourpackages.com\/es\/wp-json\/wp\/v2\/product_brand?post=15388"},{"taxonomy":"product_cat","embeddable":true,"href":"https:\/\/egytourpackages.com\/es\/wp-json\/wp\/v2\/product_cat?post=15388"},{"taxonomy":"product_tag","embeddable":true,"href":"https:\/\/egytourpackages.com\/es\/wp-json\/wp\/v2\/product_tag?post=15388"}],"curies":[{"name":"wp","href":"https:\/\/api.w.org\/{rel}","templated":true}]}}