{"id":15669,"date":"2026-02-24T01:47:52","date_gmt":"2026-02-24T01:47:52","guid":{"rendered":"https:\/\/egytourpackages.com\/product\/snorkel-en-marsa-mubarak-desde-port-ghalib\/"},"modified":"2026-02-27T22:01:12","modified_gmt":"2026-02-27T22:01:12","slug":"snorkel-en-marsa-mubarak-desde-port-ghalib","status":"publish","type":"product","link":"https:\/\/egytourpackages.com\/es\/tours\/snorkel-en-marsa-mubarak-desde-port-ghalib\/","title":{"rendered":"Snorkel en Marsa Mubarak desde Port Ghalib"},"content":{"rendered":"<p><span style=\"color: #ff6600;\"><strong>Snorkel en Marsa Mubarak desde Port Ghalib: Nadar con Dugongos y Tortugas Gigantes<\/strong><\/span><\/p>\n<p>Sum\u00e9rgete en una <strong>excursi\u00f3n de snorkel en Marsa Mubarak<\/strong>, el destino definitivo para encuentros con la vida silvestre en el Mar Rojo. Situada cerca de <strong>Port Ghalib<\/strong>, esta extensa bah\u00eda es mundialmente famosa como santuario del raro <strong>dugongo (manat\u00ed)<\/strong> y de las <strong>tortugas verdes gigantes<\/strong>.<\/p>\n<p>Las aguas cristalinas y poco profundas, junto con las exuberantes praderas de pastos marinos, proporcionan el h\u00e1bitat perfecto para estos gentiles gigantes, ofreciendo a los snorkelers una oportunidad \u00fanica en la vida de nadar junto a ellos.<\/p>\n<p>M\u00e1s all\u00e1 de los \u00abdos grandes\u00bb, explorar\u00e1s vibrantes jardines de coral repletos de coloridos peces de arrecife.<\/p>\n<p>Con gu\u00edas profesionales y un ambiente relajado a bordo, es la experiencia de <strong>ecoturismo<\/strong> n\u00famero uno para familias y amantes de la naturaleza que visitan <strong>Marsa Alam<\/strong>.<\/p>\n<h3><span style=\"color: #ff6600;\">Detalles del Tour<\/span><\/h3>\n<ul>\n<li>Duraci\u00f3n: 8 horas<\/li>\n<li>Ubicaci\u00f3n del Tour: Porto Ghalib, Marsa Alam<\/li>\n<li>Disponibilidad del Tour: Todos los d\u00edas<\/li>\n<li>Recogida y Regreso: Su hotel en Port Ghalib o Marsa Alam<\/li>\n<li>Tipo de Tour: Tour Recreativo<\/li>\n<li>Silla de ruedas: No accesible<\/li>\n<\/ul>\n<h3><span style=\"color: #ff6600;\">Inclusiones<\/span><\/h3>\n<ul>\n<li>Traslado de ida y vuelta<\/li>\n<li>Almuerzo a bordo del yate de lujo<\/li>\n<li>Equipo de snorkel<\/li>\n<li>Gu\u00eda de snorkel<\/li>\n<li>Bebidas calientes y refrescos<\/li>\n<\/ul>\n<h3><span style=\"color: #ff6600;\">Exclusiones<\/span><\/h3>\n<ul>\n<li>DVD y fotos por el camar\u00f3grafo<\/li>\n<li>Buceo con tanque<\/li>\n<li>Propinas<\/li>\n<li>Tasa de la Reserva Natural de 5 euros por persona<\/li>\n<\/ul>\n<h3><span style=\"color: #ff6600;\">Qu\u00e9 empacar<\/span><\/h3>\n<ul>\n<li>Toalla de playa del hotel<\/li>\n<li>Sombrero o bufanda<\/li>\n<li>Protector solar<\/li>\n<li>Traje de ba\u00f1o<\/li>\n<li>Copia de su pasaporte<\/li>\n<\/ul>\n<h2><span style=\"color: #993366;\"><em>Itinerario<\/em><\/span><\/h2>\n<p>Si buscas una conexi\u00f3n pura y aut\u00e9ntica con los habitantes m\u00e1s \u00abc\u00e9lebres\u00bb del Mar Rojo, una <strong>excursi\u00f3n de snorkel en Marsa Mubarak<\/strong> es tu entrada de oro.<\/p>\n<p>Ubicada a solo un corto trayecto en barco desde <strong>Port Ghalib<\/strong>, esta bah\u00eda protegida es uno de los pocos lugares en la Tierra donde el tiempo parece detenerse bajo el agua.<\/p>\n<p>Conocida globalmente como un santuario para el <strong>dugongo en peligro de extinci\u00f3n<\/strong> y las enormes <strong>tortugas verdes<\/strong>, es una aventura imprescindible para todo amante de la fauna marina.<\/p>\n<h3><span style=\"color: #ff6600;\">Zarpando desde Porto Ghalib<\/span><\/h3>\n<p>Su viaje comienza con una recogida puntual en su <strong>hotel de Marsa Alam<\/strong> en un veh\u00edculo c\u00f3modo y con aire acondicionado.<\/p>\n<p>Al llegar a la vibrante <strong>Marina de Porto Ghalib<\/strong>, subir\u00e1 a bordo de nuestro barco totalmente equipado.<\/p>\n<p>Despu\u00e9s de una breve charla de seguridad y de recibir su <strong>equipo de snorkel<\/strong> de alta calidad, zarparemos hacia el horizonte turquesa.<\/p>\n<h3><span style=\"color: #ff6600;\">Primera Parada: Las Paredes Ocultas de Marsa El Shouna<\/span><\/h3>\n<p>Nuestra primera inmersi\u00f3n tiene lugar en <strong>Marsa El Shouna<\/strong>, una bah\u00eda famosa por sus impresionantes paredes de arrecife.<\/p>\n<p>Esto no se trata solo de ver peces; es un juego de \u00abescondite\u00bb. Mantenga los ojos bien abiertos para ver <strong>peces escorpi\u00f3n<\/strong>, <strong>pulpos<\/strong> y crust\u00e1ceos magistralmente camuflados que se mezclan con los vibrantes tapices de coral. Es el calentamiento perfecto para las maravillas que vendr\u00e1n.<\/p>\n<h3><span style=\"color: #ff6600;\">El Evento Principal: Marsa Mubarak Turtle Bay<\/span><\/h3>\n<p>Despu\u00e9s de una navegaci\u00f3n de 30 minutos hacia el sur, echamos el ancla en la legendaria <strong>Marsa Mubarak<\/strong>. Al ser la bah\u00eda m\u00e1s grande de la regi\u00f3n, sus praderas de pasto marino sirven como un banquete de cinco estrellas para las <strong>tortugas verdes gigantes<\/strong>.<\/p>\n<p>Pero la verdadera estrella es el <strong>dugongo (vaca marina)<\/strong>. Ver a uno de estos gigantes desliz\u00e1ndose por el agua es una experiencia transformadora, algo que muy pocas personas en el mundo pueden contar.<\/p>\n<h3><span style=\"color: #ff6600;\">Almuerzo y Relax Marino<\/span><\/h3>\n<p>Entre sus exploraciones submarinas, disfrute de un <strong>almuerzo reci\u00e9n preparado por nuestro chef<\/strong>, servido directamente en la cubierta.<\/p>\n<p>Con la brisa marina y una variedad de sabores locales e internacionales, podr\u00e1 recargar energ\u00edas antes de nuestra sesi\u00f3n final de snorkel.<\/p>\n<p>A \u00faltima hora de la tarde, navegaremos de regreso a la marina, asegur\u00e1ndonos de que est\u00e9 de vuelta en su hotel a tiempo para la puesta de sol.<\/p>\n<h3><span style=\"color: #ff6600;\">Consejos Profesionales para un Snorkel Responsable<\/span><\/h3>\n<p><span style=\"color: #993366;\"><em><strong>Respete al dugongo:<\/strong><\/em><\/span> Estas \u00abvacas marinas\u00bb son incre\u00edblemente amigables pero t\u00edmidas. <strong>Nunca los toque<\/strong> y mantenga siempre una distancia respetuosa para que puedan nadar f\u00e1cilmente a la superficie para respirar.<\/p>\n<p><span style=\"color: #993366;\"><em><strong>El tiempo lo es todo:<\/strong><\/em><\/span> Para evitar las multitudes y aumentar sus posibilidades de un encuentro privado, se recomiendan mucho las excursiones temprano por la ma\u00f1ana o al final de la tarde.<\/p>\n<p><span style=\"color: #993366;\"><em><strong>El factor de rareza:<\/strong><\/em><\/span> Los dugongos han desaparecido de la mayor\u00eda de los oc\u00e9anos del mundo, lo que convierte a la costa de <strong>Marsa Alam<\/strong> en una de las \u00faltimas fronteras para presenciarlos en estado salvaje.<\/p>\n<h3><span style=\"color: #ff6600;\">Precio de la excursi\u00f3n de snorkel en Marsa Mubarak desde Marsa Alam<\/span><\/h3>\n<ul>\n<li>Precio Adulto = 60 \u20ac<\/li>\n<li>Ni\u00f1os 0-5 a\u00f1os = Gratis<\/li>\n<li>Ni\u00f1os 5-11 a\u00f1os = 50% del precio de adulto<\/li>\n<\/ul>\n<h3><span style=\"color: #ff6600;\">Reserva<\/span><\/h3>\n<p>Puede reservar su tour a trav\u00e9s de WhatsApp o enviarnos un correo electr\u00f3nico, y recibir\u00e1 la confirmaci\u00f3n en el acto.<\/p>\n<p>Por favor, env\u00edenos el nombre de su hotel, n\u00famero de habitaci\u00f3n y copias de los pasaportes para asegurar su lugar en la excursi\u00f3n de snorkel en Marsa Mubarak desde Port Ghalib.<\/p>\n<p>WhatsApp: +201000852186<\/p>\n<p>info@egytourpackages.com<\/p>\n<h3><span style=\"color: #ff6600;\">Reserve Ahora y Pague en el Lugar<\/span><\/h3>\n<p>Reserve su tour favorito y pague el d\u00eda de la excursi\u00f3n.<\/p>\n<h3><span style=\"color: #ff6600;\">Pago<\/span><\/h3>\n<p>Puede pagar en libras egipcias, $, \u20ac o \u00a3.<\/p>\n<h3><span style=\"color: #ff6600;\">Pol\u00edtica de Cancelaci\u00f3n<\/span><\/h3>\n<ul>\n<li>La cancelaci\u00f3n es gratuita hasta 24 horas antes.<\/li>\n<li>La cancelaci\u00f3n por la ma\u00f1ana conlleva un cargo del 50% del precio.<\/li>\n<\/ul>\n<h2><span style=\"color: #993366;\"><em>Nota:<\/em><\/span><\/h2>\n<p>El clima juega un papel fundamental en la disponibilidad de este tour, ya que puede cancelarse debido a malas condiciones meteorol\u00f3gicas.<\/p>\n","protected":false},"excerpt":{"rendered":"<p>Disfruta del mejor snorkel en Marsa Mubarak desde Port Ghalib. Nada con el raro dugongo y tortugas gigantes en aguas del Mar Rojo. \u00a1Reserva tu aventura hoy!<\/p>\n","protected":false},"featured_media":15624,"comment_status":"closed","ping_status":"closed","template":"","meta":[],"product_brand":[],"product_cat":[3128],"product_tag":[4400,4401,3188],"class_list":{"0":"post-15669","1":"product","2":"type-product","3":"status-publish","4":"has-post-thumbnail","6":"product_cat-tours","7":"product_tag-excursiones-de-un-dia-desde-marsa-alam","8":"product_tag-excursiones-de-un-dia-desde-port-ghalib","9":"product_tag-excursiones-egipto","10":"tour_category-excursiones-de-un-dia-desde-port-ghalib","11":"tour_category-excursiones-egipto-es","13":"first","14":"instock","15":"sale","16":"shipping-taxable","17":"purchasable","18":"product-type-tour","19":"has-default-attributes"},"yoast_head":"<!-- This site is optimized with the Yoast SEO Premium plugin v27.4 (Yoast SEO v27.4) - https:\/\/yoast.com\/product\/yoast-seo-premium-wordpress\/ -->\n<title>Snorkel en Marsa Mubarak desde Port Ghalib<\/title>\n<meta name=\"description\" content=\"Disfruta del mejor snorkel en Marsa Mubarak desde Port Ghalib. Nada con el raro dugongo y tortugas gigantes en aguas del Mar Rojo. \u00a1Reserva tu aventura hoy!\" \/>\n<meta name=\"robots\" content=\"index, follow, max-snippet:-1, max-image-preview:large, max-video-preview:-1\" \/>\n<link rel=\"canonical\" href=\"https:\/\/egytourpackages.com\/es\/tours\/snorkel-en-marsa-mubarak-desde-port-ghalib\/\" \/>\n<meta property=\"og:locale\" content=\"es_ES\" \/>\n<meta property=\"og:type\" content=\"article\" \/>\n<meta property=\"og:title\" content=\"Snorkel en Marsa Mubarak desde Port Ghalib\" \/>\n<meta property=\"og:description\" content=\"Disfruta del mejor snorkel en Marsa Mubarak desde Port Ghalib. Nada con el raro dugongo y tortugas gigantes en aguas del Mar Rojo. \u00a1Reserva tu aventura hoy!\" \/>\n<meta property=\"og:url\" content=\"https:\/\/egytourpackages.com\/es\/tours\/snorkel-en-marsa-mubarak-desde-port-ghalib\/\" \/>\n<meta property=\"og:site_name\" content=\"Egypt Tour Packages\" \/>\n<meta property=\"article:publisher\" content=\"https:\/\/www.facebook.com\/egytourpackages\" \/>\n<meta property=\"article:modified_time\" content=\"2026-02-27T22:01:12+00:00\" \/>\n<meta property=\"og:image\" content=\"https:\/\/egytourpackages.com\/wp-content\/uploads\/2026\/02\/Marsa-Mubarak-Snorkeling-Trip-from-Port-Ghalib-1024x575.png\" \/>\n\t<meta property=\"og:image:width\" content=\"1024\" \/>\n\t<meta property=\"og:image:height\" content=\"575\" \/>\n\t<meta property=\"og:image:type\" content=\"image\/png\" \/>\n<meta name=\"twitter:card\" content=\"summary_large_image\" \/>\n<meta name=\"twitter:label1\" content=\"Precio\" \/>\n\t<meta name=\"twitter:data1\" content=\"&euro;0\" \/>\n\t<meta name=\"twitter:label2\" content=\"Disponibilidad\" \/>\n\t<meta name=\"twitter:data2\" content=\"Disponible\" \/>\n<script type=\"application\/ld+json\" class=\"yoast-schema-graph\">{\"@context\":\"https:\\\/\\\/schema.org\",\"@graph\":[{\"@type\":\"WebPage\",\"@id\":\"https:\\\/\\\/egytourpackages.com\\\/es\\\/tours\\\/snorkel-en-marsa-mubarak-desde-port-ghalib\\\/\",\"url\":\"https:\\\/\\\/egytourpackages.com\\\/es\\\/tours\\\/snorkel-en-marsa-mubarak-desde-port-ghalib\\\/\",\"name\":\"Snorkel en Marsa Mubarak desde Port Ghalib\",\"isPartOf\":{\"@id\":\"https:\\\/\\\/egytourpackages.com\\\/es\\\/#website\"},\"primaryImageOfPage\":{\"@id\":\"https:\\\/\\\/egytourpackages.com\\\/es\\\/tours\\\/snorkel-en-marsa-mubarak-desde-port-ghalib\\\/#primaryimage\"},\"image\":{\"@id\":\"https:\\\/\\\/egytourpackages.com\\\/es\\\/tours\\\/snorkel-en-marsa-mubarak-desde-port-ghalib\\\/#primaryimage\"},\"thumbnailUrl\":\"https:\\\/\\\/egytourpackages.com\\\/wp-content\\\/uploads\\\/2026\\\/02\\\/Marsa-Mubarak-Snorkeling-Trip-from-Port-Ghalib.png\",\"datePublished\":\"2026-02-24T01:47:52+00:00\",\"dateModified\":\"2026-02-27T22:01:12+00:00\",\"description\":\"Disfruta del mejor snorkel en Marsa Mubarak desde Port Ghalib. Nada con el raro dugongo y tortugas gigantes en aguas del Mar Rojo. \u00a1Reserva tu aventura hoy!\",\"breadcrumb\":{\"@id\":\"https:\\\/\\\/egytourpackages.com\\\/es\\\/tours\\\/snorkel-en-marsa-mubarak-desde-port-ghalib\\\/#breadcrumb\"},\"inLanguage\":\"es\",\"potentialAction\":[{\"@type\":\"ReadAction\",\"target\":[\"https:\\\/\\\/egytourpackages.com\\\/es\\\/tours\\\/snorkel-en-marsa-mubarak-desde-port-ghalib\\\/\"]}]},{\"@type\":\"ImageObject\",\"inLanguage\":\"es\",\"@id\":\"https:\\\/\\\/egytourpackages.com\\\/es\\\/tours\\\/snorkel-en-marsa-mubarak-desde-port-ghalib\\\/#primaryimage\",\"url\":\"https:\\\/\\\/egytourpackages.com\\\/wp-content\\\/uploads\\\/2026\\\/02\\\/Marsa-Mubarak-Snorkeling-Trip-from-Port-Ghalib.png\",\"contentUrl\":\"https:\\\/\\\/egytourpackages.com\\\/wp-content\\\/uploads\\\/2026\\\/02\\\/Marsa-Mubarak-Snorkeling-Trip-from-Port-Ghalib.png\",\"width\":1500,\"height\":843,\"caption\":\"Snorkel en Marsa Mubarak desde Port Ghalib\"},{\"@type\":\"BreadcrumbList\",\"@id\":\"https:\\\/\\\/egytourpackages.com\\\/es\\\/tours\\\/snorkel-en-marsa-mubarak-desde-port-ghalib\\\/#breadcrumb\",\"itemListElement\":[{\"@type\":\"ListItem\",\"position\":1,\"name\":\"Home\",\"item\":\"https:\\\/\\\/egytourpackages.com\\\/es\\\/paquetes-de-viaje-a-egipto\\\/\"},{\"@type\":\"ListItem\",\"position\":2,\"name\":\"Shop\",\"item\":\"https:\\\/\\\/egytourpackages.com\\\/shop\\\/\"},{\"@type\":\"ListItem\",\"position\":3,\"name\":\"Snorkel en Marsa Mubarak desde Port Ghalib\"}]},{\"@type\":\"WebSite\",\"@id\":\"https:\\\/\\\/egytourpackages.com\\\/es\\\/#website\",\"url\":\"https:\\\/\\\/egytourpackages.com\\\/es\\\/\",\"name\":\"Egy tour packages\",\"description\":\"\",\"publisher\":{\"@id\":\"https:\\\/\\\/egytourpackages.com\\\/es\\\/#organization\"},\"potentialAction\":[{\"@type\":\"SearchAction\",\"target\":{\"@type\":\"EntryPoint\",\"urlTemplate\":\"https:\\\/\\\/egytourpackages.com\\\/es\\\/?s={search_term_string}\"},\"query-input\":{\"@type\":\"PropertyValueSpecification\",\"valueRequired\":true,\"valueName\":\"search_term_string\"}}],\"inLanguage\":\"es\"},{\"@type\":[\"Organization\",\"Place\",\"TravelAgency\"],\"@id\":\"https:\\\/\\\/egytourpackages.com\\\/es\\\/#organization\",\"name\":\"egypt tour packages\",\"alternateName\":\"egypt tour packages\",\"url\":\"https:\\\/\\\/egytourpackages.com\\\/es\\\/\",\"logo\":{\"@id\":\"https:\\\/\\\/egytourpackages.com\\\/es\\\/tours\\\/snorkel-en-marsa-mubarak-desde-port-ghalib\\\/#local-main-organization-logo\"},\"image\":{\"@id\":\"https:\\\/\\\/egytourpackages.com\\\/es\\\/tours\\\/snorkel-en-marsa-mubarak-desde-port-ghalib\\\/#local-main-organization-logo\"},\"sameAs\":[\"https:\\\/\\\/www.facebook.com\\\/egytourpackages\"],\"legalName\":\"Egy tour packages\",\"address\":{\"@id\":\"https:\\\/\\\/egytourpackages.com\\\/es\\\/tours\\\/snorkel-en-marsa-mubarak-desde-port-ghalib\\\/#local-main-place-address\"},\"telephone\":[\"00201000852186\",\"00201028685533\"],\"contactPoint\":{\"@type\":\"ContactPoint\",\"telephone\":\"00201000852186\"},\"openingHoursSpecification\":[{\"@type\":\"OpeningHoursSpecification\",\"dayOfWeek\":[\"Monday\",\"Tuesday\",\"Wednesday\",\"Thursday\",\"Friday\",\"Saturday\",\"Sunday\"],\"opens\":\"00:00\",\"closes\":\"23:59\"}],\"email\":\"info@egytourpackages.com\",\"areaServed\":\"Cairo, Hurghada, Luxor, Sharm El Sheikh, Marsa Alam, Aswan\",\"priceRange\":\"$\",\"currenciesAccepted\":\"euro\",\"paymentAccepted\":\"Payment links online\"},{\"@type\":\"PostalAddress\",\"@id\":\"https:\\\/\\\/egytourpackages.com\\\/es\\\/tours\\\/snorkel-en-marsa-mubarak-desde-port-ghalib\\\/#local-main-place-address\",\"streetAddress\":\"Mubarak 8, Al Kawthar District, Hurghada\",\"addressLocality\":\"Hurghada\",\"postalCode\":\"84511\",\"addressRegion\":\"Red Sea\",\"addressCountry\":\"EG\"},{\"@type\":\"ImageObject\",\"inLanguage\":\"es\",\"@id\":\"https:\\\/\\\/egytourpackages.com\\\/es\\\/tours\\\/snorkel-en-marsa-mubarak-desde-port-ghalib\\\/#local-main-organization-logo\",\"url\":\"https:\\\/\\\/egytourpackages.com\\\/wp-content\\\/uploads\\\/2025\\\/12\\\/Turquoise-Dahabiya-Nile-Cruise-1.jpeg\",\"contentUrl\":\"https:\\\/\\\/egytourpackages.com\\\/wp-content\\\/uploads\\\/2025\\\/12\\\/Turquoise-Dahabiya-Nile-Cruise-1.jpeg\",\"width\":1040,\"height\":694,\"caption\":\"egypt tour packages\"}]}<\/script>\n<meta property=\"product:brand\" content=\"Excursiones de un d\u00eda desde Port Ghalib\" \/>\n<meta property=\"product:price:amount\" content=\"0\" \/>\n<meta property=\"product:price:currency\" content=\"EUR\" \/>\n<meta property=\"og:availability\" content=\"instock\" \/>\n<meta property=\"product:availability\" content=\"instock\" \/>\n<meta property=\"product:retailer_item_id\" content=\"DTFPG 01\" \/>\n<meta property=\"product:condition\" content=\"new\" \/>\n<meta name=\"geo.placename\" content=\"Hurghada\" \/>\n<meta name=\"geo.region\" content=\"Egipto\" \/>\n<!-- \/ Yoast SEO Premium plugin. -->","yoast_head_json":{"title":"Snorkel en Marsa Mubarak desde Port Ghalib","description":"Disfruta del mejor snorkel en Marsa Mubarak desde Port Ghalib. Nada con el raro dugongo y tortugas gigantes en aguas del Mar Rojo. \u00a1Reserva tu aventura hoy!","robots":{"index":"index","follow":"follow","max-snippet":"max-snippet:-1","max-image-preview":"max-image-preview:large","max-video-preview":"max-video-preview:-1"},"canonical":"https:\/\/egytourpackages.com\/es\/tours\/snorkel-en-marsa-mubarak-desde-port-ghalib\/","og_locale":"es_ES","og_type":"article","og_title":"Snorkel en Marsa Mubarak desde Port Ghalib","og_description":"Disfruta del mejor snorkel en Marsa Mubarak desde Port Ghalib. Nada con el raro dugongo y tortugas gigantes en aguas del Mar Rojo. \u00a1Reserva tu aventura hoy!","og_url":"https:\/\/egytourpackages.com\/es\/tours\/snorkel-en-marsa-mubarak-desde-port-ghalib\/","og_site_name":"Egypt Tour Packages","article_publisher":"https:\/\/www.facebook.com\/egytourpackages","article_modified_time":"2026-02-27T22:01:12+00:00","og_image":[{"width":1024,"height":575,"url":"https:\/\/egytourpackages.com\/wp-content\/uploads\/2026\/02\/Marsa-Mubarak-Snorkeling-Trip-from-Port-Ghalib-1024x575.png","type":"image\/png"}],"twitter_card":"summary_large_image","twitter_misc":{"Precio":"&euro;0","Disponibilidad":"Disponible"},"schema":{"@context":"https:\/\/schema.org","@graph":[{"@type":"WebPage","@id":"https:\/\/egytourpackages.com\/es\/tours\/snorkel-en-marsa-mubarak-desde-port-ghalib\/","url":"https:\/\/egytourpackages.com\/es\/tours\/snorkel-en-marsa-mubarak-desde-port-ghalib\/","name":"Snorkel en Marsa Mubarak desde Port Ghalib","isPartOf":{"@id":"https:\/\/egytourpackages.com\/es\/#website"},"primaryImageOfPage":{"@id":"https:\/\/egytourpackages.com\/es\/tours\/snorkel-en-marsa-mubarak-desde-port-ghalib\/#primaryimage"},"image":{"@id":"https:\/\/egytourpackages.com\/es\/tours\/snorkel-en-marsa-mubarak-desde-port-ghalib\/#primaryimage"},"thumbnailUrl":"https:\/\/egytourpackages.com\/wp-content\/uploads\/2026\/02\/Marsa-Mubarak-Snorkeling-Trip-from-Port-Ghalib.png","datePublished":"2026-02-24T01:47:52+00:00","dateModified":"2026-02-27T22:01:12+00:00","description":"Disfruta del mejor snorkel en Marsa Mubarak desde Port Ghalib. Nada con el raro dugongo y tortugas gigantes en aguas del Mar Rojo. \u00a1Reserva tu aventura hoy!","breadcrumb":{"@id":"https:\/\/egytourpackages.com\/es\/tours\/snorkel-en-marsa-mubarak-desde-port-ghalib\/#breadcrumb"},"inLanguage":"es","potentialAction":[{"@type":"ReadAction","target":["https:\/\/egytourpackages.com\/es\/tours\/snorkel-en-marsa-mubarak-desde-port-ghalib\/"]}]},{"@type":"ImageObject","inLanguage":"es","@id":"https:\/\/egytourpackages.com\/es\/tours\/snorkel-en-marsa-mubarak-desde-port-ghalib\/#primaryimage","url":"https:\/\/egytourpackages.com\/wp-content\/uploads\/2026\/02\/Marsa-Mubarak-Snorkeling-Trip-from-Port-Ghalib.png","contentUrl":"https:\/\/egytourpackages.com\/wp-content\/uploads\/2026\/02\/Marsa-Mubarak-Snorkeling-Trip-from-Port-Ghalib.png","width":1500,"height":843,"caption":"Snorkel en Marsa Mubarak desde Port Ghalib"},{"@type":"BreadcrumbList","@id":"https:\/\/egytourpackages.com\/es\/tours\/snorkel-en-marsa-mubarak-desde-port-ghalib\/#breadcrumb","itemListElement":[{"@type":"ListItem","position":1,"name":"Home","item":"https:\/\/egytourpackages.com\/es\/paquetes-de-viaje-a-egipto\/"},{"@type":"ListItem","position":2,"name":"Shop","item":"https:\/\/egytourpackages.com\/shop\/"},{"@type":"ListItem","position":3,"name":"Snorkel en Marsa Mubarak desde Port Ghalib"}]},{"@type":"WebSite","@id":"https:\/\/egytourpackages.com\/es\/#website","url":"https:\/\/egytourpackages.com\/es\/","name":"Egy tour packages","description":"","publisher":{"@id":"https:\/\/egytourpackages.com\/es\/#organization"},"potentialAction":[{"@type":"SearchAction","target":{"@type":"EntryPoint","urlTemplate":"https:\/\/egytourpackages.com\/es\/?s={search_term_string}"},"query-input":{"@type":"PropertyValueSpecification","valueRequired":true,"valueName":"search_term_string"}}],"inLanguage":"es"},{"@type":["Organization","Place","TravelAgency"],"@id":"https:\/\/egytourpackages.com\/es\/#organization","name":"egypt tour packages","alternateName":"egypt tour packages","url":"https:\/\/egytourpackages.com\/es\/","logo":{"@id":"https:\/\/egytourpackages.com\/es\/tours\/snorkel-en-marsa-mubarak-desde-port-ghalib\/#local-main-organization-logo"},"image":{"@id":"https:\/\/egytourpackages.com\/es\/tours\/snorkel-en-marsa-mubarak-desde-port-ghalib\/#local-main-organization-logo"},"sameAs":["https:\/\/www.facebook.com\/egytourpackages"],"legalName":"Egy tour packages","address":{"@id":"https:\/\/egytourpackages.com\/es\/tours\/snorkel-en-marsa-mubarak-desde-port-ghalib\/#local-main-place-address"},"telephone":["00201000852186","00201028685533"],"contactPoint":{"@type":"ContactPoint","telephone":"00201000852186"},"openingHoursSpecification":[{"@type":"OpeningHoursSpecification","dayOfWeek":["Monday","Tuesday","Wednesday","Thursday","Friday","Saturday","Sunday"],"opens":"00:00","closes":"23:59"}],"email":"info@egytourpackages.com","areaServed":"Cairo, Hurghada, Luxor, Sharm El Sheikh, Marsa Alam, Aswan","priceRange":"$","currenciesAccepted":"euro","paymentAccepted":"Payment links online"},{"@type":"PostalAddress","@id":"https:\/\/egytourpackages.com\/es\/tours\/snorkel-en-marsa-mubarak-desde-port-ghalib\/#local-main-place-address","streetAddress":"Mubarak 8, Al Kawthar District, Hurghada","addressLocality":"Hurghada","postalCode":"84511","addressRegion":"Red Sea","addressCountry":"EG"},{"@type":"ImageObject","inLanguage":"es","@id":"https:\/\/egytourpackages.com\/es\/tours\/snorkel-en-marsa-mubarak-desde-port-ghalib\/#local-main-organization-logo","url":"https:\/\/egytourpackages.com\/wp-content\/uploads\/2025\/12\/Turquoise-Dahabiya-Nile-Cruise-1.jpeg","contentUrl":"https:\/\/egytourpackages.com\/wp-content\/uploads\/2025\/12\/Turquoise-Dahabiya-Nile-Cruise-1.jpeg","width":1040,"height":694,"caption":"egypt tour packages"}]},"product_brand":"Excursiones de un d\u00eda desde Port Ghalib","product_price_currency":"EUR","og_availability":"instock","product_availability":"instock","product_retailer_item_id":"DTFPG 01","product_condition":"new","geo.placename":"Hurghada","geo.region":"Egipto"},"_links":{"self":[{"href":"https:\/\/egytourpackages.com\/es\/wp-json\/wp\/v2\/product\/15669","targetHints":{"allow":["GET"]}}],"collection":[{"href":"https:\/\/egytourpackages.com\/es\/wp-json\/wp\/v2\/product"}],"about":[{"href":"https:\/\/egytourpackages.com\/es\/wp-json\/wp\/v2\/types\/product"}],"replies":[{"embeddable":true,"href":"https:\/\/egytourpackages.com\/es\/wp-json\/wp\/v2\/comments?post=15669"}],"wp:featuredmedia":[{"embeddable":true,"href":"https:\/\/egytourpackages.com\/es\/wp-json\/wp\/v2\/media\/15624"}],"wp:attachment":[{"href":"https:\/\/egytourpackages.com\/es\/wp-json\/wp\/v2\/media?parent=15669"}],"wp:term":[{"taxonomy":"product_brand","embeddable":true,"href":"https:\/\/egytourpackages.com\/es\/wp-json\/wp\/v2\/product_brand?post=15669"},{"taxonomy":"product_cat","embeddable":true,"href":"https:\/\/egytourpackages.com\/es\/wp-json\/wp\/v2\/product_cat?post=15669"},{"taxonomy":"product_tag","embeddable":true,"href":"https:\/\/egytourpackages.com\/es\/wp-json\/wp\/v2\/product_tag?post=15669"}],"curies":[{"name":"wp","href":"https:\/\/api.w.org\/{rel}","templated":true}]}}