{"id":15717,"date":"2026-02-20T20:41:43","date_gmt":"2026-02-20T20:41:43","guid":{"rendered":"https:\/\/egytourpackages.com\/product\/traslado-privado-desde-el-aeropuerto-de-hurghada-a-magic-kalawy\/"},"modified":"2026-02-27T22:07:50","modified_gmt":"2026-02-27T22:07:50","slug":"traslado-privado-desde-el-aeropuerto-de-hurghada-a-magic-kalawy","status":"publish","type":"product","link":"https:\/\/egytourpackages.com\/es\/tours\/traslado-privado-desde-el-aeropuerto-de-hurghada-a-magic-kalawy\/","title":{"rendered":"Traslado Privado desde el Aeropuerto de Hurghada a Magic Kalawy"},"content":{"rendered":"<p><span style=\"color: #ff6600;\"><strong>Traslado Privado desde el Aeropuerto de Hurghada a Magic Kalawy<\/strong><\/span><\/p>\n<p><span style=\"color: #993366;\"><em><strong>\u00bfPor qu\u00e9 elegir nuestro traslado del Aeropuerto de Hurghada a Magic Kalawy?<\/strong><\/em><\/span><\/p>\n<p>Entendemos que despu\u00e9s de un vuelo largo, lo \u00faltimo que desea es un veh\u00edculo viejo o un proceso de recogida confuso. As\u00ed es como nos comparamos con otros sitios web:<\/p>\n<h3><span style=\"color: #ff6600;\">Flota Nueva de 2026<\/span><\/h3>\n<p>A diferencia de muchos operadores locales y grandes plataformas de reserva que utilizan modelos de veh\u00edculos antiguos, toda nuestra flota se compone de <strong>coches nuevos de 2026<\/strong>.<\/p>\n<p>Priorizamos su seguridad y comodidad proporcionando la \u00faltima tecnolog\u00eda automotriz, asegurando un viaje suave y silencioso a lo largo de los 90 kil\u00f3metros de trayecto hasta el complejo <strong>Magic Life Kalawy<\/strong>.<\/p>\n<h3><span style=\"color: #ff6600;\">Conectividad y Confort a Bordo<\/span><\/h3>\n<p>Mientras que la mayor\u00eda de los servicios de traslado ofrecen aire acondicionado b\u00e1sico, nosotros vamos varios pasos m\u00e1s all\u00e1:<\/p>\n<p><span style=\"color: #993366;\"><em><strong>WiFi a Bordo:<\/strong><\/em><\/span><\/p>\n<p>Mant\u00e9ngase conectado con amigos, familiares o el trabajo en el momento en que aterrice. Nuestro internet de alta velocidad garantiza que no tenga que esperar hasta llegar al vest\u00edbulo del hotel.<\/p>\n<p><span style=\"color: #993366;\"><em><strong>Agua de Cortes\u00eda:<\/strong><\/em><\/span><\/p>\n<p>Cada pasajero recibe agua mineral fresca y fr\u00eda para mantenerse hidratado bajo el sol egipcio.<\/p>\n<p><span style=\"color: #993366;\"><em><strong>Interiores Impecables:<\/strong><\/em><\/span><\/p>\n<p>Nuestros veh\u00edculos se mantienen con los m\u00e1s altos est\u00e1ndares de limpieza, ofreciendo una sensaci\u00f3n de \u00absala de exposici\u00f3n\u00bb en cada viaje.<\/p>\n<p><span style=\"color: #993366;\"><em><strong>Conductores Profesionales<\/strong><\/em><\/span><\/p>\n<p>Nuestro equipo est\u00e1 compuesto por <strong>conductores profesionales<\/strong> que no solo son expertos en la ruta Hurghada-Safaga, sino que tambi\u00e9n est\u00e1n capacitados en hospitalidad al cliente.<\/p>\n<p>Le estar\u00e1n esperando en la sala de llegadas con un cartel claro, listos para ayudarle con su equipaje y proporcionarle una transici\u00f3n sin estr\u00e9s a su veh\u00edculo.<\/p>\n<h3><span style=\"color: #ff6600;\">Precios Competitivos<\/span><\/h3>\n<p>Creemos que el lujo no deber\u00eda venir con un precio inflado. Al gestionar nuestra propia flota directamente, ofrecemos <strong>precios competitivos<\/strong> que a menudo superan las tarifas que se encuentran en los principales centros de viajes internacionales.<\/p>\n<p>Usted recibe un veh\u00edculo premium de 2026 y comodidades VIP a un precio que se ajusta perfectamente a su presupuesto de vacaciones.<\/p>\n<p>Para garantizar que cada pasajero disfrute de la mejor experiencia \u00abVIP\u00bb, nuestros traslados privados est\u00e1n limitados a un <strong>m\u00e1ximo de 3 personas<\/strong>.<\/p>\n<p>Esta pol\u00edtica le garantiza un amplio espacio para las piernas, un espacio dedicado para el equipaje y nuestra total atenci\u00f3n.<\/p>\n<table>\n<thead>\n<tr>\n<td><strong>N\u00famero de Pasajeros<\/strong><\/td>\n<td><strong>Precio por Persona<\/strong><\/td>\n<td><strong>Precio Total (Ida)<\/strong><\/td>\n<\/tr>\n<\/thead>\n<tbody>\n<tr>\n<td>1 Persona<\/td>\n<td>\u20ac 40<\/td>\n<td>\u20ac 40<\/td>\n<\/tr>\n<tr>\n<td>2 Personas<\/td>\n<td>\u20ac 20<\/td>\n<td>\u20ac 40<\/td>\n<\/tr>\n<tr>\n<td>3 Personas<\/td>\n<td>\u20ac 13.5<\/td>\n<td>\u20ac 40<\/td>\n<\/tr>\n<\/tbody>\n<\/table>\n","protected":false},"excerpt":{"rendered":"<p><b data-path-to-node=\"3\" data-index-in-node=\"0\">Traslado Privado desde el Aeropuerto de Hurghada a Magic Kalawy<\/b> | Viaja con Wi-Fi y agua en coches nuevos 2026. Servicio VIP al mejor precio. \u00a1Reserva hoy!<\/p>\n","protected":false},"featured_media":15660,"comment_status":"closed","ping_status":"closed","template":"","meta":[],"product_brand":[],"product_cat":[3128],"product_tag":[4204,4207,4206,4205],"class_list":{"0":"post-15717","1":"product","2":"type-product","3":"status-publish","4":"has-post-thumbnail","6":"product_cat-tours","7":"product_tag-reserva-tu-traslado-privado-desde-el-aeropuerto-de-hurghada-al-hotel-kempinski","8":"product_tag-reserva-tu-traslado-privado-desde-el-aeropuerto-de-hurghada-al-jaz-soma-bay","9":"product_tag-reserva-tu-traslado-privado-desde-el-aeropuerto-de-hurghada-al-kaktus-soma-bay","10":"product_tag-reserva-tu-traslado-privado-desde-el-aeropuerto-de-hurghada-al-sheraton-soma-bay","11":"tour_category-excursiones-egipto-es","12":"tour_category-excursiones-en-hurgada-es","13":"tour_category-traslado-al-aeropuerto-es","15":"first","16":"instock","17":"sale","18":"shipping-taxable","19":"purchasable","20":"product-type-tour","21":"has-default-attributes"},"yoast_head":"<!-- This site is optimized with the Yoast SEO Premium plugin v27.4 (Yoast SEO v27.4) - https:\/\/yoast.com\/product\/yoast-seo-premium-wordpress\/ -->\n<title>Traslado Privado desde el Aeropuerto de Hurghada a Magic Kalawy<\/title>\n<meta name=\"description\" content=\"Traslado Privado desde el Aeropuerto de Hurghada a Magic Kalawy | Viaja con Wi-Fi y agua en coches nuevos 2026. Servicio VIP al mejor precio. \u00a1Reserva hoy!\" \/>\n<meta name=\"robots\" content=\"index, follow, max-snippet:-1, max-image-preview:large, max-video-preview:-1\" \/>\n<link rel=\"canonical\" href=\"https:\/\/egytourpackages.com\/es\/tours\/traslado-privado-desde-el-aeropuerto-de-hurghada-a-magic-kalawy\/\" \/>\n<meta property=\"og:locale\" content=\"es_ES\" \/>\n<meta property=\"og:type\" content=\"article\" \/>\n<meta property=\"og:title\" content=\"Traslado Privado desde el Aeropuerto de Hurghada a Magic Kalawy\" \/>\n<meta property=\"og:description\" content=\"Traslado Privado desde el Aeropuerto de Hurghada a Magic Kalawy | Viaja con Wi-Fi y agua en coches nuevos 2026. Servicio VIP al mejor precio. \u00a1Reserva hoy!\" \/>\n<meta property=\"og:url\" content=\"https:\/\/egytourpackages.com\/es\/tours\/traslado-privado-desde-el-aeropuerto-de-hurghada-a-magic-kalawy\/\" \/>\n<meta property=\"og:site_name\" content=\"Egypt Tour Packages\" \/>\n<meta property=\"article:publisher\" content=\"https:\/\/www.facebook.com\/egytourpackages\" \/>\n<meta property=\"article:modified_time\" content=\"2026-02-27T22:07:50+00:00\" \/>\n<meta property=\"og:image\" content=\"https:\/\/egytourpackages.com\/wp-content\/uploads\/2026\/02\/IMG-20230706-WA0059.jpg\" \/>\n\t<meta property=\"og:image:width\" content=\"1024\" \/>\n\t<meta property=\"og:image:height\" content=\"768\" \/>\n\t<meta property=\"og:image:type\" content=\"image\/jpeg\" \/>\n<meta name=\"twitter:card\" content=\"summary_large_image\" \/>\n<meta name=\"twitter:title\" content=\"Traslado Privado desde el Aeropuerto de Hurghada a Magic Kalawy\" \/>\n<meta name=\"twitter:label1\" content=\"Precio\" \/>\n\t<meta name=\"twitter:data1\" content=\"&euro;0\" \/>\n\t<meta name=\"twitter:label2\" content=\"Disponibilidad\" \/>\n\t<meta name=\"twitter:data2\" content=\"Disponible\" \/>\n<script type=\"application\/ld+json\" class=\"yoast-schema-graph\">{\"@context\":\"https:\\\/\\\/schema.org\",\"@graph\":[{\"@type\":\"WebPage\",\"@id\":\"https:\\\/\\\/egytourpackages.com\\\/es\\\/tours\\\/traslado-privado-desde-el-aeropuerto-de-hurghada-a-magic-kalawy\\\/\",\"url\":\"https:\\\/\\\/egytourpackages.com\\\/es\\\/tours\\\/traslado-privado-desde-el-aeropuerto-de-hurghada-a-magic-kalawy\\\/\",\"name\":\"Traslado Privado desde el Aeropuerto de Hurghada a Magic Kalawy\",\"isPartOf\":{\"@id\":\"https:\\\/\\\/egytourpackages.com\\\/es\\\/#website\"},\"primaryImageOfPage\":{\"@id\":\"https:\\\/\\\/egytourpackages.com\\\/es\\\/tours\\\/traslado-privado-desde-el-aeropuerto-de-hurghada-a-magic-kalawy\\\/#primaryimage\"},\"image\":{\"@id\":\"https:\\\/\\\/egytourpackages.com\\\/es\\\/tours\\\/traslado-privado-desde-el-aeropuerto-de-hurghada-a-magic-kalawy\\\/#primaryimage\"},\"thumbnailUrl\":\"https:\\\/\\\/egytourpackages.com\\\/wp-content\\\/uploads\\\/2026\\\/02\\\/IMG-20230706-WA0059.jpg\",\"datePublished\":\"2026-02-20T20:41:43+00:00\",\"dateModified\":\"2026-02-27T22:07:50+00:00\",\"description\":\"Traslado Privado desde el Aeropuerto de Hurghada a Magic Kalawy | Viaja con Wi-Fi y agua en coches nuevos 2026. Servicio VIP al mejor precio. \u00a1Reserva hoy!\",\"breadcrumb\":{\"@id\":\"https:\\\/\\\/egytourpackages.com\\\/es\\\/tours\\\/traslado-privado-desde-el-aeropuerto-de-hurghada-a-magic-kalawy\\\/#breadcrumb\"},\"inLanguage\":\"es\",\"potentialAction\":[{\"@type\":\"ReadAction\",\"target\":[\"https:\\\/\\\/egytourpackages.com\\\/es\\\/tours\\\/traslado-privado-desde-el-aeropuerto-de-hurghada-a-magic-kalawy\\\/\"]}]},{\"@type\":\"ImageObject\",\"inLanguage\":\"es\",\"@id\":\"https:\\\/\\\/egytourpackages.com\\\/es\\\/tours\\\/traslado-privado-desde-el-aeropuerto-de-hurghada-a-magic-kalawy\\\/#primaryimage\",\"url\":\"https:\\\/\\\/egytourpackages.com\\\/wp-content\\\/uploads\\\/2026\\\/02\\\/IMG-20230706-WA0059.jpg\",\"contentUrl\":\"https:\\\/\\\/egytourpackages.com\\\/wp-content\\\/uploads\\\/2026\\\/02\\\/IMG-20230706-WA0059.jpg\",\"width\":1024,\"height\":768,\"caption\":\"Traslado Privado desde el Aeropuerto de Hurghada a Magic Kalawy\"},{\"@type\":\"BreadcrumbList\",\"@id\":\"https:\\\/\\\/egytourpackages.com\\\/es\\\/tours\\\/traslado-privado-desde-el-aeropuerto-de-hurghada-a-magic-kalawy\\\/#breadcrumb\",\"itemListElement\":[{\"@type\":\"ListItem\",\"position\":1,\"name\":\"Home\",\"item\":\"https:\\\/\\\/egytourpackages.com\\\/es\\\/paquetes-de-viaje-a-egipto\\\/\"},{\"@type\":\"ListItem\",\"position\":2,\"name\":\"Shop\",\"item\":\"https:\\\/\\\/egytourpackages.com\\\/shop\\\/\"},{\"@type\":\"ListItem\",\"position\":3,\"name\":\"Traslado Privado desde el Aeropuerto de Hurghada a Magic Kalawy\"}]},{\"@type\":\"WebSite\",\"@id\":\"https:\\\/\\\/egytourpackages.com\\\/es\\\/#website\",\"url\":\"https:\\\/\\\/egytourpackages.com\\\/es\\\/\",\"name\":\"Egy tour packages\",\"description\":\"\",\"publisher\":{\"@id\":\"https:\\\/\\\/egytourpackages.com\\\/es\\\/#organization\"},\"potentialAction\":[{\"@type\":\"SearchAction\",\"target\":{\"@type\":\"EntryPoint\",\"urlTemplate\":\"https:\\\/\\\/egytourpackages.com\\\/es\\\/?s={search_term_string}\"},\"query-input\":{\"@type\":\"PropertyValueSpecification\",\"valueRequired\":true,\"valueName\":\"search_term_string\"}}],\"inLanguage\":\"es\"},{\"@type\":[\"Organization\",\"Place\",\"TravelAgency\"],\"@id\":\"https:\\\/\\\/egytourpackages.com\\\/es\\\/#organization\",\"name\":\"egypt tour packages\",\"alternateName\":\"egypt tour packages\",\"url\":\"https:\\\/\\\/egytourpackages.com\\\/es\\\/\",\"logo\":{\"@id\":\"https:\\\/\\\/egytourpackages.com\\\/es\\\/tours\\\/traslado-privado-desde-el-aeropuerto-de-hurghada-a-magic-kalawy\\\/#local-main-organization-logo\"},\"image\":{\"@id\":\"https:\\\/\\\/egytourpackages.com\\\/es\\\/tours\\\/traslado-privado-desde-el-aeropuerto-de-hurghada-a-magic-kalawy\\\/#local-main-organization-logo\"},\"sameAs\":[\"https:\\\/\\\/www.facebook.com\\\/egytourpackages\"],\"legalName\":\"Egy tour packages\",\"address\":{\"@id\":\"https:\\\/\\\/egytourpackages.com\\\/es\\\/tours\\\/traslado-privado-desde-el-aeropuerto-de-hurghada-a-magic-kalawy\\\/#local-main-place-address\"},\"telephone\":[\"00201000852186\",\"00201028685533\"],\"contactPoint\":{\"@type\":\"ContactPoint\",\"telephone\":\"00201000852186\"},\"openingHoursSpecification\":[{\"@type\":\"OpeningHoursSpecification\",\"dayOfWeek\":[\"Monday\",\"Tuesday\",\"Wednesday\",\"Thursday\",\"Friday\",\"Saturday\",\"Sunday\"],\"opens\":\"00:00\",\"closes\":\"23:59\"}],\"email\":\"info@egytourpackages.com\",\"areaServed\":\"Cairo, Hurghada, Luxor, Sharm El Sheikh, Marsa Alam, Aswan\",\"priceRange\":\"$\",\"currenciesAccepted\":\"euro\",\"paymentAccepted\":\"Payment links online\"},{\"@type\":\"PostalAddress\",\"@id\":\"https:\\\/\\\/egytourpackages.com\\\/es\\\/tours\\\/traslado-privado-desde-el-aeropuerto-de-hurghada-a-magic-kalawy\\\/#local-main-place-address\",\"streetAddress\":\"Mubarak 8, Al Kawthar District, Hurghada\",\"addressLocality\":\"Hurghada\",\"postalCode\":\"84511\",\"addressRegion\":\"Red Sea\",\"addressCountry\":\"EG\"},{\"@type\":\"ImageObject\",\"inLanguage\":\"es\",\"@id\":\"https:\\\/\\\/egytourpackages.com\\\/es\\\/tours\\\/traslado-privado-desde-el-aeropuerto-de-hurghada-a-magic-kalawy\\\/#local-main-organization-logo\",\"url\":\"https:\\\/\\\/egytourpackages.com\\\/wp-content\\\/uploads\\\/2025\\\/12\\\/Turquoise-Dahabiya-Nile-Cruise-1.jpeg\",\"contentUrl\":\"https:\\\/\\\/egytourpackages.com\\\/wp-content\\\/uploads\\\/2025\\\/12\\\/Turquoise-Dahabiya-Nile-Cruise-1.jpeg\",\"width\":1040,\"height\":694,\"caption\":\"egypt tour packages\"}]}<\/script>\n<meta property=\"product:brand\" content=\"Excursiones Egipto\" \/>\n<meta property=\"product:price:amount\" content=\"0\" \/>\n<meta property=\"product:price:currency\" content=\"EUR\" \/>\n<meta property=\"og:availability\" content=\"instock\" \/>\n<meta property=\"product:availability\" content=\"instock\" \/>\n<meta property=\"product:retailer_item_id\" content=\"AT 09\" \/>\n<meta property=\"product:condition\" content=\"new\" \/>\n<meta name=\"geo.placename\" content=\"Hurghada\" \/>\n<meta name=\"geo.region\" content=\"Egipto\" \/>\n<!-- \/ Yoast SEO Premium plugin. -->","yoast_head_json":{"title":"Traslado Privado desde el Aeropuerto de Hurghada a Magic Kalawy","description":"Traslado Privado desde el Aeropuerto de Hurghada a Magic Kalawy | Viaja con Wi-Fi y agua en coches nuevos 2026. Servicio VIP al mejor precio. \u00a1Reserva hoy!","robots":{"index":"index","follow":"follow","max-snippet":"max-snippet:-1","max-image-preview":"max-image-preview:large","max-video-preview":"max-video-preview:-1"},"canonical":"https:\/\/egytourpackages.com\/es\/tours\/traslado-privado-desde-el-aeropuerto-de-hurghada-a-magic-kalawy\/","og_locale":"es_ES","og_type":"article","og_title":"Traslado Privado desde el Aeropuerto de Hurghada a Magic Kalawy","og_description":"Traslado Privado desde el Aeropuerto de Hurghada a Magic Kalawy | Viaja con Wi-Fi y agua en coches nuevos 2026. Servicio VIP al mejor precio. \u00a1Reserva hoy!","og_url":"https:\/\/egytourpackages.com\/es\/tours\/traslado-privado-desde-el-aeropuerto-de-hurghada-a-magic-kalawy\/","og_site_name":"Egypt Tour Packages","article_publisher":"https:\/\/www.facebook.com\/egytourpackages","article_modified_time":"2026-02-27T22:07:50+00:00","og_image":[{"width":1024,"height":768,"url":"https:\/\/egytourpackages.com\/wp-content\/uploads\/2026\/02\/IMG-20230706-WA0059.jpg","type":"image\/jpeg"}],"twitter_card":"summary_large_image","twitter_title":"Traslado Privado desde el Aeropuerto de Hurghada a Magic Kalawy","twitter_misc":{"Precio":"&euro;0","Disponibilidad":"Disponible"},"schema":{"@context":"https:\/\/schema.org","@graph":[{"@type":"WebPage","@id":"https:\/\/egytourpackages.com\/es\/tours\/traslado-privado-desde-el-aeropuerto-de-hurghada-a-magic-kalawy\/","url":"https:\/\/egytourpackages.com\/es\/tours\/traslado-privado-desde-el-aeropuerto-de-hurghada-a-magic-kalawy\/","name":"Traslado Privado desde el Aeropuerto de Hurghada a Magic Kalawy","isPartOf":{"@id":"https:\/\/egytourpackages.com\/es\/#website"},"primaryImageOfPage":{"@id":"https:\/\/egytourpackages.com\/es\/tours\/traslado-privado-desde-el-aeropuerto-de-hurghada-a-magic-kalawy\/#primaryimage"},"image":{"@id":"https:\/\/egytourpackages.com\/es\/tours\/traslado-privado-desde-el-aeropuerto-de-hurghada-a-magic-kalawy\/#primaryimage"},"thumbnailUrl":"https:\/\/egytourpackages.com\/wp-content\/uploads\/2026\/02\/IMG-20230706-WA0059.jpg","datePublished":"2026-02-20T20:41:43+00:00","dateModified":"2026-02-27T22:07:50+00:00","description":"Traslado Privado desde el Aeropuerto de Hurghada a Magic Kalawy | Viaja con Wi-Fi y agua en coches nuevos 2026. Servicio VIP al mejor precio. \u00a1Reserva hoy!","breadcrumb":{"@id":"https:\/\/egytourpackages.com\/es\/tours\/traslado-privado-desde-el-aeropuerto-de-hurghada-a-magic-kalawy\/#breadcrumb"},"inLanguage":"es","potentialAction":[{"@type":"ReadAction","target":["https:\/\/egytourpackages.com\/es\/tours\/traslado-privado-desde-el-aeropuerto-de-hurghada-a-magic-kalawy\/"]}]},{"@type":"ImageObject","inLanguage":"es","@id":"https:\/\/egytourpackages.com\/es\/tours\/traslado-privado-desde-el-aeropuerto-de-hurghada-a-magic-kalawy\/#primaryimage","url":"https:\/\/egytourpackages.com\/wp-content\/uploads\/2026\/02\/IMG-20230706-WA0059.jpg","contentUrl":"https:\/\/egytourpackages.com\/wp-content\/uploads\/2026\/02\/IMG-20230706-WA0059.jpg","width":1024,"height":768,"caption":"Traslado Privado desde el Aeropuerto de Hurghada a Magic Kalawy"},{"@type":"BreadcrumbList","@id":"https:\/\/egytourpackages.com\/es\/tours\/traslado-privado-desde-el-aeropuerto-de-hurghada-a-magic-kalawy\/#breadcrumb","itemListElement":[{"@type":"ListItem","position":1,"name":"Home","item":"https:\/\/egytourpackages.com\/es\/paquetes-de-viaje-a-egipto\/"},{"@type":"ListItem","position":2,"name":"Shop","item":"https:\/\/egytourpackages.com\/shop\/"},{"@type":"ListItem","position":3,"name":"Traslado Privado desde el Aeropuerto de Hurghada a Magic Kalawy"}]},{"@type":"WebSite","@id":"https:\/\/egytourpackages.com\/es\/#website","url":"https:\/\/egytourpackages.com\/es\/","name":"Egy tour packages","description":"","publisher":{"@id":"https:\/\/egytourpackages.com\/es\/#organization"},"potentialAction":[{"@type":"SearchAction","target":{"@type":"EntryPoint","urlTemplate":"https:\/\/egytourpackages.com\/es\/?s={search_term_string}"},"query-input":{"@type":"PropertyValueSpecification","valueRequired":true,"valueName":"search_term_string"}}],"inLanguage":"es"},{"@type":["Organization","Place","TravelAgency"],"@id":"https:\/\/egytourpackages.com\/es\/#organization","name":"egypt tour packages","alternateName":"egypt tour packages","url":"https:\/\/egytourpackages.com\/es\/","logo":{"@id":"https:\/\/egytourpackages.com\/es\/tours\/traslado-privado-desde-el-aeropuerto-de-hurghada-a-magic-kalawy\/#local-main-organization-logo"},"image":{"@id":"https:\/\/egytourpackages.com\/es\/tours\/traslado-privado-desde-el-aeropuerto-de-hurghada-a-magic-kalawy\/#local-main-organization-logo"},"sameAs":["https:\/\/www.facebook.com\/egytourpackages"],"legalName":"Egy tour packages","address":{"@id":"https:\/\/egytourpackages.com\/es\/tours\/traslado-privado-desde-el-aeropuerto-de-hurghada-a-magic-kalawy\/#local-main-place-address"},"telephone":["00201000852186","00201028685533"],"contactPoint":{"@type":"ContactPoint","telephone":"00201000852186"},"openingHoursSpecification":[{"@type":"OpeningHoursSpecification","dayOfWeek":["Monday","Tuesday","Wednesday","Thursday","Friday","Saturday","Sunday"],"opens":"00:00","closes":"23:59"}],"email":"info@egytourpackages.com","areaServed":"Cairo, Hurghada, Luxor, Sharm El Sheikh, Marsa Alam, Aswan","priceRange":"$","currenciesAccepted":"euro","paymentAccepted":"Payment links online"},{"@type":"PostalAddress","@id":"https:\/\/egytourpackages.com\/es\/tours\/traslado-privado-desde-el-aeropuerto-de-hurghada-a-magic-kalawy\/#local-main-place-address","streetAddress":"Mubarak 8, Al Kawthar District, Hurghada","addressLocality":"Hurghada","postalCode":"84511","addressRegion":"Red Sea","addressCountry":"EG"},{"@type":"ImageObject","inLanguage":"es","@id":"https:\/\/egytourpackages.com\/es\/tours\/traslado-privado-desde-el-aeropuerto-de-hurghada-a-magic-kalawy\/#local-main-organization-logo","url":"https:\/\/egytourpackages.com\/wp-content\/uploads\/2025\/12\/Turquoise-Dahabiya-Nile-Cruise-1.jpeg","contentUrl":"https:\/\/egytourpackages.com\/wp-content\/uploads\/2025\/12\/Turquoise-Dahabiya-Nile-Cruise-1.jpeg","width":1040,"height":694,"caption":"egypt tour packages"}]},"product_brand":"Excursiones Egipto","product_price_currency":"EUR","og_availability":"instock","product_availability":"instock","product_retailer_item_id":"AT 09","product_condition":"new","geo.placename":"Hurghada","geo.region":"Egipto"},"_links":{"self":[{"href":"https:\/\/egytourpackages.com\/es\/wp-json\/wp\/v2\/product\/15717","targetHints":{"allow":["GET"]}}],"collection":[{"href":"https:\/\/egytourpackages.com\/es\/wp-json\/wp\/v2\/product"}],"about":[{"href":"https:\/\/egytourpackages.com\/es\/wp-json\/wp\/v2\/types\/product"}],"replies":[{"embeddable":true,"href":"https:\/\/egytourpackages.com\/es\/wp-json\/wp\/v2\/comments?post=15717"}],"wp:featuredmedia":[{"embeddable":true,"href":"https:\/\/egytourpackages.com\/es\/wp-json\/wp\/v2\/media\/15660"}],"wp:attachment":[{"href":"https:\/\/egytourpackages.com\/es\/wp-json\/wp\/v2\/media?parent=15717"}],"wp:term":[{"taxonomy":"product_brand","embeddable":true,"href":"https:\/\/egytourpackages.com\/es\/wp-json\/wp\/v2\/product_brand?post=15717"},{"taxonomy":"product_cat","embeddable":true,"href":"https:\/\/egytourpackages.com\/es\/wp-json\/wp\/v2\/product_cat?post=15717"},{"taxonomy":"product_tag","embeddable":true,"href":"https:\/\/egytourpackages.com\/es\/wp-json\/wp\/v2\/product_tag?post=15717"}],"curies":[{"name":"wp","href":"https:\/\/api.w.org\/{rel}","templated":true}]}}