{"id":16418,"date":"2026-03-17T20:03:42","date_gmt":"2026-03-17T20:03:42","guid":{"rendered":"https:\/\/egytourpackages.com\/product\/tour-mons-claudianus\/"},"modified":"2026-04-26T23:35:59","modified_gmt":"2026-04-26T23:35:59","slug":"tour-mons-claudianus","status":"publish","type":"product","link":"https:\/\/egytourpackages.com\/es\/tours\/tour-mons-claudianus\/","title":{"rendered":"Tour Mons Claudianus"},"content":{"rendered":"<p><span style=\"color: #ff6600;\"><strong>Tour Mons Claudianus: Explorando las Canteras de Piedra de la Antigua Roma<\/strong><\/span><\/p>\n<p>El viaje a <strong>Mons Claudianus<\/strong> comienza con la recogida en su hotel a las 05:00 am en un robusto veh\u00edculo 4\u00d74.<\/p>\n<p>Ubicadas en las profundidades del <strong>Desierto Ar\u00e1bigo<\/strong>, estas extensas canteras de granito representan algunos de los sitios arqueol\u00f3gicos m\u00e1s significativos de la regi\u00f3n, dados a conocer por los exploradores <strong>Wilkinson<\/strong> y <strong>Burton<\/strong> en 1823.<\/p>\n<h3><span style=\"color: #ff6600;\">Amanecer y Viaje al Desierto Profundo<\/span><\/h3>\n<p>Su aventura comienza con una parada impresionante en la cima de un pico del desierto para presenciar el <strong>amanecer<\/strong> sobre el horizonte.<\/p>\n<p>Despu\u00e9s de esto, el trayecto contin\u00faa durante aproximadamente 40 minutos hasta una <strong>Acacia<\/strong> solitaria, un hito natural en el vasto paisaje \u00e1rido.<\/p>\n<p>Una vez que llegue al sitio arqueol\u00f3gico, tendr\u00e1 un descanso designado para disfrutar del <strong>desayuno<\/strong> antes de sumergirse en la exploraci\u00f3n hist\u00f3rica de las ruinas.<\/p>\n<h3><span style=\"color: #ff6600;\">El Legado de Mons Claudianus<\/span><\/h3>\n<p>Activo principalmente entre los siglos I y III d.C., este <strong>asentamiento minero<\/strong> sirvi\u00f3 como un centro industrial vital para el Imperio Romano.<\/p>\n<p>Situado en las monta\u00f1as del Mar Rojo, el sitio se encuentra a unas 20 millas de la carretera principal que conecta <strong>Hurghada<\/strong> y Qena.<\/p>\n<p>Funcion\u00f3 como un puesto remoto, proporcionando al imperio piedra de alta calidad mientras manten\u00eda una estructura social compleja lejos del Nilo.<\/p>\n<h3><span style=\"color: #ff6600;\">Maravillas Arquitect\u00f3nicas y Puntos Destacados del Sitio<\/span><\/h3>\n<p>El sitio permanece notablemente bien conservado, mostrando una variedad de proezas de la <strong>ingenier\u00eda romana<\/strong>. Los visitantes pueden observar enormes <strong>columnas<\/strong> de piedra, pilas y una casa de ba\u00f1os fracturada esparcidos por el terreno.<\/p>\n<p>Muchas estructuras, incluyendo el <strong>campamento fortificado<\/strong>, las viviendas, los talleres y los establos de animales, todav\u00eda se mantienen a sus alturas originales.<\/p>\n<p>Una de las caracter\u00edsticas m\u00e1s intrigantes son los restos \u00f3seos de un <strong>templo<\/strong> inacabado encargado por el <strong>Emperador Adriano<\/strong>.<\/p>\n<p>Todo el complejo fue dise\u00f1ado como una fortaleza, protegida por muros gruesos y torres de vigilancia para albergar a una poblaci\u00f3n de aproximadamente 1,000 residentes, incluyendo trabajadores y guardias militares.<\/p>\n<p>Aprender\u00e1 c\u00f3mo los antiguos trabajadores extra\u00edan bloques masivos desde grandes altitudes y los bajaban al fondo del valle para su transporte.<\/p>\n<h3><span style=\"color: #ff6600;\">Piedra Imperial e Infraestructura Romana<\/span><\/h3>\n<p>La <strong>V\u00eda Romana<\/strong> utilizada para transportar estas piedras todav\u00eda es visible hoy en d\u00eda, salpicada de antiguas estaciones de descanso situadas a un d\u00eda de viaje de distancia.<\/p>\n<p>El granito gris oscuro extra\u00eddo aqu\u00ed era muy valorado; se utiliz\u00f3 para construir el ic\u00f3nico p\u00f3rtico del <strong>Pante\u00f3n<\/strong> en <strong>Roma<\/strong> y la <strong>Bas\u00edlica Ulpia<\/strong> dentro del Foro de Trajano.<\/p>\n<p>Adem\u00e1s, estas piedras fueron enviadas por mar para decorar el <strong>Palacio Flavio<\/strong> y las grandes <strong>Termas de Caracalla<\/strong>.<\/p>\n<h3><span style=\"color: #ff6600;\">Vida Cotidiana en el Puesto del Desierto<\/span><\/h3>\n<p>Las excavaciones realizadas a finales del siglo XX desenterraron m\u00e1s de 9,000 <strong>ostraca<\/strong> (fragmentos de cer\u00e1mica inscritos).<\/p>\n<p>Escritos en <strong>griego y lat\u00edn<\/strong>, estos fragmentos ofrecen una visi\u00f3n poco com\u00fan de las rutinas diarias de los hombres, mujeres y ni\u00f1os destacados aqu\u00ed. Los registros categorizan a los habitantes en cuatro grupos distintos:<\/p>\n<ul>\n<li>Personal militar y oficiales de alto rango.<\/li>\n<li>Maestros artesanos y trabajadores calificados.<\/li>\n<li>Trabajadores no calificados y personal general.<\/li>\n<li>Familias, incluyendo mujeres y ni\u00f1os.<\/li>\n<\/ul>\n<p>Los registros financieros revelan que los trabajadores en este sitio recib\u00edan un pago excepcionalmente bueno, ganando casi el doble de los salarios que en el Valle del Nilo.<\/p>\n<p>Este \u00abpago por peligrosidad\u00bb compensaba el aislamiento y las duras condiciones del desierto.<\/p>\n<h3><span style=\"color: #ff6600;\">Gastronom\u00eda y Supervivencia<\/span><\/h3>\n<p>La evidencia hist\u00f3rica sugiere una dieta sorprendentemente diversa para un lugar tan remoto. Los arque\u00f3logos encontraron rastros de <strong>55 plantas diferentes<\/strong> y 20 tipos de prote\u00ednas animales.<\/p>\n<p>Los residentes cenaban pescado del Mar Rojo, <strong>pimienta india<\/strong> importada e incluso ostras. El descubrimiento de semillas espec\u00edficas indica que, aunque mucho era importado, los romanos tambi\u00e9n cultivaban <strong>lechuga, menta y albahaca<\/strong> en el lugar para asegurar que los trabajadores recibieran nutrientes y vitaminas esenciales.<\/p>\n<p>Despu\u00e9s de documentar las ruinas y capturar <strong>fotos inolvidables<\/strong>, ser\u00e1 transportado de regreso a su alojamiento en <strong>Hurghada<\/strong>.<\/p>\n<h3><span style=\"color: #ff6600;\">Detalles<\/span><\/h3>\n<ul>\n<li>Duraci\u00f3n: 6 horas<\/li>\n<li>Ubicaci\u00f3n del Tour: Desierto Ar\u00e1bigo, Hurghada<\/li>\n<li>Disponibilidad del Tour: diario<\/li>\n<li>Recogida y Regreso: Todos los hoteles en Hurghada, Makadi Bay, Soma Bay, Sahl Hasheesh<\/li>\n<li>Tipo de Tour: Grupal \/ Privado<\/li>\n<li>Idioma: Ingl\u00e9s<\/li>\n<li>Silla de ruedas: Accesible<\/li>\n<\/ul>\n<h3><span style=\"color: #ff6600;\">Inclusiones del Tour<\/span><\/h3>\n<ul>\n<li>Gu\u00eda Egipt\u00f3logo experto con certificaci\u00f3n profesional.<\/li>\n<li>Todos los cargos de servicio e impuestos locales aplicables.<\/li>\n<li>Permisos de entrada oficiales y tasas del sitio.<\/li>\n<li>Transporte de ida y vuelta en <strong>Jeep 4\u00d74<\/strong>.<\/li>\n<li>Servicio integral de comida y bebida.<\/li>\n<li><strong>Agua mineral<\/strong> embotellada y refrescos.<\/li>\n<\/ul>\n<h3><span style=\"color: #ff6600;\">Exclusiones del Tour<\/span><\/h3>\n<ul>\n<li>Vuelos internacionales\/nacionales y visas de entrada.<\/li>\n<li>Gastos individuales en actividades extra.<\/li>\n<li><strong>Propinas<\/strong> habituales para el personal.<\/li>\n<li>Servicios no mencionados expl\u00edcitamente en el itinerario.<\/li>\n<\/ul>\n<h3><span style=\"color: #ff6600;\">Art\u00edculos Recomendados para Llevar<\/span><\/h3>\n<ul>\n<li>Protecci\u00f3n ocular (gafas de sol), un sombrero para el sol y <strong>protector solar<\/strong> de alto FPS.<\/li>\n<li>Equipo de fotograf\u00eda o video.<\/li>\n<li><strong>Calzado resistente<\/strong> para caminar y ropa transpirable.<\/li>\n<\/ul>\n<h3><span style=\"color: #ff6600;\">Precio del Tour Mons Claudianus<\/span><\/h3>\n<table>\n<thead>\n<tr>\n<td><strong>N\u00famero de Participantes<\/strong><\/td>\n<td><strong>Precio por Persona<\/strong><\/td>\n<td><strong>Costo Total del Tour<\/strong><\/td>\n<\/tr>\n<\/thead>\n<tbody>\n<tr>\n<td>1 Persona (Solo)<\/td>\n<td>300 euros<\/td>\n<td>300 euros<\/td>\n<\/tr>\n<tr>\n<td>2 Personas<\/td>\n<td>150 euros<\/td>\n<td>300 euros<\/td>\n<\/tr>\n<tr>\n<td>3 Personas<\/td>\n<td>105 euros<\/td>\n<td>315 euros<\/td>\n<\/tr>\n<tr>\n<td>4 Personas<\/td>\n<td>100 euros<\/td>\n<td>400 euros<\/td>\n<\/tr>\n<\/tbody>\n<\/table>\n<p>Ni\u00f1os 0-5 a\u00f1os = gratis<\/p>\n<p>Ni\u00f1os 5-11 a\u00f1os = 50% del precio de adulto<\/p>\n<h3><span style=\"color: #ff6600;\">Nota:<\/span><\/h3>\n<p>Se aplica un suplemento de <strong>20 euros<\/strong> por persona para salidas desde las siguientes ubicaciones:<\/p>\n<ul>\n<li>Makadi Bay<\/li>\n<li>Soma Bay<\/li>\n<li>Safaga<\/li>\n<li>El Gouna<\/li>\n<\/ul>\n<h3><span style=\"color: #ff6600;\">Reserva<\/span><\/h3>\n<p>Puede reservar su Tour a Mons Claudianus a trav\u00e9s de WhatsApp o correo electr\u00f3nico, y recibir\u00e1 confirmaci\u00f3n al instante.<\/p>\n<p>Por favor, env\u00edenos su nombre de hotel, n\u00famero de habitaci\u00f3n y copias de pasaporte.<\/p>\n<p>WhatsApp: +201000852186<\/p>\n<p>info@egytourpackages.com<\/p>\n<h3><span style=\"color: #ff6600;\">Reserve Ahora y Pague en el Lugar<\/span><\/h3>\n<p>Reserve su tour favorito y pague el d\u00eda del viaje.<\/p>\n<h3><span style=\"color: #ff6600;\">Pago<\/span><\/h3>\n<p>Puede pagar en libras egipcias, $, \u20ac o \u00a3.<\/p>\n<h3><span style=\"color: #ff6600;\">Pol\u00edtica de Cancelaci\u00f3n<\/span><\/h3>\n<ul>\n<li>La cancelaci\u00f3n es gratuita hasta con 24 horas de antelaci\u00f3n.<\/li>\n<li>La cancelaci\u00f3n por la ma\u00f1ana conlleva un cargo del 50% del precio<\/li>\n<\/ul>\n","protected":false},"excerpt":{"rendered":"<p>Explora las canteras romanas en un <b data-path-to-node=\"0\" data-index-in-node=\"35\">Tour Mons Claudianus<\/b>. Descubre ruinas, columnas de granito y la historia de Egipto en este viaje arqueol\u00f3gico \u00fanico.<\/p>\n","protected":false},"featured_media":15896,"comment_status":"closed","ping_status":"closed","template":"","meta":[],"product_brand":[],"product_cat":[3128],"product_tag":[4088,3188,4547,4548,4546],"class_list":{"0":"post-16418","1":"product","2":"type-product","3":"status-publish","4":"has-post-thumbnail","6":"product_cat-tours","7":"product_tag-excursiones-de-un-dia-desde-hurghada","8":"product_tag-excursiones-egipto","9":"product_tag-safari-por-el-desierto-oriental","10":"product_tag-tour-mons-claudianus","11":"product_tag-tours-de-historia-de-egipto","12":"tour_category-excursiones-de-un-dia-desde-safaga","13":"tour_category-excursiones-egipto-es","14":"tour_category-excursiones-en-hurgada-es","15":"tour_category-excursiones-en-makadi-bay-es","16":"tour_category-excursiones-en-sahl-hasheesh-es","17":"tour_category-excursiones-en-soma-bay-es","18":"tour_category-safaris-por-el-desierto-de-hurghada","20":"first","21":"instock","22":"sale","23":"shipping-taxable","24":"purchasable","25":"product-type-tour","26":"has-default-attributes"},"yoast_head":"<!-- This site is optimized with the Yoast SEO Premium plugin v27.5 (Yoast SEO v27.5) - https:\/\/yoast.com\/product\/yoast-seo-premium-wordpress\/ -->\n<title>Tour Mons Claudianus<\/title>\n<meta name=\"description\" content=\"Explora las canteras romanas en un Tour Mons Claudianus. Descubre ruinas, columnas de granito y la historia de Egipto en este viaje arqueol\u00f3gico \u00fanico.\" \/>\n<meta name=\"robots\" content=\"index, follow, max-snippet:-1, max-image-preview:large, max-video-preview:-1\" \/>\n<link rel=\"canonical\" href=\"https:\/\/egytourpackages.com\/es\/tours\/tour-mons-claudianus\/\" \/>\n<meta property=\"og:locale\" content=\"es_ES\" \/>\n<meta property=\"og:type\" content=\"article\" \/>\n<meta property=\"og:title\" content=\"Tour Mons Claudianus\" \/>\n<meta property=\"og:description\" content=\"Explora las canteras romanas en un Tour Mons Claudianus. Descubre ruinas, columnas de granito y la historia de Egipto en este viaje arqueol\u00f3gico \u00fanico.\" \/>\n<meta property=\"og:url\" content=\"https:\/\/egytourpackages.com\/es\/tours\/tour-mons-claudianus\/\" \/>\n<meta property=\"og:site_name\" content=\"Egypt Tour Packages\" \/>\n<meta property=\"article:publisher\" content=\"https:\/\/www.facebook.com\/egytourpackages\" \/>\n<meta property=\"article:modified_time\" content=\"2026-04-26T23:35:59+00:00\" \/>\n<meta property=\"og:image\" content=\"https:\/\/egytourpackages.com\/wp-content\/uploads\/2026\/03\/Mons-Claudianus-Tour-1024x768.jpg\" \/>\n<meta name=\"twitter:card\" content=\"summary_large_image\" \/>\n<meta name=\"twitter:title\" content=\"Tour Mons Claudianus\" \/>\n<meta name=\"twitter:label1\" content=\"Precio\" \/>\n\t<meta name=\"twitter:data1\" content=\"&euro;150\" \/>\n\t<meta name=\"twitter:label2\" content=\"Disponibilidad\" \/>\n\t<meta name=\"twitter:data2\" content=\"Disponible\" \/>\n<script type=\"application\/ld+json\" class=\"yoast-schema-graph\">{\"@context\":\"https:\\\/\\\/schema.org\",\"@graph\":[{\"@type\":\"WebPage\",\"@id\":\"https:\\\/\\\/egytourpackages.com\\\/es\\\/tours\\\/tour-mons-claudianus\\\/\",\"url\":\"https:\\\/\\\/egytourpackages.com\\\/es\\\/tours\\\/tour-mons-claudianus\\\/\",\"name\":\"Tour Mons Claudianus\",\"isPartOf\":{\"@id\":\"https:\\\/\\\/egytourpackages.com\\\/es\\\/#website\"},\"primaryImageOfPage\":{\"@id\":\"https:\\\/\\\/egytourpackages.com\\\/es\\\/tours\\\/tour-mons-claudianus\\\/#primaryimage\"},\"image\":{\"@id\":\"https:\\\/\\\/egytourpackages.com\\\/es\\\/tours\\\/tour-mons-claudianus\\\/#primaryimage\"},\"thumbnailUrl\":\"https:\\\/\\\/egytourpackages.com\\\/wp-content\\\/uploads\\\/2026\\\/03\\\/Mons-Claudianus-Tour.jpg\",\"datePublished\":\"2026-03-17T20:03:42+00:00\",\"dateModified\":\"2026-04-26T23:35:59+00:00\",\"description\":\"Explora las canteras romanas en un Tour Mons Claudianus. Descubre ruinas, columnas de granito y la historia de Egipto en este viaje arqueol\u00f3gico \u00fanico.\",\"breadcrumb\":{\"@id\":\"https:\\\/\\\/egytourpackages.com\\\/es\\\/tours\\\/tour-mons-claudianus\\\/#breadcrumb\"},\"inLanguage\":\"es\",\"potentialAction\":[{\"@type\":\"ReadAction\",\"target\":[\"https:\\\/\\\/egytourpackages.com\\\/es\\\/tours\\\/tour-mons-claudianus\\\/\"]}]},{\"@type\":\"ImageObject\",\"inLanguage\":\"es\",\"@id\":\"https:\\\/\\\/egytourpackages.com\\\/es\\\/tours\\\/tour-mons-claudianus\\\/#primaryimage\",\"url\":\"https:\\\/\\\/egytourpackages.com\\\/wp-content\\\/uploads\\\/2026\\\/03\\\/Mons-Claudianus-Tour.jpg\",\"contentUrl\":\"https:\\\/\\\/egytourpackages.com\\\/wp-content\\\/uploads\\\/2026\\\/03\\\/Mons-Claudianus-Tour.jpg\",\"width\":1500,\"height\":1125,\"caption\":\"Tour Mons Claudianus\"},{\"@type\":\"BreadcrumbList\",\"@id\":\"https:\\\/\\\/egytourpackages.com\\\/es\\\/tours\\\/tour-mons-claudianus\\\/#breadcrumb\",\"itemListElement\":[{\"@type\":\"ListItem\",\"position\":1,\"name\":\"Home\",\"item\":\"https:\\\/\\\/egytourpackages.com\\\/es\\\/paquetes-de-viaje-a-egipto\\\/\"},{\"@type\":\"ListItem\",\"position\":2,\"name\":\"Shop\",\"item\":\"https:\\\/\\\/egytourpackages.com\\\/shop\\\/\"},{\"@type\":\"ListItem\",\"position\":3,\"name\":\"Tour Mons Claudianus\"}]},{\"@type\":\"WebSite\",\"@id\":\"https:\\\/\\\/egytourpackages.com\\\/es\\\/#website\",\"url\":\"https:\\\/\\\/egytourpackages.com\\\/es\\\/\",\"name\":\"Egy tour packages\",\"description\":\"\",\"publisher\":{\"@id\":\"https:\\\/\\\/egytourpackages.com\\\/es\\\/#organization\"},\"potentialAction\":[{\"@type\":\"SearchAction\",\"target\":{\"@type\":\"EntryPoint\",\"urlTemplate\":\"https:\\\/\\\/egytourpackages.com\\\/es\\\/?s={search_term_string}\"},\"query-input\":{\"@type\":\"PropertyValueSpecification\",\"valueRequired\":true,\"valueName\":\"search_term_string\"}}],\"inLanguage\":\"es\"},{\"@type\":[\"Organization\",\"Place\",\"TravelAgency\"],\"@id\":\"https:\\\/\\\/egytourpackages.com\\\/es\\\/#organization\",\"name\":\"egypt tour packages\",\"alternateName\":\"egypt tour packages\",\"url\":\"https:\\\/\\\/egytourpackages.com\\\/es\\\/\",\"logo\":{\"@id\":\"https:\\\/\\\/egytourpackages.com\\\/es\\\/tours\\\/tour-mons-claudianus\\\/#local-main-organization-logo\"},\"image\":{\"@id\":\"https:\\\/\\\/egytourpackages.com\\\/es\\\/tours\\\/tour-mons-claudianus\\\/#local-main-organization-logo\"},\"sameAs\":[\"https:\\\/\\\/www.facebook.com\\\/egytourpackages\"],\"legalName\":\"Egy tour packages\",\"address\":{\"@id\":\"https:\\\/\\\/egytourpackages.com\\\/es\\\/tours\\\/tour-mons-claudianus\\\/#local-main-place-address\"},\"telephone\":[\"00201000852186\",\"00201028685533\"],\"contactPoint\":{\"@type\":\"ContactPoint\",\"telephone\":\"00201000852186\"},\"openingHoursSpecification\":[{\"@type\":\"OpeningHoursSpecification\",\"dayOfWeek\":[\"Monday\",\"Tuesday\",\"Wednesday\",\"Thursday\",\"Friday\",\"Saturday\",\"Sunday\"],\"opens\":\"00:00\",\"closes\":\"23:59\"}],\"email\":\"info@egytourpackages.com\",\"areaServed\":\"Cairo, Hurghada, Luxor, Sharm El Sheikh, Marsa Alam, Aswan\",\"priceRange\":\"$\",\"currenciesAccepted\":\"euro\",\"paymentAccepted\":\"Payment links online\"},{\"@type\":\"PostalAddress\",\"@id\":\"https:\\\/\\\/egytourpackages.com\\\/es\\\/tours\\\/tour-mons-claudianus\\\/#local-main-place-address\",\"streetAddress\":\"Mubarak 8, Al Kawthar District, Hurghada\",\"addressLocality\":\"Hurghada\",\"postalCode\":\"84511\",\"addressRegion\":\"Red Sea\",\"addressCountry\":\"EG\"},{\"@type\":\"ImageObject\",\"inLanguage\":\"es\",\"@id\":\"https:\\\/\\\/egytourpackages.com\\\/es\\\/tours\\\/tour-mons-claudianus\\\/#local-main-organization-logo\",\"url\":\"https:\\\/\\\/egytourpackages.com\\\/wp-content\\\/uploads\\\/2025\\\/12\\\/Turquoise-Dahabiya-Nile-Cruise-1.jpeg\",\"contentUrl\":\"https:\\\/\\\/egytourpackages.com\\\/wp-content\\\/uploads\\\/2025\\\/12\\\/Turquoise-Dahabiya-Nile-Cruise-1.jpeg\",\"width\":1040,\"height\":694,\"caption\":\"egypt tour packages\"}]}<\/script>\n<meta property=\"product:brand\" content=\"Excursiones de un d\u00eda desde Safaga\" \/>\n<meta property=\"product:price:amount\" content=\"150\" \/>\n<meta property=\"product:price:currency\" content=\"EUR\" \/>\n<meta property=\"og:availability\" content=\"instock\" \/>\n<meta property=\"product:availability\" content=\"instock\" \/>\n<meta property=\"product:retailer_item_id\" content=\"HDT 16\" \/>\n<meta property=\"product:condition\" content=\"new\" \/>\n<meta name=\"geo.placename\" content=\"Hurghada\" \/>\n<meta name=\"geo.region\" content=\"Egipto\" \/>\n<!-- \/ Yoast SEO Premium plugin. -->","yoast_head_json":{"title":"Tour Mons Claudianus","description":"Explora las canteras romanas en un Tour Mons Claudianus. Descubre ruinas, columnas de granito y la historia de Egipto en este viaje arqueol\u00f3gico \u00fanico.","robots":{"index":"index","follow":"follow","max-snippet":"max-snippet:-1","max-image-preview":"max-image-preview:large","max-video-preview":"max-video-preview:-1"},"canonical":"https:\/\/egytourpackages.com\/es\/tours\/tour-mons-claudianus\/","og_locale":"es_ES","og_type":"article","og_title":"Tour Mons Claudianus","og_description":"Explora las canteras romanas en un Tour Mons Claudianus. Descubre ruinas, columnas de granito y la historia de Egipto en este viaje arqueol\u00f3gico \u00fanico.","og_url":"https:\/\/egytourpackages.com\/es\/tours\/tour-mons-claudianus\/","og_site_name":"Egypt Tour Packages","article_publisher":"https:\/\/www.facebook.com\/egytourpackages","article_modified_time":"2026-04-26T23:35:59+00:00","og_image":[{"url":"https:\/\/egytourpackages.com\/wp-content\/uploads\/2026\/03\/Mons-Claudianus-Tour-1024x768.jpg","type":"","width":"","height":""}],"twitter_card":"summary_large_image","twitter_title":"Tour Mons Claudianus","twitter_misc":{"Precio":"&euro;150","Disponibilidad":"Disponible"},"schema":{"@context":"https:\/\/schema.org","@graph":[{"@type":"WebPage","@id":"https:\/\/egytourpackages.com\/es\/tours\/tour-mons-claudianus\/","url":"https:\/\/egytourpackages.com\/es\/tours\/tour-mons-claudianus\/","name":"Tour Mons Claudianus","isPartOf":{"@id":"https:\/\/egytourpackages.com\/es\/#website"},"primaryImageOfPage":{"@id":"https:\/\/egytourpackages.com\/es\/tours\/tour-mons-claudianus\/#primaryimage"},"image":{"@id":"https:\/\/egytourpackages.com\/es\/tours\/tour-mons-claudianus\/#primaryimage"},"thumbnailUrl":"https:\/\/egytourpackages.com\/wp-content\/uploads\/2026\/03\/Mons-Claudianus-Tour.jpg","datePublished":"2026-03-17T20:03:42+00:00","dateModified":"2026-04-26T23:35:59+00:00","description":"Explora las canteras romanas en un Tour Mons Claudianus. Descubre ruinas, columnas de granito y la historia de Egipto en este viaje arqueol\u00f3gico \u00fanico.","breadcrumb":{"@id":"https:\/\/egytourpackages.com\/es\/tours\/tour-mons-claudianus\/#breadcrumb"},"inLanguage":"es","potentialAction":[{"@type":"ReadAction","target":["https:\/\/egytourpackages.com\/es\/tours\/tour-mons-claudianus\/"]}]},{"@type":"ImageObject","inLanguage":"es","@id":"https:\/\/egytourpackages.com\/es\/tours\/tour-mons-claudianus\/#primaryimage","url":"https:\/\/egytourpackages.com\/wp-content\/uploads\/2026\/03\/Mons-Claudianus-Tour.jpg","contentUrl":"https:\/\/egytourpackages.com\/wp-content\/uploads\/2026\/03\/Mons-Claudianus-Tour.jpg","width":1500,"height":1125,"caption":"Tour Mons Claudianus"},{"@type":"BreadcrumbList","@id":"https:\/\/egytourpackages.com\/es\/tours\/tour-mons-claudianus\/#breadcrumb","itemListElement":[{"@type":"ListItem","position":1,"name":"Home","item":"https:\/\/egytourpackages.com\/es\/paquetes-de-viaje-a-egipto\/"},{"@type":"ListItem","position":2,"name":"Shop","item":"https:\/\/egytourpackages.com\/shop\/"},{"@type":"ListItem","position":3,"name":"Tour Mons Claudianus"}]},{"@type":"WebSite","@id":"https:\/\/egytourpackages.com\/es\/#website","url":"https:\/\/egytourpackages.com\/es\/","name":"Egy tour packages","description":"","publisher":{"@id":"https:\/\/egytourpackages.com\/es\/#organization"},"potentialAction":[{"@type":"SearchAction","target":{"@type":"EntryPoint","urlTemplate":"https:\/\/egytourpackages.com\/es\/?s={search_term_string}"},"query-input":{"@type":"PropertyValueSpecification","valueRequired":true,"valueName":"search_term_string"}}],"inLanguage":"es"},{"@type":["Organization","Place","TravelAgency"],"@id":"https:\/\/egytourpackages.com\/es\/#organization","name":"egypt tour packages","alternateName":"egypt tour packages","url":"https:\/\/egytourpackages.com\/es\/","logo":{"@id":"https:\/\/egytourpackages.com\/es\/tours\/tour-mons-claudianus\/#local-main-organization-logo"},"image":{"@id":"https:\/\/egytourpackages.com\/es\/tours\/tour-mons-claudianus\/#local-main-organization-logo"},"sameAs":["https:\/\/www.facebook.com\/egytourpackages"],"legalName":"Egy tour packages","address":{"@id":"https:\/\/egytourpackages.com\/es\/tours\/tour-mons-claudianus\/#local-main-place-address"},"telephone":["00201000852186","00201028685533"],"contactPoint":{"@type":"ContactPoint","telephone":"00201000852186"},"openingHoursSpecification":[{"@type":"OpeningHoursSpecification","dayOfWeek":["Monday","Tuesday","Wednesday","Thursday","Friday","Saturday","Sunday"],"opens":"00:00","closes":"23:59"}],"email":"info@egytourpackages.com","areaServed":"Cairo, Hurghada, Luxor, Sharm El Sheikh, Marsa Alam, Aswan","priceRange":"$","currenciesAccepted":"euro","paymentAccepted":"Payment links online"},{"@type":"PostalAddress","@id":"https:\/\/egytourpackages.com\/es\/tours\/tour-mons-claudianus\/#local-main-place-address","streetAddress":"Mubarak 8, Al Kawthar District, Hurghada","addressLocality":"Hurghada","postalCode":"84511","addressRegion":"Red Sea","addressCountry":"EG"},{"@type":"ImageObject","inLanguage":"es","@id":"https:\/\/egytourpackages.com\/es\/tours\/tour-mons-claudianus\/#local-main-organization-logo","url":"https:\/\/egytourpackages.com\/wp-content\/uploads\/2025\/12\/Turquoise-Dahabiya-Nile-Cruise-1.jpeg","contentUrl":"https:\/\/egytourpackages.com\/wp-content\/uploads\/2025\/12\/Turquoise-Dahabiya-Nile-Cruise-1.jpeg","width":1040,"height":694,"caption":"egypt tour packages"}]},"product_brand":"Excursiones de un d\u00eda desde Safaga","product_price_amount":"150","product_price_currency":"EUR","og_availability":"instock","product_availability":"instock","product_retailer_item_id":"HDT 16","product_condition":"new","geo.placename":"Hurghada","geo.region":"Egipto"},"_links":{"self":[{"href":"https:\/\/egytourpackages.com\/es\/wp-json\/wp\/v2\/product\/16418","targetHints":{"allow":["GET"]}}],"collection":[{"href":"https:\/\/egytourpackages.com\/es\/wp-json\/wp\/v2\/product"}],"about":[{"href":"https:\/\/egytourpackages.com\/es\/wp-json\/wp\/v2\/types\/product"}],"replies":[{"embeddable":true,"href":"https:\/\/egytourpackages.com\/es\/wp-json\/wp\/v2\/comments?post=16418"}],"wp:featuredmedia":[{"embeddable":true,"href":"https:\/\/egytourpackages.com\/es\/wp-json\/wp\/v2\/media\/15896"}],"wp:attachment":[{"href":"https:\/\/egytourpackages.com\/es\/wp-json\/wp\/v2\/media?parent=16418"}],"wp:term":[{"taxonomy":"product_brand","embeddable":true,"href":"https:\/\/egytourpackages.com\/es\/wp-json\/wp\/v2\/product_brand?post=16418"},{"taxonomy":"product_cat","embeddable":true,"href":"https:\/\/egytourpackages.com\/es\/wp-json\/wp\/v2\/product_cat?post=16418"},{"taxonomy":"product_tag","embeddable":true,"href":"https:\/\/egytourpackages.com\/es\/wp-json\/wp\/v2\/product_tag?post=16418"}],"curies":[{"name":"wp","href":"https:\/\/api.w.org\/{rel}","templated":true}]}}