{"id":16442,"date":"2026-04-13T21:19:24","date_gmt":"2026-04-13T21:19:24","guid":{"rendered":"https:\/\/egytourpackages.com\/product\/monasterio-de-san-simeon-con-paseo-en-feluca-y-bano-en-el-nilo\/"},"modified":"2026-04-27T00:27:06","modified_gmt":"2026-04-27T00:27:06","slug":"monasterio-de-san-simeon-con-paseo-en-feluca-y-bano-en-el-nilo","status":"publish","type":"product","link":"https:\/\/egytourpackages.com\/es\/tours\/monasterio-de-san-simeon-con-paseo-en-feluca-y-bano-en-el-nilo\/","title":{"rendered":"Monasterio de San Sime\u00f3n con paseo en Feluca y ba\u00f1o en el Nilo"},"content":{"rendered":"<p><span style=\"color: #ff6600;\"><strong>Monasterio de San Sime\u00f3n con paseo en Feluca y ba\u00f1o en el Nilo<\/strong><\/span><\/p>\n<p><strong>Monasterio de San Sime\u00f3n con paseo en Feluca<\/strong> comienza con la <strong>recogida en su hotel en Asu\u00e1n<\/strong> o en su <strong>crucero por el Nilo<\/strong> hasta el embarcadero.<\/p>\n<p>Navegar\u00e1 desde la orilla este del Nilo hasta la <strong>orilla oeste<\/strong>. De lo contrario, podr\u00e1 dirigirse al embarcadero donde se pueden organizar <strong>camellos<\/strong> hacia el Monasterio de San Sime\u00f3n.<\/p>\n<p>Disfrutaremos de un <strong>paseo en Feluca<\/strong> de 15 minutos hasta el muelle. Luego, comenzaremos nuestra <strong>aventura en camello<\/strong> hacia el <strong>Monasterio de San Sime\u00f3n<\/strong> en un silencio supremo y rodeados de un hermoso <strong>paisaje des\u00e9rtico<\/strong>.<\/p>\n<p>El recorrido tarda unos 30 minutos en llegar al monasterio. Despu\u00e9s, su gu\u00eda le mostrar\u00e1 c\u00f3mo el Monasterio de San Sime\u00f3n es uno de los <strong>monasterios coptos<\/strong> m\u00e1s grandes de Egipto.<\/p>\n<p>Data del siglo VI o VII y est\u00e1 situado frente al extremo sur de la <strong>Isla Elefantina<\/strong>.<\/p>\n<p>Ver\u00e1 con su gu\u00eda que la mayor\u00eda de los edificios principales se encuentran todav\u00eda en <strong>buen estado de conservaci\u00f3n<\/strong>.<\/p>\n<p>Estos incluyen las torres, la <strong>iglesia con c\u00fapula<\/strong> y algunas escenas coptas, como frescos junto a las principales \u00e1reas funcionales en el segundo nivel.<\/p>\n<p>Por ejemplo, ver\u00e1 el lugar de cocina, el lugar de reuni\u00f3n, el lavadero y el dormitorio.<\/p>\n<p>Tras finalizar su visita al Monasterio de San Sime\u00f3n, disfrutar\u00e1 de un <strong>paseo en camello<\/strong> de regreso a la feluca, que navegar\u00e1 hasta un lugar encantador donde podr\u00e1 <strong>nadar en el Nilo<\/strong>.<\/p>\n<p>Luego, la <strong>Feluca por el Nilo<\/strong> navegar\u00e1 de regreso al lugar m\u00e1s cercano a su crucero, o volver\u00e1 a su hotel si se aloja en uno.<\/p>\n<h3><span style=\"color: #ff6600;\">Detalles del Tour<\/span><\/h3>\n<ul>\n<li>Duraci\u00f3n: 1\/2 D\u00eda<\/li>\n<li>Ubicaci\u00f3n del Tour: Orilla Oeste de Asu\u00e1n<\/li>\n<li>Disponibilidad del Tour: Todos los d\u00edas<\/li>\n<li>Recogida y Traslado: Su hotel en Asu\u00e1n \/ Crucero por el Nilo<\/li>\n<li>Tipo de Tour: Privado<\/li>\n<li>Idioma: Espa\u00f1ol<\/li>\n<li>Silla de ruedas: Accesible<\/li>\n<\/ul>\n<h3><span style=\"color: #ff6600;\">Puntos Destacados del Tour<\/span><\/h3>\n<ul>\n<li>Monasterio de San Sime\u00f3n<\/li>\n<li>Paseo en Feluca<\/li>\n<li>Nadar en el Nilo<\/li>\n<\/ul>\n<h3><span style=\"color: #ff6600;\">Inclusiones<\/span><\/h3>\n<ul>\n<li>Todos los traslados en un veh\u00edculo moderno con aire acondicionado.<\/li>\n<li>Gu\u00eda experto.<\/li>\n<li>Entrada para todos los lugares de inter\u00e9s mencionados anteriormente.<\/li>\n<li>Todos los servicios e impuestos incluidos.<\/li>\n<li>Paseo en camello.<\/li>\n<\/ul>\n<h3><span style=\"color: #ff6600;\">Exclusiones<\/span><\/h3>\n<ul>\n<li>Cualquier gasto personal y actividades opcionales.<\/li>\n<li>Propinas.<\/li>\n<li>Cualquier art\u00edculo no mencionado anteriormente.<\/li>\n<\/ul>\n<h3><span style=\"color: #ff6600;\">\u00bfQu\u00e9 llevar consigo?<\/span><\/h3>\n<ul>\n<li>Gafas de sol\/Sombrero\/Protector solar.<\/li>\n<li>Agua.<\/li>\n<li>C\u00e1mara o videoc\u00e1mara.<\/li>\n<li>Bufanda o pa\u00f1uelo.<\/li>\n<li>Ropa y zapatos c\u00f3modos.<\/li>\n<\/ul>\n<h3><span style=\"color: #ff6600;\">Precio del Monasterio de San Sime\u00f3n con paseo en Feluca<\/span><\/h3>\n<ul>\n<li>Precio Adulto = 60 \u20ac<\/li>\n<li>Ni\u00f1os 0-5 a\u00f1os = gratis<\/li>\n<li>Ni\u00f1os 5-11 a\u00f1os = 50% del precio de adulto<\/li>\n<\/ul>\n<h3><span style=\"color: #ff6600;\">Reserva<\/span><\/h3>\n<ul>\n<li>Puede reservar su tour v\u00eda WhatsApp o enviarnos un correo electr\u00f3nico, y recibir\u00e1 la confirmaci\u00f3n en el acto.<\/li>\n<li>Por favor, env\u00edenos el nombre de su hotel, n\u00famero de habitaci\u00f3n y copias del pasaporte.<\/li>\n<\/ul>\n<p>WhatsApp: +20 1000852186 i<\/p>\n<p>nfo@egytourpackages.com<\/p>\n<h3><span style=\"color: #ff6600;\">Reserve ahora y pague en el lugar<\/span><\/h3>\n<p>Reserve su tour favorito y pague el d\u00eda del viaje.<\/p>\n<h3><span style=\"color: #ff6600;\">Pago<\/span><\/h3>\n<p>Puede pagar en libras egipcias, $, \u20ac o \u00a3.<\/p>\n<h3><span style=\"color: #ff6600;\">Pol\u00edtica de Cancelaci\u00f3n<\/span><\/h3>\n<ul>\n<li>La <strong>cancelaci\u00f3n es gratuita<\/strong> hasta con 24 horas de antelaci\u00f3n.<\/li>\n<li>La cancelaci\u00f3n por la ma\u00f1ana conlleva un coste del 50% del precio.<\/li>\n<\/ul>\n","protected":false},"excerpt":{"rendered":"<p>Disfruta del <b data-path-to-node=\"0\" data-index-in-node=\"13\">Monasterio de San Sime\u00f3n con paseo en Feluca y ba\u00f1o en el Nilo<\/b>. Vive la historia nubia y rel\u00e1jate en las aguas de Asu\u00e1n. \u00a1Reserva tu aventura!<\/p>\n","protected":false},"featured_media":16080,"comment_status":"closed","ping_status":"closed","template":"","meta":[],"product_brand":[],"product_cat":[3128],"product_tag":[4564,3188],"class_list":{"0":"post-16442","1":"product","2":"type-product","3":"status-publish","4":"has-post-thumbnail","6":"product_cat-tours","7":"product_tag-excursiones-de-un-dia-desde-asuan","8":"product_tag-excursiones-egipto","9":"tour_category-excursiones-egipto-es","10":"tour_category-excursiones-en-asuan-es","12":"first","13":"instock","14":"sale","15":"shipping-taxable","16":"purchasable","17":"product-type-tour","18":"has-default-attributes"},"yoast_head":"<!-- This site is optimized with the Yoast SEO Premium plugin v27.5 (Yoast SEO v27.5) - https:\/\/yoast.com\/product\/yoast-seo-premium-wordpress\/ -->\n<title>Monasterio de San Sime\u00f3n con paseo en Feluca y ba\u00f1o en el Nilo<\/title>\n<meta name=\"description\" content=\"Disfruta del Monasterio de San Sime\u00f3n con paseo en Feluca y ba\u00f1o en el Nilo. Vive la historia nubia y rel\u00e1jate en las aguas de Asu\u00e1n. \u00a1Reserva tu aventura!\" \/>\n<meta name=\"robots\" content=\"index, follow, max-snippet:-1, max-image-preview:large, max-video-preview:-1\" \/>\n<link rel=\"canonical\" href=\"https:\/\/egytourpackages.com\/es\/tours\/monasterio-de-san-simeon-con-paseo-en-feluca-y-bano-en-el-nilo\/\" \/>\n<meta property=\"og:locale\" content=\"es_ES\" \/>\n<meta property=\"og:type\" content=\"article\" \/>\n<meta property=\"og:title\" content=\"Monasterio de San Sime\u00f3n con paseo en Feluca y ba\u00f1o en el Nilo\" \/>\n<meta property=\"og:description\" content=\"Disfruta del Monasterio de San Sime\u00f3n con paseo en Feluca y ba\u00f1o en el Nilo. Vive la historia nubia y rel\u00e1jate en las aguas de Asu\u00e1n. \u00a1Reserva tu aventura!\" \/>\n<meta property=\"og:url\" content=\"https:\/\/egytourpackages.com\/es\/tours\/monasterio-de-san-simeon-con-paseo-en-feluca-y-bano-en-el-nilo\/\" \/>\n<meta property=\"og:site_name\" content=\"Egypt Tour Packages\" \/>\n<meta property=\"article:publisher\" content=\"https:\/\/www.facebook.com\/egytourpackages\" \/>\n<meta property=\"article:modified_time\" content=\"2026-04-27T00:27:06+00:00\" \/>\n<meta property=\"og:image\" content=\"https:\/\/egytourpackages.com\/wp-content\/uploads\/2026\/04\/Monastery-of-St-Simeon.jpg\" \/>\n\t<meta property=\"og:image:width\" content=\"1150\" \/>\n\t<meta property=\"og:image:height\" content=\"603\" \/>\n\t<meta property=\"og:image:type\" content=\"image\/jpeg\" \/>\n<meta name=\"twitter:card\" content=\"summary_large_image\" \/>\n<meta name=\"twitter:title\" content=\"Monasterio de San Sime\u00f3n con paseo en Feluca y ba\u00f1o en el Nilo\" \/>\n<meta name=\"twitter:label1\" content=\"Precio\" \/>\n\t<meta name=\"twitter:data1\" content=\"&euro;0\" \/>\n\t<meta name=\"twitter:label2\" content=\"Disponibilidad\" \/>\n\t<meta name=\"twitter:data2\" content=\"Disponible\" \/>\n<script type=\"application\/ld+json\" class=\"yoast-schema-graph\">{\"@context\":\"https:\\\/\\\/schema.org\",\"@graph\":[{\"@type\":\"WebPage\",\"@id\":\"https:\\\/\\\/egytourpackages.com\\\/es\\\/tours\\\/monasterio-de-san-simeon-con-paseo-en-feluca-y-bano-en-el-nilo\\\/\",\"url\":\"https:\\\/\\\/egytourpackages.com\\\/es\\\/tours\\\/monasterio-de-san-simeon-con-paseo-en-feluca-y-bano-en-el-nilo\\\/\",\"name\":\"Monasterio de San Sime\u00f3n con paseo en Feluca y ba\u00f1o en el Nilo\",\"isPartOf\":{\"@id\":\"https:\\\/\\\/egytourpackages.com\\\/es\\\/#website\"},\"primaryImageOfPage\":{\"@id\":\"https:\\\/\\\/egytourpackages.com\\\/es\\\/tours\\\/monasterio-de-san-simeon-con-paseo-en-feluca-y-bano-en-el-nilo\\\/#primaryimage\"},\"image\":{\"@id\":\"https:\\\/\\\/egytourpackages.com\\\/es\\\/tours\\\/monasterio-de-san-simeon-con-paseo-en-feluca-y-bano-en-el-nilo\\\/#primaryimage\"},\"thumbnailUrl\":\"https:\\\/\\\/egytourpackages.com\\\/wp-content\\\/uploads\\\/2026\\\/04\\\/Monastery-of-St-Simeon.jpg\",\"datePublished\":\"2026-04-13T21:19:24+00:00\",\"dateModified\":\"2026-04-27T00:27:06+00:00\",\"description\":\"Disfruta del Monasterio de San Sime\u00f3n con paseo en Feluca y ba\u00f1o en el Nilo. Vive la historia nubia y rel\u00e1jate en las aguas de Asu\u00e1n. \u00a1Reserva tu aventura!\",\"breadcrumb\":{\"@id\":\"https:\\\/\\\/egytourpackages.com\\\/es\\\/tours\\\/monasterio-de-san-simeon-con-paseo-en-feluca-y-bano-en-el-nilo\\\/#breadcrumb\"},\"inLanguage\":\"es\",\"potentialAction\":[{\"@type\":\"ReadAction\",\"target\":[\"https:\\\/\\\/egytourpackages.com\\\/es\\\/tours\\\/monasterio-de-san-simeon-con-paseo-en-feluca-y-bano-en-el-nilo\\\/\"]}]},{\"@type\":\"ImageObject\",\"inLanguage\":\"es\",\"@id\":\"https:\\\/\\\/egytourpackages.com\\\/es\\\/tours\\\/monasterio-de-san-simeon-con-paseo-en-feluca-y-bano-en-el-nilo\\\/#primaryimage\",\"url\":\"https:\\\/\\\/egytourpackages.com\\\/wp-content\\\/uploads\\\/2026\\\/04\\\/Monastery-of-St-Simeon.jpg\",\"contentUrl\":\"https:\\\/\\\/egytourpackages.com\\\/wp-content\\\/uploads\\\/2026\\\/04\\\/Monastery-of-St-Simeon.jpg\",\"width\":1150,\"height\":603,\"caption\":\"Monasterio de San Sime\u00f3n con paseo en Feluca y ba\u00f1o en el Nilo\"},{\"@type\":\"BreadcrumbList\",\"@id\":\"https:\\\/\\\/egytourpackages.com\\\/es\\\/tours\\\/monasterio-de-san-simeon-con-paseo-en-feluca-y-bano-en-el-nilo\\\/#breadcrumb\",\"itemListElement\":[{\"@type\":\"ListItem\",\"position\":1,\"name\":\"Home\",\"item\":\"https:\\\/\\\/egytourpackages.com\\\/es\\\/paquetes-de-viaje-a-egipto\\\/\"},{\"@type\":\"ListItem\",\"position\":2,\"name\":\"Shop\",\"item\":\"https:\\\/\\\/egytourpackages.com\\\/shop\\\/\"},{\"@type\":\"ListItem\",\"position\":3,\"name\":\"Monasterio de San Sime\u00f3n con paseo en Feluca y ba\u00f1o en el Nilo\"}]},{\"@type\":\"WebSite\",\"@id\":\"https:\\\/\\\/egytourpackages.com\\\/es\\\/#website\",\"url\":\"https:\\\/\\\/egytourpackages.com\\\/es\\\/\",\"name\":\"Egy tour packages\",\"description\":\"\",\"publisher\":{\"@id\":\"https:\\\/\\\/egytourpackages.com\\\/es\\\/#organization\"},\"potentialAction\":[{\"@type\":\"SearchAction\",\"target\":{\"@type\":\"EntryPoint\",\"urlTemplate\":\"https:\\\/\\\/egytourpackages.com\\\/es\\\/?s={search_term_string}\"},\"query-input\":{\"@type\":\"PropertyValueSpecification\",\"valueRequired\":true,\"valueName\":\"search_term_string\"}}],\"inLanguage\":\"es\"},{\"@type\":[\"Organization\",\"Place\",\"TravelAgency\"],\"@id\":\"https:\\\/\\\/egytourpackages.com\\\/es\\\/#organization\",\"name\":\"egypt tour packages\",\"alternateName\":\"egypt tour packages\",\"url\":\"https:\\\/\\\/egytourpackages.com\\\/es\\\/\",\"logo\":{\"@id\":\"https:\\\/\\\/egytourpackages.com\\\/es\\\/tours\\\/monasterio-de-san-simeon-con-paseo-en-feluca-y-bano-en-el-nilo\\\/#local-main-organization-logo\"},\"image\":{\"@id\":\"https:\\\/\\\/egytourpackages.com\\\/es\\\/tours\\\/monasterio-de-san-simeon-con-paseo-en-feluca-y-bano-en-el-nilo\\\/#local-main-organization-logo\"},\"sameAs\":[\"https:\\\/\\\/www.facebook.com\\\/egytourpackages\"],\"legalName\":\"Egy tour packages\",\"address\":{\"@id\":\"https:\\\/\\\/egytourpackages.com\\\/es\\\/tours\\\/monasterio-de-san-simeon-con-paseo-en-feluca-y-bano-en-el-nilo\\\/#local-main-place-address\"},\"telephone\":[\"00201000852186\",\"00201028685533\"],\"contactPoint\":{\"@type\":\"ContactPoint\",\"telephone\":\"00201000852186\"},\"openingHoursSpecification\":[{\"@type\":\"OpeningHoursSpecification\",\"dayOfWeek\":[\"Monday\",\"Tuesday\",\"Wednesday\",\"Thursday\",\"Friday\",\"Saturday\",\"Sunday\"],\"opens\":\"00:00\",\"closes\":\"23:59\"}],\"email\":\"info@egytourpackages.com\",\"areaServed\":\"Cairo, Hurghada, Luxor, Sharm El Sheikh, Marsa Alam, Aswan\",\"priceRange\":\"$\",\"currenciesAccepted\":\"euro\",\"paymentAccepted\":\"Payment links online\"},{\"@type\":\"PostalAddress\",\"@id\":\"https:\\\/\\\/egytourpackages.com\\\/es\\\/tours\\\/monasterio-de-san-simeon-con-paseo-en-feluca-y-bano-en-el-nilo\\\/#local-main-place-address\",\"streetAddress\":\"Mubarak 8, Al Kawthar District, Hurghada\",\"addressLocality\":\"Hurghada\",\"postalCode\":\"84511\",\"addressRegion\":\"Red Sea\",\"addressCountry\":\"EG\"},{\"@type\":\"ImageObject\",\"inLanguage\":\"es\",\"@id\":\"https:\\\/\\\/egytourpackages.com\\\/es\\\/tours\\\/monasterio-de-san-simeon-con-paseo-en-feluca-y-bano-en-el-nilo\\\/#local-main-organization-logo\",\"url\":\"https:\\\/\\\/egytourpackages.com\\\/wp-content\\\/uploads\\\/2025\\\/12\\\/Turquoise-Dahabiya-Nile-Cruise-1.jpeg\",\"contentUrl\":\"https:\\\/\\\/egytourpackages.com\\\/wp-content\\\/uploads\\\/2025\\\/12\\\/Turquoise-Dahabiya-Nile-Cruise-1.jpeg\",\"width\":1040,\"height\":694,\"caption\":\"egypt tour packages\"}]}<\/script>\n<meta property=\"product:brand\" content=\"Excursiones Egipto\" \/>\n<meta property=\"product:price:amount\" content=\"0\" \/>\n<meta property=\"product:price:currency\" content=\"EUR\" \/>\n<meta property=\"og:availability\" content=\"instock\" \/>\n<meta property=\"product:availability\" content=\"instock\" \/>\n<meta property=\"product:retailer_item_id\" content=\"DTFA 01\" \/>\n<meta property=\"product:condition\" content=\"new\" \/>\n<meta name=\"geo.placename\" content=\"Hurghada\" \/>\n<meta name=\"geo.region\" content=\"Egipto\" \/>\n<!-- \/ Yoast SEO Premium plugin. -->","yoast_head_json":{"title":"Monasterio de San Sime\u00f3n con paseo en Feluca y ba\u00f1o en el Nilo","description":"Disfruta del Monasterio de San Sime\u00f3n con paseo en Feluca y ba\u00f1o en el Nilo. Vive la historia nubia y rel\u00e1jate en las aguas de Asu\u00e1n. \u00a1Reserva tu aventura!","robots":{"index":"index","follow":"follow","max-snippet":"max-snippet:-1","max-image-preview":"max-image-preview:large","max-video-preview":"max-video-preview:-1"},"canonical":"https:\/\/egytourpackages.com\/es\/tours\/monasterio-de-san-simeon-con-paseo-en-feluca-y-bano-en-el-nilo\/","og_locale":"es_ES","og_type":"article","og_title":"Monasterio de San Sime\u00f3n con paseo en Feluca y ba\u00f1o en el Nilo","og_description":"Disfruta del Monasterio de San Sime\u00f3n con paseo en Feluca y ba\u00f1o en el Nilo. Vive la historia nubia y rel\u00e1jate en las aguas de Asu\u00e1n. \u00a1Reserva tu aventura!","og_url":"https:\/\/egytourpackages.com\/es\/tours\/monasterio-de-san-simeon-con-paseo-en-feluca-y-bano-en-el-nilo\/","og_site_name":"Egypt Tour Packages","article_publisher":"https:\/\/www.facebook.com\/egytourpackages","article_modified_time":"2026-04-27T00:27:06+00:00","og_image":[{"width":1150,"height":603,"url":"https:\/\/egytourpackages.com\/wp-content\/uploads\/2026\/04\/Monastery-of-St-Simeon.jpg","type":"image\/jpeg"}],"twitter_card":"summary_large_image","twitter_title":"Monasterio de San Sime\u00f3n con paseo en Feluca y ba\u00f1o en el Nilo","twitter_misc":{"Precio":"&euro;0","Disponibilidad":"Disponible"},"schema":{"@context":"https:\/\/schema.org","@graph":[{"@type":"WebPage","@id":"https:\/\/egytourpackages.com\/es\/tours\/monasterio-de-san-simeon-con-paseo-en-feluca-y-bano-en-el-nilo\/","url":"https:\/\/egytourpackages.com\/es\/tours\/monasterio-de-san-simeon-con-paseo-en-feluca-y-bano-en-el-nilo\/","name":"Monasterio de San Sime\u00f3n con paseo en Feluca y ba\u00f1o en el Nilo","isPartOf":{"@id":"https:\/\/egytourpackages.com\/es\/#website"},"primaryImageOfPage":{"@id":"https:\/\/egytourpackages.com\/es\/tours\/monasterio-de-san-simeon-con-paseo-en-feluca-y-bano-en-el-nilo\/#primaryimage"},"image":{"@id":"https:\/\/egytourpackages.com\/es\/tours\/monasterio-de-san-simeon-con-paseo-en-feluca-y-bano-en-el-nilo\/#primaryimage"},"thumbnailUrl":"https:\/\/egytourpackages.com\/wp-content\/uploads\/2026\/04\/Monastery-of-St-Simeon.jpg","datePublished":"2026-04-13T21:19:24+00:00","dateModified":"2026-04-27T00:27:06+00:00","description":"Disfruta del Monasterio de San Sime\u00f3n con paseo en Feluca y ba\u00f1o en el Nilo. Vive la historia nubia y rel\u00e1jate en las aguas de Asu\u00e1n. \u00a1Reserva tu aventura!","breadcrumb":{"@id":"https:\/\/egytourpackages.com\/es\/tours\/monasterio-de-san-simeon-con-paseo-en-feluca-y-bano-en-el-nilo\/#breadcrumb"},"inLanguage":"es","potentialAction":[{"@type":"ReadAction","target":["https:\/\/egytourpackages.com\/es\/tours\/monasterio-de-san-simeon-con-paseo-en-feluca-y-bano-en-el-nilo\/"]}]},{"@type":"ImageObject","inLanguage":"es","@id":"https:\/\/egytourpackages.com\/es\/tours\/monasterio-de-san-simeon-con-paseo-en-feluca-y-bano-en-el-nilo\/#primaryimage","url":"https:\/\/egytourpackages.com\/wp-content\/uploads\/2026\/04\/Monastery-of-St-Simeon.jpg","contentUrl":"https:\/\/egytourpackages.com\/wp-content\/uploads\/2026\/04\/Monastery-of-St-Simeon.jpg","width":1150,"height":603,"caption":"Monasterio de San Sime\u00f3n con paseo en Feluca y ba\u00f1o en el Nilo"},{"@type":"BreadcrumbList","@id":"https:\/\/egytourpackages.com\/es\/tours\/monasterio-de-san-simeon-con-paseo-en-feluca-y-bano-en-el-nilo\/#breadcrumb","itemListElement":[{"@type":"ListItem","position":1,"name":"Home","item":"https:\/\/egytourpackages.com\/es\/paquetes-de-viaje-a-egipto\/"},{"@type":"ListItem","position":2,"name":"Shop","item":"https:\/\/egytourpackages.com\/shop\/"},{"@type":"ListItem","position":3,"name":"Monasterio de San Sime\u00f3n con paseo en Feluca y ba\u00f1o en el Nilo"}]},{"@type":"WebSite","@id":"https:\/\/egytourpackages.com\/es\/#website","url":"https:\/\/egytourpackages.com\/es\/","name":"Egy tour packages","description":"","publisher":{"@id":"https:\/\/egytourpackages.com\/es\/#organization"},"potentialAction":[{"@type":"SearchAction","target":{"@type":"EntryPoint","urlTemplate":"https:\/\/egytourpackages.com\/es\/?s={search_term_string}"},"query-input":{"@type":"PropertyValueSpecification","valueRequired":true,"valueName":"search_term_string"}}],"inLanguage":"es"},{"@type":["Organization","Place","TravelAgency"],"@id":"https:\/\/egytourpackages.com\/es\/#organization","name":"egypt tour packages","alternateName":"egypt tour packages","url":"https:\/\/egytourpackages.com\/es\/","logo":{"@id":"https:\/\/egytourpackages.com\/es\/tours\/monasterio-de-san-simeon-con-paseo-en-feluca-y-bano-en-el-nilo\/#local-main-organization-logo"},"image":{"@id":"https:\/\/egytourpackages.com\/es\/tours\/monasterio-de-san-simeon-con-paseo-en-feluca-y-bano-en-el-nilo\/#local-main-organization-logo"},"sameAs":["https:\/\/www.facebook.com\/egytourpackages"],"legalName":"Egy tour packages","address":{"@id":"https:\/\/egytourpackages.com\/es\/tours\/monasterio-de-san-simeon-con-paseo-en-feluca-y-bano-en-el-nilo\/#local-main-place-address"},"telephone":["00201000852186","00201028685533"],"contactPoint":{"@type":"ContactPoint","telephone":"00201000852186"},"openingHoursSpecification":[{"@type":"OpeningHoursSpecification","dayOfWeek":["Monday","Tuesday","Wednesday","Thursday","Friday","Saturday","Sunday"],"opens":"00:00","closes":"23:59"}],"email":"info@egytourpackages.com","areaServed":"Cairo, Hurghada, Luxor, Sharm El Sheikh, Marsa Alam, Aswan","priceRange":"$","currenciesAccepted":"euro","paymentAccepted":"Payment links online"},{"@type":"PostalAddress","@id":"https:\/\/egytourpackages.com\/es\/tours\/monasterio-de-san-simeon-con-paseo-en-feluca-y-bano-en-el-nilo\/#local-main-place-address","streetAddress":"Mubarak 8, Al Kawthar District, Hurghada","addressLocality":"Hurghada","postalCode":"84511","addressRegion":"Red Sea","addressCountry":"EG"},{"@type":"ImageObject","inLanguage":"es","@id":"https:\/\/egytourpackages.com\/es\/tours\/monasterio-de-san-simeon-con-paseo-en-feluca-y-bano-en-el-nilo\/#local-main-organization-logo","url":"https:\/\/egytourpackages.com\/wp-content\/uploads\/2025\/12\/Turquoise-Dahabiya-Nile-Cruise-1.jpeg","contentUrl":"https:\/\/egytourpackages.com\/wp-content\/uploads\/2025\/12\/Turquoise-Dahabiya-Nile-Cruise-1.jpeg","width":1040,"height":694,"caption":"egypt tour packages"}]},"product_brand":"Excursiones Egipto","product_price_currency":"EUR","og_availability":"instock","product_availability":"instock","product_retailer_item_id":"DTFA 01","product_condition":"new","geo.placename":"Hurghada","geo.region":"Egipto"},"_links":{"self":[{"href":"https:\/\/egytourpackages.com\/es\/wp-json\/wp\/v2\/product\/16442","targetHints":{"allow":["GET"]}}],"collection":[{"href":"https:\/\/egytourpackages.com\/es\/wp-json\/wp\/v2\/product"}],"about":[{"href":"https:\/\/egytourpackages.com\/es\/wp-json\/wp\/v2\/types\/product"}],"replies":[{"embeddable":true,"href":"https:\/\/egytourpackages.com\/es\/wp-json\/wp\/v2\/comments?post=16442"}],"wp:featuredmedia":[{"embeddable":true,"href":"https:\/\/egytourpackages.com\/es\/wp-json\/wp\/v2\/media\/16080"}],"wp:attachment":[{"href":"https:\/\/egytourpackages.com\/es\/wp-json\/wp\/v2\/media?parent=16442"}],"wp:term":[{"taxonomy":"product_brand","embeddable":true,"href":"https:\/\/egytourpackages.com\/es\/wp-json\/wp\/v2\/product_brand?post=16442"},{"taxonomy":"product_cat","embeddable":true,"href":"https:\/\/egytourpackages.com\/es\/wp-json\/wp\/v2\/product_cat?post=16442"},{"taxonomy":"product_tag","embeddable":true,"href":"https:\/\/egytourpackages.com\/es\/wp-json\/wp\/v2\/product_tag?post=16442"}],"curies":[{"name":"wp","href":"https:\/\/api.w.org\/{rel}","templated":true}]}}