{"id":5937,"date":"2025-03-05T22:10:44","date_gmt":"2025-03-05T22:10:44","guid":{"rendered":"https:\/\/egytourpackages.com\/product\/viaje-de-3-dias-a-el-cairo-asuan-y-luxor-desde-hurghada-todo-incluido\/"},"modified":"2026-01-05T17:03:41","modified_gmt":"2026-01-05T17:03:41","slug":"viaje-de-3-dias-a-el-cairo-asuan-y-luxor-desde-hurghada-todo-incluido","status":"publish","type":"product","link":"https:\/\/egytourpackages.com\/es\/tours\/viaje-de-3-dias-a-el-cairo-asuan-y-luxor-desde-hurghada-todo-incluido\/","title":{"rendered":"Viaje de 3 D\u00edas a El Cairo, Asu\u00e1n y Luxor desde Hurghada todo incluido"},"content":{"rendered":"<p><span style=\"color: #ff6600;\">Viaje de 3 D\u00edas a El Cairo, Asu\u00e1n y Luxor desde Hurghada todo incluido<\/span><\/p>\n<p>El <strong>viaje de 3 d\u00edas a El Cairo, Asu\u00e1n y Luxor desde Hurghada todo incluido<\/strong> es una verdadera aventura a los mejores lugares de inter\u00e9s de El Cairo, Asu\u00e1n y Luxor. En El Cairo, explorar\u00e1s el <strong>Gran Museo Egipcio<\/strong> y las <strong>Pir\u00e1mides de Giza<\/strong> con la <strong>Gran Esfinge<\/strong>. Adem\u00e1s, visitar\u00e1s el <strong>Templo de Abu Simbel<\/strong> en Nubia y el <strong>Templo de File<\/strong> como parte de tus <strong>paquetes tur\u00edsticos de Egipto<\/strong>. Por otra parte, te sumergir\u00e1s en el coraz\u00f3n de la majestuosidad del Antiguo Egipto, Luxor. Puedes visitar la <strong>tumba de Tutankam\u00f3n<\/strong> en el Valle de los Reyes y tres tumbas m\u00e1s. Adem\u00e1s, el templo m\u00e1s grande del mundo, el <strong>Templo de Karnak<\/strong>, como parte de tus <strong>excursiones de un d\u00eda en Luxor<\/strong>. Y en general, el templo de la Reina <strong>Hatshepsut<\/strong> en Deir El Bahari. Egy Tour Packages tiene como objetivo que pases un tour \u00fanico para crear tus recuerdos en el coraz\u00f3n de Egipto.<\/p>\n<h3><span style=\"color: #ff6600;\">Detalles del Tour<\/span><\/h3>\n<ul>\n<li>Duraci\u00f3n: Viaje de 3 D\u00edas \/ 2 Noches desde Hurghada<\/li>\n<li>Tipo de Tour: Privado<\/li>\n<li>Disponibilidad: Todos los d\u00edas<\/li>\n<li>Tama\u00f1o del Grupo: de 1 a<\/li>\n<li>Idiomas: Espa\u00f1ol<\/li>\n<li>Horario: Reserva en l\u00ednea<\/li>\n<li>Recogida y traslado: Hoteles en Hurghada<\/li>\n<\/ul>\n<h3><span style=\"color: #ff6600;\">Puntos Destacados<\/span><\/h3>\n<ul>\n<li>GEM | Gran Museo Egipcio<\/li>\n<li>Pir\u00e1mides de Giza<\/li>\n<li>Templos de Abu Simbel<\/li>\n<li>Gran Presa<\/li>\n<li>Templo de File<\/li>\n<li>Templo de Karnak<\/li>\n<li>Colosos de Memn\u00f3n<\/li>\n<li>Templo Funerario de Hatshepsut<\/li>\n<li>Valle de los Reyes<\/li>\n<\/ul>\n<h3><span style=\"color: #ff6600;\">Inclusiones<\/span><\/h3>\n<ul>\n<li>Recogida y traslado al hotel con veh\u00edculo nuevo con aire acondicionado<\/li>\n<li>Entrada a todos los lugares mencionados en el programa<\/li>\n<li>Gu\u00eda tur\u00edstico de habla espa\u00f1ola<\/li>\n<li>1 noche de alojamiento en hotel de Asu\u00e1n en r\u00e9gimen de A\/D<\/li>\n<li>1 noche de alojamiento en hotel de Luxor en r\u00e9gimen de A\/D<\/li>\n<li>Billetes de avi\u00f3n El Cairo &#8211; Asu\u00e1n<\/li>\n<li>Tren VIP de Asu\u00e1n a Luxor<\/li>\n<\/ul>\n<h3><span style=\"color: #ff6600;\">Exclusiones<\/span><\/h3>\n<ul>\n<li>Propinas<\/li>\n<li>Bebidas durante las comidas<\/li>\n<li>Entrada a la Tumba de Tutankam\u00f3n | KV62 = 700 l.e<\/li>\n<li>Boleto extra para la Tumba del Rey Seti I | KV17 = 2000 l.e<\/li>\n<li>Tumba de Rams\u00e9s V y el Rey Rams\u00e9s VI | KV9 = 220 l.e<\/li>\n<li>Cualquier cosa no mencionada en el programa<\/li>\n<\/ul>\n<h3><span style=\"color: #ff6600;\">D\u00eda 1: Hurghada &#8211; El Cairo \/ El Cairo &#8211; Asu\u00e1n<\/span><\/h3>\n<p>Comienza tu <strong>viaje de 3 d\u00edas a El Cairo, Asu\u00e1n y Luxor desde Hurghada todo incluido<\/strong> cuando te re\u00fanas con tu gu\u00eda en el lobby del hotel para comenzar tu <strong>paquete tur\u00edstico de Egipto desde Hurghada<\/strong>. Se tarda unas 5 horas en coche en llegar a tu primer destino, el Gran Museo Egipcio.<\/p>\n<h3><span style=\"color: #ff6600;\">El Gran Museo Egipcio<\/span><\/h3>\n<p>Explora artefactos del Antiguo Egipto en el museo egipcio m\u00e1s grande y nuevo del mundo. Descubre los <strong>tesoros de Tutankam\u00f3n<\/strong>, el <strong>Obelisco Colgante<\/strong>, el Gran Corredor, sarc\u00f3fagos, papiros y mucho m\u00e1s. Marav\u00edllate con la estatua de la Esfinge de <strong>Hatshepsut<\/strong>, la galer\u00eda de <strong>Akenat\u00f3n<\/strong>, la estatua de diorita de Kefr\u00e9n, Micerino y m\u00e1s. Despu\u00e9s de eso, ir\u00e1s a almorzar.<\/p>\n<h3><span style=\"color: #ff6600;\">Almuerzo<\/span><\/h3>\n<p>Disfruta de un almuerzo reci\u00e9n cocinado en un restaurante local cerca del \u00e1rea de las Pir\u00e1mides.<\/p>\n<h3><span style=\"color: #ff6600;\">Pir\u00e1mides de Giza<\/span><\/h3>\n<p>Contin\u00faa despu\u00e9s del almuerzo a tu pr\u00f3xima parada en la <strong>Meseta de Giza<\/strong>, las famosas Pir\u00e1mides de <strong>Keops<\/strong>, <strong>Kefr\u00e9n<\/strong> y <strong>Micerino<\/strong>. Escucha a tu gu\u00eda mientras revela los secretos detr\u00e1s de la construcci\u00f3n de las Pir\u00e1mides, y por qu\u00e9 se construyeron. Haz tu tour por la zona y mira las <strong>Pir\u00e1mides de la Reina<\/strong>, las <strong>tumbas de los constructores de Pir\u00e1mides<\/strong>, y toma fotos en todas partes antes de ir a tu \u00faltima parada.<\/p>\n<h3><span style=\"color: #ff6600;\">La Gran Esfinge <\/span><\/h3>\n<p>Visitar\u00e1s el <strong>templo de la momificaci\u00f3n<\/strong> en tu camino a la <strong>Gran Esfinge<\/strong> para ver d\u00f3nde y c\u00f3mo momificaban a los reyes en el Antiguo Egipto. M\u00e1s tarde, ir\u00e1s al aeropuerto de El Cairo para tomar tu vuelo nacional a Asu\u00e1n. A tu llegada, nuestro representante te ayudar\u00e1 a registrarte en tu hotel de Asu\u00e1n para pasar la noche.<\/p>\n<p><strong>Comidas:<\/strong> Desayuno, almuerzo<\/p>\n<h3><span style=\"color: #ff6600;\">D\u00eda 2: Asu\u00e1n &#8211; Abu Simbel \/ Asu\u00e1n \/ Luxor<\/span><\/h3>\n<p>Salida temprano a Abu Simbel alrededor de las 4:00 a.m. con tu traslado privado y gu\u00eda. Se tarda alrededor de tres horas y media con un descanso para tomar caf\u00e9 en el camino. Disfruta explorando el Gran Templo de Rams\u00e9s II y las estatuas de los colosos, la batalla de Qadesh, las escenas de ofrendas y las estatuas de Am\u00f3n Ra, Rahor Akhty, Rams\u00e9s como dios y Ptah. Luego, disfruta del elegante templo de Nefertari y Hathor. Al final del tour, disfrutar\u00e1s de una caja de almuerzo en el coche hasta que llegues a la ciudad de Asu\u00e1n y descubras las atracciones de Asu\u00e1n. Explora la <strong>Gran Presa de Asu\u00e1n<\/strong> y luego el <strong>Templo de File<\/strong> con un breve paseo en lancha motora por la isla de Agilkia antes de dirigirte a la estaci\u00f3n de tren para subir al tren a Luxor. Despu\u00e9s de eso, tu gu\u00eda te ayudar\u00e1 a registrarte en tu hotel de Luxor para pasar la noche.<\/p>\n<p><strong>Comidas:<\/strong> Desayuno, almuerzo<\/p>\n<h3><span style=\"color: #ff6600;\">D\u00eda 3: Luxor &#8211; Hurghada<\/span><\/h3>\n<p>Disfruta de tu delicioso desayuno en el hotel antes de comenzar tus atracciones de Luxor. Comienza tu tour en la orilla oeste de Luxor donde visitar\u00e1s el <strong>Valle de los Reyes<\/strong> con la oportunidad de explorar tres tumbas incluidas en el boleto m\u00e1s la tumba de Tutankam\u00f3n por un costo adicional. Adem\u00e1s, ver\u00e1s el <strong>Templo Funerario de Hatshepsut<\/strong> y los <strong>Colosos de Memn\u00f3n<\/strong>. Despu\u00e9s de almorzar en un restaurante egipcio t\u00edpico, terminar\u00e1s tu d\u00eda con el <strong>Templo de Karnak<\/strong> antes de regresar a Hurghada.<\/p>\n<h3><span style=\"color: #ff6600;\">Precio del Viaje de 3 D\u00edas a El Cairo, Asu\u00e1n y Luxor desde Hurghada todo incluido<\/span><\/h3>\n<ul>\n<li>Precio adulto: 500 \u20ac<\/li>\n<li>Beb\u00e9s de 0 a 5 a\u00f1os: gratis<\/li>\n<li>Ni\u00f1os de 5 a 11 a\u00f1os: 50% del precio de adulto<\/li>\n<\/ul>\n<h3><span style=\"color: #ff6600;\">Reserva<\/span><\/h3>\n<p>Puedes reservar tu tour a trav\u00e9s de WhatsApp o enviarnos un correo electr\u00f3nico y recibir\u00e1s la confirmaci\u00f3n al instante.<\/p>\n<p>Por favor, env\u00edanos el nombre de tu hotel, n\u00famero de habitaci\u00f3n y copias de los pasaportes.<\/p>\n<p>WhatsApp: +201000852186<\/p>\n<p>info@egytourpackages.com<\/p>\n<h3><span style=\"color: #ff6600;\">Reserva Ahora y Paga en el Lugar<\/span><\/h3>\n<p>Reserva tu tour favorito y paga el d\u00eda del viaje.<\/p>\n<h3><span style=\"color: #ff6600;\">Pago<\/span><\/h3>\n<p>Puedes pagar en Libras Egipcias, $, \u20ac o \u00a3.<\/p>\n<h3><span style=\"color: #ff6600;\">Pol\u00edtica de Cancelaci\u00f3n<\/span><\/h3>\n<ul>\n<li>La cancelaci\u00f3n es gratuita hasta 24 horas antes.<\/li>\n<li>La cancelaci\u00f3n en la ma\u00f1ana del tour es un 50% del precio.<\/li>\n<\/ul>\n","protected":false},"excerpt":{"rendered":"<p>Viaje de 3 D\u00edas a El Cairo, Asu\u00e1n y Luxor desde Hurghada todo incluido: Explora los mejores tours en Egipto con un gu\u00eda egipt\u00f3logo privado y coche.<\/p>\n","protected":false},"featured_media":5938,"comment_status":"open","ping_status":"closed","template":"","meta":[],"product_brand":[],"product_cat":[3128],"product_tag":[3188,3187],"class_list":{"0":"post-5937","1":"product","2":"type-product","3":"status-publish","4":"has-post-thumbnail","6":"product_cat-tours","7":"product_tag-excursiones-egipto","8":"product_tag-excursiones-en-hurgada","9":"tour_category-excursiones-egipto-es","10":"tour_category-excursiones-en-hurgada-es","11":"tour_category-paquetes-de-tours-en-egipto-de-3-dias","13":"first","14":"instock","15":"sale","16":"shipping-taxable","17":"purchasable","18":"product-type-tour","19":"has-default-attributes"},"yoast_head":"<!-- This site is optimized with the Yoast SEO Premium plugin v27.4 (Yoast SEO v27.4) - https:\/\/yoast.com\/product\/yoast-seo-premium-wordpress\/ -->\n<title>Viaje de 3 D\u00edas a El Cairo Asu\u00e1n y Luxor desde Hurghada todo incluido<\/title>\n<meta name=\"description\" content=\"Viaje de 3 D\u00edas a El Cairo, Asu\u00e1n y Luxor desde Hurghada todo incluido: Explora los mejores tours en Egipto con un gu\u00eda egipt\u00f3logo privado y coche.\" \/>\n<meta name=\"robots\" content=\"index, follow, max-snippet:-1, max-image-preview:large, max-video-preview:-1\" \/>\n<link rel=\"canonical\" href=\"https:\/\/egytourpackages.com\/es\/tours\/viaje-de-3-dias-a-el-cairo-asuan-y-luxor-desde-hurghada-todo-incluido\/\" \/>\n<meta property=\"og:locale\" content=\"es_ES\" \/>\n<meta property=\"og:type\" content=\"article\" \/>\n<meta property=\"og:title\" content=\"Viaje de 3 D\u00edas a El Cairo, Asu\u00e1n y Luxor desde Hurghada todo incluido\" \/>\n<meta property=\"og:description\" content=\"Viaje de 3 D\u00edas a El Cairo, Asu\u00e1n y Luxor desde Hurghada todo incluido: Explora los mejores tours en Egipto con un gu\u00eda egipt\u00f3logo privado y coche.\" \/>\n<meta property=\"og:url\" content=\"https:\/\/egytourpackages.com\/es\/tours\/viaje-de-3-dias-a-el-cairo-asuan-y-luxor-desde-hurghada-todo-incluido\/\" \/>\n<meta property=\"og:site_name\" content=\"Egypt Tour Packages\" \/>\n<meta property=\"article:publisher\" content=\"https:\/\/www.facebook.com\/egytourpackages\" \/>\n<meta property=\"article:modified_time\" content=\"2026-01-05T17:03:41+00:00\" \/>\n<meta property=\"og:image\" content=\"https:\/\/egytourpackages.com\/wp-content\/uploads\/2025\/03\/Aswan-Philae-temple.jpg\" \/>\n\t<meta property=\"og:image:width\" content=\"2000\" \/>\n\t<meta property=\"og:image:height\" content=\"1500\" \/>\n\t<meta property=\"og:image:type\" content=\"image\/jpeg\" \/>\n<meta name=\"twitter:card\" content=\"summary_large_image\" \/>\n<meta name=\"twitter:title\" content=\"Viaje de 3 D\u00edas a El Cairo, Asu\u00e1n y Luxor desde Hurghada todo incluido\" \/>\n<meta name=\"twitter:label1\" content=\"Precio\" \/>\n\t<meta name=\"twitter:data1\" content=\"&euro;500\" \/>\n\t<meta name=\"twitter:label2\" content=\"Disponibilidad\" \/>\n\t<meta name=\"twitter:data2\" content=\"Disponible\" \/>\n<script type=\"application\/ld+json\" class=\"yoast-schema-graph\">{\"@context\":\"https:\\\/\\\/schema.org\",\"@graph\":[{\"@type\":\"WebPage\",\"@id\":\"https:\\\/\\\/egytourpackages.com\\\/es\\\/tours\\\/viaje-de-3-dias-a-el-cairo-asuan-y-luxor-desde-hurghada-todo-incluido\\\/\",\"url\":\"https:\\\/\\\/egytourpackages.com\\\/es\\\/tours\\\/viaje-de-3-dias-a-el-cairo-asuan-y-luxor-desde-hurghada-todo-incluido\\\/\",\"name\":\"Viaje de 3 D\u00edas a El Cairo Asu\u00e1n y Luxor desde Hurghada todo incluido\",\"isPartOf\":{\"@id\":\"https:\\\/\\\/egytourpackages.com\\\/es\\\/#website\"},\"primaryImageOfPage\":{\"@id\":\"https:\\\/\\\/egytourpackages.com\\\/es\\\/tours\\\/viaje-de-3-dias-a-el-cairo-asuan-y-luxor-desde-hurghada-todo-incluido\\\/#primaryimage\"},\"image\":{\"@id\":\"https:\\\/\\\/egytourpackages.com\\\/es\\\/tours\\\/viaje-de-3-dias-a-el-cairo-asuan-y-luxor-desde-hurghada-todo-incluido\\\/#primaryimage\"},\"thumbnailUrl\":\"https:\\\/\\\/egytourpackages.com\\\/wp-content\\\/uploads\\\/2025\\\/03\\\/Aswan-Philae-temple.jpg\",\"datePublished\":\"2025-03-05T22:10:44+00:00\",\"dateModified\":\"2026-01-05T17:03:41+00:00\",\"description\":\"Viaje de 3 D\u00edas a El Cairo, Asu\u00e1n y Luxor desde Hurghada todo incluido: Explora los mejores tours en Egipto con un gu\u00eda egipt\u00f3logo privado y coche.\",\"breadcrumb\":{\"@id\":\"https:\\\/\\\/egytourpackages.com\\\/es\\\/tours\\\/viaje-de-3-dias-a-el-cairo-asuan-y-luxor-desde-hurghada-todo-incluido\\\/#breadcrumb\"},\"inLanguage\":\"es\",\"potentialAction\":[{\"@type\":\"ReadAction\",\"target\":[\"https:\\\/\\\/egytourpackages.com\\\/es\\\/tours\\\/viaje-de-3-dias-a-el-cairo-asuan-y-luxor-desde-hurghada-todo-incluido\\\/\"]}]},{\"@type\":\"ImageObject\",\"inLanguage\":\"es\",\"@id\":\"https:\\\/\\\/egytourpackages.com\\\/es\\\/tours\\\/viaje-de-3-dias-a-el-cairo-asuan-y-luxor-desde-hurghada-todo-incluido\\\/#primaryimage\",\"url\":\"https:\\\/\\\/egytourpackages.com\\\/wp-content\\\/uploads\\\/2025\\\/03\\\/Aswan-Philae-temple.jpg\",\"contentUrl\":\"https:\\\/\\\/egytourpackages.com\\\/wp-content\\\/uploads\\\/2025\\\/03\\\/Aswan-Philae-temple.jpg\",\"width\":2000,\"height\":1500,\"caption\":\"Viaje de 3 D\u00edas a El Cairo, Asu\u00e1n y Luxor desde Hurghada todo incluido\"},{\"@type\":\"BreadcrumbList\",\"@id\":\"https:\\\/\\\/egytourpackages.com\\\/es\\\/tours\\\/viaje-de-3-dias-a-el-cairo-asuan-y-luxor-desde-hurghada-todo-incluido\\\/#breadcrumb\",\"itemListElement\":[{\"@type\":\"ListItem\",\"position\":1,\"name\":\"Home\",\"item\":\"https:\\\/\\\/egytourpackages.com\\\/es\\\/paquetes-de-viaje-a-egipto\\\/\"},{\"@type\":\"ListItem\",\"position\":2,\"name\":\"Shop\",\"item\":\"https:\\\/\\\/egytourpackages.com\\\/shop\\\/\"},{\"@type\":\"ListItem\",\"position\":3,\"name\":\"Viaje de 3 D\u00edas a El Cairo, Asu\u00e1n y Luxor desde Hurghada todo incluido\"}]},{\"@type\":\"WebSite\",\"@id\":\"https:\\\/\\\/egytourpackages.com\\\/es\\\/#website\",\"url\":\"https:\\\/\\\/egytourpackages.com\\\/es\\\/\",\"name\":\"Egy tour packages\",\"description\":\"\",\"publisher\":{\"@id\":\"https:\\\/\\\/egytourpackages.com\\\/es\\\/#organization\"},\"potentialAction\":[{\"@type\":\"SearchAction\",\"target\":{\"@type\":\"EntryPoint\",\"urlTemplate\":\"https:\\\/\\\/egytourpackages.com\\\/es\\\/?s={search_term_string}\"},\"query-input\":{\"@type\":\"PropertyValueSpecification\",\"valueRequired\":true,\"valueName\":\"search_term_string\"}}],\"inLanguage\":\"es\"},{\"@type\":[\"Organization\",\"Place\",\"TravelAgency\"],\"@id\":\"https:\\\/\\\/egytourpackages.com\\\/es\\\/#organization\",\"name\":\"egypt tour packages\",\"alternateName\":\"egypt tour packages\",\"url\":\"https:\\\/\\\/egytourpackages.com\\\/es\\\/\",\"logo\":{\"@id\":\"https:\\\/\\\/egytourpackages.com\\\/es\\\/tours\\\/viaje-de-3-dias-a-el-cairo-asuan-y-luxor-desde-hurghada-todo-incluido\\\/#local-main-organization-logo\"},\"image\":{\"@id\":\"https:\\\/\\\/egytourpackages.com\\\/es\\\/tours\\\/viaje-de-3-dias-a-el-cairo-asuan-y-luxor-desde-hurghada-todo-incluido\\\/#local-main-organization-logo\"},\"sameAs\":[\"https:\\\/\\\/www.facebook.com\\\/egytourpackages\"],\"legalName\":\"Egy tour packages\",\"address\":{\"@id\":\"https:\\\/\\\/egytourpackages.com\\\/es\\\/tours\\\/viaje-de-3-dias-a-el-cairo-asuan-y-luxor-desde-hurghada-todo-incluido\\\/#local-main-place-address\"},\"telephone\":[\"00201000852186\",\"00201028685533\"],\"contactPoint\":{\"@type\":\"ContactPoint\",\"telephone\":\"00201000852186\"},\"openingHoursSpecification\":[{\"@type\":\"OpeningHoursSpecification\",\"dayOfWeek\":[\"Monday\",\"Tuesday\",\"Wednesday\",\"Thursday\",\"Friday\",\"Saturday\",\"Sunday\"],\"opens\":\"00:00\",\"closes\":\"23:59\"}],\"email\":\"info@egytourpackages.com\",\"areaServed\":\"Cairo, Hurghada, Luxor, Sharm El Sheikh, Marsa Alam, Aswan\",\"priceRange\":\"$\",\"currenciesAccepted\":\"euro\",\"paymentAccepted\":\"Payment links online\"},{\"@type\":\"PostalAddress\",\"@id\":\"https:\\\/\\\/egytourpackages.com\\\/es\\\/tours\\\/viaje-de-3-dias-a-el-cairo-asuan-y-luxor-desde-hurghada-todo-incluido\\\/#local-main-place-address\",\"streetAddress\":\"Mubarak 8, Al Kawthar District, Hurghada\",\"addressLocality\":\"Hurghada\",\"postalCode\":\"84511\",\"addressRegion\":\"Red Sea\",\"addressCountry\":\"EG\"},{\"@type\":\"ImageObject\",\"inLanguage\":\"es\",\"@id\":\"https:\\\/\\\/egytourpackages.com\\\/es\\\/tours\\\/viaje-de-3-dias-a-el-cairo-asuan-y-luxor-desde-hurghada-todo-incluido\\\/#local-main-organization-logo\",\"url\":\"https:\\\/\\\/egytourpackages.com\\\/wp-content\\\/uploads\\\/2025\\\/12\\\/Turquoise-Dahabiya-Nile-Cruise-1.jpeg\",\"contentUrl\":\"https:\\\/\\\/egytourpackages.com\\\/wp-content\\\/uploads\\\/2025\\\/12\\\/Turquoise-Dahabiya-Nile-Cruise-1.jpeg\",\"width\":1040,\"height\":694,\"caption\":\"egypt tour packages\"}]}<\/script>\n<meta property=\"product:brand\" content=\"Excursiones Egipto\" \/>\n<meta property=\"product:price:amount\" content=\"500\" \/>\n<meta property=\"product:price:currency\" content=\"EUR\" \/>\n<meta property=\"og:availability\" content=\"instock\" \/>\n<meta property=\"product:availability\" content=\"instock\" \/>\n<meta property=\"product:retailer_item_id\" content=\"HDT11\" \/>\n<meta property=\"product:condition\" content=\"new\" \/>\n<meta name=\"geo.placename\" content=\"Hurghada\" \/>\n<meta name=\"geo.region\" content=\"Egipto\" \/>\n<!-- \/ Yoast SEO Premium plugin. -->","yoast_head_json":{"title":"Viaje de 3 D\u00edas a El Cairo Asu\u00e1n y Luxor desde Hurghada todo incluido","description":"Viaje de 3 D\u00edas a El Cairo, Asu\u00e1n y Luxor desde Hurghada todo incluido: Explora los mejores tours en Egipto con un gu\u00eda egipt\u00f3logo privado y coche.","robots":{"index":"index","follow":"follow","max-snippet":"max-snippet:-1","max-image-preview":"max-image-preview:large","max-video-preview":"max-video-preview:-1"},"canonical":"https:\/\/egytourpackages.com\/es\/tours\/viaje-de-3-dias-a-el-cairo-asuan-y-luxor-desde-hurghada-todo-incluido\/","og_locale":"es_ES","og_type":"article","og_title":"Viaje de 3 D\u00edas a El Cairo, Asu\u00e1n y Luxor desde Hurghada todo incluido","og_description":"Viaje de 3 D\u00edas a El Cairo, Asu\u00e1n y Luxor desde Hurghada todo incluido: Explora los mejores tours en Egipto con un gu\u00eda egipt\u00f3logo privado y coche.","og_url":"https:\/\/egytourpackages.com\/es\/tours\/viaje-de-3-dias-a-el-cairo-asuan-y-luxor-desde-hurghada-todo-incluido\/","og_site_name":"Egypt Tour Packages","article_publisher":"https:\/\/www.facebook.com\/egytourpackages","article_modified_time":"2026-01-05T17:03:41+00:00","og_image":[{"width":2000,"height":1500,"url":"https:\/\/egytourpackages.com\/wp-content\/uploads\/2025\/03\/Aswan-Philae-temple.jpg","type":"image\/jpeg"}],"twitter_card":"summary_large_image","twitter_title":"Viaje de 3 D\u00edas a El Cairo, Asu\u00e1n y Luxor desde Hurghada todo incluido","twitter_misc":{"Precio":"&euro;500","Disponibilidad":"Disponible"},"schema":{"@context":"https:\/\/schema.org","@graph":[{"@type":"WebPage","@id":"https:\/\/egytourpackages.com\/es\/tours\/viaje-de-3-dias-a-el-cairo-asuan-y-luxor-desde-hurghada-todo-incluido\/","url":"https:\/\/egytourpackages.com\/es\/tours\/viaje-de-3-dias-a-el-cairo-asuan-y-luxor-desde-hurghada-todo-incluido\/","name":"Viaje de 3 D\u00edas a El Cairo Asu\u00e1n y Luxor desde Hurghada todo incluido","isPartOf":{"@id":"https:\/\/egytourpackages.com\/es\/#website"},"primaryImageOfPage":{"@id":"https:\/\/egytourpackages.com\/es\/tours\/viaje-de-3-dias-a-el-cairo-asuan-y-luxor-desde-hurghada-todo-incluido\/#primaryimage"},"image":{"@id":"https:\/\/egytourpackages.com\/es\/tours\/viaje-de-3-dias-a-el-cairo-asuan-y-luxor-desde-hurghada-todo-incluido\/#primaryimage"},"thumbnailUrl":"https:\/\/egytourpackages.com\/wp-content\/uploads\/2025\/03\/Aswan-Philae-temple.jpg","datePublished":"2025-03-05T22:10:44+00:00","dateModified":"2026-01-05T17:03:41+00:00","description":"Viaje de 3 D\u00edas a El Cairo, Asu\u00e1n y Luxor desde Hurghada todo incluido: Explora los mejores tours en Egipto con un gu\u00eda egipt\u00f3logo privado y coche.","breadcrumb":{"@id":"https:\/\/egytourpackages.com\/es\/tours\/viaje-de-3-dias-a-el-cairo-asuan-y-luxor-desde-hurghada-todo-incluido\/#breadcrumb"},"inLanguage":"es","potentialAction":[{"@type":"ReadAction","target":["https:\/\/egytourpackages.com\/es\/tours\/viaje-de-3-dias-a-el-cairo-asuan-y-luxor-desde-hurghada-todo-incluido\/"]}]},{"@type":"ImageObject","inLanguage":"es","@id":"https:\/\/egytourpackages.com\/es\/tours\/viaje-de-3-dias-a-el-cairo-asuan-y-luxor-desde-hurghada-todo-incluido\/#primaryimage","url":"https:\/\/egytourpackages.com\/wp-content\/uploads\/2025\/03\/Aswan-Philae-temple.jpg","contentUrl":"https:\/\/egytourpackages.com\/wp-content\/uploads\/2025\/03\/Aswan-Philae-temple.jpg","width":2000,"height":1500,"caption":"Viaje de 3 D\u00edas a El Cairo, Asu\u00e1n y Luxor desde Hurghada todo incluido"},{"@type":"BreadcrumbList","@id":"https:\/\/egytourpackages.com\/es\/tours\/viaje-de-3-dias-a-el-cairo-asuan-y-luxor-desde-hurghada-todo-incluido\/#breadcrumb","itemListElement":[{"@type":"ListItem","position":1,"name":"Home","item":"https:\/\/egytourpackages.com\/es\/paquetes-de-viaje-a-egipto\/"},{"@type":"ListItem","position":2,"name":"Shop","item":"https:\/\/egytourpackages.com\/shop\/"},{"@type":"ListItem","position":3,"name":"Viaje de 3 D\u00edas a El Cairo, Asu\u00e1n y Luxor desde Hurghada todo incluido"}]},{"@type":"WebSite","@id":"https:\/\/egytourpackages.com\/es\/#website","url":"https:\/\/egytourpackages.com\/es\/","name":"Egy tour packages","description":"","publisher":{"@id":"https:\/\/egytourpackages.com\/es\/#organization"},"potentialAction":[{"@type":"SearchAction","target":{"@type":"EntryPoint","urlTemplate":"https:\/\/egytourpackages.com\/es\/?s={search_term_string}"},"query-input":{"@type":"PropertyValueSpecification","valueRequired":true,"valueName":"search_term_string"}}],"inLanguage":"es"},{"@type":["Organization","Place","TravelAgency"],"@id":"https:\/\/egytourpackages.com\/es\/#organization","name":"egypt tour packages","alternateName":"egypt tour packages","url":"https:\/\/egytourpackages.com\/es\/","logo":{"@id":"https:\/\/egytourpackages.com\/es\/tours\/viaje-de-3-dias-a-el-cairo-asuan-y-luxor-desde-hurghada-todo-incluido\/#local-main-organization-logo"},"image":{"@id":"https:\/\/egytourpackages.com\/es\/tours\/viaje-de-3-dias-a-el-cairo-asuan-y-luxor-desde-hurghada-todo-incluido\/#local-main-organization-logo"},"sameAs":["https:\/\/www.facebook.com\/egytourpackages"],"legalName":"Egy tour packages","address":{"@id":"https:\/\/egytourpackages.com\/es\/tours\/viaje-de-3-dias-a-el-cairo-asuan-y-luxor-desde-hurghada-todo-incluido\/#local-main-place-address"},"telephone":["00201000852186","00201028685533"],"contactPoint":{"@type":"ContactPoint","telephone":"00201000852186"},"openingHoursSpecification":[{"@type":"OpeningHoursSpecification","dayOfWeek":["Monday","Tuesday","Wednesday","Thursday","Friday","Saturday","Sunday"],"opens":"00:00","closes":"23:59"}],"email":"info@egytourpackages.com","areaServed":"Cairo, Hurghada, Luxor, Sharm El Sheikh, Marsa Alam, Aswan","priceRange":"$","currenciesAccepted":"euro","paymentAccepted":"Payment links online"},{"@type":"PostalAddress","@id":"https:\/\/egytourpackages.com\/es\/tours\/viaje-de-3-dias-a-el-cairo-asuan-y-luxor-desde-hurghada-todo-incluido\/#local-main-place-address","streetAddress":"Mubarak 8, Al Kawthar District, Hurghada","addressLocality":"Hurghada","postalCode":"84511","addressRegion":"Red Sea","addressCountry":"EG"},{"@type":"ImageObject","inLanguage":"es","@id":"https:\/\/egytourpackages.com\/es\/tours\/viaje-de-3-dias-a-el-cairo-asuan-y-luxor-desde-hurghada-todo-incluido\/#local-main-organization-logo","url":"https:\/\/egytourpackages.com\/wp-content\/uploads\/2025\/12\/Turquoise-Dahabiya-Nile-Cruise-1.jpeg","contentUrl":"https:\/\/egytourpackages.com\/wp-content\/uploads\/2025\/12\/Turquoise-Dahabiya-Nile-Cruise-1.jpeg","width":1040,"height":694,"caption":"egypt tour packages"}]},"product_brand":"Excursiones Egipto","product_price_amount":"500","product_price_currency":"EUR","og_availability":"instock","product_availability":"instock","product_retailer_item_id":"HDT11","product_condition":"new","geo.placename":"Hurghada","geo.region":"Egipto"},"_links":{"self":[{"href":"https:\/\/egytourpackages.com\/es\/wp-json\/wp\/v2\/product\/5937","targetHints":{"allow":["GET"]}}],"collection":[{"href":"https:\/\/egytourpackages.com\/es\/wp-json\/wp\/v2\/product"}],"about":[{"href":"https:\/\/egytourpackages.com\/es\/wp-json\/wp\/v2\/types\/product"}],"replies":[{"embeddable":true,"href":"https:\/\/egytourpackages.com\/es\/wp-json\/wp\/v2\/comments?post=5937"}],"wp:featuredmedia":[{"embeddable":true,"href":"https:\/\/egytourpackages.com\/es\/wp-json\/wp\/v2\/media\/5938"}],"wp:attachment":[{"href":"https:\/\/egytourpackages.com\/es\/wp-json\/wp\/v2\/media?parent=5937"}],"wp:term":[{"taxonomy":"product_brand","embeddable":true,"href":"https:\/\/egytourpackages.com\/es\/wp-json\/wp\/v2\/product_brand?post=5937"},{"taxonomy":"product_cat","embeddable":true,"href":"https:\/\/egytourpackages.com\/es\/wp-json\/wp\/v2\/product_cat?post=5937"},{"taxonomy":"product_tag","embeddable":true,"href":"https:\/\/egytourpackages.com\/es\/wp-json\/wp\/v2\/product_tag?post=5937"}],"curies":[{"name":"wp","href":"https:\/\/api.w.org\/{rel}","templated":true}]}}