{"id":6005,"date":"2025-08-12T14:27:14","date_gmt":"2025-08-12T14:27:14","guid":{"rendered":"https:\/\/egytourpackages.com\/product\/tour-de-3-dias-a-la-oasis-de-siwa-desde-marsa-matruh\/"},"modified":"2026-01-03T22:45:46","modified_gmt":"2026-01-03T22:45:46","slug":"tour-de-3-dias-a-la-oasis-de-siwa-desde-marsa-matruh","status":"publish","type":"product","link":"https:\/\/egytourpackages.com\/es\/tours\/tour-de-3-dias-a-la-oasis-de-siwa-desde-marsa-matruh\/","title":{"rendered":"Tour de 3 D\u00edas a la Oasis de Siwa desde Marsa Matruh"},"content":{"rendered":"<p><span style=\"color: #ff6600;\"><strong>Tour de 3 D\u00edas a la Oasis de Siwa desde Marsa Matruh<\/strong><\/span><\/p>\n<p>Escapa de lo ordinario y comienza tu impresionante <strong>tour de 3 d\u00edas al Oasis de Siwa desde Marsa Matruh<\/strong>, dise\u00f1ado para ser la mejor de las <strong>excursiones de Marsa Matruh<\/strong> para experimentar la joya oculta del desierto de Egipto. Este <strong>paquete tur\u00edstico a Siwa<\/strong> es ideal para aventureros y entusiastas de la cultura, prometiendo una experiencia que va m\u00e1s all\u00e1 de la t\u00edpica gu\u00eda de viajes de Egipto. Tu aventura comienza con un c\u00f3modo traslado privado desde tu hotel en <strong>Marsa Matruh<\/strong> hasta el <strong>Oasis de Siwa<\/strong>.<\/p>\n<p>Har\u00e1s una parada en el <strong>Lago Salado de Siwa<\/strong>, donde flotar\u00e1s sin esfuerzo en las surrealistas aguas de alta salinidad, una experiencia verdaderamente terap\u00e9utica a menudo comparada con el Mar Muerto. Rel\u00e1jate en las legendarias aguas del <strong>Ba\u00f1o de Cleopatra<\/strong>, un manantial antiguo que ha encantado a los visitantes durante siglos. Al caer la tarde, presencia un impresionante <strong>atardecer en Siwa<\/strong> desde la tranquila <strong>Isla Fatnas<\/strong>, donde los colores vibrantes se reflejan en el lago en calma.<\/p>\n<p>La aventura contin\u00faa con una emocionante experiencia de <strong>safari en el desierto y sandboarding<\/strong> en el vasto <strong>Gran Mar de Arena<\/strong>, navegando por imponentes dunas en un potente <strong>Jeep 4&#215;4<\/strong>. Descubrir\u00e1s los tesoros escondidos del oasis, desde un refrescante lago de agua dulce hasta el rejuvenecedor <strong>manantial de aguas termales de Bir Wahed<\/strong>.<\/p>\n<p>Sum\u00e9rgete en la historia con visitas a la antigua <strong>Fortaleza de Shali<\/strong>, la sagrada <strong>Monta\u00f1a de los Muertos<\/strong> (Gebel al-Mawta), y el sagrado <strong>Templo del Or\u00e1culo<\/strong> (Templo de Am\u00f3n), donde <strong>Alejandro Magno<\/strong> una vez busc\u00f3 su destino.<\/p>\n<p>Tus noches est\u00e1n llenas de un aut\u00e9ntico encanto local, con una tradicional <strong>cena beduina<\/strong> y la inolvidable experiencia de <strong>acampar en el desierto por la noche<\/strong> bajo un cielo cubierto de estrellas o regresando al hotel para pasar la noche.<\/p>\n<h3><span style=\"color: #ff6600;\">Detalles del Tour<\/span><\/h3>\n<ul>\n<li>Duraci\u00f3n: 3 D\u00edas \/ 2 Noches<\/li>\n<li>Tipo de Tour: Privado<\/li>\n<li>Disponibilidad: Todos los d\u00edas<\/li>\n<li>Tama\u00f1o del Grupo: de 1 a 10<\/li>\n<li>Idioma: <strong>espa\u00f1ol<\/strong><\/li>\n<li>Horario: Reserva en l\u00ednea<\/li>\n<li>Recogida y Regreso: Hoteles de Marsa Matruh<\/li>\n<\/ul>\n<h3><span style=\"color: #ff6600;\">Puntos Destacados<\/span><\/h3>\n<ul>\n<li>Lago salado<\/li>\n<li>Ba\u00f1o de Cleopatra<\/li>\n<li>Isla Fatnas<\/li>\n<li>Monta\u00f1a de los Muertos<\/li>\n<li>Monta\u00f1a Dakror<\/li>\n<li>Gran Mar de Arena<\/li>\n<li>Tour en Safari en Jeep 4&#215;4<\/li>\n<li>Templo del Or\u00e1culo<\/li>\n<li>Fortaleza de Shali<\/li>\n<\/ul>\n<h3><span style=\"color: #ff6600;\">Inclusiones<\/span><\/h3>\n<ul>\n<li>Recogida y regreso al hotel con un veh\u00edculo A\/C nuevo<\/li>\n<li>Tarifa de entrada para todos los lugares en el programa<\/li>\n<li>Gu\u00eda tur\u00edstico que habla <strong>espa\u00f1ol<\/strong><\/li>\n<li>Alojamiento de 2 noches en hotel en Siwa con desayuno<\/li>\n<li>Todos los servicios e impuestos<\/li>\n<\/ul>\n<h3><span style=\"color: #ff6600;\">Exclusiones<\/span><\/h3>\n<ul>\n<li>Propinas<\/li>\n<li>Gastos personales<\/li>\n<li>Bebidas durante las comidas<\/li>\n<li>Cualquier cosa no mencionada en el programa<\/li>\n<\/ul>\n<h3><span style=\"color: #ff6600;\">Qu\u00e9 llevar contigo<\/span><\/h3>\n<ul>\n<li>Pasaporte v\u00e1lido por 6 meses a partir del d\u00eda del vuelo<\/li>\n<li>Ropa de abrigo en invierno<\/li>\n<li>Zapatos c\u00f3modos<\/li>\n<li>Protector solar<\/li>\n<li>Gafas de sol<\/li>\n<li>Sombrero o bufanda<\/li>\n<li>Paraguas<\/li>\n<\/ul>\n<h2><span style=\"color: #ff6600;\">Itinerario<\/span><\/h2>\n<h3><span style=\"color: #ff6600;\">D\u00eda 1 Itinerario del Tour al Oasis de Siwa<\/span><\/h3>\n<p>Tu <strong>aventura en el Oasis de Siwa<\/strong> comienza con un c\u00f3modo traslado privado desde tu hotel en <strong>Marsa Matruh<\/strong> al sereno <strong>Oasis de Siwa<\/strong>, un pintoresco viaje de aproximadamente cuatro horas.<\/p>\n<p>Al llegar, ser\u00e1s recibido con un delicioso <strong>almuerzo<\/strong> en un restaurante local, donde podr\u00e1s saborear aut\u00e9nticos sabores de Siwa. Despu\u00e9s de registrarte en tu hotel, la tarde est\u00e1 dedicada a explorar las atracciones naturales m\u00e1s celebradas de la zona.<\/p>\n<p>Tu primera parada es el surrealista <strong>Lago Salado de Siwa<\/strong>, donde la alta salinidad te permite flotar sin esfuerzo en las impresionantes piscinas de color turquesa. A continuaci\u00f3n, visitar\u00e1s el legendario <strong>Ba\u00f1o de Cleopatra<\/strong>, un manantial natural lleno de historia, perfecto para un refrescante chapuz\u00f3n. A medida que el d\u00eda llega a su fin, nos dirigiremos a la <strong>Isla Fatnas<\/strong> para presenciar un espectacular <strong>atardecer en Siwa<\/strong>. Desde este punto de vista, disfrutar\u00e1s de una pintoresca vista del sereno lago con las impresionantes siluetas de las monta\u00f1as <strong>Gebel Bayda<\/strong> y <strong>Gebel Hamra<\/strong> en el fondo.<\/p>\n<p>Un tranquilo paseo por los jardines circundantes revela una variedad de \u00e1rboles locales, incluyendo pl\u00e1tanos, d\u00e1tiles y olivos. La noche culmina con una aut\u00e9ntica <strong>cena beduina<\/strong>, una verdadera muestra de la hospitalidad del desierto. Luego, regresar\u00e1s a tu hotel para una relajante <strong>estancia de una noche<\/strong> en el oasis.<\/p>\n<p><strong>Comidas: <\/strong>desayuno, almuerzo, cena<\/p>\n<h3><span style=\"color: #ff6600;\">D\u00eda 2 Aventura en el Desierto de Siwa y Camping<\/span><\/h3>\n<p>Despu\u00e9s de disfrutar de un delicioso desayuno en tu hotel, tu segundo d\u00eda comienza con una inmersi\u00f3n profunda en el coraz\u00f3n hist\u00f3rico y espiritual del oasis. Empezaremos explorando la antigua necr\u00f3polis de la <strong>Monta\u00f1a de los Muertos<\/strong> (Gebel al-Mawta), hogar de fascinantes tumbas excavadas en la roca.<\/p>\n<p>A continuaci\u00f3n, visitar\u00e1s la cercana <strong>Gebel al-Dakrour<\/strong>, una monta\u00f1a conocida por sus propiedades curativas naturales \u00fanicas. Lo m\u00e1s destacado de la ma\u00f1ana es una visita al mundialmente famoso <strong>Templo del Or\u00e1culo<\/strong> (Templo de Am\u00f3n), donde <strong>Alejandro Magno<\/strong> una vez busc\u00f3 su destino. Se servir\u00e1 un delicioso <strong>almuerzo en el restaurante Abdo<\/strong>, ofreciendo la oportunidad de saborear m\u00e1s sabores locales de Siwa.<\/p>\n<p>La tarde marca el comienzo de tu emocionante <strong>safari por el desierto de Siwa<\/strong>. Nos adentraremos en el vasto <strong>Gran Mar de Arena<\/strong> en un emocionante paseo en <strong>Jeep 4&#215;4<\/strong>. Prep\u00e1rate para una experiencia llena de adrenalina mientras pruebas el <strong>sandboarding<\/strong> en las dunas masivas. La aventura contin\u00faa con un refrescante ba\u00f1o en un sereno <strong>lago de agua dulce<\/strong> anidado dentro de las dunas, seguido de un relajante ba\u00f1o en el terap\u00e9utico <strong>manantial de aguas termales de Bir Wahed<\/strong>. A medida que el sol comienza su descenso, nos reuniremos para una tradicional ceremonia de <strong>t\u00e9 beduino<\/strong>, un momento perfecto para ver el incre\u00edble atardecer en el desierto.<\/p>\n<p>Despu\u00e9s de eso, tendr\u00e1s dos opciones. Primero, una experiencia de <strong>camping en el desierto<\/strong> donde puedes pasar la noche en uno de los sitios de camping m\u00e1s hermosos de Siwa. Disfruta de una tradicional <strong>cena BBQ<\/strong> servida bajo un espectacular manto de estrellas.<\/p>\n<p>Para aquellos que lo prefieran, una opci\u00f3n alternativa es regresar a Siwa para una <strong>estancia de una noche en un hotel<\/strong>, como el renombrado <strong>Ghaliet Ecolodge<\/strong>.<\/p>\n<p><strong>Comidas: <\/strong>desayuno, almuerzo, cena<\/p>\n<h3><span style=\"color: #ff6600;\">D\u00eda 3 Viaje de Regreso de Siwa a Marsa Matruh<\/span><\/h3>\n<p>Tu \u00faltimo d\u00eda en el <strong>Oasis de Siwa<\/strong> comienza con un desayuno temprano en tu campamento\/hotel en el desierto. Despu\u00e9s, comenzar\u00e1s la \u00faltima atracci\u00f3n, la hist\u00f3rica <strong>Fortaleza de Shali<\/strong>. Esta ic\u00f3nica ciudadela de adobe del siglo XIII, ahora una impresionante ruina, proporciona un \u00faltimo vistazo al antiguo pasado de Siwa.<\/p>\n<p>Despu\u00e9s de explorar la fortaleza y sus vistas panor\u00e1micas, comenzar\u00e1s el c\u00f3modo <strong>viaje en coche de regreso a Marsa Matruh<\/strong>, marcando el final de tu incre\u00edble <strong>tour de 3 d\u00edas por Siwa<\/strong>.<\/p>\n<p><strong>Comidas: <\/strong>desayuno<\/p>\n<h3><span style=\"color: #ff6600;\">Precio Tour de 3 D\u00edas al Oasis de Siwa desde Marsa Matruh<\/span><\/h3>\n<ul>\n<li>Precio Adulto = 400 \u20ac<\/li>\n<li>Ni\u00f1os 0-5 a\u00f1os = gratis<\/li>\n<li>Ni\u00f1os 5-11 a\u00f1os = 50% del precio del adulto<\/li>\n<\/ul>\n<h3><span style=\"color: #ff6600;\">Reserva<\/span><\/h3>\n<p>Puedes reservar tu tour a trav\u00e9s de WhatsApp o enviarnos un correo electr\u00f3nico y recibir\u00e1s la confirmaci\u00f3n al instante. Por favor, env\u00edanos el nombre de tu hotel, n\u00famero de habitaci\u00f3n y copias de tu pasaporte.<\/p>\n<p>WhatsApp: +201000852186<\/p>\n<p>info@egytourpackages.com<\/p>\n<h3><span style=\"color: #ff6600;\">Reserva Ahora y Paga en el lugar <\/span><\/h3>\n<p>Reserva tu tour favorito y paga el d\u00eda del viaje.<\/p>\n<h3><span style=\"color: #ff6600;\">Pago<\/span><\/h3>\n<p>Puedes pagar en libras egipcias, $, \u20ac o \u00a3.<\/p>\n<h3><span style=\"color: #ff6600;\">Pol\u00edtica de Cancelaci\u00f3n<\/span><\/h3>\n<ul>\n<li>La cancelaci\u00f3n es gratuita hasta 24 horas antes<\/li>\n<li>La cancelaci\u00f3n por la ma\u00f1ana es el 50% del precio<\/li>\n<\/ul>\n","protected":false},"excerpt":{"rendered":"<p>Tour de 3 D\u00edas a la Oasis de Siwa desde Marsa Matruh: dunas, lagos salados y el encanto de la antigua Siwa. \u00a1Aventura inolvidable!<\/p>\n","protected":false},"featured_media":6006,"comment_status":"closed","ping_status":"closed","template":"","meta":[],"product_brand":[],"product_cat":[3128],"product_tag":[3288,3307,3188],"class_list":{"0":"post-6005","1":"product","2":"type-product","3":"status-publish","4":"has-post-thumbnail","6":"product_cat-tours","7":"product_tag-excursiones-a-marsa-matruh","8":"product_tag-excursiones-al-oasis-de-siwa-desde-marsa-matruh","9":"product_tag-excursiones-egipto","10":"tour_category-excursiones-al-oasis-de-siwa-desde-marsa-matruh-es","11":"tour_category-excursiones-egipto-es","12":"tour_category-excursiones-en-marsa-matruh-es","13":"tour_category-paquetes-de-tours-en-egipto-de-3-dias","15":"first","16":"instock","17":"sale","18":"shipping-taxable","19":"purchasable","20":"product-type-tour","21":"has-default-attributes"},"yoast_head":"<!-- This site is optimized with the Yoast SEO Premium plugin v27.4 (Yoast SEO v27.4) - https:\/\/yoast.com\/product\/yoast-seo-premium-wordpress\/ -->\n<title>Tour de 3 D\u00edas a la Oasis de Siwa desde Marsa Matruh<\/title>\n<meta name=\"description\" content=\"Tour de 3 D\u00edas a la Oasis de Siwa desde Marsa Matruh: dunas, lagos salados y el encanto de la antigua Siwa. \u00a1Aventura inolvidable!\" \/>\n<meta name=\"robots\" content=\"index, follow, max-snippet:-1, max-image-preview:large, max-video-preview:-1\" \/>\n<link rel=\"canonical\" href=\"https:\/\/egytourpackages.com\/es\/tours\/tour-de-3-dias-a-la-oasis-de-siwa-desde-marsa-matruh\/\" \/>\n<meta property=\"og:locale\" content=\"es_ES\" \/>\n<meta property=\"og:type\" content=\"article\" \/>\n<meta property=\"og:title\" content=\"Tour de 3 D\u00edas a la Oasis de Siwa desde Marsa Matruh\" \/>\n<meta property=\"og:description\" content=\"Tour de 3 D\u00edas a la Oasis de Siwa desde Marsa Matruh: dunas, lagos salados y el encanto de la antigua Siwa. \u00a1Aventura inolvidable!\" \/>\n<meta property=\"og:url\" content=\"https:\/\/egytourpackages.com\/es\/tours\/tour-de-3-dias-a-la-oasis-de-siwa-desde-marsa-matruh\/\" \/>\n<meta property=\"og:site_name\" content=\"Egypt Tour Packages\" \/>\n<meta property=\"article:publisher\" content=\"https:\/\/www.facebook.com\/egytourpackages\" \/>\n<meta property=\"article:modified_time\" content=\"2026-01-03T22:45:46+00:00\" \/>\n<meta property=\"og:image\" content=\"https:\/\/egytourpackages.com\/wp-content\/uploads\/2025\/08\/Ancient-Shali-Fortress-Siwa-Oasis.jpeg\" \/>\n\t<meta property=\"og:image:width\" content=\"1850\" \/>\n\t<meta property=\"og:image:height\" content=\"1387\" \/>\n\t<meta property=\"og:image:type\" content=\"image\/jpeg\" \/>\n<meta name=\"twitter:card\" content=\"summary_large_image\" \/>\n<meta name=\"twitter:title\" content=\"Tour de 3 D\u00edas a la Oasis de Siwa desde Marsa Matruh\" \/>\n<meta name=\"twitter:label1\" content=\"Precio\" \/>\n\t<meta name=\"twitter:data1\" content=\"&euro;400\" \/>\n\t<meta name=\"twitter:label2\" content=\"Disponibilidad\" \/>\n\t<meta name=\"twitter:data2\" content=\"Disponible\" \/>\n<script type=\"application\/ld+json\" class=\"yoast-schema-graph\">{\"@context\":\"https:\\\/\\\/schema.org\",\"@graph\":[{\"@type\":\"WebPage\",\"@id\":\"https:\\\/\\\/egytourpackages.com\\\/es\\\/tours\\\/tour-de-3-dias-a-la-oasis-de-siwa-desde-marsa-matruh\\\/\",\"url\":\"https:\\\/\\\/egytourpackages.com\\\/es\\\/tours\\\/tour-de-3-dias-a-la-oasis-de-siwa-desde-marsa-matruh\\\/\",\"name\":\"Tour de 3 D\u00edas a la Oasis de Siwa desde Marsa Matruh\",\"isPartOf\":{\"@id\":\"https:\\\/\\\/egytourpackages.com\\\/es\\\/#website\"},\"primaryImageOfPage\":{\"@id\":\"https:\\\/\\\/egytourpackages.com\\\/es\\\/tours\\\/tour-de-3-dias-a-la-oasis-de-siwa-desde-marsa-matruh\\\/#primaryimage\"},\"image\":{\"@id\":\"https:\\\/\\\/egytourpackages.com\\\/es\\\/tours\\\/tour-de-3-dias-a-la-oasis-de-siwa-desde-marsa-matruh\\\/#primaryimage\"},\"thumbnailUrl\":\"https:\\\/\\\/egytourpackages.com\\\/wp-content\\\/uploads\\\/2025\\\/08\\\/Ancient-Shali-Fortress-Siwa-Oasis.jpeg\",\"datePublished\":\"2025-08-12T14:27:14+00:00\",\"dateModified\":\"2026-01-03T22:45:46+00:00\",\"description\":\"Tour de 3 D\u00edas a la Oasis de Siwa desde Marsa Matruh: dunas, lagos salados y el encanto de la antigua Siwa. \u00a1Aventura inolvidable!\",\"breadcrumb\":{\"@id\":\"https:\\\/\\\/egytourpackages.com\\\/es\\\/tours\\\/tour-de-3-dias-a-la-oasis-de-siwa-desde-marsa-matruh\\\/#breadcrumb\"},\"inLanguage\":\"es\",\"potentialAction\":[{\"@type\":\"ReadAction\",\"target\":[\"https:\\\/\\\/egytourpackages.com\\\/es\\\/tours\\\/tour-de-3-dias-a-la-oasis-de-siwa-desde-marsa-matruh\\\/\"]}]},{\"@type\":\"ImageObject\",\"inLanguage\":\"es\",\"@id\":\"https:\\\/\\\/egytourpackages.com\\\/es\\\/tours\\\/tour-de-3-dias-a-la-oasis-de-siwa-desde-marsa-matruh\\\/#primaryimage\",\"url\":\"https:\\\/\\\/egytourpackages.com\\\/wp-content\\\/uploads\\\/2025\\\/08\\\/Ancient-Shali-Fortress-Siwa-Oasis.jpeg\",\"contentUrl\":\"https:\\\/\\\/egytourpackages.com\\\/wp-content\\\/uploads\\\/2025\\\/08\\\/Ancient-Shali-Fortress-Siwa-Oasis.jpeg\",\"width\":1850,\"height\":1387,\"caption\":\"Antigua Fortaleza de Shali, Oasis de Siwa\"},{\"@type\":\"BreadcrumbList\",\"@id\":\"https:\\\/\\\/egytourpackages.com\\\/es\\\/tours\\\/tour-de-3-dias-a-la-oasis-de-siwa-desde-marsa-matruh\\\/#breadcrumb\",\"itemListElement\":[{\"@type\":\"ListItem\",\"position\":1,\"name\":\"Home\",\"item\":\"https:\\\/\\\/egytourpackages.com\\\/es\\\/paquetes-de-viaje-a-egipto\\\/\"},{\"@type\":\"ListItem\",\"position\":2,\"name\":\"Shop\",\"item\":\"https:\\\/\\\/egytourpackages.com\\\/shop\\\/\"},{\"@type\":\"ListItem\",\"position\":3,\"name\":\"Tour de 3 D\u00edas a la Oasis de Siwa desde Marsa Matruh\"}]},{\"@type\":\"WebSite\",\"@id\":\"https:\\\/\\\/egytourpackages.com\\\/es\\\/#website\",\"url\":\"https:\\\/\\\/egytourpackages.com\\\/es\\\/\",\"name\":\"Egy tour packages\",\"description\":\"\",\"publisher\":{\"@id\":\"https:\\\/\\\/egytourpackages.com\\\/es\\\/#organization\"},\"potentialAction\":[{\"@type\":\"SearchAction\",\"target\":{\"@type\":\"EntryPoint\",\"urlTemplate\":\"https:\\\/\\\/egytourpackages.com\\\/es\\\/?s={search_term_string}\"},\"query-input\":{\"@type\":\"PropertyValueSpecification\",\"valueRequired\":true,\"valueName\":\"search_term_string\"}}],\"inLanguage\":\"es\"},{\"@type\":[\"Organization\",\"Place\",\"TravelAgency\"],\"@id\":\"https:\\\/\\\/egytourpackages.com\\\/es\\\/#organization\",\"name\":\"egypt tour packages\",\"alternateName\":\"egypt tour packages\",\"url\":\"https:\\\/\\\/egytourpackages.com\\\/es\\\/\",\"logo\":{\"@id\":\"https:\\\/\\\/egytourpackages.com\\\/es\\\/tours\\\/tour-de-3-dias-a-la-oasis-de-siwa-desde-marsa-matruh\\\/#local-main-organization-logo\"},\"image\":{\"@id\":\"https:\\\/\\\/egytourpackages.com\\\/es\\\/tours\\\/tour-de-3-dias-a-la-oasis-de-siwa-desde-marsa-matruh\\\/#local-main-organization-logo\"},\"sameAs\":[\"https:\\\/\\\/www.facebook.com\\\/egytourpackages\"],\"legalName\":\"Egy tour packages\",\"address\":{\"@id\":\"https:\\\/\\\/egytourpackages.com\\\/es\\\/tours\\\/tour-de-3-dias-a-la-oasis-de-siwa-desde-marsa-matruh\\\/#local-main-place-address\"},\"telephone\":[\"00201000852186\",\"00201028685533\"],\"contactPoint\":{\"@type\":\"ContactPoint\",\"telephone\":\"00201000852186\"},\"openingHoursSpecification\":[{\"@type\":\"OpeningHoursSpecification\",\"dayOfWeek\":[\"Monday\",\"Tuesday\",\"Wednesday\",\"Thursday\",\"Friday\",\"Saturday\",\"Sunday\"],\"opens\":\"00:00\",\"closes\":\"23:59\"}],\"email\":\"info@egytourpackages.com\",\"areaServed\":\"Cairo, Hurghada, Luxor, Sharm El Sheikh, Marsa Alam, Aswan\",\"priceRange\":\"$\",\"currenciesAccepted\":\"euro\",\"paymentAccepted\":\"Payment links online\"},{\"@type\":\"PostalAddress\",\"@id\":\"https:\\\/\\\/egytourpackages.com\\\/es\\\/tours\\\/tour-de-3-dias-a-la-oasis-de-siwa-desde-marsa-matruh\\\/#local-main-place-address\",\"streetAddress\":\"Mubarak 8, Al Kawthar District, Hurghada\",\"addressLocality\":\"Hurghada\",\"postalCode\":\"84511\",\"addressRegion\":\"Red Sea\",\"addressCountry\":\"EG\"},{\"@type\":\"ImageObject\",\"inLanguage\":\"es\",\"@id\":\"https:\\\/\\\/egytourpackages.com\\\/es\\\/tours\\\/tour-de-3-dias-a-la-oasis-de-siwa-desde-marsa-matruh\\\/#local-main-organization-logo\",\"url\":\"https:\\\/\\\/egytourpackages.com\\\/wp-content\\\/uploads\\\/2025\\\/12\\\/Turquoise-Dahabiya-Nile-Cruise-1.jpeg\",\"contentUrl\":\"https:\\\/\\\/egytourpackages.com\\\/wp-content\\\/uploads\\\/2025\\\/12\\\/Turquoise-Dahabiya-Nile-Cruise-1.jpeg\",\"width\":1040,\"height\":694,\"caption\":\"egypt tour packages\"}]}<\/script>\n<meta property=\"product:brand\" content=\"Excursiones al Oasis de Siwa desde Marsa Matruh\" \/>\n<meta property=\"product:price:amount\" content=\"400\" \/>\n<meta property=\"product:price:currency\" content=\"EUR\" \/>\n<meta property=\"og:availability\" content=\"instock\" \/>\n<meta property=\"product:availability\" content=\"instock\" \/>\n<meta property=\"product:retailer_item_id\" content=\"MMT02\" \/>\n<meta property=\"product:condition\" content=\"new\" \/>\n<meta name=\"geo.placename\" content=\"Hurghada\" \/>\n<meta name=\"geo.region\" content=\"Egipto\" \/>\n<!-- \/ Yoast SEO Premium plugin. -->","yoast_head_json":{"title":"Tour de 3 D\u00edas a la Oasis de Siwa desde Marsa Matruh","description":"Tour de 3 D\u00edas a la Oasis de Siwa desde Marsa Matruh: dunas, lagos salados y el encanto de la antigua Siwa. \u00a1Aventura inolvidable!","robots":{"index":"index","follow":"follow","max-snippet":"max-snippet:-1","max-image-preview":"max-image-preview:large","max-video-preview":"max-video-preview:-1"},"canonical":"https:\/\/egytourpackages.com\/es\/tours\/tour-de-3-dias-a-la-oasis-de-siwa-desde-marsa-matruh\/","og_locale":"es_ES","og_type":"article","og_title":"Tour de 3 D\u00edas a la Oasis de Siwa desde Marsa Matruh","og_description":"Tour de 3 D\u00edas a la Oasis de Siwa desde Marsa Matruh: dunas, lagos salados y el encanto de la antigua Siwa. \u00a1Aventura inolvidable!","og_url":"https:\/\/egytourpackages.com\/es\/tours\/tour-de-3-dias-a-la-oasis-de-siwa-desde-marsa-matruh\/","og_site_name":"Egypt Tour Packages","article_publisher":"https:\/\/www.facebook.com\/egytourpackages","article_modified_time":"2026-01-03T22:45:46+00:00","og_image":[{"width":1850,"height":1387,"url":"https:\/\/egytourpackages.com\/wp-content\/uploads\/2025\/08\/Ancient-Shali-Fortress-Siwa-Oasis.jpeg","type":"image\/jpeg"}],"twitter_card":"summary_large_image","twitter_title":"Tour de 3 D\u00edas a la Oasis de Siwa desde Marsa Matruh","twitter_misc":{"Precio":"&euro;400","Disponibilidad":"Disponible"},"schema":{"@context":"https:\/\/schema.org","@graph":[{"@type":"WebPage","@id":"https:\/\/egytourpackages.com\/es\/tours\/tour-de-3-dias-a-la-oasis-de-siwa-desde-marsa-matruh\/","url":"https:\/\/egytourpackages.com\/es\/tours\/tour-de-3-dias-a-la-oasis-de-siwa-desde-marsa-matruh\/","name":"Tour de 3 D\u00edas a la Oasis de Siwa desde Marsa Matruh","isPartOf":{"@id":"https:\/\/egytourpackages.com\/es\/#website"},"primaryImageOfPage":{"@id":"https:\/\/egytourpackages.com\/es\/tours\/tour-de-3-dias-a-la-oasis-de-siwa-desde-marsa-matruh\/#primaryimage"},"image":{"@id":"https:\/\/egytourpackages.com\/es\/tours\/tour-de-3-dias-a-la-oasis-de-siwa-desde-marsa-matruh\/#primaryimage"},"thumbnailUrl":"https:\/\/egytourpackages.com\/wp-content\/uploads\/2025\/08\/Ancient-Shali-Fortress-Siwa-Oasis.jpeg","datePublished":"2025-08-12T14:27:14+00:00","dateModified":"2026-01-03T22:45:46+00:00","description":"Tour de 3 D\u00edas a la Oasis de Siwa desde Marsa Matruh: dunas, lagos salados y el encanto de la antigua Siwa. \u00a1Aventura inolvidable!","breadcrumb":{"@id":"https:\/\/egytourpackages.com\/es\/tours\/tour-de-3-dias-a-la-oasis-de-siwa-desde-marsa-matruh\/#breadcrumb"},"inLanguage":"es","potentialAction":[{"@type":"ReadAction","target":["https:\/\/egytourpackages.com\/es\/tours\/tour-de-3-dias-a-la-oasis-de-siwa-desde-marsa-matruh\/"]}]},{"@type":"ImageObject","inLanguage":"es","@id":"https:\/\/egytourpackages.com\/es\/tours\/tour-de-3-dias-a-la-oasis-de-siwa-desde-marsa-matruh\/#primaryimage","url":"https:\/\/egytourpackages.com\/wp-content\/uploads\/2025\/08\/Ancient-Shali-Fortress-Siwa-Oasis.jpeg","contentUrl":"https:\/\/egytourpackages.com\/wp-content\/uploads\/2025\/08\/Ancient-Shali-Fortress-Siwa-Oasis.jpeg","width":1850,"height":1387,"caption":"Antigua Fortaleza de Shali, Oasis de Siwa"},{"@type":"BreadcrumbList","@id":"https:\/\/egytourpackages.com\/es\/tours\/tour-de-3-dias-a-la-oasis-de-siwa-desde-marsa-matruh\/#breadcrumb","itemListElement":[{"@type":"ListItem","position":1,"name":"Home","item":"https:\/\/egytourpackages.com\/es\/paquetes-de-viaje-a-egipto\/"},{"@type":"ListItem","position":2,"name":"Shop","item":"https:\/\/egytourpackages.com\/shop\/"},{"@type":"ListItem","position":3,"name":"Tour de 3 D\u00edas a la Oasis de Siwa desde Marsa Matruh"}]},{"@type":"WebSite","@id":"https:\/\/egytourpackages.com\/es\/#website","url":"https:\/\/egytourpackages.com\/es\/","name":"Egy tour packages","description":"","publisher":{"@id":"https:\/\/egytourpackages.com\/es\/#organization"},"potentialAction":[{"@type":"SearchAction","target":{"@type":"EntryPoint","urlTemplate":"https:\/\/egytourpackages.com\/es\/?s={search_term_string}"},"query-input":{"@type":"PropertyValueSpecification","valueRequired":true,"valueName":"search_term_string"}}],"inLanguage":"es"},{"@type":["Organization","Place","TravelAgency"],"@id":"https:\/\/egytourpackages.com\/es\/#organization","name":"egypt tour packages","alternateName":"egypt tour packages","url":"https:\/\/egytourpackages.com\/es\/","logo":{"@id":"https:\/\/egytourpackages.com\/es\/tours\/tour-de-3-dias-a-la-oasis-de-siwa-desde-marsa-matruh\/#local-main-organization-logo"},"image":{"@id":"https:\/\/egytourpackages.com\/es\/tours\/tour-de-3-dias-a-la-oasis-de-siwa-desde-marsa-matruh\/#local-main-organization-logo"},"sameAs":["https:\/\/www.facebook.com\/egytourpackages"],"legalName":"Egy tour packages","address":{"@id":"https:\/\/egytourpackages.com\/es\/tours\/tour-de-3-dias-a-la-oasis-de-siwa-desde-marsa-matruh\/#local-main-place-address"},"telephone":["00201000852186","00201028685533"],"contactPoint":{"@type":"ContactPoint","telephone":"00201000852186"},"openingHoursSpecification":[{"@type":"OpeningHoursSpecification","dayOfWeek":["Monday","Tuesday","Wednesday","Thursday","Friday","Saturday","Sunday"],"opens":"00:00","closes":"23:59"}],"email":"info@egytourpackages.com","areaServed":"Cairo, Hurghada, Luxor, Sharm El Sheikh, Marsa Alam, Aswan","priceRange":"$","currenciesAccepted":"euro","paymentAccepted":"Payment links online"},{"@type":"PostalAddress","@id":"https:\/\/egytourpackages.com\/es\/tours\/tour-de-3-dias-a-la-oasis-de-siwa-desde-marsa-matruh\/#local-main-place-address","streetAddress":"Mubarak 8, Al Kawthar District, Hurghada","addressLocality":"Hurghada","postalCode":"84511","addressRegion":"Red Sea","addressCountry":"EG"},{"@type":"ImageObject","inLanguage":"es","@id":"https:\/\/egytourpackages.com\/es\/tours\/tour-de-3-dias-a-la-oasis-de-siwa-desde-marsa-matruh\/#local-main-organization-logo","url":"https:\/\/egytourpackages.com\/wp-content\/uploads\/2025\/12\/Turquoise-Dahabiya-Nile-Cruise-1.jpeg","contentUrl":"https:\/\/egytourpackages.com\/wp-content\/uploads\/2025\/12\/Turquoise-Dahabiya-Nile-Cruise-1.jpeg","width":1040,"height":694,"caption":"egypt tour packages"}]},"product_brand":"Excursiones al Oasis de Siwa desde Marsa Matruh","product_price_amount":"400","product_price_currency":"EUR","og_availability":"instock","product_availability":"instock","product_retailer_item_id":"MMT02","product_condition":"new","geo.placename":"Hurghada","geo.region":"Egipto"},"_links":{"self":[{"href":"https:\/\/egytourpackages.com\/es\/wp-json\/wp\/v2\/product\/6005","targetHints":{"allow":["GET"]}}],"collection":[{"href":"https:\/\/egytourpackages.com\/es\/wp-json\/wp\/v2\/product"}],"about":[{"href":"https:\/\/egytourpackages.com\/es\/wp-json\/wp\/v2\/types\/product"}],"replies":[{"embeddable":true,"href":"https:\/\/egytourpackages.com\/es\/wp-json\/wp\/v2\/comments?post=6005"}],"wp:featuredmedia":[{"embeddable":true,"href":"https:\/\/egytourpackages.com\/es\/wp-json\/wp\/v2\/media\/6006"}],"wp:attachment":[{"href":"https:\/\/egytourpackages.com\/es\/wp-json\/wp\/v2\/media?parent=6005"}],"wp:term":[{"taxonomy":"product_brand","embeddable":true,"href":"https:\/\/egytourpackages.com\/es\/wp-json\/wp\/v2\/product_brand?post=6005"},{"taxonomy":"product_cat","embeddable":true,"href":"https:\/\/egytourpackages.com\/es\/wp-json\/wp\/v2\/product_cat?post=6005"},{"taxonomy":"product_tag","embeddable":true,"href":"https:\/\/egytourpackages.com\/es\/wp-json\/wp\/v2\/product_tag?post=6005"}],"curies":[{"name":"wp","href":"https:\/\/api.w.org\/{rel}","templated":true}]}}