{"id":6008,"date":"2025-08-12T14:52:18","date_gmt":"2025-08-12T14:52:18","guid":{"rendered":"https:\/\/egytourpackages.com\/product\/tour-a-alejandria-desde-marsa-matruh\/"},"modified":"2026-01-03T22:36:29","modified_gmt":"2026-01-03T22:36:29","slug":"tour-a-alejandria-desde-marsa-matruh","status":"publish","type":"product","link":"https:\/\/egytourpackages.com\/es\/tours\/tour-a-alejandria-desde-marsa-matruh\/","title":{"rendered":"Tour a Alejandr\u00eda desde Marsa Matruh"},"content":{"rendered":"<p><span style=\"color: #ff6600;\"><strong>Tour a Alejandr\u00eda desde Marsa Matruh<\/strong><\/span><\/p>\n<p>Escapa de la tranquilidad costera de Marsa Matruh por un d\u00eda y viaja a la hist\u00f3rica ciudad de Alejandr\u00eda. Nuestro <strong>tour a Alejandr\u00eda desde Marsa Matruh<\/strong> es la forma perfecta de explorar la rica herencia grecorromana de Egipto y su ic\u00f3nico encanto mediterr\u00e1neo. Este completo <strong>tour de Marsa Matruh<\/strong> est\u00e1 dise\u00f1ado para maximizar tu visita, llev\u00e1ndote a los lugares m\u00e1s significativos de la ciudad en una sola aventura bien organizada.<\/p>\n<p>Al llegar, tu exploraci\u00f3n hist\u00f3rica comienza con una visita a la magn\u00edfica <strong>Columna de Pompeyo<\/strong>, una imponente columna triunfal romana que se alza como testimonio del antiguo poder de la ciudad.<\/p>\n<p>A continuaci\u00f3n, descender\u00e1s a las fascinantes <strong>Catacumbas de Kom el Shogafa<\/strong>, un notable cementerio romano excavado en la roca que muestra una mezcla \u00fanica de arte y arquitectura egipcia y grecorromana. El tour tambi\u00e9n te lleva a la moderna maravilla arquitect\u00f3nica de la <strong>Biblioteca de Alejandr\u00eda<\/strong> (Bibliotheca Alexandrina), donde tendr\u00e1s una oportunidad perfecta para tomar fotos de este gran homenaje a la biblioteca m\u00e1s famosa del mundo antiguo.<\/p>\n<p>Despu\u00e9s, har\u00e1s una \u00faltima parada para fotos en la imponente <strong>Ciudadela de Qaitbay<\/strong> desde el exterior, una magn\u00edfica fortaleza del siglo XV construida sobre los cimientos del antiguo <strong>Faro de Alejandr\u00eda<\/strong>. Este <strong>viaje de un d\u00eda a Alejandr\u00eda<\/strong> es la mejor manera de experimentar el pasado legendario de la ciudad en una sola e inolvidable jornada.<\/p>\n<h3><span style=\"color: #ff6600;\">Detalles del Tour<\/span><\/h3>\n<ul>\n<li>Duraci\u00f3n: 7 horas<\/li>\n<li>Ubicaci\u00f3n del Tour: Alejandr\u00eda<\/li>\n<li>Disponibilidad del Tour: Todos los d\u00edas<\/li>\n<li>Recogida y Regreso: Hoteles de Marsa Matruh<\/li>\n<li>Idioma: <strong>Espa\u00f1ol<\/strong><\/li>\n<li>Tipo de Tour: Privado<\/li>\n<\/ul>\n<h3><span style=\"color: #ff6600;\">Puntos Destacados del Tour<\/span><\/h3>\n<ul>\n<li>Columna de Pompeyo<\/li>\n<li>Serapeum de Alejandr\u00eda<\/li>\n<li>Catacumbas de Kom El Shogafa<\/li>\n<li>Ciudadela de Qaitbay y El Faro de Alejandr\u00eda<\/li>\n<li>Biblioteca de Alejandr\u00eda<\/li>\n<\/ul>\n<h3><span style=\"color: #ff6600;\">Inclusiones<\/span><\/h3>\n<ul>\n<li>Transfer de ida y vuelta en veh\u00edculo moderno con A\/C<\/li>\n<li>Gu\u00eda tur\u00edstico de habla <strong>espa\u00f1ola<\/strong><\/li>\n<li>Almuerzo<\/li>\n<li>Agua durante el tour<\/li>\n<\/ul>\n<h3><span style=\"color: #ff6600;\">Exclusiones<\/span><\/h3>\n<ul>\n<li>Propinas<\/li>\n<li>Cualquier gasto personal<\/li>\n<li>Tarifa de entrada a la Ciudadela de Qaitbay<\/li>\n<\/ul>\n<h3><span style=\"color: #ff6600;\">Qu\u00e9 empacar<\/span><\/h3>\n<ul>\n<li>Crema solar y gafas de sol<\/li>\n<li>Sombrero o bufanda<\/li>\n<\/ul>\n<h2><span style=\"color: #ff6600;\">Itinerario<\/span><\/h2>\n<p>Tu aventura comienza con una recogida temprano por la ma\u00f1ana en tu hotel en <strong>Marsa Matruh<\/strong>, seguida de un c\u00f3modo traslado en veh\u00edculo con aire acondicionado a la hist\u00f3rica ciudad de Alejandr\u00eda, un viaje de aproximadamente 3 a 3.5 horas.<\/p>\n<p>A tu llegada, tu tour comienza inmediatamente con una visita guiada a la <strong>Columna de Pompeyo<\/strong>, una impresionante columna triunfal romana que se alza como testimonio del rico pasado de la ciudad.<\/p>\n<p>Luego, explorar\u00e1s el cautivador mundo subterr\u00e1neo de las <strong>Catacumbas de Kom el Shogafa<\/strong>, el cementerio romano m\u00e1s grande conocido en Egipto, que presenta una fusi\u00f3n \u00fanica de arte romano, griego y egipcio.<\/p>\n<p>Despu\u00e9s, te dirigir\u00e1s a la moderna <strong>Biblioteca de Alejandr\u00eda<\/strong> (Bibliotheca Alexandrina), donde disfrutar\u00e1s de un tour guiado por esta obra maestra arquitect\u00f3nica que se erige como un faro de conocimiento y cultura.<\/p>\n<p>Despu\u00e9s de una ma\u00f1ana de exploraci\u00f3n hist\u00f3rica, ser\u00e1s invitado a un delicioso <strong>almuerzo en un restaurante de pescado<\/strong> para saborear los frescos sabores mediterr\u00e1neos.<\/p>\n<p>Concluye tu d\u00eda con una visita a la magn\u00edfica <strong>Ciudadela de Qaitbay<\/strong>. Har\u00e1s una parada para fotos fuera de la fortaleza, que fue construida en el siglo XV en el mismo lugar del antiguo <strong>Faro de Alejandr\u00eda<\/strong>, una de las Siete Maravillas del Mundo Antiguo. Desde este punto de vista, podr\u00e1s disfrutar de impresionantes vistas del Mar Mediterr\u00e1neo.<\/p>\n<p>Al concluir el d\u00eda, comenzar\u00e1s tu c\u00f3modo traslado privado de regreso a tu hotel en <strong>Marsa Matruh<\/strong>, lleno de recuerdos incre\u00edbles de tu <strong>tour de un d\u00eda a Alejandr\u00eda<\/strong>.<\/p>\n<h3><span style=\"color: #ff6600;\">Precio Tour privado a Alejandr\u00eda desde Marsa Matruh<\/span><\/h3>\n<ul>\n<li>Precio Adulto = 100 \u20ac<\/li>\n<li>Ni\u00f1os 0-5 a\u00f1os = gratis<\/li>\n<li>Ni\u00f1os 5-11 a\u00f1os = 50% del precio del adulto<\/li>\n<\/ul>\n<h3><span style=\"color: #ff6600;\">Reserva<\/span><\/h3>\n<p>Puedes reservar tu tour a trav\u00e9s de WhatsApp o enviarnos un correo electr\u00f3nico y recibir\u00e1s la confirmaci\u00f3n al instante. Por favor, env\u00edanos el nombre de tu hotel, n\u00famero de habitaci\u00f3n y copias de tu pasaporte.<\/p>\n<p>WhatsApp: +201000852186<\/p>\n<p>info@egytourpackages.com<\/p>\n<h3><span style=\"color: #ff6600;\">Reserva Ahora y Paga en el lugar <\/span><\/h3>\n<p>Reserva tu tour favorito y paga el d\u00eda del viaje.<\/p>\n<h3><span style=\"color: #ff6600;\">Pago<\/span><\/h3>\n<p>Puedes pagar en libras egipcias, $, \u20ac o \u00a3.<\/p>\n<h3><span style=\"color: #ff6600;\">Pol\u00edtica de Cancelaci\u00f3n<\/span><\/h3>\n<ul>\n<li>La cancelaci\u00f3n es gratuita hasta 24 horas antes<\/li>\n<li>La cancelaci\u00f3n por la ma\u00f1ana es del 50% del precio<\/li>\n<\/ul>\n","protected":false},"excerpt":{"rendered":"<p>Tour a Alejandr\u00eda desde Marsa Matruh. Descubre la Columna de Pompeyo, las Catacumbas y la Ciudadela de Qaitbay. Historia grecorromana te espera.<\/p>\n","protected":false},"featured_media":6009,"comment_status":"closed","ping_status":"closed","template":"","meta":[],"product_brand":[],"product_cat":[3128],"product_tag":[3289,3288,3188],"class_list":{"0":"post-6008","1":"product","2":"type-product","3":"status-publish","4":"has-post-thumbnail","6":"product_cat-tours","7":"product_tag-cosas-que-hacer-en-marsa-matruh","8":"product_tag-excursiones-a-marsa-matruh","9":"product_tag-excursiones-egipto","10":"tour_category-excursiones-egipto-es","11":"tour_category-excursiones-en-marsa-matruh-es","12":"tour_category-las-mejores-cosas-que-hacer-en-marsa-matruh-es","14":"first","15":"instock","16":"sale","17":"shipping-taxable","18":"purchasable","19":"product-type-tour","20":"has-default-attributes"},"yoast_head":"<!-- This site is optimized with the Yoast SEO Premium plugin v27.2 (Yoast SEO v27.2) - https:\/\/yoast.com\/product\/yoast-seo-premium-wordpress\/ -->\n<title>Tour a Alejandr\u00eda desde Marsa Matruh: Qu\u00e9 hacer en Marsa Matruh<\/title>\n<meta name=\"description\" content=\"Tour a Alejandr\u00eda desde Marsa Matruh. Descubre la Columna de Pompeyo, las Catacumbas y la Ciudadela de Qaitbay. Historia grecorromana te espera.\" \/>\n<meta name=\"robots\" content=\"index, follow, max-snippet:-1, max-image-preview:large, max-video-preview:-1\" \/>\n<link rel=\"canonical\" href=\"https:\/\/egytourpackages.com\/es\/tours\/tour-a-alejandria-desde-marsa-matruh\/\" \/>\n<meta property=\"og:locale\" content=\"es_ES\" \/>\n<meta property=\"og:type\" content=\"article\" \/>\n<meta property=\"og:title\" content=\"Tour a Alejandr\u00eda desde Marsa Matruh\" \/>\n<meta property=\"og:description\" content=\"Tour a Alejandr\u00eda desde Marsa Matruh. Descubre la Columna de Pompeyo, las Catacumbas y la Ciudadela de Qaitbay. Historia grecorromana te espera.\" \/>\n<meta property=\"og:url\" content=\"https:\/\/egytourpackages.com\/es\/tours\/tour-a-alejandria-desde-marsa-matruh\/\" \/>\n<meta property=\"og:site_name\" content=\"Egypt Tour Packages\" \/>\n<meta property=\"article:publisher\" content=\"https:\/\/www.facebook.com\/egytourpackages\" \/>\n<meta property=\"article:modified_time\" content=\"2026-01-03T22:36:29+00:00\" \/>\n<meta property=\"og:image\" content=\"https:\/\/egytourpackages.com\/wp-content\/uploads\/2025\/08\/Burial-chamber-of-the-Catacomb.jpg\" \/>\n\t<meta property=\"og:image:width\" content=\"1900\" \/>\n\t<meta property=\"og:image:height\" content=\"1266\" \/>\n\t<meta property=\"og:image:type\" content=\"image\/jpeg\" \/>\n<meta name=\"twitter:card\" content=\"summary_large_image\" \/>\n<meta name=\"twitter:title\" content=\"Tour a Alejandr\u00eda desde Marsa Matruh\" \/>\n<meta name=\"twitter:label1\" content=\"Precio\" \/>\n\t<meta name=\"twitter:data1\" content=\"&euro;100\" \/>\n\t<meta name=\"twitter:label2\" content=\"Disponibilidad\" \/>\n\t<meta name=\"twitter:data2\" content=\"Disponible\" \/>\n<script type=\"application\/ld+json\" class=\"yoast-schema-graph\">{\"@context\":\"https:\/\/schema.org\",\"@graph\":[{\"@type\":\"WebPage\",\"@id\":\"https:\/\/egytourpackages.com\/es\/tours\/tour-a-alejandria-desde-marsa-matruh\/\",\"url\":\"https:\/\/egytourpackages.com\/es\/tours\/tour-a-alejandria-desde-marsa-matruh\/\",\"name\":\"Tour a Alejandr\u00eda desde Marsa Matruh: Qu\u00e9 hacer en Marsa Matruh\",\"isPartOf\":{\"@id\":\"https:\/\/egytourpackages.com\/es\/#website\"},\"primaryImageOfPage\":{\"@id\":\"https:\/\/egytourpackages.com\/es\/tours\/tour-a-alejandria-desde-marsa-matruh\/#primaryimage\"},\"image\":{\"@id\":\"https:\/\/egytourpackages.com\/es\/tours\/tour-a-alejandria-desde-marsa-matruh\/#primaryimage\"},\"thumbnailUrl\":\"https:\/\/egytourpackages.com\/wp-content\/uploads\/2025\/08\/Burial-chamber-of-the-Catacomb.jpg\",\"datePublished\":\"2025-08-12T14:52:18+00:00\",\"dateModified\":\"2026-01-03T22:36:29+00:00\",\"description\":\"Tour a Alejandr\u00eda desde Marsa Matruh. Descubre la Columna de Pompeyo, las Catacumbas y la Ciudadela de Qaitbay. Historia grecorromana te espera.\",\"breadcrumb\":{\"@id\":\"https:\/\/egytourpackages.com\/es\/tours\/tour-a-alejandria-desde-marsa-matruh\/#breadcrumb\"},\"inLanguage\":\"es\",\"potentialAction\":[{\"@type\":\"ReadAction\",\"target\":[\"https:\/\/egytourpackages.com\/es\/tours\/tour-a-alejandria-desde-marsa-matruh\/\"]}]},{\"@type\":\"ImageObject\",\"inLanguage\":\"es\",\"@id\":\"https:\/\/egytourpackages.com\/es\/tours\/tour-a-alejandria-desde-marsa-matruh\/#primaryimage\",\"url\":\"https:\/\/egytourpackages.com\/wp-content\/uploads\/2025\/08\/Burial-chamber-of-the-Catacomb.jpg\",\"contentUrl\":\"https:\/\/egytourpackages.com\/wp-content\/uploads\/2025\/08\/Burial-chamber-of-the-Catacomb.jpg\",\"width\":1900,\"height\":1266,\"caption\":\"C\u00e1mara funeraria de la Catacumba\"},{\"@type\":\"BreadcrumbList\",\"@id\":\"https:\/\/egytourpackages.com\/es\/tours\/tour-a-alejandria-desde-marsa-matruh\/#breadcrumb\",\"itemListElement\":[{\"@type\":\"ListItem\",\"position\":1,\"name\":\"Home\",\"item\":\"https:\/\/egytourpackages.com\/es\/paquetes-de-viaje-a-egipto\/\"},{\"@type\":\"ListItem\",\"position\":2,\"name\":\"Shop\",\"item\":\"https:\/\/egytourpackages.com\/shop\/\"},{\"@type\":\"ListItem\",\"position\":3,\"name\":\"Tour a Alejandr\u00eda desde Marsa Matruh\"}]},{\"@type\":\"WebSite\",\"@id\":\"https:\/\/egytourpackages.com\/es\/#website\",\"url\":\"https:\/\/egytourpackages.com\/es\/\",\"name\":\"Egy tour packages\",\"description\":\"\",\"publisher\":{\"@id\":\"https:\/\/egytourpackages.com\/es\/#organization\"},\"potentialAction\":[{\"@type\":\"SearchAction\",\"target\":{\"@type\":\"EntryPoint\",\"urlTemplate\":\"https:\/\/egytourpackages.com\/es\/?s={search_term_string}\"},\"query-input\":{\"@type\":\"PropertyValueSpecification\",\"valueRequired\":true,\"valueName\":\"search_term_string\"}}],\"inLanguage\":\"es\"},{\"@type\":[\"Organization\",\"Place\",\"TravelAgency\"],\"@id\":\"https:\/\/egytourpackages.com\/es\/#organization\",\"name\":\"egypt tour packages\",\"alternateName\":\"egypt tour packages\",\"url\":\"https:\/\/egytourpackages.com\/es\/\",\"logo\":{\"@id\":\"https:\/\/egytourpackages.com\/es\/tours\/tour-a-alejandria-desde-marsa-matruh\/#local-main-organization-logo\"},\"image\":{\"@id\":\"https:\/\/egytourpackages.com\/es\/tours\/tour-a-alejandria-desde-marsa-matruh\/#local-main-organization-logo\"},\"sameAs\":[\"https:\/\/www.facebook.com\/egytourpackages\"],\"legalName\":\"Egy tour packages\",\"address\":{\"@id\":\"https:\/\/egytourpackages.com\/es\/tours\/tour-a-alejandria-desde-marsa-matruh\/#local-main-place-address\"},\"telephone\":[\"00201000852186\",\"00201028685533\"],\"contactPoint\":{\"@type\":\"ContactPoint\",\"telephone\":\"00201000852186\"},\"openingHoursSpecification\":[{\"@type\":\"OpeningHoursSpecification\",\"dayOfWeek\":[\"Monday\",\"Tuesday\",\"Wednesday\",\"Thursday\",\"Friday\",\"Saturday\",\"Sunday\"],\"opens\":\"00:00\",\"closes\":\"23:59\"}],\"email\":\"info@egytourpackages.com\",\"areaServed\":\"Cairo, Hurghada, Luxor, Sharm El Sheikh, Marsa Alam, Aswan\",\"priceRange\":\"$\",\"currenciesAccepted\":\"euro\",\"paymentAccepted\":\"Payment links online\"},{\"@type\":\"PostalAddress\",\"@id\":\"https:\/\/egytourpackages.com\/es\/tours\/tour-a-alejandria-desde-marsa-matruh\/#local-main-place-address\",\"streetAddress\":\"Mubarak 8, Al Kawthar District, Hurghada\",\"addressLocality\":\"Hurghada\",\"postalCode\":\"84511\",\"addressRegion\":\"Red Sea\",\"addressCountry\":\"EG\"},{\"@type\":\"ImageObject\",\"inLanguage\":\"es\",\"@id\":\"https:\/\/egytourpackages.com\/es\/tours\/tour-a-alejandria-desde-marsa-matruh\/#local-main-organization-logo\",\"url\":\"https:\/\/egytourpackages.com\/wp-content\/uploads\/2025\/12\/Turquoise-Dahabiya-Nile-Cruise-1.jpeg\",\"contentUrl\":\"https:\/\/egytourpackages.com\/wp-content\/uploads\/2025\/12\/Turquoise-Dahabiya-Nile-Cruise-1.jpeg\",\"width\":1040,\"height\":694,\"caption\":\"egypt tour packages\"}]}<\/script>\n<meta property=\"product:brand\" content=\"Excursiones Egipto\" \/>\n<meta property=\"product:price:amount\" content=\"100\" \/>\n<meta property=\"product:price:currency\" content=\"EUR\" \/>\n<meta property=\"og:availability\" content=\"instock\" \/>\n<meta property=\"product:availability\" content=\"instock\" \/>\n<meta property=\"product:retailer_item_id\" content=\"MMT03\" \/>\n<meta property=\"product:condition\" content=\"new\" \/>\n<meta name=\"geo.placename\" content=\"Hurghada\" \/>\n<meta name=\"geo.region\" content=\"Egipto\" \/>\n<!-- \/ Yoast SEO Premium plugin. -->","yoast_head_json":{"title":"Tour a Alejandr\u00eda desde Marsa Matruh: Qu\u00e9 hacer en Marsa Matruh","description":"Tour a Alejandr\u00eda desde Marsa Matruh. Descubre la Columna de Pompeyo, las Catacumbas y la Ciudadela de Qaitbay. Historia grecorromana te espera.","robots":{"index":"index","follow":"follow","max-snippet":"max-snippet:-1","max-image-preview":"max-image-preview:large","max-video-preview":"max-video-preview:-1"},"canonical":"https:\/\/egytourpackages.com\/es\/tours\/tour-a-alejandria-desde-marsa-matruh\/","og_locale":"es_ES","og_type":"article","og_title":"Tour a Alejandr\u00eda desde Marsa Matruh","og_description":"Tour a Alejandr\u00eda desde Marsa Matruh. Descubre la Columna de Pompeyo, las Catacumbas y la Ciudadela de Qaitbay. Historia grecorromana te espera.","og_url":"https:\/\/egytourpackages.com\/es\/tours\/tour-a-alejandria-desde-marsa-matruh\/","og_site_name":"Egypt Tour Packages","article_publisher":"https:\/\/www.facebook.com\/egytourpackages","article_modified_time":"2026-01-03T22:36:29+00:00","og_image":[{"width":1900,"height":1266,"url":"https:\/\/egytourpackages.com\/wp-content\/uploads\/2025\/08\/Burial-chamber-of-the-Catacomb.jpg","type":"image\/jpeg"}],"twitter_card":"summary_large_image","twitter_title":"Tour a Alejandr\u00eda desde Marsa Matruh","twitter_misc":{"Precio":"&euro;100","Disponibilidad":"Disponible"},"schema":{"@context":"https:\/\/schema.org","@graph":[{"@type":"WebPage","@id":"https:\/\/egytourpackages.com\/es\/tours\/tour-a-alejandria-desde-marsa-matruh\/","url":"https:\/\/egytourpackages.com\/es\/tours\/tour-a-alejandria-desde-marsa-matruh\/","name":"Tour a Alejandr\u00eda desde Marsa Matruh: Qu\u00e9 hacer en Marsa Matruh","isPartOf":{"@id":"https:\/\/egytourpackages.com\/es\/#website"},"primaryImageOfPage":{"@id":"https:\/\/egytourpackages.com\/es\/tours\/tour-a-alejandria-desde-marsa-matruh\/#primaryimage"},"image":{"@id":"https:\/\/egytourpackages.com\/es\/tours\/tour-a-alejandria-desde-marsa-matruh\/#primaryimage"},"thumbnailUrl":"https:\/\/egytourpackages.com\/wp-content\/uploads\/2025\/08\/Burial-chamber-of-the-Catacomb.jpg","datePublished":"2025-08-12T14:52:18+00:00","dateModified":"2026-01-03T22:36:29+00:00","description":"Tour a Alejandr\u00eda desde Marsa Matruh. Descubre la Columna de Pompeyo, las Catacumbas y la Ciudadela de Qaitbay. Historia grecorromana te espera.","breadcrumb":{"@id":"https:\/\/egytourpackages.com\/es\/tours\/tour-a-alejandria-desde-marsa-matruh\/#breadcrumb"},"inLanguage":"es","potentialAction":[{"@type":"ReadAction","target":["https:\/\/egytourpackages.com\/es\/tours\/tour-a-alejandria-desde-marsa-matruh\/"]}]},{"@type":"ImageObject","inLanguage":"es","@id":"https:\/\/egytourpackages.com\/es\/tours\/tour-a-alejandria-desde-marsa-matruh\/#primaryimage","url":"https:\/\/egytourpackages.com\/wp-content\/uploads\/2025\/08\/Burial-chamber-of-the-Catacomb.jpg","contentUrl":"https:\/\/egytourpackages.com\/wp-content\/uploads\/2025\/08\/Burial-chamber-of-the-Catacomb.jpg","width":1900,"height":1266,"caption":"C\u00e1mara funeraria de la Catacumba"},{"@type":"BreadcrumbList","@id":"https:\/\/egytourpackages.com\/es\/tours\/tour-a-alejandria-desde-marsa-matruh\/#breadcrumb","itemListElement":[{"@type":"ListItem","position":1,"name":"Home","item":"https:\/\/egytourpackages.com\/es\/paquetes-de-viaje-a-egipto\/"},{"@type":"ListItem","position":2,"name":"Shop","item":"https:\/\/egytourpackages.com\/shop\/"},{"@type":"ListItem","position":3,"name":"Tour a Alejandr\u00eda desde Marsa Matruh"}]},{"@type":"WebSite","@id":"https:\/\/egytourpackages.com\/es\/#website","url":"https:\/\/egytourpackages.com\/es\/","name":"Egy tour packages","description":"","publisher":{"@id":"https:\/\/egytourpackages.com\/es\/#organization"},"potentialAction":[{"@type":"SearchAction","target":{"@type":"EntryPoint","urlTemplate":"https:\/\/egytourpackages.com\/es\/?s={search_term_string}"},"query-input":{"@type":"PropertyValueSpecification","valueRequired":true,"valueName":"search_term_string"}}],"inLanguage":"es"},{"@type":["Organization","Place","TravelAgency"],"@id":"https:\/\/egytourpackages.com\/es\/#organization","name":"egypt tour packages","alternateName":"egypt tour packages","url":"https:\/\/egytourpackages.com\/es\/","logo":{"@id":"https:\/\/egytourpackages.com\/es\/tours\/tour-a-alejandria-desde-marsa-matruh\/#local-main-organization-logo"},"image":{"@id":"https:\/\/egytourpackages.com\/es\/tours\/tour-a-alejandria-desde-marsa-matruh\/#local-main-organization-logo"},"sameAs":["https:\/\/www.facebook.com\/egytourpackages"],"legalName":"Egy tour packages","address":{"@id":"https:\/\/egytourpackages.com\/es\/tours\/tour-a-alejandria-desde-marsa-matruh\/#local-main-place-address"},"telephone":["00201000852186","00201028685533"],"contactPoint":{"@type":"ContactPoint","telephone":"00201000852186"},"openingHoursSpecification":[{"@type":"OpeningHoursSpecification","dayOfWeek":["Monday","Tuesday","Wednesday","Thursday","Friday","Saturday","Sunday"],"opens":"00:00","closes":"23:59"}],"email":"info@egytourpackages.com","areaServed":"Cairo, Hurghada, Luxor, Sharm El Sheikh, Marsa Alam, Aswan","priceRange":"$","currenciesAccepted":"euro","paymentAccepted":"Payment links online"},{"@type":"PostalAddress","@id":"https:\/\/egytourpackages.com\/es\/tours\/tour-a-alejandria-desde-marsa-matruh\/#local-main-place-address","streetAddress":"Mubarak 8, Al Kawthar District, Hurghada","addressLocality":"Hurghada","postalCode":"84511","addressRegion":"Red Sea","addressCountry":"EG"},{"@type":"ImageObject","inLanguage":"es","@id":"https:\/\/egytourpackages.com\/es\/tours\/tour-a-alejandria-desde-marsa-matruh\/#local-main-organization-logo","url":"https:\/\/egytourpackages.com\/wp-content\/uploads\/2025\/12\/Turquoise-Dahabiya-Nile-Cruise-1.jpeg","contentUrl":"https:\/\/egytourpackages.com\/wp-content\/uploads\/2025\/12\/Turquoise-Dahabiya-Nile-Cruise-1.jpeg","width":1040,"height":694,"caption":"egypt tour packages"}]},"product_brand":"Excursiones Egipto","product_price_amount":"100","product_price_currency":"EUR","og_availability":"instock","product_availability":"instock","product_retailer_item_id":"MMT03","product_condition":"new","geo.placename":"Hurghada","geo.region":"Egipto"},"_links":{"self":[{"href":"https:\/\/egytourpackages.com\/es\/wp-json\/wp\/v2\/product\/6008","targetHints":{"allow":["GET"]}}],"collection":[{"href":"https:\/\/egytourpackages.com\/es\/wp-json\/wp\/v2\/product"}],"about":[{"href":"https:\/\/egytourpackages.com\/es\/wp-json\/wp\/v2\/types\/product"}],"replies":[{"embeddable":true,"href":"https:\/\/egytourpackages.com\/es\/wp-json\/wp\/v2\/comments?post=6008"}],"wp:featuredmedia":[{"embeddable":true,"href":"https:\/\/egytourpackages.com\/es\/wp-json\/wp\/v2\/media\/6009"}],"wp:attachment":[{"href":"https:\/\/egytourpackages.com\/es\/wp-json\/wp\/v2\/media?parent=6008"}],"wp:term":[{"taxonomy":"product_brand","embeddable":true,"href":"https:\/\/egytourpackages.com\/es\/wp-json\/wp\/v2\/product_brand?post=6008"},{"taxonomy":"product_cat","embeddable":true,"href":"https:\/\/egytourpackages.com\/es\/wp-json\/wp\/v2\/product_cat?post=6008"},{"taxonomy":"product_tag","embeddable":true,"href":"https:\/\/egytourpackages.com\/es\/wp-json\/wp\/v2\/product_tag?post=6008"}],"curies":[{"name":"wp","href":"https:\/\/api.w.org\/{rel}","templated":true}]}}