{"id":6013,"date":"2025-08-12T13:04:19","date_gmt":"2025-08-12T13:04:19","guid":{"rendered":"https:\/\/egytourpackages.com\/product\/tour-de-2-dias-al-oasis-de-siwa-desde-marsa-matruh\/"},"modified":"2026-01-03T22:08:59","modified_gmt":"2026-01-03T22:08:59","slug":"tour-de-2-dias-al-oasis-de-siwa-desde-marsa-matruh","status":"publish","type":"product","link":"https:\/\/egytourpackages.com\/es\/tours\/tour-de-2-dias-al-oasis-de-siwa-desde-marsa-matruh\/","title":{"rendered":"Tour de 2 D\u00edas al Oasis de Siwa desde Marsa Matruh"},"content":{"rendered":"<p><span style=\"color: #ff6600;\"><strong>Tour de 2 D\u00edas al Oasis de Siwa desde Marsa Matruh<\/strong><\/span><\/p>\n<p>Escapa de lo ordinario y comienza tu impresionante <strong>tour de 2 d\u00edas al Oasis de Siwa desde Marsa Matruh<\/strong>, dise\u00f1ado para ser la mejor de las <strong>excursiones de Marsa Matruh<\/strong> para experimentar lo mejor de la joya oculta del desierto de Egipto. Este <strong>paquete tur\u00edstico a Siwa<\/strong> es ideal para aventureros y entusiastas de la cultura por igual, prometiendo una experiencia que va m\u00e1s all\u00e1 de la t\u00edpica gu\u00eda de viajes de Egipto. Tu aventura comienza con un c\u00f3modo traslado privado desde tu hotel en <strong>Marsa Matruh<\/strong> hasta el <strong>Oasis de Siwa<\/strong>.<\/p>\n<p>Har\u00e1s una parada en el <strong>Lago Salado de Siwa<\/strong>, donde flotar\u00e1s sin esfuerzo en las surrealistas y altamente salinas aguas turquesa, una experiencia verdaderamente terap\u00e9utica a menudo comparada con el Mar Muerto. Rel\u00e1jate en las legendarias aguas del <strong>Ba\u00f1o de Cleopatra<\/strong>, un antiguo manantial que ha encantado a los visitantes durante siglos. A medida que cae la tarde, presencia un impresionante <strong>atardecer en Siwa<\/strong> desde la tranquila <strong>Isla Fatnas<\/strong>, donde los colores vibrantes se reflejan en el lago en calma.<\/p>\n<p>La aventura contin\u00faa con una emocionante experiencia de <strong>safari en el desierto y sandboarding<\/strong> en el vasto <strong>Gran Mar de Arena<\/strong>, navegando por imponentes dunas en un potente <strong>Jeep 4&#215;4<\/strong>. Descubrir\u00e1s los tesoros escondidos del oasis, desde un refrescante lago de agua dulce hasta el rejuvenecedor <strong>manantial de aguas termales de Bir Wahed<\/strong>.<\/p>\n<p>Sum\u00e9rgete en la historia con visitas a la antigua <strong>Fortaleza de Shali<\/strong>, la sagrada <strong>Monta\u00f1a de los Muertos<\/strong> (Gebel al-Mawta), y el sagrado <strong>Templo del Or\u00e1culo<\/strong> (Templo de Am\u00f3n), donde <strong>Alejandro Magno<\/strong> una vez busc\u00f3 su destino.<\/p>\n<p>Tus noches est\u00e1n llenas de un aut\u00e9ntico encanto local, con una tradicional <strong>cena beduina<\/strong> y la inolvidable experiencia de <strong>acampar en el desierto por la noche<\/strong> bajo un cielo cubierto de estrellas o regresar al hotel para pasar la noche.<\/p>\n<h3><span style=\"color: #ff6600;\">Detalles del Tour<\/span><\/h3>\n<ul>\n<li>Duraci\u00f3n: 2 D\u00edas \/ 1 Noche<\/li>\n<li>Tipo de Tour: Privado<\/li>\n<li>Disponibilidad: Todos los d\u00edas<\/li>\n<li>Tama\u00f1o del Grupo: de 1 a 10<\/li>\n<li>Idiomas: <strong>Espa\u00f1ol<\/strong><\/li>\n<li>Horario: Reserva en l\u00ednea<\/li>\n<li>Recogida y Regreso: Hoteles de Marsa Matruh<\/li>\n<\/ul>\n<h3><span style=\"color: #ff6600;\">Puntos Destacados<\/span><\/h3>\n<ul>\n<li>Lago salado<\/li>\n<li>Ba\u00f1o de Cleopatra<\/li>\n<li>Isla Fatnas<\/li>\n<li>Monta\u00f1a de los Muertos<\/li>\n<li>Monta\u00f1a Dakror<\/li>\n<li>Templo del Or\u00e1culo<\/li>\n<li>Fortaleza de Shali<\/li>\n<\/ul>\n<h3><span style=\"color: #ff6600;\">Inclusiones<\/span><\/h3>\n<ul>\n<li>Recogida y regreso al hotel en veh\u00edculo A\/C nuevo<\/li>\n<li>Tarifa de entrada para todos los lugares en el programa<\/li>\n<li><strong>Gu\u00eda de habla espa\u00f1ola<\/strong><\/li>\n<li>Alojamiento de 1 noche en hotel en Siwa con desayuno<\/li>\n<li>Todos los servicios e impuestos<\/li>\n<\/ul>\n<h3><span style=\"color: #ff6600;\">Exclusiones<\/span><\/h3>\n<ul>\n<li>Propinas<\/li>\n<li>Bebidas durante las comidas<\/li>\n<li>Cualquier cosa no mencionada en el programa<\/li>\n<\/ul>\n<h3><span style=\"color: #ff6600;\">Qu\u00e9 llevar contigo<\/span><\/h3>\n<ul>\n<li>Pasaportes<\/li>\n<li>Sombrero, bufanda<\/li>\n<li>Gafas de sol y crema solar<\/li>\n<li>Trajes de ba\u00f1o<\/li>\n<li>Ropa de abrigo en invierno<\/li>\n<\/ul>\n<h2><span style=\"color: #ff6600;\">Itinerario<\/span><\/h2>\n<h3><span style=\"color: #ff6600;\">D\u00eda 1: Lagos Salados, Manantiales y Atardecer en Siwa <\/span><\/h3>\n<p>Tu aventura comienza con un c\u00f3modo traslado al encantador <strong>Oasis de Siwa<\/strong>. Al llegar, ser\u00e1s recibido con un delicioso <strong>almuerzo en un restaurante local<\/strong> para probar la aut\u00e9ntica cocina de Siwa antes de registrarte en tu hotel. Por la tarde, tu programa comienza con una visita a los surrealistas y impresionantes <strong>Lagos Salados de Siwa<\/strong>. Tendr\u00e1s la inolvidable oportunidad de flotar sin esfuerzo en el agua salada altamente terap\u00e9utica y cristalina, una experiencia a menudo comparada con el Mar Muerto.<\/p>\n<p>A continuaci\u00f3n, visitar\u00e1s el legendario <strong>Manantial de Cleopatra<\/strong> (tambi\u00e9n conocido como Ain Guba), un manantial natural lleno de historia, perfecto para un refrescante chapuz\u00f3n. A medida que el d\u00eda avanza, nos dirigiremos a la <strong>Isla Fatnas<\/strong> para una experiencia verdaderamente m\u00e1gica. Esta peque\u00f1a isla, famosa localmente por su belleza, es el lugar perfecto para presenciar un impresionante <strong>atardecer en Siwa<\/strong> mientras el sol se sumerge bajo el horizonte.<\/p>\n<p>Concluye tu d\u00eda con una deliciosa cena y pasa la noche en el hotel.<\/p>\n<p><strong>Comidas: <\/strong>almuerzo, cena<\/p>\n<h3><span style=\"color: #ff6600;\">D\u00eda 2: Tesoros Hist\u00f3ricos y Viaje de Regreso <\/span><\/h3>\n<p>Despu\u00e9s de un delicioso desayuno en tu hotel, tu segundo d\u00eda comienza con una inmersi\u00f3n profunda en el rico pasado del oasis. Empezaremos explorando la antigua necr\u00f3polis de la <strong>Monta\u00f1a de los Muertos<\/strong> (Gebel al-Mawta), hogar de fascinantes tumbas excavadas en la roca.<\/p>\n<p>A continuaci\u00f3n, visitaremos la cercana <strong>Gebel al-Dakrour<\/strong>, una monta\u00f1a de la que se cree que tiene propiedades curativas \u00fanicas. Lo m\u00e1s destacado del d\u00eda es una visita al mundialmente famoso <strong>Templo del Or\u00e1culo<\/strong> (Templo de Am\u00f3n), donde <strong>Alejandro Magno<\/strong> una vez busc\u00f3 su destino. Despu\u00e9s de un \u00faltimo <strong>almuerzo<\/strong> incluido en tu tour, comenzar\u00e1s tu pintoresco viaje de regreso al hotel en Marsa Matruh, lleno de recuerdos incre\u00edbles de tu <strong>aventura en el desierto de Siwa<\/strong>.<\/p>\n<p><strong>Comidas: <\/strong>desayuno, almuerzo<\/p>\n<h3><span style=\"color: #ff6600;\">Precio Tour de 2 D\u00edas al Oasis de Siwa desde Marsa Matruh<\/span><\/h3>\n<ul>\n<li>Precio Adulto = 150 \u20ac<\/li>\n<li>Ni\u00f1os 0-5 a\u00f1os = gratis<\/li>\n<li>Ni\u00f1os 5-11 a\u00f1os = 50% del precio del adulto<\/li>\n<\/ul>\n<h3><span style=\"color: #ff6600;\">Reserva<\/span><\/h3>\n<p>Puedes reservar tu tour a trav\u00e9s de WhatsApp o enviarnos un correo electr\u00f3nico y recibir\u00e1s la confirmaci\u00f3n al instante. Por favor, env\u00edanos el nombre de tu hotel, n\u00famero de habitaci\u00f3n y copias de tu pasaporte. WhatsApp: +201000852186 info@egytourpackages.com <strong>Reserva Ahora y Paga en el lugar<\/strong> Reserva tu tour favorito y paga el d\u00eda del viaje.<\/p>\n<h3><span style=\"color: #ff6600;\">Pago<\/span><\/h3>\n<p>Puedes pagar en libras egipcias, $, \u20ac o \u00a3.<\/p>\n<h3><span style=\"color: #ff6600;\">Pol\u00edtica de Cancelaci\u00f3n<\/span><\/h3>\n<ul>\n<li>La cancelaci\u00f3n es gratuita hasta 24 horas antes<\/li>\n<li>La cancelaci\u00f3n por la ma\u00f1ana es del 50% del precio<\/li>\n<\/ul>\n","protected":false},"excerpt":{"rendered":"<p>Explora en un Tour de 2 D\u00edas al Oasis de Siwa desde Marsa Matruh. Flota en los lagos salados, haz un safari por el desierto y descubre la cultura bereber.<\/p>\n","protected":false},"featured_media":6016,"comment_status":"closed","ping_status":"closed","template":"","meta":[],"product_brand":[],"product_cat":[3128],"product_tag":[3288,3307,3188],"class_list":{"0":"post-6013","1":"product","2":"type-product","3":"status-publish","4":"has-post-thumbnail","6":"product_cat-tours","7":"product_tag-excursiones-a-marsa-matruh","8":"product_tag-excursiones-al-oasis-de-siwa-desde-marsa-matruh","9":"product_tag-excursiones-egipto","10":"tour_category-excursiones-al-oasis-de-siwa-desde-marsa-matruh-es","11":"tour_category-excursiones-egipto-es","12":"tour_category-excursiones-en-marsa-matruh-es","14":"first","15":"instock","16":"sale","17":"shipping-taxable","18":"purchasable","19":"product-type-tour","20":"has-default-attributes"},"yoast_head":"<!-- This site is optimized with the Yoast SEO Premium plugin v27.2 (Yoast SEO v27.2) - https:\/\/yoast.com\/product\/yoast-seo-premium-wordpress\/ -->\n<title>Tour de 2 D\u00edas al Oasis de Siwa desde Marsa Matruh<\/title>\n<meta name=\"description\" content=\"Explora en un Tour de 2 D\u00edas al Oasis de Siwa desde Marsa Matruh. Flota en los lagos salados, haz un safari por el desierto y descubre la cultura bereber.\" \/>\n<meta name=\"robots\" content=\"index, follow, max-snippet:-1, max-image-preview:large, max-video-preview:-1\" \/>\n<link rel=\"canonical\" href=\"https:\/\/egytourpackages.com\/es\/tours\/tour-de-2-dias-al-oasis-de-siwa-desde-marsa-matruh\/\" \/>\n<meta property=\"og:locale\" content=\"es_ES\" \/>\n<meta property=\"og:type\" content=\"article\" \/>\n<meta property=\"og:title\" content=\"Tour de 2 D\u00edas al Oasis de Siwa desde Marsa Matruh\" \/>\n<meta property=\"og:description\" content=\"Explora en un Tour de 2 D\u00edas al Oasis de Siwa desde Marsa Matruh. Flota en los lagos salados, haz un safari por el desierto y descubre la cultura bereber.\" \/>\n<meta property=\"og:url\" content=\"https:\/\/egytourpackages.com\/es\/tours\/tour-de-2-dias-al-oasis-de-siwa-desde-marsa-matruh\/\" \/>\n<meta property=\"og:site_name\" content=\"Egypt Tour Packages\" \/>\n<meta property=\"article:publisher\" content=\"https:\/\/www.facebook.com\/egytourpackages\" \/>\n<meta property=\"article:modified_time\" content=\"2026-01-03T22:08:59+00:00\" \/>\n<meta property=\"og:image\" content=\"https:\/\/egytourpackages.com\/wp-content\/uploads\/2025\/08\/Siwa-Oasis.jpeg\" \/>\n\t<meta property=\"og:image:width\" content=\"1600\" \/>\n\t<meta property=\"og:image:height\" content=\"1200\" \/>\n\t<meta property=\"og:image:type\" content=\"image\/jpeg\" \/>\n<meta name=\"twitter:card\" content=\"summary_large_image\" \/>\n<meta name=\"twitter:title\" content=\"Tour de 2 D\u00edas al Oasis de Siwa desde Marsa Matruh\" \/>\n<meta name=\"twitter:label1\" content=\"Precio\" \/>\n\t<meta name=\"twitter:data1\" content=\"&euro;150\" \/>\n\t<meta name=\"twitter:label2\" content=\"Disponibilidad\" \/>\n\t<meta name=\"twitter:data2\" content=\"Disponible\" \/>\n<script type=\"application\/ld+json\" class=\"yoast-schema-graph\">{\"@context\":\"https:\/\/schema.org\",\"@graph\":[{\"@type\":\"WebPage\",\"@id\":\"https:\/\/egytourpackages.com\/es\/tours\/tour-de-2-dias-al-oasis-de-siwa-desde-marsa-matruh\/\",\"url\":\"https:\/\/egytourpackages.com\/es\/tours\/tour-de-2-dias-al-oasis-de-siwa-desde-marsa-matruh\/\",\"name\":\"Tour de 2 D\u00edas al Oasis de Siwa desde Marsa Matruh\",\"isPartOf\":{\"@id\":\"https:\/\/egytourpackages.com\/es\/#website\"},\"primaryImageOfPage\":{\"@id\":\"https:\/\/egytourpackages.com\/es\/tours\/tour-de-2-dias-al-oasis-de-siwa-desde-marsa-matruh\/#primaryimage\"},\"image\":{\"@id\":\"https:\/\/egytourpackages.com\/es\/tours\/tour-de-2-dias-al-oasis-de-siwa-desde-marsa-matruh\/#primaryimage\"},\"thumbnailUrl\":\"https:\/\/egytourpackages.com\/wp-content\/uploads\/2025\/08\/Siwa-Oasis.jpeg\",\"datePublished\":\"2025-08-12T13:04:19+00:00\",\"dateModified\":\"2026-01-03T22:08:59+00:00\",\"description\":\"Explora en un Tour de 2 D\u00edas al Oasis de Siwa desde Marsa Matruh. Flota en los lagos salados, haz un safari por el desierto y descubre la cultura bereber.\",\"breadcrumb\":{\"@id\":\"https:\/\/egytourpackages.com\/es\/tours\/tour-de-2-dias-al-oasis-de-siwa-desde-marsa-matruh\/#breadcrumb\"},\"inLanguage\":\"es\",\"potentialAction\":[{\"@type\":\"ReadAction\",\"target\":[\"https:\/\/egytourpackages.com\/es\/tours\/tour-de-2-dias-al-oasis-de-siwa-desde-marsa-matruh\/\"]}]},{\"@type\":\"ImageObject\",\"inLanguage\":\"es\",\"@id\":\"https:\/\/egytourpackages.com\/es\/tours\/tour-de-2-dias-al-oasis-de-siwa-desde-marsa-matruh\/#primaryimage\",\"url\":\"https:\/\/egytourpackages.com\/wp-content\/uploads\/2025\/08\/Siwa-Oasis.jpeg\",\"contentUrl\":\"https:\/\/egytourpackages.com\/wp-content\/uploads\/2025\/08\/Siwa-Oasis.jpeg\",\"width\":1600,\"height\":1200,\"caption\":\"Oasis de Siwa\"},{\"@type\":\"BreadcrumbList\",\"@id\":\"https:\/\/egytourpackages.com\/es\/tours\/tour-de-2-dias-al-oasis-de-siwa-desde-marsa-matruh\/#breadcrumb\",\"itemListElement\":[{\"@type\":\"ListItem\",\"position\":1,\"name\":\"Home\",\"item\":\"https:\/\/egytourpackages.com\/es\/paquetes-de-viaje-a-egipto\/\"},{\"@type\":\"ListItem\",\"position\":2,\"name\":\"Shop\",\"item\":\"https:\/\/egytourpackages.com\/shop\/\"},{\"@type\":\"ListItem\",\"position\":3,\"name\":\"Tour de 2 D\u00edas al Oasis de Siwa desde Marsa Matruh\"}]},{\"@type\":\"WebSite\",\"@id\":\"https:\/\/egytourpackages.com\/es\/#website\",\"url\":\"https:\/\/egytourpackages.com\/es\/\",\"name\":\"Egy tour packages\",\"description\":\"\",\"publisher\":{\"@id\":\"https:\/\/egytourpackages.com\/es\/#organization\"},\"potentialAction\":[{\"@type\":\"SearchAction\",\"target\":{\"@type\":\"EntryPoint\",\"urlTemplate\":\"https:\/\/egytourpackages.com\/es\/?s={search_term_string}\"},\"query-input\":{\"@type\":\"PropertyValueSpecification\",\"valueRequired\":true,\"valueName\":\"search_term_string\"}}],\"inLanguage\":\"es\"},{\"@type\":[\"Organization\",\"Place\",\"TravelAgency\"],\"@id\":\"https:\/\/egytourpackages.com\/es\/#organization\",\"name\":\"egypt tour packages\",\"alternateName\":\"egypt tour packages\",\"url\":\"https:\/\/egytourpackages.com\/es\/\",\"logo\":{\"@id\":\"https:\/\/egytourpackages.com\/es\/tours\/tour-de-2-dias-al-oasis-de-siwa-desde-marsa-matruh\/#local-main-organization-logo\"},\"image\":{\"@id\":\"https:\/\/egytourpackages.com\/es\/tours\/tour-de-2-dias-al-oasis-de-siwa-desde-marsa-matruh\/#local-main-organization-logo\"},\"sameAs\":[\"https:\/\/www.facebook.com\/egytourpackages\"],\"legalName\":\"Egy tour packages\",\"address\":{\"@id\":\"https:\/\/egytourpackages.com\/es\/tours\/tour-de-2-dias-al-oasis-de-siwa-desde-marsa-matruh\/#local-main-place-address\"},\"telephone\":[\"00201000852186\",\"00201028685533\"],\"contactPoint\":{\"@type\":\"ContactPoint\",\"telephone\":\"00201000852186\"},\"openingHoursSpecification\":[{\"@type\":\"OpeningHoursSpecification\",\"dayOfWeek\":[\"Monday\",\"Tuesday\",\"Wednesday\",\"Thursday\",\"Friday\",\"Saturday\",\"Sunday\"],\"opens\":\"00:00\",\"closes\":\"23:59\"}],\"email\":\"info@egytourpackages.com\",\"areaServed\":\"Cairo, Hurghada, Luxor, Sharm El Sheikh, Marsa Alam, Aswan\",\"priceRange\":\"$\",\"currenciesAccepted\":\"euro\",\"paymentAccepted\":\"Payment links online\"},{\"@type\":\"PostalAddress\",\"@id\":\"https:\/\/egytourpackages.com\/es\/tours\/tour-de-2-dias-al-oasis-de-siwa-desde-marsa-matruh\/#local-main-place-address\",\"streetAddress\":\"Mubarak 8, Al Kawthar District, Hurghada\",\"addressLocality\":\"Hurghada\",\"postalCode\":\"84511\",\"addressRegion\":\"Red Sea\",\"addressCountry\":\"EG\"},{\"@type\":\"ImageObject\",\"inLanguage\":\"es\",\"@id\":\"https:\/\/egytourpackages.com\/es\/tours\/tour-de-2-dias-al-oasis-de-siwa-desde-marsa-matruh\/#local-main-organization-logo\",\"url\":\"https:\/\/egytourpackages.com\/wp-content\/uploads\/2025\/12\/Turquoise-Dahabiya-Nile-Cruise-1.jpeg\",\"contentUrl\":\"https:\/\/egytourpackages.com\/wp-content\/uploads\/2025\/12\/Turquoise-Dahabiya-Nile-Cruise-1.jpeg\",\"width\":1040,\"height\":694,\"caption\":\"egypt tour packages\"}]}<\/script>\n<meta property=\"product:brand\" content=\"Excursiones al Oasis de Siwa desde Marsa Matruh\" \/>\n<meta property=\"product:price:amount\" content=\"150\" \/>\n<meta property=\"product:price:currency\" content=\"EUR\" \/>\n<meta property=\"og:availability\" content=\"instock\" \/>\n<meta property=\"product:availability\" content=\"instock\" \/>\n<meta property=\"product:retailer_item_id\" content=\"MMT01\" \/>\n<meta property=\"product:condition\" content=\"new\" \/>\n<meta name=\"geo.placename\" content=\"Hurghada\" \/>\n<meta name=\"geo.region\" content=\"Egipto\" \/>\n<!-- \/ Yoast SEO Premium plugin. -->","yoast_head_json":{"title":"Tour de 2 D\u00edas al Oasis de Siwa desde Marsa Matruh","description":"Explora en un Tour de 2 D\u00edas al Oasis de Siwa desde Marsa Matruh. Flota en los lagos salados, haz un safari por el desierto y descubre la cultura bereber.","robots":{"index":"index","follow":"follow","max-snippet":"max-snippet:-1","max-image-preview":"max-image-preview:large","max-video-preview":"max-video-preview:-1"},"canonical":"https:\/\/egytourpackages.com\/es\/tours\/tour-de-2-dias-al-oasis-de-siwa-desde-marsa-matruh\/","og_locale":"es_ES","og_type":"article","og_title":"Tour de 2 D\u00edas al Oasis de Siwa desde Marsa Matruh","og_description":"Explora en un Tour de 2 D\u00edas al Oasis de Siwa desde Marsa Matruh. Flota en los lagos salados, haz un safari por el desierto y descubre la cultura bereber.","og_url":"https:\/\/egytourpackages.com\/es\/tours\/tour-de-2-dias-al-oasis-de-siwa-desde-marsa-matruh\/","og_site_name":"Egypt Tour Packages","article_publisher":"https:\/\/www.facebook.com\/egytourpackages","article_modified_time":"2026-01-03T22:08:59+00:00","og_image":[{"width":1600,"height":1200,"url":"https:\/\/egytourpackages.com\/wp-content\/uploads\/2025\/08\/Siwa-Oasis.jpeg","type":"image\/jpeg"}],"twitter_card":"summary_large_image","twitter_title":"Tour de 2 D\u00edas al Oasis de Siwa desde Marsa Matruh","twitter_misc":{"Precio":"&euro;150","Disponibilidad":"Disponible"},"schema":{"@context":"https:\/\/schema.org","@graph":[{"@type":"WebPage","@id":"https:\/\/egytourpackages.com\/es\/tours\/tour-de-2-dias-al-oasis-de-siwa-desde-marsa-matruh\/","url":"https:\/\/egytourpackages.com\/es\/tours\/tour-de-2-dias-al-oasis-de-siwa-desde-marsa-matruh\/","name":"Tour de 2 D\u00edas al Oasis de Siwa desde Marsa Matruh","isPartOf":{"@id":"https:\/\/egytourpackages.com\/es\/#website"},"primaryImageOfPage":{"@id":"https:\/\/egytourpackages.com\/es\/tours\/tour-de-2-dias-al-oasis-de-siwa-desde-marsa-matruh\/#primaryimage"},"image":{"@id":"https:\/\/egytourpackages.com\/es\/tours\/tour-de-2-dias-al-oasis-de-siwa-desde-marsa-matruh\/#primaryimage"},"thumbnailUrl":"https:\/\/egytourpackages.com\/wp-content\/uploads\/2025\/08\/Siwa-Oasis.jpeg","datePublished":"2025-08-12T13:04:19+00:00","dateModified":"2026-01-03T22:08:59+00:00","description":"Explora en un Tour de 2 D\u00edas al Oasis de Siwa desde Marsa Matruh. Flota en los lagos salados, haz un safari por el desierto y descubre la cultura bereber.","breadcrumb":{"@id":"https:\/\/egytourpackages.com\/es\/tours\/tour-de-2-dias-al-oasis-de-siwa-desde-marsa-matruh\/#breadcrumb"},"inLanguage":"es","potentialAction":[{"@type":"ReadAction","target":["https:\/\/egytourpackages.com\/es\/tours\/tour-de-2-dias-al-oasis-de-siwa-desde-marsa-matruh\/"]}]},{"@type":"ImageObject","inLanguage":"es","@id":"https:\/\/egytourpackages.com\/es\/tours\/tour-de-2-dias-al-oasis-de-siwa-desde-marsa-matruh\/#primaryimage","url":"https:\/\/egytourpackages.com\/wp-content\/uploads\/2025\/08\/Siwa-Oasis.jpeg","contentUrl":"https:\/\/egytourpackages.com\/wp-content\/uploads\/2025\/08\/Siwa-Oasis.jpeg","width":1600,"height":1200,"caption":"Oasis de Siwa"},{"@type":"BreadcrumbList","@id":"https:\/\/egytourpackages.com\/es\/tours\/tour-de-2-dias-al-oasis-de-siwa-desde-marsa-matruh\/#breadcrumb","itemListElement":[{"@type":"ListItem","position":1,"name":"Home","item":"https:\/\/egytourpackages.com\/es\/paquetes-de-viaje-a-egipto\/"},{"@type":"ListItem","position":2,"name":"Shop","item":"https:\/\/egytourpackages.com\/shop\/"},{"@type":"ListItem","position":3,"name":"Tour de 2 D\u00edas al Oasis de Siwa desde Marsa Matruh"}]},{"@type":"WebSite","@id":"https:\/\/egytourpackages.com\/es\/#website","url":"https:\/\/egytourpackages.com\/es\/","name":"Egy tour packages","description":"","publisher":{"@id":"https:\/\/egytourpackages.com\/es\/#organization"},"potentialAction":[{"@type":"SearchAction","target":{"@type":"EntryPoint","urlTemplate":"https:\/\/egytourpackages.com\/es\/?s={search_term_string}"},"query-input":{"@type":"PropertyValueSpecification","valueRequired":true,"valueName":"search_term_string"}}],"inLanguage":"es"},{"@type":["Organization","Place","TravelAgency"],"@id":"https:\/\/egytourpackages.com\/es\/#organization","name":"egypt tour packages","alternateName":"egypt tour packages","url":"https:\/\/egytourpackages.com\/es\/","logo":{"@id":"https:\/\/egytourpackages.com\/es\/tours\/tour-de-2-dias-al-oasis-de-siwa-desde-marsa-matruh\/#local-main-organization-logo"},"image":{"@id":"https:\/\/egytourpackages.com\/es\/tours\/tour-de-2-dias-al-oasis-de-siwa-desde-marsa-matruh\/#local-main-organization-logo"},"sameAs":["https:\/\/www.facebook.com\/egytourpackages"],"legalName":"Egy tour packages","address":{"@id":"https:\/\/egytourpackages.com\/es\/tours\/tour-de-2-dias-al-oasis-de-siwa-desde-marsa-matruh\/#local-main-place-address"},"telephone":["00201000852186","00201028685533"],"contactPoint":{"@type":"ContactPoint","telephone":"00201000852186"},"openingHoursSpecification":[{"@type":"OpeningHoursSpecification","dayOfWeek":["Monday","Tuesday","Wednesday","Thursday","Friday","Saturday","Sunday"],"opens":"00:00","closes":"23:59"}],"email":"info@egytourpackages.com","areaServed":"Cairo, Hurghada, Luxor, Sharm El Sheikh, Marsa Alam, Aswan","priceRange":"$","currenciesAccepted":"euro","paymentAccepted":"Payment links online"},{"@type":"PostalAddress","@id":"https:\/\/egytourpackages.com\/es\/tours\/tour-de-2-dias-al-oasis-de-siwa-desde-marsa-matruh\/#local-main-place-address","streetAddress":"Mubarak 8, Al Kawthar District, Hurghada","addressLocality":"Hurghada","postalCode":"84511","addressRegion":"Red Sea","addressCountry":"EG"},{"@type":"ImageObject","inLanguage":"es","@id":"https:\/\/egytourpackages.com\/es\/tours\/tour-de-2-dias-al-oasis-de-siwa-desde-marsa-matruh\/#local-main-organization-logo","url":"https:\/\/egytourpackages.com\/wp-content\/uploads\/2025\/12\/Turquoise-Dahabiya-Nile-Cruise-1.jpeg","contentUrl":"https:\/\/egytourpackages.com\/wp-content\/uploads\/2025\/12\/Turquoise-Dahabiya-Nile-Cruise-1.jpeg","width":1040,"height":694,"caption":"egypt tour packages"}]},"product_brand":"Excursiones al Oasis de Siwa desde Marsa Matruh","product_price_amount":"150","product_price_currency":"EUR","og_availability":"instock","product_availability":"instock","product_retailer_item_id":"MMT01","product_condition":"new","geo.placename":"Hurghada","geo.region":"Egipto"},"_links":{"self":[{"href":"https:\/\/egytourpackages.com\/es\/wp-json\/wp\/v2\/product\/6013","targetHints":{"allow":["GET"]}}],"collection":[{"href":"https:\/\/egytourpackages.com\/es\/wp-json\/wp\/v2\/product"}],"about":[{"href":"https:\/\/egytourpackages.com\/es\/wp-json\/wp\/v2\/types\/product"}],"replies":[{"embeddable":true,"href":"https:\/\/egytourpackages.com\/es\/wp-json\/wp\/v2\/comments?post=6013"}],"wp:featuredmedia":[{"embeddable":true,"href":"https:\/\/egytourpackages.com\/es\/wp-json\/wp\/v2\/media\/6016"}],"wp:attachment":[{"href":"https:\/\/egytourpackages.com\/es\/wp-json\/wp\/v2\/media?parent=6013"}],"wp:term":[{"taxonomy":"product_brand","embeddable":true,"href":"https:\/\/egytourpackages.com\/es\/wp-json\/wp\/v2\/product_brand?post=6013"},{"taxonomy":"product_cat","embeddable":true,"href":"https:\/\/egytourpackages.com\/es\/wp-json\/wp\/v2\/product_cat?post=6013"},{"taxonomy":"product_tag","embeddable":true,"href":"https:\/\/egytourpackages.com\/es\/wp-json\/wp\/v2\/product_tag?post=6013"}],"curies":[{"name":"wp","href":"https:\/\/api.w.org\/{rel}","templated":true}]}}