{"id":6029,"date":"2025-06-16T11:42:16","date_gmt":"2025-06-16T11:42:16","guid":{"rendered":"https:\/\/egytourpackages.com\/product\/tour-en-quad-por-la-manana-desde-soma-bay\/"},"modified":"2026-01-28T23:53:13","modified_gmt":"2026-01-28T23:53:13","slug":"tour-en-quad-por-la-manana-desde-soma-bay","status":"publish","type":"product","link":"https:\/\/egytourpackages.com\/es\/tours\/tour-en-quad-por-la-manana-desde-soma-bay\/","title":{"rendered":"Tour en Quad por la Ma\u00f1ana desde Soma Bay"},"content":{"rendered":"<p><span style=\"color: #ff6600;\"><strong>Tour en Quad por la Ma\u00f1ana desde Soma Bay<\/strong><\/span><\/p>\n<p><strong>Aventura en el desierto Soma Bay \/ Tours en ATV por la ma\u00f1ana \/ Tours en ATV al amanecer \/ Pueblo Beduino \/ Reserva en l\u00ednea \/ Sin cargos de cancelaci\u00f3n \/ Paga en el lugar \/ Sin cargos adicionales<\/strong><\/p>\n<p>\u00a1Emb\u00e1rcate en un emocionante <strong>tour en quad por la ma\u00f1ana desde Soma Bay<\/strong> para la m\u00e1xima aventura de <strong>safari por el desierto<\/strong>! Esta popular <strong>excursi\u00f3n en Soma Bay<\/strong> ofrece una experiencia inolvidable, combinando la emoci\u00f3n de montar en <strong>quad<\/strong> (o <strong>ATV<\/strong>) a trav\u00e9s del vasto desierto egipcio con una cautivadora inmersi\u00f3n cultural. Correr\u00e1s por llanuras arenosas, disfrutando del aire fresco de la ma\u00f1ana y de los impresionantes paisajes des\u00e9rticos. Lo m\u00e1s destacado para muchos es una visita a un tradicional <strong>pueblo beduino<\/strong>, donde podr\u00e1s experimentar un aut\u00e9ntico <strong>paseo en camello<\/strong> y aprender sobre su estilo de vida \u00fanico mientras saboreas un t\u00e9 tradicional. Perfecto para aquellos que buscan una <strong>aventura en el desierto<\/strong>, este <strong>tour en quad por Soma Bay<\/strong> proporciona una forma din\u00e1mica y memorable de explorar la impresionante belleza natural y la cultura local de Egipto. \u00a1Reserva hoy tu <strong>safari matutino por el desierto<\/strong> para un comienzo lleno de acci\u00f3n en tu d\u00eda!<\/p>\n<h3><span style=\"color: #ff6600;\">Detalles<\/span><\/h3>\n<ul>\n<li>Duraci\u00f3n: 4 horas de viaje, incluyendo los traslados.<\/li>\n<li>Hora de recogida: Ma\u00f1ana a las 07:00<\/li>\n<li>Tipo de viaje: En grupo.<\/li>\n<li>Disponibilidad: Todos los d\u00edas.<\/li>\n<li>Duraci\u00f3n: 3 horas sin traslado.<\/li>\n<li>Tama\u00f1o del grupo: 6-15 personas.<\/li>\n<li>Idiomas: <strong>Espa\u00f1ol<\/strong><\/li>\n<li>Horario: Reserva en l\u00ednea.<\/li>\n<li>Recogida y regreso: Hoteles en Soma Bay<\/li>\n<\/ul>\n<h3><span style=\"color: #ff6600;\">Puntos Destacados<\/span><\/h3>\n<ul>\n<li>Paseo en ATV de 25 km<\/li>\n<li>Pueblo beduino<\/li>\n<li>Paseo en camello<\/li>\n<\/ul>\n<h3><span style=\"color: #ff6600;\">Inclusiones<\/span><\/h3>\n<ul>\n<li>Recogida y regreso al hotel<\/li>\n<li>Taxis<\/li>\n<li>Gu\u00eda del desierto que habla <strong>espa\u00f1ol<\/strong><\/li>\n<li>Agua<\/li>\n<li>Casco<\/li>\n<\/ul>\n<h3><span style=\"color: #ff6600;\">Exclusiones<\/span><\/h3>\n<ul>\n<li>Propinas<\/li>\n<li>Pa\u00f1uelo beduino<\/li>\n<li>Gafas<\/li>\n<li>DVD o fotos del camar\u00f3grafo<\/li>\n<li>Todos los extras no incluidos<\/li>\n<\/ul>\n<h3><span style=\"color: #ff6600;\">Qu\u00e9 Llevar<\/span><\/h3>\n<ul>\n<li>Ropa c\u00f3moda<\/li>\n<li>Zapatos cerrados<\/li>\n<li>Gafas de sol<\/li>\n<li>Protector solar<\/li>\n<li>Pa\u00f1uelo<\/li>\n<li>Mochila peque\u00f1a<\/li>\n<\/ul>\n<h3><span style=\"color: #ff6600;\">Por Qu\u00e9 Elegir un Tour en Quad por la Ma\u00f1ana<\/span><\/h3>\n<ul>\n<li>Evita el calor del mediod\u00eda<\/li>\n<li>Impresionantes oportunidades para ver el amanecer<\/li>\n<li>Ideal para familias<\/li>\n<li>Experiencia memorable<\/li>\n<\/ul>\n<h2><span style=\"color: #ff6600;\">Itinerario<\/span><\/h2>\n<h3><span style=\"color: #ff6600;\">7:00 AM: Recogida en el hotel y traslado<\/span><\/h3>\n<p>Comienza tu emocionante d\u00eda con un c\u00f3modo traslado con aire acondicionado directamente desde tu hotel en Soma Bay.<\/p>\n<h3><span style=\"color: #ff6600;\">8:00 AM: Llegada y charla de seguridad<\/span><\/h3>\n<p>Llega al centro de quads, donde ser\u00e1s recibido por gu\u00edas locales amables. Luego, recibir\u00e1s una completa charla de seguridad sobre c\u00f3mo operar los <strong>quads (ATVs)<\/strong> de manera segura y efectiva. Se proporcionan cascos, que son obligatorios. Tendr\u00e1s la oportunidad de practicar en tu quad en un \u00e1rea designada para asegurarte de que te sientes c\u00f3modo antes de adentrarte en el desierto.<\/p>\n<h3><span style=\"color: #ff6600;\">9:30 AM: Emocionante Safari en Quad por el Desierto<\/span><\/h3>\n<p>\u00a1Comienza tu <strong>safari en quad por el desierto<\/strong>! Conduce a trav\u00e9s del impresionante y vasto <strong>desierto egipcio<\/strong>, navegando por senderos de arena y disfrutando de la inmensa extensi\u00f3n. Tu gu\u00eda te llevar\u00e1 a miradores incre\u00edbles, ofreciendo oportunidades para capturar fotos impresionantes del paisaje des\u00e9rtico, especialmente a medida que el sol se eleva. Siente el viento en tu cabello y la emoci\u00f3n de acelerar por las dunas.<\/p>\n<h3><span style=\"color: #ff6600;\">10:00 AM: Experiencia Cultural en el Pueblo Beduino<\/span><\/h3>\n<p>Conduce tu quad m\u00e1s adentro del desierto para llegar a un aut\u00e9ntico <strong>pueblo beduino<\/strong>. All\u00ed, te encontrar\u00e1s con la acogedora gente beduina y obtendr\u00e1s conocimientos sobre su estilo de vida tradicional. Despu\u00e9s, experimenta un tranquilo <strong>paseo en camello<\/strong> por el desierto, una experiencia egipcia verdaderamente ic\u00f3nica. Rel\u00e1jate y disfruta de agua mineral de cortes\u00eda, refrescos y t\u00e9 beduino tradicional.<\/p>\n<h3><span style=\"color: #ff6600;\">11:00 AM: Viaje de regreso en Quad<\/span><\/h3>\n<p>Vuelve a subir a tu quad para otro emocionante paseo, regresando a la estaci\u00f3n de quads. Esto te da m\u00e1s oportunidades para disfrutar de las vastas vistas del desierto.<\/p>\n<h3><span style=\"color: #ff6600;\">12:00 PM: Traslado de regreso al hotel<\/span><\/h3>\n<p>Sube a tu transporte con aire acondicionado para el regreso a tu hotel en Soma Bay, reflexionando sobre tu incre\u00edble aventura en el desierto.<\/p>\n<h3><span style=\"color: #ff6600;\">Nota:<\/span><\/h3>\n<p>Los ni\u00f1os menores de 14 a\u00f1os no pueden montar en quad.<\/p>\n<h3><span style=\"color: #ff6600;\">Precio Tour en Quad por la Ma\u00f1ana desde Soma Bay<\/span><\/h3>\n<ul>\n<li>Precio Adulto: 35 \u20ac<\/li>\n<li>Ni\u00f1os 0-5 a\u00f1os: Gratis<\/li>\n<li>Ni\u00f1os 5-11 a\u00f1os: 50% del precio del adulto<\/li>\n<\/ul>\n<h3><span style=\"color: #ff6600;\">Reserva<\/span><\/h3>\n<p>Puedes reservar tu tour a trav\u00e9s de WhatsApp o por correo electr\u00f3nico. Recibir\u00e1s una confirmaci\u00f3n de inmediato.<\/p>\n<p>Por favor, env\u00edanos el nombre de tu hotel, n\u00famero de habitaci\u00f3n y copias de tu pasaporte.<\/p>\n<p>WhatsApp: +201000852186<\/p>\n<p>info@egytourpackages.com<\/p>\n<h3><span style=\"color: #ff6600;\">Reserva Ahora y Paga en el Lugar <\/span><\/h3>\n<p>Reserva tu tour favorito y paga el d\u00eda de tu viaje.<\/p>\n<h3><span style=\"color: #ff6600;\">Pago<\/span><\/h3>\n<p>Puedes pagar en Libras Egipcias, $, \u20ac o \u00a3.<\/p>\n<h3><span style=\"color: #ff6600;\">Pol\u00edtica de Cancelaci\u00f3n<\/span><\/h3>\n<ul>\n<li>Cancelaci\u00f3n gratuita hasta 24 horas antes<\/li>\n<li>La cancelaci\u00f3n por la ma\u00f1ana es el 50% del precio<\/li>\n<\/ul>\n","protected":false},"excerpt":{"rendered":"<p>Adrenalina y cultura: Tour en Quad por la Ma\u00f1ana desde Soma Bay. Visita un pueblo beduino y disfruta de un paseo en camello al amanecer. \u00a1Reserva ya!<\/p>\n","protected":false},"featured_media":6030,"comment_status":"closed","ping_status":"closed","template":"","meta":[],"product_brand":[],"product_cat":[3128],"product_tag":[3358,3188,3357],"class_list":{"0":"post-6029","1":"product","2":"type-product","3":"status-publish","4":"has-post-thumbnail","6":"product_cat-tours","7":"product_tag-excursiones-de-safari-por-el-desierto","8":"product_tag-excursiones-egipto","9":"product_tag-excursiones-la-soma-bay","10":"tour_category-excursiones-egipto-es","11":"tour_category-excursiones-en-soma-bay-es","12":"tour_category-safaris-por-el-desierto-de-hurghada","14":"first","15":"instock","16":"sale","17":"shipping-taxable","18":"purchasable","19":"product-type-tour","20":"has-default-attributes"},"yoast_head":"<!-- This site is optimized with the Yoast SEO Premium plugin v27.4 (Yoast SEO v27.4) - https:\/\/yoast.com\/product\/yoast-seo-premium-wordpress\/ -->\n<title>Tour en Quad por la Ma\u00f1ana desde Soma Bay<\/title>\n<meta name=\"description\" content=\"Adrenalina y cultura: Tour en Quad por la Ma\u00f1ana desde Soma Bay. Visita un pueblo beduino y disfruta de un paseo en camello al amanecer. \u00a1Reserva ya!\" \/>\n<meta name=\"robots\" content=\"index, follow, max-snippet:-1, max-image-preview:large, max-video-preview:-1\" \/>\n<link rel=\"canonical\" href=\"https:\/\/egytourpackages.com\/es\/tours\/tour-en-quad-por-la-manana-desde-soma-bay\/\" \/>\n<meta property=\"og:locale\" content=\"es_ES\" \/>\n<meta property=\"og:type\" content=\"article\" \/>\n<meta property=\"og:title\" content=\"Tour en Quad por la Ma\u00f1ana desde Soma Bay\" \/>\n<meta property=\"og:description\" content=\"Adrenalina y cultura: Tour en Quad por la Ma\u00f1ana desde Soma Bay. Visita un pueblo beduino y disfruta de un paseo en camello al amanecer. \u00a1Reserva ya!\" \/>\n<meta property=\"og:url\" content=\"https:\/\/egytourpackages.com\/es\/tours\/tour-en-quad-por-la-manana-desde-soma-bay\/\" \/>\n<meta property=\"og:site_name\" content=\"Egypt Tour Packages\" \/>\n<meta property=\"article:publisher\" content=\"https:\/\/www.facebook.com\/egytourpackages\" \/>\n<meta property=\"article:modified_time\" content=\"2026-01-28T23:53:13+00:00\" \/>\n<meta property=\"og:image\" content=\"https:\/\/egytourpackages.com\/wp-content\/uploads\/2025\/06\/Morning-Quad-Bike-Tour-from-Soma-Bay-2.jpeg\" \/>\n\t<meta property=\"og:image:width\" content=\"1500\" \/>\n\t<meta property=\"og:image:height\" content=\"1000\" \/>\n\t<meta property=\"og:image:type\" content=\"image\/jpeg\" \/>\n<meta name=\"twitter:card\" content=\"summary_large_image\" \/>\n<meta name=\"twitter:title\" content=\"Tour en Quad por la Ma\u00f1ana desde Soma Bay\" \/>\n<meta name=\"twitter:label1\" content=\"Precio\" \/>\n\t<meta name=\"twitter:data1\" content=\"&euro;35\" \/>\n\t<meta name=\"twitter:label2\" content=\"Disponibilidad\" \/>\n\t<meta name=\"twitter:data2\" content=\"Disponible\" \/>\n<script type=\"application\/ld+json\" class=\"yoast-schema-graph\">{\"@context\":\"https:\\\/\\\/schema.org\",\"@graph\":[{\"@type\":\"WebPage\",\"@id\":\"https:\\\/\\\/egytourpackages.com\\\/es\\\/tours\\\/tour-en-quad-por-la-manana-desde-soma-bay\\\/\",\"url\":\"https:\\\/\\\/egytourpackages.com\\\/es\\\/tours\\\/tour-en-quad-por-la-manana-desde-soma-bay\\\/\",\"name\":\"Tour en Quad por la Ma\u00f1ana desde Soma Bay\",\"isPartOf\":{\"@id\":\"https:\\\/\\\/egytourpackages.com\\\/es\\\/#website\"},\"primaryImageOfPage\":{\"@id\":\"https:\\\/\\\/egytourpackages.com\\\/es\\\/tours\\\/tour-en-quad-por-la-manana-desde-soma-bay\\\/#primaryimage\"},\"image\":{\"@id\":\"https:\\\/\\\/egytourpackages.com\\\/es\\\/tours\\\/tour-en-quad-por-la-manana-desde-soma-bay\\\/#primaryimage\"},\"thumbnailUrl\":\"https:\\\/\\\/egytourpackages.com\\\/wp-content\\\/uploads\\\/2025\\\/06\\\/Morning-Quad-Bike-Tour-from-Soma-Bay-2.jpeg\",\"datePublished\":\"2025-06-16T11:42:16+00:00\",\"dateModified\":\"2026-01-28T23:53:13+00:00\",\"description\":\"Adrenalina y cultura: Tour en Quad por la Ma\u00f1ana desde Soma Bay. Visita un pueblo beduino y disfruta de un paseo en camello al amanecer. \u00a1Reserva ya!\",\"breadcrumb\":{\"@id\":\"https:\\\/\\\/egytourpackages.com\\\/es\\\/tours\\\/tour-en-quad-por-la-manana-desde-soma-bay\\\/#breadcrumb\"},\"inLanguage\":\"es\",\"potentialAction\":[{\"@type\":\"ReadAction\",\"target\":[\"https:\\\/\\\/egytourpackages.com\\\/es\\\/tours\\\/tour-en-quad-por-la-manana-desde-soma-bay\\\/\"]}]},{\"@type\":\"ImageObject\",\"inLanguage\":\"es\",\"@id\":\"https:\\\/\\\/egytourpackages.com\\\/es\\\/tours\\\/tour-en-quad-por-la-manana-desde-soma-bay\\\/#primaryimage\",\"url\":\"https:\\\/\\\/egytourpackages.com\\\/wp-content\\\/uploads\\\/2025\\\/06\\\/Morning-Quad-Bike-Tour-from-Soma-Bay-2.jpeg\",\"contentUrl\":\"https:\\\/\\\/egytourpackages.com\\\/wp-content\\\/uploads\\\/2025\\\/06\\\/Morning-Quad-Bike-Tour-from-Soma-Bay-2.jpeg\",\"width\":1500,\"height\":1000,\"caption\":\"Tour en Quad por la Ma\u00f1ana desde Soma Bay\"},{\"@type\":\"BreadcrumbList\",\"@id\":\"https:\\\/\\\/egytourpackages.com\\\/es\\\/tours\\\/tour-en-quad-por-la-manana-desde-soma-bay\\\/#breadcrumb\",\"itemListElement\":[{\"@type\":\"ListItem\",\"position\":1,\"name\":\"Home\",\"item\":\"https:\\\/\\\/egytourpackages.com\\\/es\\\/paquetes-de-viaje-a-egipto\\\/\"},{\"@type\":\"ListItem\",\"position\":2,\"name\":\"Shop\",\"item\":\"https:\\\/\\\/egytourpackages.com\\\/shop\\\/\"},{\"@type\":\"ListItem\",\"position\":3,\"name\":\"Tour en Quad por la Ma\u00f1ana desde Soma Bay\"}]},{\"@type\":\"WebSite\",\"@id\":\"https:\\\/\\\/egytourpackages.com\\\/es\\\/#website\",\"url\":\"https:\\\/\\\/egytourpackages.com\\\/es\\\/\",\"name\":\"Egy tour packages\",\"description\":\"\",\"publisher\":{\"@id\":\"https:\\\/\\\/egytourpackages.com\\\/es\\\/#organization\"},\"potentialAction\":[{\"@type\":\"SearchAction\",\"target\":{\"@type\":\"EntryPoint\",\"urlTemplate\":\"https:\\\/\\\/egytourpackages.com\\\/es\\\/?s={search_term_string}\"},\"query-input\":{\"@type\":\"PropertyValueSpecification\",\"valueRequired\":true,\"valueName\":\"search_term_string\"}}],\"inLanguage\":\"es\"},{\"@type\":[\"Organization\",\"Place\",\"TravelAgency\"],\"@id\":\"https:\\\/\\\/egytourpackages.com\\\/es\\\/#organization\",\"name\":\"egypt tour packages\",\"alternateName\":\"egypt tour packages\",\"url\":\"https:\\\/\\\/egytourpackages.com\\\/es\\\/\",\"logo\":{\"@id\":\"https:\\\/\\\/egytourpackages.com\\\/es\\\/tours\\\/tour-en-quad-por-la-manana-desde-soma-bay\\\/#local-main-organization-logo\"},\"image\":{\"@id\":\"https:\\\/\\\/egytourpackages.com\\\/es\\\/tours\\\/tour-en-quad-por-la-manana-desde-soma-bay\\\/#local-main-organization-logo\"},\"sameAs\":[\"https:\\\/\\\/www.facebook.com\\\/egytourpackages\"],\"legalName\":\"Egy tour packages\",\"address\":{\"@id\":\"https:\\\/\\\/egytourpackages.com\\\/es\\\/tours\\\/tour-en-quad-por-la-manana-desde-soma-bay\\\/#local-main-place-address\"},\"telephone\":[\"00201000852186\",\"00201028685533\"],\"contactPoint\":{\"@type\":\"ContactPoint\",\"telephone\":\"00201000852186\"},\"openingHoursSpecification\":[{\"@type\":\"OpeningHoursSpecification\",\"dayOfWeek\":[\"Monday\",\"Tuesday\",\"Wednesday\",\"Thursday\",\"Friday\",\"Saturday\",\"Sunday\"],\"opens\":\"00:00\",\"closes\":\"23:59\"}],\"email\":\"info@egytourpackages.com\",\"areaServed\":\"Cairo, Hurghada, Luxor, Sharm El Sheikh, Marsa Alam, Aswan\",\"priceRange\":\"$\",\"currenciesAccepted\":\"euro\",\"paymentAccepted\":\"Payment links online\"},{\"@type\":\"PostalAddress\",\"@id\":\"https:\\\/\\\/egytourpackages.com\\\/es\\\/tours\\\/tour-en-quad-por-la-manana-desde-soma-bay\\\/#local-main-place-address\",\"streetAddress\":\"Mubarak 8, Al Kawthar District, Hurghada\",\"addressLocality\":\"Hurghada\",\"postalCode\":\"84511\",\"addressRegion\":\"Red Sea\",\"addressCountry\":\"EG\"},{\"@type\":\"ImageObject\",\"inLanguage\":\"es\",\"@id\":\"https:\\\/\\\/egytourpackages.com\\\/es\\\/tours\\\/tour-en-quad-por-la-manana-desde-soma-bay\\\/#local-main-organization-logo\",\"url\":\"https:\\\/\\\/egytourpackages.com\\\/wp-content\\\/uploads\\\/2025\\\/12\\\/Turquoise-Dahabiya-Nile-Cruise-1.jpeg\",\"contentUrl\":\"https:\\\/\\\/egytourpackages.com\\\/wp-content\\\/uploads\\\/2025\\\/12\\\/Turquoise-Dahabiya-Nile-Cruise-1.jpeg\",\"width\":1040,\"height\":694,\"caption\":\"egypt tour packages\"}]}<\/script>\n<meta property=\"product:brand\" content=\"Excursiones Egipto\" \/>\n<meta property=\"product:price:amount\" content=\"35\" \/>\n<meta property=\"product:price:currency\" content=\"EUR\" \/>\n<meta property=\"og:availability\" content=\"instock\" \/>\n<meta property=\"product:availability\" content=\"instock\" \/>\n<meta property=\"product:retailer_item_id\" content=\"SBE09\" \/>\n<meta property=\"product:condition\" content=\"new\" \/>\n<meta name=\"geo.placename\" content=\"Hurghada\" \/>\n<meta name=\"geo.region\" content=\"Egipto\" \/>\n<!-- \/ Yoast SEO Premium plugin. -->","yoast_head_json":{"title":"Tour en Quad por la Ma\u00f1ana desde Soma Bay","description":"Adrenalina y cultura: Tour en Quad por la Ma\u00f1ana desde Soma Bay. Visita un pueblo beduino y disfruta de un paseo en camello al amanecer. \u00a1Reserva ya!","robots":{"index":"index","follow":"follow","max-snippet":"max-snippet:-1","max-image-preview":"max-image-preview:large","max-video-preview":"max-video-preview:-1"},"canonical":"https:\/\/egytourpackages.com\/es\/tours\/tour-en-quad-por-la-manana-desde-soma-bay\/","og_locale":"es_ES","og_type":"article","og_title":"Tour en Quad por la Ma\u00f1ana desde Soma Bay","og_description":"Adrenalina y cultura: Tour en Quad por la Ma\u00f1ana desde Soma Bay. Visita un pueblo beduino y disfruta de un paseo en camello al amanecer. \u00a1Reserva ya!","og_url":"https:\/\/egytourpackages.com\/es\/tours\/tour-en-quad-por-la-manana-desde-soma-bay\/","og_site_name":"Egypt Tour Packages","article_publisher":"https:\/\/www.facebook.com\/egytourpackages","article_modified_time":"2026-01-28T23:53:13+00:00","og_image":[{"width":1500,"height":1000,"url":"https:\/\/egytourpackages.com\/wp-content\/uploads\/2025\/06\/Morning-Quad-Bike-Tour-from-Soma-Bay-2.jpeg","type":"image\/jpeg"}],"twitter_card":"summary_large_image","twitter_title":"Tour en Quad por la Ma\u00f1ana desde Soma Bay","twitter_misc":{"Precio":"&euro;35","Disponibilidad":"Disponible"},"schema":{"@context":"https:\/\/schema.org","@graph":[{"@type":"WebPage","@id":"https:\/\/egytourpackages.com\/es\/tours\/tour-en-quad-por-la-manana-desde-soma-bay\/","url":"https:\/\/egytourpackages.com\/es\/tours\/tour-en-quad-por-la-manana-desde-soma-bay\/","name":"Tour en Quad por la Ma\u00f1ana desde Soma Bay","isPartOf":{"@id":"https:\/\/egytourpackages.com\/es\/#website"},"primaryImageOfPage":{"@id":"https:\/\/egytourpackages.com\/es\/tours\/tour-en-quad-por-la-manana-desde-soma-bay\/#primaryimage"},"image":{"@id":"https:\/\/egytourpackages.com\/es\/tours\/tour-en-quad-por-la-manana-desde-soma-bay\/#primaryimage"},"thumbnailUrl":"https:\/\/egytourpackages.com\/wp-content\/uploads\/2025\/06\/Morning-Quad-Bike-Tour-from-Soma-Bay-2.jpeg","datePublished":"2025-06-16T11:42:16+00:00","dateModified":"2026-01-28T23:53:13+00:00","description":"Adrenalina y cultura: Tour en Quad por la Ma\u00f1ana desde Soma Bay. Visita un pueblo beduino y disfruta de un paseo en camello al amanecer. \u00a1Reserva ya!","breadcrumb":{"@id":"https:\/\/egytourpackages.com\/es\/tours\/tour-en-quad-por-la-manana-desde-soma-bay\/#breadcrumb"},"inLanguage":"es","potentialAction":[{"@type":"ReadAction","target":["https:\/\/egytourpackages.com\/es\/tours\/tour-en-quad-por-la-manana-desde-soma-bay\/"]}]},{"@type":"ImageObject","inLanguage":"es","@id":"https:\/\/egytourpackages.com\/es\/tours\/tour-en-quad-por-la-manana-desde-soma-bay\/#primaryimage","url":"https:\/\/egytourpackages.com\/wp-content\/uploads\/2025\/06\/Morning-Quad-Bike-Tour-from-Soma-Bay-2.jpeg","contentUrl":"https:\/\/egytourpackages.com\/wp-content\/uploads\/2025\/06\/Morning-Quad-Bike-Tour-from-Soma-Bay-2.jpeg","width":1500,"height":1000,"caption":"Tour en Quad por la Ma\u00f1ana desde Soma Bay"},{"@type":"BreadcrumbList","@id":"https:\/\/egytourpackages.com\/es\/tours\/tour-en-quad-por-la-manana-desde-soma-bay\/#breadcrumb","itemListElement":[{"@type":"ListItem","position":1,"name":"Home","item":"https:\/\/egytourpackages.com\/es\/paquetes-de-viaje-a-egipto\/"},{"@type":"ListItem","position":2,"name":"Shop","item":"https:\/\/egytourpackages.com\/shop\/"},{"@type":"ListItem","position":3,"name":"Tour en Quad por la Ma\u00f1ana desde Soma Bay"}]},{"@type":"WebSite","@id":"https:\/\/egytourpackages.com\/es\/#website","url":"https:\/\/egytourpackages.com\/es\/","name":"Egy tour packages","description":"","publisher":{"@id":"https:\/\/egytourpackages.com\/es\/#organization"},"potentialAction":[{"@type":"SearchAction","target":{"@type":"EntryPoint","urlTemplate":"https:\/\/egytourpackages.com\/es\/?s={search_term_string}"},"query-input":{"@type":"PropertyValueSpecification","valueRequired":true,"valueName":"search_term_string"}}],"inLanguage":"es"},{"@type":["Organization","Place","TravelAgency"],"@id":"https:\/\/egytourpackages.com\/es\/#organization","name":"egypt tour packages","alternateName":"egypt tour packages","url":"https:\/\/egytourpackages.com\/es\/","logo":{"@id":"https:\/\/egytourpackages.com\/es\/tours\/tour-en-quad-por-la-manana-desde-soma-bay\/#local-main-organization-logo"},"image":{"@id":"https:\/\/egytourpackages.com\/es\/tours\/tour-en-quad-por-la-manana-desde-soma-bay\/#local-main-organization-logo"},"sameAs":["https:\/\/www.facebook.com\/egytourpackages"],"legalName":"Egy tour packages","address":{"@id":"https:\/\/egytourpackages.com\/es\/tours\/tour-en-quad-por-la-manana-desde-soma-bay\/#local-main-place-address"},"telephone":["00201000852186","00201028685533"],"contactPoint":{"@type":"ContactPoint","telephone":"00201000852186"},"openingHoursSpecification":[{"@type":"OpeningHoursSpecification","dayOfWeek":["Monday","Tuesday","Wednesday","Thursday","Friday","Saturday","Sunday"],"opens":"00:00","closes":"23:59"}],"email":"info@egytourpackages.com","areaServed":"Cairo, Hurghada, Luxor, Sharm El Sheikh, Marsa Alam, Aswan","priceRange":"$","currenciesAccepted":"euro","paymentAccepted":"Payment links online"},{"@type":"PostalAddress","@id":"https:\/\/egytourpackages.com\/es\/tours\/tour-en-quad-por-la-manana-desde-soma-bay\/#local-main-place-address","streetAddress":"Mubarak 8, Al Kawthar District, Hurghada","addressLocality":"Hurghada","postalCode":"84511","addressRegion":"Red Sea","addressCountry":"EG"},{"@type":"ImageObject","inLanguage":"es","@id":"https:\/\/egytourpackages.com\/es\/tours\/tour-en-quad-por-la-manana-desde-soma-bay\/#local-main-organization-logo","url":"https:\/\/egytourpackages.com\/wp-content\/uploads\/2025\/12\/Turquoise-Dahabiya-Nile-Cruise-1.jpeg","contentUrl":"https:\/\/egytourpackages.com\/wp-content\/uploads\/2025\/12\/Turquoise-Dahabiya-Nile-Cruise-1.jpeg","width":1040,"height":694,"caption":"egypt tour packages"}]},"product_brand":"Excursiones Egipto","product_price_amount":"35","product_price_currency":"EUR","og_availability":"instock","product_availability":"instock","product_retailer_item_id":"SBE09","product_condition":"new","geo.placename":"Hurghada","geo.region":"Egipto"},"_links":{"self":[{"href":"https:\/\/egytourpackages.com\/es\/wp-json\/wp\/v2\/product\/6029","targetHints":{"allow":["GET"]}}],"collection":[{"href":"https:\/\/egytourpackages.com\/es\/wp-json\/wp\/v2\/product"}],"about":[{"href":"https:\/\/egytourpackages.com\/es\/wp-json\/wp\/v2\/types\/product"}],"replies":[{"embeddable":true,"href":"https:\/\/egytourpackages.com\/es\/wp-json\/wp\/v2\/comments?post=6029"}],"wp:featuredmedia":[{"embeddable":true,"href":"https:\/\/egytourpackages.com\/es\/wp-json\/wp\/v2\/media\/6030"}],"wp:attachment":[{"href":"https:\/\/egytourpackages.com\/es\/wp-json\/wp\/v2\/media?parent=6029"}],"wp:term":[{"taxonomy":"product_brand","embeddable":true,"href":"https:\/\/egytourpackages.com\/es\/wp-json\/wp\/v2\/product_brand?post=6029"},{"taxonomy":"product_cat","embeddable":true,"href":"https:\/\/egytourpackages.com\/es\/wp-json\/wp\/v2\/product_cat?post=6029"},{"taxonomy":"product_tag","embeddable":true,"href":"https:\/\/egytourpackages.com\/es\/wp-json\/wp\/v2\/product_tag?post=6029"}],"curies":[{"name":"wp","href":"https:\/\/api.w.org\/{rel}","templated":true}]}}