{"id":6032,"date":"2025-06-02T20:04:39","date_gmt":"2025-06-02T20:04:39","guid":{"rendered":"https:\/\/egytourpackages.com\/product\/viaje-de-buceo-nocturno-a-sataya-dolphin-house-desde-marsa-alam\/"},"modified":"2026-01-25T02:32:20","modified_gmt":"2026-01-25T02:32:20","slug":"viaje-de-buceo-nocturno-a-sataya-dolphin-house-desde-marsa-alam","status":"publish","type":"product","link":"https:\/\/egytourpackages.com\/es\/tours\/viaje-de-buceo-nocturno-a-sataya-dolphin-house-desde-marsa-alam\/","title":{"rendered":"Viaje de buceo nocturno a Sataya Dolphin House desde Marsa Alam"},"content":{"rendered":"<p><span style=\"color: #ff6600;\"><strong>Viaje de buceo nocturno a Sataya Dolphin House desde Marsa Alam<\/strong><\/span><\/p>\n<p><strong>Bucea con Delfines | Pasa la noche en el mar | Descubre las joyas escondidas del Mar Rojo | Oportunidades de fotos submarinas | Servicio todo incluido | Tours a Marsa Alam<\/strong><\/p>\n<p><strong>Resumen<\/strong> Reserva tu <strong>viaje de buceo nocturno a Sataya Dolphin House desde Marsa Alam<\/strong> a uno de los destinos de esn\u00f3rquel y buceo m\u00e1s impresionantes del Mar Rojo. Los <strong>paquetes tur\u00edsticos de Egy<\/strong> te ofrecen la oportunidad de experimentar la magia del <strong>Arrecife Sataya<\/strong>, tambi\u00e9n conocido como <strong>Arrecife Dolphin House<\/strong>, para bucear en el arrecife m\u00e1s grande del Mar Rojo con una longitud de 45 km.<\/p>\n<p>Disfruta de 4 inmersiones en total alrededor del <strong>Arrecife de Delfines de Shaab Sataya<\/strong> y el \u00e1rea de <strong>Abu Ghalawa<\/strong> para explorar jardines de coral y bancos de peces de arrecife, tortugas y rayas \u00e1guila.<\/p>\n<p>Este viaje de buceo nocturno todo incluido es perfecto para buceadores certificados que quieren escapar de las multitudes, explorar sitios de buceo v\u00edrgenes. Adem\u00e1s, este incre\u00edble viaje de buceo es perfecto si buscas <strong>cosas que hacer con tus amigos<\/strong>, <strong>escapadas rom\u00e1nticas de fin de semana<\/strong> o <strong>paquetes de vacaciones familiares de lujo<\/strong>. Cont\u00e1ctanos y disfruta de uno de los mejores <strong>tours en Egipto<\/strong> mientras est\u00e1s en Marsa Alam.<\/p>\n<h3><span style=\"color: #ff6600;\">Detalles<\/span><\/h3>\n<ul>\n<li>Duraci\u00f3n: 2 D\u00edas | 1 Noche<\/li>\n<li>Ubicaci\u00f3n del Tour: Marsa Alam<\/li>\n<li>Disponibilidad del Tour: S\u00e1bado \u2013 Lunes \u2013 Mi\u00e9rcoles<\/li>\n<li>Recogida y Regreso: Tu Hotel en Marsa Alam<\/li>\n<li>Tipo de Tour: Tour Recreativo<\/li>\n<li>Idioma: <strong>Espa\u00f1ol<\/strong><\/li>\n<li>Silla de ruedas: accesible<\/li>\n<\/ul>\n<h3><span style=\"color: #ff6600;\">Inclusiones<\/span><\/h3>\n<ul>\n<li>Transfer de ida y vuelta desde tu hotel<\/li>\n<li>1 noche de alojamiento a bordo con todo incluido en habitaci\u00f3n doble<\/li>\n<li>Comidas seg\u00fan lo mencionado en el programa<\/li>\n<li>Instructor de buceo que habla <strong>espa\u00f1ol<\/strong><\/li>\n<li>Procedimiento m\u00e9dico para cualquier caso de emergencia.<\/li>\n<\/ul>\n<h3><span style=\"color: #ff6600;\">Exclusiones<\/span><\/h3>\n<ul>\n<li>Alquiler de equipo de buceo completo (disponible bajo petici\u00f3n)<\/li>\n<li>Tasa ambiental 10 euros por viaje<\/li>\n<li>Si eliges bucear, el equipo de buceo no est\u00e1 incluido (cuesta 20 euros por d\u00eda)<\/li>\n<li>DVD y Fotos del camar\u00f3grafo<\/li>\n<\/ul>\n<h3><span style=\"color: #ff6600;\">Qu\u00e9 empacar<\/span><\/h3>\n<ul>\n<li>Toalla de playa del hotel<\/li>\n<li>Equipo de buceo personal (si lo prefieres)<\/li>\n<li>Traje de ba\u00f1o, protector solar, gafas de sol<\/li>\n<li>Ropa de abrigo para la noche<\/li>\n<li>C\u00e1mara a prueba de agua (muy recomendable)<\/li>\n<\/ul>\n<h2><span style=\"color: #ff6600;\">Itinerario<\/span><\/h2>\n<h3><span style=\"color: #ff6600;\">D\u00eda 1: Marsa Alam al Arrecife Sataya<\/span><\/h3>\n<p>Nuestro representante te recibir\u00e1 en el vest\u00edbulo de tu hotel para comenzar tu viaje de buceo nocturno a Sataya desde Marsa Alam. Al llegar al Puerto de Hamata, donde te espera tu barco, ser\u00e1s recibido por la tripulaci\u00f3n. Se tarda dos horas y media de navegaci\u00f3n para llegar al <strong>Arrecife de Delfines de Shaab Sataya<\/strong>. Prep\u00e1rate para la primera inmersi\u00f3n despu\u00e9s de una charla informativa de tu instructor de buceo en un lugar de buceo muy bonito con incre\u00edbles arrecifes de coral y peces de colores.<\/p>\n<p>De hecho, cuando no sea tu turno de bucear, puedes nadar con delfines en el <strong>Arrecife Dolphin House<\/strong>. M\u00e1s tarde, disfrutar\u00e1s de un almuerzo reci\u00e9n preparado a bordo antes de tu segunda inmersi\u00f3n en un lugar de buceo diferente. Ahora es el momento de relajarse y escuchar m\u00fasica suave mientras se prepara la cena. Disfruta de tu cena y luego eres libre de quedarte en la cubierta, dormir en tu habitaci\u00f3n o participar en una inmersi\u00f3n nocturna con cargo adicional.<\/p>\n<h3><span style=\"color: #ff6600;\">D\u00eda 2: Arrecife Sataya al hotel en Marsa Alam<\/span><\/h3>\n<p>Lev\u00e1ntate temprano para la primera inmersi\u00f3n antes del desayuno y antes de que los barcos de excursi\u00f3n diaria lleguen a la <strong>laguna de Sataya<\/strong>. Tambi\u00e9n puedes disfrutar de una sesi\u00f3n de esn\u00f3rquel con los juguetones <strong>delfines<\/strong> hasta que el desayuno sea servido a bordo. Ahora es el momento de navegar al norte del arrecife Sataya hasta <strong>Abu Ghalawa<\/strong>, donde har\u00e1s tu \u00faltima inmersi\u00f3n. Abu Ghalawa es famoso por sus arrecifes de coral \u00fanicos y su vida marina. Finalmente, disfruta de tu almuerzo a bordo mientras navegas de regreso al muelle de Hamata y luego te llevamos de vuelta a tu hotel en Marsa Alam.<\/p>\n<h2><span style=\"color: #ff6600;\">P.C.<\/span><\/h2>\n<p>Los espacios son limitados y se llenan r\u00e1pidamente debido a la alta demanda. Reserva tu lugar ahora y l\u00e1nzate a una de las experiencias de buceo nocturno m\u00e1s espectaculares que el Mar Rojo tiene para ofrecer.<\/p>\n<h3><span style=\"color: #ff6600;\">Precio Viaje de buceo nocturno a Sataya Dolphin House desde Marsa Alam<\/span><\/h3>\n<ul>\n<li>Precio Adulto: 200 euros por persona<\/li>\n<li>Beb\u00e9s 0-5 a\u00f1os: gratis<\/li>\n<li>Ni\u00f1os 5-11 a\u00f1os: 100 \u20ac<\/li>\n<\/ul>\n<h3><span style=\"color: #ff6600;\">Reserva<\/span><\/h3>\n<p>Puedes reservar tu tour a trav\u00e9s de WhatsApp o enviarnos un correo electr\u00f3nico y recibir\u00e1s la confirmaci\u00f3n al instante. Por favor, env\u00edanos el nombre de tu hotel, n\u00famero de habitaci\u00f3n y copias de tu pasaporte.<\/p>\n<p>WhatsApp: +201000852186<\/p>\n<p>info@egytourpackages.com<\/p>\n<h3><span style=\"color: #ff6600;\">Reserva Ahora y Paga en el lugar <\/span><\/h3>\n<p>Reserva tu tour favorito y paga el d\u00eda del viaje.<\/p>\n<h3><span style=\"color: #ff6600;\">Pago<\/span><\/h3>\n<p>Puedes pagar en libras egipcias, $, \u20ac o \u00a3.<\/p>\n<h3><span style=\"color: #ff6600;\">Pol\u00edtica de Cancelaci\u00f3n<\/span><\/h3>\n<ul>\n<li>La cancelaci\u00f3n es gratuita hasta 24 horas antes<\/li>\n<li>La cancelaci\u00f3n por la ma\u00f1ana es del 50% del precio<\/li>\n<\/ul>\n","protected":false},"excerpt":{"rendered":"<p>Viaje de buceo nocturno a Sataya Dolphin House desde Marsa Alam. Nada con delfines salvajes, cena bajo las estrellas y descubre el arrecife.<\/p>\n","protected":false},"featured_media":6033,"comment_status":"closed","ping_status":"closed","template":"","meta":[],"product_brand":[],"product_cat":[3128],"product_tag":[3280,3188],"class_list":{"0":"post-6032","1":"product","2":"type-product","3":"status-publish","4":"has-post-thumbnail","6":"product_cat-tours","7":"product_tag-excursiones-a-marsa-alam","8":"product_tag-excursiones-egipto","9":"tour_category-excursiones-egipto-es","10":"tour_category-excursiones-en-marsa-alam-es","12":"first","13":"instock","14":"sale","15":"shipping-taxable","16":"purchasable","17":"product-type-tour","18":"has-default-attributes"},"yoast_head":"<!-- This site is optimized with the Yoast SEO Premium plugin v27.4 (Yoast SEO v27.4) - https:\/\/yoast.com\/product\/yoast-seo-premium-wordpress\/ -->\n<title>Viaje de buceo nocturno a Sataya Dolphin House desde Marsa Alam<\/title>\n<meta name=\"description\" content=\"Viaje de buceo nocturno a Sataya Dolphin House desde Marsa Alam. Nada con delfines salvajes, cena bajo las estrellas y descubre el arrecife.\" \/>\n<meta name=\"robots\" content=\"index, follow, max-snippet:-1, max-image-preview:large, max-video-preview:-1\" \/>\n<link rel=\"canonical\" href=\"https:\/\/egytourpackages.com\/es\/tours\/viaje-de-buceo-nocturno-a-sataya-dolphin-house-desde-marsa-alam\/\" \/>\n<meta property=\"og:locale\" content=\"es_ES\" \/>\n<meta property=\"og:type\" content=\"article\" \/>\n<meta property=\"og:title\" content=\"Viaje de buceo nocturno a Sataya Dolphin House desde Marsa Alam\" \/>\n<meta property=\"og:description\" content=\"Viaje de buceo nocturno a Sataya Dolphin House desde Marsa Alam. Nada con delfines salvajes, cena bajo las estrellas y descubre el arrecife.\" \/>\n<meta property=\"og:url\" content=\"https:\/\/egytourpackages.com\/es\/tours\/viaje-de-buceo-nocturno-a-sataya-dolphin-house-desde-marsa-alam\/\" \/>\n<meta property=\"og:site_name\" content=\"Egypt Tour Packages\" \/>\n<meta property=\"article:publisher\" content=\"https:\/\/www.facebook.com\/egytourpackages\" \/>\n<meta property=\"article:modified_time\" content=\"2026-01-25T02:32:20+00:00\" \/>\n<meta property=\"og:image\" content=\"https:\/\/egytourpackages.com\/wp-content\/uploads\/2025\/06\/Sataya-Overnight-Diving-Trip-from-Marsa-Alam.jpg\" \/>\n<meta name=\"twitter:card\" content=\"summary_large_image\" \/>\n<meta name=\"twitter:title\" content=\"Viaje de buceo nocturno a Sataya Dolphin House desde Marsa Alam\" \/>\n<meta name=\"twitter:label1\" content=\"Precio\" \/>\n\t<meta name=\"twitter:data1\" content=\"&euro;200\" \/>\n\t<meta name=\"twitter:label2\" content=\"Disponibilidad\" \/>\n\t<meta name=\"twitter:data2\" content=\"Disponible\" \/>\n<script type=\"application\/ld+json\" class=\"yoast-schema-graph\">{\"@context\":\"https:\\\/\\\/schema.org\",\"@graph\":[{\"@type\":\"WebPage\",\"@id\":\"https:\\\/\\\/egytourpackages.com\\\/es\\\/tours\\\/viaje-de-buceo-nocturno-a-sataya-dolphin-house-desde-marsa-alam\\\/\",\"url\":\"https:\\\/\\\/egytourpackages.com\\\/es\\\/tours\\\/viaje-de-buceo-nocturno-a-sataya-dolphin-house-desde-marsa-alam\\\/\",\"name\":\"Viaje de buceo nocturno a Sataya Dolphin House desde Marsa Alam\",\"isPartOf\":{\"@id\":\"https:\\\/\\\/egytourpackages.com\\\/es\\\/#website\"},\"primaryImageOfPage\":{\"@id\":\"https:\\\/\\\/egytourpackages.com\\\/es\\\/tours\\\/viaje-de-buceo-nocturno-a-sataya-dolphin-house-desde-marsa-alam\\\/#primaryimage\"},\"image\":{\"@id\":\"https:\\\/\\\/egytourpackages.com\\\/es\\\/tours\\\/viaje-de-buceo-nocturno-a-sataya-dolphin-house-desde-marsa-alam\\\/#primaryimage\"},\"thumbnailUrl\":\"https:\\\/\\\/egytourpackages.com\\\/wp-content\\\/uploads\\\/2025\\\/06\\\/Sataya-Overnight-Diving-Trip-from-Marsa-Alam.jpg\",\"datePublished\":\"2025-06-02T20:04:39+00:00\",\"dateModified\":\"2026-01-25T02:32:20+00:00\",\"description\":\"Viaje de buceo nocturno a Sataya Dolphin House desde Marsa Alam. Nada con delfines salvajes, cena bajo las estrellas y descubre el arrecife.\",\"breadcrumb\":{\"@id\":\"https:\\\/\\\/egytourpackages.com\\\/es\\\/tours\\\/viaje-de-buceo-nocturno-a-sataya-dolphin-house-desde-marsa-alam\\\/#breadcrumb\"},\"inLanguage\":\"es\",\"potentialAction\":[{\"@type\":\"ReadAction\",\"target\":[\"https:\\\/\\\/egytourpackages.com\\\/es\\\/tours\\\/viaje-de-buceo-nocturno-a-sataya-dolphin-house-desde-marsa-alam\\\/\"]}]},{\"@type\":\"ImageObject\",\"inLanguage\":\"es\",\"@id\":\"https:\\\/\\\/egytourpackages.com\\\/es\\\/tours\\\/viaje-de-buceo-nocturno-a-sataya-dolphin-house-desde-marsa-alam\\\/#primaryimage\",\"url\":\"https:\\\/\\\/egytourpackages.com\\\/wp-content\\\/uploads\\\/2025\\\/06\\\/Sataya-Overnight-Diving-Trip-from-Marsa-Alam.jpg\",\"contentUrl\":\"https:\\\/\\\/egytourpackages.com\\\/wp-content\\\/uploads\\\/2025\\\/06\\\/Sataya-Overnight-Diving-Trip-from-Marsa-Alam.jpg\",\"width\":1000,\"height\":665,\"caption\":\"Viaje de buceo nocturno a Sataya Dolphin House desde Marsa Alam\"},{\"@type\":\"BreadcrumbList\",\"@id\":\"https:\\\/\\\/egytourpackages.com\\\/es\\\/tours\\\/viaje-de-buceo-nocturno-a-sataya-dolphin-house-desde-marsa-alam\\\/#breadcrumb\",\"itemListElement\":[{\"@type\":\"ListItem\",\"position\":1,\"name\":\"Home\",\"item\":\"https:\\\/\\\/egytourpackages.com\\\/es\\\/paquetes-de-viaje-a-egipto\\\/\"},{\"@type\":\"ListItem\",\"position\":2,\"name\":\"Shop\",\"item\":\"https:\\\/\\\/egytourpackages.com\\\/shop\\\/\"},{\"@type\":\"ListItem\",\"position\":3,\"name\":\"Viaje de buceo nocturno a Sataya Dolphin House desde Marsa Alam\"}]},{\"@type\":\"WebSite\",\"@id\":\"https:\\\/\\\/egytourpackages.com\\\/es\\\/#website\",\"url\":\"https:\\\/\\\/egytourpackages.com\\\/es\\\/\",\"name\":\"Egy tour packages\",\"description\":\"\",\"publisher\":{\"@id\":\"https:\\\/\\\/egytourpackages.com\\\/es\\\/#organization\"},\"potentialAction\":[{\"@type\":\"SearchAction\",\"target\":{\"@type\":\"EntryPoint\",\"urlTemplate\":\"https:\\\/\\\/egytourpackages.com\\\/es\\\/?s={search_term_string}\"},\"query-input\":{\"@type\":\"PropertyValueSpecification\",\"valueRequired\":true,\"valueName\":\"search_term_string\"}}],\"inLanguage\":\"es\"},{\"@type\":[\"Organization\",\"Place\",\"TravelAgency\"],\"@id\":\"https:\\\/\\\/egytourpackages.com\\\/es\\\/#organization\",\"name\":\"egypt tour packages\",\"alternateName\":\"egypt tour packages\",\"url\":\"https:\\\/\\\/egytourpackages.com\\\/es\\\/\",\"logo\":{\"@id\":\"https:\\\/\\\/egytourpackages.com\\\/es\\\/tours\\\/viaje-de-buceo-nocturno-a-sataya-dolphin-house-desde-marsa-alam\\\/#local-main-organization-logo\"},\"image\":{\"@id\":\"https:\\\/\\\/egytourpackages.com\\\/es\\\/tours\\\/viaje-de-buceo-nocturno-a-sataya-dolphin-house-desde-marsa-alam\\\/#local-main-organization-logo\"},\"sameAs\":[\"https:\\\/\\\/www.facebook.com\\\/egytourpackages\"],\"legalName\":\"Egy tour packages\",\"address\":{\"@id\":\"https:\\\/\\\/egytourpackages.com\\\/es\\\/tours\\\/viaje-de-buceo-nocturno-a-sataya-dolphin-house-desde-marsa-alam\\\/#local-main-place-address\"},\"telephone\":[\"00201000852186\",\"00201028685533\"],\"contactPoint\":{\"@type\":\"ContactPoint\",\"telephone\":\"00201000852186\"},\"openingHoursSpecification\":[{\"@type\":\"OpeningHoursSpecification\",\"dayOfWeek\":[\"Monday\",\"Tuesday\",\"Wednesday\",\"Thursday\",\"Friday\",\"Saturday\",\"Sunday\"],\"opens\":\"00:00\",\"closes\":\"23:59\"}],\"email\":\"info@egytourpackages.com\",\"areaServed\":\"Cairo, Hurghada, Luxor, Sharm El Sheikh, Marsa Alam, Aswan\",\"priceRange\":\"$\",\"currenciesAccepted\":\"euro\",\"paymentAccepted\":\"Payment links online\"},{\"@type\":\"PostalAddress\",\"@id\":\"https:\\\/\\\/egytourpackages.com\\\/es\\\/tours\\\/viaje-de-buceo-nocturno-a-sataya-dolphin-house-desde-marsa-alam\\\/#local-main-place-address\",\"streetAddress\":\"Mubarak 8, Al Kawthar District, Hurghada\",\"addressLocality\":\"Hurghada\",\"postalCode\":\"84511\",\"addressRegion\":\"Red Sea\",\"addressCountry\":\"EG\"},{\"@type\":\"ImageObject\",\"inLanguage\":\"es\",\"@id\":\"https:\\\/\\\/egytourpackages.com\\\/es\\\/tours\\\/viaje-de-buceo-nocturno-a-sataya-dolphin-house-desde-marsa-alam\\\/#local-main-organization-logo\",\"url\":\"https:\\\/\\\/egytourpackages.com\\\/wp-content\\\/uploads\\\/2025\\\/12\\\/Turquoise-Dahabiya-Nile-Cruise-1.jpeg\",\"contentUrl\":\"https:\\\/\\\/egytourpackages.com\\\/wp-content\\\/uploads\\\/2025\\\/12\\\/Turquoise-Dahabiya-Nile-Cruise-1.jpeg\",\"width\":1040,\"height\":694,\"caption\":\"egypt tour packages\"}]}<\/script>\n<meta property=\"product:brand\" content=\"Excursiones Egipto\" \/>\n<meta property=\"product:price:amount\" content=\"200\" \/>\n<meta property=\"product:price:currency\" content=\"EUR\" \/>\n<meta property=\"og:availability\" content=\"instock\" \/>\n<meta property=\"product:availability\" content=\"instock\" \/>\n<meta property=\"product:retailer_item_id\" content=\"MAT13\" \/>\n<meta property=\"product:condition\" content=\"new\" \/>\n<meta name=\"geo.placename\" content=\"Hurghada\" \/>\n<meta name=\"geo.region\" content=\"Egipto\" \/>\n<!-- \/ Yoast SEO Premium plugin. -->","yoast_head_json":{"title":"Viaje de buceo nocturno a Sataya Dolphin House desde Marsa Alam","description":"Viaje de buceo nocturno a Sataya Dolphin House desde Marsa Alam. Nada con delfines salvajes, cena bajo las estrellas y descubre el arrecife.","robots":{"index":"index","follow":"follow","max-snippet":"max-snippet:-1","max-image-preview":"max-image-preview:large","max-video-preview":"max-video-preview:-1"},"canonical":"https:\/\/egytourpackages.com\/es\/tours\/viaje-de-buceo-nocturno-a-sataya-dolphin-house-desde-marsa-alam\/","og_locale":"es_ES","og_type":"article","og_title":"Viaje de buceo nocturno a Sataya Dolphin House desde Marsa Alam","og_description":"Viaje de buceo nocturno a Sataya Dolphin House desde Marsa Alam. Nada con delfines salvajes, cena bajo las estrellas y descubre el arrecife.","og_url":"https:\/\/egytourpackages.com\/es\/tours\/viaje-de-buceo-nocturno-a-sataya-dolphin-house-desde-marsa-alam\/","og_site_name":"Egypt Tour Packages","article_publisher":"https:\/\/www.facebook.com\/egytourpackages","article_modified_time":"2026-01-25T02:32:20+00:00","og_image":[{"url":"https:\/\/egytourpackages.com\/wp-content\/uploads\/2025\/06\/Sataya-Overnight-Diving-Trip-from-Marsa-Alam.jpg","type":"","width":"","height":""}],"twitter_card":"summary_large_image","twitter_title":"Viaje de buceo nocturno a Sataya Dolphin House desde Marsa Alam","twitter_misc":{"Precio":"&euro;200","Disponibilidad":"Disponible"},"schema":{"@context":"https:\/\/schema.org","@graph":[{"@type":"WebPage","@id":"https:\/\/egytourpackages.com\/es\/tours\/viaje-de-buceo-nocturno-a-sataya-dolphin-house-desde-marsa-alam\/","url":"https:\/\/egytourpackages.com\/es\/tours\/viaje-de-buceo-nocturno-a-sataya-dolphin-house-desde-marsa-alam\/","name":"Viaje de buceo nocturno a Sataya Dolphin House desde Marsa Alam","isPartOf":{"@id":"https:\/\/egytourpackages.com\/es\/#website"},"primaryImageOfPage":{"@id":"https:\/\/egytourpackages.com\/es\/tours\/viaje-de-buceo-nocturno-a-sataya-dolphin-house-desde-marsa-alam\/#primaryimage"},"image":{"@id":"https:\/\/egytourpackages.com\/es\/tours\/viaje-de-buceo-nocturno-a-sataya-dolphin-house-desde-marsa-alam\/#primaryimage"},"thumbnailUrl":"https:\/\/egytourpackages.com\/wp-content\/uploads\/2025\/06\/Sataya-Overnight-Diving-Trip-from-Marsa-Alam.jpg","datePublished":"2025-06-02T20:04:39+00:00","dateModified":"2026-01-25T02:32:20+00:00","description":"Viaje de buceo nocturno a Sataya Dolphin House desde Marsa Alam. Nada con delfines salvajes, cena bajo las estrellas y descubre el arrecife.","breadcrumb":{"@id":"https:\/\/egytourpackages.com\/es\/tours\/viaje-de-buceo-nocturno-a-sataya-dolphin-house-desde-marsa-alam\/#breadcrumb"},"inLanguage":"es","potentialAction":[{"@type":"ReadAction","target":["https:\/\/egytourpackages.com\/es\/tours\/viaje-de-buceo-nocturno-a-sataya-dolphin-house-desde-marsa-alam\/"]}]},{"@type":"ImageObject","inLanguage":"es","@id":"https:\/\/egytourpackages.com\/es\/tours\/viaje-de-buceo-nocturno-a-sataya-dolphin-house-desde-marsa-alam\/#primaryimage","url":"https:\/\/egytourpackages.com\/wp-content\/uploads\/2025\/06\/Sataya-Overnight-Diving-Trip-from-Marsa-Alam.jpg","contentUrl":"https:\/\/egytourpackages.com\/wp-content\/uploads\/2025\/06\/Sataya-Overnight-Diving-Trip-from-Marsa-Alam.jpg","width":1000,"height":665,"caption":"Viaje de buceo nocturno a Sataya Dolphin House desde Marsa Alam"},{"@type":"BreadcrumbList","@id":"https:\/\/egytourpackages.com\/es\/tours\/viaje-de-buceo-nocturno-a-sataya-dolphin-house-desde-marsa-alam\/#breadcrumb","itemListElement":[{"@type":"ListItem","position":1,"name":"Home","item":"https:\/\/egytourpackages.com\/es\/paquetes-de-viaje-a-egipto\/"},{"@type":"ListItem","position":2,"name":"Shop","item":"https:\/\/egytourpackages.com\/shop\/"},{"@type":"ListItem","position":3,"name":"Viaje de buceo nocturno a Sataya Dolphin House desde Marsa Alam"}]},{"@type":"WebSite","@id":"https:\/\/egytourpackages.com\/es\/#website","url":"https:\/\/egytourpackages.com\/es\/","name":"Egy tour packages","description":"","publisher":{"@id":"https:\/\/egytourpackages.com\/es\/#organization"},"potentialAction":[{"@type":"SearchAction","target":{"@type":"EntryPoint","urlTemplate":"https:\/\/egytourpackages.com\/es\/?s={search_term_string}"},"query-input":{"@type":"PropertyValueSpecification","valueRequired":true,"valueName":"search_term_string"}}],"inLanguage":"es"},{"@type":["Organization","Place","TravelAgency"],"@id":"https:\/\/egytourpackages.com\/es\/#organization","name":"egypt tour packages","alternateName":"egypt tour packages","url":"https:\/\/egytourpackages.com\/es\/","logo":{"@id":"https:\/\/egytourpackages.com\/es\/tours\/viaje-de-buceo-nocturno-a-sataya-dolphin-house-desde-marsa-alam\/#local-main-organization-logo"},"image":{"@id":"https:\/\/egytourpackages.com\/es\/tours\/viaje-de-buceo-nocturno-a-sataya-dolphin-house-desde-marsa-alam\/#local-main-organization-logo"},"sameAs":["https:\/\/www.facebook.com\/egytourpackages"],"legalName":"Egy tour packages","address":{"@id":"https:\/\/egytourpackages.com\/es\/tours\/viaje-de-buceo-nocturno-a-sataya-dolphin-house-desde-marsa-alam\/#local-main-place-address"},"telephone":["00201000852186","00201028685533"],"contactPoint":{"@type":"ContactPoint","telephone":"00201000852186"},"openingHoursSpecification":[{"@type":"OpeningHoursSpecification","dayOfWeek":["Monday","Tuesday","Wednesday","Thursday","Friday","Saturday","Sunday"],"opens":"00:00","closes":"23:59"}],"email":"info@egytourpackages.com","areaServed":"Cairo, Hurghada, Luxor, Sharm El Sheikh, Marsa Alam, Aswan","priceRange":"$","currenciesAccepted":"euro","paymentAccepted":"Payment links online"},{"@type":"PostalAddress","@id":"https:\/\/egytourpackages.com\/es\/tours\/viaje-de-buceo-nocturno-a-sataya-dolphin-house-desde-marsa-alam\/#local-main-place-address","streetAddress":"Mubarak 8, Al Kawthar District, Hurghada","addressLocality":"Hurghada","postalCode":"84511","addressRegion":"Red Sea","addressCountry":"EG"},{"@type":"ImageObject","inLanguage":"es","@id":"https:\/\/egytourpackages.com\/es\/tours\/viaje-de-buceo-nocturno-a-sataya-dolphin-house-desde-marsa-alam\/#local-main-organization-logo","url":"https:\/\/egytourpackages.com\/wp-content\/uploads\/2025\/12\/Turquoise-Dahabiya-Nile-Cruise-1.jpeg","contentUrl":"https:\/\/egytourpackages.com\/wp-content\/uploads\/2025\/12\/Turquoise-Dahabiya-Nile-Cruise-1.jpeg","width":1040,"height":694,"caption":"egypt tour packages"}]},"product_brand":"Excursiones Egipto","product_price_amount":"200","product_price_currency":"EUR","og_availability":"instock","product_availability":"instock","product_retailer_item_id":"MAT13","product_condition":"new","geo.placename":"Hurghada","geo.region":"Egipto"},"_links":{"self":[{"href":"https:\/\/egytourpackages.com\/es\/wp-json\/wp\/v2\/product\/6032","targetHints":{"allow":["GET"]}}],"collection":[{"href":"https:\/\/egytourpackages.com\/es\/wp-json\/wp\/v2\/product"}],"about":[{"href":"https:\/\/egytourpackages.com\/es\/wp-json\/wp\/v2\/types\/product"}],"replies":[{"embeddable":true,"href":"https:\/\/egytourpackages.com\/es\/wp-json\/wp\/v2\/comments?post=6032"}],"wp:featuredmedia":[{"embeddable":true,"href":"https:\/\/egytourpackages.com\/es\/wp-json\/wp\/v2\/media\/6033"}],"wp:attachment":[{"href":"https:\/\/egytourpackages.com\/es\/wp-json\/wp\/v2\/media?parent=6032"}],"wp:term":[{"taxonomy":"product_brand","embeddable":true,"href":"https:\/\/egytourpackages.com\/es\/wp-json\/wp\/v2\/product_brand?post=6032"},{"taxonomy":"product_cat","embeddable":true,"href":"https:\/\/egytourpackages.com\/es\/wp-json\/wp\/v2\/product_cat?post=6032"},{"taxonomy":"product_tag","embeddable":true,"href":"https:\/\/egytourpackages.com\/es\/wp-json\/wp\/v2\/product_tag?post=6032"}],"curies":[{"name":"wp","href":"https:\/\/api.w.org\/{rel}","templated":true}]}}