{"id":6035,"date":"2025-05-26T19:57:11","date_gmt":"2025-05-26T19:57:11","guid":{"rendered":"https:\/\/egytourpackages.com\/product\/viaje-de-esnorquel-todo-incluido-a-la-isla-bianca\/"},"modified":"2026-01-28T02:46:43","modified_gmt":"2026-01-28T02:46:43","slug":"viaje-de-esnorquel-todo-incluido-a-la-isla-bianca","status":"publish","type":"product","link":"https:\/\/egytourpackages.com\/es\/tours\/viaje-de-esnorquel-todo-incluido-a-la-isla-bianca\/","title":{"rendered":"Viaje de esn\u00f3rquel todo incluido a la Isla Bianca"},"content":{"rendered":"<p><span style=\"color: #ff6600;\"><strong>Viaje de esn\u00f3rquel todo incluido a la Isla Bianca<\/strong><\/span><\/p>\n<p><strong>| Entradas y parque nacional | Semi Submarino | Equipo de esn\u00f3rquel | Paga el d\u00eda del viaje | Cancelaci\u00f3n gratuita | Reserva por WhatsApp | Sin cargos ocultos | Gu\u00eda privado | Almuerzo de mariscos | Excursiones en Hurghada |<\/strong><\/p>\n<p>Reserva tu <strong>viaje de esn\u00f3rquel todo incluido a la Isla Bianca<\/strong> y experimenta la playa de arena blanca y el agua cristalina de color turquesa. De hecho, la incre\u00edble isla de 1,5 km\u00b2 es un lugar ideal para la relajaci\u00f3n y la exploraci\u00f3n submarina. Un viaje de esn\u00f3rquel de d\u00eda completo a la <strong>Isla Bianca<\/strong> o a la <strong>Isla Utop\u00eda<\/strong> desde Safaga es un verdadero placer.<\/p>\n<p>As\u00ed que, si buscas <strong>cosas divertidas que hacer en la playa con la familia<\/strong> y <strong>actividades familiares<\/strong>, este viaje es para ti. Disfruta viendo criaturas marinas como peces, estrellas de mar, tortugas y caracoles, una <strong>experiencia familiar \u00fanica<\/strong> e inolvidable.<\/p>\n<p>En general, la Isla Bianca con todo incluido no es solo para familias, sino tambi\u00e9n para <strong>actividades para hacer con amigos<\/strong> y <strong>las mejores vacaciones en la playa para parejas<\/strong>. Egy tour packages ofrece este <strong>viaje de esn\u00f3rquel<\/strong> para <strong>seniors<\/strong> y para <strong>seniors con discapacidad<\/strong> o para <strong>seniors con discapacidades en sillas de ruedas<\/strong>.<\/p>\n<p>En resumen, si buscas <strong>cosas que hacer en tu cumplea\u00f1os con amigos<\/strong>, no lo pienses y opta por este viaje. Mientras tanto, si te gustar\u00eda disfrutar de una <strong>sesi\u00f3n de masaje de cuerpo completo<\/strong> directamente en la playa, puedes pre-reservarla con nosotros.<\/p>\n<p>Tambi\u00e9n eres libre de pasar 4 horas en la Isla Bianca o ir a hacer esn\u00f3rquel con un gu\u00eda o disfrutar del semi submarino para ver los corales sin mojarte.<\/p>\n<h3><span style=\"color: #ff6600;\">Detalles del Tour<\/span><\/h3>\n<ul>\n<li>Duraci\u00f3n: 8 horas<\/li>\n<li>Tipo de Tour: en grupo<\/li>\n<li>Disponibilidad: Todos los d\u00edas<\/li>\n<li>Idiomas: <strong>Espa\u00f1ol<\/strong><\/li>\n<li>Horario: Reserva en l\u00ednea<\/li>\n<li>Recogida y Regreso: Hoteles de Hurghada<\/li>\n<li>Silla de ruedas: accesible.<\/li>\n<\/ul>\n<h3><span style=\"color: #ff6600;\">Puntos Destacados<\/span><\/h3>\n<ul>\n<li>Lugar de esn\u00f3rquel.<\/li>\n<li>Playa de la Isla Bianca.<\/li>\n<\/ul>\n<h3><span style=\"color: #ff6600;\">Inclusiones<\/span><\/h3>\n<ul>\n<li>Recogida y regreso al hotel<\/li>\n<li>Todos los impuestos y servicios<\/li>\n<li>Equipo de esn\u00f3rquel<\/li>\n<li>4 horas en la playa de la Isla Bianca<\/li>\n<li>Gu\u00eda de esn\u00f3rquel que habla <strong>espa\u00f1ol<\/strong><\/li>\n<li>Bebidas fr\u00edas y calientes<\/li>\n<\/ul>\n<h3><span style=\"color: #ff6600;\">Exclusiones<\/span><\/h3>\n<p>Propinas<\/p>\n<h3><span style=\"color: #ff6600;\">Precio Viaje de esn\u00f3rquel todo incluido a la Isla Bianca<\/span><\/h3>\n<ul>\n<li>Precio Adulto = 65 \u20ac<\/li>\n<li>Ni\u00f1os 0-5 a\u00f1os = gratis<\/li>\n<li>Ni\u00f1os 5-11 a\u00f1os = 50% del precio del adulto<\/li>\n<\/ul>\n<h3><span style=\"color: #ff6600;\">Reserva<\/span><\/h3>\n<p>Puedes reservar tu tour a trav\u00e9s de WhatsApp o enviarnos un correo electr\u00f3nico y recibir\u00e1s la confirmaci\u00f3n al instante. Por favor, env\u00edanos el nombre de tu hotel, n\u00famero de habitaci\u00f3n y copias de tu pasaporte.<\/p>\n<p>WhatsApp: +201000852186<\/p>\n<p>info@egytourpackages.com<\/p>\n<h3><span style=\"color: #ff6600;\">Reserva Ahora y Paga en el lugar <\/span><\/h3>\n<p>Reserva tu tour favorito y paga el d\u00eda del viaje.<\/p>\n<h3><span style=\"color: #ff6600;\">Pago<\/span><\/h3>\n<p>Puedes pagar en libras egipcias, $, \u20ac o \u00a3.<\/p>\n<h3><span style=\"color: #ff6600;\">Pol\u00edtica de Cancelaci\u00f3n<\/span><\/h3>\n<ul>\n<li>La cancelaci\u00f3n es gratuita hasta 24 horas antes<\/li>\n<li>La cancelaci\u00f3n por la ma\u00f1ana es del 50% del precio<\/li>\n<\/ul>\n","protected":false},"excerpt":{"rendered":"<p>Viaje de esn\u00f3rquel todo incluido a la Isla Bianca. Rel\u00e1jate en la playa, nada en aguas cristalinas y descubre la vida marina. \u00a1Reserva tu d\u00eda de para\u00edso!<\/p>\n","protected":false},"featured_media":6036,"comment_status":"open","ping_status":"closed","template":"","meta":[],"product_brand":[],"product_cat":[3128],"product_tag":[3188,3187],"class_list":{"0":"post-6035","1":"product","2":"type-product","3":"status-publish","4":"has-post-thumbnail","6":"product_cat-tours","7":"product_tag-excursiones-egipto","8":"product_tag-excursiones-en-hurgada","9":"tour_category-excursiones-de-snorkel-en-hurghada","10":"tour_category-excursiones-egipto-es","11":"tour_category-excursiones-en-hurgada-es","13":"first","14":"instock","15":"sale","16":"shipping-taxable","17":"purchasable","18":"product-type-tour","19":"has-default-attributes"},"yoast_head":"<!-- This site is optimized with the Yoast SEO Premium plugin v27.4 (Yoast SEO v27.4) - https:\/\/yoast.com\/product\/yoast-seo-premium-wordpress\/ -->\n<title>Viaje de esn\u00f3rquel todo incluido a la Isla Bianca<\/title>\n<meta name=\"description\" content=\"Viaje de esn\u00f3rquel todo incluido a la Isla Bianca. Rel\u00e1jate en la playa, nada en aguas cristalinas y descubre la vida marina. \u00a1Reserva tu d\u00eda de para\u00edso!\" \/>\n<meta name=\"robots\" content=\"index, follow, max-snippet:-1, max-image-preview:large, max-video-preview:-1\" \/>\n<link rel=\"canonical\" href=\"https:\/\/egytourpackages.com\/es\/tours\/viaje-de-esnorquel-todo-incluido-a-la-isla-bianca\/\" \/>\n<meta property=\"og:locale\" content=\"es_ES\" \/>\n<meta property=\"og:type\" content=\"article\" \/>\n<meta property=\"og:title\" content=\"Viaje de esn\u00f3rquel todo incluido a la Isla Bianca\" \/>\n<meta property=\"og:description\" content=\"Viaje de esn\u00f3rquel todo incluido a la Isla Bianca. Rel\u00e1jate en la playa, nada en aguas cristalinas y descubre la vida marina. \u00a1Reserva tu d\u00eda de para\u00edso!\" \/>\n<meta property=\"og:url\" content=\"https:\/\/egytourpackages.com\/es\/tours\/viaje-de-esnorquel-todo-incluido-a-la-isla-bianca\/\" \/>\n<meta property=\"og:site_name\" content=\"Egypt Tour Packages\" \/>\n<meta property=\"article:publisher\" content=\"https:\/\/www.facebook.com\/egytourpackages\" \/>\n<meta property=\"article:modified_time\" content=\"2026-01-28T02:46:43+00:00\" \/>\n<meta property=\"og:image\" content=\"https:\/\/egytourpackages.com\/wp-content\/uploads\/2025\/05\/Bianca-Island-Utopia-1024x619.jpg\" \/>\n<meta name=\"twitter:card\" content=\"summary_large_image\" \/>\n<meta name=\"twitter:title\" content=\"Viaje de esn\u00f3rquel todo incluido a la Isla Bianca\" \/>\n<meta name=\"twitter:label1\" content=\"Precio\" \/>\n\t<meta name=\"twitter:data1\" content=\"&euro;0\" \/>\n\t<meta name=\"twitter:label2\" content=\"Disponibilidad\" \/>\n\t<meta name=\"twitter:data2\" content=\"Disponible\" \/>\n<script type=\"application\/ld+json\" class=\"yoast-schema-graph\">{\"@context\":\"https:\\\/\\\/schema.org\",\"@graph\":[{\"@type\":\"WebPage\",\"@id\":\"https:\\\/\\\/egytourpackages.com\\\/es\\\/tours\\\/viaje-de-esnorquel-todo-incluido-a-la-isla-bianca\\\/\",\"url\":\"https:\\\/\\\/egytourpackages.com\\\/es\\\/tours\\\/viaje-de-esnorquel-todo-incluido-a-la-isla-bianca\\\/\",\"name\":\"Viaje de esn\u00f3rquel todo incluido a la Isla Bianca\",\"isPartOf\":{\"@id\":\"https:\\\/\\\/egytourpackages.com\\\/es\\\/#website\"},\"primaryImageOfPage\":{\"@id\":\"https:\\\/\\\/egytourpackages.com\\\/es\\\/tours\\\/viaje-de-esnorquel-todo-incluido-a-la-isla-bianca\\\/#primaryimage\"},\"image\":{\"@id\":\"https:\\\/\\\/egytourpackages.com\\\/es\\\/tours\\\/viaje-de-esnorquel-todo-incluido-a-la-isla-bianca\\\/#primaryimage\"},\"thumbnailUrl\":\"https:\\\/\\\/egytourpackages.com\\\/wp-content\\\/uploads\\\/2025\\\/05\\\/Biance-Island.jpg\",\"datePublished\":\"2025-05-26T19:57:11+00:00\",\"dateModified\":\"2026-01-28T02:46:43+00:00\",\"description\":\"Viaje de esn\u00f3rquel todo incluido a la Isla Bianca. Rel\u00e1jate en la playa, nada en aguas cristalinas y descubre la vida marina. \u00a1Reserva tu d\u00eda de para\u00edso!\",\"breadcrumb\":{\"@id\":\"https:\\\/\\\/egytourpackages.com\\\/es\\\/tours\\\/viaje-de-esnorquel-todo-incluido-a-la-isla-bianca\\\/#breadcrumb\"},\"inLanguage\":\"es\",\"potentialAction\":[{\"@type\":\"ReadAction\",\"target\":[\"https:\\\/\\\/egytourpackages.com\\\/es\\\/tours\\\/viaje-de-esnorquel-todo-incluido-a-la-isla-bianca\\\/\"]}]},{\"@type\":\"ImageObject\",\"inLanguage\":\"es\",\"@id\":\"https:\\\/\\\/egytourpackages.com\\\/es\\\/tours\\\/viaje-de-esnorquel-todo-incluido-a-la-isla-bianca\\\/#primaryimage\",\"url\":\"https:\\\/\\\/egytourpackages.com\\\/wp-content\\\/uploads\\\/2025\\\/05\\\/Biance-Island.jpg\",\"contentUrl\":\"https:\\\/\\\/egytourpackages.com\\\/wp-content\\\/uploads\\\/2025\\\/05\\\/Biance-Island.jpg\",\"width\":1500,\"height\":898,\"caption\":\"Viaje de esn\u00f3rquel todo incluido a la Isla Bianca\"},{\"@type\":\"BreadcrumbList\",\"@id\":\"https:\\\/\\\/egytourpackages.com\\\/es\\\/tours\\\/viaje-de-esnorquel-todo-incluido-a-la-isla-bianca\\\/#breadcrumb\",\"itemListElement\":[{\"@type\":\"ListItem\",\"position\":1,\"name\":\"Home\",\"item\":\"https:\\\/\\\/egytourpackages.com\\\/es\\\/paquetes-de-viaje-a-egipto\\\/\"},{\"@type\":\"ListItem\",\"position\":2,\"name\":\"Shop\",\"item\":\"https:\\\/\\\/egytourpackages.com\\\/shop\\\/\"},{\"@type\":\"ListItem\",\"position\":3,\"name\":\"Viaje de esn\u00f3rquel todo incluido a la Isla Bianca\"}]},{\"@type\":\"WebSite\",\"@id\":\"https:\\\/\\\/egytourpackages.com\\\/es\\\/#website\",\"url\":\"https:\\\/\\\/egytourpackages.com\\\/es\\\/\",\"name\":\"Egy tour packages\",\"description\":\"\",\"publisher\":{\"@id\":\"https:\\\/\\\/egytourpackages.com\\\/es\\\/#organization\"},\"potentialAction\":[{\"@type\":\"SearchAction\",\"target\":{\"@type\":\"EntryPoint\",\"urlTemplate\":\"https:\\\/\\\/egytourpackages.com\\\/es\\\/?s={search_term_string}\"},\"query-input\":{\"@type\":\"PropertyValueSpecification\",\"valueRequired\":true,\"valueName\":\"search_term_string\"}}],\"inLanguage\":\"es\"},{\"@type\":[\"Organization\",\"Place\",\"TravelAgency\"],\"@id\":\"https:\\\/\\\/egytourpackages.com\\\/es\\\/#organization\",\"name\":\"egypt tour packages\",\"alternateName\":\"egypt tour packages\",\"url\":\"https:\\\/\\\/egytourpackages.com\\\/es\\\/\",\"logo\":{\"@id\":\"https:\\\/\\\/egytourpackages.com\\\/es\\\/tours\\\/viaje-de-esnorquel-todo-incluido-a-la-isla-bianca\\\/#local-main-organization-logo\"},\"image\":{\"@id\":\"https:\\\/\\\/egytourpackages.com\\\/es\\\/tours\\\/viaje-de-esnorquel-todo-incluido-a-la-isla-bianca\\\/#local-main-organization-logo\"},\"sameAs\":[\"https:\\\/\\\/www.facebook.com\\\/egytourpackages\"],\"legalName\":\"Egy tour packages\",\"address\":{\"@id\":\"https:\\\/\\\/egytourpackages.com\\\/es\\\/tours\\\/viaje-de-esnorquel-todo-incluido-a-la-isla-bianca\\\/#local-main-place-address\"},\"telephone\":[\"00201000852186\",\"00201028685533\"],\"contactPoint\":{\"@type\":\"ContactPoint\",\"telephone\":\"00201000852186\"},\"openingHoursSpecification\":[{\"@type\":\"OpeningHoursSpecification\",\"dayOfWeek\":[\"Monday\",\"Tuesday\",\"Wednesday\",\"Thursday\",\"Friday\",\"Saturday\",\"Sunday\"],\"opens\":\"00:00\",\"closes\":\"23:59\"}],\"email\":\"info@egytourpackages.com\",\"areaServed\":\"Cairo, Hurghada, Luxor, Sharm El Sheikh, Marsa Alam, Aswan\",\"priceRange\":\"$\",\"currenciesAccepted\":\"euro\",\"paymentAccepted\":\"Payment links online\"},{\"@type\":\"PostalAddress\",\"@id\":\"https:\\\/\\\/egytourpackages.com\\\/es\\\/tours\\\/viaje-de-esnorquel-todo-incluido-a-la-isla-bianca\\\/#local-main-place-address\",\"streetAddress\":\"Mubarak 8, Al Kawthar District, Hurghada\",\"addressLocality\":\"Hurghada\",\"postalCode\":\"84511\",\"addressRegion\":\"Red Sea\",\"addressCountry\":\"EG\"},{\"@type\":\"ImageObject\",\"inLanguage\":\"es\",\"@id\":\"https:\\\/\\\/egytourpackages.com\\\/es\\\/tours\\\/viaje-de-esnorquel-todo-incluido-a-la-isla-bianca\\\/#local-main-organization-logo\",\"url\":\"https:\\\/\\\/egytourpackages.com\\\/wp-content\\\/uploads\\\/2025\\\/12\\\/Turquoise-Dahabiya-Nile-Cruise-1.jpeg\",\"contentUrl\":\"https:\\\/\\\/egytourpackages.com\\\/wp-content\\\/uploads\\\/2025\\\/12\\\/Turquoise-Dahabiya-Nile-Cruise-1.jpeg\",\"width\":1040,\"height\":694,\"caption\":\"egypt tour packages\"}]}<\/script>\n<meta property=\"product:brand\" content=\"Excursiones de snorkel en Hurghada\" \/>\n<meta property=\"product:price:amount\" content=\"0\" \/>\n<meta property=\"product:price:currency\" content=\"EUR\" \/>\n<meta property=\"og:availability\" content=\"instock\" \/>\n<meta property=\"product:availability\" content=\"instock\" \/>\n<meta property=\"product:retailer_item_id\" content=\"HDT15\" \/>\n<meta property=\"product:condition\" content=\"new\" \/>\n<meta name=\"geo.placename\" content=\"Hurghada\" \/>\n<meta name=\"geo.region\" content=\"Egipto\" \/>\n<!-- \/ Yoast SEO Premium plugin. -->","yoast_head_json":{"title":"Viaje de esn\u00f3rquel todo incluido a la Isla Bianca","description":"Viaje de esn\u00f3rquel todo incluido a la Isla Bianca. Rel\u00e1jate en la playa, nada en aguas cristalinas y descubre la vida marina. \u00a1Reserva tu d\u00eda de para\u00edso!","robots":{"index":"index","follow":"follow","max-snippet":"max-snippet:-1","max-image-preview":"max-image-preview:large","max-video-preview":"max-video-preview:-1"},"canonical":"https:\/\/egytourpackages.com\/es\/tours\/viaje-de-esnorquel-todo-incluido-a-la-isla-bianca\/","og_locale":"es_ES","og_type":"article","og_title":"Viaje de esn\u00f3rquel todo incluido a la Isla Bianca","og_description":"Viaje de esn\u00f3rquel todo incluido a la Isla Bianca. Rel\u00e1jate en la playa, nada en aguas cristalinas y descubre la vida marina. \u00a1Reserva tu d\u00eda de para\u00edso!","og_url":"https:\/\/egytourpackages.com\/es\/tours\/viaje-de-esnorquel-todo-incluido-a-la-isla-bianca\/","og_site_name":"Egypt Tour Packages","article_publisher":"https:\/\/www.facebook.com\/egytourpackages","article_modified_time":"2026-01-28T02:46:43+00:00","og_image":[{"url":"https:\/\/egytourpackages.com\/wp-content\/uploads\/2025\/05\/Bianca-Island-Utopia-1024x619.jpg","type":"","width":"","height":""}],"twitter_card":"summary_large_image","twitter_title":"Viaje de esn\u00f3rquel todo incluido a la Isla Bianca","twitter_misc":{"Precio":"&euro;0","Disponibilidad":"Disponible"},"schema":{"@context":"https:\/\/schema.org","@graph":[{"@type":"WebPage","@id":"https:\/\/egytourpackages.com\/es\/tours\/viaje-de-esnorquel-todo-incluido-a-la-isla-bianca\/","url":"https:\/\/egytourpackages.com\/es\/tours\/viaje-de-esnorquel-todo-incluido-a-la-isla-bianca\/","name":"Viaje de esn\u00f3rquel todo incluido a la Isla Bianca","isPartOf":{"@id":"https:\/\/egytourpackages.com\/es\/#website"},"primaryImageOfPage":{"@id":"https:\/\/egytourpackages.com\/es\/tours\/viaje-de-esnorquel-todo-incluido-a-la-isla-bianca\/#primaryimage"},"image":{"@id":"https:\/\/egytourpackages.com\/es\/tours\/viaje-de-esnorquel-todo-incluido-a-la-isla-bianca\/#primaryimage"},"thumbnailUrl":"https:\/\/egytourpackages.com\/wp-content\/uploads\/2025\/05\/Biance-Island.jpg","datePublished":"2025-05-26T19:57:11+00:00","dateModified":"2026-01-28T02:46:43+00:00","description":"Viaje de esn\u00f3rquel todo incluido a la Isla Bianca. Rel\u00e1jate en la playa, nada en aguas cristalinas y descubre la vida marina. \u00a1Reserva tu d\u00eda de para\u00edso!","breadcrumb":{"@id":"https:\/\/egytourpackages.com\/es\/tours\/viaje-de-esnorquel-todo-incluido-a-la-isla-bianca\/#breadcrumb"},"inLanguage":"es","potentialAction":[{"@type":"ReadAction","target":["https:\/\/egytourpackages.com\/es\/tours\/viaje-de-esnorquel-todo-incluido-a-la-isla-bianca\/"]}]},{"@type":"ImageObject","inLanguage":"es","@id":"https:\/\/egytourpackages.com\/es\/tours\/viaje-de-esnorquel-todo-incluido-a-la-isla-bianca\/#primaryimage","url":"https:\/\/egytourpackages.com\/wp-content\/uploads\/2025\/05\/Biance-Island.jpg","contentUrl":"https:\/\/egytourpackages.com\/wp-content\/uploads\/2025\/05\/Biance-Island.jpg","width":1500,"height":898,"caption":"Viaje de esn\u00f3rquel todo incluido a la Isla Bianca"},{"@type":"BreadcrumbList","@id":"https:\/\/egytourpackages.com\/es\/tours\/viaje-de-esnorquel-todo-incluido-a-la-isla-bianca\/#breadcrumb","itemListElement":[{"@type":"ListItem","position":1,"name":"Home","item":"https:\/\/egytourpackages.com\/es\/paquetes-de-viaje-a-egipto\/"},{"@type":"ListItem","position":2,"name":"Shop","item":"https:\/\/egytourpackages.com\/shop\/"},{"@type":"ListItem","position":3,"name":"Viaje de esn\u00f3rquel todo incluido a la Isla Bianca"}]},{"@type":"WebSite","@id":"https:\/\/egytourpackages.com\/es\/#website","url":"https:\/\/egytourpackages.com\/es\/","name":"Egy tour packages","description":"","publisher":{"@id":"https:\/\/egytourpackages.com\/es\/#organization"},"potentialAction":[{"@type":"SearchAction","target":{"@type":"EntryPoint","urlTemplate":"https:\/\/egytourpackages.com\/es\/?s={search_term_string}"},"query-input":{"@type":"PropertyValueSpecification","valueRequired":true,"valueName":"search_term_string"}}],"inLanguage":"es"},{"@type":["Organization","Place","TravelAgency"],"@id":"https:\/\/egytourpackages.com\/es\/#organization","name":"egypt tour packages","alternateName":"egypt tour packages","url":"https:\/\/egytourpackages.com\/es\/","logo":{"@id":"https:\/\/egytourpackages.com\/es\/tours\/viaje-de-esnorquel-todo-incluido-a-la-isla-bianca\/#local-main-organization-logo"},"image":{"@id":"https:\/\/egytourpackages.com\/es\/tours\/viaje-de-esnorquel-todo-incluido-a-la-isla-bianca\/#local-main-organization-logo"},"sameAs":["https:\/\/www.facebook.com\/egytourpackages"],"legalName":"Egy tour packages","address":{"@id":"https:\/\/egytourpackages.com\/es\/tours\/viaje-de-esnorquel-todo-incluido-a-la-isla-bianca\/#local-main-place-address"},"telephone":["00201000852186","00201028685533"],"contactPoint":{"@type":"ContactPoint","telephone":"00201000852186"},"openingHoursSpecification":[{"@type":"OpeningHoursSpecification","dayOfWeek":["Monday","Tuesday","Wednesday","Thursday","Friday","Saturday","Sunday"],"opens":"00:00","closes":"23:59"}],"email":"info@egytourpackages.com","areaServed":"Cairo, Hurghada, Luxor, Sharm El Sheikh, Marsa Alam, Aswan","priceRange":"$","currenciesAccepted":"euro","paymentAccepted":"Payment links online"},{"@type":"PostalAddress","@id":"https:\/\/egytourpackages.com\/es\/tours\/viaje-de-esnorquel-todo-incluido-a-la-isla-bianca\/#local-main-place-address","streetAddress":"Mubarak 8, Al Kawthar District, Hurghada","addressLocality":"Hurghada","postalCode":"84511","addressRegion":"Red Sea","addressCountry":"EG"},{"@type":"ImageObject","inLanguage":"es","@id":"https:\/\/egytourpackages.com\/es\/tours\/viaje-de-esnorquel-todo-incluido-a-la-isla-bianca\/#local-main-organization-logo","url":"https:\/\/egytourpackages.com\/wp-content\/uploads\/2025\/12\/Turquoise-Dahabiya-Nile-Cruise-1.jpeg","contentUrl":"https:\/\/egytourpackages.com\/wp-content\/uploads\/2025\/12\/Turquoise-Dahabiya-Nile-Cruise-1.jpeg","width":1040,"height":694,"caption":"egypt tour packages"}]},"product_brand":"Excursiones de snorkel en Hurghada","product_price_currency":"EUR","og_availability":"instock","product_availability":"instock","product_retailer_item_id":"HDT15","product_condition":"new","geo.placename":"Hurghada","geo.region":"Egipto"},"_links":{"self":[{"href":"https:\/\/egytourpackages.com\/es\/wp-json\/wp\/v2\/product\/6035","targetHints":{"allow":["GET"]}}],"collection":[{"href":"https:\/\/egytourpackages.com\/es\/wp-json\/wp\/v2\/product"}],"about":[{"href":"https:\/\/egytourpackages.com\/es\/wp-json\/wp\/v2\/types\/product"}],"replies":[{"embeddable":true,"href":"https:\/\/egytourpackages.com\/es\/wp-json\/wp\/v2\/comments?post=6035"}],"wp:featuredmedia":[{"embeddable":true,"href":"https:\/\/egytourpackages.com\/es\/wp-json\/wp\/v2\/media\/6036"}],"wp:attachment":[{"href":"https:\/\/egytourpackages.com\/es\/wp-json\/wp\/v2\/media?parent=6035"}],"wp:term":[{"taxonomy":"product_brand","embeddable":true,"href":"https:\/\/egytourpackages.com\/es\/wp-json\/wp\/v2\/product_brand?post=6035"},{"taxonomy":"product_cat","embeddable":true,"href":"https:\/\/egytourpackages.com\/es\/wp-json\/wp\/v2\/product_cat?post=6035"},{"taxonomy":"product_tag","embeddable":true,"href":"https:\/\/egytourpackages.com\/es\/wp-json\/wp\/v2\/product_tag?post=6035"}],"curies":[{"name":"wp","href":"https:\/\/api.w.org\/{rel}","templated":true}]}}