{"id":6039,"date":"2025-05-25T16:32:39","date_gmt":"2025-05-25T16:32:39","guid":{"rendered":"https:\/\/egytourpackages.com\/product\/safari-a-wadi-el-gemal-desde-marsa-alam\/"},"modified":"2026-01-04T11:37:24","modified_gmt":"2026-01-04T11:37:24","slug":"safari-a-wadi-el-gemal-desde-marsa-alam","status":"publish","type":"product","link":"https:\/\/egytourpackages.com\/es\/tours\/safari-a-wadi-el-gemal-desde-marsa-alam\/","title":{"rendered":"Safari a Wadi El Gemal desde Marsa Alam"},"content":{"rendered":"<p><span style=\"color: #ff6600;\"><strong>Safari a Wadi El Gemal desde Marsa Alam<\/strong><\/span><\/p>\n<p><strong>Resumen<\/strong> <strong>Safari a Wadi El Gemal desde Marsa Alam: Expediciones inolvidables por el desierto y cultura beduina<\/strong><\/p>\n<p>Emb\u00e1rcate en un extraordinario <strong>safari a Wadi El Gemal desde Marsa Alam<\/strong> y ad\u00e9ntrate en el m\u00edstico <strong>Desierto Oriental de Egipto<\/strong>. <strong>Egy Tour Packages<\/strong> te invita a experimentar una combinaci\u00f3n \u00fanica de emocionantes <strong>aventuras en el desierto<\/strong>, historia antigua y aut\u00e9nticas <strong>tradiciones beduinas<\/strong> con las hospitalarias tribus <strong>Ababda<\/strong>.<\/p>\n<p>Nuestros <strong>tours por el desierto de Marsa Alam<\/strong> ofrecen m\u00e1s que un simple paseo; son una exploraci\u00f3n inmersiva en un paisaje que susurra historias m\u00e1s antiguas que las pir\u00e1mides. Atraviesa el terreno accidentado en nuestros c\u00f3modos Jeeps 4&#215;4, guiado por expertos del desierto que revelan las joyas ocultas del <strong>Parque Nacional de Wadi El Gemal<\/strong>.<\/p>\n<h3><span style=\"color: #ff6600;\">Puntos destacados de tu Safari a Wadi El Gemal<\/span><\/h3>\n<p>Descubre los sitios hist\u00f3ricos de las <strong>minas de esmeraldas<\/strong> m\u00e1s antiguas del mundo, donde se extra\u00edan gemas preciosas durante las eras fara\u00f3nica, ptolemaica y romana. Tambi\u00e9n explorar\u00e1s los restos de un <strong>templo de Cleopatra<\/strong>. Adem\u00e1s, el Safari a Wadi El Gemal es una buena oportunidad para conocer la <strong>flora y fauna del desierto<\/strong>, presenciando \u00e1rboles de acacia y arbustos de plantas medicinales. Mientras tanto, conocer\u00e1s a las tribus ind\u00edgenas <strong>Ababda<\/strong>, conocidas por su profundo conocimiento del desierto y su rica herencia cultural.<\/p>\n<p><strong>Egy Tour Packages<\/strong> se compromete a proporcionar las <strong>mejores excursiones de Marsa Alam<\/strong>, combinando una gu\u00eda experta, el mejor servicio y una pasi\u00f3n inquebrantable por mostrar las maravillas naturales e hist\u00f3ricas de Egipto. \u00a1Reserva tu <strong>aventura en Wadi El Gemal<\/strong> hoy y crea recuerdos que durar\u00e1n toda la vida!<\/p>\n<h3><span style=\"color: #ff6600;\">Detalles<\/span><\/h3>\n<ul>\n<li>Duraci\u00f3n: 6 horas<\/li>\n<li>Ubicaci\u00f3n del Tour: Desierto Oriental de Marsa Alam<\/li>\n<li>Disponibilidad del Tour: Bajo petici\u00f3n<\/li>\n<li>Recogida y Regreso: Hoteles de Marsa Alam<\/li>\n<li>Tipo de Tour: En grupo<\/li>\n<li>Idioma: <strong>Espa\u00f1ol<\/strong><\/li>\n<li>Silla de ruedas: Accesible<\/li>\n<\/ul>\n<h3><span style=\"color: #ff6600;\">Puntos Destacados<\/span><\/h3>\n<ul>\n<li>Explora el estilo de vida beduino<\/li>\n<li>Templo de Cleopatra<\/li>\n<li>Minas de Esmeraldas<\/li>\n<\/ul>\n<h3><span style=\"color: #ff6600;\">Inclusiones<\/span><\/h3>\n<ul>\n<li>Recogida y regreso a los hoteles de Marsa Alam<\/li>\n<li>Gu\u00eda profesional del desierto que habla <strong>espa\u00f1ol<\/strong><\/li>\n<li>Tour por el Pueblo Beduino con t\u00e9 beduino<\/li>\n<li>Todos los cargos por servicio e impuestos est\u00e1n incluidos en el precio<\/li>\n<\/ul>\n<h3><span style=\"color: #ff6600;\">Exclusiones<\/span><\/h3>\n<ul>\n<li>Propinas<\/li>\n<li>Tasa del Parque Nacional 10 euros por persona<\/li>\n<li>Cualquier cosa no mencionada en el programa<\/li>\n<\/ul>\n<h3><span style=\"color: #ff6600;\">Qu\u00e9 llevar contigo<\/span><\/h3>\n<ul>\n<li>Copia de tu pasaporte<\/li>\n<li>Sombrero, gafas de sol y crema solar<\/li>\n<li>Zapatos y ropa c\u00f3modos<\/li>\n<\/ul>\n<h3><span style=\"color: #ff6600;\">Itinerario<\/span><\/h3>\n<p>El S\u00faper Safari <strong>Wadi El Gemal<\/strong> es un tour todoterreno con un emocionante atardecer. El Safari Wadi El Gemal combina cultura con diversi\u00f3n y aventura. Disfruta de una aventura inolvidable en el coraz\u00f3n del Desierto Oriental con nuestro Safari a Wadi El Gemal desde Marsa Alam.<\/p>\n<p>El viaje comienza alrededor de las 12:00 del mediod\u00eda desde los hoteles y termina alrededor de las 19:00. Sal de la ciudad de <strong>Marsa Alam<\/strong> y emb\u00e1rcate en una verdadera aventura por el desierto. En el camino a las paradas, puedes ver claramente lo que se llama un espejismo. Disfruta de vistas panor\u00e1micas del desierto desde la cima de la monta\u00f1a mientras te diriges al campamento. Te recomendamos encarecidamente que tomes fotos de todo lo que te rodea para compartir con tus amigos.<\/p>\n<p>Una vez que tu Jeep te lleve al campo y atraviese expertamente las dunas, tu gu\u00eda te detendr\u00e1 cerca del <strong>\u00e1rbol de Acacia<\/strong>. Los beduinos creen que el \u00e1rbol representa la estabilidad y la felicidad.<\/p>\n<p>Dir\u00edgete a una zona conocida como <strong>arbustos de plantas medicinales<\/strong>, donde ver\u00e1s un \u00e1rbol de cangrejo. En el camino, escucha al gu\u00eda compartir informaci\u00f3n sobre Wadi El Gemal y el <strong>Ca\u00f1\u00f3n del Camello<\/strong>. El Ca\u00f1\u00f3n del Camello es un lugar donde, afortunadamente, ver\u00e1s camellos y un pozo natural 100%.<\/p>\n<p>Prepara tu c\u00e1mara para tomar fotos inolvidables del ca\u00f1\u00f3n y los camellos. Luego, detente en los <strong>templos romanos de Cleopatra<\/strong> en un pueblo romano. No muy lejos de aqu\u00ed est\u00e1n las ruinas de las casas de vecindad de los trabajadores de todo tipo de bloques de piedra y las minas de Esmeraldas.<\/p>\n<p>Finalmente, termina tu viaje de safari con una deliciosa comida beduina reci\u00e9n preparada y saborea un t\u00e9 de hierbas dulce, un momento de verdadera hospitalidad en el desierto.<\/p>\n<h3><span style=\"color: #ff6600;\">Nota:<\/span><\/h3>\n<p>Ten en cuenta que no se recomienda el viaje para beb\u00e9s de hasta tres a\u00f1os porque el desierto es irregular.<\/p>\n<h3><span style=\"color: #ff6600;\">Precio Safari a Wadi El Gemal desde Marsa Alam<\/span><\/h3>\n<ul>\n<li>Precio Adulto: 80 $<\/li>\n<li>Ni\u00f1os 0-5 a\u00f1os: gratis<\/li>\n<li>Ni\u00f1os 5-11 a\u00f1os: 50% del precio del adulto<\/li>\n<\/ul>\n<h3><span style=\"color: #ff6600;\">Reserva<\/span><\/h3>\n<p>Puedes reservar tu tour a trav\u00e9s de WhatsApp o enviarnos un correo electr\u00f3nico y recibir\u00e1s la confirmaci\u00f3n al instante.<\/p>\n<p>Por favor, env\u00edanos el nombre de tu hotel, n\u00famero de habitaci\u00f3n y copias de tu pasaporte.<\/p>\n<p>WhatsApp: +201000852186<\/p>\n<p>info@egytourpackages.com<\/p>\n<h3><span style=\"color: #ff6600;\">Reserva Ahora y Paga en el lugar<\/span><\/h3>\n<p>Reserva tu tour favorito y paga el d\u00eda del viaje.<\/p>\n<h3><span style=\"color: #ff6600;\">Pago<\/span><\/h3>\n<p>Puedes pagar en libras egipcias, $, \u20ac o \u00a3.<\/p>\n<h3><span style=\"color: #ff6600;\">Pol\u00edtica de Cancelaci\u00f3n<\/span><\/h3>\n<p>La cancelaci\u00f3n es gratuita hasta 24 horas antes La cancelaci\u00f3n por la ma\u00f1ana es del 50% del precio<\/p>\n<h2><span style=\"color: #ff6600;\">Preguntas Frecuentes sobre Tours Diarios<\/span><\/h2>\n<h3><span style=\"color: #ff6600;\">\u00bfCu\u00e1les son las atracciones que se pueden visitar en los Tours Diarios por Egipto?<\/span><\/h3>\n<p>Los tours de un d\u00eda en Egipto cubren la mayor\u00eda de las atracciones de Egipto en todas las ciudades principales como El Cairo, L\u00faxor, Asu\u00e1n y Alejandr\u00eda. Por ejemplo, en L\u00faxor visitar\u00e1s el templo de L\u00faxor, el templo de Karnak, el Valle de los Reyes, el templo de Hatshepsut y los Colosos de Memn\u00f3n. En Asu\u00e1n, te maravillar\u00e1s con la Presa Alta de Asu\u00e1n, el templo de File, los templos de Abu Simbel, el templo de Kom Ombo y el templo de Edfu. En El Cairo, visitar\u00e1s las Pir\u00e1mides de Giza, la Gran Esfinge, la Pir\u00e1mide Escalonada de Saqqara, las Pir\u00e1mides de Dahshur, el Gran Museo Egipcio y el Museo Nacional de la Civilizaci\u00f3n.<\/p>\n<h3><span style=\"color: #ff6600;\">\u00bfPuedo personalizar mis Tours Diarios por Egipto?<\/span><\/h3>\n<p>Absolutamente s\u00ed, puedes personalizar tus tours de un d\u00eda por Egipto dependiendo de tus d\u00edas de vacaciones y los lugares que te interese ver m\u00e1s y las ciudades que quieras visitar.<\/p>\n","protected":false},"excerpt":{"rendered":"<p>Safari a Wadi El Gemal desde Marsa Alam. Explora minas de esmeraldas, cultura beduina y el desierto en jeep. Una aventura \u00fanica y llena de historia.<\/p>\n","protected":false},"featured_media":6040,"comment_status":"open","ping_status":"closed","template":"","meta":[],"product_brand":[],"product_cat":[3128],"product_tag":[3280,3188],"class_list":{"0":"post-6039","1":"product","2":"type-product","3":"status-publish","4":"has-post-thumbnail","6":"product_cat-tours","7":"product_tag-excursiones-a-marsa-alam","8":"product_tag-excursiones-egipto","9":"tour_category-excursiones-egipto-es","10":"tour_category-excursiones-en-marsa-alam-es","12":"first","13":"instock","14":"sale","15":"shipping-taxable","16":"purchasable","17":"product-type-tour"},"yoast_head":"<!-- This site is optimized with the Yoast SEO Premium plugin v27.4 (Yoast SEO v27.4) - https:\/\/yoast.com\/product\/yoast-seo-premium-wordpress\/ -->\n<title>Safari a Wadi El Gemal desde Marsa Alam<\/title>\n<meta name=\"description\" content=\"Safari a Wadi El Gemal desde Marsa Alam. Explora minas de esmeraldas, cultura beduina y el desierto en jeep. Una aventura \u00fanica y llena de historia.\" \/>\n<meta name=\"robots\" content=\"index, follow, max-snippet:-1, max-image-preview:large, max-video-preview:-1\" \/>\n<link rel=\"canonical\" href=\"https:\/\/egytourpackages.com\/es\/tours\/safari-a-wadi-el-gemal-desde-marsa-alam\/\" \/>\n<meta property=\"og:locale\" content=\"es_ES\" \/>\n<meta property=\"og:type\" content=\"article\" \/>\n<meta property=\"og:title\" content=\"Safari a Wadi El Gemal desde Marsa Alam\" \/>\n<meta property=\"og:description\" content=\"Safari a Wadi El Gemal desde Marsa Alam. Explora minas de esmeraldas, cultura beduina y el desierto en jeep. Una aventura \u00fanica y llena de historia.\" \/>\n<meta property=\"og:url\" content=\"https:\/\/egytourpackages.com\/es\/tours\/safari-a-wadi-el-gemal-desde-marsa-alam\/\" \/>\n<meta property=\"og:site_name\" content=\"Egypt Tour Packages\" \/>\n<meta property=\"article:publisher\" content=\"https:\/\/www.facebook.com\/egytourpackages\" \/>\n<meta property=\"article:modified_time\" content=\"2026-01-04T11:37:24+00:00\" \/>\n<meta property=\"og:image\" content=\"https:\/\/egytourpackages.com\/wp-content\/uploads\/2025\/05\/Eastern-desert-Marsa-Alam.jpg\" \/>\n\t<meta property=\"og:image:width\" content=\"1800\" \/>\n\t<meta property=\"og:image:height\" content=\"1200\" \/>\n\t<meta property=\"og:image:type\" content=\"image\/jpeg\" \/>\n<meta name=\"twitter:card\" content=\"summary_large_image\" \/>\n<meta name=\"twitter:title\" content=\"Safari a Wadi El Gemal desde Marsa Alam\" \/>\n<meta name=\"twitter:label1\" content=\"Precio\" \/>\n\t<meta name=\"twitter:data1\" content=\"&euro;80\" \/>\n\t<meta name=\"twitter:label2\" content=\"Disponibilidad\" \/>\n\t<meta name=\"twitter:data2\" content=\"Disponible\" \/>\n<script type=\"application\/ld+json\" class=\"yoast-schema-graph\">{\"@context\":\"https:\\\/\\\/schema.org\",\"@graph\":[{\"@type\":\"WebPage\",\"@id\":\"https:\\\/\\\/egytourpackages.com\\\/es\\\/tours\\\/safari-a-wadi-el-gemal-desde-marsa-alam\\\/\",\"url\":\"https:\\\/\\\/egytourpackages.com\\\/es\\\/tours\\\/safari-a-wadi-el-gemal-desde-marsa-alam\\\/\",\"name\":\"Safari a Wadi El Gemal desde Marsa Alam\",\"isPartOf\":{\"@id\":\"https:\\\/\\\/egytourpackages.com\\\/es\\\/#website\"},\"primaryImageOfPage\":{\"@id\":\"https:\\\/\\\/egytourpackages.com\\\/es\\\/tours\\\/safari-a-wadi-el-gemal-desde-marsa-alam\\\/#primaryimage\"},\"image\":{\"@id\":\"https:\\\/\\\/egytourpackages.com\\\/es\\\/tours\\\/safari-a-wadi-el-gemal-desde-marsa-alam\\\/#primaryimage\"},\"thumbnailUrl\":\"https:\\\/\\\/egytourpackages.com\\\/wp-content\\\/uploads\\\/2025\\\/05\\\/Eastern-desert-Marsa-Alam.jpg\",\"datePublished\":\"2025-05-25T16:32:39+00:00\",\"dateModified\":\"2026-01-04T11:37:24+00:00\",\"description\":\"Safari a Wadi El Gemal desde Marsa Alam. Explora minas de esmeraldas, cultura beduina y el desierto en jeep. Una aventura \u00fanica y llena de historia.\",\"breadcrumb\":{\"@id\":\"https:\\\/\\\/egytourpackages.com\\\/es\\\/tours\\\/safari-a-wadi-el-gemal-desde-marsa-alam\\\/#breadcrumb\"},\"inLanguage\":\"es\",\"potentialAction\":[{\"@type\":\"ReadAction\",\"target\":[\"https:\\\/\\\/egytourpackages.com\\\/es\\\/tours\\\/safari-a-wadi-el-gemal-desde-marsa-alam\\\/\"]}]},{\"@type\":\"ImageObject\",\"inLanguage\":\"es\",\"@id\":\"https:\\\/\\\/egytourpackages.com\\\/es\\\/tours\\\/safari-a-wadi-el-gemal-desde-marsa-alam\\\/#primaryimage\",\"url\":\"https:\\\/\\\/egytourpackages.com\\\/wp-content\\\/uploads\\\/2025\\\/05\\\/Eastern-desert-Marsa-Alam.jpg\",\"contentUrl\":\"https:\\\/\\\/egytourpackages.com\\\/wp-content\\\/uploads\\\/2025\\\/05\\\/Eastern-desert-Marsa-Alam.jpg\",\"width\":1800,\"height\":1200,\"caption\":\"Safari a Wadi El Gemal desde Marsa Alam\"},{\"@type\":\"BreadcrumbList\",\"@id\":\"https:\\\/\\\/egytourpackages.com\\\/es\\\/tours\\\/safari-a-wadi-el-gemal-desde-marsa-alam\\\/#breadcrumb\",\"itemListElement\":[{\"@type\":\"ListItem\",\"position\":1,\"name\":\"Home\",\"item\":\"https:\\\/\\\/egytourpackages.com\\\/es\\\/paquetes-de-viaje-a-egipto\\\/\"},{\"@type\":\"ListItem\",\"position\":2,\"name\":\"Shop\",\"item\":\"https:\\\/\\\/egytourpackages.com\\\/shop\\\/\"},{\"@type\":\"ListItem\",\"position\":3,\"name\":\"Safari a Wadi El Gemal desde Marsa Alam\"}]},{\"@type\":\"WebSite\",\"@id\":\"https:\\\/\\\/egytourpackages.com\\\/es\\\/#website\",\"url\":\"https:\\\/\\\/egytourpackages.com\\\/es\\\/\",\"name\":\"Egy tour packages\",\"description\":\"\",\"publisher\":{\"@id\":\"https:\\\/\\\/egytourpackages.com\\\/es\\\/#organization\"},\"potentialAction\":[{\"@type\":\"SearchAction\",\"target\":{\"@type\":\"EntryPoint\",\"urlTemplate\":\"https:\\\/\\\/egytourpackages.com\\\/es\\\/?s={search_term_string}\"},\"query-input\":{\"@type\":\"PropertyValueSpecification\",\"valueRequired\":true,\"valueName\":\"search_term_string\"}}],\"inLanguage\":\"es\"},{\"@type\":[\"Organization\",\"Place\",\"TravelAgency\"],\"@id\":\"https:\\\/\\\/egytourpackages.com\\\/es\\\/#organization\",\"name\":\"egypt tour packages\",\"alternateName\":\"egypt tour packages\",\"url\":\"https:\\\/\\\/egytourpackages.com\\\/es\\\/\",\"logo\":{\"@id\":\"https:\\\/\\\/egytourpackages.com\\\/es\\\/tours\\\/safari-a-wadi-el-gemal-desde-marsa-alam\\\/#local-main-organization-logo\"},\"image\":{\"@id\":\"https:\\\/\\\/egytourpackages.com\\\/es\\\/tours\\\/safari-a-wadi-el-gemal-desde-marsa-alam\\\/#local-main-organization-logo\"},\"sameAs\":[\"https:\\\/\\\/www.facebook.com\\\/egytourpackages\"],\"legalName\":\"Egy tour packages\",\"address\":{\"@id\":\"https:\\\/\\\/egytourpackages.com\\\/es\\\/tours\\\/safari-a-wadi-el-gemal-desde-marsa-alam\\\/#local-main-place-address\"},\"telephone\":[\"00201000852186\",\"00201028685533\"],\"contactPoint\":{\"@type\":\"ContactPoint\",\"telephone\":\"00201000852186\"},\"openingHoursSpecification\":[{\"@type\":\"OpeningHoursSpecification\",\"dayOfWeek\":[\"Monday\",\"Tuesday\",\"Wednesday\",\"Thursday\",\"Friday\",\"Saturday\",\"Sunday\"],\"opens\":\"00:00\",\"closes\":\"23:59\"}],\"email\":\"info@egytourpackages.com\",\"areaServed\":\"Cairo, Hurghada, Luxor, Sharm El Sheikh, Marsa Alam, Aswan\",\"priceRange\":\"$\",\"currenciesAccepted\":\"euro\",\"paymentAccepted\":\"Payment links online\"},{\"@type\":\"PostalAddress\",\"@id\":\"https:\\\/\\\/egytourpackages.com\\\/es\\\/tours\\\/safari-a-wadi-el-gemal-desde-marsa-alam\\\/#local-main-place-address\",\"streetAddress\":\"Mubarak 8, Al Kawthar District, Hurghada\",\"addressLocality\":\"Hurghada\",\"postalCode\":\"84511\",\"addressRegion\":\"Red Sea\",\"addressCountry\":\"EG\"},{\"@type\":\"ImageObject\",\"inLanguage\":\"es\",\"@id\":\"https:\\\/\\\/egytourpackages.com\\\/es\\\/tours\\\/safari-a-wadi-el-gemal-desde-marsa-alam\\\/#local-main-organization-logo\",\"url\":\"https:\\\/\\\/egytourpackages.com\\\/wp-content\\\/uploads\\\/2025\\\/12\\\/Turquoise-Dahabiya-Nile-Cruise-1.jpeg\",\"contentUrl\":\"https:\\\/\\\/egytourpackages.com\\\/wp-content\\\/uploads\\\/2025\\\/12\\\/Turquoise-Dahabiya-Nile-Cruise-1.jpeg\",\"width\":1040,\"height\":694,\"caption\":\"egypt tour packages\"}]}<\/script>\n<meta property=\"product:brand\" content=\"Excursiones Egipto\" \/>\n<meta property=\"product:price:amount\" content=\"80\" \/>\n<meta property=\"product:price:currency\" content=\"EUR\" \/>\n<meta property=\"og:availability\" content=\"instock\" \/>\n<meta property=\"product:availability\" content=\"instock\" \/>\n<meta property=\"product:retailer_item_id\" content=\"MAT09\" \/>\n<meta property=\"product:condition\" content=\"new\" \/>\n<meta name=\"geo.placename\" content=\"Hurghada\" \/>\n<meta name=\"geo.region\" content=\"Egipto\" \/>\n<!-- \/ Yoast SEO Premium plugin. -->","yoast_head_json":{"title":"Safari a Wadi El Gemal desde Marsa Alam","description":"Safari a Wadi El Gemal desde Marsa Alam. Explora minas de esmeraldas, cultura beduina y el desierto en jeep. Una aventura \u00fanica y llena de historia.","robots":{"index":"index","follow":"follow","max-snippet":"max-snippet:-1","max-image-preview":"max-image-preview:large","max-video-preview":"max-video-preview:-1"},"canonical":"https:\/\/egytourpackages.com\/es\/tours\/safari-a-wadi-el-gemal-desde-marsa-alam\/","og_locale":"es_ES","og_type":"article","og_title":"Safari a Wadi El Gemal desde Marsa Alam","og_description":"Safari a Wadi El Gemal desde Marsa Alam. Explora minas de esmeraldas, cultura beduina y el desierto en jeep. Una aventura \u00fanica y llena de historia.","og_url":"https:\/\/egytourpackages.com\/es\/tours\/safari-a-wadi-el-gemal-desde-marsa-alam\/","og_site_name":"Egypt Tour Packages","article_publisher":"https:\/\/www.facebook.com\/egytourpackages","article_modified_time":"2026-01-04T11:37:24+00:00","og_image":[{"width":1800,"height":1200,"url":"https:\/\/egytourpackages.com\/wp-content\/uploads\/2025\/05\/Eastern-desert-Marsa-Alam.jpg","type":"image\/jpeg"}],"twitter_card":"summary_large_image","twitter_title":"Safari a Wadi El Gemal desde Marsa Alam","twitter_misc":{"Precio":"&euro;80","Disponibilidad":"Disponible"},"schema":{"@context":"https:\/\/schema.org","@graph":[{"@type":"WebPage","@id":"https:\/\/egytourpackages.com\/es\/tours\/safari-a-wadi-el-gemal-desde-marsa-alam\/","url":"https:\/\/egytourpackages.com\/es\/tours\/safari-a-wadi-el-gemal-desde-marsa-alam\/","name":"Safari a Wadi El Gemal desde Marsa Alam","isPartOf":{"@id":"https:\/\/egytourpackages.com\/es\/#website"},"primaryImageOfPage":{"@id":"https:\/\/egytourpackages.com\/es\/tours\/safari-a-wadi-el-gemal-desde-marsa-alam\/#primaryimage"},"image":{"@id":"https:\/\/egytourpackages.com\/es\/tours\/safari-a-wadi-el-gemal-desde-marsa-alam\/#primaryimage"},"thumbnailUrl":"https:\/\/egytourpackages.com\/wp-content\/uploads\/2025\/05\/Eastern-desert-Marsa-Alam.jpg","datePublished":"2025-05-25T16:32:39+00:00","dateModified":"2026-01-04T11:37:24+00:00","description":"Safari a Wadi El Gemal desde Marsa Alam. Explora minas de esmeraldas, cultura beduina y el desierto en jeep. Una aventura \u00fanica y llena de historia.","breadcrumb":{"@id":"https:\/\/egytourpackages.com\/es\/tours\/safari-a-wadi-el-gemal-desde-marsa-alam\/#breadcrumb"},"inLanguage":"es","potentialAction":[{"@type":"ReadAction","target":["https:\/\/egytourpackages.com\/es\/tours\/safari-a-wadi-el-gemal-desde-marsa-alam\/"]}]},{"@type":"ImageObject","inLanguage":"es","@id":"https:\/\/egytourpackages.com\/es\/tours\/safari-a-wadi-el-gemal-desde-marsa-alam\/#primaryimage","url":"https:\/\/egytourpackages.com\/wp-content\/uploads\/2025\/05\/Eastern-desert-Marsa-Alam.jpg","contentUrl":"https:\/\/egytourpackages.com\/wp-content\/uploads\/2025\/05\/Eastern-desert-Marsa-Alam.jpg","width":1800,"height":1200,"caption":"Safari a Wadi El Gemal desde Marsa Alam"},{"@type":"BreadcrumbList","@id":"https:\/\/egytourpackages.com\/es\/tours\/safari-a-wadi-el-gemal-desde-marsa-alam\/#breadcrumb","itemListElement":[{"@type":"ListItem","position":1,"name":"Home","item":"https:\/\/egytourpackages.com\/es\/paquetes-de-viaje-a-egipto\/"},{"@type":"ListItem","position":2,"name":"Shop","item":"https:\/\/egytourpackages.com\/shop\/"},{"@type":"ListItem","position":3,"name":"Safari a Wadi El Gemal desde Marsa Alam"}]},{"@type":"WebSite","@id":"https:\/\/egytourpackages.com\/es\/#website","url":"https:\/\/egytourpackages.com\/es\/","name":"Egy tour packages","description":"","publisher":{"@id":"https:\/\/egytourpackages.com\/es\/#organization"},"potentialAction":[{"@type":"SearchAction","target":{"@type":"EntryPoint","urlTemplate":"https:\/\/egytourpackages.com\/es\/?s={search_term_string}"},"query-input":{"@type":"PropertyValueSpecification","valueRequired":true,"valueName":"search_term_string"}}],"inLanguage":"es"},{"@type":["Organization","Place","TravelAgency"],"@id":"https:\/\/egytourpackages.com\/es\/#organization","name":"egypt tour packages","alternateName":"egypt tour packages","url":"https:\/\/egytourpackages.com\/es\/","logo":{"@id":"https:\/\/egytourpackages.com\/es\/tours\/safari-a-wadi-el-gemal-desde-marsa-alam\/#local-main-organization-logo"},"image":{"@id":"https:\/\/egytourpackages.com\/es\/tours\/safari-a-wadi-el-gemal-desde-marsa-alam\/#local-main-organization-logo"},"sameAs":["https:\/\/www.facebook.com\/egytourpackages"],"legalName":"Egy tour packages","address":{"@id":"https:\/\/egytourpackages.com\/es\/tours\/safari-a-wadi-el-gemal-desde-marsa-alam\/#local-main-place-address"},"telephone":["00201000852186","00201028685533"],"contactPoint":{"@type":"ContactPoint","telephone":"00201000852186"},"openingHoursSpecification":[{"@type":"OpeningHoursSpecification","dayOfWeek":["Monday","Tuesday","Wednesday","Thursday","Friday","Saturday","Sunday"],"opens":"00:00","closes":"23:59"}],"email":"info@egytourpackages.com","areaServed":"Cairo, Hurghada, Luxor, Sharm El Sheikh, Marsa Alam, Aswan","priceRange":"$","currenciesAccepted":"euro","paymentAccepted":"Payment links online"},{"@type":"PostalAddress","@id":"https:\/\/egytourpackages.com\/es\/tours\/safari-a-wadi-el-gemal-desde-marsa-alam\/#local-main-place-address","streetAddress":"Mubarak 8, Al Kawthar District, Hurghada","addressLocality":"Hurghada","postalCode":"84511","addressRegion":"Red Sea","addressCountry":"EG"},{"@type":"ImageObject","inLanguage":"es","@id":"https:\/\/egytourpackages.com\/es\/tours\/safari-a-wadi-el-gemal-desde-marsa-alam\/#local-main-organization-logo","url":"https:\/\/egytourpackages.com\/wp-content\/uploads\/2025\/12\/Turquoise-Dahabiya-Nile-Cruise-1.jpeg","contentUrl":"https:\/\/egytourpackages.com\/wp-content\/uploads\/2025\/12\/Turquoise-Dahabiya-Nile-Cruise-1.jpeg","width":1040,"height":694,"caption":"egypt tour packages"}]},"product_brand":"Excursiones Egipto","product_price_amount":"80","product_price_currency":"EUR","og_availability":"instock","product_availability":"instock","product_retailer_item_id":"MAT09","product_condition":"new","geo.placename":"Hurghada","geo.region":"Egipto"},"_links":{"self":[{"href":"https:\/\/egytourpackages.com\/es\/wp-json\/wp\/v2\/product\/6039","targetHints":{"allow":["GET"]}}],"collection":[{"href":"https:\/\/egytourpackages.com\/es\/wp-json\/wp\/v2\/product"}],"about":[{"href":"https:\/\/egytourpackages.com\/es\/wp-json\/wp\/v2\/types\/product"}],"replies":[{"embeddable":true,"href":"https:\/\/egytourpackages.com\/es\/wp-json\/wp\/v2\/comments?post=6039"}],"wp:featuredmedia":[{"embeddable":true,"href":"https:\/\/egytourpackages.com\/es\/wp-json\/wp\/v2\/media\/6040"}],"wp:attachment":[{"href":"https:\/\/egytourpackages.com\/es\/wp-json\/wp\/v2\/media?parent=6039"}],"wp:term":[{"taxonomy":"product_brand","embeddable":true,"href":"https:\/\/egytourpackages.com\/es\/wp-json\/wp\/v2\/product_brand?post=6039"},{"taxonomy":"product_cat","embeddable":true,"href":"https:\/\/egytourpackages.com\/es\/wp-json\/wp\/v2\/product_cat?post=6039"},{"taxonomy":"product_tag","embeddable":true,"href":"https:\/\/egytourpackages.com\/es\/wp-json\/wp\/v2\/product_tag?post=6039"}],"curies":[{"name":"wp","href":"https:\/\/api.w.org\/{rel}","templated":true}]}}