{"id":6041,"date":"2025-05-25T12:12:26","date_gmt":"2025-05-25T12:12:26","guid":{"rendered":"https:\/\/egytourpackages.com\/product\/traslado-privado-de-lujo-desde-el-aeropuerto-de-hurghada-a-los-hoteles-de-soma-bay\/"},"modified":"2026-02-12T23:22:24","modified_gmt":"2026-02-12T23:22:24","slug":"traslado-privado-de-lujo-desde-el-aeropuerto-de-hurghada-a-los-hoteles-de-soma-bay","status":"publish","type":"product","link":"https:\/\/egytourpackages.com\/es\/tours\/traslado-privado-de-lujo-desde-el-aeropuerto-de-hurghada-a-los-hoteles-de-soma-bay\/","title":{"rendered":"Traslado privado de lujo desde el aeropuerto de Hurghada a los hoteles de Soma Bay"},"content":{"rendered":"<p><span style=\"color: #ff6600;\"><strong>Traslado privado de lujo desde el aeropuerto de Hurghada a los hoteles de Soma Bay <\/strong><\/span><\/p>\n<p><strong>| Reserva de traslado privado en coche de lujo | Servicios Mercedes<\/strong><\/p>\n<p>El <strong>traslado privado desde el aeropuerto de Hurghada a los hoteles de Soma Bay<\/strong> es la forma m\u00e1s r\u00e1pida de llegar del <strong>aeropuerto de Hurghada<\/strong> a los hoteles de Soma Bay. Los <strong>paquetes tur\u00edsticos de Egy<\/strong> ofrecen <strong>servicios de taxi privado en Hurghada<\/strong> con <strong>coches Mercedes<\/strong> desde el aeropuerto de Hurghada puerta a puerta en una hora.<\/p>\n<p>Reserva tu traslado a los <strong>resorts de Soma Bay<\/strong> a trav\u00e9s de WhatsApp, correo electr\u00f3nico o llamada telef\u00f3nica. Al reservar tu <strong>taxi desde el aeropuerto de Hurghada<\/strong>, simplemente proporciona tu n\u00famero de vuelo y la hora de llegada y nosotros nos encargaremos del resto. De hecho, operamos las 24 horas con un grupo de veh\u00edculos modernos y con aire acondicionado, y te recogemos en cualquier momento desde el <strong>aeropuerto de Hurghada<\/strong>.<\/p>\n<p>Tu conductor te estar\u00e1 esperando frente a la sala de llegadas con tu nombre en un cartel para ayudarte con tu equipaje. Como resultado, olv\u00eddate del estr\u00e9s y disfruta de tu traslado desde el aeropuerto de Hurghada a tu hotel en Soma Bay.<\/p>\n<h2><span style=\"color: #ff6600;\">P.C.<\/span><\/h2>\n<p>Ten en cuenta que nuestro precio para los traslados del aeropuerto de Hurghada a los resorts de Soma Bay es por veh\u00edculo y no hay sorpresas ocultas. Para m\u00e1s informaci\u00f3n sobre <strong>traslados en taxi desde el aeropuerto de Hurghada<\/strong>, por favor, revisa nuestra secci\u00f3n de <strong>traslados al aeropuerto<\/strong>.<\/p>\n<h3><span style=\"color: #ff6600;\">Precio del traslado de lujo desde el aeropuerto de Hurghada a los hoteles de Soma Bay<\/span><\/h3>\n<p>Por veh\u00edculo <strong>110 \u20ac<\/strong><\/p>\n<h3><span style=\"color: #ff6600;\">Reserva<\/span><\/h3>\n<p>Puedes reservar tu tour a trav\u00e9s de WhatsApp o enviarnos un correo electr\u00f3nico y recibir\u00e1s la confirmaci\u00f3n al instante. Por favor, env\u00edanos el nombre de tu hotel, n\u00famero de habitaci\u00f3n y copias de tu pasaporte.<\/p>\n<p>WhatsApp: +201000852186<\/p>\n<p>info@egytourpackages.com<\/p>\n<h3><span style=\"color: #ff6600;\">Reserva Ahora y Paga en el lugar <\/span><\/h3>\n<p>Reserva tu tour favorito y paga el d\u00eda del viaje.<\/p>\n<h3><span style=\"color: #ff6600;\">Pago<\/span><\/h3>\n<p>Puedes pagar en libras egipcias, $, \u20ac o \u00a3.<\/p>\n<h3><span style=\"color: #ff6600;\">Pol\u00edtica de Cancelaci\u00f3n<\/span><\/h3>\n<p>La cancelaci\u00f3n es gratuita hasta 24 horas antes La cancelaci\u00f3n por la ma\u00f1ana es del 50% del precio<\/p>\n","protected":false},"excerpt":{"rendered":"<p>Traslado privado de lujo desde el aeropuerto de Hurghada a los hoteles de Soma Bay . Servicio privado, r\u00e1pido y c\u00f3modo con coches Mercedes.<\/p>\n","protected":false},"featured_media":6042,"comment_status":"open","ping_status":"closed","template":"","meta":[],"product_brand":[],"product_cat":[3128],"product_tag":[3188,3356],"class_list":{"0":"post-6041","1":"product","2":"type-product","3":"status-publish","4":"has-post-thumbnail","6":"product_cat-tours","7":"product_tag-excursiones-egipto","8":"product_tag-traslado-al-aeropuerto","9":"tour_category-excursiones-egipto-es","10":"tour_category-traslado-al-aeropuerto-es","12":"first","13":"instock","14":"sale","15":"shipping-taxable","16":"purchasable","17":"product-type-tour","18":"has-default-attributes"},"yoast_head":"<!-- This site is optimized with the Yoast SEO Premium plugin v27.4 (Yoast SEO v27.4) - https:\/\/yoast.com\/product\/yoast-seo-premium-wordpress\/ -->\n<title>Traslado privado de lujo desde el aeropuerto de Hurghada a los hoteles de Soma Bay<\/title>\n<meta name=\"description\" content=\"Traslado privado de lujo desde el aeropuerto de Hurghada a los hoteles de Soma Bay . Servicio privado, r\u00e1pido y c\u00f3modo con coches Mercedes.\" \/>\n<meta name=\"robots\" content=\"index, follow, max-snippet:-1, max-image-preview:large, max-video-preview:-1\" \/>\n<link rel=\"canonical\" href=\"https:\/\/egytourpackages.com\/es\/tours\/traslado-privado-de-lujo-desde-el-aeropuerto-de-hurghada-a-los-hoteles-de-soma-bay\/\" \/>\n<meta property=\"og:locale\" content=\"es_ES\" \/>\n<meta property=\"og:type\" content=\"article\" \/>\n<meta property=\"og:title\" content=\"Traslado privado de lujo desde el aeropuerto de Hurghada a los hoteles de Soma Bay\" \/>\n<meta property=\"og:description\" content=\"Traslado privado de lujo desde el aeropuerto de Hurghada a los hoteles de Soma Bay . Servicio privado, r\u00e1pido y c\u00f3modo con coches Mercedes.\" \/>\n<meta property=\"og:url\" content=\"https:\/\/egytourpackages.com\/es\/tours\/traslado-privado-de-lujo-desde-el-aeropuerto-de-hurghada-a-los-hoteles-de-soma-bay\/\" \/>\n<meta property=\"og:site_name\" content=\"Egypt Tour Packages\" \/>\n<meta property=\"article:publisher\" content=\"https:\/\/www.facebook.com\/egytourpackages\" \/>\n<meta property=\"article:modified_time\" content=\"2026-02-12T23:22:24+00:00\" \/>\n<meta property=\"og:image\" content=\"https:\/\/egytourpackages.com\/wp-content\/uploads\/2025\/05\/Mercedes-airport-transfers-1024x768.jpg\" \/>\n<meta name=\"twitter:card\" content=\"summary_large_image\" \/>\n<meta name=\"twitter:title\" content=\"Traslado privado de lujo desde el aeropuerto de Hurghada a los hoteles de Soma Bay\" \/>\n<meta name=\"twitter:label1\" content=\"Precio\" \/>\n\t<meta name=\"twitter:data1\" content=\"&euro;100\" \/>\n\t<meta name=\"twitter:label2\" content=\"Disponibilidad\" \/>\n\t<meta name=\"twitter:data2\" content=\"Disponible\" \/>\n<script type=\"application\/ld+json\" class=\"yoast-schema-graph\">{\"@context\":\"https:\\\/\\\/schema.org\",\"@graph\":[{\"@type\":\"WebPage\",\"@id\":\"https:\\\/\\\/egytourpackages.com\\\/es\\\/tours\\\/traslado-privado-de-lujo-desde-el-aeropuerto-de-hurghada-a-los-hoteles-de-soma-bay\\\/\",\"url\":\"https:\\\/\\\/egytourpackages.com\\\/es\\\/tours\\\/traslado-privado-de-lujo-desde-el-aeropuerto-de-hurghada-a-los-hoteles-de-soma-bay\\\/\",\"name\":\"Traslado privado de lujo desde el aeropuerto de Hurghada a los hoteles de Soma Bay\",\"isPartOf\":{\"@id\":\"https:\\\/\\\/egytourpackages.com\\\/es\\\/#website\"},\"primaryImageOfPage\":{\"@id\":\"https:\\\/\\\/egytourpackages.com\\\/es\\\/tours\\\/traslado-privado-de-lujo-desde-el-aeropuerto-de-hurghada-a-los-hoteles-de-soma-bay\\\/#primaryimage\"},\"image\":{\"@id\":\"https:\\\/\\\/egytourpackages.com\\\/es\\\/tours\\\/traslado-privado-de-lujo-desde-el-aeropuerto-de-hurghada-a-los-hoteles-de-soma-bay\\\/#primaryimage\"},\"thumbnailUrl\":\"https:\\\/\\\/egytourpackages.com\\\/wp-content\\\/uploads\\\/2025\\\/05\\\/Luxurious-airport-transfer.jpg\",\"datePublished\":\"2025-05-25T12:12:26+00:00\",\"dateModified\":\"2026-02-12T23:22:24+00:00\",\"description\":\"Traslado privado de lujo desde el aeropuerto de Hurghada a los hoteles de Soma Bay . Servicio privado, r\u00e1pido y c\u00f3modo con coches Mercedes.\",\"breadcrumb\":{\"@id\":\"https:\\\/\\\/egytourpackages.com\\\/es\\\/tours\\\/traslado-privado-de-lujo-desde-el-aeropuerto-de-hurghada-a-los-hoteles-de-soma-bay\\\/#breadcrumb\"},\"inLanguage\":\"es\",\"potentialAction\":[{\"@type\":\"ReadAction\",\"target\":[\"https:\\\/\\\/egytourpackages.com\\\/es\\\/tours\\\/traslado-privado-de-lujo-desde-el-aeropuerto-de-hurghada-a-los-hoteles-de-soma-bay\\\/\"]}]},{\"@type\":\"ImageObject\",\"inLanguage\":\"es\",\"@id\":\"https:\\\/\\\/egytourpackages.com\\\/es\\\/tours\\\/traslado-privado-de-lujo-desde-el-aeropuerto-de-hurghada-a-los-hoteles-de-soma-bay\\\/#primaryimage\",\"url\":\"https:\\\/\\\/egytourpackages.com\\\/wp-content\\\/uploads\\\/2025\\\/05\\\/Luxurious-airport-transfer.jpg\",\"contentUrl\":\"https:\\\/\\\/egytourpackages.com\\\/wp-content\\\/uploads\\\/2025\\\/05\\\/Luxurious-airport-transfer.jpg\",\"width\":1800,\"height\":1350,\"caption\":\"Traslado privado de lujo desde el aeropuerto de Hurghada a los hoteles de Soma Bay\"},{\"@type\":\"BreadcrumbList\",\"@id\":\"https:\\\/\\\/egytourpackages.com\\\/es\\\/tours\\\/traslado-privado-de-lujo-desde-el-aeropuerto-de-hurghada-a-los-hoteles-de-soma-bay\\\/#breadcrumb\",\"itemListElement\":[{\"@type\":\"ListItem\",\"position\":1,\"name\":\"Home\",\"item\":\"https:\\\/\\\/egytourpackages.com\\\/es\\\/paquetes-de-viaje-a-egipto\\\/\"},{\"@type\":\"ListItem\",\"position\":2,\"name\":\"Shop\",\"item\":\"https:\\\/\\\/egytourpackages.com\\\/shop\\\/\"},{\"@type\":\"ListItem\",\"position\":3,\"name\":\"Traslado privado de lujo desde el aeropuerto de Hurghada a los hoteles de Soma Bay\"}]},{\"@type\":\"WebSite\",\"@id\":\"https:\\\/\\\/egytourpackages.com\\\/es\\\/#website\",\"url\":\"https:\\\/\\\/egytourpackages.com\\\/es\\\/\",\"name\":\"Egy tour packages\",\"description\":\"\",\"publisher\":{\"@id\":\"https:\\\/\\\/egytourpackages.com\\\/es\\\/#organization\"},\"potentialAction\":[{\"@type\":\"SearchAction\",\"target\":{\"@type\":\"EntryPoint\",\"urlTemplate\":\"https:\\\/\\\/egytourpackages.com\\\/es\\\/?s={search_term_string}\"},\"query-input\":{\"@type\":\"PropertyValueSpecification\",\"valueRequired\":true,\"valueName\":\"search_term_string\"}}],\"inLanguage\":\"es\"},{\"@type\":[\"Organization\",\"Place\",\"TravelAgency\"],\"@id\":\"https:\\\/\\\/egytourpackages.com\\\/es\\\/#organization\",\"name\":\"egypt tour packages\",\"alternateName\":\"egypt tour packages\",\"url\":\"https:\\\/\\\/egytourpackages.com\\\/es\\\/\",\"logo\":{\"@id\":\"https:\\\/\\\/egytourpackages.com\\\/es\\\/tours\\\/traslado-privado-de-lujo-desde-el-aeropuerto-de-hurghada-a-los-hoteles-de-soma-bay\\\/#local-main-organization-logo\"},\"image\":{\"@id\":\"https:\\\/\\\/egytourpackages.com\\\/es\\\/tours\\\/traslado-privado-de-lujo-desde-el-aeropuerto-de-hurghada-a-los-hoteles-de-soma-bay\\\/#local-main-organization-logo\"},\"sameAs\":[\"https:\\\/\\\/www.facebook.com\\\/egytourpackages\"],\"legalName\":\"Egy tour packages\",\"address\":{\"@id\":\"https:\\\/\\\/egytourpackages.com\\\/es\\\/tours\\\/traslado-privado-de-lujo-desde-el-aeropuerto-de-hurghada-a-los-hoteles-de-soma-bay\\\/#local-main-place-address\"},\"telephone\":[\"00201000852186\",\"00201028685533\"],\"contactPoint\":{\"@type\":\"ContactPoint\",\"telephone\":\"00201000852186\"},\"openingHoursSpecification\":[{\"@type\":\"OpeningHoursSpecification\",\"dayOfWeek\":[\"Monday\",\"Tuesday\",\"Wednesday\",\"Thursday\",\"Friday\",\"Saturday\",\"Sunday\"],\"opens\":\"00:00\",\"closes\":\"23:59\"}],\"email\":\"info@egytourpackages.com\",\"areaServed\":\"Cairo, Hurghada, Luxor, Sharm El Sheikh, Marsa Alam, Aswan\",\"priceRange\":\"$\",\"currenciesAccepted\":\"euro\",\"paymentAccepted\":\"Payment links online\"},{\"@type\":\"PostalAddress\",\"@id\":\"https:\\\/\\\/egytourpackages.com\\\/es\\\/tours\\\/traslado-privado-de-lujo-desde-el-aeropuerto-de-hurghada-a-los-hoteles-de-soma-bay\\\/#local-main-place-address\",\"streetAddress\":\"Mubarak 8, Al Kawthar District, Hurghada\",\"addressLocality\":\"Hurghada\",\"postalCode\":\"84511\",\"addressRegion\":\"Red Sea\",\"addressCountry\":\"EG\"},{\"@type\":\"ImageObject\",\"inLanguage\":\"es\",\"@id\":\"https:\\\/\\\/egytourpackages.com\\\/es\\\/tours\\\/traslado-privado-de-lujo-desde-el-aeropuerto-de-hurghada-a-los-hoteles-de-soma-bay\\\/#local-main-organization-logo\",\"url\":\"https:\\\/\\\/egytourpackages.com\\\/wp-content\\\/uploads\\\/2025\\\/12\\\/Turquoise-Dahabiya-Nile-Cruise-1.jpeg\",\"contentUrl\":\"https:\\\/\\\/egytourpackages.com\\\/wp-content\\\/uploads\\\/2025\\\/12\\\/Turquoise-Dahabiya-Nile-Cruise-1.jpeg\",\"width\":1040,\"height\":694,\"caption\":\"egypt tour packages\"}]}<\/script>\n<meta property=\"product:brand\" content=\"Excursiones Egipto\" \/>\n<meta property=\"product:price:amount\" content=\"100\" \/>\n<meta property=\"product:price:currency\" content=\"EUR\" \/>\n<meta property=\"og:availability\" content=\"instock\" \/>\n<meta property=\"product:availability\" content=\"instock\" \/>\n<meta property=\"product:retailer_item_id\" content=\"AT 02\" \/>\n<meta property=\"product:condition\" content=\"new\" \/>\n<meta name=\"geo.placename\" content=\"Hurghada\" \/>\n<meta name=\"geo.region\" content=\"Egipto\" \/>\n<!-- \/ Yoast SEO Premium plugin. -->","yoast_head_json":{"title":"Traslado privado de lujo desde el aeropuerto de Hurghada a los hoteles de Soma Bay","description":"Traslado privado de lujo desde el aeropuerto de Hurghada a los hoteles de Soma Bay . Servicio privado, r\u00e1pido y c\u00f3modo con coches Mercedes.","robots":{"index":"index","follow":"follow","max-snippet":"max-snippet:-1","max-image-preview":"max-image-preview:large","max-video-preview":"max-video-preview:-1"},"canonical":"https:\/\/egytourpackages.com\/es\/tours\/traslado-privado-de-lujo-desde-el-aeropuerto-de-hurghada-a-los-hoteles-de-soma-bay\/","og_locale":"es_ES","og_type":"article","og_title":"Traslado privado de lujo desde el aeropuerto de Hurghada a los hoteles de Soma Bay","og_description":"Traslado privado de lujo desde el aeropuerto de Hurghada a los hoteles de Soma Bay . Servicio privado, r\u00e1pido y c\u00f3modo con coches Mercedes.","og_url":"https:\/\/egytourpackages.com\/es\/tours\/traslado-privado-de-lujo-desde-el-aeropuerto-de-hurghada-a-los-hoteles-de-soma-bay\/","og_site_name":"Egypt Tour Packages","article_publisher":"https:\/\/www.facebook.com\/egytourpackages","article_modified_time":"2026-02-12T23:22:24+00:00","og_image":[{"url":"https:\/\/egytourpackages.com\/wp-content\/uploads\/2025\/05\/Mercedes-airport-transfers-1024x768.jpg","type":"","width":"","height":""}],"twitter_card":"summary_large_image","twitter_title":"Traslado privado de lujo desde el aeropuerto de Hurghada a los hoteles de Soma Bay","twitter_misc":{"Precio":"&euro;100","Disponibilidad":"Disponible"},"schema":{"@context":"https:\/\/schema.org","@graph":[{"@type":"WebPage","@id":"https:\/\/egytourpackages.com\/es\/tours\/traslado-privado-de-lujo-desde-el-aeropuerto-de-hurghada-a-los-hoteles-de-soma-bay\/","url":"https:\/\/egytourpackages.com\/es\/tours\/traslado-privado-de-lujo-desde-el-aeropuerto-de-hurghada-a-los-hoteles-de-soma-bay\/","name":"Traslado privado de lujo desde el aeropuerto de Hurghada a los hoteles de Soma Bay","isPartOf":{"@id":"https:\/\/egytourpackages.com\/es\/#website"},"primaryImageOfPage":{"@id":"https:\/\/egytourpackages.com\/es\/tours\/traslado-privado-de-lujo-desde-el-aeropuerto-de-hurghada-a-los-hoteles-de-soma-bay\/#primaryimage"},"image":{"@id":"https:\/\/egytourpackages.com\/es\/tours\/traslado-privado-de-lujo-desde-el-aeropuerto-de-hurghada-a-los-hoteles-de-soma-bay\/#primaryimage"},"thumbnailUrl":"https:\/\/egytourpackages.com\/wp-content\/uploads\/2025\/05\/Luxurious-airport-transfer.jpg","datePublished":"2025-05-25T12:12:26+00:00","dateModified":"2026-02-12T23:22:24+00:00","description":"Traslado privado de lujo desde el aeropuerto de Hurghada a los hoteles de Soma Bay . Servicio privado, r\u00e1pido y c\u00f3modo con coches Mercedes.","breadcrumb":{"@id":"https:\/\/egytourpackages.com\/es\/tours\/traslado-privado-de-lujo-desde-el-aeropuerto-de-hurghada-a-los-hoteles-de-soma-bay\/#breadcrumb"},"inLanguage":"es","potentialAction":[{"@type":"ReadAction","target":["https:\/\/egytourpackages.com\/es\/tours\/traslado-privado-de-lujo-desde-el-aeropuerto-de-hurghada-a-los-hoteles-de-soma-bay\/"]}]},{"@type":"ImageObject","inLanguage":"es","@id":"https:\/\/egytourpackages.com\/es\/tours\/traslado-privado-de-lujo-desde-el-aeropuerto-de-hurghada-a-los-hoteles-de-soma-bay\/#primaryimage","url":"https:\/\/egytourpackages.com\/wp-content\/uploads\/2025\/05\/Luxurious-airport-transfer.jpg","contentUrl":"https:\/\/egytourpackages.com\/wp-content\/uploads\/2025\/05\/Luxurious-airport-transfer.jpg","width":1800,"height":1350,"caption":"Traslado privado de lujo desde el aeropuerto de Hurghada a los hoteles de Soma Bay"},{"@type":"BreadcrumbList","@id":"https:\/\/egytourpackages.com\/es\/tours\/traslado-privado-de-lujo-desde-el-aeropuerto-de-hurghada-a-los-hoteles-de-soma-bay\/#breadcrumb","itemListElement":[{"@type":"ListItem","position":1,"name":"Home","item":"https:\/\/egytourpackages.com\/es\/paquetes-de-viaje-a-egipto\/"},{"@type":"ListItem","position":2,"name":"Shop","item":"https:\/\/egytourpackages.com\/shop\/"},{"@type":"ListItem","position":3,"name":"Traslado privado de lujo desde el aeropuerto de Hurghada a los hoteles de Soma Bay"}]},{"@type":"WebSite","@id":"https:\/\/egytourpackages.com\/es\/#website","url":"https:\/\/egytourpackages.com\/es\/","name":"Egy tour packages","description":"","publisher":{"@id":"https:\/\/egytourpackages.com\/es\/#organization"},"potentialAction":[{"@type":"SearchAction","target":{"@type":"EntryPoint","urlTemplate":"https:\/\/egytourpackages.com\/es\/?s={search_term_string}"},"query-input":{"@type":"PropertyValueSpecification","valueRequired":true,"valueName":"search_term_string"}}],"inLanguage":"es"},{"@type":["Organization","Place","TravelAgency"],"@id":"https:\/\/egytourpackages.com\/es\/#organization","name":"egypt tour packages","alternateName":"egypt tour packages","url":"https:\/\/egytourpackages.com\/es\/","logo":{"@id":"https:\/\/egytourpackages.com\/es\/tours\/traslado-privado-de-lujo-desde-el-aeropuerto-de-hurghada-a-los-hoteles-de-soma-bay\/#local-main-organization-logo"},"image":{"@id":"https:\/\/egytourpackages.com\/es\/tours\/traslado-privado-de-lujo-desde-el-aeropuerto-de-hurghada-a-los-hoteles-de-soma-bay\/#local-main-organization-logo"},"sameAs":["https:\/\/www.facebook.com\/egytourpackages"],"legalName":"Egy tour packages","address":{"@id":"https:\/\/egytourpackages.com\/es\/tours\/traslado-privado-de-lujo-desde-el-aeropuerto-de-hurghada-a-los-hoteles-de-soma-bay\/#local-main-place-address"},"telephone":["00201000852186","00201028685533"],"contactPoint":{"@type":"ContactPoint","telephone":"00201000852186"},"openingHoursSpecification":[{"@type":"OpeningHoursSpecification","dayOfWeek":["Monday","Tuesday","Wednesday","Thursday","Friday","Saturday","Sunday"],"opens":"00:00","closes":"23:59"}],"email":"info@egytourpackages.com","areaServed":"Cairo, Hurghada, Luxor, Sharm El Sheikh, Marsa Alam, Aswan","priceRange":"$","currenciesAccepted":"euro","paymentAccepted":"Payment links online"},{"@type":"PostalAddress","@id":"https:\/\/egytourpackages.com\/es\/tours\/traslado-privado-de-lujo-desde-el-aeropuerto-de-hurghada-a-los-hoteles-de-soma-bay\/#local-main-place-address","streetAddress":"Mubarak 8, Al Kawthar District, Hurghada","addressLocality":"Hurghada","postalCode":"84511","addressRegion":"Red Sea","addressCountry":"EG"},{"@type":"ImageObject","inLanguage":"es","@id":"https:\/\/egytourpackages.com\/es\/tours\/traslado-privado-de-lujo-desde-el-aeropuerto-de-hurghada-a-los-hoteles-de-soma-bay\/#local-main-organization-logo","url":"https:\/\/egytourpackages.com\/wp-content\/uploads\/2025\/12\/Turquoise-Dahabiya-Nile-Cruise-1.jpeg","contentUrl":"https:\/\/egytourpackages.com\/wp-content\/uploads\/2025\/12\/Turquoise-Dahabiya-Nile-Cruise-1.jpeg","width":1040,"height":694,"caption":"egypt tour packages"}]},"product_brand":"Excursiones Egipto","product_price_amount":"100","product_price_currency":"EUR","og_availability":"instock","product_availability":"instock","product_retailer_item_id":"AT 02","product_condition":"new","geo.placename":"Hurghada","geo.region":"Egipto"},"_links":{"self":[{"href":"https:\/\/egytourpackages.com\/es\/wp-json\/wp\/v2\/product\/6041","targetHints":{"allow":["GET"]}}],"collection":[{"href":"https:\/\/egytourpackages.com\/es\/wp-json\/wp\/v2\/product"}],"about":[{"href":"https:\/\/egytourpackages.com\/es\/wp-json\/wp\/v2\/types\/product"}],"replies":[{"embeddable":true,"href":"https:\/\/egytourpackages.com\/es\/wp-json\/wp\/v2\/comments?post=6041"}],"wp:featuredmedia":[{"embeddable":true,"href":"https:\/\/egytourpackages.com\/es\/wp-json\/wp\/v2\/media\/6042"}],"wp:attachment":[{"href":"https:\/\/egytourpackages.com\/es\/wp-json\/wp\/v2\/media?parent=6041"}],"wp:term":[{"taxonomy":"product_brand","embeddable":true,"href":"https:\/\/egytourpackages.com\/es\/wp-json\/wp\/v2\/product_brand?post=6041"},{"taxonomy":"product_cat","embeddable":true,"href":"https:\/\/egytourpackages.com\/es\/wp-json\/wp\/v2\/product_cat?post=6041"},{"taxonomy":"product_tag","embeddable":true,"href":"https:\/\/egytourpackages.com\/es\/wp-json\/wp\/v2\/product_tag?post=6041"}],"curies":[{"name":"wp","href":"https:\/\/api.w.org\/{rel}","templated":true}]}}