{"id":6051,"date":"2025-05-23T18:46:29","date_gmt":"2025-05-23T18:46:29","guid":{"rendered":"https:\/\/egytourpackages.com\/product\/tour-del-gran-museo-egipcio-y-las-piramides-de-giza-desde-el-gouna\/"},"modified":"2026-01-04T19:50:30","modified_gmt":"2026-01-04T19:50:30","slug":"tour-del-gran-museo-egipcio-y-las-piramides-de-giza-desde-el-gouna","status":"publish","type":"product","link":"https:\/\/egytourpackages.com\/es\/tours\/tour-del-gran-museo-egipcio-y-las-piramides-de-giza-desde-el-gouna\/","title":{"rendered":"Tour del Gran Museo Egipcio y las Pir\u00e1mides de Giza desde El Gouna"},"content":{"rendered":"<p><span style=\"color: #ff6600;\"><strong>Tour del Gran Museo Egipcio y las Pir\u00e1mides de Giza desde El Gouna<\/strong><\/span><\/p>\n<p><strong>Excursi\u00f3n privada de un d\u00eda a El Cairo desde El Gouna | El mejor Gran Museo Egipcio desde El Gouna | Excursiones de El Gouna | Atracciones tur\u00edsticas de El Cairo como las Pir\u00e1mides de Giza, la Gran Esfinge, los tesoros de Tutankam\u00f3n, el Obelisco Colgante | Reserva en l\u00ednea por WhatsApp<\/strong><\/p>\n<p>Tu <strong>tour del Gran Museo Egipcio y las Pir\u00e1mides de Giza desde El Gouna<\/strong> es una aventura \u00fanica y una experiencia inolvidable para aprender sobre la <strong>antigua civilizaci\u00f3n egipcia<\/strong>. De hecho, estos tours a El Gran Museo Egipcio son un tipo de <strong>tour cultural<\/strong> y de <strong>herencia hist\u00f3rica<\/strong> con un <strong>gu\u00eda arque\u00f3logo<\/strong> experto. Conocer\u00e1s muchos secretos sobre las <strong>Pir\u00e1mides de Giza<\/strong>, la <strong>Esfinge<\/strong>, la maldici\u00f3n del Fara\u00f3n y mucho m\u00e1s.<\/p>\n<p>Estos son los mejores <strong>viajes de exploraci\u00f3n para ni\u00f1os<\/strong> y adultos y <strong>tours educativos<\/strong> para <strong>seniors<\/strong> desde El Gouna. Tambi\u00e9n se considera una de las <strong>mejores cosas que hacer para familias<\/strong> y las m\u00e1s hermosas <strong>cosas que hacer con amigos<\/strong>. Reservar este tour privado de d\u00eda completo al Gran Museo Egipcio te permitir\u00e1 explorar artefactos egipcios desde la \u00e9poca prehist\u00f3rica hasta la \u00e9poca grecorromana. Adem\u00e1s, ver\u00e1s los tesoros de <strong>Tutankam\u00f3n<\/strong> encontrados en su tumba KV 62 en el <strong>Valle de los Reyes<\/strong> en L\u00faxor en 1922. Finalmente, tendr\u00e1s informaci\u00f3n detallada sobre las <strong>Pir\u00e1mides de Giza<\/strong>, las <strong>Pir\u00e1mides de las Reinas<\/strong>, las <strong>Tumbas de los Constructores de las Pir\u00e1mides<\/strong> y la <strong>Gran Esfinge<\/strong>. Los paquetes tur\u00edsticos de Egy ofrecen esta excursi\u00f3n desde El Gouna con un gu\u00eda experto, veh\u00edculos nuevos, los mejores servicios y un precio muy justo.<\/p>\n<h3><span style=\"color: #ff6600;\">Detalles del Tour<\/span><\/h3>\n<ul>\n<li>Duraci\u00f3n: 18 horas<\/li>\n<li>Ubicaci\u00f3n del Tour: Giza<\/li>\n<li>Disponibilidad del Tour: Todos los d\u00edas<\/li>\n<li>Recogida y Regreso: tu hotel en El Gouna<\/li>\n<li>Tipo de Tour: Privado<\/li>\n<li><strong>Idioma: Espa\u00f1ol<\/strong><\/li>\n<li>Adecuado para: Parejas, Familia, Seniors<\/li>\n<li>Silla de ruedas: Accesible<\/li>\n<\/ul>\n<h3><span style=\"color: #ff6600;\">Puntos Destacados del Tour<\/span><\/h3>\n<ul>\n<li>Gran Museo Egipcio<\/li>\n<li>Pir\u00e1mides de Giza<\/li>\n<li>La Gran Esfinge<\/li>\n<li>Templo del Valle<\/li>\n<\/ul>\n<h3><span style=\"color: #ff6600;\">Inclusiones<\/span><\/h3>\n<ul>\n<li>Transfer de ida y vuelta en veh\u00edculo con A\/C<\/li>\n<li>Entradas para todos los lugares del programa en El Cairo<\/li>\n<li>Gu\u00eda arque\u00f3logo que habla <strong>espa\u00f1ol<\/strong><\/li>\n<li>Almuerzo<\/li>\n<li>Agua durante el tour<\/li>\n<\/ul>\n<h3><span style=\"color: #ff6600;\">Exclusiones<\/span><\/h3>\n<ul>\n<li>Bebidas durante el almuerzo<\/li>\n<li>Tarifa de entrada para la Pir\u00e1mide de Keops 40 \u2217TarifadeentradaparalaPira\u02camidedeKefre\u02can7.5<\/li>\n<li>Propinas<\/li>\n<\/ul>\n<h3><span style=\"color: #ff6600;\">Qu\u00e9 Empacar<\/span><\/h3>\n<ul>\n<li>Zapatos y ropa c\u00f3modos, especialmente en verano<\/li>\n<li>Ropa de abrigo en invierno<\/li>\n<li>Gafas de sol, sombrero o bufanda<\/li>\n<li>Crema solar en verano<\/li>\n<\/ul>\n<h2><span style=\"color: #ff6600;\">Itinerario<\/span><\/h2>\n<p>Comienza tu d\u00eda con las cajas de desayuno que pediste el d\u00eda anterior antes de dirigirte a El Cairo con tu veh\u00edculo nuevo. Adem\u00e1s, trae una almohada si tu hotel lo permite y un libro para leer en el largo camino. Har\u00e1s una pausa para el caf\u00e9 en el camino para desayunar, usar el ba\u00f1o o simplemente estirar las piernas. Al llegar a El Cairo, comenzar\u00e1s tus atracciones en El Cairo.<\/p>\n<h3><span style=\"color: #ff6600;\">Gran Museo Egipcio<\/span><\/h3>\n<p>Explora con tu gu\u00eda el museo m\u00e1s grande del mundo de artefactos del antiguo Egipto, desde la <strong>Era Prehist\u00f3rica<\/strong> hasta la <strong>Era Grecorromana<\/strong>. Marav\u00edllate con el <strong>Obelisco Colgante<\/strong>, el Coloso del Gran <strong>Rams\u00e9s<\/strong> y la <strong>columna de la victoria de Merneptah<\/strong>.<\/p>\n<p>Despu\u00e9s, tomar\u00e1s el ascensor hasta la ventana panor\u00e1mica para ver las Pir\u00e1mides frente a ti antes de comenzar las galer\u00edas del museo. Hay 12 galer\u00edas abiertas hasta ahora y explican la <strong>antigua civilizaci\u00f3n egipcia<\/strong> de una manera muy agradable. Hablan sobre el Reinado, la sociedad y la religi\u00f3n desde el principio de la historia hasta el final.<\/p>\n<p>Ver\u00e1s estatuas de faraones famosos como Hatshepsut, Rams\u00e9s, Senusret, Ay, Tutankam\u00f3n, Tutmosis, Zoser, Kefr\u00e9n, Micerino y Merneptah. Tambi\u00e9n, figuras de dioses y diosas como Sekhmet, Isis, Hathor, Seshat, Am\u00f3n, Jnum y Ptah. Adem\u00e1s, barcos diarios, pelucas, accesorios, aceites, momias y sarc\u00f3fagos de madera de colores.<\/p>\n<p>Al final de tu tour, tendr\u00e1s algo de tiempo libre para descubrir la gran escalera por tu cuenta antes de ir a almorzar.<\/p>\n<h3><span style=\"color: #ff6600;\">Almuerzo<\/span><\/h3>\n<p>Disfruta de un almuerzo reci\u00e9n preparado con opciones de comidas vegetarianas.<\/p>\n<h3><span style=\"color: #ff6600;\">Complejo de las Pir\u00e1mides de Giza<\/span><\/h3>\n<p>Contin\u00faa con tu gu\u00eda para visitar las Pir\u00e1mides de Giza y disfruta de estar tan cerca del sue\u00f1o de tu vida. Explorar\u00e1s las Pir\u00e1mides de Keops, las Pir\u00e1mides de las Reinas, los pozos de barcos y las tumbas de los Constructores de Pir\u00e1mides. Tambi\u00e9n, descubrir\u00e1s la famosa Esfinge, el templo de Momificaci\u00f3n, la Pir\u00e1mide de Micerino y la Pir\u00e1mide de Kefr\u00e9n. Tu gu\u00eda te explicar\u00e1 algunos de los secretos de la historia egipcia y la <strong>antigua civilizaci\u00f3n egipcia<\/strong>.<\/p>\n<p><strong>Comidas:<\/strong> Desayuno, almuerzo<\/p>\n<h2><span style=\"color: #ff6600;\">P.C. <\/span><\/h2>\n<p>El Gran Museo Egipcio est\u00e1 abierto de 09:00 a 21:00 los s\u00e1bados y mi\u00e9rcoles, y de 08:30 a 18:00 el resto de la semana.<\/p>\n<h3><span style=\"color: #ff6600;\">Precio Tour del Gran Museo Egipcio y las Pir\u00e1mides de Giza desde El Gouna<\/span><\/h3>\n<ul>\n<li>Precio Adulto = 150 \u20ac<\/li>\n<li>Beb\u00e9s 0-5 a\u00f1os = gratis<\/li>\n<li>Ni\u00f1os 5-11 a\u00f1os = 50% del precio del adulto<\/li>\n<\/ul>\n<h3><span style=\"color: #ff6600;\">Reserva<\/span><\/h3>\n<p>Puedes reservar tu tour a trav\u00e9s de WhatsApp o enviarnos un correo electr\u00f3nico y recibir\u00e1s la confirmaci\u00f3n al instante.<\/p>\n<p>Por favor, env\u00edanos el nombre de tu hotel, n\u00famero de habitaci\u00f3n y copias de tu pasaporte.<\/p>\n<p>WhatsApp: +201000852186<\/p>\n<p>info@egytourpackages.com<\/p>\n<h3><span style=\"color: #ff6600;\">Reserva Ahora y Paga en el lugar<\/span><\/h3>\n<p>Reserva tu tour favorito y paga el d\u00eda del viaje.<\/p>\n<h3><span style=\"color: #ff6600;\">Pago<\/span><\/h3>\n<p>Puedes pagar en libras egipcias, $, \u20ac o \u00a3.<\/p>\n<h3><span style=\"color: #ff6600;\">Pol\u00edtica de Cancelaci\u00f3n<\/span><\/h3>\n<p>La cancelaci\u00f3n es gratuita hasta 24 horas antes La cancelaci\u00f3n por la ma\u00f1ana es del 50% del precio<\/p>\n","protected":false},"excerpt":{"rendered":"<p>Tour del Gran Museo Egipcio y las Pir\u00e1mides de Giza desde El Gouna. Descubre la historia antigua, los tesoros de Tutankam\u00f3n y la Esfinge. \u00a1Aventura \u00e9pica!<\/p>\n","protected":false},"featured_media":6052,"comment_status":"open","ping_status":"closed","template":"","meta":[],"product_brand":[],"product_cat":[3128],"product_tag":[3360,3188],"class_list":{"0":"post-6051","1":"product","2":"type-product","3":"status-publish","4":"has-post-thumbnail","6":"product_cat-tours","7":"product_tag-excursiones-a-el-gouna","8":"product_tag-excursiones-egipto","9":"tour_category-excursiones-egipto-es","10":"tour_category-excursiones-en-el-gouna-es","12":"first","13":"instock","14":"sale","15":"shipping-taxable","16":"purchasable","17":"product-type-tour","18":"has-default-attributes"},"yoast_head":"<!-- This site is optimized with the Yoast SEO Premium plugin v27.4 (Yoast SEO v27.4) - https:\/\/yoast.com\/product\/yoast-seo-premium-wordpress\/ -->\n<title>Tour del Gran Museo Egipcio y las Pir\u00e1mides de Giza desde El Gouna<\/title>\n<meta name=\"description\" content=\"Tour del Gran Museo Egipcio y las Pir\u00e1mides de Giza desde El Gouna. Descubre la historia antigua, los tesoros de Tutankam\u00f3n y la Esfinge. \u00a1Aventura \u00e9pica!\" \/>\n<meta name=\"robots\" content=\"index, follow, max-snippet:-1, max-image-preview:large, max-video-preview:-1\" \/>\n<link rel=\"canonical\" href=\"https:\/\/egytourpackages.com\/es\/tours\/tour-del-gran-museo-egipcio-y-las-piramides-de-giza-desde-el-gouna\/\" \/>\n<meta property=\"og:locale\" content=\"es_ES\" \/>\n<meta property=\"og:type\" content=\"article\" \/>\n<meta property=\"og:title\" content=\"Tour del Gran Museo Egipcio y las Pir\u00e1mides de Giza desde El Gouna\" \/>\n<meta property=\"og:description\" content=\"Tour del Gran Museo Egipcio y las Pir\u00e1mides de Giza desde El Gouna. Descubre la historia antigua, los tesoros de Tutankam\u00f3n y la Esfinge. \u00a1Aventura \u00e9pica!\" \/>\n<meta property=\"og:url\" content=\"https:\/\/egytourpackages.com\/es\/tours\/tour-del-gran-museo-egipcio-y-las-piramides-de-giza-desde-el-gouna\/\" \/>\n<meta property=\"og:site_name\" content=\"Egypt Tour Packages\" \/>\n<meta property=\"article:publisher\" content=\"https:\/\/www.facebook.com\/egytourpackages\" \/>\n<meta property=\"article:modified_time\" content=\"2026-01-04T19:50:30+00:00\" \/>\n<meta property=\"og:image\" content=\"https:\/\/egytourpackages.com\/wp-content\/uploads\/2025\/05\/Soldiers-from-GEM-1024x473.jpeg\" \/>\n<meta name=\"twitter:card\" content=\"summary_large_image\" \/>\n<meta name=\"twitter:title\" content=\"Tour del Gran Museo Egipcio y las Pir\u00e1mides de Giza desde El Gouna\" \/>\n<meta name=\"twitter:label1\" content=\"Precio\" \/>\n\t<meta name=\"twitter:data1\" content=\"&euro;150\" \/>\n\t<meta name=\"twitter:label2\" content=\"Disponibilidad\" \/>\n\t<meta name=\"twitter:data2\" content=\"Disponible\" \/>\n<script type=\"application\/ld+json\" class=\"yoast-schema-graph\">{\"@context\":\"https:\\\/\\\/schema.org\",\"@graph\":[{\"@type\":\"WebPage\",\"@id\":\"https:\\\/\\\/egytourpackages.com\\\/es\\\/tours\\\/tour-del-gran-museo-egipcio-y-las-piramides-de-giza-desde-el-gouna\\\/\",\"url\":\"https:\\\/\\\/egytourpackages.com\\\/es\\\/tours\\\/tour-del-gran-museo-egipcio-y-las-piramides-de-giza-desde-el-gouna\\\/\",\"name\":\"Tour del Gran Museo Egipcio y las Pir\u00e1mides de Giza desde El Gouna\",\"isPartOf\":{\"@id\":\"https:\\\/\\\/egytourpackages.com\\\/es\\\/#website\"},\"primaryImageOfPage\":{\"@id\":\"https:\\\/\\\/egytourpackages.com\\\/es\\\/tours\\\/tour-del-gran-museo-egipcio-y-las-piramides-de-giza-desde-el-gouna\\\/#primaryimage\"},\"image\":{\"@id\":\"https:\\\/\\\/egytourpackages.com\\\/es\\\/tours\\\/tour-del-gran-museo-egipcio-y-las-piramides-de-giza-desde-el-gouna\\\/#primaryimage\"},\"thumbnailUrl\":\"https:\\\/\\\/egytourpackages.com\\\/wp-content\\\/uploads\\\/2025\\\/05\\\/Soldiers-from-GEM.jpeg\",\"datePublished\":\"2025-05-23T18:46:29+00:00\",\"dateModified\":\"2026-01-04T19:50:30+00:00\",\"description\":\"Tour del Gran Museo Egipcio y las Pir\u00e1mides de Giza desde El Gouna. Descubre la historia antigua, los tesoros de Tutankam\u00f3n y la Esfinge. \u00a1Aventura \u00e9pica!\",\"breadcrumb\":{\"@id\":\"https:\\\/\\\/egytourpackages.com\\\/es\\\/tours\\\/tour-del-gran-museo-egipcio-y-las-piramides-de-giza-desde-el-gouna\\\/#breadcrumb\"},\"inLanguage\":\"es\",\"potentialAction\":[{\"@type\":\"ReadAction\",\"target\":[\"https:\\\/\\\/egytourpackages.com\\\/es\\\/tours\\\/tour-del-gran-museo-egipcio-y-las-piramides-de-giza-desde-el-gouna\\\/\"]}]},{\"@type\":\"ImageObject\",\"inLanguage\":\"es\",\"@id\":\"https:\\\/\\\/egytourpackages.com\\\/es\\\/tours\\\/tour-del-gran-museo-egipcio-y-las-piramides-de-giza-desde-el-gouna\\\/#primaryimage\",\"url\":\"https:\\\/\\\/egytourpackages.com\\\/wp-content\\\/uploads\\\/2025\\\/05\\\/Soldiers-from-GEM.jpeg\",\"contentUrl\":\"https:\\\/\\\/egytourpackages.com\\\/wp-content\\\/uploads\\\/2025\\\/05\\\/Soldiers-from-GEM.jpeg\",\"width\":1800,\"height\":831,\"caption\":\"Tour del Gran Museo Egipcio y las Pir\u00e1mides de Giza desde El Gouna\"},{\"@type\":\"BreadcrumbList\",\"@id\":\"https:\\\/\\\/egytourpackages.com\\\/es\\\/tours\\\/tour-del-gran-museo-egipcio-y-las-piramides-de-giza-desde-el-gouna\\\/#breadcrumb\",\"itemListElement\":[{\"@type\":\"ListItem\",\"position\":1,\"name\":\"Home\",\"item\":\"https:\\\/\\\/egytourpackages.com\\\/es\\\/paquetes-de-viaje-a-egipto\\\/\"},{\"@type\":\"ListItem\",\"position\":2,\"name\":\"Shop\",\"item\":\"https:\\\/\\\/egytourpackages.com\\\/shop\\\/\"},{\"@type\":\"ListItem\",\"position\":3,\"name\":\"Tour del Gran Museo Egipcio y las Pir\u00e1mides de Giza desde El Gouna\"}]},{\"@type\":\"WebSite\",\"@id\":\"https:\\\/\\\/egytourpackages.com\\\/es\\\/#website\",\"url\":\"https:\\\/\\\/egytourpackages.com\\\/es\\\/\",\"name\":\"Egy tour packages\",\"description\":\"\",\"publisher\":{\"@id\":\"https:\\\/\\\/egytourpackages.com\\\/es\\\/#organization\"},\"potentialAction\":[{\"@type\":\"SearchAction\",\"target\":{\"@type\":\"EntryPoint\",\"urlTemplate\":\"https:\\\/\\\/egytourpackages.com\\\/es\\\/?s={search_term_string}\"},\"query-input\":{\"@type\":\"PropertyValueSpecification\",\"valueRequired\":true,\"valueName\":\"search_term_string\"}}],\"inLanguage\":\"es\"},{\"@type\":[\"Organization\",\"Place\",\"TravelAgency\"],\"@id\":\"https:\\\/\\\/egytourpackages.com\\\/es\\\/#organization\",\"name\":\"egypt tour packages\",\"alternateName\":\"egypt tour packages\",\"url\":\"https:\\\/\\\/egytourpackages.com\\\/es\\\/\",\"logo\":{\"@id\":\"https:\\\/\\\/egytourpackages.com\\\/es\\\/tours\\\/tour-del-gran-museo-egipcio-y-las-piramides-de-giza-desde-el-gouna\\\/#local-main-organization-logo\"},\"image\":{\"@id\":\"https:\\\/\\\/egytourpackages.com\\\/es\\\/tours\\\/tour-del-gran-museo-egipcio-y-las-piramides-de-giza-desde-el-gouna\\\/#local-main-organization-logo\"},\"sameAs\":[\"https:\\\/\\\/www.facebook.com\\\/egytourpackages\"],\"legalName\":\"Egy tour packages\",\"address\":{\"@id\":\"https:\\\/\\\/egytourpackages.com\\\/es\\\/tours\\\/tour-del-gran-museo-egipcio-y-las-piramides-de-giza-desde-el-gouna\\\/#local-main-place-address\"},\"telephone\":[\"00201000852186\",\"00201028685533\"],\"contactPoint\":{\"@type\":\"ContactPoint\",\"telephone\":\"00201000852186\"},\"openingHoursSpecification\":[{\"@type\":\"OpeningHoursSpecification\",\"dayOfWeek\":[\"Monday\",\"Tuesday\",\"Wednesday\",\"Thursday\",\"Friday\",\"Saturday\",\"Sunday\"],\"opens\":\"00:00\",\"closes\":\"23:59\"}],\"email\":\"info@egytourpackages.com\",\"areaServed\":\"Cairo, Hurghada, Luxor, Sharm El Sheikh, Marsa Alam, Aswan\",\"priceRange\":\"$\",\"currenciesAccepted\":\"euro\",\"paymentAccepted\":\"Payment links online\"},{\"@type\":\"PostalAddress\",\"@id\":\"https:\\\/\\\/egytourpackages.com\\\/es\\\/tours\\\/tour-del-gran-museo-egipcio-y-las-piramides-de-giza-desde-el-gouna\\\/#local-main-place-address\",\"streetAddress\":\"Mubarak 8, Al Kawthar District, Hurghada\",\"addressLocality\":\"Hurghada\",\"postalCode\":\"84511\",\"addressRegion\":\"Red Sea\",\"addressCountry\":\"EG\"},{\"@type\":\"ImageObject\",\"inLanguage\":\"es\",\"@id\":\"https:\\\/\\\/egytourpackages.com\\\/es\\\/tours\\\/tour-del-gran-museo-egipcio-y-las-piramides-de-giza-desde-el-gouna\\\/#local-main-organization-logo\",\"url\":\"https:\\\/\\\/egytourpackages.com\\\/wp-content\\\/uploads\\\/2025\\\/12\\\/Turquoise-Dahabiya-Nile-Cruise-1.jpeg\",\"contentUrl\":\"https:\\\/\\\/egytourpackages.com\\\/wp-content\\\/uploads\\\/2025\\\/12\\\/Turquoise-Dahabiya-Nile-Cruise-1.jpeg\",\"width\":1040,\"height\":694,\"caption\":\"egypt tour packages\"}]}<\/script>\n<meta property=\"product:brand\" content=\"Excursiones Egipto\" \/>\n<meta property=\"product:price:amount\" content=\"150\" \/>\n<meta property=\"product:price:currency\" content=\"EUR\" \/>\n<meta property=\"og:availability\" content=\"instock\" \/>\n<meta property=\"product:availability\" content=\"instock\" \/>\n<meta property=\"product:retailer_item_id\" content=\"GDT07\" \/>\n<meta property=\"product:condition\" content=\"new\" \/>\n<meta name=\"geo.placename\" content=\"Hurghada\" \/>\n<meta name=\"geo.region\" content=\"Egipto\" \/>\n<!-- \/ Yoast SEO Premium plugin. -->","yoast_head_json":{"title":"Tour del Gran Museo Egipcio y las Pir\u00e1mides de Giza desde El Gouna","description":"Tour del Gran Museo Egipcio y las Pir\u00e1mides de Giza desde El Gouna. Descubre la historia antigua, los tesoros de Tutankam\u00f3n y la Esfinge. \u00a1Aventura \u00e9pica!","robots":{"index":"index","follow":"follow","max-snippet":"max-snippet:-1","max-image-preview":"max-image-preview:large","max-video-preview":"max-video-preview:-1"},"canonical":"https:\/\/egytourpackages.com\/es\/tours\/tour-del-gran-museo-egipcio-y-las-piramides-de-giza-desde-el-gouna\/","og_locale":"es_ES","og_type":"article","og_title":"Tour del Gran Museo Egipcio y las Pir\u00e1mides de Giza desde El Gouna","og_description":"Tour del Gran Museo Egipcio y las Pir\u00e1mides de Giza desde El Gouna. Descubre la historia antigua, los tesoros de Tutankam\u00f3n y la Esfinge. \u00a1Aventura \u00e9pica!","og_url":"https:\/\/egytourpackages.com\/es\/tours\/tour-del-gran-museo-egipcio-y-las-piramides-de-giza-desde-el-gouna\/","og_site_name":"Egypt Tour Packages","article_publisher":"https:\/\/www.facebook.com\/egytourpackages","article_modified_time":"2026-01-04T19:50:30+00:00","og_image":[{"url":"https:\/\/egytourpackages.com\/wp-content\/uploads\/2025\/05\/Soldiers-from-GEM-1024x473.jpeg","type":"","width":"","height":""}],"twitter_card":"summary_large_image","twitter_title":"Tour del Gran Museo Egipcio y las Pir\u00e1mides de Giza desde El Gouna","twitter_misc":{"Precio":"&euro;150","Disponibilidad":"Disponible"},"schema":{"@context":"https:\/\/schema.org","@graph":[{"@type":"WebPage","@id":"https:\/\/egytourpackages.com\/es\/tours\/tour-del-gran-museo-egipcio-y-las-piramides-de-giza-desde-el-gouna\/","url":"https:\/\/egytourpackages.com\/es\/tours\/tour-del-gran-museo-egipcio-y-las-piramides-de-giza-desde-el-gouna\/","name":"Tour del Gran Museo Egipcio y las Pir\u00e1mides de Giza desde El Gouna","isPartOf":{"@id":"https:\/\/egytourpackages.com\/es\/#website"},"primaryImageOfPage":{"@id":"https:\/\/egytourpackages.com\/es\/tours\/tour-del-gran-museo-egipcio-y-las-piramides-de-giza-desde-el-gouna\/#primaryimage"},"image":{"@id":"https:\/\/egytourpackages.com\/es\/tours\/tour-del-gran-museo-egipcio-y-las-piramides-de-giza-desde-el-gouna\/#primaryimage"},"thumbnailUrl":"https:\/\/egytourpackages.com\/wp-content\/uploads\/2025\/05\/Soldiers-from-GEM.jpeg","datePublished":"2025-05-23T18:46:29+00:00","dateModified":"2026-01-04T19:50:30+00:00","description":"Tour del Gran Museo Egipcio y las Pir\u00e1mides de Giza desde El Gouna. Descubre la historia antigua, los tesoros de Tutankam\u00f3n y la Esfinge. \u00a1Aventura \u00e9pica!","breadcrumb":{"@id":"https:\/\/egytourpackages.com\/es\/tours\/tour-del-gran-museo-egipcio-y-las-piramides-de-giza-desde-el-gouna\/#breadcrumb"},"inLanguage":"es","potentialAction":[{"@type":"ReadAction","target":["https:\/\/egytourpackages.com\/es\/tours\/tour-del-gran-museo-egipcio-y-las-piramides-de-giza-desde-el-gouna\/"]}]},{"@type":"ImageObject","inLanguage":"es","@id":"https:\/\/egytourpackages.com\/es\/tours\/tour-del-gran-museo-egipcio-y-las-piramides-de-giza-desde-el-gouna\/#primaryimage","url":"https:\/\/egytourpackages.com\/wp-content\/uploads\/2025\/05\/Soldiers-from-GEM.jpeg","contentUrl":"https:\/\/egytourpackages.com\/wp-content\/uploads\/2025\/05\/Soldiers-from-GEM.jpeg","width":1800,"height":831,"caption":"Tour del Gran Museo Egipcio y las Pir\u00e1mides de Giza desde El Gouna"},{"@type":"BreadcrumbList","@id":"https:\/\/egytourpackages.com\/es\/tours\/tour-del-gran-museo-egipcio-y-las-piramides-de-giza-desde-el-gouna\/#breadcrumb","itemListElement":[{"@type":"ListItem","position":1,"name":"Home","item":"https:\/\/egytourpackages.com\/es\/paquetes-de-viaje-a-egipto\/"},{"@type":"ListItem","position":2,"name":"Shop","item":"https:\/\/egytourpackages.com\/shop\/"},{"@type":"ListItem","position":3,"name":"Tour del Gran Museo Egipcio y las Pir\u00e1mides de Giza desde El Gouna"}]},{"@type":"WebSite","@id":"https:\/\/egytourpackages.com\/es\/#website","url":"https:\/\/egytourpackages.com\/es\/","name":"Egy tour packages","description":"","publisher":{"@id":"https:\/\/egytourpackages.com\/es\/#organization"},"potentialAction":[{"@type":"SearchAction","target":{"@type":"EntryPoint","urlTemplate":"https:\/\/egytourpackages.com\/es\/?s={search_term_string}"},"query-input":{"@type":"PropertyValueSpecification","valueRequired":true,"valueName":"search_term_string"}}],"inLanguage":"es"},{"@type":["Organization","Place","TravelAgency"],"@id":"https:\/\/egytourpackages.com\/es\/#organization","name":"egypt tour packages","alternateName":"egypt tour packages","url":"https:\/\/egytourpackages.com\/es\/","logo":{"@id":"https:\/\/egytourpackages.com\/es\/tours\/tour-del-gran-museo-egipcio-y-las-piramides-de-giza-desde-el-gouna\/#local-main-organization-logo"},"image":{"@id":"https:\/\/egytourpackages.com\/es\/tours\/tour-del-gran-museo-egipcio-y-las-piramides-de-giza-desde-el-gouna\/#local-main-organization-logo"},"sameAs":["https:\/\/www.facebook.com\/egytourpackages"],"legalName":"Egy tour packages","address":{"@id":"https:\/\/egytourpackages.com\/es\/tours\/tour-del-gran-museo-egipcio-y-las-piramides-de-giza-desde-el-gouna\/#local-main-place-address"},"telephone":["00201000852186","00201028685533"],"contactPoint":{"@type":"ContactPoint","telephone":"00201000852186"},"openingHoursSpecification":[{"@type":"OpeningHoursSpecification","dayOfWeek":["Monday","Tuesday","Wednesday","Thursday","Friday","Saturday","Sunday"],"opens":"00:00","closes":"23:59"}],"email":"info@egytourpackages.com","areaServed":"Cairo, Hurghada, Luxor, Sharm El Sheikh, Marsa Alam, Aswan","priceRange":"$","currenciesAccepted":"euro","paymentAccepted":"Payment links online"},{"@type":"PostalAddress","@id":"https:\/\/egytourpackages.com\/es\/tours\/tour-del-gran-museo-egipcio-y-las-piramides-de-giza-desde-el-gouna\/#local-main-place-address","streetAddress":"Mubarak 8, Al Kawthar District, Hurghada","addressLocality":"Hurghada","postalCode":"84511","addressRegion":"Red Sea","addressCountry":"EG"},{"@type":"ImageObject","inLanguage":"es","@id":"https:\/\/egytourpackages.com\/es\/tours\/tour-del-gran-museo-egipcio-y-las-piramides-de-giza-desde-el-gouna\/#local-main-organization-logo","url":"https:\/\/egytourpackages.com\/wp-content\/uploads\/2025\/12\/Turquoise-Dahabiya-Nile-Cruise-1.jpeg","contentUrl":"https:\/\/egytourpackages.com\/wp-content\/uploads\/2025\/12\/Turquoise-Dahabiya-Nile-Cruise-1.jpeg","width":1040,"height":694,"caption":"egypt tour packages"}]},"product_brand":"Excursiones Egipto","product_price_amount":"150","product_price_currency":"EUR","og_availability":"instock","product_availability":"instock","product_retailer_item_id":"GDT07","product_condition":"new","geo.placename":"Hurghada","geo.region":"Egipto"},"_links":{"self":[{"href":"https:\/\/egytourpackages.com\/es\/wp-json\/wp\/v2\/product\/6051","targetHints":{"allow":["GET"]}}],"collection":[{"href":"https:\/\/egytourpackages.com\/es\/wp-json\/wp\/v2\/product"}],"about":[{"href":"https:\/\/egytourpackages.com\/es\/wp-json\/wp\/v2\/types\/product"}],"replies":[{"embeddable":true,"href":"https:\/\/egytourpackages.com\/es\/wp-json\/wp\/v2\/comments?post=6051"}],"wp:featuredmedia":[{"embeddable":true,"href":"https:\/\/egytourpackages.com\/es\/wp-json\/wp\/v2\/media\/6052"}],"wp:attachment":[{"href":"https:\/\/egytourpackages.com\/es\/wp-json\/wp\/v2\/media?parent=6051"}],"wp:term":[{"taxonomy":"product_brand","embeddable":true,"href":"https:\/\/egytourpackages.com\/es\/wp-json\/wp\/v2\/product_brand?post=6051"},{"taxonomy":"product_cat","embeddable":true,"href":"https:\/\/egytourpackages.com\/es\/wp-json\/wp\/v2\/product_cat?post=6051"},{"taxonomy":"product_tag","embeddable":true,"href":"https:\/\/egytourpackages.com\/es\/wp-json\/wp\/v2\/product_tag?post=6051"}],"curies":[{"name":"wp","href":"https:\/\/api.w.org\/{rel}","templated":true}]}}