{"id":6053,"date":"2025-05-23T17:49:26","date_gmt":"2025-05-23T17:49:26","guid":{"rendered":"https:\/\/egytourpackages.com\/product\/barco-pirata-de-hurghada-a-la-isla-orange-bay-viaje-de-esnorquel\/"},"modified":"2026-01-28T23:43:35","modified_gmt":"2026-01-28T23:43:35","slug":"barco-pirata-de-hurghada-a-la-isla-orange-bay-viaje-de-esnorquel","status":"publish","type":"product","link":"https:\/\/egytourpackages.com\/es\/tours\/barco-pirata-de-hurghada-a-la-isla-orange-bay-viaje-de-esnorquel\/","title":{"rendered":"Barco pirata de Hurghada a la Isla Orange Bay | Viaje de esn\u00f3rquel"},"content":{"rendered":"<p><span style=\"color: #ff6600;\"><strong>Barco pirata de Hurghada a la Isla Orange Bay | Viaje de esn\u00f3rquel<\/strong><\/span><\/p>\n<p><strong>Yate de lujo | Buffet de mariscos y zumo fresco | Playa Orange Bay | Reserva por WhatsApp | Equipo de esn\u00f3rquel | Espect\u00e1culo de animaci\u00f3n<\/strong><\/p>\n<p>El <strong>barco pirata de Hurghada a la Isla Orange Bay<\/strong> es una muestra de la belleza natural del Mar Rojo que mantiene la alta energ\u00eda de los <strong>tours por Egipto<\/strong>. De hecho, es una de las <strong>mejores vacaciones familiares de lujo<\/strong> a bordo de un yate de mar de lujo. Adem\u00e1s, el viaje en barco pirata es la mejor <strong>vacaci\u00f3n de aventura familiar<\/strong>, una de las <strong>cosas que hacer con amigos en un cumplea\u00f1os<\/strong>, <strong>planes de verano con amigos<\/strong>, y una de las mejores opciones de <strong>viajes para seniors<\/strong>.<\/p>\n<p>Tambi\u00e9n, el barco pirata de Hurghada es un viaje ideal para <strong>seniors con movilidad limitada<\/strong>, <strong>amantes de la emoci\u00f3n<\/strong>, <strong>vacaciones para viajeros solitarios<\/strong> y una <strong>experiencia maravillosa<\/strong> que durar\u00e1 para siempre. Si buscas una <strong>aventura \u00fanica<\/strong> con tus hijos y <strong>vacaciones familiares en la playa de verano<\/strong>, este viaje es para ti. Disfruta de una de las mejores <strong>excursiones de esn\u00f3rquel en arrecifes de coral<\/strong> a <strong>Orange Bay Hurghada<\/strong> para hacer esn\u00f3rquel entre los <strong>arrecifes de coral del Mar Rojo<\/strong> y los raros <strong>peces de colores<\/strong> mientras navegas en el barco pirata.<\/p>\n<h3><span style=\"color: #ff6600;\">Puntos Destacados<\/span><\/h3>\n<ul>\n<li>Una larga parada para hacer esn\u00f3rquel<\/li>\n<li>Almuerzo reci\u00e9n cocinado a bordo<\/li>\n<li>Espect\u00e1culo de animaci\u00f3n<\/li>\n<\/ul>\n<h3><span style=\"color: #ff6600;\">Detalles del Tour<\/span><\/h3>\n<ul>\n<li>Duraci\u00f3n: 7 horas<\/li>\n<li>Ubicaci\u00f3n del Tour: Hurghada \u2013 Mar Rojo<\/li>\n<li>Disponibilidad: Diaria<\/li>\n<li>Tipo de Tour: En grupo<\/li>\n<li>Recogida y Regreso: Tu hotel en Hurghada<\/li>\n<li><strong>Idioma: Espa\u00f1ol<\/strong><\/li>\n<li>Silla de ruedas: Accesible<\/li>\n<\/ul>\n<h3><span style=\"color: #ff6600;\">Inclusiones<\/span><\/h3>\n<ul>\n<li>Transfer de ida y vuelta desde tu hotel en Hurghada<\/li>\n<li>Equipo de esn\u00f3rquel como chaleco salvavidas, m\u00e1scara, aletas<\/li>\n<li><strong>Gu\u00eda de esn\u00f3rquel que habla espa\u00f1ol<\/strong><\/li>\n<li>Almuerzo reci\u00e9n cocinado a bordo<\/li>\n<li>Agua mineral, bebidas calientes y fr\u00edas todo el d\u00eda<\/li>\n<\/ul>\n<h3><span style=\"color: #ff6600;\">Exclusiones<\/span><\/h3>\n<ul>\n<li>DVD y fotos del camar\u00f3grafo<\/li>\n<li>Propinas<\/li>\n<li>Entradas al Parque Nacional<\/li>\n<li>Se aplicar\u00e1n cargos adicionales para traslados desde \u00e1reas fuera de Hurghada (Makadi Bay, Sahl Hasheesh, El Gouna)<\/li>\n<\/ul>\n<h3><span style=\"color: #ff6600;\">Qu\u00e9 llevar<\/span><\/h3>\n<ul>\n<li>Tu propia toalla del hotel<\/li>\n<li>Sombrero o bufanda<\/li>\n<li>Crema solar, una toalla, gafas de sol<\/li>\n<li>Zapatos c\u00f3modos<\/li>\n<li>Traje de ba\u00f1o<\/li>\n<li>Algo de efectivo para tus gastos personales<\/li>\n<\/ul>\n<h2><span style=\"color: #ff6600;\">Itinerario<\/span><\/h2>\n<h3><span style=\"color: #ff6600;\">Hora de recogida en el hotel<\/span><\/h3>\n<p>Dependiendo de la ubicaci\u00f3n de tu hotel y seg\u00fan la hora de recogida que recibir\u00e1s al reservar, te recogeremos en la recepci\u00f3n de tu hotel para ir a la Nueva Marina.<\/p>\n<h3><span style=\"color: #ff6600;\">09:00 am Abordando el barco pirata y zarpando<\/span><\/h3>\n<p>Al llegar al barco pirata, ser\u00e1s recibido por la tripulaci\u00f3n y podr\u00e1s empezar a disfrutar de la espaciosa cubierta sol\u00e1rium o de los salones con aire acondicionado.<\/p>\n<h3><span style=\"color: #ff6600;\">10:00 am Parada de esn\u00f3rquel<\/span><\/h3>\n<p>Al llegar al primer sitio de esn\u00f3rquel, disfruta de una hora o m\u00e1s de esn\u00f3rquel guiado en el agua cristalina, en la vida marina del Mar Rojo. Pasa tanto tiempo como quieras antes de pasar a la siguiente parada.<\/p>\n<h3><span style=\"color: #ff6600;\">11:15 am Playa de Orange Bay<\/span><\/h3>\n<p>Una vez que el barco atraque en Orange Bay, tendr\u00e1s dos horas libres para disfrutar de las playas de arena y las aguas turquesas. Tambi\u00e9n puedes usar el sof\u00e1 y la sombrilla para relajarte y tomar el sol o saltar al agua y nadar.<\/p>\n<h3><span style=\"color: #ff6600;\">13:00 pm Almuerzo <\/span><\/h3>\n<p>Regresa al barco pirata para un almuerzo reci\u00e9n cocinado que consiste en sopa de mariscos, una variedad de ensaladas, arroz, pasta, patatas, mariscos a la parrilla (camarones, calamares, pescado), pollo, kofta y frutas frescas de temporada.<\/p>\n<h3><span style=\"color: #ff6600;\">15:00 pm regreso a la Marina<\/span><\/h3>\n<p>Despu\u00e9s de disfrutar de tu almuerzo, puedes relajarte en la cubierta sol\u00e1rium, disfrutar de la brisa marina o tomar una bebida refrescante mientras el barco regresa a la marina.<\/p>\n<h3><span style=\"color: #ff6600;\">15:30 pm <\/span><\/h3>\n<p>Una vez que llegues a la nueva marina, ser\u00e1s trasladado de regreso a tu hotel.<\/p>\n<h3><span style=\"color: #ff6600;\">P.C.<\/span><\/h3>\n<p>Domingo, martes, jueves y viernes de 09:00 am a 15:30 pm S\u00e1bado, lunes y mi\u00e9rcoles de 12:30 pm a 18:00 pm<\/p>\n<h3><span style=\"color: #ff6600;\">Precio Barco pirata de Hurghada a la Isla Orange Bay<\/span><\/h3>\n<ul>\n<li>Precio Adulto = 70 \u20ac<\/li>\n<li>Ni\u00f1os 0-5 a\u00f1os = gratis<\/li>\n<li>Ni\u00f1os 5-11 a\u00f1os = 50% del precio del adulto<\/li>\n<\/ul>\n<h3><span style=\"color: #ff6600;\">Reserva<\/span><\/h3>\n<p>Puedes reservar tu tour a trav\u00e9s de WhatsApp o enviarnos un correo electr\u00f3nico y recibir\u00e1s la confirmaci\u00f3n al instante.<\/p>\n<p>Por favor, env\u00edanos el nombre de tu hotel, el n\u00famero de habitaci\u00f3n y las copias de tu pasaporte.<\/p>\n<p>WhatsApp: +201000852186<\/p>\n<p>info@egytourpackages.com<\/p>\n<h3><span style=\"color: #ff6600;\">Reserva Ahora y Paga en el lugar<\/span><\/h3>\n<p>Reserva tu tour favorito y paga el d\u00eda del viaje.<\/p>\n<h3><span style=\"color: #ff6600;\">Pago<\/span><\/h3>\n<p>Puedes pagar en libras egipcias, $, \u20ac o \u00a3.<\/p>\n<h3><span style=\"color: #ff6600;\">Pol\u00edtica de Cancelaci\u00f3n<\/span><\/h3>\n<ul>\n<li>La cancelaci\u00f3n es gratuita hasta 24 horas antes<\/li>\n<li>La cancelaci\u00f3n por la ma\u00f1ana es del 50% del precio<\/li>\n<\/ul>\n","protected":false},"excerpt":{"rendered":"<p>Embarca en un Barco pirata de Hurghada a la Isla Orange Bay. Disfruta de esn\u00f3rquel, un delicioso almuerzo a bordo y un show de animaci\u00f3n. \u00a1Aventura familiar<\/p>\n","protected":false},"featured_media":6054,"comment_status":"open","ping_status":"closed","template":"","meta":[],"product_brand":[],"product_cat":[3128],"product_tag":[3188,3187],"class_list":{"0":"post-6053","1":"product","2":"type-product","3":"status-publish","4":"has-post-thumbnail","6":"product_cat-tours","7":"product_tag-excursiones-egipto","8":"product_tag-excursiones-en-hurgada","9":"tour_category-excursiones-de-snorkel-en-hurghada","10":"tour_category-excursiones-egipto-es","11":"tour_category-excursiones-en-hurgada-es","13":"first","14":"instock","15":"sale","16":"shipping-taxable","17":"purchasable","18":"product-type-tour","19":"has-default-attributes"},"yoast_head":"<!-- This site is optimized with the Yoast SEO Premium plugin v27.2 (Yoast SEO v27.2) - https:\/\/yoast.com\/product\/yoast-seo-premium-wordpress\/ -->\n<title>Barco pirata de Hurghada a la Isla Orange Bay<\/title>\n<meta name=\"description\" content=\"Embarca en un Barco pirata de Hurghada a la Isla Orange Bay. Disfruta de esn\u00f3rquel, un delicioso almuerzo a bordo y un show de animaci\u00f3n. \u00a1Aventura familiar\" \/>\n<meta name=\"robots\" content=\"index, follow, max-snippet:-1, max-image-preview:large, max-video-preview:-1\" \/>\n<link rel=\"canonical\" href=\"https:\/\/egytourpackages.com\/es\/tours\/barco-pirata-de-hurghada-a-la-isla-orange-bay-viaje-de-esnorquel\/\" \/>\n<meta property=\"og:locale\" content=\"es_ES\" \/>\n<meta property=\"og:type\" content=\"article\" \/>\n<meta property=\"og:title\" content=\"Barco pirata de Hurghada a la Isla Orange Bay\" \/>\n<meta property=\"og:description\" content=\"Embarca en un Barco pirata de Hurghada a la Isla Orange Bay. Disfruta de esn\u00f3rquel, un delicioso almuerzo a bordo y un show de animaci\u00f3n. \u00a1Aventura familiar\" \/>\n<meta property=\"og:url\" content=\"https:\/\/egytourpackages.com\/es\/tours\/barco-pirata-de-hurghada-a-la-isla-orange-bay-viaje-de-esnorquel\/\" \/>\n<meta property=\"og:site_name\" content=\"Egypt Tour Packages\" \/>\n<meta property=\"article:publisher\" content=\"https:\/\/www.facebook.com\/egytourpackages\" \/>\n<meta property=\"article:modified_time\" content=\"2026-01-28T23:43:35+00:00\" \/>\n<meta property=\"og:image\" content=\"https:\/\/egytourpackages.com\/wp-content\/uploads\/2025\/05\/Orange-Bay-beach-Giftun-Island-1024x768.jpeg\" \/>\n<meta name=\"twitter:card\" content=\"summary_large_image\" \/>\n<meta name=\"twitter:title\" content=\"Barco pirata de Hurghada a la Isla Orange Bay | Viaje de esn\u00f3rquel\" \/>\n<meta name=\"twitter:label1\" content=\"Precio\" \/>\n\t<meta name=\"twitter:data1\" content=\"&euro;70\" \/>\n\t<meta name=\"twitter:label2\" content=\"Disponibilidad\" \/>\n\t<meta name=\"twitter:data2\" content=\"Disponible\" \/>\n<script type=\"application\/ld+json\" class=\"yoast-schema-graph\">{\"@context\":\"https:\/\/schema.org\",\"@graph\":[{\"@type\":\"WebPage\",\"@id\":\"https:\/\/egytourpackages.com\/es\/tours\/barco-pirata-de-hurghada-a-la-isla-orange-bay-viaje-de-esnorquel\/\",\"url\":\"https:\/\/egytourpackages.com\/es\/tours\/barco-pirata-de-hurghada-a-la-isla-orange-bay-viaje-de-esnorquel\/\",\"name\":\"Barco pirata de Hurghada a la Isla Orange Bay\",\"isPartOf\":{\"@id\":\"https:\/\/egytourpackages.com\/es\/#website\"},\"primaryImageOfPage\":{\"@id\":\"https:\/\/egytourpackages.com\/es\/tours\/barco-pirata-de-hurghada-a-la-isla-orange-bay-viaje-de-esnorquel\/#primaryimage\"},\"image\":{\"@id\":\"https:\/\/egytourpackages.com\/es\/tours\/barco-pirata-de-hurghada-a-la-isla-orange-bay-viaje-de-esnorquel\/#primaryimage\"},\"thumbnailUrl\":\"https:\/\/egytourpackages.com\/wp-content\/uploads\/2025\/05\/Pirate-boat-Hurghada.jpeg\",\"datePublished\":\"2025-05-23T17:49:26+00:00\",\"dateModified\":\"2026-01-28T23:43:35+00:00\",\"description\":\"Embarca en un Barco pirata de Hurghada a la Isla Orange Bay. Disfruta de esn\u00f3rquel, un delicioso almuerzo a bordo y un show de animaci\u00f3n. \u00a1Aventura familiar\",\"breadcrumb\":{\"@id\":\"https:\/\/egytourpackages.com\/es\/tours\/barco-pirata-de-hurghada-a-la-isla-orange-bay-viaje-de-esnorquel\/#breadcrumb\"},\"inLanguage\":\"es\",\"potentialAction\":[{\"@type\":\"ReadAction\",\"target\":[\"https:\/\/egytourpackages.com\/es\/tours\/barco-pirata-de-hurghada-a-la-isla-orange-bay-viaje-de-esnorquel\/\"]}]},{\"@type\":\"ImageObject\",\"inLanguage\":\"es\",\"@id\":\"https:\/\/egytourpackages.com\/es\/tours\/barco-pirata-de-hurghada-a-la-isla-orange-bay-viaje-de-esnorquel\/#primaryimage\",\"url\":\"https:\/\/egytourpackages.com\/wp-content\/uploads\/2025\/05\/Pirate-boat-Hurghada.jpeg\",\"contentUrl\":\"https:\/\/egytourpackages.com\/wp-content\/uploads\/2025\/05\/Pirate-boat-Hurghada.jpeg\",\"width\":1100,\"height\":849,\"caption\":\"Barco pirata de Hurghada a la Isla Orange Bay\"},{\"@type\":\"BreadcrumbList\",\"@id\":\"https:\/\/egytourpackages.com\/es\/tours\/barco-pirata-de-hurghada-a-la-isla-orange-bay-viaje-de-esnorquel\/#breadcrumb\",\"itemListElement\":[{\"@type\":\"ListItem\",\"position\":1,\"name\":\"Home\",\"item\":\"https:\/\/egytourpackages.com\/es\/paquetes-de-viaje-a-egipto\/\"},{\"@type\":\"ListItem\",\"position\":2,\"name\":\"Shop\",\"item\":\"https:\/\/egytourpackages.com\/shop\/\"},{\"@type\":\"ListItem\",\"position\":3,\"name\":\"Barco pirata de Hurghada a la Isla Orange Bay | Viaje de esn\u00f3rquel\"}]},{\"@type\":\"WebSite\",\"@id\":\"https:\/\/egytourpackages.com\/es\/#website\",\"url\":\"https:\/\/egytourpackages.com\/es\/\",\"name\":\"Egy tour packages\",\"description\":\"\",\"publisher\":{\"@id\":\"https:\/\/egytourpackages.com\/es\/#organization\"},\"potentialAction\":[{\"@type\":\"SearchAction\",\"target\":{\"@type\":\"EntryPoint\",\"urlTemplate\":\"https:\/\/egytourpackages.com\/es\/?s={search_term_string}\"},\"query-input\":{\"@type\":\"PropertyValueSpecification\",\"valueRequired\":true,\"valueName\":\"search_term_string\"}}],\"inLanguage\":\"es\"},{\"@type\":[\"Organization\",\"Place\",\"TravelAgency\"],\"@id\":\"https:\/\/egytourpackages.com\/es\/#organization\",\"name\":\"egypt tour packages\",\"alternateName\":\"egypt tour packages\",\"url\":\"https:\/\/egytourpackages.com\/es\/\",\"logo\":{\"@id\":\"https:\/\/egytourpackages.com\/es\/tours\/barco-pirata-de-hurghada-a-la-isla-orange-bay-viaje-de-esnorquel\/#local-main-organization-logo\"},\"image\":{\"@id\":\"https:\/\/egytourpackages.com\/es\/tours\/barco-pirata-de-hurghada-a-la-isla-orange-bay-viaje-de-esnorquel\/#local-main-organization-logo\"},\"sameAs\":[\"https:\/\/www.facebook.com\/egytourpackages\"],\"legalName\":\"Egy tour packages\",\"address\":{\"@id\":\"https:\/\/egytourpackages.com\/es\/tours\/barco-pirata-de-hurghada-a-la-isla-orange-bay-viaje-de-esnorquel\/#local-main-place-address\"},\"telephone\":[\"00201000852186\",\"00201028685533\"],\"contactPoint\":{\"@type\":\"ContactPoint\",\"telephone\":\"00201000852186\"},\"openingHoursSpecification\":[{\"@type\":\"OpeningHoursSpecification\",\"dayOfWeek\":[\"Monday\",\"Tuesday\",\"Wednesday\",\"Thursday\",\"Friday\",\"Saturday\",\"Sunday\"],\"opens\":\"00:00\",\"closes\":\"23:59\"}],\"email\":\"info@egytourpackages.com\",\"areaServed\":\"Cairo, Hurghada, Luxor, Sharm El Sheikh, Marsa Alam, Aswan\",\"priceRange\":\"$\",\"currenciesAccepted\":\"euro\",\"paymentAccepted\":\"Payment links online\"},{\"@type\":\"PostalAddress\",\"@id\":\"https:\/\/egytourpackages.com\/es\/tours\/barco-pirata-de-hurghada-a-la-isla-orange-bay-viaje-de-esnorquel\/#local-main-place-address\",\"streetAddress\":\"Mubarak 8, Al Kawthar District, Hurghada\",\"addressLocality\":\"Hurghada\",\"postalCode\":\"84511\",\"addressRegion\":\"Red Sea\",\"addressCountry\":\"EG\"},{\"@type\":\"ImageObject\",\"inLanguage\":\"es\",\"@id\":\"https:\/\/egytourpackages.com\/es\/tours\/barco-pirata-de-hurghada-a-la-isla-orange-bay-viaje-de-esnorquel\/#local-main-organization-logo\",\"url\":\"https:\/\/egytourpackages.com\/wp-content\/uploads\/2025\/12\/Turquoise-Dahabiya-Nile-Cruise-1.jpeg\",\"contentUrl\":\"https:\/\/egytourpackages.com\/wp-content\/uploads\/2025\/12\/Turquoise-Dahabiya-Nile-Cruise-1.jpeg\",\"width\":1040,\"height\":694,\"caption\":\"egypt tour packages\"}]}<\/script>\n<meta property=\"product:brand\" content=\"Excursiones de snorkel en Hurghada\" \/>\n<meta property=\"product:price:amount\" content=\"70\" \/>\n<meta property=\"product:price:currency\" content=\"EUR\" \/>\n<meta property=\"og:availability\" content=\"instock\" \/>\n<meta property=\"product:availability\" content=\"instock\" \/>\n<meta property=\"product:retailer_item_id\" content=\"HDT13\" \/>\n<meta property=\"product:condition\" content=\"new\" \/>\n<meta name=\"geo.placename\" content=\"Hurghada\" \/>\n<meta name=\"geo.region\" content=\"Egipto\" \/>\n<!-- \/ Yoast SEO Premium plugin. -->","yoast_head_json":{"title":"Barco pirata de Hurghada a la Isla Orange Bay","description":"Embarca en un Barco pirata de Hurghada a la Isla Orange Bay. Disfruta de esn\u00f3rquel, un delicioso almuerzo a bordo y un show de animaci\u00f3n. \u00a1Aventura familiar","robots":{"index":"index","follow":"follow","max-snippet":"max-snippet:-1","max-image-preview":"max-image-preview:large","max-video-preview":"max-video-preview:-1"},"canonical":"https:\/\/egytourpackages.com\/es\/tours\/barco-pirata-de-hurghada-a-la-isla-orange-bay-viaje-de-esnorquel\/","og_locale":"es_ES","og_type":"article","og_title":"Barco pirata de Hurghada a la Isla Orange Bay","og_description":"Embarca en un Barco pirata de Hurghada a la Isla Orange Bay. Disfruta de esn\u00f3rquel, un delicioso almuerzo a bordo y un show de animaci\u00f3n. \u00a1Aventura familiar","og_url":"https:\/\/egytourpackages.com\/es\/tours\/barco-pirata-de-hurghada-a-la-isla-orange-bay-viaje-de-esnorquel\/","og_site_name":"Egypt Tour Packages","article_publisher":"https:\/\/www.facebook.com\/egytourpackages","article_modified_time":"2026-01-28T23:43:35+00:00","og_image":[{"url":"https:\/\/egytourpackages.com\/wp-content\/uploads\/2025\/05\/Orange-Bay-beach-Giftun-Island-1024x768.jpeg","type":"","width":"","height":""}],"twitter_card":"summary_large_image","twitter_title":"Barco pirata de Hurghada a la Isla Orange Bay | Viaje de esn\u00f3rquel","twitter_misc":{"Precio":"&euro;70","Disponibilidad":"Disponible"},"schema":{"@context":"https:\/\/schema.org","@graph":[{"@type":"WebPage","@id":"https:\/\/egytourpackages.com\/es\/tours\/barco-pirata-de-hurghada-a-la-isla-orange-bay-viaje-de-esnorquel\/","url":"https:\/\/egytourpackages.com\/es\/tours\/barco-pirata-de-hurghada-a-la-isla-orange-bay-viaje-de-esnorquel\/","name":"Barco pirata de Hurghada a la Isla Orange Bay","isPartOf":{"@id":"https:\/\/egytourpackages.com\/es\/#website"},"primaryImageOfPage":{"@id":"https:\/\/egytourpackages.com\/es\/tours\/barco-pirata-de-hurghada-a-la-isla-orange-bay-viaje-de-esnorquel\/#primaryimage"},"image":{"@id":"https:\/\/egytourpackages.com\/es\/tours\/barco-pirata-de-hurghada-a-la-isla-orange-bay-viaje-de-esnorquel\/#primaryimage"},"thumbnailUrl":"https:\/\/egytourpackages.com\/wp-content\/uploads\/2025\/05\/Pirate-boat-Hurghada.jpeg","datePublished":"2025-05-23T17:49:26+00:00","dateModified":"2026-01-28T23:43:35+00:00","description":"Embarca en un Barco pirata de Hurghada a la Isla Orange Bay. Disfruta de esn\u00f3rquel, un delicioso almuerzo a bordo y un show de animaci\u00f3n. \u00a1Aventura familiar","breadcrumb":{"@id":"https:\/\/egytourpackages.com\/es\/tours\/barco-pirata-de-hurghada-a-la-isla-orange-bay-viaje-de-esnorquel\/#breadcrumb"},"inLanguage":"es","potentialAction":[{"@type":"ReadAction","target":["https:\/\/egytourpackages.com\/es\/tours\/barco-pirata-de-hurghada-a-la-isla-orange-bay-viaje-de-esnorquel\/"]}]},{"@type":"ImageObject","inLanguage":"es","@id":"https:\/\/egytourpackages.com\/es\/tours\/barco-pirata-de-hurghada-a-la-isla-orange-bay-viaje-de-esnorquel\/#primaryimage","url":"https:\/\/egytourpackages.com\/wp-content\/uploads\/2025\/05\/Pirate-boat-Hurghada.jpeg","contentUrl":"https:\/\/egytourpackages.com\/wp-content\/uploads\/2025\/05\/Pirate-boat-Hurghada.jpeg","width":1100,"height":849,"caption":"Barco pirata de Hurghada a la Isla Orange Bay"},{"@type":"BreadcrumbList","@id":"https:\/\/egytourpackages.com\/es\/tours\/barco-pirata-de-hurghada-a-la-isla-orange-bay-viaje-de-esnorquel\/#breadcrumb","itemListElement":[{"@type":"ListItem","position":1,"name":"Home","item":"https:\/\/egytourpackages.com\/es\/paquetes-de-viaje-a-egipto\/"},{"@type":"ListItem","position":2,"name":"Shop","item":"https:\/\/egytourpackages.com\/shop\/"},{"@type":"ListItem","position":3,"name":"Barco pirata de Hurghada a la Isla Orange Bay | Viaje de esn\u00f3rquel"}]},{"@type":"WebSite","@id":"https:\/\/egytourpackages.com\/es\/#website","url":"https:\/\/egytourpackages.com\/es\/","name":"Egy tour packages","description":"","publisher":{"@id":"https:\/\/egytourpackages.com\/es\/#organization"},"potentialAction":[{"@type":"SearchAction","target":{"@type":"EntryPoint","urlTemplate":"https:\/\/egytourpackages.com\/es\/?s={search_term_string}"},"query-input":{"@type":"PropertyValueSpecification","valueRequired":true,"valueName":"search_term_string"}}],"inLanguage":"es"},{"@type":["Organization","Place","TravelAgency"],"@id":"https:\/\/egytourpackages.com\/es\/#organization","name":"egypt tour packages","alternateName":"egypt tour packages","url":"https:\/\/egytourpackages.com\/es\/","logo":{"@id":"https:\/\/egytourpackages.com\/es\/tours\/barco-pirata-de-hurghada-a-la-isla-orange-bay-viaje-de-esnorquel\/#local-main-organization-logo"},"image":{"@id":"https:\/\/egytourpackages.com\/es\/tours\/barco-pirata-de-hurghada-a-la-isla-orange-bay-viaje-de-esnorquel\/#local-main-organization-logo"},"sameAs":["https:\/\/www.facebook.com\/egytourpackages"],"legalName":"Egy tour packages","address":{"@id":"https:\/\/egytourpackages.com\/es\/tours\/barco-pirata-de-hurghada-a-la-isla-orange-bay-viaje-de-esnorquel\/#local-main-place-address"},"telephone":["00201000852186","00201028685533"],"contactPoint":{"@type":"ContactPoint","telephone":"00201000852186"},"openingHoursSpecification":[{"@type":"OpeningHoursSpecification","dayOfWeek":["Monday","Tuesday","Wednesday","Thursday","Friday","Saturday","Sunday"],"opens":"00:00","closes":"23:59"}],"email":"info@egytourpackages.com","areaServed":"Cairo, Hurghada, Luxor, Sharm El Sheikh, Marsa Alam, Aswan","priceRange":"$","currenciesAccepted":"euro","paymentAccepted":"Payment links online"},{"@type":"PostalAddress","@id":"https:\/\/egytourpackages.com\/es\/tours\/barco-pirata-de-hurghada-a-la-isla-orange-bay-viaje-de-esnorquel\/#local-main-place-address","streetAddress":"Mubarak 8, Al Kawthar District, Hurghada","addressLocality":"Hurghada","postalCode":"84511","addressRegion":"Red Sea","addressCountry":"EG"},{"@type":"ImageObject","inLanguage":"es","@id":"https:\/\/egytourpackages.com\/es\/tours\/barco-pirata-de-hurghada-a-la-isla-orange-bay-viaje-de-esnorquel\/#local-main-organization-logo","url":"https:\/\/egytourpackages.com\/wp-content\/uploads\/2025\/12\/Turquoise-Dahabiya-Nile-Cruise-1.jpeg","contentUrl":"https:\/\/egytourpackages.com\/wp-content\/uploads\/2025\/12\/Turquoise-Dahabiya-Nile-Cruise-1.jpeg","width":1040,"height":694,"caption":"egypt tour packages"}]},"product_brand":"Excursiones de snorkel en Hurghada","product_price_amount":"70","product_price_currency":"EUR","og_availability":"instock","product_availability":"instock","product_retailer_item_id":"HDT13","product_condition":"new","geo.placename":"Hurghada","geo.region":"Egipto"},"_links":{"self":[{"href":"https:\/\/egytourpackages.com\/es\/wp-json\/wp\/v2\/product\/6053","targetHints":{"allow":["GET"]}}],"collection":[{"href":"https:\/\/egytourpackages.com\/es\/wp-json\/wp\/v2\/product"}],"about":[{"href":"https:\/\/egytourpackages.com\/es\/wp-json\/wp\/v2\/types\/product"}],"replies":[{"embeddable":true,"href":"https:\/\/egytourpackages.com\/es\/wp-json\/wp\/v2\/comments?post=6053"}],"wp:featuredmedia":[{"embeddable":true,"href":"https:\/\/egytourpackages.com\/es\/wp-json\/wp\/v2\/media\/6054"}],"wp:attachment":[{"href":"https:\/\/egytourpackages.com\/es\/wp-json\/wp\/v2\/media?parent=6053"}],"wp:term":[{"taxonomy":"product_brand","embeddable":true,"href":"https:\/\/egytourpackages.com\/es\/wp-json\/wp\/v2\/product_brand?post=6053"},{"taxonomy":"product_cat","embeddable":true,"href":"https:\/\/egytourpackages.com\/es\/wp-json\/wp\/v2\/product_cat?post=6053"},{"taxonomy":"product_tag","embeddable":true,"href":"https:\/\/egytourpackages.com\/es\/wp-json\/wp\/v2\/product_tag?post=6053"}],"curies":[{"name":"wp","href":"https:\/\/api.w.org\/{rel}","templated":true}]}}