{"id":6058,"date":"2025-05-25T13:58:33","date_gmt":"2025-05-25T13:58:33","guid":{"rendered":"https:\/\/egytourpackages.com\/product\/traslado-privado-de-lujo-desde-el-aeropuerto-de-hurghada-al-oberoi-sahl-hasheesh\/"},"modified":"2026-01-04T11:09:19","modified_gmt":"2026-01-04T11:09:19","slug":"traslado-privado-de-lujo-desde-el-aeropuerto-de-hurghada-al-oberoi-sahl-hasheesh","status":"publish","type":"product","link":"https:\/\/egytourpackages.com\/es\/tours\/traslado-privado-de-lujo-desde-el-aeropuerto-de-hurghada-al-oberoi-sahl-hasheesh\/","title":{"rendered":"Traslado privado de lujo desde el aeropuerto de Hurghada al Oberoi Sahl Hasheesh"},"content":{"rendered":"<p><span style=\"color: #ff6600;\"><strong>Traslado privado de lujo desde el aeropuerto de Hurghada al Oberoi Sahl Hasheesh | Reserva de traslado privado en coche de lujo | Servicios Mercedes<\/strong><\/span><\/p>\n<p>El <strong>traslado privado desde el aeropuerto de Hurghada al Hotel Oberoi Sahl Hasheesh<\/strong> es la forma m\u00e1s r\u00e1pida de llegar del <strong>aeropuerto de Hurghada<\/strong> a los hoteles de Sahl Hasheesh. Los <strong>paquetes tur\u00edsticos de Egy<\/strong> ofrecen <strong>traslados en taxi privado en Hurghada<\/strong> con un lujoso y sin estr\u00e9s traslado desde el aeropuerto en un veh\u00edculo <strong>Mercedes-Benz<\/strong> premium.<\/p>\n<p>Reserva tu traslado al <strong>resort Oberoi Sahl Hasheesh<\/strong> a trav\u00e9s de WhatsApp, correo electr\u00f3nico o llamada telef\u00f3nica. Al reservar tu <strong>taxi desde el aeropuerto de Hurghada<\/strong>, simplemente proporciona tu n\u00famero de vuelo y hora de llegada y nosotros nos encargaremos del resto. De hecho, operamos las 24 horas con un grupo de veh\u00edculos modernos y con aire acondicionado, y te recogemos en cualquier momento desde el <strong>aeropuerto de Hurghada<\/strong>. De hecho, este traslado al aeropuerto es perfecto para parejas, familias o viajeros solitarios que buscan comodidad y conveniencia. Este servicio exclusivo garantiza:<\/p>\n<ul>\n<li>Traslado privado puerta a puerta<\/li>\n<li>Veh\u00edculo Mercedes de lujo<\/li>\n<li>Recogida puntual con seguimiento de vuelo<\/li>\n<li>Sin cargos ocultos ni retrasos<\/li>\n<\/ul>\n<p>Tu conductor te estar\u00e1 esperando frente a la sala de llegadas con tu nombre en un cartel para ayudarte con tu equipaje. Como resultado, olv\u00eddate del estr\u00e9s y disfruta de tu traslado en el camino desde el aeropuerto de Hurghada a tu hotel en <strong>Sahl Hasheesh<\/strong>.<\/p>\n<h2><span style=\"color: #ff6600;\">P.C.<\/span><\/h2>\n<p>Ten en cuenta que nuestro precio para los <strong>traslados desde el aeropuerto de Hurghada<\/strong> al Oberoi Sahl Hasheesh es por veh\u00edculo y no hay sorpresas ocultas. Para m\u00e1s informaci\u00f3n sobre los <strong>traslados en taxi desde el aeropuerto de Hurghada<\/strong>, por favor, revisa nuestra secci\u00f3n de <strong>traslados al aeropuerto<\/strong>.<\/p>\n<h3><span style=\"color: #ff6600;\">Precio del traslado de lujo desde el aeropuerto de Hurghada a los hoteles de Soma Bay<\/span><\/h3>\n<p>Por veh\u00edculo <strong>120$<\/strong><\/p>\n<h3><span style=\"color: #ff6600;\">Reserva<\/span><\/h3>\n<p>Puedes reservar tu tour a trav\u00e9s de WhatsApp o enviarnos un correo electr\u00f3nico y recibir\u00e1s la confirmaci\u00f3n al instante. Por favor, env\u00edanos el nombre de tu hotel, el n\u00famero de habitaci\u00f3n y las copias de tu pasaporte.<\/p>\n<p>WhatsApp: +201000852186<\/p>\n<p>info@egytourpackages.com<\/p>\n<h3><span style=\"color: #ff6600;\">Reserva Ahora y Paga en el lugar<\/span><\/h3>\n<p>Reserva tu tour favorito y paga el d\u00eda del viaje.<\/p>\n<h3><span style=\"color: #ff6600;\">Pago<\/span><\/h3>\n<p>Puedes pagar en libras egipcias, $, \u20ac o \u00a3.<\/p>\n<h3><span style=\"color: #ff6600;\">Pol\u00edtica de Cancelaci\u00f3n<\/span><\/h3>\n<p>La cancelaci\u00f3n es gratuita hasta 24 horas antes La cancelaci\u00f3n por la ma\u00f1ana es del 50% del precio<\/p>\n","protected":false},"excerpt":{"rendered":"<p>Traslado privado de lujo desde el aeropuerto de Hurghada al Oberoi Sahl Hasheesh: Disfruta de un viaje sin estr\u00e9s en un lujoso veh\u00edculo Mercedes.<\/p>\n","protected":false},"featured_media":6059,"comment_status":"open","ping_status":"closed","template":"","meta":[],"product_brand":[],"product_cat":[3128],"product_tag":[3188,3356],"class_list":{"0":"post-6058","1":"product","2":"type-product","3":"status-publish","4":"has-post-thumbnail","6":"product_cat-tours","7":"product_tag-excursiones-egipto","8":"product_tag-traslado-al-aeropuerto","9":"tour_category-excursiones-egipto-es","10":"tour_category-traslado-al-aeropuerto-es","12":"first","13":"instock","14":"sale","15":"shipping-taxable","16":"purchasable","17":"product-type-tour","18":"has-default-attributes"},"yoast_head":"<!-- This site is optimized with the Yoast SEO Premium plugin v27.4 (Yoast SEO v27.4) - https:\/\/yoast.com\/product\/yoast-seo-premium-wordpress\/ -->\n<title>Traslado privado de lujo desde el aeropuerto de Hurghada al Oberoi Sahl Hasheesh<\/title>\n<meta name=\"description\" content=\"Traslado privado de lujo desde el aeropuerto de Hurghada al Oberoi Sahl Hasheesh: Disfruta de un viaje sin estr\u00e9s en un lujoso veh\u00edculo Mercedes.\" \/>\n<meta name=\"robots\" content=\"index, follow, max-snippet:-1, max-image-preview:large, max-video-preview:-1\" \/>\n<link rel=\"canonical\" href=\"https:\/\/egytourpackages.com\/es\/tours\/traslado-privado-de-lujo-desde-el-aeropuerto-de-hurghada-al-oberoi-sahl-hasheesh\/\" \/>\n<meta property=\"og:locale\" content=\"es_ES\" \/>\n<meta property=\"og:type\" content=\"article\" \/>\n<meta property=\"og:title\" content=\"Traslado privado de lujo desde el aeropuerto de Hurghada al Oberoi Sahl Hasheesh\" \/>\n<meta property=\"og:description\" content=\"Traslado privado de lujo desde el aeropuerto de Hurghada al Oberoi Sahl Hasheesh: Disfruta de un viaje sin estr\u00e9s en un lujoso veh\u00edculo Mercedes.\" \/>\n<meta property=\"og:url\" content=\"https:\/\/egytourpackages.com\/es\/tours\/traslado-privado-de-lujo-desde-el-aeropuerto-de-hurghada-al-oberoi-sahl-hasheesh\/\" \/>\n<meta property=\"og:site_name\" content=\"Egypt Tour Packages\" \/>\n<meta property=\"article:publisher\" content=\"https:\/\/www.facebook.com\/egytourpackages\" \/>\n<meta property=\"article:modified_time\" content=\"2026-01-04T11:09:19+00:00\" \/>\n<meta property=\"og:image\" content=\"https:\/\/egytourpackages.com\/wp-content\/uploads\/2025\/05\/AIRPORT-TRANSFERS-1024x768.jpg\" \/>\n<meta name=\"twitter:card\" content=\"summary_large_image\" \/>\n<meta name=\"twitter:title\" content=\"Traslado privado de lujo desde el aeropuerto de Hurghada al Oberoi Sahl Hasheesh\" \/>\n<meta name=\"twitter:label1\" content=\"Precio\" \/>\n\t<meta name=\"twitter:data1\" content=\"&euro;0\" \/>\n\t<meta name=\"twitter:label2\" content=\"Disponibilidad\" \/>\n\t<meta name=\"twitter:data2\" content=\"Disponible\" \/>\n<script type=\"application\/ld+json\" class=\"yoast-schema-graph\">{\"@context\":\"https:\\\/\\\/schema.org\",\"@graph\":[{\"@type\":\"WebPage\",\"@id\":\"https:\\\/\\\/egytourpackages.com\\\/es\\\/tours\\\/traslado-privado-de-lujo-desde-el-aeropuerto-de-hurghada-al-oberoi-sahl-hasheesh\\\/\",\"url\":\"https:\\\/\\\/egytourpackages.com\\\/es\\\/tours\\\/traslado-privado-de-lujo-desde-el-aeropuerto-de-hurghada-al-oberoi-sahl-hasheesh\\\/\",\"name\":\"Traslado privado de lujo desde el aeropuerto de Hurghada al Oberoi Sahl Hasheesh\",\"isPartOf\":{\"@id\":\"https:\\\/\\\/egytourpackages.com\\\/es\\\/#website\"},\"primaryImageOfPage\":{\"@id\":\"https:\\\/\\\/egytourpackages.com\\\/es\\\/tours\\\/traslado-privado-de-lujo-desde-el-aeropuerto-de-hurghada-al-oberoi-sahl-hasheesh\\\/#primaryimage\"},\"image\":{\"@id\":\"https:\\\/\\\/egytourpackages.com\\\/es\\\/tours\\\/traslado-privado-de-lujo-desde-el-aeropuerto-de-hurghada-al-oberoi-sahl-hasheesh\\\/#primaryimage\"},\"thumbnailUrl\":\"https:\\\/\\\/egytourpackages.com\\\/wp-content\\\/uploads\\\/2025\\\/05\\\/AIRPORT-TRANSFERS.jpg\",\"datePublished\":\"2025-05-25T13:58:33+00:00\",\"dateModified\":\"2026-01-04T11:09:19+00:00\",\"description\":\"Traslado privado de lujo desde el aeropuerto de Hurghada al Oberoi Sahl Hasheesh: Disfruta de un viaje sin estr\u00e9s en un lujoso veh\u00edculo Mercedes.\",\"breadcrumb\":{\"@id\":\"https:\\\/\\\/egytourpackages.com\\\/es\\\/tours\\\/traslado-privado-de-lujo-desde-el-aeropuerto-de-hurghada-al-oberoi-sahl-hasheesh\\\/#breadcrumb\"},\"inLanguage\":\"es\",\"potentialAction\":[{\"@type\":\"ReadAction\",\"target\":[\"https:\\\/\\\/egytourpackages.com\\\/es\\\/tours\\\/traslado-privado-de-lujo-desde-el-aeropuerto-de-hurghada-al-oberoi-sahl-hasheesh\\\/\"]}]},{\"@type\":\"ImageObject\",\"inLanguage\":\"es\",\"@id\":\"https:\\\/\\\/egytourpackages.com\\\/es\\\/tours\\\/traslado-privado-de-lujo-desde-el-aeropuerto-de-hurghada-al-oberoi-sahl-hasheesh\\\/#primaryimage\",\"url\":\"https:\\\/\\\/egytourpackages.com\\\/wp-content\\\/uploads\\\/2025\\\/05\\\/AIRPORT-TRANSFERS.jpg\",\"contentUrl\":\"https:\\\/\\\/egytourpackages.com\\\/wp-content\\\/uploads\\\/2025\\\/05\\\/AIRPORT-TRANSFERS.jpg\",\"width\":2000,\"height\":1500,\"caption\":\"Traslado privado de lujo desde el aeropuerto de Hurghada al Oberoi Sahl Hasheesh\"},{\"@type\":\"BreadcrumbList\",\"@id\":\"https:\\\/\\\/egytourpackages.com\\\/es\\\/tours\\\/traslado-privado-de-lujo-desde-el-aeropuerto-de-hurghada-al-oberoi-sahl-hasheesh\\\/#breadcrumb\",\"itemListElement\":[{\"@type\":\"ListItem\",\"position\":1,\"name\":\"Home\",\"item\":\"https:\\\/\\\/egytourpackages.com\\\/es\\\/paquetes-de-viaje-a-egipto\\\/\"},{\"@type\":\"ListItem\",\"position\":2,\"name\":\"Shop\",\"item\":\"https:\\\/\\\/egytourpackages.com\\\/shop\\\/\"},{\"@type\":\"ListItem\",\"position\":3,\"name\":\"Traslado privado de lujo desde el aeropuerto de Hurghada al Oberoi Sahl Hasheesh\"}]},{\"@type\":\"WebSite\",\"@id\":\"https:\\\/\\\/egytourpackages.com\\\/es\\\/#website\",\"url\":\"https:\\\/\\\/egytourpackages.com\\\/es\\\/\",\"name\":\"Egy tour packages\",\"description\":\"\",\"publisher\":{\"@id\":\"https:\\\/\\\/egytourpackages.com\\\/es\\\/#organization\"},\"potentialAction\":[{\"@type\":\"SearchAction\",\"target\":{\"@type\":\"EntryPoint\",\"urlTemplate\":\"https:\\\/\\\/egytourpackages.com\\\/es\\\/?s={search_term_string}\"},\"query-input\":{\"@type\":\"PropertyValueSpecification\",\"valueRequired\":true,\"valueName\":\"search_term_string\"}}],\"inLanguage\":\"es\"},{\"@type\":[\"Organization\",\"Place\",\"TravelAgency\"],\"@id\":\"https:\\\/\\\/egytourpackages.com\\\/es\\\/#organization\",\"name\":\"egypt tour packages\",\"alternateName\":\"egypt tour packages\",\"url\":\"https:\\\/\\\/egytourpackages.com\\\/es\\\/\",\"logo\":{\"@id\":\"https:\\\/\\\/egytourpackages.com\\\/es\\\/tours\\\/traslado-privado-de-lujo-desde-el-aeropuerto-de-hurghada-al-oberoi-sahl-hasheesh\\\/#local-main-organization-logo\"},\"image\":{\"@id\":\"https:\\\/\\\/egytourpackages.com\\\/es\\\/tours\\\/traslado-privado-de-lujo-desde-el-aeropuerto-de-hurghada-al-oberoi-sahl-hasheesh\\\/#local-main-organization-logo\"},\"sameAs\":[\"https:\\\/\\\/www.facebook.com\\\/egytourpackages\"],\"legalName\":\"Egy tour packages\",\"address\":{\"@id\":\"https:\\\/\\\/egytourpackages.com\\\/es\\\/tours\\\/traslado-privado-de-lujo-desde-el-aeropuerto-de-hurghada-al-oberoi-sahl-hasheesh\\\/#local-main-place-address\"},\"telephone\":[\"00201000852186\",\"00201028685533\"],\"contactPoint\":{\"@type\":\"ContactPoint\",\"telephone\":\"00201000852186\"},\"openingHoursSpecification\":[{\"@type\":\"OpeningHoursSpecification\",\"dayOfWeek\":[\"Monday\",\"Tuesday\",\"Wednesday\",\"Thursday\",\"Friday\",\"Saturday\",\"Sunday\"],\"opens\":\"00:00\",\"closes\":\"23:59\"}],\"email\":\"info@egytourpackages.com\",\"areaServed\":\"Cairo, Hurghada, Luxor, Sharm El Sheikh, Marsa Alam, Aswan\",\"priceRange\":\"$\",\"currenciesAccepted\":\"euro\",\"paymentAccepted\":\"Payment links online\"},{\"@type\":\"PostalAddress\",\"@id\":\"https:\\\/\\\/egytourpackages.com\\\/es\\\/tours\\\/traslado-privado-de-lujo-desde-el-aeropuerto-de-hurghada-al-oberoi-sahl-hasheesh\\\/#local-main-place-address\",\"streetAddress\":\"Mubarak 8, Al Kawthar District, Hurghada\",\"addressLocality\":\"Hurghada\",\"postalCode\":\"84511\",\"addressRegion\":\"Red Sea\",\"addressCountry\":\"EG\"},{\"@type\":\"ImageObject\",\"inLanguage\":\"es\",\"@id\":\"https:\\\/\\\/egytourpackages.com\\\/es\\\/tours\\\/traslado-privado-de-lujo-desde-el-aeropuerto-de-hurghada-al-oberoi-sahl-hasheesh\\\/#local-main-organization-logo\",\"url\":\"https:\\\/\\\/egytourpackages.com\\\/wp-content\\\/uploads\\\/2025\\\/12\\\/Turquoise-Dahabiya-Nile-Cruise-1.jpeg\",\"contentUrl\":\"https:\\\/\\\/egytourpackages.com\\\/wp-content\\\/uploads\\\/2025\\\/12\\\/Turquoise-Dahabiya-Nile-Cruise-1.jpeg\",\"width\":1040,\"height\":694,\"caption\":\"egypt tour packages\"}]}<\/script>\n<meta property=\"product:brand\" content=\"Excursiones Egipto\" \/>\n<meta property=\"product:price:amount\" content=\"0\" \/>\n<meta property=\"product:price:currency\" content=\"EUR\" \/>\n<meta property=\"og:availability\" content=\"instock\" \/>\n<meta property=\"product:availability\" content=\"instock\" \/>\n<meta property=\"product:retailer_item_id\" content=\"AT 03\" \/>\n<meta property=\"product:condition\" content=\"new\" \/>\n<meta name=\"geo.placename\" content=\"Hurghada\" \/>\n<meta name=\"geo.region\" content=\"Egipto\" \/>\n<!-- \/ Yoast SEO Premium plugin. -->","yoast_head_json":{"title":"Traslado privado de lujo desde el aeropuerto de Hurghada al Oberoi Sahl Hasheesh","description":"Traslado privado de lujo desde el aeropuerto de Hurghada al Oberoi Sahl Hasheesh: Disfruta de un viaje sin estr\u00e9s en un lujoso veh\u00edculo Mercedes.","robots":{"index":"index","follow":"follow","max-snippet":"max-snippet:-1","max-image-preview":"max-image-preview:large","max-video-preview":"max-video-preview:-1"},"canonical":"https:\/\/egytourpackages.com\/es\/tours\/traslado-privado-de-lujo-desde-el-aeropuerto-de-hurghada-al-oberoi-sahl-hasheesh\/","og_locale":"es_ES","og_type":"article","og_title":"Traslado privado de lujo desde el aeropuerto de Hurghada al Oberoi Sahl Hasheesh","og_description":"Traslado privado de lujo desde el aeropuerto de Hurghada al Oberoi Sahl Hasheesh: Disfruta de un viaje sin estr\u00e9s en un lujoso veh\u00edculo Mercedes.","og_url":"https:\/\/egytourpackages.com\/es\/tours\/traslado-privado-de-lujo-desde-el-aeropuerto-de-hurghada-al-oberoi-sahl-hasheesh\/","og_site_name":"Egypt Tour Packages","article_publisher":"https:\/\/www.facebook.com\/egytourpackages","article_modified_time":"2026-01-04T11:09:19+00:00","og_image":[{"url":"https:\/\/egytourpackages.com\/wp-content\/uploads\/2025\/05\/AIRPORT-TRANSFERS-1024x768.jpg","type":"","width":"","height":""}],"twitter_card":"summary_large_image","twitter_title":"Traslado privado de lujo desde el aeropuerto de Hurghada al Oberoi Sahl Hasheesh","twitter_misc":{"Precio":"&euro;0","Disponibilidad":"Disponible"},"schema":{"@context":"https:\/\/schema.org","@graph":[{"@type":"WebPage","@id":"https:\/\/egytourpackages.com\/es\/tours\/traslado-privado-de-lujo-desde-el-aeropuerto-de-hurghada-al-oberoi-sahl-hasheesh\/","url":"https:\/\/egytourpackages.com\/es\/tours\/traslado-privado-de-lujo-desde-el-aeropuerto-de-hurghada-al-oberoi-sahl-hasheesh\/","name":"Traslado privado de lujo desde el aeropuerto de Hurghada al Oberoi Sahl Hasheesh","isPartOf":{"@id":"https:\/\/egytourpackages.com\/es\/#website"},"primaryImageOfPage":{"@id":"https:\/\/egytourpackages.com\/es\/tours\/traslado-privado-de-lujo-desde-el-aeropuerto-de-hurghada-al-oberoi-sahl-hasheesh\/#primaryimage"},"image":{"@id":"https:\/\/egytourpackages.com\/es\/tours\/traslado-privado-de-lujo-desde-el-aeropuerto-de-hurghada-al-oberoi-sahl-hasheesh\/#primaryimage"},"thumbnailUrl":"https:\/\/egytourpackages.com\/wp-content\/uploads\/2025\/05\/AIRPORT-TRANSFERS.jpg","datePublished":"2025-05-25T13:58:33+00:00","dateModified":"2026-01-04T11:09:19+00:00","description":"Traslado privado de lujo desde el aeropuerto de Hurghada al Oberoi Sahl Hasheesh: Disfruta de un viaje sin estr\u00e9s en un lujoso veh\u00edculo Mercedes.","breadcrumb":{"@id":"https:\/\/egytourpackages.com\/es\/tours\/traslado-privado-de-lujo-desde-el-aeropuerto-de-hurghada-al-oberoi-sahl-hasheesh\/#breadcrumb"},"inLanguage":"es","potentialAction":[{"@type":"ReadAction","target":["https:\/\/egytourpackages.com\/es\/tours\/traslado-privado-de-lujo-desde-el-aeropuerto-de-hurghada-al-oberoi-sahl-hasheesh\/"]}]},{"@type":"ImageObject","inLanguage":"es","@id":"https:\/\/egytourpackages.com\/es\/tours\/traslado-privado-de-lujo-desde-el-aeropuerto-de-hurghada-al-oberoi-sahl-hasheesh\/#primaryimage","url":"https:\/\/egytourpackages.com\/wp-content\/uploads\/2025\/05\/AIRPORT-TRANSFERS.jpg","contentUrl":"https:\/\/egytourpackages.com\/wp-content\/uploads\/2025\/05\/AIRPORT-TRANSFERS.jpg","width":2000,"height":1500,"caption":"Traslado privado de lujo desde el aeropuerto de Hurghada al Oberoi Sahl Hasheesh"},{"@type":"BreadcrumbList","@id":"https:\/\/egytourpackages.com\/es\/tours\/traslado-privado-de-lujo-desde-el-aeropuerto-de-hurghada-al-oberoi-sahl-hasheesh\/#breadcrumb","itemListElement":[{"@type":"ListItem","position":1,"name":"Home","item":"https:\/\/egytourpackages.com\/es\/paquetes-de-viaje-a-egipto\/"},{"@type":"ListItem","position":2,"name":"Shop","item":"https:\/\/egytourpackages.com\/shop\/"},{"@type":"ListItem","position":3,"name":"Traslado privado de lujo desde el aeropuerto de Hurghada al Oberoi Sahl Hasheesh"}]},{"@type":"WebSite","@id":"https:\/\/egytourpackages.com\/es\/#website","url":"https:\/\/egytourpackages.com\/es\/","name":"Egy tour packages","description":"","publisher":{"@id":"https:\/\/egytourpackages.com\/es\/#organization"},"potentialAction":[{"@type":"SearchAction","target":{"@type":"EntryPoint","urlTemplate":"https:\/\/egytourpackages.com\/es\/?s={search_term_string}"},"query-input":{"@type":"PropertyValueSpecification","valueRequired":true,"valueName":"search_term_string"}}],"inLanguage":"es"},{"@type":["Organization","Place","TravelAgency"],"@id":"https:\/\/egytourpackages.com\/es\/#organization","name":"egypt tour packages","alternateName":"egypt tour packages","url":"https:\/\/egytourpackages.com\/es\/","logo":{"@id":"https:\/\/egytourpackages.com\/es\/tours\/traslado-privado-de-lujo-desde-el-aeropuerto-de-hurghada-al-oberoi-sahl-hasheesh\/#local-main-organization-logo"},"image":{"@id":"https:\/\/egytourpackages.com\/es\/tours\/traslado-privado-de-lujo-desde-el-aeropuerto-de-hurghada-al-oberoi-sahl-hasheesh\/#local-main-organization-logo"},"sameAs":["https:\/\/www.facebook.com\/egytourpackages"],"legalName":"Egy tour packages","address":{"@id":"https:\/\/egytourpackages.com\/es\/tours\/traslado-privado-de-lujo-desde-el-aeropuerto-de-hurghada-al-oberoi-sahl-hasheesh\/#local-main-place-address"},"telephone":["00201000852186","00201028685533"],"contactPoint":{"@type":"ContactPoint","telephone":"00201000852186"},"openingHoursSpecification":[{"@type":"OpeningHoursSpecification","dayOfWeek":["Monday","Tuesday","Wednesday","Thursday","Friday","Saturday","Sunday"],"opens":"00:00","closes":"23:59"}],"email":"info@egytourpackages.com","areaServed":"Cairo, Hurghada, Luxor, Sharm El Sheikh, Marsa Alam, Aswan","priceRange":"$","currenciesAccepted":"euro","paymentAccepted":"Payment links online"},{"@type":"PostalAddress","@id":"https:\/\/egytourpackages.com\/es\/tours\/traslado-privado-de-lujo-desde-el-aeropuerto-de-hurghada-al-oberoi-sahl-hasheesh\/#local-main-place-address","streetAddress":"Mubarak 8, Al Kawthar District, Hurghada","addressLocality":"Hurghada","postalCode":"84511","addressRegion":"Red Sea","addressCountry":"EG"},{"@type":"ImageObject","inLanguage":"es","@id":"https:\/\/egytourpackages.com\/es\/tours\/traslado-privado-de-lujo-desde-el-aeropuerto-de-hurghada-al-oberoi-sahl-hasheesh\/#local-main-organization-logo","url":"https:\/\/egytourpackages.com\/wp-content\/uploads\/2025\/12\/Turquoise-Dahabiya-Nile-Cruise-1.jpeg","contentUrl":"https:\/\/egytourpackages.com\/wp-content\/uploads\/2025\/12\/Turquoise-Dahabiya-Nile-Cruise-1.jpeg","width":1040,"height":694,"caption":"egypt tour packages"}]},"product_brand":"Excursiones Egipto","product_price_currency":"EUR","og_availability":"instock","product_availability":"instock","product_retailer_item_id":"AT 03","product_condition":"new","geo.placename":"Hurghada","geo.region":"Egipto"},"_links":{"self":[{"href":"https:\/\/egytourpackages.com\/es\/wp-json\/wp\/v2\/product\/6058","targetHints":{"allow":["GET"]}}],"collection":[{"href":"https:\/\/egytourpackages.com\/es\/wp-json\/wp\/v2\/product"}],"about":[{"href":"https:\/\/egytourpackages.com\/es\/wp-json\/wp\/v2\/types\/product"}],"replies":[{"embeddable":true,"href":"https:\/\/egytourpackages.com\/es\/wp-json\/wp\/v2\/comments?post=6058"}],"wp:featuredmedia":[{"embeddable":true,"href":"https:\/\/egytourpackages.com\/es\/wp-json\/wp\/v2\/media\/6059"}],"wp:attachment":[{"href":"https:\/\/egytourpackages.com\/es\/wp-json\/wp\/v2\/media?parent=6058"}],"wp:term":[{"taxonomy":"product_brand","embeddable":true,"href":"https:\/\/egytourpackages.com\/es\/wp-json\/wp\/v2\/product_brand?post=6058"},{"taxonomy":"product_cat","embeddable":true,"href":"https:\/\/egytourpackages.com\/es\/wp-json\/wp\/v2\/product_cat?post=6058"},{"taxonomy":"product_tag","embeddable":true,"href":"https:\/\/egytourpackages.com\/es\/wp-json\/wp\/v2\/product_tag?post=6058"}],"curies":[{"name":"wp","href":"https:\/\/api.w.org\/{rel}","templated":true}]}}