{"id":6060,"date":"2025-05-24T22:03:54","date_gmt":"2025-05-24T22:03:54","guid":{"rendered":"https:\/\/egytourpackages.com\/product\/safari-matutino-por-el-desierto-de-makadi-bay\/"},"modified":"2026-01-28T23:41:22","modified_gmt":"2026-01-28T23:41:22","slug":"safari-matutino-por-el-desierto-de-makadi-bay","status":"publish","type":"product","link":"https:\/\/egytourpackages.com\/es\/tours\/safari-matutino-por-el-desierto-de-makadi-bay\/","title":{"rendered":"Safari matutino por el desierto de Makadi Bay"},"content":{"rendered":"<p><span style=\"color: #ff6600;\"><strong>Safari matutino por el desierto de Makadi Bay<\/strong><\/span><\/p>\n<p><strong>Safari matutino por el desierto de Makadi Bay | Reserva Safari barato por el Desierto de Egipto con excursiones desde Hurghada, paseo en camello, pueblo beduino<\/strong><\/p>\n<p>El <strong>safari matutino en quad por el desierto desde Hurghada<\/strong> es m\u00e1s que un simple paseo. Es una experiencia que combina <strong>aventuras de conducci\u00f3n<\/strong>, naturaleza y cultura en un solo paquete emocionante.<\/p>\n<p>Reserva una <strong>excursi\u00f3n en Makadi Bay<\/strong> a precio econ\u00f3mico para un safari matutino de 3 horas por el desierto de Makadi Bay desde todos los hoteles de Makadi Bay. Descubre las <strong>mejores cosas que hacer en Hurghada<\/strong> con la aventura todoterreno en ATV desde Makadi Bay. Indudablemente, el <strong>safari en quad por la ma\u00f1ana en Makadi Bay<\/strong> ofrece actividades al aire libre para todos. Esta experiencia todoterreno guiada te lleva al coraz\u00f3n del Desierto Oriental, donde te esperan dunas doradas y la antigua cultura beduina. Sube a bordo de tu potente <strong>quad en Makadi Bay<\/strong> y navega por las dunas doradas, sintiendo la emoci\u00f3n del paseo mientras el sol de la ma\u00f1ana proyecta un brillo m\u00e1gico sobre la vasta extensi\u00f3n.<\/p>\n<p>Asegura tu lugar para la mejor experiencia de <strong>safari en quad por la ma\u00f1ana en Makadi Bay<\/strong> y crea recuerdos duraderos, especialmente cuando visites un <strong>pueblo beduino<\/strong>, tomes t\u00e9 tradicional, montes en camello y a\u00f1adas un toque cultural a tu emocionante excursi\u00f3n.<\/p>\n<h3><span style=\"color: #ff6600;\">Detalles<\/span><\/h3>\n<ul>\n<li>Duraci\u00f3n: 4 horas<\/li>\n<li>Ubicaci\u00f3n del Tour: Desierto Oriental de Hurghada<\/li>\n<li>Disponibilidad del Tour: Diaria<\/li>\n<li>Recogida y Regreso: Todos los hoteles de Makadi Bay<\/li>\n<li>Tipo de Tour: En grupo \/ Privado<\/li>\n<li>Idioma: <strong>Espa\u00f1ol<\/strong><\/li>\n<li>Silla de ruedas: Accesible<\/li>\n<\/ul>\n<h3><span style=\"color: #ff6600;\">Puntos Destacados<\/span><\/h3>\n<ul>\n<li>Paseo en ATV de unos 35 km<\/li>\n<li>Pueblo beduino<\/li>\n<li>Paseo en camello<\/li>\n<\/ul>\n<h3><span style=\"color: #ff6600;\">Inclusiones<\/span><\/h3>\n<ul>\n<li>Recogida y regreso a los hoteles de Hurghada<\/li>\n<li>Gu\u00eda profesional del desierto que habla <strong>espa\u00f1ol<\/strong><\/li>\n<li>Paseo en camello por el desierto<\/li>\n<li>Tour por el Pueblo Beduino con t\u00e9 beduino<\/li>\n<li>Prueba de manejo antes de que comience el tour<\/li>\n<li>ATV individual (Beach Buggy)<\/li>\n<li>Todos los cargos por servicio e impuestos est\u00e1n incluidos en el precio<\/li>\n<\/ul>\n<h3><span style=\"color: #ff6600;\">Exclusiones<\/span><\/h3>\n<ul>\n<li>DVD y fotos del camar\u00f3grafo<\/li>\n<li>Propinas<\/li>\n<li>Recogida y regreso desde Makadi Bay, Sahl Hasheesh, El Gouna, Soma Bay, Safaga<\/li>\n<\/ul>\n<h3><span style=\"color: #ff6600;\">Qu\u00e9 llevar<\/span><\/h3>\n<ul>\n<li>Copia de tu pasaporte<\/li>\n<li>Sombrero, gafas de sol y crema solar<\/li>\n<li>Zapatos y ropa c\u00f3modos<\/li>\n<\/ul>\n<h3><span style=\"color: #ff6600;\">Ten en cuenta<\/span><\/h3>\n<ul>\n<li>Se permite conducir quads a partir de los 16 a\u00f1os<\/li>\n<li>Todas nuestras excursiones est\u00e1n completamente aseguradas<\/li>\n<li>Pa\u00f1uelos (5 euros)<\/li>\n<li>Gafas de protecci\u00f3n para alquilar (2 euros por pieza)<\/li>\n<\/ul>\n<h2><span style=\"color: #ff6600;\">Itinerario<\/span><\/h2>\n<p>Despu\u00e9s de la hora de recogida en tu hotel, y al llegar a las estaciones de quads, un gu\u00eda experimentado te proporcionar\u00e1 una charla de seguridad y te ense\u00f1ar\u00e1 a manejar los <strong>quads<\/strong>. De hecho, uno de los puntos destacados del tour es una visita a un tradicional <strong>campamento beduino<\/strong>, donde puedes tomar un descanso, disfrutar de un paseo en camello, t\u00e9 local y aprender sobre las tradiciones beduinas. Los <strong>paquetes tur\u00edsticos de Egy<\/strong> ofrecen este safari matutino por el desierto de Makadi Bay diariamente para jinetes individuales o dobles por la ma\u00f1ana.<\/p>\n<p>Si buscas los mejores <strong>tours de safari para viajeros solos, parejas, familias<\/strong> con un <strong>precio barato en grupo<\/strong> para tener una <strong>aventura \u00fanica<\/strong> en el desierto del Mar Rojo, reserva con nosotros ahora y obt\u00e9n <strong>momentos inolvidables<\/strong>.<\/p>\n<h3><span style=\"color: #ff6600;\">Precio Safari matutino por el desierto de Makadi Bay<\/span><\/h3>\n<ul>\n<li>Precio Adulto: 30 \u20ac<\/li>\n<li>Ni\u00f1os 0-5 a\u00f1os: gratis<\/li>\n<li>Ni\u00f1os 5-11 a\u00f1os: 50% del precio del adulto<\/li>\n<\/ul>\n<h3><span style=\"color: #ff6600;\">Reserva<\/span><\/h3>\n<p>Puedes reservar tu tour a trav\u00e9s de WhatsApp o envi\u00e1ndonos un correo electr\u00f3nico y recibir\u00e1s la confirmaci\u00f3n al instante.<\/p>\n<p>Por favor, env\u00edanos el nombre de tu hotel, n\u00famero de habitaci\u00f3n y copias de tu pasaporte.<\/p>\n<p>WhatsApp: +201000852186<\/p>\n<p>info@egytourpackages.com<\/p>\n<h3><span style=\"color: #ff6600;\">Reserva Ahora y Paga en el lugar<\/span><\/h3>\n<p>Reserva tu tour favorito y paga el d\u00eda del viaje.<\/p>\n<h3><span style=\"color: #ff6600;\">Pago<\/span><\/h3>\n<p>Puedes pagar en libras egipcias, $, \u20ac o \u00a3.<\/p>\n<h3><span style=\"color: #ff6600;\">Pol\u00edtica de Cancelaci\u00f3n<\/span><\/h3>\n<ul>\n<li>Cancelaci\u00f3n gratuita hasta 24 horas antes<\/li>\n<li>La cancelaci\u00f3n por la ma\u00f1ana es el 50% del precio<\/li>\n<\/ul>\n","protected":false},"excerpt":{"rendered":"<p>Explora Safari matutino por el desierto de Makadi Bay. Visita un pueblo beduino, disfruta de un paseo en camello y vive la aventura del safari al amanecer.<\/p>\n","protected":false},"featured_media":6065,"comment_status":"open","ping_status":"closed","template":"","meta":[],"product_brand":[],"product_cat":[3128],"product_tag":[3341,3188,3187],"class_list":{"0":"post-6060","1":"product","2":"type-product","3":"status-publish","4":"has-post-thumbnail","6":"product_cat-tours","7":"product_tag-excursiones-a-la-bahia-de-makadi","8":"product_tag-excursiones-egipto","9":"product_tag-excursiones-en-hurgada","10":"tour_category-excursiones-egipto-es","11":"tour_category-excursiones-en-makadi-bay-es","12":"tour_category-safaris-por-el-desierto-de-hurghada","14":"first","15":"instock","16":"sale","17":"shipping-taxable","18":"purchasable","19":"product-type-tour","20":"has-default-attributes"},"yoast_head":"<!-- This site is optimized with the Yoast SEO Premium plugin v27.2 (Yoast SEO v27.2) - https:\/\/yoast.com\/product\/yoast-seo-premium-wordpress\/ -->\n<title>Safari matutino por el desierto de Makadi Bay<\/title>\n<meta name=\"description\" content=\"Explora Safari matutino por el desierto de Makadi Bay. Visita un pueblo beduino, disfruta de un paseo en camello y vive la aventura del safari al amanecer.\" \/>\n<meta name=\"robots\" content=\"index, follow, max-snippet:-1, max-image-preview:large, max-video-preview:-1\" \/>\n<link rel=\"canonical\" href=\"https:\/\/egytourpackages.com\/es\/tours\/safari-matutino-por-el-desierto-de-makadi-bay\/\" \/>\n<meta property=\"og:locale\" content=\"es_ES\" \/>\n<meta property=\"og:type\" content=\"article\" \/>\n<meta property=\"og:title\" content=\"Safari matutino por el desierto de Makadi Bay\" \/>\n<meta property=\"og:description\" content=\"Explora Safari matutino por el desierto de Makadi Bay. Visita un pueblo beduino, disfruta de un paseo en camello y vive la aventura del safari al amanecer.\" \/>\n<meta property=\"og:url\" content=\"https:\/\/egytourpackages.com\/es\/tours\/safari-matutino-por-el-desierto-de-makadi-bay\/\" \/>\n<meta property=\"og:site_name\" content=\"Egypt Tour Packages\" \/>\n<meta property=\"article:publisher\" content=\"https:\/\/www.facebook.com\/egytourpackages\" \/>\n<meta property=\"article:modified_time\" content=\"2026-01-28T23:41:22+00:00\" \/>\n<meta property=\"og:image\" content=\"https:\/\/egytourpackages.com\/wp-content\/uploads\/2025\/03\/Camel-ride-Hurghada-safari-1024x682.jpeg\" \/>\n<meta name=\"twitter:card\" content=\"summary_large_image\" \/>\n<meta name=\"twitter:title\" content=\"Safari matutino por el desierto de Makadi Bay\" \/>\n<meta name=\"twitter:label1\" content=\"Precio\" \/>\n\t<meta name=\"twitter:data1\" content=\"&euro;20\" \/>\n\t<meta name=\"twitter:label2\" content=\"Disponibilidad\" \/>\n\t<meta name=\"twitter:data2\" content=\"Disponible\" \/>\n<script type=\"application\/ld+json\" class=\"yoast-schema-graph\">{\"@context\":\"https:\/\/schema.org\",\"@graph\":[{\"@type\":\"WebPage\",\"@id\":\"https:\/\/egytourpackages.com\/es\/tours\/safari-matutino-por-el-desierto-de-makadi-bay\/\",\"url\":\"https:\/\/egytourpackages.com\/es\/tours\/safari-matutino-por-el-desierto-de-makadi-bay\/\",\"name\":\"Safari matutino por el desierto de Makadi Bay\",\"isPartOf\":{\"@id\":\"https:\/\/egytourpackages.com\/es\/#website\"},\"primaryImageOfPage\":{\"@id\":\"https:\/\/egytourpackages.com\/es\/tours\/safari-matutino-por-el-desierto-de-makadi-bay\/#primaryimage\"},\"image\":{\"@id\":\"https:\/\/egytourpackages.com\/es\/tours\/safari-matutino-por-el-desierto-de-makadi-bay\/#primaryimage\"},\"thumbnailUrl\":\"https:\/\/egytourpackages.com\/wp-content\/uploads\/2025\/03\/Camel-ride-Hurghada-safari.jpeg\",\"datePublished\":\"2025-05-24T22:03:54+00:00\",\"dateModified\":\"2026-01-28T23:41:22+00:00\",\"description\":\"Explora Safari matutino por el desierto de Makadi Bay. Visita un pueblo beduino, disfruta de un paseo en camello y vive la aventura del safari al amanecer.\",\"breadcrumb\":{\"@id\":\"https:\/\/egytourpackages.com\/es\/tours\/safari-matutino-por-el-desierto-de-makadi-bay\/#breadcrumb\"},\"inLanguage\":\"es\",\"potentialAction\":[{\"@type\":\"ReadAction\",\"target\":[\"https:\/\/egytourpackages.com\/es\/tours\/safari-matutino-por-el-desierto-de-makadi-bay\/\"]}]},{\"@type\":\"ImageObject\",\"inLanguage\":\"es\",\"@id\":\"https:\/\/egytourpackages.com\/es\/tours\/safari-matutino-por-el-desierto-de-makadi-bay\/#primaryimage\",\"url\":\"https:\/\/egytourpackages.com\/wp-content\/uploads\/2025\/03\/Camel-ride-Hurghada-safari.jpeg\",\"contentUrl\":\"https:\/\/egytourpackages.com\/wp-content\/uploads\/2025\/03\/Camel-ride-Hurghada-safari.jpeg\",\"width\":1280,\"height\":853,\"caption\":\"Paseo en camello en safari por Hurghada\"},{\"@type\":\"BreadcrumbList\",\"@id\":\"https:\/\/egytourpackages.com\/es\/tours\/safari-matutino-por-el-desierto-de-makadi-bay\/#breadcrumb\",\"itemListElement\":[{\"@type\":\"ListItem\",\"position\":1,\"name\":\"Home\",\"item\":\"https:\/\/egytourpackages.com\/es\/paquetes-de-viaje-a-egipto\/\"},{\"@type\":\"ListItem\",\"position\":2,\"name\":\"Shop\",\"item\":\"https:\/\/egytourpackages.com\/shop\/\"},{\"@type\":\"ListItem\",\"position\":3,\"name\":\"Safari matutino por el desierto de Makadi Bay\"}]},{\"@type\":\"WebSite\",\"@id\":\"https:\/\/egytourpackages.com\/es\/#website\",\"url\":\"https:\/\/egytourpackages.com\/es\/\",\"name\":\"Egy tour packages\",\"description\":\"\",\"publisher\":{\"@id\":\"https:\/\/egytourpackages.com\/es\/#organization\"},\"potentialAction\":[{\"@type\":\"SearchAction\",\"target\":{\"@type\":\"EntryPoint\",\"urlTemplate\":\"https:\/\/egytourpackages.com\/es\/?s={search_term_string}\"},\"query-input\":{\"@type\":\"PropertyValueSpecification\",\"valueRequired\":true,\"valueName\":\"search_term_string\"}}],\"inLanguage\":\"es\"},{\"@type\":[\"Organization\",\"Place\",\"TravelAgency\"],\"@id\":\"https:\/\/egytourpackages.com\/es\/#organization\",\"name\":\"egypt tour packages\",\"alternateName\":\"egypt tour packages\",\"url\":\"https:\/\/egytourpackages.com\/es\/\",\"logo\":{\"@id\":\"https:\/\/egytourpackages.com\/es\/tours\/safari-matutino-por-el-desierto-de-makadi-bay\/#local-main-organization-logo\"},\"image\":{\"@id\":\"https:\/\/egytourpackages.com\/es\/tours\/safari-matutino-por-el-desierto-de-makadi-bay\/#local-main-organization-logo\"},\"sameAs\":[\"https:\/\/www.facebook.com\/egytourpackages\"],\"legalName\":\"Egy tour packages\",\"address\":{\"@id\":\"https:\/\/egytourpackages.com\/es\/tours\/safari-matutino-por-el-desierto-de-makadi-bay\/#local-main-place-address\"},\"telephone\":[\"00201000852186\",\"00201028685533\"],\"contactPoint\":{\"@type\":\"ContactPoint\",\"telephone\":\"00201000852186\"},\"openingHoursSpecification\":[{\"@type\":\"OpeningHoursSpecification\",\"dayOfWeek\":[\"Monday\",\"Tuesday\",\"Wednesday\",\"Thursday\",\"Friday\",\"Saturday\",\"Sunday\"],\"opens\":\"00:00\",\"closes\":\"23:59\"}],\"email\":\"info@egytourpackages.com\",\"areaServed\":\"Cairo, Hurghada, Luxor, Sharm El Sheikh, Marsa Alam, Aswan\",\"priceRange\":\"$\",\"currenciesAccepted\":\"euro\",\"paymentAccepted\":\"Payment links online\"},{\"@type\":\"PostalAddress\",\"@id\":\"https:\/\/egytourpackages.com\/es\/tours\/safari-matutino-por-el-desierto-de-makadi-bay\/#local-main-place-address\",\"streetAddress\":\"Mubarak 8, Al Kawthar District, Hurghada\",\"addressLocality\":\"Hurghada\",\"postalCode\":\"84511\",\"addressRegion\":\"Red Sea\",\"addressCountry\":\"EG\"},{\"@type\":\"ImageObject\",\"inLanguage\":\"es\",\"@id\":\"https:\/\/egytourpackages.com\/es\/tours\/safari-matutino-por-el-desierto-de-makadi-bay\/#local-main-organization-logo\",\"url\":\"https:\/\/egytourpackages.com\/wp-content\/uploads\/2025\/12\/Turquoise-Dahabiya-Nile-Cruise-1.jpeg\",\"contentUrl\":\"https:\/\/egytourpackages.com\/wp-content\/uploads\/2025\/12\/Turquoise-Dahabiya-Nile-Cruise-1.jpeg\",\"width\":1040,\"height\":694,\"caption\":\"egypt tour packages\"}]}<\/script>\n<meta property=\"product:brand\" content=\"Excursiones Egipto\" \/>\n<meta property=\"product:price:amount\" content=\"20\" \/>\n<meta property=\"product:price:currency\" content=\"EUR\" \/>\n<meta property=\"og:availability\" content=\"instock\" \/>\n<meta property=\"product:availability\" content=\"instock\" \/>\n<meta property=\"product:retailer_item_id\" content=\"MBE07\" \/>\n<meta property=\"product:condition\" content=\"new\" \/>\n<meta name=\"geo.placename\" content=\"Hurghada\" \/>\n<meta name=\"geo.region\" content=\"Egipto\" \/>\n<!-- \/ Yoast SEO Premium plugin. -->","yoast_head_json":{"title":"Safari matutino por el desierto de Makadi Bay","description":"Explora Safari matutino por el desierto de Makadi Bay. Visita un pueblo beduino, disfruta de un paseo en camello y vive la aventura del safari al amanecer.","robots":{"index":"index","follow":"follow","max-snippet":"max-snippet:-1","max-image-preview":"max-image-preview:large","max-video-preview":"max-video-preview:-1"},"canonical":"https:\/\/egytourpackages.com\/es\/tours\/safari-matutino-por-el-desierto-de-makadi-bay\/","og_locale":"es_ES","og_type":"article","og_title":"Safari matutino por el desierto de Makadi Bay","og_description":"Explora Safari matutino por el desierto de Makadi Bay. Visita un pueblo beduino, disfruta de un paseo en camello y vive la aventura del safari al amanecer.","og_url":"https:\/\/egytourpackages.com\/es\/tours\/safari-matutino-por-el-desierto-de-makadi-bay\/","og_site_name":"Egypt Tour Packages","article_publisher":"https:\/\/www.facebook.com\/egytourpackages","article_modified_time":"2026-01-28T23:41:22+00:00","og_image":[{"url":"https:\/\/egytourpackages.com\/wp-content\/uploads\/2025\/03\/Camel-ride-Hurghada-safari-1024x682.jpeg","type":"","width":"","height":""}],"twitter_card":"summary_large_image","twitter_title":"Safari matutino por el desierto de Makadi Bay","twitter_misc":{"Precio":"&euro;20","Disponibilidad":"Disponible"},"schema":{"@context":"https:\/\/schema.org","@graph":[{"@type":"WebPage","@id":"https:\/\/egytourpackages.com\/es\/tours\/safari-matutino-por-el-desierto-de-makadi-bay\/","url":"https:\/\/egytourpackages.com\/es\/tours\/safari-matutino-por-el-desierto-de-makadi-bay\/","name":"Safari matutino por el desierto de Makadi Bay","isPartOf":{"@id":"https:\/\/egytourpackages.com\/es\/#website"},"primaryImageOfPage":{"@id":"https:\/\/egytourpackages.com\/es\/tours\/safari-matutino-por-el-desierto-de-makadi-bay\/#primaryimage"},"image":{"@id":"https:\/\/egytourpackages.com\/es\/tours\/safari-matutino-por-el-desierto-de-makadi-bay\/#primaryimage"},"thumbnailUrl":"https:\/\/egytourpackages.com\/wp-content\/uploads\/2025\/03\/Camel-ride-Hurghada-safari.jpeg","datePublished":"2025-05-24T22:03:54+00:00","dateModified":"2026-01-28T23:41:22+00:00","description":"Explora Safari matutino por el desierto de Makadi Bay. Visita un pueblo beduino, disfruta de un paseo en camello y vive la aventura del safari al amanecer.","breadcrumb":{"@id":"https:\/\/egytourpackages.com\/es\/tours\/safari-matutino-por-el-desierto-de-makadi-bay\/#breadcrumb"},"inLanguage":"es","potentialAction":[{"@type":"ReadAction","target":["https:\/\/egytourpackages.com\/es\/tours\/safari-matutino-por-el-desierto-de-makadi-bay\/"]}]},{"@type":"ImageObject","inLanguage":"es","@id":"https:\/\/egytourpackages.com\/es\/tours\/safari-matutino-por-el-desierto-de-makadi-bay\/#primaryimage","url":"https:\/\/egytourpackages.com\/wp-content\/uploads\/2025\/03\/Camel-ride-Hurghada-safari.jpeg","contentUrl":"https:\/\/egytourpackages.com\/wp-content\/uploads\/2025\/03\/Camel-ride-Hurghada-safari.jpeg","width":1280,"height":853,"caption":"Paseo en camello en safari por Hurghada"},{"@type":"BreadcrumbList","@id":"https:\/\/egytourpackages.com\/es\/tours\/safari-matutino-por-el-desierto-de-makadi-bay\/#breadcrumb","itemListElement":[{"@type":"ListItem","position":1,"name":"Home","item":"https:\/\/egytourpackages.com\/es\/paquetes-de-viaje-a-egipto\/"},{"@type":"ListItem","position":2,"name":"Shop","item":"https:\/\/egytourpackages.com\/shop\/"},{"@type":"ListItem","position":3,"name":"Safari matutino por el desierto de Makadi Bay"}]},{"@type":"WebSite","@id":"https:\/\/egytourpackages.com\/es\/#website","url":"https:\/\/egytourpackages.com\/es\/","name":"Egy tour packages","description":"","publisher":{"@id":"https:\/\/egytourpackages.com\/es\/#organization"},"potentialAction":[{"@type":"SearchAction","target":{"@type":"EntryPoint","urlTemplate":"https:\/\/egytourpackages.com\/es\/?s={search_term_string}"},"query-input":{"@type":"PropertyValueSpecification","valueRequired":true,"valueName":"search_term_string"}}],"inLanguage":"es"},{"@type":["Organization","Place","TravelAgency"],"@id":"https:\/\/egytourpackages.com\/es\/#organization","name":"egypt tour packages","alternateName":"egypt tour packages","url":"https:\/\/egytourpackages.com\/es\/","logo":{"@id":"https:\/\/egytourpackages.com\/es\/tours\/safari-matutino-por-el-desierto-de-makadi-bay\/#local-main-organization-logo"},"image":{"@id":"https:\/\/egytourpackages.com\/es\/tours\/safari-matutino-por-el-desierto-de-makadi-bay\/#local-main-organization-logo"},"sameAs":["https:\/\/www.facebook.com\/egytourpackages"],"legalName":"Egy tour packages","address":{"@id":"https:\/\/egytourpackages.com\/es\/tours\/safari-matutino-por-el-desierto-de-makadi-bay\/#local-main-place-address"},"telephone":["00201000852186","00201028685533"],"contactPoint":{"@type":"ContactPoint","telephone":"00201000852186"},"openingHoursSpecification":[{"@type":"OpeningHoursSpecification","dayOfWeek":["Monday","Tuesday","Wednesday","Thursday","Friday","Saturday","Sunday"],"opens":"00:00","closes":"23:59"}],"email":"info@egytourpackages.com","areaServed":"Cairo, Hurghada, Luxor, Sharm El Sheikh, Marsa Alam, Aswan","priceRange":"$","currenciesAccepted":"euro","paymentAccepted":"Payment links online"},{"@type":"PostalAddress","@id":"https:\/\/egytourpackages.com\/es\/tours\/safari-matutino-por-el-desierto-de-makadi-bay\/#local-main-place-address","streetAddress":"Mubarak 8, Al Kawthar District, Hurghada","addressLocality":"Hurghada","postalCode":"84511","addressRegion":"Red Sea","addressCountry":"EG"},{"@type":"ImageObject","inLanguage":"es","@id":"https:\/\/egytourpackages.com\/es\/tours\/safari-matutino-por-el-desierto-de-makadi-bay\/#local-main-organization-logo","url":"https:\/\/egytourpackages.com\/wp-content\/uploads\/2025\/12\/Turquoise-Dahabiya-Nile-Cruise-1.jpeg","contentUrl":"https:\/\/egytourpackages.com\/wp-content\/uploads\/2025\/12\/Turquoise-Dahabiya-Nile-Cruise-1.jpeg","width":1040,"height":694,"caption":"egypt tour packages"}]},"product_brand":"Excursiones Egipto","product_price_amount":"20","product_price_currency":"EUR","og_availability":"instock","product_availability":"instock","product_retailer_item_id":"MBE07","product_condition":"new","geo.placename":"Hurghada","geo.region":"Egipto"},"_links":{"self":[{"href":"https:\/\/egytourpackages.com\/es\/wp-json\/wp\/v2\/product\/6060","targetHints":{"allow":["GET"]}}],"collection":[{"href":"https:\/\/egytourpackages.com\/es\/wp-json\/wp\/v2\/product"}],"about":[{"href":"https:\/\/egytourpackages.com\/es\/wp-json\/wp\/v2\/types\/product"}],"replies":[{"embeddable":true,"href":"https:\/\/egytourpackages.com\/es\/wp-json\/wp\/v2\/comments?post=6060"}],"wp:featuredmedia":[{"embeddable":true,"href":"https:\/\/egytourpackages.com\/es\/wp-json\/wp\/v2\/media\/6065"}],"wp:attachment":[{"href":"https:\/\/egytourpackages.com\/es\/wp-json\/wp\/v2\/media?parent=6060"}],"wp:term":[{"taxonomy":"product_brand","embeddable":true,"href":"https:\/\/egytourpackages.com\/es\/wp-json\/wp\/v2\/product_brand?post=6060"},{"taxonomy":"product_cat","embeddable":true,"href":"https:\/\/egytourpackages.com\/es\/wp-json\/wp\/v2\/product_cat?post=6060"},{"taxonomy":"product_tag","embeddable":true,"href":"https:\/\/egytourpackages.com\/es\/wp-json\/wp\/v2\/product_tag?post=6060"}],"curies":[{"name":"wp","href":"https:\/\/api.w.org\/{rel}","templated":true}]}}