{"id":6189,"date":"2025-07-06T05:29:09","date_gmt":"2025-07-06T05:29:09","guid":{"rendered":"https:\/\/egytourpackages.com\/product\/excursion-snorkel-y-bote-a-orange-bay-hurghada\/"},"modified":"2026-01-28T23:52:44","modified_gmt":"2026-01-28T23:52:44","slug":"excursion-snorkel-y-bote-a-orange-bay-hurghada","status":"publish","type":"product","link":"https:\/\/egytourpackages.com\/es\/tours\/excursion-snorkel-y-bote-a-orange-bay-hurghada\/","title":{"rendered":"Excursi\u00f3n Snorkel y Bote a Orange Bay Hurghada"},"content":{"rendered":"<p><span style=\"color: #ff6600;\"><strong>Excursi\u00f3n Snorkel y Bote a Orange Bay Hurghada<\/strong><\/span><\/p>\n<h2><span style=\"color: #ff6600;\">Resumen<\/span><\/h2>\n<p>\u00a1Prep\u00e1rate para una <strong>excursi\u00f3n de snorkel en Orange Bay<\/strong>, una experiencia \u00fanica y diferente que vale la pena probar en Hurghada! Este <strong>viaje en barco desde Hurghada<\/strong> al <strong>Parque Nacional de las Islas Giftun<\/strong> es una de las <strong>excursiones en Hurghada<\/strong> m\u00e1s ideales para todos. Desde <strong>familias con ni\u00f1os<\/strong> y <strong>parejas rom\u00e1nticas<\/strong> que buscan una <strong>aventura rom\u00e1ntica<\/strong>, hasta <strong>viajeros solos<\/strong> y <strong>adultos mayores<\/strong> con movilidad reducida que buscan <strong>vacaciones individuales para mayores de 50<\/strong>.<\/p>\n<p>Si buscas las <strong>mejores vacaciones de playa en familia con presupuesto limitado<\/strong> o un impresionante <strong>lugar de vacaciones tipo caribe\u00f1o<\/strong>, no busques m\u00e1s que estas <strong>\u00abMaldivas de Egipto\u00bb<\/strong>, o el <strong>para\u00edso del Mar Rojo<\/strong>.<\/p>\n<p>Orange Bay Hurghada, como parte del <strong>Parque Nacional de las Islas Giftun<\/strong>, presume de arenas blancas y suaves y de <strong>aguas turquesas<\/strong> fascinantes. De hecho, un <strong>viaje en barco desde Hurghada<\/strong> a Orange Bay ofrece un <strong>snorkel en Hurghada<\/strong> inigualable, revelando abundantes <strong>arrecifes de coral<\/strong> y una diversa <strong>vida marina<\/strong>.<\/p>\n<p>Es perfecto para una <strong>excursi\u00f3n de un d\u00eda en familia<\/strong>, combinando la relajaci\u00f3n en la hermosa <strong>playa de Orange Bay<\/strong> con emocionantes <strong>deportes acu\u00e1ticos<\/strong> y un delicioso almuerzo a bordo.<\/p>\n<h3><span style=\"color: #ff6600;\">Detalles<\/span><\/h3>\n<ul>\n<li>Duraci\u00f3n: 7 horas<\/li>\n<li>Ubicaci\u00f3n del tour: Hurghada \u2013 Mar Rojo<\/li>\n<li>Disponibilidad: Diaria<\/li>\n<li>Tipo de tour: Grupo<\/li>\n<li><strong>Idioma: espa\u00f1ol<\/strong><\/li>\n<li>Recogida y regreso: En tu hotel en Hurghada<\/li>\n<li>Silla de ruedas: Accesible<\/li>\n<\/ul>\n<h3><span style=\"color: #ff6600;\">Inclusiones<\/span><\/h3>\n<ul>\n<li>Traslados de ida y vuelta<\/li>\n<li>Equipo de snorkel<\/li>\n<li><strong>Gu\u00eda de snorkel profesional que habla espa\u00f1ol<\/strong><\/li>\n<li>Tiempo libre en la isla de Orange Bay<\/li>\n<li>Dos paradas de snorkel<\/li>\n<li>Almuerzo buffet<\/li>\n<li>Refrescos y agua mineral<\/li>\n<li>Deportes acu\u00e1ticos<\/li>\n<li>Tarifa de entrada al Parque Nacional<\/li>\n<\/ul>\n<h3><span style=\"color: #ff6600;\">Exclusiones<\/span><\/h3>\n<ul>\n<li>Traslados desde hoteles fuera del centro de la ciudad de Hurghada: A menudo se aplica un recargo de $10 por persona para recogidas en \u00e1reas como Makadi Bay, Soma Bay, Sahl Hasheesh y El Gouna.<\/li>\n<li>Bebidas en la isla de Orange Bay<\/li>\n<li>Propinas\/Gratificaciones<\/li>\n<li>Gastos personales<\/li>\n<li>Servicios de fotograf\u00eda\/videograf\u00eda subacu\u00e1tica<\/li>\n<\/ul>\n<h3><span style=\"color: #ff6600;\">Qu\u00e9 llevar<\/span><\/h3>\n<p>Para asegurar un d\u00eda c\u00f3modo y agradable, empaca lo siguiente:<\/p>\n<ul>\n<li>Traje de ba\u00f1o<\/li>\n<li>Toalla<\/li>\n<li>Protector solar<\/li>\n<li>Gorra o sombrero<\/li>\n<li>Gafas de sol<\/li>\n<li>Zapatos de agua\/arrecife<\/li>\n<li>C\u00e1mara (impermeable\/subacu\u00e1tica)<\/li>\n<li>Mochila peque\u00f1a o bolso de d\u00eda<\/li>\n<li>Dinero en efectivo<\/li>\n<li>Pasaporte o documento de identidad (una copia suele ser suficiente)<\/li>\n<li>Medicamento para el mareo<\/li>\n<\/ul>\n<h2><span style=\"color: #ff6600;\">Itinerario de la Excursi\u00f3n de Snorkel a Orange Bay Hurghada<\/span><\/h2>\n<h3><span style=\"color: #ff6600;\">Recogida en el hotel por la ma\u00f1ana<\/span><\/h3>\n<p>Tu aventura de <strong>snorkel a Orange Bay<\/strong> comienza con un c\u00f3modo traslado en veh\u00edculo con aire acondicionado directamente desde tu <strong>hotel en Hurghada<\/strong>. Para hoteles fuera del centro de Hurghada (como Makadi Bay, Soma Bay, Sahl Hasheesh, El Gouna), puede aplicarse un peque\u00f1o recargo.<\/p>\n<h3><span style=\"color: #ff6600;\">Llegada a la Marina<\/span><\/h3>\n<p>Al llegar a la marina, ser\u00e1s recibido calurosamente por la tripulaci\u00f3n del barco y abordar\u00e1s tu espacioso yate. Puedes quedarte en la cubierta, en la recepci\u00f3n o se te proporcionar\u00e1 <strong>equipo de snorkel de alta calidad<\/strong> (m\u00e1scara, aletas, chaleco salvavidas).<\/p>\n<h3><span style=\"color: #ff6600;\">Navegaci\u00f3n a Orange Bay<\/span><\/h3>\n<p>Una vez que llegues a la Isla de Orange Bay, comenzar\u00e1s a descubrir su pr\u00edstina <strong>arena blanca y suave<\/strong> y sus <strong>aguas incre\u00edblemente cristalinas<\/strong>. Tendr\u00e1s mucho tiempo libre para relajarte y disfrutar. Ya sea que te relajes en un puf, te des un refrescante chapuz\u00f3n en las lagunas poco profundas o simplemente tomes el sol. De hecho, Orange Bay ofrece maravillosas <strong>actividades para ni\u00f1os<\/strong>, <strong>familias<\/strong> y <strong>parejas rom\u00e1nticas<\/strong>.<\/p>\n<p>Es una de las <strong>mejores islas de Hurghada para parejas en luna de miel<\/strong> que buscan un cambio y salir de la rutina. Tambi\u00e9n es una de las cosas m\u00e1s hermosas y <strong>divertidas para hacer al aire libre con amigos<\/strong> desde los hoteles de Hurghada.<\/p>\n<p>Aqu\u00ed tienes muchas opciones, desde simplemente relajarte en la suave playa de arena blanca, nadar en las lagunas poco profundas y cristalinas, o pasear por la pintoresca orilla.<\/p>\n<h3><span style=\"color: #ff6600;\">Primera parada de snorkel<\/span><\/h3>\n<p>Despu\u00e9s de unos 90 minutos en Orange Bay, el barco navegar\u00e1 a una de las ubicaciones de arrecifes de coral m\u00e1s vibrantes del Mar Rojo. Liderado por un <strong>gu\u00eda de snorkel experimentado<\/strong>, bucear\u00e1s en el mundo submarino, descubriendo peces coloridos, formaciones de coral intrincadas y una fascinante <strong>vida marina<\/strong>.<\/p>\n<h3><span style=\"color: #ff6600;\">Delicioso almuerzo buffet a bordo<\/span><\/h3>\n<p>Despu\u00e9s de la primera sesi\u00f3n de snorkel, regresa al barco para un almuerzo buffet reci\u00e9n preparado. Espera una variedad de platos, que a menudo incluyen pollo a la parrilla o kofta, arroz, pasta, ensaladas y frutas frescas. Los refrescos y el agua mineral se sirven t\u00edpicamente durante todo el crucero.<\/p>\n<h3><span style=\"color: #ff6600;\">Segunda parada de snorkel<\/span><\/h3>\n<p>El barco se mover\u00e1 a otro fant\u00e1stico lugar para hacer snorkel, ofreciendo la oportunidad de explorar una secci\u00f3n diferente del arrecife y encontrar a\u00fan m\u00e1s maravillas marinas.<\/p>\n<h3><span style=\"color: #ff6600;\">Diversi\u00f3n con deportes acu\u00e1ticos (Banana Boat\/Sofa Boat)<\/span><\/h3>\n<p>Concluye tu d\u00eda con emocionantes actividades acu\u00e1ticas como un paseo en <strong>banana boat<\/strong> o <strong>sofa boat<\/strong>, tirado por una lancha r\u00e1pida, a\u00f1adiendo una emoci\u00f3n extra a tu d\u00eda.<\/p>\n<h3><span style=\"color: #ff6600;\">Regreso a la Marina y al Hotel<\/span><\/h3>\n<p>Finalmente, el barco regresar\u00e1 a la marina de Hurghada. Desde all\u00ed, ser\u00e1s trasladado de regreso a tu hotel, concluyendo tu memorable <strong>tour de snorkel en Orange Bay<\/strong>.<\/p>\n<p>Una <strong>excursi\u00f3n de snorkel a Orange Bay Hurghada<\/strong> ofrece una oportunidad inigualable para experimentar la belleza natural del <strong>Mar Rojo<\/strong>.<\/p>\n<h3><span style=\"color: #ff6600;\">Precio del tour a Orange Bay Hurghada<\/span><\/h3>\n<ul>\n<li>Precio adulto: 25 \u20ac<\/li>\n<li>Beb\u00e9s (0-5 a\u00f1os): Gratis<\/li>\n<li>Ni\u00f1os (5-11 a\u00f1os): 50% del precio de adulto<\/li>\n<\/ul>\n<h3><span style=\"color: #ff6600;\">Reserva<\/span><\/h3>\n<ul>\n<li>Puedes reservar tu tour a trav\u00e9s de WhatsApp o enviarnos un correo electr\u00f3nico y recibir\u00e1s la confirmaci\u00f3n al instante.<\/li>\n<li>Por favor, env\u00edanos el nombre de tu hotel, el n\u00famero de habitaci\u00f3n y copias de los pasaportes.<\/li>\n<\/ul>\n<p><strong>WhatsApp:<\/strong> +201000852186<\/p>\n<p><strong>Email:<\/strong> info@egytourpackages.com<\/p>\n<h3><span style=\"color: #ff6600;\">\u00a1Reserva ahora y paga en el lugar!<\/span><\/h3>\n<p>Reserva tu tour favorito y paga el d\u00eda del viaje.<\/p>\n<h3><span style=\"color: #ff6600;\">Pago<\/span><\/h3>\n<p>Puedes pagar en libras egipcias, $, \u20ac o \u00a3.<\/p>\n<h3><span style=\"color: #ff6600;\">Pol\u00edtica de cancelaci\u00f3n<\/span><\/h3>\n<ul>\n<li>Cancelaci\u00f3n gratuita hasta 24 horas antes.<\/li>\n<li>Cancelaci\u00f3n en la ma\u00f1ana del tour: 50% del precio.<\/li>\n<\/ul>\n","protected":false},"excerpt":{"rendered":"<p>Descubre Excursi\u00f3n Snorkel y Bote a Orange Bay Hurghada: playas de arena blanca y pr\u00edstina, aguas turquesas cristalinas y una vibrante vida marina.<\/p>\n","protected":false},"featured_media":6190,"comment_status":"closed","ping_status":"closed","template":"","meta":[],"product_brand":[],"product_cat":[3128],"product_tag":[3294,3188,3187,3295],"class_list":{"0":"post-6189","1":"product","2":"type-product","3":"status-publish","4":"has-post-thumbnail","6":"product_cat-tours","7":"product_tag-actividades-en-hurghada","8":"product_tag-excursiones-egipto","9":"product_tag-excursiones-en-hurgada","10":"product_tag-paquetes-de-vacaciones-en-hurghada","11":"tour_category-excursiones-de-snorkel-en-hurghada","12":"tour_category-excursiones-egipto-es","13":"tour_category-excursiones-en-hurgada-es","15":"first","16":"instock","17":"sale","18":"shipping-taxable","19":"purchasable","20":"product-type-tour","21":"has-default-attributes"},"yoast_head":"<!-- This site is optimized with the Yoast SEO Premium plugin v27.2 (Yoast SEO v27.2) - https:\/\/yoast.com\/product\/yoast-seo-premium-wordpress\/ -->\n<title>Orange Bay Hurghada: Excursiones en Hurghada<\/title>\n<meta name=\"description\" content=\"Descubre Excursi\u00f3n Snorkel y Bote a Orange Bay Hurghada: playas de arena blanca y pr\u00edstina, aguas turquesas cristalinas y una vibrante vida marina.\" \/>\n<meta name=\"robots\" content=\"index, follow, max-snippet:-1, max-image-preview:large, max-video-preview:-1\" \/>\n<link rel=\"canonical\" href=\"https:\/\/egytourpackages.com\/es\/tours\/excursion-snorkel-y-bote-a-orange-bay-hurghada\/\" \/>\n<meta property=\"og:locale\" content=\"es_ES\" \/>\n<meta property=\"og:type\" content=\"article\" \/>\n<meta property=\"og:title\" content=\"Orange Bay Hurghada\" \/>\n<meta property=\"og:description\" content=\"Descubre Excursi\u00f3n Snorkel y Bote a Orange Bay Hurghada: playas de arena blanca y pr\u00edstina, aguas turquesas cristalinas y una vibrante vida marina.\" \/>\n<meta property=\"og:url\" content=\"https:\/\/egytourpackages.com\/es\/tours\/excursion-snorkel-y-bote-a-orange-bay-hurghada\/\" \/>\n<meta property=\"og:site_name\" content=\"Egypt Tour Packages\" \/>\n<meta property=\"article:publisher\" content=\"https:\/\/www.facebook.com\/egytourpackages\" \/>\n<meta property=\"article:modified_time\" content=\"2026-01-28T23:52:44+00:00\" \/>\n<meta property=\"og:image\" content=\"https:\/\/egytourpackages.com\/wp-content\/uploads\/2025\/07\/Orange-Bay-Hurghada-1024x768.jpg\" \/>\n<meta name=\"twitter:card\" content=\"summary_large_image\" \/>\n<meta name=\"twitter:title\" content=\"Excursi\u00f3n Snorkel y Bote a Orange Bay Hurghada\" \/>\n<meta name=\"twitter:label1\" content=\"Precio\" \/>\n\t<meta name=\"twitter:data1\" content=\"&euro;25\" \/>\n\t<meta name=\"twitter:label2\" content=\"Disponibilidad\" \/>\n\t<meta name=\"twitter:data2\" content=\"Disponible\" \/>\n<script type=\"application\/ld+json\" class=\"yoast-schema-graph\">{\"@context\":\"https:\/\/schema.org\",\"@graph\":[{\"@type\":\"WebPage\",\"@id\":\"https:\/\/egytourpackages.com\/es\/tours\/excursion-snorkel-y-bote-a-orange-bay-hurghada\/\",\"url\":\"https:\/\/egytourpackages.com\/es\/tours\/excursion-snorkel-y-bote-a-orange-bay-hurghada\/\",\"name\":\"Orange Bay Hurghada: Excursiones en Hurghada\",\"isPartOf\":{\"@id\":\"https:\/\/egytourpackages.com\/es\/#website\"},\"primaryImageOfPage\":{\"@id\":\"https:\/\/egytourpackages.com\/es\/tours\/excursion-snorkel-y-bote-a-orange-bay-hurghada\/#primaryimage\"},\"image\":{\"@id\":\"https:\/\/egytourpackages.com\/es\/tours\/excursion-snorkel-y-bote-a-orange-bay-hurghada\/#primaryimage\"},\"thumbnailUrl\":\"https:\/\/egytourpackages.com\/wp-content\/uploads\/2025\/07\/Orange-Bay-Hurghada.jpg\",\"datePublished\":\"2025-07-06T05:29:09+00:00\",\"dateModified\":\"2026-01-28T23:52:44+00:00\",\"description\":\"Descubre Excursi\u00f3n Snorkel y Bote a Orange Bay Hurghada: playas de arena blanca y pr\u00edstina, aguas turquesas cristalinas y una vibrante vida marina.\",\"breadcrumb\":{\"@id\":\"https:\/\/egytourpackages.com\/es\/tours\/excursion-snorkel-y-bote-a-orange-bay-hurghada\/#breadcrumb\"},\"inLanguage\":\"es\",\"potentialAction\":[{\"@type\":\"ReadAction\",\"target\":[\"https:\/\/egytourpackages.com\/es\/tours\/excursion-snorkel-y-bote-a-orange-bay-hurghada\/\"]}]},{\"@type\":\"ImageObject\",\"inLanguage\":\"es\",\"@id\":\"https:\/\/egytourpackages.com\/es\/tours\/excursion-snorkel-y-bote-a-orange-bay-hurghada\/#primaryimage\",\"url\":\"https:\/\/egytourpackages.com\/wp-content\/uploads\/2025\/07\/Orange-Bay-Hurghada.jpg\",\"contentUrl\":\"https:\/\/egytourpackages.com\/wp-content\/uploads\/2025\/07\/Orange-Bay-Hurghada.jpg\",\"width\":1800,\"height\":1350,\"caption\":\"Orange Bay Hurghada\"},{\"@type\":\"BreadcrumbList\",\"@id\":\"https:\/\/egytourpackages.com\/es\/tours\/excursion-snorkel-y-bote-a-orange-bay-hurghada\/#breadcrumb\",\"itemListElement\":[{\"@type\":\"ListItem\",\"position\":1,\"name\":\"Home\",\"item\":\"https:\/\/egytourpackages.com\/es\/paquetes-de-viaje-a-egipto\/\"},{\"@type\":\"ListItem\",\"position\":2,\"name\":\"Shop\",\"item\":\"https:\/\/egytourpackages.com\/shop\/\"},{\"@type\":\"ListItem\",\"position\":3,\"name\":\"Excursi\u00f3n Snorkel y Bote a Orange Bay Hurghada\"}]},{\"@type\":\"WebSite\",\"@id\":\"https:\/\/egytourpackages.com\/es\/#website\",\"url\":\"https:\/\/egytourpackages.com\/es\/\",\"name\":\"Egy tour packages\",\"description\":\"\",\"publisher\":{\"@id\":\"https:\/\/egytourpackages.com\/es\/#organization\"},\"potentialAction\":[{\"@type\":\"SearchAction\",\"target\":{\"@type\":\"EntryPoint\",\"urlTemplate\":\"https:\/\/egytourpackages.com\/es\/?s={search_term_string}\"},\"query-input\":{\"@type\":\"PropertyValueSpecification\",\"valueRequired\":true,\"valueName\":\"search_term_string\"}}],\"inLanguage\":\"es\"},{\"@type\":[\"Organization\",\"Place\",\"TravelAgency\"],\"@id\":\"https:\/\/egytourpackages.com\/es\/#organization\",\"name\":\"egypt tour packages\",\"alternateName\":\"egypt tour packages\",\"url\":\"https:\/\/egytourpackages.com\/es\/\",\"logo\":{\"@id\":\"https:\/\/egytourpackages.com\/es\/tours\/excursion-snorkel-y-bote-a-orange-bay-hurghada\/#local-main-organization-logo\"},\"image\":{\"@id\":\"https:\/\/egytourpackages.com\/es\/tours\/excursion-snorkel-y-bote-a-orange-bay-hurghada\/#local-main-organization-logo\"},\"sameAs\":[\"https:\/\/www.facebook.com\/egytourpackages\"],\"legalName\":\"Egy tour packages\",\"address\":{\"@id\":\"https:\/\/egytourpackages.com\/es\/tours\/excursion-snorkel-y-bote-a-orange-bay-hurghada\/#local-main-place-address\"},\"telephone\":[\"00201000852186\",\"00201028685533\"],\"contactPoint\":{\"@type\":\"ContactPoint\",\"telephone\":\"00201000852186\"},\"openingHoursSpecification\":[{\"@type\":\"OpeningHoursSpecification\",\"dayOfWeek\":[\"Monday\",\"Tuesday\",\"Wednesday\",\"Thursday\",\"Friday\",\"Saturday\",\"Sunday\"],\"opens\":\"00:00\",\"closes\":\"23:59\"}],\"email\":\"info@egytourpackages.com\",\"areaServed\":\"Cairo, Hurghada, Luxor, Sharm El Sheikh, Marsa Alam, Aswan\",\"priceRange\":\"$\",\"currenciesAccepted\":\"euro\",\"paymentAccepted\":\"Payment links online\"},{\"@type\":\"PostalAddress\",\"@id\":\"https:\/\/egytourpackages.com\/es\/tours\/excursion-snorkel-y-bote-a-orange-bay-hurghada\/#local-main-place-address\",\"streetAddress\":\"Mubarak 8, Al Kawthar District, Hurghada\",\"addressLocality\":\"Hurghada\",\"postalCode\":\"84511\",\"addressRegion\":\"Red Sea\",\"addressCountry\":\"EG\"},{\"@type\":\"ImageObject\",\"inLanguage\":\"es\",\"@id\":\"https:\/\/egytourpackages.com\/es\/tours\/excursion-snorkel-y-bote-a-orange-bay-hurghada\/#local-main-organization-logo\",\"url\":\"https:\/\/egytourpackages.com\/wp-content\/uploads\/2025\/12\/Turquoise-Dahabiya-Nile-Cruise-1.jpeg\",\"contentUrl\":\"https:\/\/egytourpackages.com\/wp-content\/uploads\/2025\/12\/Turquoise-Dahabiya-Nile-Cruise-1.jpeg\",\"width\":1040,\"height\":694,\"caption\":\"egypt tour packages\"}]}<\/script>\n<meta property=\"product:brand\" content=\"Excursiones de snorkel en Hurghada\" \/>\n<meta property=\"product:price:amount\" content=\"25\" \/>\n<meta property=\"product:price:currency\" content=\"EUR\" \/>\n<meta property=\"og:availability\" content=\"instock\" \/>\n<meta property=\"product:availability\" content=\"instock\" \/>\n<meta property=\"product:retailer_item_id\" content=\"HDT21\" \/>\n<meta property=\"product:condition\" content=\"new\" \/>\n<meta name=\"geo.placename\" content=\"Hurghada\" \/>\n<meta name=\"geo.region\" content=\"Egipto\" \/>\n<!-- \/ Yoast SEO Premium plugin. -->","yoast_head_json":{"title":"Orange Bay Hurghada: Excursiones en Hurghada","description":"Descubre Excursi\u00f3n Snorkel y Bote a Orange Bay Hurghada: playas de arena blanca y pr\u00edstina, aguas turquesas cristalinas y una vibrante vida marina.","robots":{"index":"index","follow":"follow","max-snippet":"max-snippet:-1","max-image-preview":"max-image-preview:large","max-video-preview":"max-video-preview:-1"},"canonical":"https:\/\/egytourpackages.com\/es\/tours\/excursion-snorkel-y-bote-a-orange-bay-hurghada\/","og_locale":"es_ES","og_type":"article","og_title":"Orange Bay Hurghada","og_description":"Descubre Excursi\u00f3n Snorkel y Bote a Orange Bay Hurghada: playas de arena blanca y pr\u00edstina, aguas turquesas cristalinas y una vibrante vida marina.","og_url":"https:\/\/egytourpackages.com\/es\/tours\/excursion-snorkel-y-bote-a-orange-bay-hurghada\/","og_site_name":"Egypt Tour Packages","article_publisher":"https:\/\/www.facebook.com\/egytourpackages","article_modified_time":"2026-01-28T23:52:44+00:00","og_image":[{"url":"https:\/\/egytourpackages.com\/wp-content\/uploads\/2025\/07\/Orange-Bay-Hurghada-1024x768.jpg","type":"","width":"","height":""}],"twitter_card":"summary_large_image","twitter_title":"Excursi\u00f3n Snorkel y Bote a Orange Bay Hurghada","twitter_misc":{"Precio":"&euro;25","Disponibilidad":"Disponible"},"schema":{"@context":"https:\/\/schema.org","@graph":[{"@type":"WebPage","@id":"https:\/\/egytourpackages.com\/es\/tours\/excursion-snorkel-y-bote-a-orange-bay-hurghada\/","url":"https:\/\/egytourpackages.com\/es\/tours\/excursion-snorkel-y-bote-a-orange-bay-hurghada\/","name":"Orange Bay Hurghada: Excursiones en Hurghada","isPartOf":{"@id":"https:\/\/egytourpackages.com\/es\/#website"},"primaryImageOfPage":{"@id":"https:\/\/egytourpackages.com\/es\/tours\/excursion-snorkel-y-bote-a-orange-bay-hurghada\/#primaryimage"},"image":{"@id":"https:\/\/egytourpackages.com\/es\/tours\/excursion-snorkel-y-bote-a-orange-bay-hurghada\/#primaryimage"},"thumbnailUrl":"https:\/\/egytourpackages.com\/wp-content\/uploads\/2025\/07\/Orange-Bay-Hurghada.jpg","datePublished":"2025-07-06T05:29:09+00:00","dateModified":"2026-01-28T23:52:44+00:00","description":"Descubre Excursi\u00f3n Snorkel y Bote a Orange Bay Hurghada: playas de arena blanca y pr\u00edstina, aguas turquesas cristalinas y una vibrante vida marina.","breadcrumb":{"@id":"https:\/\/egytourpackages.com\/es\/tours\/excursion-snorkel-y-bote-a-orange-bay-hurghada\/#breadcrumb"},"inLanguage":"es","potentialAction":[{"@type":"ReadAction","target":["https:\/\/egytourpackages.com\/es\/tours\/excursion-snorkel-y-bote-a-orange-bay-hurghada\/"]}]},{"@type":"ImageObject","inLanguage":"es","@id":"https:\/\/egytourpackages.com\/es\/tours\/excursion-snorkel-y-bote-a-orange-bay-hurghada\/#primaryimage","url":"https:\/\/egytourpackages.com\/wp-content\/uploads\/2025\/07\/Orange-Bay-Hurghada.jpg","contentUrl":"https:\/\/egytourpackages.com\/wp-content\/uploads\/2025\/07\/Orange-Bay-Hurghada.jpg","width":1800,"height":1350,"caption":"Orange Bay Hurghada"},{"@type":"BreadcrumbList","@id":"https:\/\/egytourpackages.com\/es\/tours\/excursion-snorkel-y-bote-a-orange-bay-hurghada\/#breadcrumb","itemListElement":[{"@type":"ListItem","position":1,"name":"Home","item":"https:\/\/egytourpackages.com\/es\/paquetes-de-viaje-a-egipto\/"},{"@type":"ListItem","position":2,"name":"Shop","item":"https:\/\/egytourpackages.com\/shop\/"},{"@type":"ListItem","position":3,"name":"Excursi\u00f3n Snorkel y Bote a Orange Bay Hurghada"}]},{"@type":"WebSite","@id":"https:\/\/egytourpackages.com\/es\/#website","url":"https:\/\/egytourpackages.com\/es\/","name":"Egy tour packages","description":"","publisher":{"@id":"https:\/\/egytourpackages.com\/es\/#organization"},"potentialAction":[{"@type":"SearchAction","target":{"@type":"EntryPoint","urlTemplate":"https:\/\/egytourpackages.com\/es\/?s={search_term_string}"},"query-input":{"@type":"PropertyValueSpecification","valueRequired":true,"valueName":"search_term_string"}}],"inLanguage":"es"},{"@type":["Organization","Place","TravelAgency"],"@id":"https:\/\/egytourpackages.com\/es\/#organization","name":"egypt tour packages","alternateName":"egypt tour packages","url":"https:\/\/egytourpackages.com\/es\/","logo":{"@id":"https:\/\/egytourpackages.com\/es\/tours\/excursion-snorkel-y-bote-a-orange-bay-hurghada\/#local-main-organization-logo"},"image":{"@id":"https:\/\/egytourpackages.com\/es\/tours\/excursion-snorkel-y-bote-a-orange-bay-hurghada\/#local-main-organization-logo"},"sameAs":["https:\/\/www.facebook.com\/egytourpackages"],"legalName":"Egy tour packages","address":{"@id":"https:\/\/egytourpackages.com\/es\/tours\/excursion-snorkel-y-bote-a-orange-bay-hurghada\/#local-main-place-address"},"telephone":["00201000852186","00201028685533"],"contactPoint":{"@type":"ContactPoint","telephone":"00201000852186"},"openingHoursSpecification":[{"@type":"OpeningHoursSpecification","dayOfWeek":["Monday","Tuesday","Wednesday","Thursday","Friday","Saturday","Sunday"],"opens":"00:00","closes":"23:59"}],"email":"info@egytourpackages.com","areaServed":"Cairo, Hurghada, Luxor, Sharm El Sheikh, Marsa Alam, Aswan","priceRange":"$","currenciesAccepted":"euro","paymentAccepted":"Payment links online"},{"@type":"PostalAddress","@id":"https:\/\/egytourpackages.com\/es\/tours\/excursion-snorkel-y-bote-a-orange-bay-hurghada\/#local-main-place-address","streetAddress":"Mubarak 8, Al Kawthar District, Hurghada","addressLocality":"Hurghada","postalCode":"84511","addressRegion":"Red Sea","addressCountry":"EG"},{"@type":"ImageObject","inLanguage":"es","@id":"https:\/\/egytourpackages.com\/es\/tours\/excursion-snorkel-y-bote-a-orange-bay-hurghada\/#local-main-organization-logo","url":"https:\/\/egytourpackages.com\/wp-content\/uploads\/2025\/12\/Turquoise-Dahabiya-Nile-Cruise-1.jpeg","contentUrl":"https:\/\/egytourpackages.com\/wp-content\/uploads\/2025\/12\/Turquoise-Dahabiya-Nile-Cruise-1.jpeg","width":1040,"height":694,"caption":"egypt tour packages"}]},"product_brand":"Excursiones de snorkel en Hurghada","product_price_amount":"25","product_price_currency":"EUR","og_availability":"instock","product_availability":"instock","product_retailer_item_id":"HDT21","product_condition":"new","geo.placename":"Hurghada","geo.region":"Egipto"},"_links":{"self":[{"href":"https:\/\/egytourpackages.com\/es\/wp-json\/wp\/v2\/product\/6189","targetHints":{"allow":["GET"]}}],"collection":[{"href":"https:\/\/egytourpackages.com\/es\/wp-json\/wp\/v2\/product"}],"about":[{"href":"https:\/\/egytourpackages.com\/es\/wp-json\/wp\/v2\/types\/product"}],"replies":[{"embeddable":true,"href":"https:\/\/egytourpackages.com\/es\/wp-json\/wp\/v2\/comments?post=6189"}],"wp:featuredmedia":[{"embeddable":true,"href":"https:\/\/egytourpackages.com\/es\/wp-json\/wp\/v2\/media\/6190"}],"wp:attachment":[{"href":"https:\/\/egytourpackages.com\/es\/wp-json\/wp\/v2\/media?parent=6189"}],"wp:term":[{"taxonomy":"product_brand","embeddable":true,"href":"https:\/\/egytourpackages.com\/es\/wp-json\/wp\/v2\/product_brand?post=6189"},{"taxonomy":"product_cat","embeddable":true,"href":"https:\/\/egytourpackages.com\/es\/wp-json\/wp\/v2\/product_cat?post=6189"},{"taxonomy":"product_tag","embeddable":true,"href":"https:\/\/egytourpackages.com\/es\/wp-json\/wp\/v2\/product_tag?post=6189"}],"curies":[{"name":"wp","href":"https:\/\/api.w.org\/{rel}","templated":true}]}}