{"id":6741,"date":"2025-05-22T12:48:18","date_gmt":"2025-05-22T12:48:18","guid":{"rendered":"https:\/\/egytourpackages.com\/product\/excursion-privada-al-gran-museo-egipcio-desde-soma-bay-en-avion\/"},"modified":"2026-01-04T20:06:16","modified_gmt":"2026-01-04T20:06:16","slug":"excursion-privada-al-gran-museo-egipcio-desde-soma-bay-en-avion","status":"publish","type":"product","link":"https:\/\/egytourpackages.com\/es\/tours\/excursion-privada-al-gran-museo-egipcio-desde-soma-bay-en-avion\/","title":{"rendered":"Excursi\u00f3n Privada al Gran Museo Egipcio desde Soma Bay en Avi\u00f3n"},"content":{"rendered":"<p><span style=\"color: #ff6600;\"><strong>Excursi\u00f3n Privada al Gran Museo Egipcio desde Soma Bay en Avi\u00f3n<\/strong><\/span><\/p>\n<p><em><strong>Excursi\u00f3n privada a El Cairo desde Soma Bay | Mejor Gran Museo Egipcio desde Soma Bay | Excursiones en Soma Bay | Atracciones tur\u00edsticas de El Cairo: Pir\u00e1mides de Guiza, la Gran Esfinge, tesoros de Tutankam\u00f3n, Obelisco Colgante, Khan El Khalili<\/strong><\/em><\/p>\n<h3><span style=\"color: #ff6600;\">Descripci\u00f3n General<\/span><\/h3>\n<p>El tour de un d\u00eda al <strong>Gran Museo Egipcio desde Soma Bay en avi\u00f3n<\/strong> ofrece una experiencia incre\u00edble a trav\u00e9s de la historia antigua de Egipto, sus lugares emblem\u00e1ticos y su vibrante cultura. Nuestros <strong>paquetes tur\u00edsticos en Egipto<\/strong> incluyen tres de las atracciones m\u00e1s significativas: el <strong>Gran Museo Egipcio (GEM)<\/strong>, las <strong>Pir\u00e1mides de Guiza<\/strong> y el <strong>bazar Khan El Khalili<\/strong> en nuestros <strong>tours por Egipto<\/strong>. Adem\u00e1s, tendr\u00e1 la oportunidad de maravillarse con los <strong>tesoros de Tutankam\u00f3n<\/strong> por primera vez en un solo lugar y con la <strong>Barca Solar<\/strong> en el <strong>Gran Museo Egipcio<\/strong>.<\/p>\n<h3><span style=\"color: #ff6600;\">Detalles del Tour<\/span><\/h3>\n<ul>\n<li>Duraci\u00f3n: 18 horas<\/li>\n<li>Ubicaci\u00f3n del Tour: Guiza \u2013 El Cairo<\/li>\n<li>Disponibilidad del Tour: Todos los d\u00edas<\/li>\n<li>Recogida y Regreso: Su hotel en Soma Bay<\/li>\n<li>Tipo de Tour: Privado<\/li>\n<li><strong>Idioma: Espa\u00f1ol<\/strong><\/li>\n<li>Adecuado para: Parejas, Familias, Seniors<\/li>\n<li>Silla de ruedas: Accesible<\/li>\n<\/ul>\n<h3><span style=\"color: #ff6600;\">Puntos Destacados del Tour<\/span><\/h3>\n<ul>\n<li>Gran Museo Egipcio<\/li>\n<li>Pir\u00e1mides de Guiza<\/li>\n<li>La Gran Esfinge<\/li>\n<li>Templo del Valle<\/li>\n<li>Bazar Khan El Khalili<\/li>\n<\/ul>\n<h3><span style=\"color: #ff6600;\">Inclusiones<\/span><\/h3>\n<ul>\n<li>Billetes de avi\u00f3n de Hurgada a El Cairo<\/li>\n<li>Billetes de avi\u00f3n de El Cairo a Hurgada<\/li>\n<li>Traslado de ida y vuelta en veh\u00edculo con A\/C<\/li>\n<li>Entradas a todos los lugares del programa de El Cairo<\/li>\n<li><strong>Gu\u00eda egipt\u00f3logo que habla espa\u00f1ol<\/strong><\/li>\n<li>Almuerzo<\/li>\n<li>Agua durante el tour<\/li>\n<\/ul>\n<h3><span style=\"color: #ff6600;\">Exclusiones<\/span><\/h3>\n<ul>\n<li>Bebidas durante el almuerzo<\/li>\n<li>Entrada a la Pir\u00e1mide de Keops (40 $)<\/li>\n<li>Entrada a la Pir\u00e1mide de Jafra (7.5 $)<\/li>\n<li>Propinas<\/li>\n<\/ul>\n<h3><span style=\"color: #ff6600;\">Qu\u00e9 Empacar<\/span><\/h3>\n<ul>\n<li>Zapatos y ropa c\u00f3modos, especialmente en verano<\/li>\n<li>Ropa abrigada en invierno<\/li>\n<li>Gafas de sol, sombrero o bufanda<\/li>\n<li>Crema solar en verano<\/li>\n<\/ul>\n<h3><span style=\"color: #ff6600;\">Itinerario<\/span><\/h3>\n<p>Salida temprano hacia el aeropuerto de Hurgada para volar a El Cairo. A su llegada, su gu\u00eda le estar\u00e1 esperando frente a la sala de llegadas del aeropuerto de El Cairo para comenzar a explorar las atracciones de Egipto.<\/p>\n<h3><span style=\"color: #ff6600;\">Gran Museo Egipcio<\/span><\/h3>\n<p>Este tour est\u00e1 dise\u00f1ado principalmente para pasar el mayor tiempo posible en el <strong>Gran Museo Egipcio<\/strong>. Por lo tanto, el tour por las pir\u00e1mides durar\u00e1 alrededor de dos horas y el resto del tiempo se dedicar\u00e1 al <strong>Gran Museo Egipcio<\/strong>, incluyendo el almuerzo.<\/p>\n<p>El tour comienza incluso antes de que entre al <strong>GEM<\/strong>, ya que se encontrar\u00e1 cara a cara con el primer y \u00fanico <strong>Obelisco Colgante<\/strong> del mundo. Adem\u00e1s, el <strong>cartucho<\/strong> con el nombre del rey <strong>Rams\u00e9s II<\/strong> se puede ver en la base del <strong>obelisco<\/strong>.<\/p>\n<p>Al dirigirse a la fachada del <strong>museo GEM<\/strong>, ver\u00e1 los <strong>cartuchos<\/strong> de los constructores de las pir\u00e1mides como <strong>Keops<\/strong>, <strong>Jafra<\/strong> y <strong>Micerino<\/strong>. Tambi\u00e9n, Snefru y Faraones del <strong>Nuevo Reino<\/strong>.<\/p>\n<p>Una vez que entre en el museo, el Gran Rams\u00e9s le dar\u00e1 la bienvenida y luego comenzar\u00e1 por la <strong>Gran Escalera<\/strong>, donde descubrir\u00e1 el significado de su dise\u00f1o. Empiece por la Realeza con algunas estatuas enormes de los reyes famosos del Reino Antiguo, Medio y Nuevo. Luego, descubrir\u00e1 la misi\u00f3n del rey en la vida, desde la construcci\u00f3n de templos para los dioses, el culto a los dioses que le ayudaron a mantener la armon\u00eda y a proteger el pa\u00eds. Despu\u00e9s de su muerte, ser\u00e1 momificado y luego enterrado en un sarc\u00f3fago antes de ser colocado dentro de la <strong>pir\u00e1mide<\/strong>. Desde all\u00ed, su alma continuar\u00e1 el viaje hacia el cielo para estar con las almas buenas en el lado Norte.<\/p>\n<h3><span style=\"color: #ff6600;\">Almuerzo en el GEM<\/span><\/h3>\n<p>Disfrute de un almuerzo de calidad en el restaurante Zooba dentro del <strong>Gran Museo Egipcio<\/strong>.<\/p>\n<h3><span style=\"color: #ff6600;\">Galer\u00edas del GEM<\/span><\/h3>\n<p>Despu\u00e9s del almuerzo, completar\u00e1 su tour con su gu\u00eda para admirar el resto del museo. Las galer\u00edas hablan de tres temas diferentes, desde la era prehist\u00f3rica hasta la era greco-romana. Aprenda y explore sobre la antigua realeza, la sociedad y la religi\u00f3n de una manera muy organizada. Al final de su tour, se dirigir\u00e1 a la siguiente parada.<\/p>\n<h3><span style=\"color: #ff6600;\">Complejo de las Pir\u00e1mides de Guiza<\/span><\/h3>\n<p>Ahora es el momento de maravillarse con las \u00fanicas maravillas que a\u00fan existen en la <strong>meseta de Guiza<\/strong>. De acuerdo con el nuevo sistema, tomar\u00e1 el autob\u00fas de enlace desde la nueva entrada para realizar la visita de la siguiente manera:<\/p>\n<h3><span style=\"color: #ff6600;\">Pir\u00e1mide de Keops<\/span><\/h3>\n<p>La gran <strong>Pir\u00e1mide de Keops<\/strong> es la m\u00e1s antigua y grande de la zona y tiene alrededor de 2.3 millones de bloques de entre tres y quince toneladas. Adem\u00e1s de la parte hist\u00f3rica, intentaremos explicar las actualizaciones y los nuevos descubrimientos en la zona. Tambi\u00e9n le daremos una idea sobre el poder curativo de las <strong>pir\u00e1mides<\/strong> y c\u00f3mo fueron dise\u00f1adas para ponerle en la <strong>onda cerebral Theta<\/strong>, que ocurre a una frecuencia de 4-8 Hz y est\u00e1 asociada con la <strong>relajaci\u00f3n profunda<\/strong>, la <strong>creatividad<\/strong> y la <strong>intuici\u00f3n<\/strong>.<\/p>\n<p>M\u00e1s tarde, podr\u00e1 entrar en la peque\u00f1a pir\u00e1mide de forma gratuita antes de pasar entre las tumbas de los constructores de <strong>pir\u00e1mides<\/strong>.<\/p>\n<h3><span style=\"color: #ff6600;\">La Gran Esfinge<\/span><\/h3>\n<p>Despu\u00e9s de eso, visitar\u00e1 el <strong>templo de la Momificaci\u00f3n<\/strong> junto a la Esfinge y la Gran Esfinge. Aprenda por qu\u00e9 tiene cabeza humana y cuerpo de le\u00f3n y su relaci\u00f3n con la Atl\u00e1ntida perdida.<\/p>\n<p>De regreso al punto de partida, tomar\u00e1 su coche y se dirigir\u00e1 al <strong>Bazar Khan el-Khalili<\/strong>.<\/p>\n<p>Es un bazar muy famoso en el coraz\u00f3n de El Cairo, cerca de la <strong>calle El Moez<\/strong>, la calle m\u00e1s antigua del mundo desde el 1080 d.C. sin cambios. Es una de las <strong>mejores cosas para hacer en El Cairo<\/strong> y una incre\u00edble atracci\u00f3n tur\u00edstica antes de regresar al aeropuerto de El Cairo para volar a Hurgada. Finalmente, lo trasladaremos del aeropuerto de Hurgada a su hotel en Soma Bay.<\/p>\n<h3><span style=\"color: #ff6600;\">Comidas<\/span><\/h3>\n<p>Desayuno, almuerzo<\/p>\n<h3><span style=\"color: #ff6600;\">Precio Tour Gran Museo Egipcio desde Soma Bay en Avi\u00f3n<\/span><\/h3>\n<p>Precio total 300 $ por persona<\/p>\n<h3><span style=\"color: #ff6600;\">Reservas<\/span><\/h3>\n<p>Puede reservar su tour a trav\u00e9s de WhatsApp o enviarnos un correo electr\u00f3nico y recibir\u00e1 la confirmaci\u00f3n al instante. Por favor, env\u00edenos el nombre de su hotel, el n\u00famero de habitaci\u00f3n y copias de sus pasaportes.<\/p>\n<p><strong>WhatsApp:<\/strong> +201000852186<\/p>\n<p><strong>Correo electr\u00f3nico:<\/strong> info@egytourpackages.com<\/p>\n<h3><span style=\"color: #ff6600;\">Reserve Ahora y Pague en el lugar<\/span><\/h3>\n<p>Reserve su tour favorito y pague el d\u00eda del viaje.<\/p>\n<h3><span style=\"color: #ff6600;\">Pago<\/span><\/h3>\n<p>Puede pagar en libras egipcias, $, \u20ac o \u00a3.<\/p>\n<h3><span style=\"color: #ff6600;\">Pol\u00edtica de Cancelaci\u00f3n<\/span><\/h3>\n<ul>\n<li>La cancelaci\u00f3n es gratuita hasta 24 horas antes.<\/li>\n<li>La cancelaci\u00f3n por la ma\u00f1ana es el 50% del precio.<\/li>\n<\/ul>\n","protected":false},"excerpt":{"rendered":"<p>Reserve la mejor Excursi\u00f3n Privada al Gran Museo Egipcio desde Soma Bay en Avi\u00f3n. Descubra tesoros de Tutankam\u00f3n y las Pir\u00e1mides de Guiza.<\/p>\n","protected":false},"featured_media":6745,"comment_status":"open","ping_status":"closed","template":"","meta":[],"product_brand":[],"product_cat":[3128],"product_tag":[3188,3357],"class_list":{"0":"post-6741","1":"product","2":"type-product","3":"status-publish","4":"has-post-thumbnail","6":"product_cat-tours","7":"product_tag-excursiones-egipto","8":"product_tag-excursiones-la-soma-bay","9":"tour_category-excursiones-egipto-es","10":"tour_category-excursiones-en-soma-bay-es","12":"first","13":"instock","14":"sale","15":"shipping-taxable","16":"purchasable","17":"product-type-tour","18":"has-default-attributes"},"yoast_head":"<!-- This site is optimized with the Yoast SEO Premium plugin v27.4 (Yoast SEO v27.4) - https:\/\/yoast.com\/product\/yoast-seo-premium-wordpress\/ -->\n<title>Excursi\u00f3n Privada al Gran Museo Egipcio desde Soma Bay en Avi\u00f3n<\/title>\n<meta name=\"description\" content=\"Reserve la mejor Excursi\u00f3n Privada al Gran Museo Egipcio desde Soma Bay en Avi\u00f3n. Descubra tesoros de Tutankam\u00f3n y las Pir\u00e1mides de Guiza.\" \/>\n<meta name=\"robots\" content=\"index, follow, max-snippet:-1, max-image-preview:large, max-video-preview:-1\" \/>\n<link rel=\"canonical\" href=\"https:\/\/egytourpackages.com\/es\/tours\/excursion-privada-al-gran-museo-egipcio-desde-soma-bay-en-avion\/\" \/>\n<meta property=\"og:locale\" content=\"es_ES\" \/>\n<meta property=\"og:type\" content=\"article\" \/>\n<meta property=\"og:title\" content=\"Excursi\u00f3n Privada al Gran Museo Egipcio desde Soma Bay en Avi\u00f3n\" \/>\n<meta property=\"og:description\" content=\"Reserve la mejor Excursi\u00f3n Privada al Gran Museo Egipcio desde Soma Bay en Avi\u00f3n. Descubra tesoros de Tutankam\u00f3n y las Pir\u00e1mides de Guiza.\" \/>\n<meta property=\"og:url\" content=\"https:\/\/egytourpackages.com\/es\/tours\/excursion-privada-al-gran-museo-egipcio-desde-soma-bay-en-avion\/\" \/>\n<meta property=\"og:site_name\" content=\"Egypt Tour Packages\" \/>\n<meta property=\"article:publisher\" content=\"https:\/\/www.facebook.com\/egytourpackages\" \/>\n<meta property=\"article:modified_time\" content=\"2026-01-04T20:06:16+00:00\" \/>\n<meta property=\"og:image\" content=\"https:\/\/egytourpackages.com\/wp-content\/uploads\/2025\/05\/Wooden-colored-sarcophagi-from-GEM.jpeg\" \/>\n\t<meta property=\"og:image:width\" content=\"2000\" \/>\n\t<meta property=\"og:image:height\" content=\"924\" \/>\n\t<meta property=\"og:image:type\" content=\"image\/jpeg\" \/>\n<meta name=\"twitter:card\" content=\"summary_large_image\" \/>\n<meta name=\"twitter:title\" content=\"Excursi\u00f3n Privada al Gran Museo Egipcio desde Soma Bay en Avi\u00f3n\" \/>\n<meta name=\"twitter:label1\" content=\"Precio\" \/>\n\t<meta name=\"twitter:data1\" content=\"&euro;290\" \/>\n\t<meta name=\"twitter:label2\" content=\"Disponibilidad\" \/>\n\t<meta name=\"twitter:data2\" content=\"Disponible\" \/>\n<script type=\"application\/ld+json\" class=\"yoast-schema-graph\">{\"@context\":\"https:\\\/\\\/schema.org\",\"@graph\":[{\"@type\":\"WebPage\",\"@id\":\"https:\\\/\\\/egytourpackages.com\\\/es\\\/tours\\\/excursion-privada-al-gran-museo-egipcio-desde-soma-bay-en-avion\\\/\",\"url\":\"https:\\\/\\\/egytourpackages.com\\\/es\\\/tours\\\/excursion-privada-al-gran-museo-egipcio-desde-soma-bay-en-avion\\\/\",\"name\":\"Excursi\u00f3n Privada al Gran Museo Egipcio desde Soma Bay en Avi\u00f3n\",\"isPartOf\":{\"@id\":\"https:\\\/\\\/egytourpackages.com\\\/es\\\/#website\"},\"primaryImageOfPage\":{\"@id\":\"https:\\\/\\\/egytourpackages.com\\\/es\\\/tours\\\/excursion-privada-al-gran-museo-egipcio-desde-soma-bay-en-avion\\\/#primaryimage\"},\"image\":{\"@id\":\"https:\\\/\\\/egytourpackages.com\\\/es\\\/tours\\\/excursion-privada-al-gran-museo-egipcio-desde-soma-bay-en-avion\\\/#primaryimage\"},\"thumbnailUrl\":\"https:\\\/\\\/egytourpackages.com\\\/wp-content\\\/uploads\\\/2025\\\/05\\\/Wooden-colored-sarcophagi-from-GEM.jpeg\",\"datePublished\":\"2025-05-22T12:48:18+00:00\",\"dateModified\":\"2026-01-04T20:06:16+00:00\",\"description\":\"Reserve la mejor Excursi\u00f3n Privada al Gran Museo Egipcio desde Soma Bay en Avi\u00f3n. Descubra tesoros de Tutankam\u00f3n y las Pir\u00e1mides de Guiza.\",\"breadcrumb\":{\"@id\":\"https:\\\/\\\/egytourpackages.com\\\/es\\\/tours\\\/excursion-privada-al-gran-museo-egipcio-desde-soma-bay-en-avion\\\/#breadcrumb\"},\"inLanguage\":\"es\",\"potentialAction\":[{\"@type\":\"ReadAction\",\"target\":[\"https:\\\/\\\/egytourpackages.com\\\/es\\\/tours\\\/excursion-privada-al-gran-museo-egipcio-desde-soma-bay-en-avion\\\/\"]}]},{\"@type\":\"ImageObject\",\"inLanguage\":\"es\",\"@id\":\"https:\\\/\\\/egytourpackages.com\\\/es\\\/tours\\\/excursion-privada-al-gran-museo-egipcio-desde-soma-bay-en-avion\\\/#primaryimage\",\"url\":\"https:\\\/\\\/egytourpackages.com\\\/wp-content\\\/uploads\\\/2025\\\/05\\\/Wooden-colored-sarcophagi-from-GEM.jpeg\",\"contentUrl\":\"https:\\\/\\\/egytourpackages.com\\\/wp-content\\\/uploads\\\/2025\\\/05\\\/Wooden-colored-sarcophagi-from-GEM.jpeg\",\"width\":2000,\"height\":924,\"caption\":\"Excursi\u00f3n Privada al Gran Museo Egipcio desde Soma Bay en Avi\u00f3n\"},{\"@type\":\"BreadcrumbList\",\"@id\":\"https:\\\/\\\/egytourpackages.com\\\/es\\\/tours\\\/excursion-privada-al-gran-museo-egipcio-desde-soma-bay-en-avion\\\/#breadcrumb\",\"itemListElement\":[{\"@type\":\"ListItem\",\"position\":1,\"name\":\"Home\",\"item\":\"https:\\\/\\\/egytourpackages.com\\\/es\\\/paquetes-de-viaje-a-egipto\\\/\"},{\"@type\":\"ListItem\",\"position\":2,\"name\":\"Shop\",\"item\":\"https:\\\/\\\/egytourpackages.com\\\/shop\\\/\"},{\"@type\":\"ListItem\",\"position\":3,\"name\":\"Excursi\u00f3n Privada al Gran Museo Egipcio desde Soma Bay en Avi\u00f3n\"}]},{\"@type\":\"WebSite\",\"@id\":\"https:\\\/\\\/egytourpackages.com\\\/es\\\/#website\",\"url\":\"https:\\\/\\\/egytourpackages.com\\\/es\\\/\",\"name\":\"Egy tour packages\",\"description\":\"\",\"publisher\":{\"@id\":\"https:\\\/\\\/egytourpackages.com\\\/es\\\/#organization\"},\"potentialAction\":[{\"@type\":\"SearchAction\",\"target\":{\"@type\":\"EntryPoint\",\"urlTemplate\":\"https:\\\/\\\/egytourpackages.com\\\/es\\\/?s={search_term_string}\"},\"query-input\":{\"@type\":\"PropertyValueSpecification\",\"valueRequired\":true,\"valueName\":\"search_term_string\"}}],\"inLanguage\":\"es\"},{\"@type\":[\"Organization\",\"Place\",\"TravelAgency\"],\"@id\":\"https:\\\/\\\/egytourpackages.com\\\/es\\\/#organization\",\"name\":\"egypt tour packages\",\"alternateName\":\"egypt tour packages\",\"url\":\"https:\\\/\\\/egytourpackages.com\\\/es\\\/\",\"logo\":{\"@id\":\"https:\\\/\\\/egytourpackages.com\\\/es\\\/tours\\\/excursion-privada-al-gran-museo-egipcio-desde-soma-bay-en-avion\\\/#local-main-organization-logo\"},\"image\":{\"@id\":\"https:\\\/\\\/egytourpackages.com\\\/es\\\/tours\\\/excursion-privada-al-gran-museo-egipcio-desde-soma-bay-en-avion\\\/#local-main-organization-logo\"},\"sameAs\":[\"https:\\\/\\\/www.facebook.com\\\/egytourpackages\"],\"legalName\":\"Egy tour packages\",\"address\":{\"@id\":\"https:\\\/\\\/egytourpackages.com\\\/es\\\/tours\\\/excursion-privada-al-gran-museo-egipcio-desde-soma-bay-en-avion\\\/#local-main-place-address\"},\"telephone\":[\"00201000852186\",\"00201028685533\"],\"contactPoint\":{\"@type\":\"ContactPoint\",\"telephone\":\"00201000852186\"},\"openingHoursSpecification\":[{\"@type\":\"OpeningHoursSpecification\",\"dayOfWeek\":[\"Monday\",\"Tuesday\",\"Wednesday\",\"Thursday\",\"Friday\",\"Saturday\",\"Sunday\"],\"opens\":\"00:00\",\"closes\":\"23:59\"}],\"email\":\"info@egytourpackages.com\",\"areaServed\":\"Cairo, Hurghada, Luxor, Sharm El Sheikh, Marsa Alam, Aswan\",\"priceRange\":\"$\",\"currenciesAccepted\":\"euro\",\"paymentAccepted\":\"Payment links online\"},{\"@type\":\"PostalAddress\",\"@id\":\"https:\\\/\\\/egytourpackages.com\\\/es\\\/tours\\\/excursion-privada-al-gran-museo-egipcio-desde-soma-bay-en-avion\\\/#local-main-place-address\",\"streetAddress\":\"Mubarak 8, Al Kawthar District, Hurghada\",\"addressLocality\":\"Hurghada\",\"postalCode\":\"84511\",\"addressRegion\":\"Red Sea\",\"addressCountry\":\"EG\"},{\"@type\":\"ImageObject\",\"inLanguage\":\"es\",\"@id\":\"https:\\\/\\\/egytourpackages.com\\\/es\\\/tours\\\/excursion-privada-al-gran-museo-egipcio-desde-soma-bay-en-avion\\\/#local-main-organization-logo\",\"url\":\"https:\\\/\\\/egytourpackages.com\\\/wp-content\\\/uploads\\\/2025\\\/12\\\/Turquoise-Dahabiya-Nile-Cruise-1.jpeg\",\"contentUrl\":\"https:\\\/\\\/egytourpackages.com\\\/wp-content\\\/uploads\\\/2025\\\/12\\\/Turquoise-Dahabiya-Nile-Cruise-1.jpeg\",\"width\":1040,\"height\":694,\"caption\":\"egypt tour packages\"}]}<\/script>\n<meta property=\"product:brand\" content=\"Excursiones Egipto\" \/>\n<meta property=\"product:price:amount\" content=\"290\" \/>\n<meta property=\"product:price:currency\" content=\"EUR\" \/>\n<meta property=\"og:availability\" content=\"instock\" \/>\n<meta property=\"product:availability\" content=\"instock\" \/>\n<meta property=\"product:retailer_item_id\" content=\"SBE07\" \/>\n<meta property=\"product:condition\" content=\"new\" \/>\n<meta name=\"geo.placename\" content=\"Hurghada\" \/>\n<meta name=\"geo.region\" content=\"Egipto\" \/>\n<!-- \/ Yoast SEO Premium plugin. -->","yoast_head_json":{"title":"Excursi\u00f3n Privada al Gran Museo Egipcio desde Soma Bay en Avi\u00f3n","description":"Reserve la mejor Excursi\u00f3n Privada al Gran Museo Egipcio desde Soma Bay en Avi\u00f3n. Descubra tesoros de Tutankam\u00f3n y las Pir\u00e1mides de Guiza.","robots":{"index":"index","follow":"follow","max-snippet":"max-snippet:-1","max-image-preview":"max-image-preview:large","max-video-preview":"max-video-preview:-1"},"canonical":"https:\/\/egytourpackages.com\/es\/tours\/excursion-privada-al-gran-museo-egipcio-desde-soma-bay-en-avion\/","og_locale":"es_ES","og_type":"article","og_title":"Excursi\u00f3n Privada al Gran Museo Egipcio desde Soma Bay en Avi\u00f3n","og_description":"Reserve la mejor Excursi\u00f3n Privada al Gran Museo Egipcio desde Soma Bay en Avi\u00f3n. Descubra tesoros de Tutankam\u00f3n y las Pir\u00e1mides de Guiza.","og_url":"https:\/\/egytourpackages.com\/es\/tours\/excursion-privada-al-gran-museo-egipcio-desde-soma-bay-en-avion\/","og_site_name":"Egypt Tour Packages","article_publisher":"https:\/\/www.facebook.com\/egytourpackages","article_modified_time":"2026-01-04T20:06:16+00:00","og_image":[{"width":2000,"height":924,"url":"https:\/\/egytourpackages.com\/wp-content\/uploads\/2025\/05\/Wooden-colored-sarcophagi-from-GEM.jpeg","type":"image\/jpeg"}],"twitter_card":"summary_large_image","twitter_title":"Excursi\u00f3n Privada al Gran Museo Egipcio desde Soma Bay en Avi\u00f3n","twitter_misc":{"Precio":"&euro;290","Disponibilidad":"Disponible"},"schema":{"@context":"https:\/\/schema.org","@graph":[{"@type":"WebPage","@id":"https:\/\/egytourpackages.com\/es\/tours\/excursion-privada-al-gran-museo-egipcio-desde-soma-bay-en-avion\/","url":"https:\/\/egytourpackages.com\/es\/tours\/excursion-privada-al-gran-museo-egipcio-desde-soma-bay-en-avion\/","name":"Excursi\u00f3n Privada al Gran Museo Egipcio desde Soma Bay en Avi\u00f3n","isPartOf":{"@id":"https:\/\/egytourpackages.com\/es\/#website"},"primaryImageOfPage":{"@id":"https:\/\/egytourpackages.com\/es\/tours\/excursion-privada-al-gran-museo-egipcio-desde-soma-bay-en-avion\/#primaryimage"},"image":{"@id":"https:\/\/egytourpackages.com\/es\/tours\/excursion-privada-al-gran-museo-egipcio-desde-soma-bay-en-avion\/#primaryimage"},"thumbnailUrl":"https:\/\/egytourpackages.com\/wp-content\/uploads\/2025\/05\/Wooden-colored-sarcophagi-from-GEM.jpeg","datePublished":"2025-05-22T12:48:18+00:00","dateModified":"2026-01-04T20:06:16+00:00","description":"Reserve la mejor Excursi\u00f3n Privada al Gran Museo Egipcio desde Soma Bay en Avi\u00f3n. Descubra tesoros de Tutankam\u00f3n y las Pir\u00e1mides de Guiza.","breadcrumb":{"@id":"https:\/\/egytourpackages.com\/es\/tours\/excursion-privada-al-gran-museo-egipcio-desde-soma-bay-en-avion\/#breadcrumb"},"inLanguage":"es","potentialAction":[{"@type":"ReadAction","target":["https:\/\/egytourpackages.com\/es\/tours\/excursion-privada-al-gran-museo-egipcio-desde-soma-bay-en-avion\/"]}]},{"@type":"ImageObject","inLanguage":"es","@id":"https:\/\/egytourpackages.com\/es\/tours\/excursion-privada-al-gran-museo-egipcio-desde-soma-bay-en-avion\/#primaryimage","url":"https:\/\/egytourpackages.com\/wp-content\/uploads\/2025\/05\/Wooden-colored-sarcophagi-from-GEM.jpeg","contentUrl":"https:\/\/egytourpackages.com\/wp-content\/uploads\/2025\/05\/Wooden-colored-sarcophagi-from-GEM.jpeg","width":2000,"height":924,"caption":"Excursi\u00f3n Privada al Gran Museo Egipcio desde Soma Bay en Avi\u00f3n"},{"@type":"BreadcrumbList","@id":"https:\/\/egytourpackages.com\/es\/tours\/excursion-privada-al-gran-museo-egipcio-desde-soma-bay-en-avion\/#breadcrumb","itemListElement":[{"@type":"ListItem","position":1,"name":"Home","item":"https:\/\/egytourpackages.com\/es\/paquetes-de-viaje-a-egipto\/"},{"@type":"ListItem","position":2,"name":"Shop","item":"https:\/\/egytourpackages.com\/shop\/"},{"@type":"ListItem","position":3,"name":"Excursi\u00f3n Privada al Gran Museo Egipcio desde Soma Bay en Avi\u00f3n"}]},{"@type":"WebSite","@id":"https:\/\/egytourpackages.com\/es\/#website","url":"https:\/\/egytourpackages.com\/es\/","name":"Egy tour packages","description":"","publisher":{"@id":"https:\/\/egytourpackages.com\/es\/#organization"},"potentialAction":[{"@type":"SearchAction","target":{"@type":"EntryPoint","urlTemplate":"https:\/\/egytourpackages.com\/es\/?s={search_term_string}"},"query-input":{"@type":"PropertyValueSpecification","valueRequired":true,"valueName":"search_term_string"}}],"inLanguage":"es"},{"@type":["Organization","Place","TravelAgency"],"@id":"https:\/\/egytourpackages.com\/es\/#organization","name":"egypt tour packages","alternateName":"egypt tour packages","url":"https:\/\/egytourpackages.com\/es\/","logo":{"@id":"https:\/\/egytourpackages.com\/es\/tours\/excursion-privada-al-gran-museo-egipcio-desde-soma-bay-en-avion\/#local-main-organization-logo"},"image":{"@id":"https:\/\/egytourpackages.com\/es\/tours\/excursion-privada-al-gran-museo-egipcio-desde-soma-bay-en-avion\/#local-main-organization-logo"},"sameAs":["https:\/\/www.facebook.com\/egytourpackages"],"legalName":"Egy tour packages","address":{"@id":"https:\/\/egytourpackages.com\/es\/tours\/excursion-privada-al-gran-museo-egipcio-desde-soma-bay-en-avion\/#local-main-place-address"},"telephone":["00201000852186","00201028685533"],"contactPoint":{"@type":"ContactPoint","telephone":"00201000852186"},"openingHoursSpecification":[{"@type":"OpeningHoursSpecification","dayOfWeek":["Monday","Tuesday","Wednesday","Thursday","Friday","Saturday","Sunday"],"opens":"00:00","closes":"23:59"}],"email":"info@egytourpackages.com","areaServed":"Cairo, Hurghada, Luxor, Sharm El Sheikh, Marsa Alam, Aswan","priceRange":"$","currenciesAccepted":"euro","paymentAccepted":"Payment links online"},{"@type":"PostalAddress","@id":"https:\/\/egytourpackages.com\/es\/tours\/excursion-privada-al-gran-museo-egipcio-desde-soma-bay-en-avion\/#local-main-place-address","streetAddress":"Mubarak 8, Al Kawthar District, Hurghada","addressLocality":"Hurghada","postalCode":"84511","addressRegion":"Red Sea","addressCountry":"EG"},{"@type":"ImageObject","inLanguage":"es","@id":"https:\/\/egytourpackages.com\/es\/tours\/excursion-privada-al-gran-museo-egipcio-desde-soma-bay-en-avion\/#local-main-organization-logo","url":"https:\/\/egytourpackages.com\/wp-content\/uploads\/2025\/12\/Turquoise-Dahabiya-Nile-Cruise-1.jpeg","contentUrl":"https:\/\/egytourpackages.com\/wp-content\/uploads\/2025\/12\/Turquoise-Dahabiya-Nile-Cruise-1.jpeg","width":1040,"height":694,"caption":"egypt tour packages"}]},"product_brand":"Excursiones Egipto","product_price_amount":"290","product_price_currency":"EUR","og_availability":"instock","product_availability":"instock","product_retailer_item_id":"SBE07","product_condition":"new","geo.placename":"Hurghada","geo.region":"Egipto"},"_links":{"self":[{"href":"https:\/\/egytourpackages.com\/es\/wp-json\/wp\/v2\/product\/6741","targetHints":{"allow":["GET"]}}],"collection":[{"href":"https:\/\/egytourpackages.com\/es\/wp-json\/wp\/v2\/product"}],"about":[{"href":"https:\/\/egytourpackages.com\/es\/wp-json\/wp\/v2\/types\/product"}],"replies":[{"embeddable":true,"href":"https:\/\/egytourpackages.com\/es\/wp-json\/wp\/v2\/comments?post=6741"}],"wp:featuredmedia":[{"embeddable":true,"href":"https:\/\/egytourpackages.com\/es\/wp-json\/wp\/v2\/media\/6745"}],"wp:attachment":[{"href":"https:\/\/egytourpackages.com\/es\/wp-json\/wp\/v2\/media?parent=6741"}],"wp:term":[{"taxonomy":"product_brand","embeddable":true,"href":"https:\/\/egytourpackages.com\/es\/wp-json\/wp\/v2\/product_brand?post=6741"},{"taxonomy":"product_cat","embeddable":true,"href":"https:\/\/egytourpackages.com\/es\/wp-json\/wp\/v2\/product_cat?post=6741"},{"taxonomy":"product_tag","embeddable":true,"href":"https:\/\/egytourpackages.com\/es\/wp-json\/wp\/v2\/product_tag?post=6741"}],"curies":[{"name":"wp","href":"https:\/\/api.w.org\/{rel}","templated":true}]}}