{"id":6756,"date":"2025-05-21T21:21:33","date_gmt":"2025-05-21T21:21:33","guid":{"rendered":"https:\/\/egytourpackages.com\/product\/excursion-privada-al-gran-museo-egipcio-y-piramides-de-guiza-desde-makadi-bay\/"},"modified":"2026-01-04T19:56:49","modified_gmt":"2026-01-04T19:56:49","slug":"excursion-privada-al-gran-museo-egipcio-y-piramides-de-guiza-desde-makadi-bay","status":"publish","type":"product","link":"https:\/\/egytourpackages.com\/es\/tours\/excursion-privada-al-gran-museo-egipcio-y-piramides-de-guiza-desde-makadi-bay\/","title":{"rendered":"Excursi\u00f3n Privada al Gran Museo Egipcio y Pir\u00e1mides de Guiza desde Makadi Bay"},"content":{"rendered":"<p><span style=\"color: #ff6600;\"><strong>Excursi\u00f3n Privada al Gran Museo Egipcio y Pir\u00e1mides de Guiza desde Makadi Bay<\/strong><\/span><\/p>\n<p><em><strong>Tour de un d\u00eda a El Cairo desde Makadi Bay | El mejor Gran Museo Egipcio desde Makadi Bay | Excursiones en Makadi Bay | Atracciones tur\u00edsticas de El Cairo, como Pir\u00e1mides de Guiza, la Gran Esfinge, tesoros de Tutankam\u00f3n, Pir\u00e1mides de las Reinas, Obelisco Colgante.<\/strong><\/em><\/p>\n<h2><span style=\"color: #ff6600;\">Descripci\u00f3n General<\/span><\/h2>\n<p>La visita al <strong>Gran Museo Egipcio y las Pir\u00e1mides de Guiza desde Makadi Bay<\/strong> es un sue\u00f1o hecho realidad. Por primera vez desde el descubrimiento de la tumba de <strong>Tutankam\u00f3n<\/strong> en el Valle de los Reyes en 1922, ver\u00e1 todos sus tesoros en un solo lugar. Adem\u00e1s, podr\u00e1 maravillarse con la <strong>Barca Solar<\/strong> encontrada en el lado sur de la gran pir\u00e1mide el 26 de mayo de 1954. Tambi\u00e9n, el <strong>Obelisco Colgante<\/strong> y la gigantesca estatua de <strong>Rams\u00e9s el Grande<\/strong>.<\/p>\n<p>Adem\u00e1s, las <strong>excursiones en Makadi Bay<\/strong> ofrecen la oportunidad de visitar las <strong>Pir\u00e1mides de Guiza<\/strong> como parte de nuestros <strong>tours por Egipto<\/strong>, incluyendo la <strong>Gran Esfinge<\/strong>. Nuestro paquete tur\u00edstico le ofrece este tour con el mejor gu\u00eda arque\u00f3logo, un veh\u00edculo nuevo, comida de calidad y los mejores servicios.<\/p>\n<h3><span style=\"color: #ff6600;\">Detalles del Tour<\/span><\/h3>\n<ul>\n<li>Duraci\u00f3n: 18 horas<\/li>\n<li>Ubicaci\u00f3n del Tour: Guiza<\/li>\n<li>Disponibilidad: Todos los d\u00edas<\/li>\n<li>Recogida y Regreso: Su hotel en Makadi Bay<\/li>\n<li>Tipo de Tour: Privado<\/li>\n<li><strong>Idioma: Espa\u00f1ol<\/strong><\/li>\n<li>Adecuado para: Parejas, Familias, Seniors<\/li>\n<li>Silla de ruedas: Accesible<\/li>\n<\/ul>\n<h3><span style=\"color: #ff6600;\">Puntos Destacados del Tour<\/span><\/h3>\n<ul>\n<li>Pir\u00e1mides de Guiza<\/li>\n<li>La Gran Esfinge<\/li>\n<li>Templo del Valle<\/li>\n<li>Tumbas de los constructores de Pir\u00e1mides<\/li>\n<li>Gran Museo Egipcio<\/li>\n<\/ul>\n<h3><span style=\"color: #ff6600;\">Inclusiones<\/span><\/h3>\n<ul>\n<li>Traslado de ida y vuelta en veh\u00edculo con A\/C<\/li>\n<li>Entradas a todos los lugares del programa de El Cairo<\/li>\n<li><strong>Gu\u00eda egipt\u00f3logo que habla espa\u00f1ol<\/strong><\/li>\n<li>Almuerzo<\/li>\n<li>Agua durante todo el d\u00eda<\/li>\n<\/ul>\n<h3><span style=\"color: #ff6600;\">Exclusiones<\/span><\/h3>\n<ul>\n<li>Bebidas durante el almuerzo<\/li>\n<li>Entrada a la Pir\u00e1mide de Keops (40 $)<\/li>\n<li>Entrada a la Pir\u00e1mide de Jafra (7.5 $)<\/li>\n<li>Propinas<\/li>\n<\/ul>\n<h3><span style=\"color: #ff6600;\">Qu\u00e9 Empacar<\/span><\/h3>\n<ul>\n<li>Zapatos y ropa c\u00f3modos, especialmente en verano<\/li>\n<li>Ropa abrigada en invierno<\/li>\n<li>Gafas de sol, sombrero o bufanda<\/li>\n<li>Crema solar en verano<\/li>\n<\/ul>\n<h2><span style=\"color: #ff6600;\">Itinerario<\/span><\/h2>\n<p>Salida temprano alrededor de las 02:00 am hacia El Cairo con una parada para tomar un caf\u00e9 en el camino. A su llegada, comenzar\u00e1 su tour de un d\u00eda por El Cairo con una de las principales atracciones de Guiza.<\/p>\n<h3><span style=\"color: #ff6600;\">Gran Museo Egipcio<\/span><\/h3>\n<p>El <strong>Gran Museo Egipcio<\/strong> es un sue\u00f1o hecho realidad despu\u00e9s de largos a\u00f1os de espera. Antes de entrar al museo, se acercar\u00e1 al \u00fanico <strong>Obelisco Colgante<\/strong> del mundo. Tambi\u00e9n ver\u00e1 el sello en la base del Obelisco con el nombre de Rams\u00e9s. Una vez dentro, ser\u00e1 recibido por los colosos de <strong>Rams\u00e9s II<\/strong>, la Columna de la Victoria de Merenptah y 10 estatuas de piedra caliza de Senusret I.<\/p>\n<p>La <strong>Gran Escalera<\/strong> ofrece una colecci\u00f3n \u00fanica de artefactos, como estatuas, puertas de templos, dioses, sarc\u00f3fagos y una vista panor\u00e1mica de las Pir\u00e1mides. De hecho, esta escalera narra la misi\u00f3n de los faraones desde la vida hasta la muerte, comenzando con la realeza, luego la misi\u00f3n del rey de construir templos para los dioses, y luego la muerte y el entierro en sarc\u00f3fagos para ser colocados dentro de la Pir\u00e1mide. Desde aqu\u00ed, su alma ir\u00e1 al cielo.<\/p>\n<p>Adem\u00e1s, las 12 galer\u00edas abiertas en tres filas muestran todo sobre la realeza, la sociedad y la religi\u00f3n. En general, necesitar\u00e1 algunas horas para disfrutar de la visita al <strong>GEM<\/strong> y absorber las historias que le contar\u00e1 su gu\u00eda.<\/p>\n<h3><span style=\"color: #ff6600;\">Almuerzo<\/span><\/h3>\n<p>Disfrute de un almuerzo de calidad en un restaurante local con opciones vegetarianas y veganas, si lo desea.<\/p>\n<h3><span style=\"color: #ff6600;\">Complejo de las Pir\u00e1mides de Guiza<\/span><\/h3>\n<p>Despu\u00e9s de almorzar, continuar\u00e1 con su gu\u00eda hacia las <strong>Pir\u00e1mides de Guiza<\/strong>. Deber\u00e1 decidir de antemano si desea entrar en la Pir\u00e1mide de Keops o en la Pir\u00e1mide de Micerino para comprar el billete antes de comenzar el tour.<\/p>\n<h3><span style=\"color: #ff6600;\">Pir\u00e1mide de Keops<\/span><\/h3>\n<p>Su gu\u00eda lo llevar\u00e1 a la <strong>Gran Pir\u00e1mide<\/strong> para ver la \u00fanica maravilla del mundo antiguo que a\u00fan existe, las Pir\u00e1mides de las Reinas que la rodean y las tumbas de los constructores de Pir\u00e1mides. Intentaremos mostrarle las Pir\u00e1mides de una manera diferente y responder a preguntas que se han vuelto comunes, como:<\/p>\n<ul>\n<li>\u00bfQu\u00e9 edad tienen las Pir\u00e1mides?<\/li>\n<li>\u00bfQui\u00e9n construy\u00f3 las Pir\u00e1mides?<\/li>\n<li>\u00bfLas Pir\u00e1mides eran tumbas para los reyes o edificios antiguos reutilizados?<\/li>\n<li>\u00bfCu\u00e1l es la relaci\u00f3n entre las Pir\u00e1mides y el Cintur\u00f3n de Ori\u00f3n?<\/li>\n<li>Las Pir\u00e1mides y la energ\u00eda curativa.<\/li>\n<li>\u00bfPor qu\u00e9 Napole\u00f3n insisti\u00f3 en pasar la noche solo dentro de la c\u00e1mara del rey y qu\u00e9 sucedi\u00f3 despu\u00e9s?<\/li>\n<li>\u00bfPor qu\u00e9 el heredero de Keops no construy\u00f3 una pir\u00e1mide y en su lugar construy\u00f3 una Mastaba?<\/li>\n<li>\u00bfTen\u00eda Jafra una tumba en la meseta de Guiza antes de su Pir\u00e1mide?<\/li>\n<li>\u00bfEs cierto que las pir\u00e1mides peque\u00f1as son para las Reinas o&#8230;?<\/li>\n<\/ul>\n<p>Cuando respondamos a todas estas preguntas, seguramente comprender\u00e1 mucho sobre las Pir\u00e1mides y es posible que cambie de opini\u00f3n sobre lo que est\u00e1 escrito en la mayor\u00eda de los libros.<\/p>\n<h3><span style=\"color: #ff6600;\">La Gran Esfinge<\/span><\/h3>\n<p>Explorar\u00e1 el <strong>templo de la Momificaci\u00f3n<\/strong> y aprender\u00e1 sobre los rituales de la Apertura de la Boca. Luego, ver\u00e1 la <strong>Esfinge<\/strong> desde la distancia, no entre las patas, ya que esto requiere un billete de visita privado. Su gu\u00eda le explicar\u00e1 por qu\u00e9 y le contar\u00e1 sobre las habitaciones dentro del cuerpo y el segundo <strong>Sfinx<\/strong> descubierto hace dos a\u00f1os.<\/p>\n<p>Tambi\u00e9n se detendr\u00e1 en la Pir\u00e1mide de Micerino para ver que el revestimiento es diferente y est\u00e1 hecho de granito, no de piedra caliza.<\/p>\n<p>Finalmente, le explicaremos las diferencias entre las ubicaciones de las Pir\u00e1mides desde Guiza hasta Abu Sir, Saqqara y Dahshour. Por qu\u00e9 est\u00e1n alineadas y cu\u00e1les eran sus prop\u00f3sitos en la antig\u00fcedad.<\/p>\n<p>Al final del d\u00eda, lo llevaremos de regreso a su hotel en Makadi Bay.<\/p>\n<p><strong>Comidas: <\/strong>Desayuno, almuerzo<\/p>\n<h3><span style=\"color: #ff6600;\">Precio Tour Gran Museo Egipcio y Pir\u00e1mides de Guiza desde Makadi Bay<\/span><\/h3>\n<p><strong>Precio total 150 \u20ac por persona<\/strong><\/p>\n<h3><span style=\"color: #ff6600;\">Reservas<\/span><\/h3>\n<p>Puede reservar su tour a trav\u00e9s de WhatsApp o enviarnos un correo electr\u00f3nico y recibir\u00e1 la confirmaci\u00f3n al instante. Por favor, env\u00edenos el nombre de su hotel, el n\u00famero de habitaci\u00f3n y copias de sus pasaportes.<\/p>\n<p><strong>WhatsApp:<\/strong> +201000852186<\/p>\n<p><strong>Correo electr\u00f3nico:<\/strong> info@egytourpackages.com<\/p>\n<h3><span style=\"color: #ff6600;\">Reserve ahora y pague en el lugar<\/span><\/h3>\n<p>Reserve su tour favorito y pague el d\u00eda del viaje.<\/p>\n<h3><span style=\"color: #ff6600;\">Pago<\/span><\/h3>\n<p>Puede pagar en libras egipcias, $, \u20ac o \u00a3.<\/p>\n<h3><span style=\"color: #ff6600;\">Pol\u00edtica de Cancelaci\u00f3n<\/span><\/h3>\n<ul>\n<li>La cancelaci\u00f3n es gratuita hasta 24 horas antes.<\/li>\n<li>La cancelaci\u00f3n por la ma\u00f1ana es el 50% del precio.<\/li>\n<\/ul>\n","protected":false},"excerpt":{"rendered":"<p>Disfrute de la Excursi\u00f3n Privada al Gran Museo Egipcio y Pir\u00e1mides de Guiza desde Makadi Bay. Vea los tesoros de Tutankam\u00f3n. \u00a1Reserve ya!<\/p>\n","protected":false},"featured_media":6757,"comment_status":"open","ping_status":"closed","template":"","meta":[],"product_brand":[],"product_cat":[3128],"product_tag":[3341,3188],"class_list":{"0":"post-6756","1":"product","2":"type-product","3":"status-publish","4":"has-post-thumbnail","6":"product_cat-tours","7":"product_tag-excursiones-a-la-bahia-de-makadi","8":"product_tag-excursiones-egipto","9":"tour_category-excursiones-egipto-es","10":"tour_category-excursiones-en-makadi-bay-es","12":"first","13":"instock","14":"sale","15":"shipping-taxable","16":"purchasable","17":"product-type-tour","18":"has-default-attributes"},"yoast_head":"<!-- This site is optimized with the Yoast SEO Premium plugin v27.4 (Yoast SEO v27.4) - https:\/\/yoast.com\/product\/yoast-seo-premium-wordpress\/ -->\n<title>Excursi\u00f3n Privada al Gran Museo Egipcio y Pir\u00e1mides de Guiza desde Makadi Bay<\/title>\n<meta name=\"description\" content=\"Disfrute de la Excursi\u00f3n Privada al Gran Museo Egipcio y Pir\u00e1mides de Guiza desde Makadi Bay. Vea los tesoros de Tutankam\u00f3n. \u00a1Reserve ya!\" \/>\n<meta name=\"robots\" content=\"index, follow, max-snippet:-1, max-image-preview:large, max-video-preview:-1\" \/>\n<link rel=\"canonical\" href=\"https:\/\/egytourpackages.com\/es\/tours\/excursion-privada-al-gran-museo-egipcio-y-piramides-de-guiza-desde-makadi-bay\/\" \/>\n<meta property=\"og:locale\" content=\"es_ES\" \/>\n<meta property=\"og:type\" content=\"article\" \/>\n<meta property=\"og:title\" content=\"Excursi\u00f3n Privada al Gran Museo Egipcio y Pir\u00e1mides de Guiza desde Makadi Bay\" \/>\n<meta property=\"og:description\" content=\"Disfrute de la Excursi\u00f3n Privada al Gran Museo Egipcio y Pir\u00e1mides de Guiza desde Makadi Bay. Vea los tesoros de Tutankam\u00f3n. \u00a1Reserve ya!\" \/>\n<meta property=\"og:url\" content=\"https:\/\/egytourpackages.com\/es\/tours\/excursion-privada-al-gran-museo-egipcio-y-piramides-de-guiza-desde-makadi-bay\/\" \/>\n<meta property=\"og:site_name\" content=\"Egypt Tour Packages\" \/>\n<meta property=\"article:publisher\" content=\"https:\/\/www.facebook.com\/egytourpackages\" \/>\n<meta property=\"article:modified_time\" content=\"2026-01-04T19:56:49+00:00\" \/>\n<meta property=\"og:image\" content=\"https:\/\/egytourpackages.com\/wp-content\/uploads\/2025\/05\/Burial-chamber-of-Cheops.jpeg\" \/>\n\t<meta property=\"og:image:width\" content=\"1800\" \/>\n\t<meta property=\"og:image:height\" content=\"1350\" \/>\n\t<meta property=\"og:image:type\" content=\"image\/jpeg\" \/>\n<meta name=\"twitter:card\" content=\"summary_large_image\" \/>\n<meta name=\"twitter:title\" content=\"Excursi\u00f3n Privada al Gran Museo Egipcio y Pir\u00e1mides de Guiza desde Makadi Bay\" \/>\n<meta name=\"twitter:label1\" content=\"Precio\" \/>\n\t<meta name=\"twitter:data1\" content=\"&euro;0\" \/>\n\t<meta name=\"twitter:label2\" content=\"Disponibilidad\" \/>\n\t<meta name=\"twitter:data2\" content=\"Disponible\" \/>\n<script type=\"application\/ld+json\" class=\"yoast-schema-graph\">{\"@context\":\"https:\\\/\\\/schema.org\",\"@graph\":[{\"@type\":\"WebPage\",\"@id\":\"https:\\\/\\\/egytourpackages.com\\\/es\\\/tours\\\/excursion-privada-al-gran-museo-egipcio-y-piramides-de-guiza-desde-makadi-bay\\\/\",\"url\":\"https:\\\/\\\/egytourpackages.com\\\/es\\\/tours\\\/excursion-privada-al-gran-museo-egipcio-y-piramides-de-guiza-desde-makadi-bay\\\/\",\"name\":\"Excursi\u00f3n Privada al Gran Museo Egipcio y Pir\u00e1mides de Guiza desde Makadi Bay\",\"isPartOf\":{\"@id\":\"https:\\\/\\\/egytourpackages.com\\\/es\\\/#website\"},\"primaryImageOfPage\":{\"@id\":\"https:\\\/\\\/egytourpackages.com\\\/es\\\/tours\\\/excursion-privada-al-gran-museo-egipcio-y-piramides-de-guiza-desde-makadi-bay\\\/#primaryimage\"},\"image\":{\"@id\":\"https:\\\/\\\/egytourpackages.com\\\/es\\\/tours\\\/excursion-privada-al-gran-museo-egipcio-y-piramides-de-guiza-desde-makadi-bay\\\/#primaryimage\"},\"thumbnailUrl\":\"https:\\\/\\\/egytourpackages.com\\\/wp-content\\\/uploads\\\/2025\\\/05\\\/Burial-chamber-of-Cheops.jpeg\",\"datePublished\":\"2025-05-21T21:21:33+00:00\",\"dateModified\":\"2026-01-04T19:56:49+00:00\",\"description\":\"Disfrute de la Excursi\u00f3n Privada al Gran Museo Egipcio y Pir\u00e1mides de Guiza desde Makadi Bay. Vea los tesoros de Tutankam\u00f3n. \u00a1Reserve ya!\",\"breadcrumb\":{\"@id\":\"https:\\\/\\\/egytourpackages.com\\\/es\\\/tours\\\/excursion-privada-al-gran-museo-egipcio-y-piramides-de-guiza-desde-makadi-bay\\\/#breadcrumb\"},\"inLanguage\":\"es\",\"potentialAction\":[{\"@type\":\"ReadAction\",\"target\":[\"https:\\\/\\\/egytourpackages.com\\\/es\\\/tours\\\/excursion-privada-al-gran-museo-egipcio-y-piramides-de-guiza-desde-makadi-bay\\\/\"]}]},{\"@type\":\"ImageObject\",\"inLanguage\":\"es\",\"@id\":\"https:\\\/\\\/egytourpackages.com\\\/es\\\/tours\\\/excursion-privada-al-gran-museo-egipcio-y-piramides-de-guiza-desde-makadi-bay\\\/#primaryimage\",\"url\":\"https:\\\/\\\/egytourpackages.com\\\/wp-content\\\/uploads\\\/2025\\\/05\\\/Burial-chamber-of-Cheops.jpeg\",\"contentUrl\":\"https:\\\/\\\/egytourpackages.com\\\/wp-content\\\/uploads\\\/2025\\\/05\\\/Burial-chamber-of-Cheops.jpeg\",\"width\":1800,\"height\":1350,\"caption\":\"Excursi\u00f3n Privada al Gran Museo Egipcio y Pir\u00e1mides de Guiza desde Makadi Bay\"},{\"@type\":\"BreadcrumbList\",\"@id\":\"https:\\\/\\\/egytourpackages.com\\\/es\\\/tours\\\/excursion-privada-al-gran-museo-egipcio-y-piramides-de-guiza-desde-makadi-bay\\\/#breadcrumb\",\"itemListElement\":[{\"@type\":\"ListItem\",\"position\":1,\"name\":\"Home\",\"item\":\"https:\\\/\\\/egytourpackages.com\\\/es\\\/paquetes-de-viaje-a-egipto\\\/\"},{\"@type\":\"ListItem\",\"position\":2,\"name\":\"Shop\",\"item\":\"https:\\\/\\\/egytourpackages.com\\\/shop\\\/\"},{\"@type\":\"ListItem\",\"position\":3,\"name\":\"Excursi\u00f3n Privada al Gran Museo Egipcio y Pir\u00e1mides de Guiza desde Makadi Bay\"}]},{\"@type\":\"WebSite\",\"@id\":\"https:\\\/\\\/egytourpackages.com\\\/es\\\/#website\",\"url\":\"https:\\\/\\\/egytourpackages.com\\\/es\\\/\",\"name\":\"Egy tour packages\",\"description\":\"\",\"publisher\":{\"@id\":\"https:\\\/\\\/egytourpackages.com\\\/es\\\/#organization\"},\"potentialAction\":[{\"@type\":\"SearchAction\",\"target\":{\"@type\":\"EntryPoint\",\"urlTemplate\":\"https:\\\/\\\/egytourpackages.com\\\/es\\\/?s={search_term_string}\"},\"query-input\":{\"@type\":\"PropertyValueSpecification\",\"valueRequired\":true,\"valueName\":\"search_term_string\"}}],\"inLanguage\":\"es\"},{\"@type\":[\"Organization\",\"Place\",\"TravelAgency\"],\"@id\":\"https:\\\/\\\/egytourpackages.com\\\/es\\\/#organization\",\"name\":\"egypt tour packages\",\"alternateName\":\"egypt tour packages\",\"url\":\"https:\\\/\\\/egytourpackages.com\\\/es\\\/\",\"logo\":{\"@id\":\"https:\\\/\\\/egytourpackages.com\\\/es\\\/tours\\\/excursion-privada-al-gran-museo-egipcio-y-piramides-de-guiza-desde-makadi-bay\\\/#local-main-organization-logo\"},\"image\":{\"@id\":\"https:\\\/\\\/egytourpackages.com\\\/es\\\/tours\\\/excursion-privada-al-gran-museo-egipcio-y-piramides-de-guiza-desde-makadi-bay\\\/#local-main-organization-logo\"},\"sameAs\":[\"https:\\\/\\\/www.facebook.com\\\/egytourpackages\"],\"legalName\":\"Egy tour packages\",\"address\":{\"@id\":\"https:\\\/\\\/egytourpackages.com\\\/es\\\/tours\\\/excursion-privada-al-gran-museo-egipcio-y-piramides-de-guiza-desde-makadi-bay\\\/#local-main-place-address\"},\"telephone\":[\"00201000852186\",\"00201028685533\"],\"contactPoint\":{\"@type\":\"ContactPoint\",\"telephone\":\"00201000852186\"},\"openingHoursSpecification\":[{\"@type\":\"OpeningHoursSpecification\",\"dayOfWeek\":[\"Monday\",\"Tuesday\",\"Wednesday\",\"Thursday\",\"Friday\",\"Saturday\",\"Sunday\"],\"opens\":\"00:00\",\"closes\":\"23:59\"}],\"email\":\"info@egytourpackages.com\",\"areaServed\":\"Cairo, Hurghada, Luxor, Sharm El Sheikh, Marsa Alam, Aswan\",\"priceRange\":\"$\",\"currenciesAccepted\":\"euro\",\"paymentAccepted\":\"Payment links online\"},{\"@type\":\"PostalAddress\",\"@id\":\"https:\\\/\\\/egytourpackages.com\\\/es\\\/tours\\\/excursion-privada-al-gran-museo-egipcio-y-piramides-de-guiza-desde-makadi-bay\\\/#local-main-place-address\",\"streetAddress\":\"Mubarak 8, Al Kawthar District, Hurghada\",\"addressLocality\":\"Hurghada\",\"postalCode\":\"84511\",\"addressRegion\":\"Red Sea\",\"addressCountry\":\"EG\"},{\"@type\":\"ImageObject\",\"inLanguage\":\"es\",\"@id\":\"https:\\\/\\\/egytourpackages.com\\\/es\\\/tours\\\/excursion-privada-al-gran-museo-egipcio-y-piramides-de-guiza-desde-makadi-bay\\\/#local-main-organization-logo\",\"url\":\"https:\\\/\\\/egytourpackages.com\\\/wp-content\\\/uploads\\\/2025\\\/12\\\/Turquoise-Dahabiya-Nile-Cruise-1.jpeg\",\"contentUrl\":\"https:\\\/\\\/egytourpackages.com\\\/wp-content\\\/uploads\\\/2025\\\/12\\\/Turquoise-Dahabiya-Nile-Cruise-1.jpeg\",\"width\":1040,\"height\":694,\"caption\":\"egypt tour packages\"}]}<\/script>\n<meta property=\"product:brand\" content=\"Excursiones Egipto\" \/>\n<meta property=\"product:price:amount\" content=\"0\" \/>\n<meta property=\"product:price:currency\" content=\"EUR\" \/>\n<meta property=\"og:availability\" content=\"instock\" \/>\n<meta property=\"product:availability\" content=\"instock\" \/>\n<meta property=\"product:retailer_item_id\" content=\"MBE03\" \/>\n<meta property=\"product:condition\" content=\"new\" \/>\n<meta name=\"geo.placename\" content=\"Hurghada\" \/>\n<meta name=\"geo.region\" content=\"Egipto\" \/>\n<!-- \/ Yoast SEO Premium plugin. -->","yoast_head_json":{"title":"Excursi\u00f3n Privada al Gran Museo Egipcio y Pir\u00e1mides de Guiza desde Makadi Bay","description":"Disfrute de la Excursi\u00f3n Privada al Gran Museo Egipcio y Pir\u00e1mides de Guiza desde Makadi Bay. Vea los tesoros de Tutankam\u00f3n. \u00a1Reserve ya!","robots":{"index":"index","follow":"follow","max-snippet":"max-snippet:-1","max-image-preview":"max-image-preview:large","max-video-preview":"max-video-preview:-1"},"canonical":"https:\/\/egytourpackages.com\/es\/tours\/excursion-privada-al-gran-museo-egipcio-y-piramides-de-guiza-desde-makadi-bay\/","og_locale":"es_ES","og_type":"article","og_title":"Excursi\u00f3n Privada al Gran Museo Egipcio y Pir\u00e1mides de Guiza desde Makadi Bay","og_description":"Disfrute de la Excursi\u00f3n Privada al Gran Museo Egipcio y Pir\u00e1mides de Guiza desde Makadi Bay. Vea los tesoros de Tutankam\u00f3n. \u00a1Reserve ya!","og_url":"https:\/\/egytourpackages.com\/es\/tours\/excursion-privada-al-gran-museo-egipcio-y-piramides-de-guiza-desde-makadi-bay\/","og_site_name":"Egypt Tour Packages","article_publisher":"https:\/\/www.facebook.com\/egytourpackages","article_modified_time":"2026-01-04T19:56:49+00:00","og_image":[{"width":1800,"height":1350,"url":"https:\/\/egytourpackages.com\/wp-content\/uploads\/2025\/05\/Burial-chamber-of-Cheops.jpeg","type":"image\/jpeg"}],"twitter_card":"summary_large_image","twitter_title":"Excursi\u00f3n Privada al Gran Museo Egipcio y Pir\u00e1mides de Guiza desde Makadi Bay","twitter_misc":{"Precio":"&euro;0","Disponibilidad":"Disponible"},"schema":{"@context":"https:\/\/schema.org","@graph":[{"@type":"WebPage","@id":"https:\/\/egytourpackages.com\/es\/tours\/excursion-privada-al-gran-museo-egipcio-y-piramides-de-guiza-desde-makadi-bay\/","url":"https:\/\/egytourpackages.com\/es\/tours\/excursion-privada-al-gran-museo-egipcio-y-piramides-de-guiza-desde-makadi-bay\/","name":"Excursi\u00f3n Privada al Gran Museo Egipcio y Pir\u00e1mides de Guiza desde Makadi Bay","isPartOf":{"@id":"https:\/\/egytourpackages.com\/es\/#website"},"primaryImageOfPage":{"@id":"https:\/\/egytourpackages.com\/es\/tours\/excursion-privada-al-gran-museo-egipcio-y-piramides-de-guiza-desde-makadi-bay\/#primaryimage"},"image":{"@id":"https:\/\/egytourpackages.com\/es\/tours\/excursion-privada-al-gran-museo-egipcio-y-piramides-de-guiza-desde-makadi-bay\/#primaryimage"},"thumbnailUrl":"https:\/\/egytourpackages.com\/wp-content\/uploads\/2025\/05\/Burial-chamber-of-Cheops.jpeg","datePublished":"2025-05-21T21:21:33+00:00","dateModified":"2026-01-04T19:56:49+00:00","description":"Disfrute de la Excursi\u00f3n Privada al Gran Museo Egipcio y Pir\u00e1mides de Guiza desde Makadi Bay. Vea los tesoros de Tutankam\u00f3n. \u00a1Reserve ya!","breadcrumb":{"@id":"https:\/\/egytourpackages.com\/es\/tours\/excursion-privada-al-gran-museo-egipcio-y-piramides-de-guiza-desde-makadi-bay\/#breadcrumb"},"inLanguage":"es","potentialAction":[{"@type":"ReadAction","target":["https:\/\/egytourpackages.com\/es\/tours\/excursion-privada-al-gran-museo-egipcio-y-piramides-de-guiza-desde-makadi-bay\/"]}]},{"@type":"ImageObject","inLanguage":"es","@id":"https:\/\/egytourpackages.com\/es\/tours\/excursion-privada-al-gran-museo-egipcio-y-piramides-de-guiza-desde-makadi-bay\/#primaryimage","url":"https:\/\/egytourpackages.com\/wp-content\/uploads\/2025\/05\/Burial-chamber-of-Cheops.jpeg","contentUrl":"https:\/\/egytourpackages.com\/wp-content\/uploads\/2025\/05\/Burial-chamber-of-Cheops.jpeg","width":1800,"height":1350,"caption":"Excursi\u00f3n Privada al Gran Museo Egipcio y Pir\u00e1mides de Guiza desde Makadi Bay"},{"@type":"BreadcrumbList","@id":"https:\/\/egytourpackages.com\/es\/tours\/excursion-privada-al-gran-museo-egipcio-y-piramides-de-guiza-desde-makadi-bay\/#breadcrumb","itemListElement":[{"@type":"ListItem","position":1,"name":"Home","item":"https:\/\/egytourpackages.com\/es\/paquetes-de-viaje-a-egipto\/"},{"@type":"ListItem","position":2,"name":"Shop","item":"https:\/\/egytourpackages.com\/shop\/"},{"@type":"ListItem","position":3,"name":"Excursi\u00f3n Privada al Gran Museo Egipcio y Pir\u00e1mides de Guiza desde Makadi Bay"}]},{"@type":"WebSite","@id":"https:\/\/egytourpackages.com\/es\/#website","url":"https:\/\/egytourpackages.com\/es\/","name":"Egy tour packages","description":"","publisher":{"@id":"https:\/\/egytourpackages.com\/es\/#organization"},"potentialAction":[{"@type":"SearchAction","target":{"@type":"EntryPoint","urlTemplate":"https:\/\/egytourpackages.com\/es\/?s={search_term_string}"},"query-input":{"@type":"PropertyValueSpecification","valueRequired":true,"valueName":"search_term_string"}}],"inLanguage":"es"},{"@type":["Organization","Place","TravelAgency"],"@id":"https:\/\/egytourpackages.com\/es\/#organization","name":"egypt tour packages","alternateName":"egypt tour packages","url":"https:\/\/egytourpackages.com\/es\/","logo":{"@id":"https:\/\/egytourpackages.com\/es\/tours\/excursion-privada-al-gran-museo-egipcio-y-piramides-de-guiza-desde-makadi-bay\/#local-main-organization-logo"},"image":{"@id":"https:\/\/egytourpackages.com\/es\/tours\/excursion-privada-al-gran-museo-egipcio-y-piramides-de-guiza-desde-makadi-bay\/#local-main-organization-logo"},"sameAs":["https:\/\/www.facebook.com\/egytourpackages"],"legalName":"Egy tour packages","address":{"@id":"https:\/\/egytourpackages.com\/es\/tours\/excursion-privada-al-gran-museo-egipcio-y-piramides-de-guiza-desde-makadi-bay\/#local-main-place-address"},"telephone":["00201000852186","00201028685533"],"contactPoint":{"@type":"ContactPoint","telephone":"00201000852186"},"openingHoursSpecification":[{"@type":"OpeningHoursSpecification","dayOfWeek":["Monday","Tuesday","Wednesday","Thursday","Friday","Saturday","Sunday"],"opens":"00:00","closes":"23:59"}],"email":"info@egytourpackages.com","areaServed":"Cairo, Hurghada, Luxor, Sharm El Sheikh, Marsa Alam, Aswan","priceRange":"$","currenciesAccepted":"euro","paymentAccepted":"Payment links online"},{"@type":"PostalAddress","@id":"https:\/\/egytourpackages.com\/es\/tours\/excursion-privada-al-gran-museo-egipcio-y-piramides-de-guiza-desde-makadi-bay\/#local-main-place-address","streetAddress":"Mubarak 8, Al Kawthar District, Hurghada","addressLocality":"Hurghada","postalCode":"84511","addressRegion":"Red Sea","addressCountry":"EG"},{"@type":"ImageObject","inLanguage":"es","@id":"https:\/\/egytourpackages.com\/es\/tours\/excursion-privada-al-gran-museo-egipcio-y-piramides-de-guiza-desde-makadi-bay\/#local-main-organization-logo","url":"https:\/\/egytourpackages.com\/wp-content\/uploads\/2025\/12\/Turquoise-Dahabiya-Nile-Cruise-1.jpeg","contentUrl":"https:\/\/egytourpackages.com\/wp-content\/uploads\/2025\/12\/Turquoise-Dahabiya-Nile-Cruise-1.jpeg","width":1040,"height":694,"caption":"egypt tour packages"}]},"product_brand":"Excursiones Egipto","product_price_currency":"EUR","og_availability":"instock","product_availability":"instock","product_retailer_item_id":"MBE03","product_condition":"new","geo.placename":"Hurghada","geo.region":"Egipto"},"_links":{"self":[{"href":"https:\/\/egytourpackages.com\/es\/wp-json\/wp\/v2\/product\/6756","targetHints":{"allow":["GET"]}}],"collection":[{"href":"https:\/\/egytourpackages.com\/es\/wp-json\/wp\/v2\/product"}],"about":[{"href":"https:\/\/egytourpackages.com\/es\/wp-json\/wp\/v2\/types\/product"}],"replies":[{"embeddable":true,"href":"https:\/\/egytourpackages.com\/es\/wp-json\/wp\/v2\/comments?post=6756"}],"wp:featuredmedia":[{"embeddable":true,"href":"https:\/\/egytourpackages.com\/es\/wp-json\/wp\/v2\/media\/6757"}],"wp:attachment":[{"href":"https:\/\/egytourpackages.com\/es\/wp-json\/wp\/v2\/media?parent=6756"}],"wp:term":[{"taxonomy":"product_brand","embeddable":true,"href":"https:\/\/egytourpackages.com\/es\/wp-json\/wp\/v2\/product_brand?post=6756"},{"taxonomy":"product_cat","embeddable":true,"href":"https:\/\/egytourpackages.com\/es\/wp-json\/wp\/v2\/product_cat?post=6756"},{"taxonomy":"product_tag","embeddable":true,"href":"https:\/\/egytourpackages.com\/es\/wp-json\/wp\/v2\/product_tag?post=6756"}],"curies":[{"name":"wp","href":"https:\/\/api.w.org\/{rel}","templated":true}]}}