{"id":7006,"date":"2025-05-19T20:11:03","date_gmt":"2025-05-19T20:11:03","guid":{"rendered":"https:\/\/egytourpackages.com\/product\/viaje-de-2-dias-a-luxor-y-el-cairo-desde-marsa-alam\/"},"modified":"2026-01-04T19:46:27","modified_gmt":"2026-01-04T19:46:27","slug":"2-dias-a-el-cairo-y-luxor-desde-marsa-alam","status":"publish","type":"product","link":"https:\/\/egytourpackages.com\/es\/tours\/2-dias-a-el-cairo-y-luxor-desde-marsa-alam\/","title":{"rendered":"2 D\u00edas a El Cairo y Luxor desde Marsa Alam"},"content":{"rendered":"<p><span style=\"color: #ff6600;\"><strong>2 D\u00edas a El Cairo y Luxor desde Marsa Alam: Descubre lo mejor de Egipto<\/strong><\/span><\/p>\n<p>Descubra las antiguas maravillas de Egipto con nuestro exclusivo <strong>viaje de 2 d\u00edas a El Cairo y Luxor desde Marsa Alam<\/strong>. De hecho, este bien dise\u00f1ado <strong>paquete tur\u00edstico de Egipto<\/strong> le ofrece una oportunidad incomparable de explorar los sitios hist\u00f3ricos m\u00e1s emblem\u00e1ticos del pa\u00eds. El viaje incluye un <strong>gu\u00eda egipt\u00f3logo experto<\/strong>, <strong>veh\u00edculos nuevos<\/strong> y confortables, y deliciosas <strong>comidas de calidad<\/strong> en restaurantes locales. Prep\u00e1rese para un viaje inolvidable al coraz\u00f3n del <strong>Antiguo Egipto<\/strong>, con la emocionante opci\u00f3n de un <strong>paseo en globo aerost\u00e1tico<\/strong> sobre Luxor.<\/p>\n<p><strong>Luxor<\/strong> fue la extensa capital antigua a menudo aclamada como \u00abel museo al aire libre m\u00e1s grande del mundo\u00bb. Nuestro <strong>paquete tur\u00edstico de Luxor<\/strong> le brinda la oportunidad \u00fanica de <strong>explorar el Valle de los Reyes<\/strong>, la <strong>tumba de Tutankam\u00f3n<\/strong> y el <strong>Templo Mortuorio de Hatshepsut<\/strong>. Adem\u00e1s, visitar\u00e1 el <strong>Complejo del Templo de Karnak<\/strong> y los <strong>Colosos de Memn\u00f3n<\/strong>.<\/p>\n<h3><span style=\"color: #ff6600;\">El Cairo, la puerta de los faraones<\/span><\/h3>\n<p>Su <strong>excursi\u00f3n de un d\u00eda a El Cairo<\/strong> le transportar\u00e1 milenios atr\u00e1s. Marav\u00edllese con las impresionantes <strong>Pir\u00e1mides de Giza<\/strong>, incluyendo la <strong>Gran Pir\u00e1mide de Keops<\/strong>, las <strong>Pir\u00e1mides de las Reinas<\/strong>, las <strong>fosas de barcos<\/strong> y las <strong>tumbas de los constructores de pir\u00e1mides<\/strong>. Adem\u00e1s, se asombrar\u00e1 con el enigm\u00e1tico <strong>Gran Esfinge de Giza<\/strong>, que custodia estas monumentales estructuras.<\/p>\n<p>Despu\u00e9s de esto, ad\u00e9ntrese en miles de a\u00f1os de historia en el magn\u00edfico <strong>Gran Museo Egipcio (GEM)<\/strong>, hogar de una colecci\u00f3n inigualable de artefactos, el <strong>Obelisco Colgante<\/strong>, los <strong>Colosos de Rams\u00e9s el Grande<\/strong>, la <strong>estatua de Hatshepsut<\/strong>, artefactos del per\u00edodo predin\u00e1stico y objetos de la sociedad. Mientras tanto, podr\u00e1 ver los legendarios <strong>tesoros de Tutankam\u00f3n<\/strong> y el <strong>Barco Solar<\/strong>, con un cargo extra si lo desea.<\/p>\n<p>Obtenga un valor excepcional por su <strong>paquete de vacaciones en Egipto<\/strong> y reserve hoy mismo su <strong>viaje de 2 d\u00edas a El Cairo y Luxor desde Marsa Alam<\/strong> para comenzar el <strong>mejor tour hist\u00f3rico por Egipto<\/strong>!<\/p>\n<h3><span style=\"color: #ff6600;\">Detalles del tour<\/span><\/h3>\n<ul>\n<li>Duraci\u00f3n: 2 D\u00edas \/ 1 Noche<\/li>\n<li>Ubicaci\u00f3n del tour: El Cairo y Luxor<\/li>\n<li>Disponibilidad: Todos los d\u00edas<\/li>\n<li>Recogida y regreso: Hoteles de Marsa Alam<\/li>\n<li>Tipo de tour: Privado<\/li>\n<li><strong>Idioma: Espa\u00f1ol<\/strong><\/li>\n<li>Silla de ruedas: Accesible<\/li>\n<\/ul>\n<h3><span style=\"color: #ff6600;\">Incluido<\/span><\/h3>\n<ul>\n<li><strong>Gu\u00eda egipt\u00f3logo que habla espa\u00f1ol con fluidez<\/strong><\/li>\n<li>Todos los traslados en veh\u00edculo nuevo<\/li>\n<li>Tarifa de entrada para todos los lugares de inter\u00e9s del programa<\/li>\n<li>Comidas como se menciona en el programa<\/li>\n<li>Billetes de avi\u00f3n de Hurghada a El Cairo<\/li>\n<li>Billetes de avi\u00f3n de El Cairo a Luxor<\/li>\n<li>1 noche de alojamiento en hotel de El Cairo con vistas a las pir\u00e1mides<\/li>\n<\/ul>\n<h3><span style=\"color: #ff6600;\">No incluido<\/span><\/h3>\n<ul>\n<li>Propinas<\/li>\n<li>Bebidas durante las comidas<\/li>\n<li>Gastos personales<\/li>\n<\/ul>\n<h3><span style=\"color: #ff6600;\">Qu\u00e9 llevar<\/span><\/h3>\n<ul>\n<li>Sombrero, gafas de sol y protector solar<\/li>\n<li>Zapatos y ropa c\u00f3modos<\/li>\n<li>Ropa abrigada durante el invierno<\/li>\n<\/ul>\n<h3><span style=\"color: #ff6600;\">D\u00eda 1, Marsa Alam, Hurghada, El Cairo<\/span><\/h3>\n<p>Nuestro representante lo recoger\u00e1 de su hotel en <strong>Marsa Alam<\/strong> para llevarlo al aeropuerto de Hurghada y volar a <strong>El Cairo<\/strong>. A su llegada, su gu\u00eda lo estar\u00e1 esperando a la salida del aeropuerto de El Cairo para comenzar las atracciones de El Cairo.<\/p>\n<h3><span style=\"color: #ff6600;\">Pir\u00e1mides de Giza<\/span><\/h3>\n<p>Comience sus atracciones en El Cairo con las ic\u00f3nicas <strong>Pir\u00e1mides de Giza<\/strong>. Escuche a su gu\u00eda mientras compara la informaci\u00f3n antigua con la \u00faltima actualizaci\u00f3n sobre las Pir\u00e1mides. Aprenda por qu\u00e9 algunas Pir\u00e1mides est\u00e1n alineadas con la <strong>constelaci\u00f3n de Ori\u00f3n<\/strong>, las <strong>Siete Hermanas<\/strong> o las <strong>Pl\u00e9yades<\/strong>, <strong>Andr\u00f3meda<\/strong> y <strong>Marte<\/strong>. De hecho, aprender\u00e1 mucho sobre la energ\u00eda, la curaci\u00f3n y la funci\u00f3n de tales edificios. M\u00e1s tarde, visitar\u00e1 las tres <strong>Pir\u00e1mides principales de Keops, Kefr\u00e9n y Micerino<\/strong>. Pase al <strong>Esfinge<\/strong> y aprenda sobre la <strong>Estela del Sue\u00f1o<\/strong> y la gigantesca estatua del Esfinge.<\/p>\n<h3><span style=\"color: #ff6600;\">Almuerzo<\/span><\/h3>\n<p>Disfrute de un almuerzo de calidad en un restaurante local cerca del \u00e1rea de las Pir\u00e1mides.<\/p>\n<h3><span style=\"color: #ff6600;\">Gran Museo Egipcio<\/span><\/h3>\n<p>Termine sus <strong>tours de un d\u00eda por El Cairo<\/strong> con la visita a la casa m\u00e1s grande de artefactos del Antiguo Egipto en todo el mundo. Admire el <strong>Obelisco Colgante<\/strong>, la <strong>Gran Escalera<\/strong> y aprenda sobre su significado y por qu\u00e9 est\u00e1 dispuesta en cuatro niveles. Pase a las otras salas y aprenda sobre la realeza, la sociedad y la religi\u00f3n en el Antiguo Egipto.<\/p>\n<p>Al final de su tour y dependiendo de su hora de vuelo a Luxor, lo trasladaremos al aeropuerto de El Cairo para volar a Luxor. A su llegada, se registrar\u00e1 en su hotel de Luxor y pasar\u00e1 la noche.<\/p>\n<p><strong>Comidas:<\/strong> Desayuno, almuerzo, cena<\/p>\n<h3><span style=\"color: #ff6600;\">D\u00eda 2, El Cairo, Luxor, Marsa Alam<\/span><\/h3>\n<h2><span style=\"color: #ff6600;\">Tour opcional<\/span><\/h2>\n<p><strong>Paseo en globo aerost\u00e1tico sobre la orilla oeste de Luxor<\/strong> \u2013 $80 por persona.<\/p>\n<p>Disfrute de su desayuno en el hotel despu\u00e9s del paseo en globo, si lo va a hacer, o un desayuno normal antes de unirse a su gu\u00eda para disfrutar de los <strong>tours de un d\u00eda por Luxor<\/strong>.<\/p>\n<h3><span style=\"color: #ff6600;\">Valle de los Reyes<\/span><\/h3>\n<p>Explore con su gu\u00eda la historia del Antiguo Egipto durante las <strong>dinast\u00edas XVIII, XIX y XX<\/strong> y las razones por las que los <strong>Faraones<\/strong> eligieron ese lugar para su descanso final. De hecho, tendr\u00e1 la oportunidad de visitar tres tumbas incluidas en su entrada, como la <strong>tumba de Rams\u00e9s I<\/strong>, la <strong>tumba de Rams\u00e9s III<\/strong>, la <strong>tumba de Rams\u00e9s IX<\/strong> y la <strong>tumba KV 8 de Merenptah<\/strong>. Adem\u00e1s, puede a\u00f1adir la <strong>tumba del rey Tutankam\u00f3n<\/strong>, la <strong>tumba de Seti I<\/strong> y la <strong>tumba de Rams\u00e9s IV<\/strong> con un cargo extra. Al final de su visita, continuar\u00e1 a su pr\u00f3xima parada.<\/p>\n<h3><span style=\"color: #ff6600;\">Templo de Hatshepsut<\/span><\/h3>\n<p>El <strong>templo de Hatshepsut en Al Deir El Bahari<\/strong> es un templo muy \u00fanico en la orilla oeste de Luxor. Explore la misi\u00f3n del templo de Hatshepsut y el recorrido espiritual dentro del templo. Tambi\u00e9n, las hermosas <strong>escenas de agricultura<\/strong>, las <strong>escenas de cosecha<\/strong> y el <strong>comercio con el pa\u00eds de Punt<\/strong>. Adem\u00e1s, las asombrosas capillas de Anubis, Hathor y las hermosas tallas de los dioses egipcios como <strong>Am\u00f3n<\/strong>, <strong>Anubis<\/strong>, <strong>Seshat<\/strong> e <strong>Isis<\/strong>.<\/p>\n<h3><span style=\"color: #ff6600;\">Colosos de Memn\u00f3n<\/span><\/h3>\n<p>Las <strong>estatuas cantoras<\/strong> o los <strong>Colosos vocales de Memn\u00f3n de Amenhotep III<\/strong>, uno de los reyes de la <strong>Decimoctava Dinast\u00eda<\/strong> que gobern\u00f3 Egipto durante 38 a\u00f1os. Estas dos gigantescas estatuas decoraban la entrada del <strong>Templo Mortuorio<\/strong> del Rey. Su gu\u00eda le explicar\u00e1 sobre las estatuas y los rituales de la <strong>Apertura de la Boca<\/strong> en el templo.<\/p>\n<h3><span style=\"color: #ff6600;\">Almuerzo<\/span><\/h3>\n<p>Disfrute de un almuerzo reci\u00e9n preparado en un restaurante local.<\/p>\n<h3><span style=\"color: #ff6600;\">Complejo del Templo de Karnak<\/span><\/h3>\n<p>Termine su d\u00eda en Luxor con una visita al complejo de templos m\u00e1s grande del mundo. De hecho, el <strong>templo de Am\u00f3n en Karnak<\/strong> es un libro abierto sobre la <strong>religi\u00f3n del Antiguo Egipto<\/strong>, la <strong>escultura en el Antiguo Egipto<\/strong> y la arquitectura. En realidad, hay muchos edificios que puede ver aqu\u00ed, como el <strong>templo de Ptah<\/strong>, la <strong>capilla de Sekhmet<\/strong>, los <strong>obeliscos de Hatshepsut<\/strong> y la <strong>Gran Sala Hip\u00f3stila<\/strong>. Adem\u00e1s, el <strong>Lago Sagrado<\/strong>, el <strong>Jard\u00edn Bot\u00e1nico<\/strong>, el <strong>Museo al aire libre<\/strong>, la <strong>Capilla Roja<\/strong> y mucho m\u00e1s.<\/p>\n<p>Al final de su aventura de <strong>2 d\u00edas a El Cairo y Luxor desde Marsa Alam<\/strong>, lo llevaremos de regreso a su hotel en Marsa Alam.<\/p>\n<p><strong>Comidas:<\/strong> Desayuno, almuerzo<\/p>\n<h3><span style=\"color: #ff6600;\">Precio del tour de 2 d\u00edas a El Cairo y Luxor desde Marsa Alam<\/span><\/h3>\n<ul>\n<li><strong>Precio adulto:<\/strong> 620 \u20ac<\/li>\n<li><strong>Ni\u00f1os de 0 a 5 a\u00f1os:<\/strong> gratis<\/li>\n<li><strong>Ni\u00f1os de 5 a 11 a\u00f1os:<\/strong> 50% del precio de adulto<\/li>\n<\/ul>\n<h3><span style=\"color: #ff6600;\">Reservas<\/span><\/h3>\n<p>Puede reservar su tour a trav\u00e9s de <strong>WhatsApp<\/strong> o enviarnos un correo electr\u00f3nico y recibir\u00e1 la confirmaci\u00f3n al instante.<\/p>\n<p>Por favor, env\u00edenos el nombre de su hotel, n\u00famero de habitaci\u00f3n y copias de su pasaporte.<\/p>\n<ul>\n<li><strong>N\u00famero de WhatsApp:<\/strong> +201000852186<\/li>\n<li><strong>Correo electr\u00f3nico:<\/strong> info@egytourpackages.com<\/li>\n<\/ul>\n<h3><span style=\"color: #ff6600;\">Reserve ahora y pague en el lugar<\/span><\/h3>\n<p>Reserve su tour favorito y pague el d\u00eda del viaje.<\/p>\n<h3><span style=\"color: #ff6600;\">Pago<\/span><\/h3>\n<p>Puede pagar en libras egipcias, $, \u20ac o \u00a3.<\/p>\n<h3><span style=\"color: #ff6600;\">Pol\u00edtica de cancelaci\u00f3n<\/span><\/h3>\n<ul>\n<li>La cancelaci\u00f3n es gratuita hasta 24 horas antes.<\/li>\n<li>La cancelaci\u00f3n por la ma\u00f1ana es el 50% del precio<\/li>\n<\/ul>\n","protected":false},"excerpt":{"rendered":"<p>Explore Egipto en 2 D\u00edas a El Cairo y Luxor desde Marsa Alam. Visita las majestuosas Pir\u00e1mides de Giza, el Gran Esfinge y el Valle de los Reyes en Luxor.<\/p>\n","protected":false},"featured_media":7007,"comment_status":"open","ping_status":"closed","template":"","meta":[],"product_brand":[],"product_cat":[3128],"product_tag":[3280,3188],"class_list":{"0":"post-7006","1":"product","2":"type-product","3":"status-publish","4":"has-post-thumbnail","6":"product_cat-tours","7":"product_tag-excursiones-a-marsa-alam","8":"product_tag-excursiones-egipto","9":"tour_category-excursiones-egipto-es","10":"tour_category-excursiones-en-marsa-alam-es","12":"first","13":"instock","14":"sale","15":"shipping-taxable","16":"purchasable","17":"product-type-tour","18":"has-default-attributes"},"yoast_head":"<!-- This site is optimized with the Yoast SEO Premium plugin v27.2 (Yoast SEO v27.2) - https:\/\/yoast.com\/product\/yoast-seo-premium-wordpress\/ -->\n<title>2 D\u00edas a El Cairo y Luxor desde Marsa Alam<\/title>\n<meta name=\"description\" content=\"Explore Egipto en 2 D\u00edas a El Cairo y Luxor desde Marsa Alam. Visita las majestuosas Pir\u00e1mides de Giza, el Gran Esfinge y el Valle de los Reyes en Luxor.\" \/>\n<meta name=\"robots\" content=\"index, follow, max-snippet:-1, max-image-preview:large, max-video-preview:-1\" \/>\n<link rel=\"canonical\" href=\"https:\/\/egytourpackages.com\/es\/tours\/2-dias-a-el-cairo-y-luxor-desde-marsa-alam\/\" \/>\n<meta property=\"og:locale\" content=\"es_ES\" \/>\n<meta property=\"og:type\" content=\"article\" \/>\n<meta property=\"og:title\" content=\"2 D\u00edas a El Cairo y Luxor desde Marsa Alam\" \/>\n<meta property=\"og:description\" content=\"Explore Egipto en 2 D\u00edas a El Cairo y Luxor desde Marsa Alam. Visita las majestuosas Pir\u00e1mides de Giza, el Gran Esfinge y el Valle de los Reyes en Luxor.\" \/>\n<meta property=\"og:url\" content=\"https:\/\/egytourpackages.com\/es\/tours\/2-dias-a-el-cairo-y-luxor-desde-marsa-alam\/\" \/>\n<meta property=\"og:site_name\" content=\"Egypt Tour Packages\" \/>\n<meta property=\"article:publisher\" content=\"https:\/\/www.facebook.com\/egytourpackages\" \/>\n<meta property=\"article:modified_time\" content=\"2026-01-04T19:46:27+00:00\" \/>\n<meta property=\"og:image\" content=\"https:\/\/egytourpackages.com\/wp-content\/uploads\/2025\/05\/Amun-Baque-1-1024x683.jpg\" \/>\n<meta name=\"twitter:card\" content=\"summary_large_image\" \/>\n<meta name=\"twitter:title\" content=\"2 D\u00edas a El Cairo y Luxor desde Marsa Alam\" \/>\n<meta name=\"twitter:label1\" content=\"Precio\" \/>\n\t<meta name=\"twitter:data1\" content=\"&euro;620\" \/>\n\t<meta name=\"twitter:label2\" content=\"Disponibilidad\" \/>\n\t<meta name=\"twitter:data2\" content=\"Disponible\" \/>\n<script type=\"application\/ld+json\" class=\"yoast-schema-graph\">{\"@context\":\"https:\/\/schema.org\",\"@graph\":[{\"@type\":\"WebPage\",\"@id\":\"https:\/\/egytourpackages.com\/es\/tours\/2-dias-a-el-cairo-y-luxor-desde-marsa-alam\/\",\"url\":\"https:\/\/egytourpackages.com\/es\/tours\/2-dias-a-el-cairo-y-luxor-desde-marsa-alam\/\",\"name\":\"2 D\u00edas a El Cairo y Luxor desde Marsa Alam\",\"isPartOf\":{\"@id\":\"https:\/\/egytourpackages.com\/es\/#website\"},\"primaryImageOfPage\":{\"@id\":\"https:\/\/egytourpackages.com\/es\/tours\/2-dias-a-el-cairo-y-luxor-desde-marsa-alam\/#primaryimage\"},\"image\":{\"@id\":\"https:\/\/egytourpackages.com\/es\/tours\/2-dias-a-el-cairo-y-luxor-desde-marsa-alam\/#primaryimage\"},\"thumbnailUrl\":\"https:\/\/egytourpackages.com\/wp-content\/uploads\/2025\/05\/Amun-Baque-1.jpg\",\"datePublished\":\"2025-05-19T20:11:03+00:00\",\"dateModified\":\"2026-01-04T19:46:27+00:00\",\"description\":\"Explore Egipto en 2 D\u00edas a El Cairo y Luxor desde Marsa Alam. Visita las majestuosas Pir\u00e1mides de Giza, el Gran Esfinge y el Valle de los Reyes en Luxor.\",\"breadcrumb\":{\"@id\":\"https:\/\/egytourpackages.com\/es\/tours\/2-dias-a-el-cairo-y-luxor-desde-marsa-alam\/#breadcrumb\"},\"inLanguage\":\"es\",\"potentialAction\":[{\"@type\":\"ReadAction\",\"target\":[\"https:\/\/egytourpackages.com\/es\/tours\/2-dias-a-el-cairo-y-luxor-desde-marsa-alam\/\"]}]},{\"@type\":\"ImageObject\",\"inLanguage\":\"es\",\"@id\":\"https:\/\/egytourpackages.com\/es\/tours\/2-dias-a-el-cairo-y-luxor-desde-marsa-alam\/#primaryimage\",\"url\":\"https:\/\/egytourpackages.com\/wp-content\/uploads\/2025\/05\/Amun-Baque-1.jpg\",\"contentUrl\":\"https:\/\/egytourpackages.com\/wp-content\/uploads\/2025\/05\/Amun-Baque-1.jpg\",\"width\":1200,\"height\":800,\"caption\":\"Viaje de 2 D\u00edas a Luxor y El Cairo desde Marsa Alam\"},{\"@type\":\"BreadcrumbList\",\"@id\":\"https:\/\/egytourpackages.com\/es\/tours\/2-dias-a-el-cairo-y-luxor-desde-marsa-alam\/#breadcrumb\",\"itemListElement\":[{\"@type\":\"ListItem\",\"position\":1,\"name\":\"Home\",\"item\":\"https:\/\/egytourpackages.com\/es\/paquetes-de-viaje-a-egipto\/\"},{\"@type\":\"ListItem\",\"position\":2,\"name\":\"Shop\",\"item\":\"https:\/\/egytourpackages.com\/shop\/\"},{\"@type\":\"ListItem\",\"position\":3,\"name\":\"2 D\u00edas a El Cairo y Luxor desde Marsa Alam\"}]},{\"@type\":\"WebSite\",\"@id\":\"https:\/\/egytourpackages.com\/es\/#website\",\"url\":\"https:\/\/egytourpackages.com\/es\/\",\"name\":\"Egy tour packages\",\"description\":\"\",\"publisher\":{\"@id\":\"https:\/\/egytourpackages.com\/es\/#organization\"},\"potentialAction\":[{\"@type\":\"SearchAction\",\"target\":{\"@type\":\"EntryPoint\",\"urlTemplate\":\"https:\/\/egytourpackages.com\/es\/?s={search_term_string}\"},\"query-input\":{\"@type\":\"PropertyValueSpecification\",\"valueRequired\":true,\"valueName\":\"search_term_string\"}}],\"inLanguage\":\"es\"},{\"@type\":[\"Organization\",\"Place\",\"TravelAgency\"],\"@id\":\"https:\/\/egytourpackages.com\/es\/#organization\",\"name\":\"egypt tour packages\",\"alternateName\":\"egypt tour packages\",\"url\":\"https:\/\/egytourpackages.com\/es\/\",\"logo\":{\"@id\":\"https:\/\/egytourpackages.com\/es\/tours\/2-dias-a-el-cairo-y-luxor-desde-marsa-alam\/#local-main-organization-logo\"},\"image\":{\"@id\":\"https:\/\/egytourpackages.com\/es\/tours\/2-dias-a-el-cairo-y-luxor-desde-marsa-alam\/#local-main-organization-logo\"},\"sameAs\":[\"https:\/\/www.facebook.com\/egytourpackages\"],\"legalName\":\"Egy tour packages\",\"address\":{\"@id\":\"https:\/\/egytourpackages.com\/es\/tours\/2-dias-a-el-cairo-y-luxor-desde-marsa-alam\/#local-main-place-address\"},\"telephone\":[\"00201000852186\",\"00201028685533\"],\"contactPoint\":{\"@type\":\"ContactPoint\",\"telephone\":\"00201000852186\"},\"openingHoursSpecification\":[{\"@type\":\"OpeningHoursSpecification\",\"dayOfWeek\":[\"Monday\",\"Tuesday\",\"Wednesday\",\"Thursday\",\"Friday\",\"Saturday\",\"Sunday\"],\"opens\":\"00:00\",\"closes\":\"23:59\"}],\"email\":\"info@egytourpackages.com\",\"areaServed\":\"Cairo, Hurghada, Luxor, Sharm El Sheikh, Marsa Alam, Aswan\",\"priceRange\":\"$\",\"currenciesAccepted\":\"euro\",\"paymentAccepted\":\"Payment links online\"},{\"@type\":\"PostalAddress\",\"@id\":\"https:\/\/egytourpackages.com\/es\/tours\/2-dias-a-el-cairo-y-luxor-desde-marsa-alam\/#local-main-place-address\",\"streetAddress\":\"Mubarak 8, Al Kawthar District, Hurghada\",\"addressLocality\":\"Hurghada\",\"postalCode\":\"84511\",\"addressRegion\":\"Red Sea\",\"addressCountry\":\"EG\"},{\"@type\":\"ImageObject\",\"inLanguage\":\"es\",\"@id\":\"https:\/\/egytourpackages.com\/es\/tours\/2-dias-a-el-cairo-y-luxor-desde-marsa-alam\/#local-main-organization-logo\",\"url\":\"https:\/\/egytourpackages.com\/wp-content\/uploads\/2025\/12\/Turquoise-Dahabiya-Nile-Cruise-1.jpeg\",\"contentUrl\":\"https:\/\/egytourpackages.com\/wp-content\/uploads\/2025\/12\/Turquoise-Dahabiya-Nile-Cruise-1.jpeg\",\"width\":1040,\"height\":694,\"caption\":\"egypt tour packages\"}]}<\/script>\n<meta property=\"product:brand\" content=\"Excursiones Egipto\" \/>\n<meta property=\"product:price:amount\" content=\"620\" \/>\n<meta property=\"product:price:currency\" content=\"EUR\" \/>\n<meta property=\"og:availability\" content=\"instock\" \/>\n<meta property=\"product:availability\" content=\"instock\" \/>\n<meta property=\"product:retailer_item_id\" content=\"MAT08\" \/>\n<meta property=\"product:condition\" content=\"new\" \/>\n<meta name=\"geo.placename\" content=\"Hurghada\" \/>\n<meta name=\"geo.region\" content=\"Egipto\" \/>\n<!-- \/ Yoast SEO Premium plugin. -->","yoast_head_json":{"title":"2 D\u00edas a El Cairo y Luxor desde Marsa Alam","description":"Explore Egipto en 2 D\u00edas a El Cairo y Luxor desde Marsa Alam. Visita las majestuosas Pir\u00e1mides de Giza, el Gran Esfinge y el Valle de los Reyes en Luxor.","robots":{"index":"index","follow":"follow","max-snippet":"max-snippet:-1","max-image-preview":"max-image-preview:large","max-video-preview":"max-video-preview:-1"},"canonical":"https:\/\/egytourpackages.com\/es\/tours\/2-dias-a-el-cairo-y-luxor-desde-marsa-alam\/","og_locale":"es_ES","og_type":"article","og_title":"2 D\u00edas a El Cairo y Luxor desde Marsa Alam","og_description":"Explore Egipto en 2 D\u00edas a El Cairo y Luxor desde Marsa Alam. Visita las majestuosas Pir\u00e1mides de Giza, el Gran Esfinge y el Valle de los Reyes en Luxor.","og_url":"https:\/\/egytourpackages.com\/es\/tours\/2-dias-a-el-cairo-y-luxor-desde-marsa-alam\/","og_site_name":"Egypt Tour Packages","article_publisher":"https:\/\/www.facebook.com\/egytourpackages","article_modified_time":"2026-01-04T19:46:27+00:00","og_image":[{"url":"https:\/\/egytourpackages.com\/wp-content\/uploads\/2025\/05\/Amun-Baque-1-1024x683.jpg","type":"","width":"","height":""}],"twitter_card":"summary_large_image","twitter_title":"2 D\u00edas a El Cairo y Luxor desde Marsa Alam","twitter_misc":{"Precio":"&euro;620","Disponibilidad":"Disponible"},"schema":{"@context":"https:\/\/schema.org","@graph":[{"@type":"WebPage","@id":"https:\/\/egytourpackages.com\/es\/tours\/2-dias-a-el-cairo-y-luxor-desde-marsa-alam\/","url":"https:\/\/egytourpackages.com\/es\/tours\/2-dias-a-el-cairo-y-luxor-desde-marsa-alam\/","name":"2 D\u00edas a El Cairo y Luxor desde Marsa Alam","isPartOf":{"@id":"https:\/\/egytourpackages.com\/es\/#website"},"primaryImageOfPage":{"@id":"https:\/\/egytourpackages.com\/es\/tours\/2-dias-a-el-cairo-y-luxor-desde-marsa-alam\/#primaryimage"},"image":{"@id":"https:\/\/egytourpackages.com\/es\/tours\/2-dias-a-el-cairo-y-luxor-desde-marsa-alam\/#primaryimage"},"thumbnailUrl":"https:\/\/egytourpackages.com\/wp-content\/uploads\/2025\/05\/Amun-Baque-1.jpg","datePublished":"2025-05-19T20:11:03+00:00","dateModified":"2026-01-04T19:46:27+00:00","description":"Explore Egipto en 2 D\u00edas a El Cairo y Luxor desde Marsa Alam. Visita las majestuosas Pir\u00e1mides de Giza, el Gran Esfinge y el Valle de los Reyes en Luxor.","breadcrumb":{"@id":"https:\/\/egytourpackages.com\/es\/tours\/2-dias-a-el-cairo-y-luxor-desde-marsa-alam\/#breadcrumb"},"inLanguage":"es","potentialAction":[{"@type":"ReadAction","target":["https:\/\/egytourpackages.com\/es\/tours\/2-dias-a-el-cairo-y-luxor-desde-marsa-alam\/"]}]},{"@type":"ImageObject","inLanguage":"es","@id":"https:\/\/egytourpackages.com\/es\/tours\/2-dias-a-el-cairo-y-luxor-desde-marsa-alam\/#primaryimage","url":"https:\/\/egytourpackages.com\/wp-content\/uploads\/2025\/05\/Amun-Baque-1.jpg","contentUrl":"https:\/\/egytourpackages.com\/wp-content\/uploads\/2025\/05\/Amun-Baque-1.jpg","width":1200,"height":800,"caption":"Viaje de 2 D\u00edas a Luxor y El Cairo desde Marsa Alam"},{"@type":"BreadcrumbList","@id":"https:\/\/egytourpackages.com\/es\/tours\/2-dias-a-el-cairo-y-luxor-desde-marsa-alam\/#breadcrumb","itemListElement":[{"@type":"ListItem","position":1,"name":"Home","item":"https:\/\/egytourpackages.com\/es\/paquetes-de-viaje-a-egipto\/"},{"@type":"ListItem","position":2,"name":"Shop","item":"https:\/\/egytourpackages.com\/shop\/"},{"@type":"ListItem","position":3,"name":"2 D\u00edas a El Cairo y Luxor desde Marsa Alam"}]},{"@type":"WebSite","@id":"https:\/\/egytourpackages.com\/es\/#website","url":"https:\/\/egytourpackages.com\/es\/","name":"Egy tour packages","description":"","publisher":{"@id":"https:\/\/egytourpackages.com\/es\/#organization"},"potentialAction":[{"@type":"SearchAction","target":{"@type":"EntryPoint","urlTemplate":"https:\/\/egytourpackages.com\/es\/?s={search_term_string}"},"query-input":{"@type":"PropertyValueSpecification","valueRequired":true,"valueName":"search_term_string"}}],"inLanguage":"es"},{"@type":["Organization","Place","TravelAgency"],"@id":"https:\/\/egytourpackages.com\/es\/#organization","name":"egypt tour packages","alternateName":"egypt tour packages","url":"https:\/\/egytourpackages.com\/es\/","logo":{"@id":"https:\/\/egytourpackages.com\/es\/tours\/2-dias-a-el-cairo-y-luxor-desde-marsa-alam\/#local-main-organization-logo"},"image":{"@id":"https:\/\/egytourpackages.com\/es\/tours\/2-dias-a-el-cairo-y-luxor-desde-marsa-alam\/#local-main-organization-logo"},"sameAs":["https:\/\/www.facebook.com\/egytourpackages"],"legalName":"Egy tour packages","address":{"@id":"https:\/\/egytourpackages.com\/es\/tours\/2-dias-a-el-cairo-y-luxor-desde-marsa-alam\/#local-main-place-address"},"telephone":["00201000852186","00201028685533"],"contactPoint":{"@type":"ContactPoint","telephone":"00201000852186"},"openingHoursSpecification":[{"@type":"OpeningHoursSpecification","dayOfWeek":["Monday","Tuesday","Wednesday","Thursday","Friday","Saturday","Sunday"],"opens":"00:00","closes":"23:59"}],"email":"info@egytourpackages.com","areaServed":"Cairo, Hurghada, Luxor, Sharm El Sheikh, Marsa Alam, Aswan","priceRange":"$","currenciesAccepted":"euro","paymentAccepted":"Payment links online"},{"@type":"PostalAddress","@id":"https:\/\/egytourpackages.com\/es\/tours\/2-dias-a-el-cairo-y-luxor-desde-marsa-alam\/#local-main-place-address","streetAddress":"Mubarak 8, Al Kawthar District, Hurghada","addressLocality":"Hurghada","postalCode":"84511","addressRegion":"Red Sea","addressCountry":"EG"},{"@type":"ImageObject","inLanguage":"es","@id":"https:\/\/egytourpackages.com\/es\/tours\/2-dias-a-el-cairo-y-luxor-desde-marsa-alam\/#local-main-organization-logo","url":"https:\/\/egytourpackages.com\/wp-content\/uploads\/2025\/12\/Turquoise-Dahabiya-Nile-Cruise-1.jpeg","contentUrl":"https:\/\/egytourpackages.com\/wp-content\/uploads\/2025\/12\/Turquoise-Dahabiya-Nile-Cruise-1.jpeg","width":1040,"height":694,"caption":"egypt tour packages"}]},"product_brand":"Excursiones Egipto","product_price_amount":"620","product_price_currency":"EUR","og_availability":"instock","product_availability":"instock","product_retailer_item_id":"MAT08","product_condition":"new","geo.placename":"Hurghada","geo.region":"Egipto"},"_links":{"self":[{"href":"https:\/\/egytourpackages.com\/es\/wp-json\/wp\/v2\/product\/7006","targetHints":{"allow":["GET"]}}],"collection":[{"href":"https:\/\/egytourpackages.com\/es\/wp-json\/wp\/v2\/product"}],"about":[{"href":"https:\/\/egytourpackages.com\/es\/wp-json\/wp\/v2\/types\/product"}],"replies":[{"embeddable":true,"href":"https:\/\/egytourpackages.com\/es\/wp-json\/wp\/v2\/comments?post=7006"}],"wp:featuredmedia":[{"embeddable":true,"href":"https:\/\/egytourpackages.com\/es\/wp-json\/wp\/v2\/media\/7007"}],"wp:attachment":[{"href":"https:\/\/egytourpackages.com\/es\/wp-json\/wp\/v2\/media?parent=7006"}],"wp:term":[{"taxonomy":"product_brand","embeddable":true,"href":"https:\/\/egytourpackages.com\/es\/wp-json\/wp\/v2\/product_brand?post=7006"},{"taxonomy":"product_cat","embeddable":true,"href":"https:\/\/egytourpackages.com\/es\/wp-json\/wp\/v2\/product_cat?post=7006"},{"taxonomy":"product_tag","embeddable":true,"href":"https:\/\/egytourpackages.com\/es\/wp-json\/wp\/v2\/product_tag?post=7006"}],"curies":[{"name":"wp","href":"https:\/\/api.w.org\/{rel}","templated":true}]}}