{"id":7019,"date":"2025-05-18T22:06:10","date_gmt":"2025-05-18T22:06:10","guid":{"rendered":"https:\/\/egytourpackages.com\/product\/viaje-de-2-dias-a-luxor-y-el-cairo-desde-marsa-alam-2\/"},"modified":"2026-01-04T19:51:15","modified_gmt":"2026-01-04T19:51:15","slug":"viaje-de-2-dias-a-luxor-y-el-cairo-desde-marsa-alam-2","status":"publish","type":"product","link":"https:\/\/egytourpackages.com\/es\/tours\/viaje-de-2-dias-a-luxor-y-el-cairo-desde-marsa-alam-2\/","title":{"rendered":"Viaje de 2 D\u00edas a Luxor y El Cairo desde Marsa Alam"},"content":{"rendered":"<p><span style=\"color: #ff6600;\"><strong>Viaje de 2 D\u00edas a Luxor y El Cairo desde Marsa Alam: Paquetes Tur\u00edsticos y Excursiones<\/strong><\/span><\/p>\n<h2><span style=\"color: #ff6600;\">Descripci\u00f3n General del Tour<\/span><\/h2>\n<p>El <strong>viaje de dos d\u00edas a Luxor y El Cairo desde Marsa Alam<\/strong> le ayudar\u00e1 a comprender y descubrir la antigua civilizaci\u00f3n egipcia que se remonta a 7,000 a\u00f1os. <strong>Egy tour packages<\/strong> proporciona un gu\u00eda tur\u00edstico experto, veh\u00edculos nuevos y comida de calidad en restaurantes de primera. De hecho, su aventura a <strong>Luxor<\/strong> y <strong>El Cairo<\/strong> incluir\u00e1 las atracciones de Luxor y los principales <strong>puntos de inter\u00e9s tur\u00edstico<\/strong> de El Cairo.<\/p>\n<p>En Luxor, explorar\u00e1 el <strong>Valle de los Reyes<\/strong> con la posibilidad de visitar la tumba de <strong>Tutankam\u00f3n<\/strong>, el <strong>Templo de Hatshepsut<\/strong> y el <strong>Complejo del Templo de Karnak<\/strong>.<\/p>\n<p>Por su parte, los <strong>tours por El Cairo<\/strong> incluyen la famosa maravilla antigua, las <strong>Pir\u00e1mides de Giza<\/strong>, la <strong>Gran Esfinge<\/strong> y el <strong>Gran Museo Egipcio<\/strong>. Finalmente, volar\u00e1 de regreso a Hurghada y luego ser\u00e1 trasladado a su hotel en <strong>Marsa Alam<\/strong>.<\/p>\n<h3><span style=\"color: #ff6600;\">Detalles del Tour<\/span><\/h3>\n<ul>\n<li>Duraci\u00f3n: 2 D\u00edas \/ 1 Noche<\/li>\n<li>Ubicaci\u00f3n del Tour: Luxor \u2013 El Cairo<\/li>\n<li>Disponibilidad del Tour: Todos los d\u00edas<\/li>\n<li>Recogida y Devoluci\u00f3n: Hoteles en Marsa Alam<\/li>\n<li>Tipo de Tour: Privado<\/li>\n<li><strong>Idioma: Espa\u00f1ol<\/strong><\/li>\n<li>Silla de Ruedas: Accesible<\/li>\n<\/ul>\n<h3><span style=\"color: #ff6600;\">Inclusiones<\/span><\/h3>\n<ul>\n<li><strong>Gu\u00eda tur\u00edstico egipt\u00f3logo que habla espa\u00f1ol con fluidez<\/strong><\/li>\n<li>Todos los traslados en veh\u00edculo nuevo<\/li>\n<li>Entradas a todos los lugares de inter\u00e9s del programa<\/li>\n<li>Comidas seg\u00fan lo mencionado en el programa<\/li>\n<li>Billetes de avi\u00f3n de El Cairo a Hurghada<\/li>\n<li>1 noche de alojamiento en hotel de 4**** en Luxor en r\u00e9gimen de A\/D<\/li>\n<\/ul>\n<h3><span style=\"color: #ff6600;\">Exclusiones<\/span><\/h3>\n<ul>\n<li>Propinas<\/li>\n<li>Bebidas durante las comidas<\/li>\n<li>Cualquier gasto personal<\/li>\n<\/ul>\n<h3><span style=\"color: #ff6600;\">Qu\u00e9 llevar consigo<\/span><\/h3>\n<ul>\n<li>Gorro, gafas de sol y crema solar<\/li>\n<li>Zapatos y ropa c\u00f3modos<\/li>\n<li>Ropa de abrigo durante el invierno<\/li>\n<\/ul>\n<h3><span style=\"color: #ff6600;\">D\u00eda 1: Marsa Alam y Luxor<\/span><\/h3>\n<p>Re\u00fanase con su gu\u00eda en la recepci\u00f3n de su hotel para comenzar su <strong>viaje de dos d\u00edas a Luxor y El Cairo desde Marsa Alam<\/strong>. Disfrute de una pausa para el caf\u00e9 en el camino a Luxor donde podr\u00e1 desayunar o beber su caf\u00e9 matutino. Al llegar, comenzar\u00e1 su recorrido por las <strong>atracciones de Luxor<\/strong> en la orilla occidental de Luxor.<\/p>\n<h3><span style=\"color: #ff6600;\">Valle de los Reyes<\/span><\/h3>\n<p>Explore con su gu\u00eda la antigua historia egipcia durante las dinast\u00edas XVIII, XIX y XX y las razones por las que los faraones eligieron ese lugar para su descanso final. De hecho, tendr\u00e1 la oportunidad de visitar tres tumbas incluidas en su boleto, como la <strong>tumba de Rams\u00e9s I<\/strong>, la <strong>tumba de Rams\u00e9s III<\/strong>, la <strong>tumba de Rams\u00e9s IX<\/strong> y la <strong>tumba KV 8 de Merenptah<\/strong>. Adem\u00e1s, puede agregar la tumba del rey ni\u00f1o <strong>Tutankam\u00f3n<\/strong>, la <strong>tumba de Seti I<\/strong> y la <strong>tumba de Rams\u00e9s IV<\/strong> con un costo adicional. Al final de su visita, continuar\u00e1 a su siguiente parada, el <strong>Templo de Hatshepsut<\/strong>.<\/p>\n<h3><span style=\"color: #ff6600;\">Templo de Hatshepsut<\/span><\/h3>\n<p>El <strong>Templo de Al Deir El Bahari<\/strong> de Hatshepsut es un templo muy singular en la orilla occidental de Luxor. Explore la misi\u00f3n del <strong>Templo de Hatshepsut<\/strong> y el recorrido espiritual dentro del templo. Adem\u00e1s, las hermosas escenas de <strong>agricultura<\/strong>, escenas de cosecha y comercio con el pa\u00eds de Punt. Adem\u00e1s, las incre\u00edbles capillas de Anubis, Hathor y las hermosas tallas de los dioses egipcios como <strong>Am\u00f3n<\/strong>, <strong>Anubis<\/strong>, <strong>Seshat<\/strong> e <strong>Isis<\/strong>.<\/p>\n<h3><span style=\"color: #ff6600;\">Colosos de Memn\u00f3n<\/span><\/h3>\n<p>Las Estatuas Cantantes o el <strong>Memn\u00f3n Vocal<\/strong> de <strong>Amenhotep III<\/strong>, uno de los reyes de la XVIII Dinast\u00eda que gobern\u00f3 Egipto durante 38 a\u00f1os. Estas dos estatuas gigantescas decoraban la entrada del templo mortuorio del Rey. Su gu\u00eda le explicar\u00e1 sobre las estatuas y los rituales de la Apertura de la Boca en el templo.<\/p>\n<h3><span style=\"color: #ff6600;\">Almuerzo<\/span><\/h3>\n<p>Disfrute de un almuerzo reci\u00e9n preparado en un restaurante local.<\/p>\n<h3><span style=\"color: #ff6600;\">Complejo del Templo de Karnak<\/span><\/h3>\n<p>Termine su d\u00eda en Luxor con una visita al complejo de templos m\u00e1s grande de todo el mundo. De hecho, el <strong>Templo de Karnak<\/strong> es un libro abierto sobre la antigua religi\u00f3n egipcia, la escultura en el antiguo Egipto y la arquitectura. En realidad, hay muchos edificios que puede ver aqu\u00ed, como el <strong>Templo de Ptah<\/strong>, la <strong>Capilla de Sekhmet<\/strong>, los <strong>Obeliscos de Hatshepsut<\/strong> y la <strong>Gran Sala Hip\u00f3stila<\/strong>. Adem\u00e1s, el <strong>Lago Sagrado<\/strong>, el <strong>Jard\u00edn Bot\u00e1nico<\/strong>, el Museo al aire libre y mucho m\u00e1s. M\u00e1s tarde, su gu\u00eda lo acompa\u00f1ar\u00e1 para realizar un registro sin problemas en su hotel en Luxor y pasar la noche.<\/p>\n<p><strong>Comidas:<\/strong> Desayuno, almuerzo, cena<\/p>\n<h3><span style=\"color: #ff6600;\">D\u00eda 2: El Cairo, Hurghada y Marsa Alam<\/span><\/h3>\n<p>Disfrute de su desayuno en el hotel y luego \u00fanase al traslado al aeropuerto de Luxor para volar a El Cairo. A su llegada al aeropuerto de El Cairo, su gu\u00eda lo acompa\u00f1ar\u00e1 para comenzar sus atracciones de El Cairo.<\/p>\n<h3><span style=\"color: #ff6600;\">Pir\u00e1mides de Giza<\/span><\/h3>\n<p>Disfrute de su visita a la meseta de Giza, donde ver\u00e1 las famosas <strong>Pir\u00e1mides de Keops<\/strong>, <strong>Kefr\u00e9n<\/strong> y <strong>Micerino<\/strong>. Experimente la zona desde una nueva perspectiva y escuche sobre la actualizaci\u00f3n de los nuevos descubrimientos. Visite la <strong>Gran Pir\u00e1mide<\/strong>, las <strong>Pir\u00e1mides de las Reinas<\/strong>, los <strong>pozos de la Barca Solar<\/strong> y el templo del alma. Descubra la energ\u00eda de la pir\u00e1mide y su conexi\u00f3n con el <strong>Cintur\u00f3n de Ori\u00f3n<\/strong> y el t\u00e9rmino moderno <strong>Mer Ka Ba<\/strong>.<\/p>\n<h3><span style=\"color: #ff6600;\">La Gran Esfinge<\/span><\/h3>\n<p>Termine su recorrido con la <strong>Gran Esfinge<\/strong> y la <strong>Estela del Sue\u00f1o<\/strong> y aprenda sobre la <strong>momificaci\u00f3n<\/strong> en el templo cerca de la Esfinge.<\/p>\n<h3><span style=\"color: #ff6600;\">Almuerzo<\/span><\/h3>\n<p>Disfrute de un almuerzo reci\u00e9n preparado en un restaurante cerca de las Pir\u00e1mides y el GEM.<\/p>\n<h3><span style=\"color: #ff6600;\">Gran Museo Egipcio<\/span><\/h3>\n<p>Termine sus <strong>tours por El Cairo<\/strong> con el <strong>GEM o el Gran Museo Egipcio<\/strong>, donde se sorprender\u00e1 de los asombrosos artefactos de los Reinos Antiguo, Medio y Nuevo. Pase todo el tiempo que desee maravill\u00e1ndose con el gran corredor, las salas de la Realeza, las salas de la sociedad y las salas de creencias del antiguo Egipto. M\u00e1s tarde, ser\u00e1 trasladado al aeropuerto de El Cairo para volar a Hurghada. Termine su <strong>viaje de dos d\u00edas a Luxor y El Cairo desde Marsa Alam<\/strong> con un traslado de regreso a su hotel.<\/p>\n<h3><span style=\"color: #ff6600;\">Precio del viaje de dos d\u00edas a Luxor y El Cairo desde Marsa Alam<\/span><\/h3>\n<ul>\n<li>Precio para adultos: 500 \u20ac<\/li>\n<li>Ni\u00f1os de 0 a 5 a\u00f1os: gratis<\/li>\n<li>Ni\u00f1os de 5 a 11 a\u00f1os: 50% del precio de adulto<\/li>\n<\/ul>\n<h3><span style=\"color: #ff6600;\">Reserva<\/span><\/h3>\n<ul>\n<li>Puede reservar su tour a trav\u00e9s de WhatsApp o envi\u00e1ndonos un correo electr\u00f3nico y recibir\u00e1 la confirmaci\u00f3n al instante.<\/li>\n<li>Por favor, env\u00edenos el nombre de su hotel, n\u00famero de habitaci\u00f3n y copias de pasaporte<\/li>\n<\/ul>\n<p>WhatsApp: +201000852186<\/p>\n<p>info@egytourpackages.com<\/p>\n<h3><span style=\"color: #ff6600;\">Reserve ahora y pague en el lugar:<\/span><\/h3>\n<p>Reserve su tour favorito y pague el d\u00eda del viaje<\/p>\n<h3><span style=\"color: #ff6600;\">Pago<\/span><\/h3>\n<ul>\n<li>Puede pagar en libras egipcias, $, \u20ac o \u00a3.<\/li>\n<\/ul>\n<h3><span style=\"color: #ff6600;\">Pol\u00edtica de cancelaci\u00f3n<\/span><\/h3>\n<ul>\n<li>La cancelaci\u00f3n es gratuita hasta con 24 horas de antelaci\u00f3n<\/li>\n<li>La cancelaci\u00f3n por la ma\u00f1ana tiene un costo del 50% del precio<\/li>\n<\/ul>\n","protected":false},"excerpt":{"rendered":"<p>Viaje de 2 D\u00edas a Luxor y El Cairo desde Marsa Alam. Descubre las Pir\u00e1mides de Giza, el Valle de los Reyes, templos y m\u00e1s. Gu\u00eda experto y vuelos.<\/p>\n","protected":false},"featured_media":7020,"comment_status":"open","ping_status":"closed","template":"","meta":[],"product_brand":[],"product_cat":[3128],"product_tag":[3280,3188,3468],"class_list":{"0":"post-7019","1":"product","2":"type-product","3":"status-publish","4":"has-post-thumbnail","6":"product_cat-tours","7":"product_tag-excursiones-a-marsa-alam","8":"product_tag-excursiones-egipto","9":"product_tag-paquetes-turisticos-a-egipto-desde-marsa-alam","10":"tour_category-excursiones-egipto-es","11":"tour_category-excursiones-en-marsa-alam-es","13":"first","14":"instock","15":"sale","16":"shipping-taxable","17":"purchasable","18":"product-type-tour","19":"has-default-attributes"},"yoast_head":"<!-- This site is optimized with the Yoast SEO Premium plugin v27.4 (Yoast SEO v27.4) - https:\/\/yoast.com\/product\/yoast-seo-premium-wordpress\/ -->\n<title>Viaje de 2 D\u00edas a Luxor y El Cairo desde Marsa Alam<\/title>\n<meta name=\"description\" content=\"Viaje de 2 D\u00edas a Luxor y El Cairo desde Marsa Alam. Descubre las Pir\u00e1mides de Giza, el Valle de los Reyes, templos y m\u00e1s. Gu\u00eda experto y vuelos.\" \/>\n<meta name=\"robots\" content=\"index, follow, max-snippet:-1, max-image-preview:large, max-video-preview:-1\" \/>\n<link rel=\"canonical\" href=\"https:\/\/egytourpackages.com\/es\/tours\/viaje-de-2-dias-a-luxor-y-el-cairo-desde-marsa-alam-2\/\" \/>\n<meta property=\"og:locale\" content=\"es_ES\" \/>\n<meta property=\"og:type\" content=\"article\" \/>\n<meta property=\"og:title\" content=\"Viaje de 2 D\u00edas a Luxor y El Cairo desde Marsa Alam\" \/>\n<meta property=\"og:description\" content=\"Viaje de 2 D\u00edas a Luxor y El Cairo desde Marsa Alam. Descubre las Pir\u00e1mides de Giza, el Valle de los Reyes, templos y m\u00e1s. Gu\u00eda experto y vuelos.\" \/>\n<meta property=\"og:url\" content=\"https:\/\/egytourpackages.com\/es\/tours\/viaje-de-2-dias-a-luxor-y-el-cairo-desde-marsa-alam-2\/\" \/>\n<meta property=\"og:site_name\" content=\"Egypt Tour Packages\" \/>\n<meta property=\"article:publisher\" content=\"https:\/\/www.facebook.com\/egytourpackages\" \/>\n<meta property=\"article:modified_time\" content=\"2026-01-04T19:51:15+00:00\" \/>\n<meta property=\"og:image\" content=\"https:\/\/egytourpackages.com\/wp-content\/uploads\/2025\/05\/Giza-Pyramids-at-night-1024x473.jpg\" \/>\n<meta name=\"twitter:card\" content=\"summary_large_image\" \/>\n<meta name=\"twitter:title\" content=\"Viaje de 2 D\u00edas a Luxor y El Cairo desde Marsa Alam\" \/>\n<meta name=\"twitter:label1\" content=\"Precio\" \/>\n\t<meta name=\"twitter:data1\" content=\"&euro;510\" \/>\n\t<meta name=\"twitter:label2\" content=\"Disponibilidad\" \/>\n\t<meta name=\"twitter:data2\" content=\"Disponible\" \/>\n<script type=\"application\/ld+json\" class=\"yoast-schema-graph\">{\"@context\":\"https:\\\/\\\/schema.org\",\"@graph\":[{\"@type\":\"WebPage\",\"@id\":\"https:\\\/\\\/egytourpackages.com\\\/es\\\/tours\\\/viaje-de-2-dias-a-luxor-y-el-cairo-desde-marsa-alam-2\\\/\",\"url\":\"https:\\\/\\\/egytourpackages.com\\\/es\\\/tours\\\/viaje-de-2-dias-a-luxor-y-el-cairo-desde-marsa-alam-2\\\/\",\"name\":\"Viaje de 2 D\u00edas a Luxor y El Cairo desde Marsa Alam\",\"isPartOf\":{\"@id\":\"https:\\\/\\\/egytourpackages.com\\\/es\\\/#website\"},\"primaryImageOfPage\":{\"@id\":\"https:\\\/\\\/egytourpackages.com\\\/es\\\/tours\\\/viaje-de-2-dias-a-luxor-y-el-cairo-desde-marsa-alam-2\\\/#primaryimage\"},\"image\":{\"@id\":\"https:\\\/\\\/egytourpackages.com\\\/es\\\/tours\\\/viaje-de-2-dias-a-luxor-y-el-cairo-desde-marsa-alam-2\\\/#primaryimage\"},\"thumbnailUrl\":\"https:\\\/\\\/egytourpackages.com\\\/wp-content\\\/uploads\\\/2025\\\/05\\\/Giza-Pyramids-at-night.jpg\",\"datePublished\":\"2025-05-18T22:06:10+00:00\",\"dateModified\":\"2026-01-04T19:51:15+00:00\",\"description\":\"Viaje de 2 D\u00edas a Luxor y El Cairo desde Marsa Alam. Descubre las Pir\u00e1mides de Giza, el Valle de los Reyes, templos y m\u00e1s. Gu\u00eda experto y vuelos.\",\"breadcrumb\":{\"@id\":\"https:\\\/\\\/egytourpackages.com\\\/es\\\/tours\\\/viaje-de-2-dias-a-luxor-y-el-cairo-desde-marsa-alam-2\\\/#breadcrumb\"},\"inLanguage\":\"es\",\"potentialAction\":[{\"@type\":\"ReadAction\",\"target\":[\"https:\\\/\\\/egytourpackages.com\\\/es\\\/tours\\\/viaje-de-2-dias-a-luxor-y-el-cairo-desde-marsa-alam-2\\\/\"]}]},{\"@type\":\"ImageObject\",\"inLanguage\":\"es\",\"@id\":\"https:\\\/\\\/egytourpackages.com\\\/es\\\/tours\\\/viaje-de-2-dias-a-luxor-y-el-cairo-desde-marsa-alam-2\\\/#primaryimage\",\"url\":\"https:\\\/\\\/egytourpackages.com\\\/wp-content\\\/uploads\\\/2025\\\/05\\\/Giza-Pyramids-at-night.jpg\",\"contentUrl\":\"https:\\\/\\\/egytourpackages.com\\\/wp-content\\\/uploads\\\/2025\\\/05\\\/Giza-Pyramids-at-night.jpg\",\"width\":1200,\"height\":554,\"caption\":\"Viaje de 2 D\u00edas a Luxor y El Cairo desde Marsa Alam\"},{\"@type\":\"BreadcrumbList\",\"@id\":\"https:\\\/\\\/egytourpackages.com\\\/es\\\/tours\\\/viaje-de-2-dias-a-luxor-y-el-cairo-desde-marsa-alam-2\\\/#breadcrumb\",\"itemListElement\":[{\"@type\":\"ListItem\",\"position\":1,\"name\":\"Home\",\"item\":\"https:\\\/\\\/egytourpackages.com\\\/es\\\/paquetes-de-viaje-a-egipto\\\/\"},{\"@type\":\"ListItem\",\"position\":2,\"name\":\"Shop\",\"item\":\"https:\\\/\\\/egytourpackages.com\\\/shop\\\/\"},{\"@type\":\"ListItem\",\"position\":3,\"name\":\"Viaje de 2 D\u00edas a Luxor y El Cairo desde Marsa Alam\"}]},{\"@type\":\"WebSite\",\"@id\":\"https:\\\/\\\/egytourpackages.com\\\/es\\\/#website\",\"url\":\"https:\\\/\\\/egytourpackages.com\\\/es\\\/\",\"name\":\"Egy tour packages\",\"description\":\"\",\"publisher\":{\"@id\":\"https:\\\/\\\/egytourpackages.com\\\/es\\\/#organization\"},\"potentialAction\":[{\"@type\":\"SearchAction\",\"target\":{\"@type\":\"EntryPoint\",\"urlTemplate\":\"https:\\\/\\\/egytourpackages.com\\\/es\\\/?s={search_term_string}\"},\"query-input\":{\"@type\":\"PropertyValueSpecification\",\"valueRequired\":true,\"valueName\":\"search_term_string\"}}],\"inLanguage\":\"es\"},{\"@type\":[\"Organization\",\"Place\",\"TravelAgency\"],\"@id\":\"https:\\\/\\\/egytourpackages.com\\\/es\\\/#organization\",\"name\":\"egypt tour packages\",\"alternateName\":\"egypt tour packages\",\"url\":\"https:\\\/\\\/egytourpackages.com\\\/es\\\/\",\"logo\":{\"@id\":\"https:\\\/\\\/egytourpackages.com\\\/es\\\/tours\\\/viaje-de-2-dias-a-luxor-y-el-cairo-desde-marsa-alam-2\\\/#local-main-organization-logo\"},\"image\":{\"@id\":\"https:\\\/\\\/egytourpackages.com\\\/es\\\/tours\\\/viaje-de-2-dias-a-luxor-y-el-cairo-desde-marsa-alam-2\\\/#local-main-organization-logo\"},\"sameAs\":[\"https:\\\/\\\/www.facebook.com\\\/egytourpackages\"],\"legalName\":\"Egy tour packages\",\"address\":{\"@id\":\"https:\\\/\\\/egytourpackages.com\\\/es\\\/tours\\\/viaje-de-2-dias-a-luxor-y-el-cairo-desde-marsa-alam-2\\\/#local-main-place-address\"},\"telephone\":[\"00201000852186\",\"00201028685533\"],\"contactPoint\":{\"@type\":\"ContactPoint\",\"telephone\":\"00201000852186\"},\"openingHoursSpecification\":[{\"@type\":\"OpeningHoursSpecification\",\"dayOfWeek\":[\"Monday\",\"Tuesday\",\"Wednesday\",\"Thursday\",\"Friday\",\"Saturday\",\"Sunday\"],\"opens\":\"00:00\",\"closes\":\"23:59\"}],\"email\":\"info@egytourpackages.com\",\"areaServed\":\"Cairo, Hurghada, Luxor, Sharm El Sheikh, Marsa Alam, Aswan\",\"priceRange\":\"$\",\"currenciesAccepted\":\"euro\",\"paymentAccepted\":\"Payment links online\"},{\"@type\":\"PostalAddress\",\"@id\":\"https:\\\/\\\/egytourpackages.com\\\/es\\\/tours\\\/viaje-de-2-dias-a-luxor-y-el-cairo-desde-marsa-alam-2\\\/#local-main-place-address\",\"streetAddress\":\"Mubarak 8, Al Kawthar District, Hurghada\",\"addressLocality\":\"Hurghada\",\"postalCode\":\"84511\",\"addressRegion\":\"Red Sea\",\"addressCountry\":\"EG\"},{\"@type\":\"ImageObject\",\"inLanguage\":\"es\",\"@id\":\"https:\\\/\\\/egytourpackages.com\\\/es\\\/tours\\\/viaje-de-2-dias-a-luxor-y-el-cairo-desde-marsa-alam-2\\\/#local-main-organization-logo\",\"url\":\"https:\\\/\\\/egytourpackages.com\\\/wp-content\\\/uploads\\\/2025\\\/12\\\/Turquoise-Dahabiya-Nile-Cruise-1.jpeg\",\"contentUrl\":\"https:\\\/\\\/egytourpackages.com\\\/wp-content\\\/uploads\\\/2025\\\/12\\\/Turquoise-Dahabiya-Nile-Cruise-1.jpeg\",\"width\":1040,\"height\":694,\"caption\":\"egypt tour packages\"}]}<\/script>\n<meta property=\"product:brand\" content=\"Excursiones Egipto\" \/>\n<meta property=\"product:price:amount\" content=\"510\" \/>\n<meta property=\"product:price:currency\" content=\"EUR\" \/>\n<meta property=\"og:availability\" content=\"instock\" \/>\n<meta property=\"product:availability\" content=\"instock\" \/>\n<meta property=\"product:retailer_item_id\" content=\"MAT07\" \/>\n<meta property=\"product:condition\" content=\"new\" \/>\n<meta name=\"geo.placename\" content=\"Hurghada\" \/>\n<meta name=\"geo.region\" content=\"Egipto\" \/>\n<!-- \/ Yoast SEO Premium plugin. -->","yoast_head_json":{"title":"Viaje de 2 D\u00edas a Luxor y El Cairo desde Marsa Alam","description":"Viaje de 2 D\u00edas a Luxor y El Cairo desde Marsa Alam. Descubre las Pir\u00e1mides de Giza, el Valle de los Reyes, templos y m\u00e1s. Gu\u00eda experto y vuelos.","robots":{"index":"index","follow":"follow","max-snippet":"max-snippet:-1","max-image-preview":"max-image-preview:large","max-video-preview":"max-video-preview:-1"},"canonical":"https:\/\/egytourpackages.com\/es\/tours\/viaje-de-2-dias-a-luxor-y-el-cairo-desde-marsa-alam-2\/","og_locale":"es_ES","og_type":"article","og_title":"Viaje de 2 D\u00edas a Luxor y El Cairo desde Marsa Alam","og_description":"Viaje de 2 D\u00edas a Luxor y El Cairo desde Marsa Alam. Descubre las Pir\u00e1mides de Giza, el Valle de los Reyes, templos y m\u00e1s. Gu\u00eda experto y vuelos.","og_url":"https:\/\/egytourpackages.com\/es\/tours\/viaje-de-2-dias-a-luxor-y-el-cairo-desde-marsa-alam-2\/","og_site_name":"Egypt Tour Packages","article_publisher":"https:\/\/www.facebook.com\/egytourpackages","article_modified_time":"2026-01-04T19:51:15+00:00","og_image":[{"url":"https:\/\/egytourpackages.com\/wp-content\/uploads\/2025\/05\/Giza-Pyramids-at-night-1024x473.jpg","type":"","width":"","height":""}],"twitter_card":"summary_large_image","twitter_title":"Viaje de 2 D\u00edas a Luxor y El Cairo desde Marsa Alam","twitter_misc":{"Precio":"&euro;510","Disponibilidad":"Disponible"},"schema":{"@context":"https:\/\/schema.org","@graph":[{"@type":"WebPage","@id":"https:\/\/egytourpackages.com\/es\/tours\/viaje-de-2-dias-a-luxor-y-el-cairo-desde-marsa-alam-2\/","url":"https:\/\/egytourpackages.com\/es\/tours\/viaje-de-2-dias-a-luxor-y-el-cairo-desde-marsa-alam-2\/","name":"Viaje de 2 D\u00edas a Luxor y El Cairo desde Marsa Alam","isPartOf":{"@id":"https:\/\/egytourpackages.com\/es\/#website"},"primaryImageOfPage":{"@id":"https:\/\/egytourpackages.com\/es\/tours\/viaje-de-2-dias-a-luxor-y-el-cairo-desde-marsa-alam-2\/#primaryimage"},"image":{"@id":"https:\/\/egytourpackages.com\/es\/tours\/viaje-de-2-dias-a-luxor-y-el-cairo-desde-marsa-alam-2\/#primaryimage"},"thumbnailUrl":"https:\/\/egytourpackages.com\/wp-content\/uploads\/2025\/05\/Giza-Pyramids-at-night.jpg","datePublished":"2025-05-18T22:06:10+00:00","dateModified":"2026-01-04T19:51:15+00:00","description":"Viaje de 2 D\u00edas a Luxor y El Cairo desde Marsa Alam. Descubre las Pir\u00e1mides de Giza, el Valle de los Reyes, templos y m\u00e1s. Gu\u00eda experto y vuelos.","breadcrumb":{"@id":"https:\/\/egytourpackages.com\/es\/tours\/viaje-de-2-dias-a-luxor-y-el-cairo-desde-marsa-alam-2\/#breadcrumb"},"inLanguage":"es","potentialAction":[{"@type":"ReadAction","target":["https:\/\/egytourpackages.com\/es\/tours\/viaje-de-2-dias-a-luxor-y-el-cairo-desde-marsa-alam-2\/"]}]},{"@type":"ImageObject","inLanguage":"es","@id":"https:\/\/egytourpackages.com\/es\/tours\/viaje-de-2-dias-a-luxor-y-el-cairo-desde-marsa-alam-2\/#primaryimage","url":"https:\/\/egytourpackages.com\/wp-content\/uploads\/2025\/05\/Giza-Pyramids-at-night.jpg","contentUrl":"https:\/\/egytourpackages.com\/wp-content\/uploads\/2025\/05\/Giza-Pyramids-at-night.jpg","width":1200,"height":554,"caption":"Viaje de 2 D\u00edas a Luxor y El Cairo desde Marsa Alam"},{"@type":"BreadcrumbList","@id":"https:\/\/egytourpackages.com\/es\/tours\/viaje-de-2-dias-a-luxor-y-el-cairo-desde-marsa-alam-2\/#breadcrumb","itemListElement":[{"@type":"ListItem","position":1,"name":"Home","item":"https:\/\/egytourpackages.com\/es\/paquetes-de-viaje-a-egipto\/"},{"@type":"ListItem","position":2,"name":"Shop","item":"https:\/\/egytourpackages.com\/shop\/"},{"@type":"ListItem","position":3,"name":"Viaje de 2 D\u00edas a Luxor y El Cairo desde Marsa Alam"}]},{"@type":"WebSite","@id":"https:\/\/egytourpackages.com\/es\/#website","url":"https:\/\/egytourpackages.com\/es\/","name":"Egy tour packages","description":"","publisher":{"@id":"https:\/\/egytourpackages.com\/es\/#organization"},"potentialAction":[{"@type":"SearchAction","target":{"@type":"EntryPoint","urlTemplate":"https:\/\/egytourpackages.com\/es\/?s={search_term_string}"},"query-input":{"@type":"PropertyValueSpecification","valueRequired":true,"valueName":"search_term_string"}}],"inLanguage":"es"},{"@type":["Organization","Place","TravelAgency"],"@id":"https:\/\/egytourpackages.com\/es\/#organization","name":"egypt tour packages","alternateName":"egypt tour packages","url":"https:\/\/egytourpackages.com\/es\/","logo":{"@id":"https:\/\/egytourpackages.com\/es\/tours\/viaje-de-2-dias-a-luxor-y-el-cairo-desde-marsa-alam-2\/#local-main-organization-logo"},"image":{"@id":"https:\/\/egytourpackages.com\/es\/tours\/viaje-de-2-dias-a-luxor-y-el-cairo-desde-marsa-alam-2\/#local-main-organization-logo"},"sameAs":["https:\/\/www.facebook.com\/egytourpackages"],"legalName":"Egy tour packages","address":{"@id":"https:\/\/egytourpackages.com\/es\/tours\/viaje-de-2-dias-a-luxor-y-el-cairo-desde-marsa-alam-2\/#local-main-place-address"},"telephone":["00201000852186","00201028685533"],"contactPoint":{"@type":"ContactPoint","telephone":"00201000852186"},"openingHoursSpecification":[{"@type":"OpeningHoursSpecification","dayOfWeek":["Monday","Tuesday","Wednesday","Thursday","Friday","Saturday","Sunday"],"opens":"00:00","closes":"23:59"}],"email":"info@egytourpackages.com","areaServed":"Cairo, Hurghada, Luxor, Sharm El Sheikh, Marsa Alam, Aswan","priceRange":"$","currenciesAccepted":"euro","paymentAccepted":"Payment links online"},{"@type":"PostalAddress","@id":"https:\/\/egytourpackages.com\/es\/tours\/viaje-de-2-dias-a-luxor-y-el-cairo-desde-marsa-alam-2\/#local-main-place-address","streetAddress":"Mubarak 8, Al Kawthar District, Hurghada","addressLocality":"Hurghada","postalCode":"84511","addressRegion":"Red Sea","addressCountry":"EG"},{"@type":"ImageObject","inLanguage":"es","@id":"https:\/\/egytourpackages.com\/es\/tours\/viaje-de-2-dias-a-luxor-y-el-cairo-desde-marsa-alam-2\/#local-main-organization-logo","url":"https:\/\/egytourpackages.com\/wp-content\/uploads\/2025\/12\/Turquoise-Dahabiya-Nile-Cruise-1.jpeg","contentUrl":"https:\/\/egytourpackages.com\/wp-content\/uploads\/2025\/12\/Turquoise-Dahabiya-Nile-Cruise-1.jpeg","width":1040,"height":694,"caption":"egypt tour packages"}]},"product_brand":"Excursiones Egipto","product_price_amount":"510","product_price_currency":"EUR","og_availability":"instock","product_availability":"instock","product_retailer_item_id":"MAT07","product_condition":"new","geo.placename":"Hurghada","geo.region":"Egipto"},"_links":{"self":[{"href":"https:\/\/egytourpackages.com\/es\/wp-json\/wp\/v2\/product\/7019","targetHints":{"allow":["GET"]}}],"collection":[{"href":"https:\/\/egytourpackages.com\/es\/wp-json\/wp\/v2\/product"}],"about":[{"href":"https:\/\/egytourpackages.com\/es\/wp-json\/wp\/v2\/types\/product"}],"replies":[{"embeddable":true,"href":"https:\/\/egytourpackages.com\/es\/wp-json\/wp\/v2\/comments?post=7019"}],"wp:featuredmedia":[{"embeddable":true,"href":"https:\/\/egytourpackages.com\/es\/wp-json\/wp\/v2\/media\/7020"}],"wp:attachment":[{"href":"https:\/\/egytourpackages.com\/es\/wp-json\/wp\/v2\/media?parent=7019"}],"wp:term":[{"taxonomy":"product_brand","embeddable":true,"href":"https:\/\/egytourpackages.com\/es\/wp-json\/wp\/v2\/product_brand?post=7019"},{"taxonomy":"product_cat","embeddable":true,"href":"https:\/\/egytourpackages.com\/es\/wp-json\/wp\/v2\/product_cat?post=7019"},{"taxonomy":"product_tag","embeddable":true,"href":"https:\/\/egytourpackages.com\/es\/wp-json\/wp\/v2\/product_tag?post=7019"}],"curies":[{"name":"wp","href":"https:\/\/api.w.org\/{rel}","templated":true}]}}