{"id":7195,"date":"2025-03-30T22:31:30","date_gmt":"2025-03-30T22:31:30","guid":{"rendered":"https:\/\/egytourpackages.com\/product\/paseo-en-quad-por-la-manana-desde-hurghada\/"},"modified":"2026-01-28T23:36:47","modified_gmt":"2026-01-28T23:36:47","slug":"paseo-en-quad-por-la-manana-desde-hurghada","status":"publish","type":"product","link":"https:\/\/egytourpackages.com\/es\/tours\/paseo-en-quad-por-la-manana-desde-hurghada\/","title":{"rendered":"Paseo en Quad por la Ma\u00f1ana desde Hurghada"},"content":{"rendered":"<p><span style=\"color: #ff6600;\"><strong>Paseo en Quad por la Ma\u00f1ana desde Hurghada | Aventura en el desierto del Mar Rojo<\/strong><\/span><\/p>\n<h2><span style=\"color: #ff6600;\">Resumen<\/span><\/h2>\n<p>El <strong>paseo en quad por la ma\u00f1ana desde Hurghada<\/strong> es una experiencia \u00fanica en el desierto del Mar Rojo que nunca olvidar\u00e1. Reserve un <strong>safari en quad por el desierto de Hurghada por la ma\u00f1ana<\/strong>, una maravillosa aventura lejos de las multitudes de los hoteles y con sus seres queridos.<\/p>\n<p>Conduzca <strong>quads<\/strong> en el <strong>desierto del Mar Rojo<\/strong> en un <strong>tour de safari<\/strong> de <strong>lujo<\/strong> con un <strong>gu\u00eda experto<\/strong> hacia la Monta\u00f1a del Mar Rojo. Disfrute de la conducci\u00f3n de <strong>quads<\/strong> y de la velocidad <strong>fuera de la carretera<\/strong>, una de las ideas m\u00e1s atractivas para tours juveniles, con la que sentir\u00e1 emoci\u00f3n y adrenalina durante todo el viaje. Adem\u00e1s de la experiencia \u00fanica, ofrecemos traslado privado desde cualquier lugar de Hurghada al campamento en el desierto y de regreso. Tambi\u00e9n ofrecemos un <strong>tour de safari privado por el desierto para familias, parejas y amigos<\/strong>.<\/p>\n<p>Reserve estas <strong>vacaciones de safari baratas<\/strong> y obtenga el mejor precio para el tour por el desierto del Sahara para experimentar la vida beduina y disfrutar de las pintorescas vistas del desierto. Disfrute de una breve prueba de conducci\u00f3n y luego parta hacia el <strong>pueblo beduino<\/strong> para probar el t\u00e9 beduino, montar en camello y descubrir la vida cotidiana beduina.<\/p>\n<p>Ya sea que sea un jinete experimentado o un novato, este <strong>safari en quad por la ma\u00f1ana en Hurghada<\/strong> le proporcionar\u00e1 una aventura inolvidable. \u00a1Reserve su <strong>paseo en quad por la ma\u00f1ana en Hurghada<\/strong> para un comienzo emocionante de su d\u00eda en Egipto!<\/p>\n<h3><span style=\"color: #ff6600;\">Detalles del tour<\/span><\/h3>\n<ul>\n<li>Duraci\u00f3n: 4 horas de tour, incluyendo el traslado<\/li>\n<li>Hora de recogida: Ma\u00f1ana a las 08:00<\/li>\n<li>Hora de regreso: Ma\u00f1ana a las 12:30<\/li>\n<li>Tipo de tour: En grupo<\/li>\n<li>Disponibilidad: Todos los d\u00edas<\/li>\n<li>Duraci\u00f3n: 3 horas<\/li>\n<li>Tama\u00f1o del grupo: 6-15 personas<\/li>\n<li><strong>Idiomas: Espa\u00f1ol<\/strong><\/li>\n<li>Horario: Reserva en l\u00ednea<\/li>\n<li>Recogida y regreso: Hoteles de Hurghada<\/li>\n<\/ul>\n<h3><span style=\"color: #ff6600;\">Puntos destacados<\/span><\/h3>\n<ul>\n<li>Paseo en quad de 25 km<\/li>\n<li>Pueblo beduino<\/li>\n<li>Paseo en camello<\/li>\n<\/ul>\n<h3><span style=\"color: #ff6600;\">Inclusiones<\/span><\/h3>\n<ul>\n<li>Recogida y regreso al hotel<\/li>\n<li>Impuestos<\/li>\n<li>Gu\u00eda de safari por el desierto que habla espa\u00f1ol<\/li>\n<li>Agua<\/li>\n<li>Casco<\/li>\n<\/ul>\n<h3><span style=\"color: #ff6600;\">Exclusiones<\/span><\/h3>\n<ul>\n<li>Propinas<\/li>\n<li>Pa\u00f1uelo<\/li>\n<li>Gafas protectoras<\/li>\n<li>DVD o fotos del camar\u00f3grafo<\/li>\n<li>Cualquier extra no mencionado<\/li>\n<\/ul>\n<h3><span style=\"color: #ff6600;\">Itinerario<\/span><\/h3>\n<p>Comience su <strong>paseo en quad por la ma\u00f1ana en Hurghada<\/strong> con un traslado desde el hotel a la estaci\u00f3n de safari por el desierto. Reciba su equipo de seguridad y comience con instrucciones detalladas de su gu\u00eda para que se sienta c\u00f3modo con sus veh\u00edculos.<\/p>\n<p>Salga de la estaci\u00f3n de quads a bordo de su <strong>quad privado<\/strong> hacia algunos de los lugares m\u00e1s espectaculares del desierto. Pruebe la <strong>aventura de safari por el desierto<\/strong> sobre las dunas de arena.<\/p>\n<p>Disfrutar\u00e1 de dos paradas para fotos durante el camino al pueblo beduino.<\/p>\n<h3><span style=\"color: #ff6600;\">Campamento beduino<\/span><\/h3>\n<p>Rel\u00e1jese en la tienda de estilo beduino en el pueblo beduino y saboree un poco de t\u00e9 egipcio con menta. Disfrute de un <strong>paseo en camello<\/strong> antes de que termine su tour. Luego, despu\u00e9s de un paseo en camello, regrese a la estaci\u00f3n de ATV antes de ser trasladado de vuelta a su hotel al final de sus <strong>excursiones en Hurghada<\/strong>.<\/p>\n<h2><span style=\"color: #ff6600;\">Nota:<\/span><\/h2>\n<p>No se permite a ni\u00f1os menores de 14 a\u00f1os conducir el quad.<\/p>\n<h3><span style=\"color: #ff6600;\">Precio del paseo en quad por la ma\u00f1ana en Hurghada<\/span><\/h3>\n<ul>\n<li>Precio adulto: 20 \u20ac<\/li>\n<li>Ni\u00f1os de 0 a 5 a\u00f1os: Gratis<\/li>\n<li>Ni\u00f1os de 5 a 11 a\u00f1os: 50% del precio de adulto<\/li>\n<\/ul>\n<h3><span style=\"color: #ff6600;\">Reserva<\/span><\/h3>\n<ul>\n<li>Puede reservar su tour a trav\u00e9s de WhatsApp o enviarnos un correo electr\u00f3nico y recibir\u00e1 la confirmaci\u00f3n al instante.<\/li>\n<li>Por favor, env\u00edenos el nombre de su hotel, el n\u00famero de habitaci\u00f3n y las copias de su pasaporte.<\/li>\n<\/ul>\n<p>WhatsApp: +201000852186<\/p>\n<p>info@egytourpackages.com<\/p>\n<h3><span style=\"color: #ff6600;\">Reserve ahora y pague en el lugar<\/span><\/h3>\n<p>Reserve su tour favorito y pague el d\u00eda del viaje.<\/p>\n<h3><span style=\"color: #ff6600;\">Pago<\/span><\/h3>\n<p>Puede pagar en libras egipcias, $, \u20ac o \u00a3.<\/p>\n<h3><span style=\"color: #ff6600;\">Pol\u00edtica de cancelaci\u00f3n<\/span><\/h3>\n<ul>\n<li>La cancelaci\u00f3n es gratuita hasta 24 horas de antelaci\u00f3n.<\/li>\n<li>La cancelaci\u00f3n por la ma\u00f1ana es el 50% del precio.<\/li>\n<\/ul>\n","protected":false},"excerpt":{"rendered":"<p>Paseo en Quad por la Ma\u00f1ana desde Hurghada. Acelera a trav\u00e9s de las dunas, visita un pueblo beduino y disfruta de la adrenalina.\u00a1Reserva tu emoci\u00f3n!<\/p>\n","protected":false},"featured_media":7196,"comment_status":"open","ping_status":"closed","template":"","meta":[],"product_brand":[],"product_cat":[3128],"product_tag":[3188,3187],"class_list":{"0":"post-7195","1":"product","2":"type-product","3":"status-publish","4":"has-post-thumbnail","6":"product_cat-tours","7":"product_tag-excursiones-egipto","8":"product_tag-excursiones-en-hurgada","9":"tour_category-excursiones-egipto-es","10":"tour_category-excursiones-en-hurgada-es","11":"tour_category-safaris-por-el-desierto-de-hurghada","13":"first","14":"instock","15":"sale","16":"shipping-taxable","17":"purchasable","18":"product-type-tour","19":"has-default-attributes"},"yoast_head":"<!-- This site is optimized with the Yoast SEO Premium plugin v27.4 (Yoast SEO v27.4) - https:\/\/yoast.com\/product\/yoast-seo-premium-wordpress\/ -->\n<title>Paseo en Quad por la Ma\u00f1ana desde Hurghada<\/title>\n<meta name=\"description\" content=\"Paseo en Quad por la Ma\u00f1ana desde Hurghada. Acelera a trav\u00e9s de las dunas, visita un pueblo beduino y disfruta de la adrenalina.\u00a1Reserva tu emoci\u00f3n!\" \/>\n<meta name=\"robots\" content=\"index, follow, max-snippet:-1, max-image-preview:large, max-video-preview:-1\" \/>\n<link rel=\"canonical\" href=\"https:\/\/egytourpackages.com\/es\/tours\/paseo-en-quad-por-la-manana-desde-hurghada\/\" \/>\n<meta property=\"og:locale\" content=\"es_ES\" \/>\n<meta property=\"og:type\" content=\"article\" \/>\n<meta property=\"og:title\" content=\"Paseo en Quad por la Ma\u00f1ana desde Hurghada\" \/>\n<meta property=\"og:description\" content=\"Paseo en Quad por la Ma\u00f1ana desde Hurghada. Acelera a trav\u00e9s de las dunas, visita un pueblo beduino y disfruta de la adrenalina.\u00a1Reserva tu emoci\u00f3n!\" \/>\n<meta property=\"og:url\" content=\"https:\/\/egytourpackages.com\/es\/tours\/paseo-en-quad-por-la-manana-desde-hurghada\/\" \/>\n<meta property=\"og:site_name\" content=\"Egypt Tour Packages\" \/>\n<meta property=\"article:publisher\" content=\"https:\/\/www.facebook.com\/egytourpackages\" \/>\n<meta property=\"article:modified_time\" content=\"2026-01-28T23:36:47+00:00\" \/>\n<meta property=\"og:image\" content=\"https:\/\/egytourpackages.com\/wp-content\/uploads\/2025\/03\/Morning-Quad-Biking-Safari-from-Hurghada.jpeg\" \/>\n\t<meta property=\"og:image:width\" content=\"1200\" \/>\n\t<meta property=\"og:image:height\" content=\"799\" \/>\n\t<meta property=\"og:image:type\" content=\"image\/jpeg\" \/>\n<meta name=\"twitter:card\" content=\"summary_large_image\" \/>\n<meta name=\"twitter:title\" content=\"Paseo en Quad por la Ma\u00f1ana desde Hurghada\" \/>\n<meta name=\"twitter:label1\" content=\"Precio\" \/>\n\t<meta name=\"twitter:data1\" content=\"&euro;20\" \/>\n\t<meta name=\"twitter:label2\" content=\"Disponibilidad\" \/>\n\t<meta name=\"twitter:data2\" content=\"Disponible\" \/>\n<script type=\"application\/ld+json\" class=\"yoast-schema-graph\">{\"@context\":\"https:\\\/\\\/schema.org\",\"@graph\":[{\"@type\":\"WebPage\",\"@id\":\"https:\\\/\\\/egytourpackages.com\\\/es\\\/tours\\\/paseo-en-quad-por-la-manana-desde-hurghada\\\/\",\"url\":\"https:\\\/\\\/egytourpackages.com\\\/es\\\/tours\\\/paseo-en-quad-por-la-manana-desde-hurghada\\\/\",\"name\":\"Paseo en Quad por la Ma\u00f1ana desde Hurghada\",\"isPartOf\":{\"@id\":\"https:\\\/\\\/egytourpackages.com\\\/es\\\/#website\"},\"primaryImageOfPage\":{\"@id\":\"https:\\\/\\\/egytourpackages.com\\\/es\\\/tours\\\/paseo-en-quad-por-la-manana-desde-hurghada\\\/#primaryimage\"},\"image\":{\"@id\":\"https:\\\/\\\/egytourpackages.com\\\/es\\\/tours\\\/paseo-en-quad-por-la-manana-desde-hurghada\\\/#primaryimage\"},\"thumbnailUrl\":\"https:\\\/\\\/egytourpackages.com\\\/wp-content\\\/uploads\\\/2025\\\/03\\\/Morning-Quad-Biking-Safari-from-Hurghada.jpeg\",\"datePublished\":\"2025-03-30T22:31:30+00:00\",\"dateModified\":\"2026-01-28T23:36:47+00:00\",\"description\":\"Paseo en Quad por la Ma\u00f1ana desde Hurghada. Acelera a trav\u00e9s de las dunas, visita un pueblo beduino y disfruta de la adrenalina.\u00a1Reserva tu emoci\u00f3n!\",\"breadcrumb\":{\"@id\":\"https:\\\/\\\/egytourpackages.com\\\/es\\\/tours\\\/paseo-en-quad-por-la-manana-desde-hurghada\\\/#breadcrumb\"},\"inLanguage\":\"es\",\"potentialAction\":[{\"@type\":\"ReadAction\",\"target\":[\"https:\\\/\\\/egytourpackages.com\\\/es\\\/tours\\\/paseo-en-quad-por-la-manana-desde-hurghada\\\/\"]}]},{\"@type\":\"ImageObject\",\"inLanguage\":\"es\",\"@id\":\"https:\\\/\\\/egytourpackages.com\\\/es\\\/tours\\\/paseo-en-quad-por-la-manana-desde-hurghada\\\/#primaryimage\",\"url\":\"https:\\\/\\\/egytourpackages.com\\\/wp-content\\\/uploads\\\/2025\\\/03\\\/Morning-Quad-Biking-Safari-from-Hurghada.jpeg\",\"contentUrl\":\"https:\\\/\\\/egytourpackages.com\\\/wp-content\\\/uploads\\\/2025\\\/03\\\/Morning-Quad-Biking-Safari-from-Hurghada.jpeg\",\"width\":1200,\"height\":799,\"caption\":\"Paseo en Quad por la Ma\u00f1ana desde Hurghada\"},{\"@type\":\"BreadcrumbList\",\"@id\":\"https:\\\/\\\/egytourpackages.com\\\/es\\\/tours\\\/paseo-en-quad-por-la-manana-desde-hurghada\\\/#breadcrumb\",\"itemListElement\":[{\"@type\":\"ListItem\",\"position\":1,\"name\":\"Home\",\"item\":\"https:\\\/\\\/egytourpackages.com\\\/es\\\/paquetes-de-viaje-a-egipto\\\/\"},{\"@type\":\"ListItem\",\"position\":2,\"name\":\"Shop\",\"item\":\"https:\\\/\\\/egytourpackages.com\\\/shop\\\/\"},{\"@type\":\"ListItem\",\"position\":3,\"name\":\"Paseo en Quad por la Ma\u00f1ana desde Hurghada\"}]},{\"@type\":\"WebSite\",\"@id\":\"https:\\\/\\\/egytourpackages.com\\\/es\\\/#website\",\"url\":\"https:\\\/\\\/egytourpackages.com\\\/es\\\/\",\"name\":\"Egy tour packages\",\"description\":\"\",\"publisher\":{\"@id\":\"https:\\\/\\\/egytourpackages.com\\\/es\\\/#organization\"},\"potentialAction\":[{\"@type\":\"SearchAction\",\"target\":{\"@type\":\"EntryPoint\",\"urlTemplate\":\"https:\\\/\\\/egytourpackages.com\\\/es\\\/?s={search_term_string}\"},\"query-input\":{\"@type\":\"PropertyValueSpecification\",\"valueRequired\":true,\"valueName\":\"search_term_string\"}}],\"inLanguage\":\"es\"},{\"@type\":[\"Organization\",\"Place\",\"TravelAgency\"],\"@id\":\"https:\\\/\\\/egytourpackages.com\\\/es\\\/#organization\",\"name\":\"egypt tour packages\",\"alternateName\":\"egypt tour packages\",\"url\":\"https:\\\/\\\/egytourpackages.com\\\/es\\\/\",\"logo\":{\"@id\":\"https:\\\/\\\/egytourpackages.com\\\/es\\\/tours\\\/paseo-en-quad-por-la-manana-desde-hurghada\\\/#local-main-organization-logo\"},\"image\":{\"@id\":\"https:\\\/\\\/egytourpackages.com\\\/es\\\/tours\\\/paseo-en-quad-por-la-manana-desde-hurghada\\\/#local-main-organization-logo\"},\"sameAs\":[\"https:\\\/\\\/www.facebook.com\\\/egytourpackages\"],\"legalName\":\"Egy tour packages\",\"address\":{\"@id\":\"https:\\\/\\\/egytourpackages.com\\\/es\\\/tours\\\/paseo-en-quad-por-la-manana-desde-hurghada\\\/#local-main-place-address\"},\"telephone\":[\"00201000852186\",\"00201028685533\"],\"contactPoint\":{\"@type\":\"ContactPoint\",\"telephone\":\"00201000852186\"},\"openingHoursSpecification\":[{\"@type\":\"OpeningHoursSpecification\",\"dayOfWeek\":[\"Monday\",\"Tuesday\",\"Wednesday\",\"Thursday\",\"Friday\",\"Saturday\",\"Sunday\"],\"opens\":\"00:00\",\"closes\":\"23:59\"}],\"email\":\"info@egytourpackages.com\",\"areaServed\":\"Cairo, Hurghada, Luxor, Sharm El Sheikh, Marsa Alam, Aswan\",\"priceRange\":\"$\",\"currenciesAccepted\":\"euro\",\"paymentAccepted\":\"Payment links online\"},{\"@type\":\"PostalAddress\",\"@id\":\"https:\\\/\\\/egytourpackages.com\\\/es\\\/tours\\\/paseo-en-quad-por-la-manana-desde-hurghada\\\/#local-main-place-address\",\"streetAddress\":\"Mubarak 8, Al Kawthar District, Hurghada\",\"addressLocality\":\"Hurghada\",\"postalCode\":\"84511\",\"addressRegion\":\"Red Sea\",\"addressCountry\":\"EG\"},{\"@type\":\"ImageObject\",\"inLanguage\":\"es\",\"@id\":\"https:\\\/\\\/egytourpackages.com\\\/es\\\/tours\\\/paseo-en-quad-por-la-manana-desde-hurghada\\\/#local-main-organization-logo\",\"url\":\"https:\\\/\\\/egytourpackages.com\\\/wp-content\\\/uploads\\\/2025\\\/12\\\/Turquoise-Dahabiya-Nile-Cruise-1.jpeg\",\"contentUrl\":\"https:\\\/\\\/egytourpackages.com\\\/wp-content\\\/uploads\\\/2025\\\/12\\\/Turquoise-Dahabiya-Nile-Cruise-1.jpeg\",\"width\":1040,\"height\":694,\"caption\":\"egypt tour packages\"}]}<\/script>\n<meta property=\"product:brand\" content=\"Excursiones Egipto\" \/>\n<meta property=\"product:price:amount\" content=\"20\" \/>\n<meta property=\"product:price:currency\" content=\"EUR\" \/>\n<meta property=\"og:availability\" content=\"instock\" \/>\n<meta property=\"product:availability\" content=\"instock\" \/>\n<meta property=\"product:retailer_item_id\" content=\"HDT12\" \/>\n<meta property=\"product:condition\" content=\"new\" \/>\n<meta name=\"geo.placename\" content=\"Hurghada\" \/>\n<meta name=\"geo.region\" content=\"Egipto\" \/>\n<!-- \/ Yoast SEO Premium plugin. -->","yoast_head_json":{"title":"Paseo en Quad por la Ma\u00f1ana desde Hurghada","description":"Paseo en Quad por la Ma\u00f1ana desde Hurghada. Acelera a trav\u00e9s de las dunas, visita un pueblo beduino y disfruta de la adrenalina.\u00a1Reserva tu emoci\u00f3n!","robots":{"index":"index","follow":"follow","max-snippet":"max-snippet:-1","max-image-preview":"max-image-preview:large","max-video-preview":"max-video-preview:-1"},"canonical":"https:\/\/egytourpackages.com\/es\/tours\/paseo-en-quad-por-la-manana-desde-hurghada\/","og_locale":"es_ES","og_type":"article","og_title":"Paseo en Quad por la Ma\u00f1ana desde Hurghada","og_description":"Paseo en Quad por la Ma\u00f1ana desde Hurghada. Acelera a trav\u00e9s de las dunas, visita un pueblo beduino y disfruta de la adrenalina.\u00a1Reserva tu emoci\u00f3n!","og_url":"https:\/\/egytourpackages.com\/es\/tours\/paseo-en-quad-por-la-manana-desde-hurghada\/","og_site_name":"Egypt Tour Packages","article_publisher":"https:\/\/www.facebook.com\/egytourpackages","article_modified_time":"2026-01-28T23:36:47+00:00","og_image":[{"width":1200,"height":799,"url":"https:\/\/egytourpackages.com\/wp-content\/uploads\/2025\/03\/Morning-Quad-Biking-Safari-from-Hurghada.jpeg","type":"image\/jpeg"}],"twitter_card":"summary_large_image","twitter_title":"Paseo en Quad por la Ma\u00f1ana desde Hurghada","twitter_misc":{"Precio":"&euro;20","Disponibilidad":"Disponible"},"schema":{"@context":"https:\/\/schema.org","@graph":[{"@type":"WebPage","@id":"https:\/\/egytourpackages.com\/es\/tours\/paseo-en-quad-por-la-manana-desde-hurghada\/","url":"https:\/\/egytourpackages.com\/es\/tours\/paseo-en-quad-por-la-manana-desde-hurghada\/","name":"Paseo en Quad por la Ma\u00f1ana desde Hurghada","isPartOf":{"@id":"https:\/\/egytourpackages.com\/es\/#website"},"primaryImageOfPage":{"@id":"https:\/\/egytourpackages.com\/es\/tours\/paseo-en-quad-por-la-manana-desde-hurghada\/#primaryimage"},"image":{"@id":"https:\/\/egytourpackages.com\/es\/tours\/paseo-en-quad-por-la-manana-desde-hurghada\/#primaryimage"},"thumbnailUrl":"https:\/\/egytourpackages.com\/wp-content\/uploads\/2025\/03\/Morning-Quad-Biking-Safari-from-Hurghada.jpeg","datePublished":"2025-03-30T22:31:30+00:00","dateModified":"2026-01-28T23:36:47+00:00","description":"Paseo en Quad por la Ma\u00f1ana desde Hurghada. Acelera a trav\u00e9s de las dunas, visita un pueblo beduino y disfruta de la adrenalina.\u00a1Reserva tu emoci\u00f3n!","breadcrumb":{"@id":"https:\/\/egytourpackages.com\/es\/tours\/paseo-en-quad-por-la-manana-desde-hurghada\/#breadcrumb"},"inLanguage":"es","potentialAction":[{"@type":"ReadAction","target":["https:\/\/egytourpackages.com\/es\/tours\/paseo-en-quad-por-la-manana-desde-hurghada\/"]}]},{"@type":"ImageObject","inLanguage":"es","@id":"https:\/\/egytourpackages.com\/es\/tours\/paseo-en-quad-por-la-manana-desde-hurghada\/#primaryimage","url":"https:\/\/egytourpackages.com\/wp-content\/uploads\/2025\/03\/Morning-Quad-Biking-Safari-from-Hurghada.jpeg","contentUrl":"https:\/\/egytourpackages.com\/wp-content\/uploads\/2025\/03\/Morning-Quad-Biking-Safari-from-Hurghada.jpeg","width":1200,"height":799,"caption":"Paseo en Quad por la Ma\u00f1ana desde Hurghada"},{"@type":"BreadcrumbList","@id":"https:\/\/egytourpackages.com\/es\/tours\/paseo-en-quad-por-la-manana-desde-hurghada\/#breadcrumb","itemListElement":[{"@type":"ListItem","position":1,"name":"Home","item":"https:\/\/egytourpackages.com\/es\/paquetes-de-viaje-a-egipto\/"},{"@type":"ListItem","position":2,"name":"Shop","item":"https:\/\/egytourpackages.com\/shop\/"},{"@type":"ListItem","position":3,"name":"Paseo en Quad por la Ma\u00f1ana desde Hurghada"}]},{"@type":"WebSite","@id":"https:\/\/egytourpackages.com\/es\/#website","url":"https:\/\/egytourpackages.com\/es\/","name":"Egy tour packages","description":"","publisher":{"@id":"https:\/\/egytourpackages.com\/es\/#organization"},"potentialAction":[{"@type":"SearchAction","target":{"@type":"EntryPoint","urlTemplate":"https:\/\/egytourpackages.com\/es\/?s={search_term_string}"},"query-input":{"@type":"PropertyValueSpecification","valueRequired":true,"valueName":"search_term_string"}}],"inLanguage":"es"},{"@type":["Organization","Place","TravelAgency"],"@id":"https:\/\/egytourpackages.com\/es\/#organization","name":"egypt tour packages","alternateName":"egypt tour packages","url":"https:\/\/egytourpackages.com\/es\/","logo":{"@id":"https:\/\/egytourpackages.com\/es\/tours\/paseo-en-quad-por-la-manana-desde-hurghada\/#local-main-organization-logo"},"image":{"@id":"https:\/\/egytourpackages.com\/es\/tours\/paseo-en-quad-por-la-manana-desde-hurghada\/#local-main-organization-logo"},"sameAs":["https:\/\/www.facebook.com\/egytourpackages"],"legalName":"Egy tour packages","address":{"@id":"https:\/\/egytourpackages.com\/es\/tours\/paseo-en-quad-por-la-manana-desde-hurghada\/#local-main-place-address"},"telephone":["00201000852186","00201028685533"],"contactPoint":{"@type":"ContactPoint","telephone":"00201000852186"},"openingHoursSpecification":[{"@type":"OpeningHoursSpecification","dayOfWeek":["Monday","Tuesday","Wednesday","Thursday","Friday","Saturday","Sunday"],"opens":"00:00","closes":"23:59"}],"email":"info@egytourpackages.com","areaServed":"Cairo, Hurghada, Luxor, Sharm El Sheikh, Marsa Alam, Aswan","priceRange":"$","currenciesAccepted":"euro","paymentAccepted":"Payment links online"},{"@type":"PostalAddress","@id":"https:\/\/egytourpackages.com\/es\/tours\/paseo-en-quad-por-la-manana-desde-hurghada\/#local-main-place-address","streetAddress":"Mubarak 8, Al Kawthar District, Hurghada","addressLocality":"Hurghada","postalCode":"84511","addressRegion":"Red Sea","addressCountry":"EG"},{"@type":"ImageObject","inLanguage":"es","@id":"https:\/\/egytourpackages.com\/es\/tours\/paseo-en-quad-por-la-manana-desde-hurghada\/#local-main-organization-logo","url":"https:\/\/egytourpackages.com\/wp-content\/uploads\/2025\/12\/Turquoise-Dahabiya-Nile-Cruise-1.jpeg","contentUrl":"https:\/\/egytourpackages.com\/wp-content\/uploads\/2025\/12\/Turquoise-Dahabiya-Nile-Cruise-1.jpeg","width":1040,"height":694,"caption":"egypt tour packages"}]},"product_brand":"Excursiones Egipto","product_price_amount":"20","product_price_currency":"EUR","og_availability":"instock","product_availability":"instock","product_retailer_item_id":"HDT12","product_condition":"new","geo.placename":"Hurghada","geo.region":"Egipto"},"_links":{"self":[{"href":"https:\/\/egytourpackages.com\/es\/wp-json\/wp\/v2\/product\/7195","targetHints":{"allow":["GET"]}}],"collection":[{"href":"https:\/\/egytourpackages.com\/es\/wp-json\/wp\/v2\/product"}],"about":[{"href":"https:\/\/egytourpackages.com\/es\/wp-json\/wp\/v2\/types\/product"}],"replies":[{"embeddable":true,"href":"https:\/\/egytourpackages.com\/es\/wp-json\/wp\/v2\/comments?post=7195"}],"wp:featuredmedia":[{"embeddable":true,"href":"https:\/\/egytourpackages.com\/es\/wp-json\/wp\/v2\/media\/7196"}],"wp:attachment":[{"href":"https:\/\/egytourpackages.com\/es\/wp-json\/wp\/v2\/media?parent=7195"}],"wp:term":[{"taxonomy":"product_brand","embeddable":true,"href":"https:\/\/egytourpackages.com\/es\/wp-json\/wp\/v2\/product_brand?post=7195"},{"taxonomy":"product_cat","embeddable":true,"href":"https:\/\/egytourpackages.com\/es\/wp-json\/wp\/v2\/product_cat?post=7195"},{"taxonomy":"product_tag","embeddable":true,"href":"https:\/\/egytourpackages.com\/es\/wp-json\/wp\/v2\/product_tag?post=7195"}],"curies":[{"name":"wp","href":"https:\/\/api.w.org\/{rel}","templated":true}]}}