{"id":7212,"date":"2024-07-19T17:14:10","date_gmt":"2024-07-19T17:14:10","guid":{"rendered":"https:\/\/egytourpackages.com\/product\/tour-en-globo-aerostatico-en-luxor-desde-hurghada\/"},"modified":"2026-01-06T09:48:31","modified_gmt":"2026-01-06T09:48:31","slug":"tour-en-globo-aerostatico-en-luxor-desde-hurghada","status":"publish","type":"product","link":"https:\/\/egytourpackages.com\/es\/tours\/tour-en-globo-aerostatico-en-luxor-desde-hurghada\/","title":{"rendered":"Tour en Globo Aerost\u00e1tico en L\u00faxor desde Hurghada"},"content":{"rendered":"<p><span style=\"color: #ff6600;\"><strong>Tour en Globo Aerost\u00e1tico en L\u00faxor desde Hurghada | Excursi\u00f3n de un d\u00eda<\/strong><\/span><\/p>\n<h2><span style=\"color: #ff6600;\">Resumen<\/span><\/h2>\n<p>El <strong>tour en globo aerost\u00e1tico en L\u00faxor desde Hurghada<\/strong> est\u00e1 dise\u00f1ado para aquellos que desean disfrutar de un paseo en globo sobre L\u00faxor y al mismo tiempo no perderse las actividades del <strong>Mar Rojo<\/strong>. <strong>Egy tour packages<\/strong> ofrece esta <strong>popular excursi\u00f3n de un d\u00eda a L\u00faxor desde Hurghada<\/strong> que combina comodidad con vistas a\u00e9reas impresionantes de los tesoros hist\u00f3ricos de Egipto.<\/p>\n<p>Presencie un espectacular amanecer sobre el <strong>Valle de los Reyes<\/strong>, el <strong>Templo de la Reina Hatshepsut<\/strong>, los <strong>Colosos de Memn\u00f3n<\/strong> y el <strong>Ramesseum<\/strong> desde una perspectiva \u00fanica. Estas <strong>excursiones desde Hurghada<\/strong> comienzan al final del d\u00eda desde Hurghada y regresan al d\u00eda siguiente alrededor de las 14:00 pm como m\u00e1ximo. De hecho, estos <strong>paquetes tur\u00edsticos por Egipto<\/strong> incluyen traslado privado, gu\u00eda privado en L\u00faxor, pero el paseo en globo se comparte con otras personas a primera hora de la ma\u00f1ana. Por lo tanto, no pierda esta oportunidad de agregar un <strong>paseo en globo<\/strong> verdaderamente m\u00e1gico <strong>en L\u00faxor desde Hurghada<\/strong> a su aventura egipcia, capturando fotos incre\u00edbles y creando recuerdos que durar\u00e1n toda la vida.<\/p>\n<h3><span style=\"color: #ff6600;\">Detalles del tour<\/span><\/h3>\n<ul>\n<li>Duraci\u00f3n: 1 noche<\/li>\n<li>Ubicaci\u00f3n del tour: L\u00faxor<\/li>\n<li>Disponibilidad del tour: Todos los d\u00edas<\/li>\n<li>Recogida y regreso: Hoteles de Hurghada \/ Hoteles de El Gouna \/ Hoteles de Makadi Bay \/ Hoteles de Soma Bay \/ Hoteles de Sahl Hasheesh<\/li>\n<li>Tipo de tour: Tour privado<\/li>\n<li>Adecuado para: Parejas, familias, personas mayores, viajeros solos<\/li>\n<li>Silla de ruedas: Accesible<\/li>\n<li><strong>Idioma: Espa\u00f1ol<\/strong><\/li>\n<\/ul>\n<h3><span style=\"color: #ff6600;\">Puntos destacados del tour<\/span><\/h3>\n<ul>\n<li>Globo aerost\u00e1tico<\/li>\n<li>Valle de los Reyes<\/li>\n<\/ul>\n<h3><span style=\"color: #ff6600;\">Incluido<\/span><\/h3>\n<ul>\n<li>Traslado de ida y vuelta en veh\u00edculo con A\/C<\/li>\n<li>1 noche de alojamiento en hotel de L\u00faxor con cena<\/li>\n<li><strong>Gu\u00eda arque\u00f3logo privado que habla espa\u00f1ol<\/strong><\/li>\n<li>Entrada a todas las visitas tur\u00edsticas<\/li>\n<li>Globo aerost\u00e1tico<\/li>\n<\/ul>\n<h3><span style=\"color: #ff6600;\">Excluido<\/span><\/h3>\n<ul>\n<li>Bebidas durante el almuerzo<\/li>\n<li>Cualquier tumba extra en el Valle de los Reyes, como KV9, KV17 y KV62 &#8211; Tumba de Tutankam\u00f3n<\/li>\n<li>Paseo en faluca<\/li>\n<li>Propinas<\/li>\n<\/ul>\n<h3><span style=\"color: #ff6600;\">Qu\u00e9 llevar consigo<\/span><\/h3>\n<ul>\n<li>Sus pasaportes<\/li>\n<li>Gorra, gafas de sol y crema solar<\/li>\n<li>Zapatos y ropa c\u00f3modos<\/li>\n<li>Ropa de abrigo en invierno<\/li>\n<\/ul>\n<h3><span style=\"color: #ff6600;\">Itinerario<\/span><\/h3>\n<p>Encu\u00e9ntrese con su conductor en el lobby de su hotel alrededor de las 16:00 para comenzar su camino a L\u00faxor. La distancia entre Hurghada y L\u00faxor es de unos 300 km y se tarda alrededor de 4 horas en coche con una pausa para el caf\u00e9 en el camino. El programa ser\u00e1 el siguiente:<\/p>\n<ul>\n<li><strong>16:00 pm:<\/strong> Recogida en el lobby de su hotel<\/li>\n<li><strong>17:00 pm:<\/strong> Cruce del punto de control de Safaga para comenzar su camino a L\u00faxor<\/li>\n<li><strong>18:00 pm:<\/strong> Pausa para el caf\u00e9<\/li>\n<li><strong>20:00 pm:<\/strong> Llegada al hotel de L\u00faxor y check-in<\/li>\n<li><strong>21:00 pm:<\/strong> Cena en el hotel y noche<\/li>\n<\/ul>\n<p><strong>Comidas:<\/strong> Cena<\/p>\n<h3><span style=\"color: #ff6600;\">D\u00eda 2, L\u00faxor &#8211; Hurghada<\/span><\/h3>\n<ul>\n<li><strong>04:00 am:<\/strong> Recogida para el Globo Aerost\u00e1tico<\/li>\n<\/ul>\n<p>Ser\u00e1 recogido en el lobby de su hotel y llevado a la marina del Nilo para cruzar el Nilo en una lancha motora a la orilla oeste de L\u00faxor. De nuevo, ser\u00e1 trasladado al lugar de despegue para volar en Globo Aerost\u00e1tico sobre la orilla oeste de L\u00faxor. Podr\u00e1 ver f\u00e1cilmente el <strong>Valle de los Reyes<\/strong>, el <strong>Templo de Hatshepsut<\/strong>, el <strong>Ramesseum<\/strong>, los <strong>Colosos de Memn\u00f3n<\/strong> y <strong>Medinet Habu<\/strong> desde la cima. Tambi\u00e9n ver\u00e1 las <strong>tumbas de los Nobles<\/strong>, el <strong>Valle de las Reinas<\/strong> y <strong>Deir El Medina<\/strong> desde la cima.<\/p>\n<p>Al final de su aventura, ser\u00e1 trasladado directamente a su hotel para el desayuno.<\/p>\n<ul>\n<li><strong>05:00 am:<\/strong> Comienzo del despegue sobre la orilla oeste de L\u00faxor<\/li>\n<li><strong>06:00 am:<\/strong> Aterrizaje en la orilla oeste de L\u00faxor<\/li>\n<li><strong>07:00 am:<\/strong> Desayuno en el hotel<\/li>\n<li><strong>08:00 am:<\/strong> Check-out y comienzo de su visita<\/li>\n<li><strong>08:30 am:<\/strong> Valle de los Reyes<\/li>\n<li><strong>10:00 am:<\/strong> Comienzo de su camino de regreso a su hotel en Hurghada<\/li>\n<\/ul>\n<h3><span style=\"color: #ff6600;\">Precio del tour en globo aerost\u00e1tico en L\u00faxor desde Hurghada<\/span><\/h3>\n<ul>\n<li>Precio adulto: 350 \u20ac<\/li>\n<li>2personas: 230 \u20ac por persona<\/li>\n<li>3 personas: 200 \u20ac por persona<\/li>\n<li>Ni\u00f1os de 0 a 5 a\u00f1os: Gratis<\/li>\n<\/ul>\n<h3><span style=\"color: #ff6600;\">Reserva<\/span><\/h3>\n<ul>\n<li>Puede reservar su tour a trav\u00e9s de WhatsApp o enviarnos un correo electr\u00f3nico y recibir\u00e1 la confirmaci\u00f3n al instante.<\/li>\n<li>Por favor, env\u00edenos el nombre de su hotel, el n\u00famero de habitaci\u00f3n y las copias de su pasaporte.<\/li>\n<\/ul>\n<p>WhatsApp: +201000852186<\/p>\n<p>Correo electr\u00f3nico: info@egytourpackages.com<\/p>\n<h3><span style=\"color: #ff6600;\">Reserve ahora y pague en el luga<\/span><strong>r<\/strong><\/h3>\n<p>Reserve su tour favorito y pague el d\u00eda del viaje.<\/p>\n<h3><span style=\"color: #ff6600;\">Pago<\/span><\/h3>\n<p>Puede pagar en libras egipcias, $, \u20ac o \u00a3.<\/p>\n<h3><span style=\"color: #ff6600;\">Pol\u00edtica de cancelaci\u00f3n<\/span><\/h3>\n<ul>\n<li>La cancelaci\u00f3n es gratuita hasta 24 horas de antelaci\u00f3n.<\/li>\n<li>La cancelaci\u00f3n por la ma\u00f1ana es el 50% del precio.<\/li>\n<\/ul>\n","protected":false},"excerpt":{"rendered":"<p>Siente la emoci\u00f3n sobre el Valle de los Reyes. Tour en Globo Aerost\u00e1tico en L\u00faxor desde Hurghada y admira los templos de L\u00faxor al amanecer. \u00a1Reserva ahora!<\/p>\n","protected":false},"featured_media":7213,"comment_status":"open","ping_status":"closed","template":"","meta":[],"product_brand":[],"product_cat":[3128],"product_tag":[3787,3188,3187,3650],"class_list":{"0":"post-7212","1":"product","2":"type-product","3":"status-publish","4":"has-post-thumbnail","6":"product_cat-tours","7":"product_tag-excursiones-a-luxor-desde-hurghada","8":"product_tag-excursiones-egipto","9":"product_tag-excursiones-en-hurgada","10":"product_tag-reserva-los-mejores-precios-para-paseo-en-globo-en-luxor-desde-hurghada","11":"tour_category-excursiones-egipto-es","12":"tour_category-excursiones-en-hurgada-es","14":"first","15":"instock","16":"sale","17":"shipping-taxable","18":"purchasable","19":"product-type-tour","20":"has-default-attributes"},"yoast_head":"<!-- This site is optimized with the Yoast SEO Premium plugin v27.4 (Yoast SEO v27.4) - https:\/\/yoast.com\/product\/yoast-seo-premium-wordpress\/ -->\n<title>Tour en Globo Aerost\u00e1tico en L\u00faxor desde Hurghada<\/title>\n<meta name=\"description\" content=\"Siente la emoci\u00f3n sobre el Valle de los Reyes. Tour en Globo Aerost\u00e1tico en L\u00faxor desde Hurghada y admira los templos de L\u00faxor al amanecer. \u00a1Reserva ahora!\" \/>\n<meta name=\"robots\" content=\"index, follow, max-snippet:-1, max-image-preview:large, max-video-preview:-1\" \/>\n<link rel=\"canonical\" href=\"https:\/\/egytourpackages.com\/es\/tours\/tour-en-globo-aerostatico-en-luxor-desde-hurghada\/\" \/>\n<meta property=\"og:locale\" content=\"es_ES\" \/>\n<meta property=\"og:type\" content=\"article\" \/>\n<meta property=\"og:title\" content=\"Tour en Globo Aerost\u00e1tico en L\u00faxor desde Hurghada\" \/>\n<meta property=\"og:description\" content=\"Siente la emoci\u00f3n sobre el Valle de los Reyes. Tour en Globo Aerost\u00e1tico en L\u00faxor desde Hurghada y admira los templos de L\u00faxor al amanecer. \u00a1Reserva ahora!\" \/>\n<meta property=\"og:url\" content=\"https:\/\/egytourpackages.com\/es\/tours\/tour-en-globo-aerostatico-en-luxor-desde-hurghada\/\" \/>\n<meta property=\"og:site_name\" content=\"Egypt Tour Packages\" \/>\n<meta property=\"article:publisher\" content=\"https:\/\/www.facebook.com\/egytourpackages\" \/>\n<meta property=\"article:modified_time\" content=\"2026-01-06T09:48:31+00:00\" \/>\n<meta property=\"og:image\" content=\"https:\/\/egytourpackages.com\/wp-content\/uploads\/2024\/06\/Hot-Air-Balloon-Luxor-1024x768.jpg\" \/>\n<meta name=\"twitter:card\" content=\"summary_large_image\" \/>\n<meta name=\"twitter:title\" content=\"Tour en Globo Aerost\u00e1tico en L\u00faxor desde Hurghada\" \/>\n<meta name=\"twitter:label1\" content=\"Precio\" \/>\n\t<meta name=\"twitter:data1\" content=\"&euro;220\" \/>\n\t<meta name=\"twitter:label2\" content=\"Disponibilidad\" \/>\n\t<meta name=\"twitter:data2\" content=\"Disponible\" \/>\n<script type=\"application\/ld+json\" class=\"yoast-schema-graph\">{\"@context\":\"https:\\\/\\\/schema.org\",\"@graph\":[{\"@type\":\"WebPage\",\"@id\":\"https:\\\/\\\/egytourpackages.com\\\/es\\\/tours\\\/tour-en-globo-aerostatico-en-luxor-desde-hurghada\\\/\",\"url\":\"https:\\\/\\\/egytourpackages.com\\\/es\\\/tours\\\/tour-en-globo-aerostatico-en-luxor-desde-hurghada\\\/\",\"name\":\"Tour en Globo Aerost\u00e1tico en L\u00faxor desde Hurghada\",\"isPartOf\":{\"@id\":\"https:\\\/\\\/egytourpackages.com\\\/es\\\/#website\"},\"primaryImageOfPage\":{\"@id\":\"https:\\\/\\\/egytourpackages.com\\\/es\\\/tours\\\/tour-en-globo-aerostatico-en-luxor-desde-hurghada\\\/#primaryimage\"},\"image\":{\"@id\":\"https:\\\/\\\/egytourpackages.com\\\/es\\\/tours\\\/tour-en-globo-aerostatico-en-luxor-desde-hurghada\\\/#primaryimage\"},\"thumbnailUrl\":\"https:\\\/\\\/egytourpackages.com\\\/wp-content\\\/uploads\\\/2024\\\/06\\\/Hot-Air-Balloon-Luxor.jpg\",\"datePublished\":\"2024-07-19T17:14:10+00:00\",\"dateModified\":\"2026-01-06T09:48:31+00:00\",\"description\":\"Siente la emoci\u00f3n sobre el Valle de los Reyes. Tour en Globo Aerost\u00e1tico en L\u00faxor desde Hurghada y admira los templos de L\u00faxor al amanecer. \u00a1Reserva ahora!\",\"breadcrumb\":{\"@id\":\"https:\\\/\\\/egytourpackages.com\\\/es\\\/tours\\\/tour-en-globo-aerostatico-en-luxor-desde-hurghada\\\/#breadcrumb\"},\"inLanguage\":\"es\",\"potentialAction\":[{\"@type\":\"ReadAction\",\"target\":[\"https:\\\/\\\/egytourpackages.com\\\/es\\\/tours\\\/tour-en-globo-aerostatico-en-luxor-desde-hurghada\\\/\"]}]},{\"@type\":\"ImageObject\",\"inLanguage\":\"es\",\"@id\":\"https:\\\/\\\/egytourpackages.com\\\/es\\\/tours\\\/tour-en-globo-aerostatico-en-luxor-desde-hurghada\\\/#primaryimage\",\"url\":\"https:\\\/\\\/egytourpackages.com\\\/wp-content\\\/uploads\\\/2024\\\/06\\\/Hot-Air-Balloon-Luxor.jpg\",\"contentUrl\":\"https:\\\/\\\/egytourpackages.com\\\/wp-content\\\/uploads\\\/2024\\\/06\\\/Hot-Air-Balloon-Luxor.jpg\",\"width\":1900,\"height\":1425,\"caption\":\"Tour en Globo Aerost\u00e1tico en L\u00faxor desde Hurghada\"},{\"@type\":\"BreadcrumbList\",\"@id\":\"https:\\\/\\\/egytourpackages.com\\\/es\\\/tours\\\/tour-en-globo-aerostatico-en-luxor-desde-hurghada\\\/#breadcrumb\",\"itemListElement\":[{\"@type\":\"ListItem\",\"position\":1,\"name\":\"Home\",\"item\":\"https:\\\/\\\/egytourpackages.com\\\/es\\\/paquetes-de-viaje-a-egipto\\\/\"},{\"@type\":\"ListItem\",\"position\":2,\"name\":\"Shop\",\"item\":\"https:\\\/\\\/egytourpackages.com\\\/shop\\\/\"},{\"@type\":\"ListItem\",\"position\":3,\"name\":\"Tour en Globo Aerost\u00e1tico en L\u00faxor desde Hurghada\"}]},{\"@type\":\"WebSite\",\"@id\":\"https:\\\/\\\/egytourpackages.com\\\/es\\\/#website\",\"url\":\"https:\\\/\\\/egytourpackages.com\\\/es\\\/\",\"name\":\"Egy tour packages\",\"description\":\"\",\"publisher\":{\"@id\":\"https:\\\/\\\/egytourpackages.com\\\/es\\\/#organization\"},\"potentialAction\":[{\"@type\":\"SearchAction\",\"target\":{\"@type\":\"EntryPoint\",\"urlTemplate\":\"https:\\\/\\\/egytourpackages.com\\\/es\\\/?s={search_term_string}\"},\"query-input\":{\"@type\":\"PropertyValueSpecification\",\"valueRequired\":true,\"valueName\":\"search_term_string\"}}],\"inLanguage\":\"es\"},{\"@type\":[\"Organization\",\"Place\",\"TravelAgency\"],\"@id\":\"https:\\\/\\\/egytourpackages.com\\\/es\\\/#organization\",\"name\":\"egypt tour packages\",\"alternateName\":\"egypt tour packages\",\"url\":\"https:\\\/\\\/egytourpackages.com\\\/es\\\/\",\"logo\":{\"@id\":\"https:\\\/\\\/egytourpackages.com\\\/es\\\/tours\\\/tour-en-globo-aerostatico-en-luxor-desde-hurghada\\\/#local-main-organization-logo\"},\"image\":{\"@id\":\"https:\\\/\\\/egytourpackages.com\\\/es\\\/tours\\\/tour-en-globo-aerostatico-en-luxor-desde-hurghada\\\/#local-main-organization-logo\"},\"sameAs\":[\"https:\\\/\\\/www.facebook.com\\\/egytourpackages\"],\"legalName\":\"Egy tour packages\",\"address\":{\"@id\":\"https:\\\/\\\/egytourpackages.com\\\/es\\\/tours\\\/tour-en-globo-aerostatico-en-luxor-desde-hurghada\\\/#local-main-place-address\"},\"telephone\":[\"00201000852186\",\"00201028685533\"],\"contactPoint\":{\"@type\":\"ContactPoint\",\"telephone\":\"00201000852186\"},\"openingHoursSpecification\":[{\"@type\":\"OpeningHoursSpecification\",\"dayOfWeek\":[\"Monday\",\"Tuesday\",\"Wednesday\",\"Thursday\",\"Friday\",\"Saturday\",\"Sunday\"],\"opens\":\"00:00\",\"closes\":\"23:59\"}],\"email\":\"info@egytourpackages.com\",\"areaServed\":\"Cairo, Hurghada, Luxor, Sharm El Sheikh, Marsa Alam, Aswan\",\"priceRange\":\"$\",\"currenciesAccepted\":\"euro\",\"paymentAccepted\":\"Payment links online\"},{\"@type\":\"PostalAddress\",\"@id\":\"https:\\\/\\\/egytourpackages.com\\\/es\\\/tours\\\/tour-en-globo-aerostatico-en-luxor-desde-hurghada\\\/#local-main-place-address\",\"streetAddress\":\"Mubarak 8, Al Kawthar District, Hurghada\",\"addressLocality\":\"Hurghada\",\"postalCode\":\"84511\",\"addressRegion\":\"Red Sea\",\"addressCountry\":\"EG\"},{\"@type\":\"ImageObject\",\"inLanguage\":\"es\",\"@id\":\"https:\\\/\\\/egytourpackages.com\\\/es\\\/tours\\\/tour-en-globo-aerostatico-en-luxor-desde-hurghada\\\/#local-main-organization-logo\",\"url\":\"https:\\\/\\\/egytourpackages.com\\\/wp-content\\\/uploads\\\/2025\\\/12\\\/Turquoise-Dahabiya-Nile-Cruise-1.jpeg\",\"contentUrl\":\"https:\\\/\\\/egytourpackages.com\\\/wp-content\\\/uploads\\\/2025\\\/12\\\/Turquoise-Dahabiya-Nile-Cruise-1.jpeg\",\"width\":1040,\"height\":694,\"caption\":\"egypt tour packages\"}]}<\/script>\n<meta property=\"product:brand\" content=\"Excursiones Egipto\" \/>\n<meta property=\"product:price:amount\" content=\"220\" \/>\n<meta property=\"product:price:currency\" content=\"EUR\" \/>\n<meta property=\"og:availability\" content=\"instock\" \/>\n<meta property=\"product:availability\" content=\"instock\" \/>\n<meta property=\"product:retailer_item_id\" content=\"HDT18\" \/>\n<meta property=\"product:condition\" content=\"new\" \/>\n<meta name=\"geo.placename\" content=\"Hurghada\" \/>\n<meta name=\"geo.region\" content=\"Egipto\" \/>\n<!-- \/ Yoast SEO Premium plugin. -->","yoast_head_json":{"title":"Tour en Globo Aerost\u00e1tico en L\u00faxor desde Hurghada","description":"Siente la emoci\u00f3n sobre el Valle de los Reyes. Tour en Globo Aerost\u00e1tico en L\u00faxor desde Hurghada y admira los templos de L\u00faxor al amanecer. \u00a1Reserva ahora!","robots":{"index":"index","follow":"follow","max-snippet":"max-snippet:-1","max-image-preview":"max-image-preview:large","max-video-preview":"max-video-preview:-1"},"canonical":"https:\/\/egytourpackages.com\/es\/tours\/tour-en-globo-aerostatico-en-luxor-desde-hurghada\/","og_locale":"es_ES","og_type":"article","og_title":"Tour en Globo Aerost\u00e1tico en L\u00faxor desde Hurghada","og_description":"Siente la emoci\u00f3n sobre el Valle de los Reyes. Tour en Globo Aerost\u00e1tico en L\u00faxor desde Hurghada y admira los templos de L\u00faxor al amanecer. \u00a1Reserva ahora!","og_url":"https:\/\/egytourpackages.com\/es\/tours\/tour-en-globo-aerostatico-en-luxor-desde-hurghada\/","og_site_name":"Egypt Tour Packages","article_publisher":"https:\/\/www.facebook.com\/egytourpackages","article_modified_time":"2026-01-06T09:48:31+00:00","og_image":[{"url":"https:\/\/egytourpackages.com\/wp-content\/uploads\/2024\/06\/Hot-Air-Balloon-Luxor-1024x768.jpg","type":"","width":"","height":""}],"twitter_card":"summary_large_image","twitter_title":"Tour en Globo Aerost\u00e1tico en L\u00faxor desde Hurghada","twitter_misc":{"Precio":"&euro;220","Disponibilidad":"Disponible"},"schema":{"@context":"https:\/\/schema.org","@graph":[{"@type":"WebPage","@id":"https:\/\/egytourpackages.com\/es\/tours\/tour-en-globo-aerostatico-en-luxor-desde-hurghada\/","url":"https:\/\/egytourpackages.com\/es\/tours\/tour-en-globo-aerostatico-en-luxor-desde-hurghada\/","name":"Tour en Globo Aerost\u00e1tico en L\u00faxor desde Hurghada","isPartOf":{"@id":"https:\/\/egytourpackages.com\/es\/#website"},"primaryImageOfPage":{"@id":"https:\/\/egytourpackages.com\/es\/tours\/tour-en-globo-aerostatico-en-luxor-desde-hurghada\/#primaryimage"},"image":{"@id":"https:\/\/egytourpackages.com\/es\/tours\/tour-en-globo-aerostatico-en-luxor-desde-hurghada\/#primaryimage"},"thumbnailUrl":"https:\/\/egytourpackages.com\/wp-content\/uploads\/2024\/06\/Hot-Air-Balloon-Luxor.jpg","datePublished":"2024-07-19T17:14:10+00:00","dateModified":"2026-01-06T09:48:31+00:00","description":"Siente la emoci\u00f3n sobre el Valle de los Reyes. Tour en Globo Aerost\u00e1tico en L\u00faxor desde Hurghada y admira los templos de L\u00faxor al amanecer. \u00a1Reserva ahora!","breadcrumb":{"@id":"https:\/\/egytourpackages.com\/es\/tours\/tour-en-globo-aerostatico-en-luxor-desde-hurghada\/#breadcrumb"},"inLanguage":"es","potentialAction":[{"@type":"ReadAction","target":["https:\/\/egytourpackages.com\/es\/tours\/tour-en-globo-aerostatico-en-luxor-desde-hurghada\/"]}]},{"@type":"ImageObject","inLanguage":"es","@id":"https:\/\/egytourpackages.com\/es\/tours\/tour-en-globo-aerostatico-en-luxor-desde-hurghada\/#primaryimage","url":"https:\/\/egytourpackages.com\/wp-content\/uploads\/2024\/06\/Hot-Air-Balloon-Luxor.jpg","contentUrl":"https:\/\/egytourpackages.com\/wp-content\/uploads\/2024\/06\/Hot-Air-Balloon-Luxor.jpg","width":1900,"height":1425,"caption":"Tour en Globo Aerost\u00e1tico en L\u00faxor desde Hurghada"},{"@type":"BreadcrumbList","@id":"https:\/\/egytourpackages.com\/es\/tours\/tour-en-globo-aerostatico-en-luxor-desde-hurghada\/#breadcrumb","itemListElement":[{"@type":"ListItem","position":1,"name":"Home","item":"https:\/\/egytourpackages.com\/es\/paquetes-de-viaje-a-egipto\/"},{"@type":"ListItem","position":2,"name":"Shop","item":"https:\/\/egytourpackages.com\/shop\/"},{"@type":"ListItem","position":3,"name":"Tour en Globo Aerost\u00e1tico en L\u00faxor desde Hurghada"}]},{"@type":"WebSite","@id":"https:\/\/egytourpackages.com\/es\/#website","url":"https:\/\/egytourpackages.com\/es\/","name":"Egy tour packages","description":"","publisher":{"@id":"https:\/\/egytourpackages.com\/es\/#organization"},"potentialAction":[{"@type":"SearchAction","target":{"@type":"EntryPoint","urlTemplate":"https:\/\/egytourpackages.com\/es\/?s={search_term_string}"},"query-input":{"@type":"PropertyValueSpecification","valueRequired":true,"valueName":"search_term_string"}}],"inLanguage":"es"},{"@type":["Organization","Place","TravelAgency"],"@id":"https:\/\/egytourpackages.com\/es\/#organization","name":"egypt tour packages","alternateName":"egypt tour packages","url":"https:\/\/egytourpackages.com\/es\/","logo":{"@id":"https:\/\/egytourpackages.com\/es\/tours\/tour-en-globo-aerostatico-en-luxor-desde-hurghada\/#local-main-organization-logo"},"image":{"@id":"https:\/\/egytourpackages.com\/es\/tours\/tour-en-globo-aerostatico-en-luxor-desde-hurghada\/#local-main-organization-logo"},"sameAs":["https:\/\/www.facebook.com\/egytourpackages"],"legalName":"Egy tour packages","address":{"@id":"https:\/\/egytourpackages.com\/es\/tours\/tour-en-globo-aerostatico-en-luxor-desde-hurghada\/#local-main-place-address"},"telephone":["00201000852186","00201028685533"],"contactPoint":{"@type":"ContactPoint","telephone":"00201000852186"},"openingHoursSpecification":[{"@type":"OpeningHoursSpecification","dayOfWeek":["Monday","Tuesday","Wednesday","Thursday","Friday","Saturday","Sunday"],"opens":"00:00","closes":"23:59"}],"email":"info@egytourpackages.com","areaServed":"Cairo, Hurghada, Luxor, Sharm El Sheikh, Marsa Alam, Aswan","priceRange":"$","currenciesAccepted":"euro","paymentAccepted":"Payment links online"},{"@type":"PostalAddress","@id":"https:\/\/egytourpackages.com\/es\/tours\/tour-en-globo-aerostatico-en-luxor-desde-hurghada\/#local-main-place-address","streetAddress":"Mubarak 8, Al Kawthar District, Hurghada","addressLocality":"Hurghada","postalCode":"84511","addressRegion":"Red Sea","addressCountry":"EG"},{"@type":"ImageObject","inLanguage":"es","@id":"https:\/\/egytourpackages.com\/es\/tours\/tour-en-globo-aerostatico-en-luxor-desde-hurghada\/#local-main-organization-logo","url":"https:\/\/egytourpackages.com\/wp-content\/uploads\/2025\/12\/Turquoise-Dahabiya-Nile-Cruise-1.jpeg","contentUrl":"https:\/\/egytourpackages.com\/wp-content\/uploads\/2025\/12\/Turquoise-Dahabiya-Nile-Cruise-1.jpeg","width":1040,"height":694,"caption":"egypt tour packages"}]},"product_brand":"Excursiones Egipto","product_price_amount":"220","product_price_currency":"EUR","og_availability":"instock","product_availability":"instock","product_retailer_item_id":"HDT18","product_condition":"new","geo.placename":"Hurghada","geo.region":"Egipto"},"_links":{"self":[{"href":"https:\/\/egytourpackages.com\/es\/wp-json\/wp\/v2\/product\/7212","targetHints":{"allow":["GET"]}}],"collection":[{"href":"https:\/\/egytourpackages.com\/es\/wp-json\/wp\/v2\/product"}],"about":[{"href":"https:\/\/egytourpackages.com\/es\/wp-json\/wp\/v2\/types\/product"}],"replies":[{"embeddable":true,"href":"https:\/\/egytourpackages.com\/es\/wp-json\/wp\/v2\/comments?post=7212"}],"wp:featuredmedia":[{"embeddable":true,"href":"https:\/\/egytourpackages.com\/es\/wp-json\/wp\/v2\/media\/7213"}],"wp:attachment":[{"href":"https:\/\/egytourpackages.com\/es\/wp-json\/wp\/v2\/media?parent=7212"}],"wp:term":[{"taxonomy":"product_brand","embeddable":true,"href":"https:\/\/egytourpackages.com\/es\/wp-json\/wp\/v2\/product_brand?post=7212"},{"taxonomy":"product_cat","embeddable":true,"href":"https:\/\/egytourpackages.com\/es\/wp-json\/wp\/v2\/product_cat?post=7212"},{"taxonomy":"product_tag","embeddable":true,"href":"https:\/\/egytourpackages.com\/es\/wp-json\/wp\/v2\/product_tag?post=7212"}],"curies":[{"name":"wp","href":"https:\/\/api.w.org\/{rel}","templated":true}]}}