{"id":7401,"date":"2024-07-23T17:28:16","date_gmt":"2024-07-23T17:28:16","guid":{"rendered":"https:\/\/egytourpackages.com\/product\/safari-en-quad-por-el-desierto-de-marsa-alam-por-la-manana\/"},"modified":"2026-01-05T16:06:49","modified_gmt":"2026-01-05T16:06:49","slug":"safari-en-quad-por-el-desierto-de-marsa-alam-por-la-manana","status":"publish","type":"product","link":"https:\/\/egytourpackages.com\/es\/tours\/safari-en-quad-por-el-desierto-de-marsa-alam-por-la-manana\/","title":{"rendered":"Safari en Quad por el Desierto de Marsa Alam por la Ma\u00f1ana"},"content":{"rendered":"<p><span style=\"color: #ff6600;\"><strong>Safari en Quad por el Desierto de Marsa Alam por la Ma\u00f1ana<\/strong><\/span><\/p>\n<p>Prep\u00e1rate para un safari matutino en quad por el desierto de <strong>Marsa Alam<\/strong> y aprende sobre las tradiciones beduinas con nuestros <strong>tours por Egipto<\/strong>. \u00a1Libera tu esp\u00edritu aventurero con un emocionante <strong>Safari en Quad por el Desierto de Marsa Alam por la Ma\u00f1ana<\/strong>! De hecho, las <strong>excursiones en Marsa Alam<\/strong> ofrecen la combinaci\u00f3n perfecta de adrenalina, una impresionante belleza natural y una aut\u00e9ntica <strong>aventura en el desierto egipcio<\/strong>. Escapa del resort y sum\u00e9rgete en las arenas doradas para una experiencia inolvidable. De hecho, durante estos <strong>tours de un d\u00eda por Egipto<\/strong>, disfrutar\u00e1s de paseos en ATV sobre las dunas de arena del desierto oriental. Finalmente, los <strong>tours en Marsa Alam<\/strong> ofrecen estas excursiones de safari por el desierto como una de las <strong>mejores cosas para hacer en Marsa Alam<\/strong>. Cont\u00e1ctanos y prep\u00e1rate para una aventura matutina inolvidable.<\/p>\n<h3><span style=\"color: #ff6600;\">Detalles<\/span><\/h3>\n<ul>\n<li>Duraci\u00f3n: 6 horas<\/li>\n<li>Ubicaci\u00f3n del Tour: Desierto Oriental, Marsa Alam<\/li>\n<li>Disponibilidad del Tour: Bajo petici\u00f3n<\/li>\n<li>Recogida y Devoluci\u00f3n: Hoteles en Marsa Alam<\/li>\n<li>Tipo de Tour: Grupo \/ Privado<\/li>\n<li><strong>Idioma: Espa\u00f1ol<\/strong><\/li>\n<li>Silla de Ruedas: Accesible<\/li>\n<\/ul>\n<h3><span style=\"color: #ff6600;\">Puntos Destacados<\/span><\/h3>\n<ul>\n<li>Paseo en ATV de unos 35 km<\/li>\n<li>Paseo en camello<\/li>\n<li>Exploraci\u00f3n del estilo de vida beduino<\/li>\n<\/ul>\n<h3><span style=\"color: #ff6600;\">Incluido<\/span><\/h3>\n<ul>\n<li>Recogida y devoluci\u00f3n en los hoteles de Marsa Alam<\/li>\n<li><strong>Gu\u00eda profesional del desierto de habla espa\u00f1ola<\/strong><\/li>\n<li>Paseo en camello en el desierto de Marsa Alam<\/li>\n<li>Tour por la Aldea Beduina con t\u00e9 beduino<\/li>\n<li>Prueba de manejo antes de que comience el tour<\/li>\n<li>ATV individual o doble (Beach Buggy)<\/li>\n<li>Todos los cargos por servicio e impuestos est\u00e1n incluidos en el precio<\/li>\n<\/ul>\n<h3><span style=\"color: #ff6600;\">No Incluido<\/span><\/h3>\n<ul>\n<li>DVD y fotos tomadas por el camar\u00f3grafo<\/li>\n<li>Propinas<\/li>\n<li>Cualquier cosa no mencionada en el programa<\/li>\n<\/ul>\n<h3><span style=\"color: #ff6600;\">Qu\u00e9 Llevar Contigo<\/span><\/h3>\n<ul>\n<li>Copia de tu pasaporte<\/li>\n<li>Gorra, Gafas de Sol y Protector solar<\/li>\n<li>Zapatos y ropa c\u00f3modos<\/li>\n<\/ul>\n<h3><span style=\"color: #ff6600;\">Ten en Cuenta<\/span><\/h3>\n<ul>\n<li>Se permite conducir veh\u00edculos ATV a partir de los 16 a\u00f1os.<\/li>\n<li>Todas nuestras excursiones est\u00e1n totalmente aseguradas.<\/li>\n<li>Se recomienda el uso de cascos.<\/li>\n<li><strong>Extras con cargo<\/strong><\/li>\n<li>Pa\u00f1uelos (5 euros)<\/li>\n<li>Gafas de protecci\u00f3n de alquiler (2 euros por pieza)<\/li>\n<\/ul>\n<h2><span style=\"color: #ff6600;\">Itinerario<\/span><\/h2>\n<h3><span style=\"color: #ff6600;\">Itinerario del Safari Matutino en Quad por el Desierto de Marsa Alam<\/span><\/h3>\n<p>Emb\u00e1rcate en un emocionante <strong>Safari Matutino en Quad por el Desierto de Marsa Alam<\/strong>, una emocionante aventura de 3-4 horas. Tu <strong>tour en quad por Marsa Alam<\/strong> comienza con una c\u00f3moda recogida en el hotel, que te llevar\u00e1 a la estaci\u00f3n de quads, en lo m\u00e1s profundo del <strong>desierto de Marsa Alam<\/strong>.<\/p>\n<p>Despu\u00e9s de una completa sesi\u00f3n informativa de seguridad y la entrega del equipo, libera tu esp\u00edritu aventurero en una <strong>experiencia en quad<\/strong> de 1 a 1.5 horas, navegando por las <strong>dunas de arena<\/strong> y los vastos <strong>paisajes des\u00e9rticos<\/strong>. Este paseo lleno de adrenalina ofrece unas <strong>vistas incre\u00edbles del desierto<\/strong>.<\/p>\n<p>El safari incluye una parada cultural en una aut\u00e9ntica <strong>aldea beduina<\/strong>, donde disfrutar\u00e1s de t\u00e9 tradicional y aprender\u00e1s sobre la vida local, con un <strong>paseo opcional en camello<\/strong>. Durante toda la <strong>excursi\u00f3n por el desierto<\/strong>, captura fotos impresionantes del paisaje \u00fanico.<\/p>\n<p>El tour concluye con un c\u00f3modo traslado de regreso a tu hotel en <strong>Marsa Alam<\/strong>, lo que lo convierte en una de las <strong>mejores cosas para hacer en Marsa Alam<\/strong> para los amantes de la aventura.<\/p>\n<p>Reserva tu <strong>safari en quad por el desierto de Marsa Alam<\/strong> hoy mismo y crea recuerdos inolvidables en el coraz\u00f3n del desierto egipcio. Este es, sin duda, uno de los <strong>mejores planes en Marsa Alam<\/strong> para los entusiastas de la aventura.<\/p>\n<h3><span style=\"color: #ff6600;\">Precio del Safari Matutino en Quad por el Desierto de Marsa Alam<\/span><\/h3>\n<ul>\n<li>Precio por adulto = 35 \u20ac<\/li>\n<li>Ni\u00f1os de 0 a 5 a\u00f1os = gratis<\/li>\n<li>Ni\u00f1os de 5 a 11 a\u00f1os = 50% del precio de adulto<\/li>\n<\/ul>\n<h3><span style=\"color: #ff6600;\">Reserva<\/span><\/h3>\n<p>Puedes reservar tu tour a trav\u00e9s de WhatsApp o envi\u00e1ndonos un correo electr\u00f3nico y recibir\u00e1s la confirmaci\u00f3n al instante. Por favor, env\u00edanos el nombre de tu hotel, el n\u00famero de habitaci\u00f3n y copias de tu pasaporte.<\/p>\n<ul>\n<li>WhatsApp: +201000852186<\/li>\n<li>info@egytourpackages.com<\/li>\n<\/ul>\n<h3><span style=\"color: #ff6600;\">Reserva Ahora y Paga en el Lugar<\/span><\/h3>\n<p>Reserva tu tour favorito y paga el d\u00eda del viaje.<\/p>\n<h3><span style=\"color: #ff6600;\">Pago<\/span><\/h3>\n<p>Puedes pagar en libras egipcias, $, \u20ac o \u00a3.<\/p>\n<h3><span style=\"color: #ff6600;\">Pol\u00edtica de Cancelaci\u00f3n<\/span><\/h3>\n<ul>\n<li>La cancelaci\u00f3n es gratuita hasta 24 horas antes.<\/li>\n<li>La cancelaci\u00f3n por la ma\u00f1ana conlleva un 50% del precio.<\/li>\n<\/ul>\n","protected":false},"excerpt":{"rendered":"<p>Vive un safari en Safari en Quad por el Desierto de Marsa Alam por la Ma\u00f1ana. Explora el desierto, beduinos y da un paseo en camello para una aventura \u00fanica<\/p>\n","protected":false},"featured_media":7402,"comment_status":"open","ping_status":"closed","template":"","meta":[],"product_brand":[],"product_cat":[3128],"product_tag":[3280,3188,3715],"class_list":{"0":"post-7401","1":"product","2":"type-product","3":"status-publish","4":"has-post-thumbnail","6":"product_cat-tours","7":"product_tag-excursiones-a-marsa-alam","8":"product_tag-excursiones-egipto","9":"product_tag-paseo-en-cuatrimoto","10":"tour_category-excursiones-egipto-es","11":"tour_category-excursiones-en-marsa-alam-es","13":"first","14":"instock","15":"sale","16":"shipping-taxable","17":"purchasable","18":"product-type-tour","19":"has-default-attributes"},"yoast_head":"<!-- This site is optimized with the Yoast SEO Premium plugin v27.4 (Yoast SEO v27.4) - https:\/\/yoast.com\/product\/yoast-seo-premium-wordpress\/ -->\n<title>Safari en Quad por el Desierto de Marsa Alam por la Ma\u00f1ana<\/title>\n<meta name=\"description\" content=\"Vive un safari en Safari en Quad por el Desierto de Marsa Alam por la Ma\u00f1ana. Explora el desierto, beduinos y da un paseo en camello para una aventura \u00fanica\" \/>\n<meta name=\"robots\" content=\"index, follow, max-snippet:-1, max-image-preview:large, max-video-preview:-1\" \/>\n<link rel=\"canonical\" href=\"https:\/\/egytourpackages.com\/es\/tours\/safari-en-quad-por-el-desierto-de-marsa-alam-por-la-manana\/\" \/>\n<meta property=\"og:locale\" content=\"es_ES\" \/>\n<meta property=\"og:type\" content=\"article\" \/>\n<meta property=\"og:title\" content=\"Safari en Quad por el Desierto de Marsa Alam por la Ma\u00f1ana\" \/>\n<meta property=\"og:description\" content=\"Vive un safari en Safari en Quad por el Desierto de Marsa Alam por la Ma\u00f1ana. Explora el desierto, beduinos y da un paseo en camello para una aventura \u00fanica\" \/>\n<meta property=\"og:url\" content=\"https:\/\/egytourpackages.com\/es\/tours\/safari-en-quad-por-el-desierto-de-marsa-alam-por-la-manana\/\" \/>\n<meta property=\"og:site_name\" content=\"Egypt Tour Packages\" \/>\n<meta property=\"article:publisher\" content=\"https:\/\/www.facebook.com\/egytourpackages\" \/>\n<meta property=\"article:modified_time\" content=\"2026-01-05T16:06:49+00:00\" \/>\n<meta property=\"og:image\" content=\"https:\/\/egytourpackages.com\/wp-content\/uploads\/2024\/07\/Quad-Bike-desert-Safari-1024x682.jpeg\" \/>\n<meta name=\"twitter:card\" content=\"summary_large_image\" \/>\n<meta name=\"twitter:title\" content=\"Safari en Quad por el Desierto de Marsa Alam por la Ma\u00f1ana\" \/>\n<meta name=\"twitter:label1\" content=\"Precio\" \/>\n\t<meta name=\"twitter:data1\" content=\"&euro;35\" \/>\n\t<meta name=\"twitter:label2\" content=\"Disponibilidad\" \/>\n\t<meta name=\"twitter:data2\" content=\"Disponible\" \/>\n<script type=\"application\/ld+json\" class=\"yoast-schema-graph\">{\"@context\":\"https:\\\/\\\/schema.org\",\"@graph\":[{\"@type\":\"WebPage\",\"@id\":\"https:\\\/\\\/egytourpackages.com\\\/es\\\/tours\\\/safari-en-quad-por-el-desierto-de-marsa-alam-por-la-manana\\\/\",\"url\":\"https:\\\/\\\/egytourpackages.com\\\/es\\\/tours\\\/safari-en-quad-por-el-desierto-de-marsa-alam-por-la-manana\\\/\",\"name\":\"Safari en Quad por el Desierto de Marsa Alam por la Ma\u00f1ana\",\"isPartOf\":{\"@id\":\"https:\\\/\\\/egytourpackages.com\\\/es\\\/#website\"},\"primaryImageOfPage\":{\"@id\":\"https:\\\/\\\/egytourpackages.com\\\/es\\\/tours\\\/safari-en-quad-por-el-desierto-de-marsa-alam-por-la-manana\\\/#primaryimage\"},\"image\":{\"@id\":\"https:\\\/\\\/egytourpackages.com\\\/es\\\/tours\\\/safari-en-quad-por-el-desierto-de-marsa-alam-por-la-manana\\\/#primaryimage\"},\"thumbnailUrl\":\"https:\\\/\\\/egytourpackages.com\\\/wp-content\\\/uploads\\\/2024\\\/07\\\/Quad-Bike-desert-Safari.jpeg\",\"datePublished\":\"2024-07-23T17:28:16+00:00\",\"dateModified\":\"2026-01-05T16:06:49+00:00\",\"description\":\"Vive un safari en Safari en Quad por el Desierto de Marsa Alam por la Ma\u00f1ana. Explora el desierto, beduinos y da un paseo en camello para una aventura \u00fanica\",\"breadcrumb\":{\"@id\":\"https:\\\/\\\/egytourpackages.com\\\/es\\\/tours\\\/safari-en-quad-por-el-desierto-de-marsa-alam-por-la-manana\\\/#breadcrumb\"},\"inLanguage\":\"es\",\"potentialAction\":[{\"@type\":\"ReadAction\",\"target\":[\"https:\\\/\\\/egytourpackages.com\\\/es\\\/tours\\\/safari-en-quad-por-el-desierto-de-marsa-alam-por-la-manana\\\/\"]}]},{\"@type\":\"ImageObject\",\"inLanguage\":\"es\",\"@id\":\"https:\\\/\\\/egytourpackages.com\\\/es\\\/tours\\\/safari-en-quad-por-el-desierto-de-marsa-alam-por-la-manana\\\/#primaryimage\",\"url\":\"https:\\\/\\\/egytourpackages.com\\\/wp-content\\\/uploads\\\/2024\\\/07\\\/Quad-Bike-desert-Safari.jpeg\",\"contentUrl\":\"https:\\\/\\\/egytourpackages.com\\\/wp-content\\\/uploads\\\/2024\\\/07\\\/Quad-Bike-desert-Safari.jpeg\",\"width\":1280,\"height\":853,\"caption\":\"Safari en Quad por el Desierto de Marsa Alam por la Ma\u00f1ana\"},{\"@type\":\"BreadcrumbList\",\"@id\":\"https:\\\/\\\/egytourpackages.com\\\/es\\\/tours\\\/safari-en-quad-por-el-desierto-de-marsa-alam-por-la-manana\\\/#breadcrumb\",\"itemListElement\":[{\"@type\":\"ListItem\",\"position\":1,\"name\":\"Home\",\"item\":\"https:\\\/\\\/egytourpackages.com\\\/es\\\/paquetes-de-viaje-a-egipto\\\/\"},{\"@type\":\"ListItem\",\"position\":2,\"name\":\"Shop\",\"item\":\"https:\\\/\\\/egytourpackages.com\\\/shop\\\/\"},{\"@type\":\"ListItem\",\"position\":3,\"name\":\"Safari en Quad por el Desierto de Marsa Alam por la Ma\u00f1ana\"}]},{\"@type\":\"WebSite\",\"@id\":\"https:\\\/\\\/egytourpackages.com\\\/es\\\/#website\",\"url\":\"https:\\\/\\\/egytourpackages.com\\\/es\\\/\",\"name\":\"Egy tour packages\",\"description\":\"\",\"publisher\":{\"@id\":\"https:\\\/\\\/egytourpackages.com\\\/es\\\/#organization\"},\"potentialAction\":[{\"@type\":\"SearchAction\",\"target\":{\"@type\":\"EntryPoint\",\"urlTemplate\":\"https:\\\/\\\/egytourpackages.com\\\/es\\\/?s={search_term_string}\"},\"query-input\":{\"@type\":\"PropertyValueSpecification\",\"valueRequired\":true,\"valueName\":\"search_term_string\"}}],\"inLanguage\":\"es\"},{\"@type\":[\"Organization\",\"Place\",\"TravelAgency\"],\"@id\":\"https:\\\/\\\/egytourpackages.com\\\/es\\\/#organization\",\"name\":\"egypt tour packages\",\"alternateName\":\"egypt tour packages\",\"url\":\"https:\\\/\\\/egytourpackages.com\\\/es\\\/\",\"logo\":{\"@id\":\"https:\\\/\\\/egytourpackages.com\\\/es\\\/tours\\\/safari-en-quad-por-el-desierto-de-marsa-alam-por-la-manana\\\/#local-main-organization-logo\"},\"image\":{\"@id\":\"https:\\\/\\\/egytourpackages.com\\\/es\\\/tours\\\/safari-en-quad-por-el-desierto-de-marsa-alam-por-la-manana\\\/#local-main-organization-logo\"},\"sameAs\":[\"https:\\\/\\\/www.facebook.com\\\/egytourpackages\"],\"legalName\":\"Egy tour packages\",\"address\":{\"@id\":\"https:\\\/\\\/egytourpackages.com\\\/es\\\/tours\\\/safari-en-quad-por-el-desierto-de-marsa-alam-por-la-manana\\\/#local-main-place-address\"},\"telephone\":[\"00201000852186\",\"00201028685533\"],\"contactPoint\":{\"@type\":\"ContactPoint\",\"telephone\":\"00201000852186\"},\"openingHoursSpecification\":[{\"@type\":\"OpeningHoursSpecification\",\"dayOfWeek\":[\"Monday\",\"Tuesday\",\"Wednesday\",\"Thursday\",\"Friday\",\"Saturday\",\"Sunday\"],\"opens\":\"00:00\",\"closes\":\"23:59\"}],\"email\":\"info@egytourpackages.com\",\"areaServed\":\"Cairo, Hurghada, Luxor, Sharm El Sheikh, Marsa Alam, Aswan\",\"priceRange\":\"$\",\"currenciesAccepted\":\"euro\",\"paymentAccepted\":\"Payment links online\"},{\"@type\":\"PostalAddress\",\"@id\":\"https:\\\/\\\/egytourpackages.com\\\/es\\\/tours\\\/safari-en-quad-por-el-desierto-de-marsa-alam-por-la-manana\\\/#local-main-place-address\",\"streetAddress\":\"Mubarak 8, Al Kawthar District, Hurghada\",\"addressLocality\":\"Hurghada\",\"postalCode\":\"84511\",\"addressRegion\":\"Red Sea\",\"addressCountry\":\"EG\"},{\"@type\":\"ImageObject\",\"inLanguage\":\"es\",\"@id\":\"https:\\\/\\\/egytourpackages.com\\\/es\\\/tours\\\/safari-en-quad-por-el-desierto-de-marsa-alam-por-la-manana\\\/#local-main-organization-logo\",\"url\":\"https:\\\/\\\/egytourpackages.com\\\/wp-content\\\/uploads\\\/2025\\\/12\\\/Turquoise-Dahabiya-Nile-Cruise-1.jpeg\",\"contentUrl\":\"https:\\\/\\\/egytourpackages.com\\\/wp-content\\\/uploads\\\/2025\\\/12\\\/Turquoise-Dahabiya-Nile-Cruise-1.jpeg\",\"width\":1040,\"height\":694,\"caption\":\"egypt tour packages\"}]}<\/script>\n<meta property=\"product:brand\" content=\"Excursiones Egipto\" \/>\n<meta property=\"product:price:amount\" content=\"35\" \/>\n<meta property=\"product:price:currency\" content=\"EUR\" \/>\n<meta property=\"og:availability\" content=\"instock\" \/>\n<meta property=\"product:availability\" content=\"instock\" \/>\n<meta property=\"product:retailer_item_id\" content=\"MAT06\" \/>\n<meta property=\"product:condition\" content=\"new\" \/>\n<meta name=\"geo.placename\" content=\"Hurghada\" \/>\n<meta name=\"geo.region\" content=\"Egipto\" \/>\n<!-- \/ Yoast SEO Premium plugin. -->","yoast_head_json":{"title":"Safari en Quad por el Desierto de Marsa Alam por la Ma\u00f1ana","description":"Vive un safari en Safari en Quad por el Desierto de Marsa Alam por la Ma\u00f1ana. Explora el desierto, beduinos y da un paseo en camello para una aventura \u00fanica","robots":{"index":"index","follow":"follow","max-snippet":"max-snippet:-1","max-image-preview":"max-image-preview:large","max-video-preview":"max-video-preview:-1"},"canonical":"https:\/\/egytourpackages.com\/es\/tours\/safari-en-quad-por-el-desierto-de-marsa-alam-por-la-manana\/","og_locale":"es_ES","og_type":"article","og_title":"Safari en Quad por el Desierto de Marsa Alam por la Ma\u00f1ana","og_description":"Vive un safari en Safari en Quad por el Desierto de Marsa Alam por la Ma\u00f1ana. Explora el desierto, beduinos y da un paseo en camello para una aventura \u00fanica","og_url":"https:\/\/egytourpackages.com\/es\/tours\/safari-en-quad-por-el-desierto-de-marsa-alam-por-la-manana\/","og_site_name":"Egypt Tour Packages","article_publisher":"https:\/\/www.facebook.com\/egytourpackages","article_modified_time":"2026-01-05T16:06:49+00:00","og_image":[{"url":"https:\/\/egytourpackages.com\/wp-content\/uploads\/2024\/07\/Quad-Bike-desert-Safari-1024x682.jpeg","type":"","width":"","height":""}],"twitter_card":"summary_large_image","twitter_title":"Safari en Quad por el Desierto de Marsa Alam por la Ma\u00f1ana","twitter_misc":{"Precio":"&euro;35","Disponibilidad":"Disponible"},"schema":{"@context":"https:\/\/schema.org","@graph":[{"@type":"WebPage","@id":"https:\/\/egytourpackages.com\/es\/tours\/safari-en-quad-por-el-desierto-de-marsa-alam-por-la-manana\/","url":"https:\/\/egytourpackages.com\/es\/tours\/safari-en-quad-por-el-desierto-de-marsa-alam-por-la-manana\/","name":"Safari en Quad por el Desierto de Marsa Alam por la Ma\u00f1ana","isPartOf":{"@id":"https:\/\/egytourpackages.com\/es\/#website"},"primaryImageOfPage":{"@id":"https:\/\/egytourpackages.com\/es\/tours\/safari-en-quad-por-el-desierto-de-marsa-alam-por-la-manana\/#primaryimage"},"image":{"@id":"https:\/\/egytourpackages.com\/es\/tours\/safari-en-quad-por-el-desierto-de-marsa-alam-por-la-manana\/#primaryimage"},"thumbnailUrl":"https:\/\/egytourpackages.com\/wp-content\/uploads\/2024\/07\/Quad-Bike-desert-Safari.jpeg","datePublished":"2024-07-23T17:28:16+00:00","dateModified":"2026-01-05T16:06:49+00:00","description":"Vive un safari en Safari en Quad por el Desierto de Marsa Alam por la Ma\u00f1ana. Explora el desierto, beduinos y da un paseo en camello para una aventura \u00fanica","breadcrumb":{"@id":"https:\/\/egytourpackages.com\/es\/tours\/safari-en-quad-por-el-desierto-de-marsa-alam-por-la-manana\/#breadcrumb"},"inLanguage":"es","potentialAction":[{"@type":"ReadAction","target":["https:\/\/egytourpackages.com\/es\/tours\/safari-en-quad-por-el-desierto-de-marsa-alam-por-la-manana\/"]}]},{"@type":"ImageObject","inLanguage":"es","@id":"https:\/\/egytourpackages.com\/es\/tours\/safari-en-quad-por-el-desierto-de-marsa-alam-por-la-manana\/#primaryimage","url":"https:\/\/egytourpackages.com\/wp-content\/uploads\/2024\/07\/Quad-Bike-desert-Safari.jpeg","contentUrl":"https:\/\/egytourpackages.com\/wp-content\/uploads\/2024\/07\/Quad-Bike-desert-Safari.jpeg","width":1280,"height":853,"caption":"Safari en Quad por el Desierto de Marsa Alam por la Ma\u00f1ana"},{"@type":"BreadcrumbList","@id":"https:\/\/egytourpackages.com\/es\/tours\/safari-en-quad-por-el-desierto-de-marsa-alam-por-la-manana\/#breadcrumb","itemListElement":[{"@type":"ListItem","position":1,"name":"Home","item":"https:\/\/egytourpackages.com\/es\/paquetes-de-viaje-a-egipto\/"},{"@type":"ListItem","position":2,"name":"Shop","item":"https:\/\/egytourpackages.com\/shop\/"},{"@type":"ListItem","position":3,"name":"Safari en Quad por el Desierto de Marsa Alam por la Ma\u00f1ana"}]},{"@type":"WebSite","@id":"https:\/\/egytourpackages.com\/es\/#website","url":"https:\/\/egytourpackages.com\/es\/","name":"Egy tour packages","description":"","publisher":{"@id":"https:\/\/egytourpackages.com\/es\/#organization"},"potentialAction":[{"@type":"SearchAction","target":{"@type":"EntryPoint","urlTemplate":"https:\/\/egytourpackages.com\/es\/?s={search_term_string}"},"query-input":{"@type":"PropertyValueSpecification","valueRequired":true,"valueName":"search_term_string"}}],"inLanguage":"es"},{"@type":["Organization","Place","TravelAgency"],"@id":"https:\/\/egytourpackages.com\/es\/#organization","name":"egypt tour packages","alternateName":"egypt tour packages","url":"https:\/\/egytourpackages.com\/es\/","logo":{"@id":"https:\/\/egytourpackages.com\/es\/tours\/safari-en-quad-por-el-desierto-de-marsa-alam-por-la-manana\/#local-main-organization-logo"},"image":{"@id":"https:\/\/egytourpackages.com\/es\/tours\/safari-en-quad-por-el-desierto-de-marsa-alam-por-la-manana\/#local-main-organization-logo"},"sameAs":["https:\/\/www.facebook.com\/egytourpackages"],"legalName":"Egy tour packages","address":{"@id":"https:\/\/egytourpackages.com\/es\/tours\/safari-en-quad-por-el-desierto-de-marsa-alam-por-la-manana\/#local-main-place-address"},"telephone":["00201000852186","00201028685533"],"contactPoint":{"@type":"ContactPoint","telephone":"00201000852186"},"openingHoursSpecification":[{"@type":"OpeningHoursSpecification","dayOfWeek":["Monday","Tuesday","Wednesday","Thursday","Friday","Saturday","Sunday"],"opens":"00:00","closes":"23:59"}],"email":"info@egytourpackages.com","areaServed":"Cairo, Hurghada, Luxor, Sharm El Sheikh, Marsa Alam, Aswan","priceRange":"$","currenciesAccepted":"euro","paymentAccepted":"Payment links online"},{"@type":"PostalAddress","@id":"https:\/\/egytourpackages.com\/es\/tours\/safari-en-quad-por-el-desierto-de-marsa-alam-por-la-manana\/#local-main-place-address","streetAddress":"Mubarak 8, Al Kawthar District, Hurghada","addressLocality":"Hurghada","postalCode":"84511","addressRegion":"Red Sea","addressCountry":"EG"},{"@type":"ImageObject","inLanguage":"es","@id":"https:\/\/egytourpackages.com\/es\/tours\/safari-en-quad-por-el-desierto-de-marsa-alam-por-la-manana\/#local-main-organization-logo","url":"https:\/\/egytourpackages.com\/wp-content\/uploads\/2025\/12\/Turquoise-Dahabiya-Nile-Cruise-1.jpeg","contentUrl":"https:\/\/egytourpackages.com\/wp-content\/uploads\/2025\/12\/Turquoise-Dahabiya-Nile-Cruise-1.jpeg","width":1040,"height":694,"caption":"egypt tour packages"}]},"product_brand":"Excursiones Egipto","product_price_amount":"35","product_price_currency":"EUR","og_availability":"instock","product_availability":"instock","product_retailer_item_id":"MAT06","product_condition":"new","geo.placename":"Hurghada","geo.region":"Egipto"},"_links":{"self":[{"href":"https:\/\/egytourpackages.com\/es\/wp-json\/wp\/v2\/product\/7401","targetHints":{"allow":["GET"]}}],"collection":[{"href":"https:\/\/egytourpackages.com\/es\/wp-json\/wp\/v2\/product"}],"about":[{"href":"https:\/\/egytourpackages.com\/es\/wp-json\/wp\/v2\/types\/product"}],"replies":[{"embeddable":true,"href":"https:\/\/egytourpackages.com\/es\/wp-json\/wp\/v2\/comments?post=7401"}],"wp:featuredmedia":[{"embeddable":true,"href":"https:\/\/egytourpackages.com\/es\/wp-json\/wp\/v2\/media\/7402"}],"wp:attachment":[{"href":"https:\/\/egytourpackages.com\/es\/wp-json\/wp\/v2\/media?parent=7401"}],"wp:term":[{"taxonomy":"product_brand","embeddable":true,"href":"https:\/\/egytourpackages.com\/es\/wp-json\/wp\/v2\/product_brand?post=7401"},{"taxonomy":"product_cat","embeddable":true,"href":"https:\/\/egytourpackages.com\/es\/wp-json\/wp\/v2\/product_cat?post=7401"},{"taxonomy":"product_tag","embeddable":true,"href":"https:\/\/egytourpackages.com\/es\/wp-json\/wp\/v2\/product_tag?post=7401"}],"curies":[{"name":"wp","href":"https:\/\/api.w.org\/{rel}","templated":true}]}}