{"id":7410,"date":"2024-07-24T11:10:06","date_gmt":"2024-07-24T11:10:06","guid":{"rendered":"https:\/\/egytourpackages.com\/product\/excursion-de-un-dia-al-cairo-desde-hurgada-en-van-maximo-8-personas\/"},"modified":"2026-01-05T16:07:35","modified_gmt":"2026-01-05T16:07:35","slug":"excursion-de-un-dia-al-cairo-desde-hurgada-en-van-maximo-8-personas","status":"publish","type":"product","link":"https:\/\/egytourpackages.com\/es\/tours\/excursion-de-un-dia-al-cairo-desde-hurgada-en-van-maximo-8-personas\/","title":{"rendered":"Excursi\u00f3n de un D\u00eda al Cairo desde Hurgada en Van (m\u00e1ximo 8 personas)"},"content":{"rendered":"<p><span style=\"color: #ff6600;\"><strong>Excursi\u00f3n de un D\u00eda al Cairo desde Hurgada en Van (m\u00e1ximo 8 personas)<\/strong><\/span><\/p>\n<p>Reserva una <strong>excursi\u00f3n guiada al Cairo desde Hurgada en van<\/strong> (m\u00e1ximo 8 personas) y explora las misteriosas <strong>Pir\u00e1mides de Giza<\/strong> con poca gente, con los <strong>tours por Egipto<\/strong>. De hecho, las <strong>excursiones desde Hurgada<\/strong> ofrecen este tour para aquellos a quienes no les gustan los grupos grandes y prefieren pasar m\u00e1s tiempo maravill\u00e1ndose con las vistas. Tus <strong>tours de un d\u00eda por Egipto<\/strong> al Cairo incluyen el <strong>Museo Egipcio<\/strong> con los tesoros egipcios del <strong>Reino Antiguo<\/strong>, <strong>Reino Medio<\/strong> y el <strong>Reino Nuevo<\/strong>. Tambi\u00e9n, los tesoros de <strong>Tutankam\u00f3n<\/strong> encontrados en su tumba en el <strong>Valle de los Reyes<\/strong> en Luxor. Adem\u00e1s, las famosas Pir\u00e1mides de <strong>Keops<\/strong>, <strong>Kefr\u00e9n<\/strong>, <strong>Micerino<\/strong>, con el <strong>Templo del Valle<\/strong> y la <strong>Gran Esfinge<\/strong>.<\/p>\n<p>Cont\u00e1ctanos y te garantizamos los mejores servicios, un veh\u00edculo nuevo y un gu\u00eda egipt\u00f3logo profesional.<\/p>\n<h3><span style=\"color: #ff6600;\">Detalles del Tour<\/span><\/h3>\n<ul>\n<li>Duraci\u00f3n: 19 Horas<\/li>\n<li>Ubicaci\u00f3n del Tour: El Cairo<\/li>\n<li>Disponibilidad del Tour: Diariamente bajo petici\u00f3n<\/li>\n<li>Recogida y Devoluci\u00f3n: Hoteles en Hurgada<\/li>\n<li>Tipo de Tour: Privado<\/li>\n<li><strong>Idioma: Espa\u00f1ol<\/strong><\/li>\n<li>Silla de Ruedas: Accesible<\/li>\n<\/ul>\n<h3><span style=\"color: #ff6600;\">Puntos Destacados del Tour<\/span><\/h3>\n<ul>\n<li>Museo Egipcio<\/li>\n<li>Pir\u00e1mides de Giza<\/li>\n<li>La Gran Esfinge<\/li>\n<li>Templo de la Momificaci\u00f3n<\/li>\n<li>Almuerzo<\/li>\n<\/ul>\n<h3><span style=\"color: #ff6600;\">Inclusiones<\/span><\/h3>\n<ul>\n<li>Traslado en veh\u00edculo nuevo y con aire acondicionado<\/li>\n<li>Entrada a todos los lugares de inter\u00e9s del programa<\/li>\n<li>Almuerzo de calidad en un restaurante local<\/li>\n<li><strong>Gu\u00eda de habla espa\u00f1ola<\/strong><\/li>\n<li>Agua durante el d\u00eda<\/li>\n<\/ul>\n<h3><span style=\"color: #ff6600;\">Exclusiones<\/span><\/h3>\n<ul>\n<li>Entrada a la Pir\u00e1mide de Keops<\/li>\n<li>Entrada a la Pir\u00e1mide de Micerino<\/li>\n<li>Bebidas durante el almuerzo<\/li>\n<li>Propinas para el gu\u00eda y el conductor<\/li>\n<\/ul>\n<h3><span style=\"color: #ff6600;\">Qu\u00e9 Empacar<\/span><\/h3>\n<ul>\n<li>Zapatos y ropa c\u00f3modos<\/li>\n<li>Gorra<\/li>\n<li>Gafas de sol<\/li>\n<li>Protector solar<\/li>\n<li>Chaqueta gruesa en invierno<\/li>\n<\/ul>\n<h3><span style=\"color: #ff6600;\">Itinerario del Tour<\/span><\/h3>\n<h3><span style=\"color: #ff6600;\">Hora de recogida <\/span><\/h3>\n<p>Alrededor de las 02:00 am,<\/p>\n<p>dependiendo de tu hotel en Hurgada, ser\u00e1s recogido para comenzar tus <strong>tours de un d\u00eda por Egipto<\/strong> al Cairo, despu\u00e9s de recibir tus cajas de desayuno en la recepci\u00f3n.<\/p>\n<h3><span style=\"color: #ff6600;\">Punto de control 03:00 am: <\/span><\/h3>\n<p>Cruce del punto de control en El Gouna y comienzo de tus <strong>excursiones desde Hurgada<\/strong>.<\/p>\n<h3><span style=\"color: #ff6600;\">Pausa para el caf\u00e9 06:00 am: <\/span><\/h3>\n<p>Disfruta de una breve pausa en el \u00e1rea de descanso de Zaafarana para usar el ba\u00f1o (20 l.e por persona), tomar tu caf\u00e9 de la ma\u00f1ana y desayunar. 06:30 am: Continuaci\u00f3n del resto del camino hacia El Cairo.<\/p>\n<h3><span style=\"color: #ff6600;\">Museo Egipcio de El Cairo 09:00 am: <\/span><\/h3>\n<p>Comienza tu d\u00eda con tu egipt\u00f3logo profesional en el <strong>Museo Egipcio<\/strong>, el m\u00e1s grande del mundo. Aqu\u00ed te maravillar\u00e1s con los artefactos egipcios de diferentes \u00e9pocas del antiguo Egipto. Ver\u00e1s sarc\u00f3fagos, estelas, momias, momias de animales, estatuas y mucho m\u00e1s.<\/p>\n<h3><span style=\"color: #ff6600;\">11:00 am: Almuerzo <\/span><\/h3>\n<p>Disfruta de tu almuerzo en un restaurante local cerca de las <strong>Pir\u00e1mides de Giza<\/strong>.<\/p>\n<h3><span style=\"color: #ff6600;\">12:00 pm: Complejo de las Pir\u00e1mides de Giza <\/span><\/h3>\n<p>Despu\u00e9s del almuerzo, continuar\u00e1s con tu gu\u00eda hacia las <strong>Pir\u00e1mides de Giza<\/strong> donde podr\u00e1s ver las tres famosas Pir\u00e1mides de Keops, Kefr\u00e9n y Micerino. Tambi\u00e9n podr\u00e1s caminar alrededor de las grandes Pir\u00e1mides para ver las Pir\u00e1mides de la Reina, las Fosas de Barcos y las ruinas del templo de purificaci\u00f3n. Si lo deseas, puedes entrar a la Gran Pir\u00e1mide de <strong>Keops<\/strong> (con costo adicional) o a la <strong>Pir\u00e1mide de Micerino<\/strong> (con costo adicional).<\/p>\n<p>Pasa todo el tiempo que quieras en las <strong>Pir\u00e1mides de Giza<\/strong> y toma fotos inolvidables desde el \u00e1rea panor\u00e1mica. Finalmente, termina tu tour por las Pir\u00e1mides con el <strong>Templo del Valle<\/strong> (Templo de la Momificaci\u00f3n) antes de ir a la <strong>Gran Esfinge<\/strong>. Mira la <strong>Estela del Sue\u00f1o<\/strong> entre las patas de la Esfinge y escucha a tu gu\u00eda contarte qui\u00e9n le rompi\u00f3 la nariz y por qu\u00e9.<\/p>\n<p>Al final de tu <strong>excursi\u00f3n privada de un d\u00eda al Cairo desde Hurgada<\/strong>, comenzar\u00e1s el camino de regreso a tu hotel en Hurgada con una breve pausa para ir al ba\u00f1o.<\/p>\n<h3><span style=\"color: #ff6600;\">Precio de la Excursi\u00f3n de un D\u00eda al Cairo desde Hurgada en van (m\u00e1ximo 8 personas)<\/span><\/h3>\n<ul>\n<li>Precio por adulto = 65 \u20ac<\/li>\n<li>Ni\u00f1os de 0 a 5 a\u00f1os = gratis<\/li>\n<li>Ni\u00f1os de 5 a 11 a\u00f1os = 50% del precio de adulto<\/li>\n<\/ul>\n<h3><span style=\"color: #ff6600;\">Reserva<\/span><\/h3>\n<ul>\n<li>Puedes reservar tus <strong>excursiones desde Hurgada<\/strong> a trav\u00e9s de WhatsApp o envi\u00e1ndonos un correo electr\u00f3nico y recibir\u00e1s la confirmaci\u00f3n al instante.<\/li>\n<li>Por favor, env\u00edanos el nombre de tu hotel, n\u00famero de habitaci\u00f3n y copias de tu pasaporte.<\/li>\n<li>WhatsApp: +201000852186<\/li>\n<li>info@egytourpackages.com<\/li>\n<\/ul>\n<h3><span style=\"color: #ff6600;\">Reserva Ahora y Paga en el Lugar<\/span><\/h3>\n<p>Reserva tu tour favorito y paga el d\u00eda de la excursi\u00f3n.<\/p>\n<h3><span style=\"color: #ff6600;\">Pago<\/span><\/h3>\n<p>Puedes pagar en libras egipcias, $, \u20ac o \u00a3.<\/p>\n<h3><span style=\"color: #ff6600;\">Pol\u00edtica de Cancelaci\u00f3n<\/span><\/h3>\n<p>La cancelaci\u00f3n es gratuita hasta 24 horas antes.<\/p>\n","protected":false},"excerpt":{"rendered":"<p>Emb\u00e1rcate en una Excursi\u00f3n de un D\u00eda al Cairo desde Hurgada en Van (m\u00e1ximo 8 personas). Visita las Pir\u00e1mides de Giza y el Museo Egipcio en un grupo reducido<\/p>\n","protected":false},"featured_media":7412,"comment_status":"open","ping_status":"closed","template":"","meta":[],"product_brand":[],"product_cat":[3128],"product_tag":[3641,3825,3188,3187],"class_list":{"0":"post-7410","1":"product","2":"type-product","3":"status-publish","4":"has-post-thumbnail","6":"product_cat-tours","7":"product_tag-excursiones-a-el-cairo-desde-hurghada","8":"product_tag-excursiones-de-un-dia-a-hurghada","9":"product_tag-excursiones-egipto","10":"product_tag-excursiones-en-hurgada","11":"tour_category-excursiones-egipto-es","12":"tour_category-excursiones-en-hurgada-es","14":"first","15":"instock","16":"sale","17":"shipping-taxable","18":"purchasable","19":"product-type-tour","20":"has-default-attributes"},"yoast_head":"<!-- This site is optimized with the Yoast SEO Premium plugin v27.4 (Yoast SEO v27.4) - https:\/\/yoast.com\/product\/yoast-seo-premium-wordpress\/ -->\n<title>Excursi\u00f3n de un D\u00eda al Cairo desde Hurgada en Van (m\u00e1ximo 8 personas)<\/title>\n<meta name=\"description\" content=\"Emb\u00e1rcate en una Excursi\u00f3n de un D\u00eda al Cairo desde Hurgada en Van (m\u00e1ximo 8 personas). Visita las Pir\u00e1mides de Giza y el Museo Egipcio en un grupo reducido\" \/>\n<meta name=\"robots\" content=\"index, follow, max-snippet:-1, max-image-preview:large, max-video-preview:-1\" \/>\n<link rel=\"canonical\" href=\"https:\/\/egytourpackages.com\/es\/tours\/excursion-de-un-dia-al-cairo-desde-hurgada-en-van-maximo-8-personas\/\" \/>\n<meta property=\"og:locale\" content=\"es_ES\" \/>\n<meta property=\"og:type\" content=\"article\" \/>\n<meta property=\"og:title\" content=\"Excursi\u00f3n de un D\u00eda al Cairo desde Hurgada en Van (m\u00e1ximo 8 personas)\" \/>\n<meta property=\"og:description\" content=\"Emb\u00e1rcate en una Excursi\u00f3n de un D\u00eda al Cairo desde Hurgada en Van (m\u00e1ximo 8 personas). Visita las Pir\u00e1mides de Giza y el Museo Egipcio en un grupo reducido\" \/>\n<meta property=\"og:url\" content=\"https:\/\/egytourpackages.com\/es\/tours\/excursion-de-un-dia-al-cairo-desde-hurgada-en-van-maximo-8-personas\/\" \/>\n<meta property=\"og:site_name\" content=\"Egypt Tour Packages\" \/>\n<meta property=\"article:publisher\" content=\"https:\/\/www.facebook.com\/egytourpackages\" \/>\n<meta property=\"article:modified_time\" content=\"2026-01-05T16:07:35+00:00\" \/>\n<meta property=\"og:image\" content=\"https:\/\/egytourpackages.com\/wp-content\/uploads\/2024\/07\/Akhenaten-Egyptian-Museum-1024x765.jpeg\" \/>\n<meta name=\"twitter:card\" content=\"summary_large_image\" \/>\n<meta name=\"twitter:title\" content=\"Excursi\u00f3n de un D\u00eda al Cairo desde Hurgada en Van (m\u00e1ximo 8 personas)\" \/>\n<meta name=\"twitter:label1\" content=\"Precio\" \/>\n\t<meta name=\"twitter:data1\" content=\"&euro;65\" \/>\n\t<meta name=\"twitter:label2\" content=\"Disponibilidad\" \/>\n\t<meta name=\"twitter:data2\" content=\"Disponible\" \/>\n<script type=\"application\/ld+json\" class=\"yoast-schema-graph\">{\"@context\":\"https:\\\/\\\/schema.org\",\"@graph\":[{\"@type\":\"WebPage\",\"@id\":\"https:\\\/\\\/egytourpackages.com\\\/es\\\/tours\\\/excursion-de-un-dia-al-cairo-desde-hurgada-en-van-maximo-8-personas\\\/\",\"url\":\"https:\\\/\\\/egytourpackages.com\\\/es\\\/tours\\\/excursion-de-un-dia-al-cairo-desde-hurgada-en-van-maximo-8-personas\\\/\",\"name\":\"Excursi\u00f3n de un D\u00eda al Cairo desde Hurgada en Van (m\u00e1ximo 8 personas)\",\"isPartOf\":{\"@id\":\"https:\\\/\\\/egytourpackages.com\\\/es\\\/#website\"},\"primaryImageOfPage\":{\"@id\":\"https:\\\/\\\/egytourpackages.com\\\/es\\\/tours\\\/excursion-de-un-dia-al-cairo-desde-hurgada-en-van-maximo-8-personas\\\/#primaryimage\"},\"image\":{\"@id\":\"https:\\\/\\\/egytourpackages.com\\\/es\\\/tours\\\/excursion-de-un-dia-al-cairo-desde-hurgada-en-van-maximo-8-personas\\\/#primaryimage\"},\"thumbnailUrl\":\"https:\\\/\\\/egytourpackages.com\\\/wp-content\\\/uploads\\\/2024\\\/07\\\/Akhenaten-Egyptian-Museum.jpeg\",\"datePublished\":\"2024-07-24T11:10:06+00:00\",\"dateModified\":\"2026-01-05T16:07:35+00:00\",\"description\":\"Emb\u00e1rcate en una Excursi\u00f3n de un D\u00eda al Cairo desde Hurgada en Van (m\u00e1ximo 8 personas). Visita las Pir\u00e1mides de Giza y el Museo Egipcio en un grupo reducido\",\"breadcrumb\":{\"@id\":\"https:\\\/\\\/egytourpackages.com\\\/es\\\/tours\\\/excursion-de-un-dia-al-cairo-desde-hurgada-en-van-maximo-8-personas\\\/#breadcrumb\"},\"inLanguage\":\"es\",\"potentialAction\":[{\"@type\":\"ReadAction\",\"target\":[\"https:\\\/\\\/egytourpackages.com\\\/es\\\/tours\\\/excursion-de-un-dia-al-cairo-desde-hurgada-en-van-maximo-8-personas\\\/\"]}]},{\"@type\":\"ImageObject\",\"inLanguage\":\"es\",\"@id\":\"https:\\\/\\\/egytourpackages.com\\\/es\\\/tours\\\/excursion-de-un-dia-al-cairo-desde-hurgada-en-van-maximo-8-personas\\\/#primaryimage\",\"url\":\"https:\\\/\\\/egytourpackages.com\\\/wp-content\\\/uploads\\\/2024\\\/07\\\/Akhenaten-Egyptian-Museum.jpeg\",\"contentUrl\":\"https:\\\/\\\/egytourpackages.com\\\/wp-content\\\/uploads\\\/2024\\\/07\\\/Akhenaten-Egyptian-Museum.jpeg\",\"width\":1600,\"height\":1196,\"caption\":\"Excursi\u00f3n de un D\u00eda al Cairo desde Hurgada en Van (m\u00e1ximo 8 personas)\"},{\"@type\":\"BreadcrumbList\",\"@id\":\"https:\\\/\\\/egytourpackages.com\\\/es\\\/tours\\\/excursion-de-un-dia-al-cairo-desde-hurgada-en-van-maximo-8-personas\\\/#breadcrumb\",\"itemListElement\":[{\"@type\":\"ListItem\",\"position\":1,\"name\":\"Home\",\"item\":\"https:\\\/\\\/egytourpackages.com\\\/es\\\/paquetes-de-viaje-a-egipto\\\/\"},{\"@type\":\"ListItem\",\"position\":2,\"name\":\"Shop\",\"item\":\"https:\\\/\\\/egytourpackages.com\\\/shop\\\/\"},{\"@type\":\"ListItem\",\"position\":3,\"name\":\"Excursi\u00f3n de un D\u00eda al Cairo desde Hurgada en Van (m\u00e1ximo 8 personas)\"}]},{\"@type\":\"WebSite\",\"@id\":\"https:\\\/\\\/egytourpackages.com\\\/es\\\/#website\",\"url\":\"https:\\\/\\\/egytourpackages.com\\\/es\\\/\",\"name\":\"Egy tour packages\",\"description\":\"\",\"publisher\":{\"@id\":\"https:\\\/\\\/egytourpackages.com\\\/es\\\/#organization\"},\"potentialAction\":[{\"@type\":\"SearchAction\",\"target\":{\"@type\":\"EntryPoint\",\"urlTemplate\":\"https:\\\/\\\/egytourpackages.com\\\/es\\\/?s={search_term_string}\"},\"query-input\":{\"@type\":\"PropertyValueSpecification\",\"valueRequired\":true,\"valueName\":\"search_term_string\"}}],\"inLanguage\":\"es\"},{\"@type\":[\"Organization\",\"Place\",\"TravelAgency\"],\"@id\":\"https:\\\/\\\/egytourpackages.com\\\/es\\\/#organization\",\"name\":\"egypt tour packages\",\"alternateName\":\"egypt tour packages\",\"url\":\"https:\\\/\\\/egytourpackages.com\\\/es\\\/\",\"logo\":{\"@id\":\"https:\\\/\\\/egytourpackages.com\\\/es\\\/tours\\\/excursion-de-un-dia-al-cairo-desde-hurgada-en-van-maximo-8-personas\\\/#local-main-organization-logo\"},\"image\":{\"@id\":\"https:\\\/\\\/egytourpackages.com\\\/es\\\/tours\\\/excursion-de-un-dia-al-cairo-desde-hurgada-en-van-maximo-8-personas\\\/#local-main-organization-logo\"},\"sameAs\":[\"https:\\\/\\\/www.facebook.com\\\/egytourpackages\"],\"legalName\":\"Egy tour packages\",\"address\":{\"@id\":\"https:\\\/\\\/egytourpackages.com\\\/es\\\/tours\\\/excursion-de-un-dia-al-cairo-desde-hurgada-en-van-maximo-8-personas\\\/#local-main-place-address\"},\"telephone\":[\"00201000852186\",\"00201028685533\"],\"contactPoint\":{\"@type\":\"ContactPoint\",\"telephone\":\"00201000852186\"},\"openingHoursSpecification\":[{\"@type\":\"OpeningHoursSpecification\",\"dayOfWeek\":[\"Monday\",\"Tuesday\",\"Wednesday\",\"Thursday\",\"Friday\",\"Saturday\",\"Sunday\"],\"opens\":\"00:00\",\"closes\":\"23:59\"}],\"email\":\"info@egytourpackages.com\",\"areaServed\":\"Cairo, Hurghada, Luxor, Sharm El Sheikh, Marsa Alam, Aswan\",\"priceRange\":\"$\",\"currenciesAccepted\":\"euro\",\"paymentAccepted\":\"Payment links online\"},{\"@type\":\"PostalAddress\",\"@id\":\"https:\\\/\\\/egytourpackages.com\\\/es\\\/tours\\\/excursion-de-un-dia-al-cairo-desde-hurgada-en-van-maximo-8-personas\\\/#local-main-place-address\",\"streetAddress\":\"Mubarak 8, Al Kawthar District, Hurghada\",\"addressLocality\":\"Hurghada\",\"postalCode\":\"84511\",\"addressRegion\":\"Red Sea\",\"addressCountry\":\"EG\"},{\"@type\":\"ImageObject\",\"inLanguage\":\"es\",\"@id\":\"https:\\\/\\\/egytourpackages.com\\\/es\\\/tours\\\/excursion-de-un-dia-al-cairo-desde-hurgada-en-van-maximo-8-personas\\\/#local-main-organization-logo\",\"url\":\"https:\\\/\\\/egytourpackages.com\\\/wp-content\\\/uploads\\\/2025\\\/12\\\/Turquoise-Dahabiya-Nile-Cruise-1.jpeg\",\"contentUrl\":\"https:\\\/\\\/egytourpackages.com\\\/wp-content\\\/uploads\\\/2025\\\/12\\\/Turquoise-Dahabiya-Nile-Cruise-1.jpeg\",\"width\":1040,\"height\":694,\"caption\":\"egypt tour packages\"}]}<\/script>\n<meta property=\"product:brand\" content=\"Excursiones Egipto\" \/>\n<meta property=\"product:price:amount\" content=\"65\" \/>\n<meta property=\"product:price:currency\" content=\"EUR\" \/>\n<meta property=\"og:availability\" content=\"instock\" \/>\n<meta property=\"product:availability\" content=\"instock\" \/>\n<meta property=\"product:retailer_item_id\" content=\"HDT10\" \/>\n<meta property=\"product:condition\" content=\"new\" \/>\n<meta name=\"geo.placename\" content=\"Hurghada\" \/>\n<meta name=\"geo.region\" content=\"Egipto\" \/>\n<!-- \/ Yoast SEO Premium plugin. -->","yoast_head_json":{"title":"Excursi\u00f3n de un D\u00eda al Cairo desde Hurgada en Van (m\u00e1ximo 8 personas)","description":"Emb\u00e1rcate en una Excursi\u00f3n de un D\u00eda al Cairo desde Hurgada en Van (m\u00e1ximo 8 personas). Visita las Pir\u00e1mides de Giza y el Museo Egipcio en un grupo reducido","robots":{"index":"index","follow":"follow","max-snippet":"max-snippet:-1","max-image-preview":"max-image-preview:large","max-video-preview":"max-video-preview:-1"},"canonical":"https:\/\/egytourpackages.com\/es\/tours\/excursion-de-un-dia-al-cairo-desde-hurgada-en-van-maximo-8-personas\/","og_locale":"es_ES","og_type":"article","og_title":"Excursi\u00f3n de un D\u00eda al Cairo desde Hurgada en Van (m\u00e1ximo 8 personas)","og_description":"Emb\u00e1rcate en una Excursi\u00f3n de un D\u00eda al Cairo desde Hurgada en Van (m\u00e1ximo 8 personas). Visita las Pir\u00e1mides de Giza y el Museo Egipcio en un grupo reducido","og_url":"https:\/\/egytourpackages.com\/es\/tours\/excursion-de-un-dia-al-cairo-desde-hurgada-en-van-maximo-8-personas\/","og_site_name":"Egypt Tour Packages","article_publisher":"https:\/\/www.facebook.com\/egytourpackages","article_modified_time":"2026-01-05T16:07:35+00:00","og_image":[{"url":"https:\/\/egytourpackages.com\/wp-content\/uploads\/2024\/07\/Akhenaten-Egyptian-Museum-1024x765.jpeg","type":"","width":"","height":""}],"twitter_card":"summary_large_image","twitter_title":"Excursi\u00f3n de un D\u00eda al Cairo desde Hurgada en Van (m\u00e1ximo 8 personas)","twitter_misc":{"Precio":"&euro;65","Disponibilidad":"Disponible"},"schema":{"@context":"https:\/\/schema.org","@graph":[{"@type":"WebPage","@id":"https:\/\/egytourpackages.com\/es\/tours\/excursion-de-un-dia-al-cairo-desde-hurgada-en-van-maximo-8-personas\/","url":"https:\/\/egytourpackages.com\/es\/tours\/excursion-de-un-dia-al-cairo-desde-hurgada-en-van-maximo-8-personas\/","name":"Excursi\u00f3n de un D\u00eda al Cairo desde Hurgada en Van (m\u00e1ximo 8 personas)","isPartOf":{"@id":"https:\/\/egytourpackages.com\/es\/#website"},"primaryImageOfPage":{"@id":"https:\/\/egytourpackages.com\/es\/tours\/excursion-de-un-dia-al-cairo-desde-hurgada-en-van-maximo-8-personas\/#primaryimage"},"image":{"@id":"https:\/\/egytourpackages.com\/es\/tours\/excursion-de-un-dia-al-cairo-desde-hurgada-en-van-maximo-8-personas\/#primaryimage"},"thumbnailUrl":"https:\/\/egytourpackages.com\/wp-content\/uploads\/2024\/07\/Akhenaten-Egyptian-Museum.jpeg","datePublished":"2024-07-24T11:10:06+00:00","dateModified":"2026-01-05T16:07:35+00:00","description":"Emb\u00e1rcate en una Excursi\u00f3n de un D\u00eda al Cairo desde Hurgada en Van (m\u00e1ximo 8 personas). Visita las Pir\u00e1mides de Giza y el Museo Egipcio en un grupo reducido","breadcrumb":{"@id":"https:\/\/egytourpackages.com\/es\/tours\/excursion-de-un-dia-al-cairo-desde-hurgada-en-van-maximo-8-personas\/#breadcrumb"},"inLanguage":"es","potentialAction":[{"@type":"ReadAction","target":["https:\/\/egytourpackages.com\/es\/tours\/excursion-de-un-dia-al-cairo-desde-hurgada-en-van-maximo-8-personas\/"]}]},{"@type":"ImageObject","inLanguage":"es","@id":"https:\/\/egytourpackages.com\/es\/tours\/excursion-de-un-dia-al-cairo-desde-hurgada-en-van-maximo-8-personas\/#primaryimage","url":"https:\/\/egytourpackages.com\/wp-content\/uploads\/2024\/07\/Akhenaten-Egyptian-Museum.jpeg","contentUrl":"https:\/\/egytourpackages.com\/wp-content\/uploads\/2024\/07\/Akhenaten-Egyptian-Museum.jpeg","width":1600,"height":1196,"caption":"Excursi\u00f3n de un D\u00eda al Cairo desde Hurgada en Van (m\u00e1ximo 8 personas)"},{"@type":"BreadcrumbList","@id":"https:\/\/egytourpackages.com\/es\/tours\/excursion-de-un-dia-al-cairo-desde-hurgada-en-van-maximo-8-personas\/#breadcrumb","itemListElement":[{"@type":"ListItem","position":1,"name":"Home","item":"https:\/\/egytourpackages.com\/es\/paquetes-de-viaje-a-egipto\/"},{"@type":"ListItem","position":2,"name":"Shop","item":"https:\/\/egytourpackages.com\/shop\/"},{"@type":"ListItem","position":3,"name":"Excursi\u00f3n de un D\u00eda al Cairo desde Hurgada en Van (m\u00e1ximo 8 personas)"}]},{"@type":"WebSite","@id":"https:\/\/egytourpackages.com\/es\/#website","url":"https:\/\/egytourpackages.com\/es\/","name":"Egy tour packages","description":"","publisher":{"@id":"https:\/\/egytourpackages.com\/es\/#organization"},"potentialAction":[{"@type":"SearchAction","target":{"@type":"EntryPoint","urlTemplate":"https:\/\/egytourpackages.com\/es\/?s={search_term_string}"},"query-input":{"@type":"PropertyValueSpecification","valueRequired":true,"valueName":"search_term_string"}}],"inLanguage":"es"},{"@type":["Organization","Place","TravelAgency"],"@id":"https:\/\/egytourpackages.com\/es\/#organization","name":"egypt tour packages","alternateName":"egypt tour packages","url":"https:\/\/egytourpackages.com\/es\/","logo":{"@id":"https:\/\/egytourpackages.com\/es\/tours\/excursion-de-un-dia-al-cairo-desde-hurgada-en-van-maximo-8-personas\/#local-main-organization-logo"},"image":{"@id":"https:\/\/egytourpackages.com\/es\/tours\/excursion-de-un-dia-al-cairo-desde-hurgada-en-van-maximo-8-personas\/#local-main-organization-logo"},"sameAs":["https:\/\/www.facebook.com\/egytourpackages"],"legalName":"Egy tour packages","address":{"@id":"https:\/\/egytourpackages.com\/es\/tours\/excursion-de-un-dia-al-cairo-desde-hurgada-en-van-maximo-8-personas\/#local-main-place-address"},"telephone":["00201000852186","00201028685533"],"contactPoint":{"@type":"ContactPoint","telephone":"00201000852186"},"openingHoursSpecification":[{"@type":"OpeningHoursSpecification","dayOfWeek":["Monday","Tuesday","Wednesday","Thursday","Friday","Saturday","Sunday"],"opens":"00:00","closes":"23:59"}],"email":"info@egytourpackages.com","areaServed":"Cairo, Hurghada, Luxor, Sharm El Sheikh, Marsa Alam, Aswan","priceRange":"$","currenciesAccepted":"euro","paymentAccepted":"Payment links online"},{"@type":"PostalAddress","@id":"https:\/\/egytourpackages.com\/es\/tours\/excursion-de-un-dia-al-cairo-desde-hurgada-en-van-maximo-8-personas\/#local-main-place-address","streetAddress":"Mubarak 8, Al Kawthar District, Hurghada","addressLocality":"Hurghada","postalCode":"84511","addressRegion":"Red Sea","addressCountry":"EG"},{"@type":"ImageObject","inLanguage":"es","@id":"https:\/\/egytourpackages.com\/es\/tours\/excursion-de-un-dia-al-cairo-desde-hurgada-en-van-maximo-8-personas\/#local-main-organization-logo","url":"https:\/\/egytourpackages.com\/wp-content\/uploads\/2025\/12\/Turquoise-Dahabiya-Nile-Cruise-1.jpeg","contentUrl":"https:\/\/egytourpackages.com\/wp-content\/uploads\/2025\/12\/Turquoise-Dahabiya-Nile-Cruise-1.jpeg","width":1040,"height":694,"caption":"egypt tour packages"}]},"product_brand":"Excursiones Egipto","product_price_amount":"65","product_price_currency":"EUR","og_availability":"instock","product_availability":"instock","product_retailer_item_id":"HDT10","product_condition":"new","geo.placename":"Hurghada","geo.region":"Egipto"},"_links":{"self":[{"href":"https:\/\/egytourpackages.com\/es\/wp-json\/wp\/v2\/product\/7410","targetHints":{"allow":["GET"]}}],"collection":[{"href":"https:\/\/egytourpackages.com\/es\/wp-json\/wp\/v2\/product"}],"about":[{"href":"https:\/\/egytourpackages.com\/es\/wp-json\/wp\/v2\/types\/product"}],"replies":[{"embeddable":true,"href":"https:\/\/egytourpackages.com\/es\/wp-json\/wp\/v2\/comments?post=7410"}],"wp:featuredmedia":[{"embeddable":true,"href":"https:\/\/egytourpackages.com\/es\/wp-json\/wp\/v2\/media\/7412"}],"wp:attachment":[{"href":"https:\/\/egytourpackages.com\/es\/wp-json\/wp\/v2\/media?parent=7410"}],"wp:term":[{"taxonomy":"product_brand","embeddable":true,"href":"https:\/\/egytourpackages.com\/es\/wp-json\/wp\/v2\/product_brand?post=7410"},{"taxonomy":"product_cat","embeddable":true,"href":"https:\/\/egytourpackages.com\/es\/wp-json\/wp\/v2\/product_cat?post=7410"},{"taxonomy":"product_tag","embeddable":true,"href":"https:\/\/egytourpackages.com\/es\/wp-json\/wp\/v2\/product_tag?post=7410"}],"curies":[{"name":"wp","href":"https:\/\/api.w.org\/{rel}","templated":true}]}}