{"id":7482,"date":"2024-07-15T21:10:38","date_gmt":"2024-07-15T21:10:38","guid":{"rendered":"https:\/\/egytourpackages.com\/product\/excursion-de-escala-de-un-dia-en-el-cairo\/"},"modified":"2026-01-06T09:29:27","modified_gmt":"2026-01-06T09:29:27","slug":"excursion-de-escala-de-un-dia-en-el-cairo","status":"publish","type":"product","link":"https:\/\/egytourpackages.com\/es\/tours\/excursion-de-escala-de-un-dia-en-el-cairo\/","title":{"rendered":"Excursi\u00f3n de Escala de Un D\u00eda en El Cairo"},"content":{"rendered":"<p><span style=\"color: #ff6600;\"><strong>Excursi\u00f3n de Escala de Un D\u00eda en El Cairo<\/strong><\/span><\/p>\n<p>No se quede esperando en la terminal. Convierta su larga escala en una aventura inolvidable con nuestro exclusivo <strong>tour en escala en El Cairo<\/strong>. Le ofrecemos la oportunidad perfecta para explorar las mundialmente famosas <strong>Pir\u00e1mides de Giza y la Gran Esfinge<\/strong> directamente desde el <strong>Aeropuerto Internacional de El Cairo (CAI)<\/strong>. Nuestros <strong>tours en tr\u00e1nsito en El Cairo<\/strong> est\u00e1n dise\u00f1ados para viajeros con tiempo limitado, garantizando que experimente los monumentos m\u00e1s ic\u00f3nicos de Egipto sin problemas.<\/p>\n<p>Nuestros <strong>tours privados de un d\u00eda en El Cairo<\/strong> desde el aeropuerto ofrecen una experiencia fluida y sin estr\u00e9s. Un gu\u00eda egipt\u00f3logo experto y un veh\u00edculo privado con aire acondicionado le estar\u00e1n esperando para recibirle. Este servicio personalizado maximiza su valioso tiempo, permiti\u00e9ndole sumergirse en las maravillas del antiguo Egipto con los mejores servicios disponibles.<\/p>\n<p>Elija el <strong>paquete de viaje a Egipto<\/strong> perfecto que se ajuste a la duraci\u00f3n de su escala. M\u00e1s all\u00e1 del cl\u00e1sico <strong>tour por las Pir\u00e1mides de Giza<\/strong>, ofrecemos una variedad de opciones para satisfacer sus intereses:<\/p>\n<h3><span style=\"color: #ff6600;\">Maravillas del Antiguo Egipto<\/span><\/h3>\n<p>Explore el masivo y nuevo <strong>Gran Museo Egipcio (GEM)<\/strong>, la <strong>Pir\u00e1mide Escalonada de Saqqara<\/strong>, la antigua capital de Menfis o las fascinantes <strong>Pir\u00e1mides de Dahshur<\/strong>.<\/p>\n<h3><span style=\"color: #ff6600;\">El Cairo Hist\u00f3rico y Cultural<\/span><\/h3>\n<p>Sum\u00e9rjase en la rica historia de la ciudad con una visita a la <strong>Ciudadela de Saladino<\/strong>, la impresionante <strong>Mezquita de Alabastro<\/strong>, el vibrante <strong>Bazar de Khan El Jalili<\/strong> o las calles medievales de <strong>El Moez<\/strong>.<\/p>\n<p>Reserve su <strong>tour en escala en El Cairo a las Pir\u00e1mides de Giza<\/strong> hoy mismo y convierta su escala en un viaje \u00fanico en la vida. Nuestro equipo de expertos est\u00e1 listo para hacer que sus pocas horas en Egipto sean una experiencia verdaderamente memorable.<\/p>\n<h3><span style=\"color: #ff6600;\">Detalles del Tour<\/span><\/h3>\n<ul>\n<li>Duraci\u00f3n: 6-8 horas<\/li>\n<li>Ubicaci\u00f3n del Tour: Giza, El Cairo<\/li>\n<li>Disponibilidad del Tour: Diariamente, bajo petici\u00f3n<\/li>\n<li>Recogida y Devoluci\u00f3n: Aeropuerto de El Cairo<\/li>\n<li>Tipo de Tour: Privado<\/li>\n<li><strong>Idioma: Espa\u00f1ol<\/strong><\/li>\n<\/ul>\n<h3><span style=\"color: #ff6600;\">Puntos Destacados del Tour<\/span><\/h3>\n<ul>\n<li>Complejo de las Pir\u00e1mides de Giza<\/li>\n<li>Piramida de Keops<\/li>\n<li>Piramida de Kefr\u00e9n<\/li>\n<li>Piramida de Micerino<\/li>\n<li>Templo del Valle<\/li>\n<li>La Esfinge<\/li>\n<\/ul>\n<h3><span style=\"color: #ff6600;\">Inclusiones<\/span><\/h3>\n<ul>\n<li>Servicios de recogida en el Aeropuerto de El Cairo y regreso<\/li>\n<li>Todos los traslados en veh\u00edculo nuevo con aire acondicionado<\/li>\n<li><strong>Gu\u00eda egipt\u00f3logo de habla espa\u00f1ola<\/strong><\/li>\n<li>Almuerzo en un restaurante local<\/li>\n<li>Entradas a todos los lugares de inter\u00e9s del programa<\/li>\n<li>Agua mineral durante el tour<\/li>\n<li>Todos los cargos por servicio e impuestos<\/li>\n<\/ul>\n<h3><span style=\"color: #ff6600;\">Exclusiones<\/span><\/h3>\n<ul>\n<li>Bebidas durante el almuerzo<\/li>\n<li>Entrada al interior de cualquiera de las pir\u00e1mides<\/li>\n<li>Propinas<\/li>\n<\/ul>\n<h3><span style=\"color: #ff6600;\">Qu\u00e9 Llevar<\/span><\/h3>\n<ul>\n<li>Ropa y zapatos c\u00f3modos<\/li>\n<li>Protector solar \u2013 Gafas de sol<\/li>\n<\/ul>\n<h2><span style=\"color: #ff6600;\">Itinerario<\/span><\/h2>\n<p>Su tour en escala a las <strong>Pir\u00e1mides de Giza<\/strong> comienza cuando se encuentre con su gu\u00eda egipt\u00f3logo frente a la sala de llegadas, sosteniendo un cartel con su nombre. Suba a su veh\u00edculo nuevo con aire acondicionado y comience su camino hacia la majestuosa Meseta de Giza, donde se encontrar\u00e1 cara a cara con las famosas <strong>Pir\u00e1mides de Giza<\/strong>: la Gran Pir\u00e1mide de Jufu (Keops), la Pir\u00e1mide de Jafra (Kefr\u00e9n) y la Pir\u00e1mide de Menkaura (Micerino).<\/p>\n<p>El viaje hasta las Pir\u00e1mides dura entre 30 y 45 minutos y, mientras escucha a su gu\u00eda, podr\u00e1 disfrutar de la vida local en el camino y las bulliciosas calles de El Cairo. Al llegar a las <strong>Pir\u00e1mides de Giza<\/strong>, comenzar\u00e1 su tour de la siguiente manera:<\/p>\n<h3><span style=\"color: #ff6600;\">La Gran Pir\u00e1mide de Keops<\/span><\/h3>\n<p>Comience su tour por la Meseta de Giza con la <strong>Piramida de Keops<\/strong>, la pir\u00e1mide m\u00e1s grande y famosa, con una altura de aproximadamente 146 m. Escuche a su gu\u00eda explicar c\u00f3mo los antiguos egipcios construyeron las Pir\u00e1mides y aprenda sobre la historia de la <strong>4\u00aa Dinast\u00eda<\/strong>, en el Reino Antiguo. Puede explorar el interior de la Pir\u00e1mide con un costo adicional.<\/p>\n<h3><span style=\"color: #ff6600;\">Las Pir\u00e1mides de las Reinas y las Fosas de los Barcos Solares<\/span><\/h3>\n<p>Camine con su gu\u00eda alrededor de la Pir\u00e1mide de Keops para ver las Pir\u00e1mides de las Reinas. Las tres pir\u00e1mides m\u00e1s peque\u00f1as ubicadas en el lado este de la <strong>Gran Pir\u00e1mide de Giza<\/strong> (Jufu) son conocidas como las Pir\u00e1mides de las Reinas. Se cree que son las tumbas de las esposas de Jufu y de su madre.<\/p>\n<p>El \u00e1rea que rodea la Gran Pir\u00e1mide de Giza alberga una serie de fosas excavadas en la roca, que se cree que conten\u00edan barcos funerarios para el <strong>Fara\u00f3n Jufu<\/strong>. Se han identificado un total de siete de estas fosas en el complejo de Giza. De ellas, la m\u00e1s famosa es la que conten\u00eda el \u00abbarco de Jufu\u00bb, tambi\u00e9n conocido como \u00abbarca solar\u00bb, descubierto en 1954.<\/p>\n<h3><span style=\"color: #ff6600;\">La Pir\u00e1mide de Kefr\u00e9n<\/span><\/h3>\n<p>Termine su caminata alrededor de la Gran Pir\u00e1mide con la segunda Pir\u00e1mide de Kefr\u00e9n, la \u00fanica que a\u00fan conserva los revestimientos originales en la parte superior.<\/p>\n<h3><span style=\"color: #ff6600;\">La Pir\u00e1mide de Micerino y el Panorama<\/span><\/h3>\n<p>La m\u00e1s peque\u00f1a de las tres pir\u00e1mides principales en Giza es \u00fanica porque es la \u00fanica que conserva una porci\u00f3n de su revestimiento original de granito. Mientras que las otras pir\u00e1mides fueron revestidas con piedra caliza blanca fina, la parte inferior de la pir\u00e1mide de Micerino fue terminada con granito de Asu\u00e1n. Aunque gran parte de este granito fue retirado posteriormente, algunas secciones permanecen intactas hoy en d\u00eda. M\u00e1s tarde, se dirigir\u00e1 al Panorama o har\u00e1 un paseo en camello desde la tercera Pir\u00e1mide hasta el Panorama. De hecho, desde aqu\u00ed, puede capturar las tres pir\u00e1mides principales (Jufu, Jafra y Menkaura) en una sola fotograf\u00eda, creando una imagen cl\u00e1sica e ic\u00f3nica de la <strong>Necr\u00f3polis de Giza<\/strong>.<\/p>\n<h3><span style=\"color: #ff6600;\">Templo del Valle | Templo de la Momificaci\u00f3n<\/span><\/h3>\n<p>El <strong>Templo del Valle<\/strong>, parte del complejo piramidal del Fara\u00f3n Jafra, es una estructura notable y bien conservada que ofrece una visi\u00f3n de los <strong>ritos funerarios del antiguo Egipto<\/strong>. Se encuentra justo al este de la <strong>pir\u00e1mide de Jafra<\/strong> y la <strong>Gran Esfinge<\/strong>. Si bien algunos historiadores creen que fue el sitio del proceso de <strong>momificaci\u00f3n<\/strong> en s\u00ed mismo, se identifica m\u00e1s definitivamente como el lugar donde el cuerpo del rey era purificado ritualmente y preparado para su viaje a la otra vida. Tambi\u00e9n pudo haber sido el lugar para la ceremonia de la \u00abApertura de la Boca\u00bb, un ritual vital para restaurar los sentidos del difunto y su capacidad para comer y beber en la otra vida.<\/p>\n<h3><span style=\"color: #ff6600;\">La Gran Esfinge<\/span><\/h3>\n<p>La <strong>Gran Esfinge<\/strong> es uno de los monumentos m\u00e1s reconocibles y misteriosos del mundo. Tallada en una sola pieza de roca caliza en la <strong>Meseta de Giza<\/strong>, esta colosal estatua tiene el cuerpo de un le\u00f3n y la cabeza de un fara\u00f3n. Se remonta al reinado del <strong>Fara\u00f3n Jafra<\/strong>, el constructor de la segunda pir\u00e1mide en Giza. Se cree ampliamente que el rostro de la Esfinge es un retrato del propio Jafra.<\/p>\n<h3><span style=\"color: #ff6600;\">La Estela del Sue\u00f1o<\/span><\/h3>\n<p>Entre las patas delanteras de la Esfinge hay una losa de granito (la Estela del Sue\u00f1o). Esta estela cuenta la historia de un joven pr\u00edncipe <strong>Tutmosis IV<\/strong> que, mientras descansaba a la sombra de la Esfinge, se durmi\u00f3 y tuvo un sue\u00f1o prof\u00e9tico. En el sue\u00f1o, la Esfinge, hablando como el dios Hor-em-ajet, le prometi\u00f3 a Tutmosis el trono de Egipto si despejaba la arena que hab\u00eda enterrado su cuerpo. Al convertirse en fara\u00f3n, Tutmosis IV cumpli\u00f3 su voto, despej\u00f3 la arena y erigi\u00f3 la estela para conmemorar el evento y legitimar su gobierno.<\/p>\n<h3><span style=\"color: #ff6600;\">Almuerzo<\/span><\/h3>\n<p>Al final de su tour, disfrutar\u00e1 de un almuerzo reci\u00e9n preparado en un restaurante local antes de regresar al aeropuerto de El Cairo como parte de su <strong>Tour en Escala en El Cairo a las Pir\u00e1mides de Giza y la Esfinge desde el Aeropuerto del Cairo<\/strong>.<\/p>\n<h3><span style=\"color: #ff6600;\">Precios<\/span><\/h3>\n<ul>\n<li>Precio para adultos = 70 \u20ac<\/li>\n<li>Ni\u00f1os de 5 a 11 a\u00f1os = 50% del precio de adulto<\/li>\n<li>Ni\u00f1os de 0 a 5 a\u00f1os = gratis<\/li>\n<\/ul>\n<h3><span style=\"color: #ff6600;\">Reserva<\/span><\/h3>\n<p>Puede reservar su tour a trav\u00e9s de WhatsApp o envi\u00e1ndonos un correo electr\u00f3nico y recibir\u00e1 la confirmaci\u00f3n al instante.<\/p>\n<ul>\n<li>WhatsApp: +201000852186<\/li>\n<li>info@egytourpackages.com<\/li>\n<\/ul>\n<h3><span style=\"color: #ff6600;\">Reserve Ahora<\/span><\/h3>\n<p>Reserve su tour favorito y consulte la pol\u00edtica de pago.<\/p>\n<h3><span style=\"color: #ff6600;\">Pago<\/span><\/h3>\n<p>Puede pagar en libras egipcias, $, \u20ac o \u00a3.<\/p>\n<h3><span style=\"color: #ff6600;\">Pol\u00edtica de Cancelaci\u00f3n<\/span><\/h3>\n<ul>\n<li>La cancelaci\u00f3n es gratuita hasta dos semanas antes.<\/li>\n<li>Una semana de cancelaci\u00f3n conlleva un 50% del precio.<\/li>\n<\/ul>\n","protected":false},"excerpt":{"rendered":"<p>\u00a1Aprovecha tu escala! Excursi\u00f3n de Escala de Un D\u00eda en El Cairo. Explora las Pir\u00e1mides de Giza y el Museo Egipcio. Tours privados desde el aeropuerto.<\/p>\n","protected":false},"featured_media":7483,"comment_status":"open","ping_status":"closed","template":"","meta":[],"product_brand":[],"product_cat":[3128],"product_tag":[3188,3211,3520],"class_list":{"0":"post-7482","1":"product","2":"type-product","3":"status-publish","4":"has-post-thumbnail","6":"product_cat-tours","7":"product_tag-excursiones-egipto","8":"product_tag-piramides-de-giza","9":"product_tag-recorridos-en-transito-por-el-cairo-desde-el-aeropuerto","10":"tour_category-escapada-corta-a-el-cairo-es","11":"tour_category-excursiones-egipto-es","13":"first","14":"instock","15":"sale","16":"shipping-taxable","17":"purchasable","18":"product-type-tour","19":"has-default-attributes"},"yoast_head":"<!-- This site is optimized with the Yoast SEO Premium plugin v27.2 (Yoast SEO v27.2) - https:\/\/yoast.com\/product\/yoast-seo-premium-wordpress\/ -->\n<title>Excursi\u00f3n de Escala de Un D\u00eda en El Cairo: Egy tour packages<\/title>\n<meta name=\"description\" content=\"\u00a1Aprovecha tu escala! Excursi\u00f3n de Escala de Un D\u00eda en El Cairo. Explora las Pir\u00e1mides de Giza y el Museo Egipcio. Tours privados desde el aeropuerto.\" \/>\n<meta name=\"robots\" content=\"index, follow, max-snippet:-1, max-image-preview:large, max-video-preview:-1\" \/>\n<link rel=\"canonical\" href=\"https:\/\/egytourpackages.com\/es\/tours\/excursion-de-escala-de-un-dia-en-el-cairo\/\" \/>\n<meta property=\"og:locale\" content=\"es_ES\" \/>\n<meta property=\"og:type\" content=\"article\" \/>\n<meta property=\"og:title\" content=\"Excursi\u00f3n de Escala de Un D\u00eda en El Cairo\" \/>\n<meta property=\"og:description\" content=\"\u00a1Aprovecha tu escala! Excursi\u00f3n de Escala de Un D\u00eda en El Cairo. Explora las Pir\u00e1mides de Giza y el Museo Egipcio. Tours privados desde el aeropuerto.\" \/>\n<meta property=\"og:url\" content=\"https:\/\/egytourpackages.com\/es\/tours\/excursion-de-escala-de-un-dia-en-el-cairo\/\" \/>\n<meta property=\"og:site_name\" content=\"Egypt Tour Packages\" \/>\n<meta property=\"article:publisher\" content=\"https:\/\/www.facebook.com\/egytourpackages\" \/>\n<meta property=\"article:modified_time\" content=\"2026-01-06T09:29:27+00:00\" \/>\n<meta property=\"og:image\" content=\"https:\/\/egytourpackages.com\/wp-content\/uploads\/2024\/07\/Khafre-Pyramid-Giza-Plateau-1024x682.jpg\" \/>\n<meta name=\"twitter:card\" content=\"summary_large_image\" \/>\n<meta name=\"twitter:title\" content=\"Excursi\u00f3n de Escala de Un D\u00eda en El Cairo\" \/>\n<meta name=\"twitter:label1\" content=\"Precio\" \/>\n\t<meta name=\"twitter:data1\" content=\"&euro;0\" \/>\n\t<meta name=\"twitter:label2\" content=\"Disponibilidad\" \/>\n\t<meta name=\"twitter:data2\" content=\"Disponible\" \/>\n<script type=\"application\/ld+json\" class=\"yoast-schema-graph\">{\"@context\":\"https:\/\/schema.org\",\"@graph\":[{\"@type\":\"WebPage\",\"@id\":\"https:\/\/egytourpackages.com\/es\/tours\/excursion-de-escala-de-un-dia-en-el-cairo\/\",\"url\":\"https:\/\/egytourpackages.com\/es\/tours\/excursion-de-escala-de-un-dia-en-el-cairo\/\",\"name\":\"Excursi\u00f3n de Escala de Un D\u00eda en El Cairo: Egy tour packages\",\"isPartOf\":{\"@id\":\"https:\/\/egytourpackages.com\/es\/#website\"},\"primaryImageOfPage\":{\"@id\":\"https:\/\/egytourpackages.com\/es\/tours\/excursion-de-escala-de-un-dia-en-el-cairo\/#primaryimage\"},\"image\":{\"@id\":\"https:\/\/egytourpackages.com\/es\/tours\/excursion-de-escala-de-un-dia-en-el-cairo\/#primaryimage\"},\"thumbnailUrl\":\"https:\/\/egytourpackages.com\/wp-content\/uploads\/2024\/07\/Khafre-Pyramid-Giza-Plateau.jpg\",\"datePublished\":\"2024-07-15T21:10:38+00:00\",\"dateModified\":\"2026-01-06T09:29:27+00:00\",\"description\":\"\u00a1Aprovecha tu escala! Excursi\u00f3n de Escala de Un D\u00eda en El Cairo. Explora las Pir\u00e1mides de Giza y el Museo Egipcio. Tours privados desde el aeropuerto.\",\"breadcrumb\":{\"@id\":\"https:\/\/egytourpackages.com\/es\/tours\/excursion-de-escala-de-un-dia-en-el-cairo\/#breadcrumb\"},\"inLanguage\":\"es\",\"potentialAction\":[{\"@type\":\"ReadAction\",\"target\":[\"https:\/\/egytourpackages.com\/es\/tours\/excursion-de-escala-de-un-dia-en-el-cairo\/\"]}]},{\"@type\":\"ImageObject\",\"inLanguage\":\"es\",\"@id\":\"https:\/\/egytourpackages.com\/es\/tours\/excursion-de-escala-de-un-dia-en-el-cairo\/#primaryimage\",\"url\":\"https:\/\/egytourpackages.com\/wp-content\/uploads\/2024\/07\/Khafre-Pyramid-Giza-Plateau.jpg\",\"contentUrl\":\"https:\/\/egytourpackages.com\/wp-content\/uploads\/2024\/07\/Khafre-Pyramid-Giza-Plateau.jpg\",\"width\":2000,\"height\":1333,\"caption\":\"Excursi\u00f3n de Escala de Un D\u00eda en El Cairo\"},{\"@type\":\"BreadcrumbList\",\"@id\":\"https:\/\/egytourpackages.com\/es\/tours\/excursion-de-escala-de-un-dia-en-el-cairo\/#breadcrumb\",\"itemListElement\":[{\"@type\":\"ListItem\",\"position\":1,\"name\":\"Home\",\"item\":\"https:\/\/egytourpackages.com\/es\/paquetes-de-viaje-a-egipto\/\"},{\"@type\":\"ListItem\",\"position\":2,\"name\":\"Shop\",\"item\":\"https:\/\/egytourpackages.com\/shop\/\"},{\"@type\":\"ListItem\",\"position\":3,\"name\":\"Excursi\u00f3n de Escala de Un D\u00eda en El Cairo\"}]},{\"@type\":\"WebSite\",\"@id\":\"https:\/\/egytourpackages.com\/es\/#website\",\"url\":\"https:\/\/egytourpackages.com\/es\/\",\"name\":\"Egy tour packages\",\"description\":\"\",\"publisher\":{\"@id\":\"https:\/\/egytourpackages.com\/es\/#organization\"},\"potentialAction\":[{\"@type\":\"SearchAction\",\"target\":{\"@type\":\"EntryPoint\",\"urlTemplate\":\"https:\/\/egytourpackages.com\/es\/?s={search_term_string}\"},\"query-input\":{\"@type\":\"PropertyValueSpecification\",\"valueRequired\":true,\"valueName\":\"search_term_string\"}}],\"inLanguage\":\"es\"},{\"@type\":[\"Organization\",\"Place\",\"TravelAgency\"],\"@id\":\"https:\/\/egytourpackages.com\/es\/#organization\",\"name\":\"egypt tour packages\",\"alternateName\":\"egypt tour packages\",\"url\":\"https:\/\/egytourpackages.com\/es\/\",\"logo\":{\"@id\":\"https:\/\/egytourpackages.com\/es\/tours\/excursion-de-escala-de-un-dia-en-el-cairo\/#local-main-organization-logo\"},\"image\":{\"@id\":\"https:\/\/egytourpackages.com\/es\/tours\/excursion-de-escala-de-un-dia-en-el-cairo\/#local-main-organization-logo\"},\"sameAs\":[\"https:\/\/www.facebook.com\/egytourpackages\"],\"legalName\":\"Egy tour packages\",\"address\":{\"@id\":\"https:\/\/egytourpackages.com\/es\/tours\/excursion-de-escala-de-un-dia-en-el-cairo\/#local-main-place-address\"},\"telephone\":[\"00201000852186\",\"00201028685533\"],\"contactPoint\":{\"@type\":\"ContactPoint\",\"telephone\":\"00201000852186\"},\"openingHoursSpecification\":[{\"@type\":\"OpeningHoursSpecification\",\"dayOfWeek\":[\"Monday\",\"Tuesday\",\"Wednesday\",\"Thursday\",\"Friday\",\"Saturday\",\"Sunday\"],\"opens\":\"00:00\",\"closes\":\"23:59\"}],\"email\":\"info@egytourpackages.com\",\"areaServed\":\"Cairo, Hurghada, Luxor, Sharm El Sheikh, Marsa Alam, Aswan\",\"priceRange\":\"$\",\"currenciesAccepted\":\"euro\",\"paymentAccepted\":\"Payment links online\"},{\"@type\":\"PostalAddress\",\"@id\":\"https:\/\/egytourpackages.com\/es\/tours\/excursion-de-escala-de-un-dia-en-el-cairo\/#local-main-place-address\",\"streetAddress\":\"Mubarak 8, Al Kawthar District, Hurghada\",\"addressLocality\":\"Hurghada\",\"postalCode\":\"84511\",\"addressRegion\":\"Red Sea\",\"addressCountry\":\"EG\"},{\"@type\":\"ImageObject\",\"inLanguage\":\"es\",\"@id\":\"https:\/\/egytourpackages.com\/es\/tours\/excursion-de-escala-de-un-dia-en-el-cairo\/#local-main-organization-logo\",\"url\":\"https:\/\/egytourpackages.com\/wp-content\/uploads\/2025\/12\/Turquoise-Dahabiya-Nile-Cruise-1.jpeg\",\"contentUrl\":\"https:\/\/egytourpackages.com\/wp-content\/uploads\/2025\/12\/Turquoise-Dahabiya-Nile-Cruise-1.jpeg\",\"width\":1040,\"height\":694,\"caption\":\"egypt tour packages\"}]}<\/script>\n<meta property=\"product:brand\" content=\"Escapada corta a El Cairo\" \/>\n<meta property=\"product:price:amount\" content=\"0\" \/>\n<meta property=\"product:price:currency\" content=\"EUR\" \/>\n<meta property=\"og:availability\" content=\"instock\" \/>\n<meta property=\"product:availability\" content=\"instock\" \/>\n<meta property=\"product:retailer_item_id\" content=\"CSB06\" \/>\n<meta property=\"product:condition\" content=\"new\" \/>\n<meta name=\"geo.placename\" content=\"Hurghada\" \/>\n<meta name=\"geo.region\" content=\"Egipto\" \/>\n<!-- \/ Yoast SEO Premium plugin. -->","yoast_head_json":{"title":"Excursi\u00f3n de Escala de Un D\u00eda en El Cairo: Egy tour packages","description":"\u00a1Aprovecha tu escala! Excursi\u00f3n de Escala de Un D\u00eda en El Cairo. Explora las Pir\u00e1mides de Giza y el Museo Egipcio. Tours privados desde el aeropuerto.","robots":{"index":"index","follow":"follow","max-snippet":"max-snippet:-1","max-image-preview":"max-image-preview:large","max-video-preview":"max-video-preview:-1"},"canonical":"https:\/\/egytourpackages.com\/es\/tours\/excursion-de-escala-de-un-dia-en-el-cairo\/","og_locale":"es_ES","og_type":"article","og_title":"Excursi\u00f3n de Escala de Un D\u00eda en El Cairo","og_description":"\u00a1Aprovecha tu escala! Excursi\u00f3n de Escala de Un D\u00eda en El Cairo. Explora las Pir\u00e1mides de Giza y el Museo Egipcio. Tours privados desde el aeropuerto.","og_url":"https:\/\/egytourpackages.com\/es\/tours\/excursion-de-escala-de-un-dia-en-el-cairo\/","og_site_name":"Egypt Tour Packages","article_publisher":"https:\/\/www.facebook.com\/egytourpackages","article_modified_time":"2026-01-06T09:29:27+00:00","og_image":[{"url":"https:\/\/egytourpackages.com\/wp-content\/uploads\/2024\/07\/Khafre-Pyramid-Giza-Plateau-1024x682.jpg","type":"","width":"","height":""}],"twitter_card":"summary_large_image","twitter_title":"Excursi\u00f3n de Escala de Un D\u00eda en El Cairo","twitter_misc":{"Precio":"&euro;0","Disponibilidad":"Disponible"},"schema":{"@context":"https:\/\/schema.org","@graph":[{"@type":"WebPage","@id":"https:\/\/egytourpackages.com\/es\/tours\/excursion-de-escala-de-un-dia-en-el-cairo\/","url":"https:\/\/egytourpackages.com\/es\/tours\/excursion-de-escala-de-un-dia-en-el-cairo\/","name":"Excursi\u00f3n de Escala de Un D\u00eda en El Cairo: Egy tour packages","isPartOf":{"@id":"https:\/\/egytourpackages.com\/es\/#website"},"primaryImageOfPage":{"@id":"https:\/\/egytourpackages.com\/es\/tours\/excursion-de-escala-de-un-dia-en-el-cairo\/#primaryimage"},"image":{"@id":"https:\/\/egytourpackages.com\/es\/tours\/excursion-de-escala-de-un-dia-en-el-cairo\/#primaryimage"},"thumbnailUrl":"https:\/\/egytourpackages.com\/wp-content\/uploads\/2024\/07\/Khafre-Pyramid-Giza-Plateau.jpg","datePublished":"2024-07-15T21:10:38+00:00","dateModified":"2026-01-06T09:29:27+00:00","description":"\u00a1Aprovecha tu escala! Excursi\u00f3n de Escala de Un D\u00eda en El Cairo. Explora las Pir\u00e1mides de Giza y el Museo Egipcio. Tours privados desde el aeropuerto.","breadcrumb":{"@id":"https:\/\/egytourpackages.com\/es\/tours\/excursion-de-escala-de-un-dia-en-el-cairo\/#breadcrumb"},"inLanguage":"es","potentialAction":[{"@type":"ReadAction","target":["https:\/\/egytourpackages.com\/es\/tours\/excursion-de-escala-de-un-dia-en-el-cairo\/"]}]},{"@type":"ImageObject","inLanguage":"es","@id":"https:\/\/egytourpackages.com\/es\/tours\/excursion-de-escala-de-un-dia-en-el-cairo\/#primaryimage","url":"https:\/\/egytourpackages.com\/wp-content\/uploads\/2024\/07\/Khafre-Pyramid-Giza-Plateau.jpg","contentUrl":"https:\/\/egytourpackages.com\/wp-content\/uploads\/2024\/07\/Khafre-Pyramid-Giza-Plateau.jpg","width":2000,"height":1333,"caption":"Excursi\u00f3n de Escala de Un D\u00eda en El Cairo"},{"@type":"BreadcrumbList","@id":"https:\/\/egytourpackages.com\/es\/tours\/excursion-de-escala-de-un-dia-en-el-cairo\/#breadcrumb","itemListElement":[{"@type":"ListItem","position":1,"name":"Home","item":"https:\/\/egytourpackages.com\/es\/paquetes-de-viaje-a-egipto\/"},{"@type":"ListItem","position":2,"name":"Shop","item":"https:\/\/egytourpackages.com\/shop\/"},{"@type":"ListItem","position":3,"name":"Excursi\u00f3n de Escala de Un D\u00eda en El Cairo"}]},{"@type":"WebSite","@id":"https:\/\/egytourpackages.com\/es\/#website","url":"https:\/\/egytourpackages.com\/es\/","name":"Egy tour packages","description":"","publisher":{"@id":"https:\/\/egytourpackages.com\/es\/#organization"},"potentialAction":[{"@type":"SearchAction","target":{"@type":"EntryPoint","urlTemplate":"https:\/\/egytourpackages.com\/es\/?s={search_term_string}"},"query-input":{"@type":"PropertyValueSpecification","valueRequired":true,"valueName":"search_term_string"}}],"inLanguage":"es"},{"@type":["Organization","Place","TravelAgency"],"@id":"https:\/\/egytourpackages.com\/es\/#organization","name":"egypt tour packages","alternateName":"egypt tour packages","url":"https:\/\/egytourpackages.com\/es\/","logo":{"@id":"https:\/\/egytourpackages.com\/es\/tours\/excursion-de-escala-de-un-dia-en-el-cairo\/#local-main-organization-logo"},"image":{"@id":"https:\/\/egytourpackages.com\/es\/tours\/excursion-de-escala-de-un-dia-en-el-cairo\/#local-main-organization-logo"},"sameAs":["https:\/\/www.facebook.com\/egytourpackages"],"legalName":"Egy tour packages","address":{"@id":"https:\/\/egytourpackages.com\/es\/tours\/excursion-de-escala-de-un-dia-en-el-cairo\/#local-main-place-address"},"telephone":["00201000852186","00201028685533"],"contactPoint":{"@type":"ContactPoint","telephone":"00201000852186"},"openingHoursSpecification":[{"@type":"OpeningHoursSpecification","dayOfWeek":["Monday","Tuesday","Wednesday","Thursday","Friday","Saturday","Sunday"],"opens":"00:00","closes":"23:59"}],"email":"info@egytourpackages.com","areaServed":"Cairo, Hurghada, Luxor, Sharm El Sheikh, Marsa Alam, Aswan","priceRange":"$","currenciesAccepted":"euro","paymentAccepted":"Payment links online"},{"@type":"PostalAddress","@id":"https:\/\/egytourpackages.com\/es\/tours\/excursion-de-escala-de-un-dia-en-el-cairo\/#local-main-place-address","streetAddress":"Mubarak 8, Al Kawthar District, Hurghada","addressLocality":"Hurghada","postalCode":"84511","addressRegion":"Red Sea","addressCountry":"EG"},{"@type":"ImageObject","inLanguage":"es","@id":"https:\/\/egytourpackages.com\/es\/tours\/excursion-de-escala-de-un-dia-en-el-cairo\/#local-main-organization-logo","url":"https:\/\/egytourpackages.com\/wp-content\/uploads\/2025\/12\/Turquoise-Dahabiya-Nile-Cruise-1.jpeg","contentUrl":"https:\/\/egytourpackages.com\/wp-content\/uploads\/2025\/12\/Turquoise-Dahabiya-Nile-Cruise-1.jpeg","width":1040,"height":694,"caption":"egypt tour packages"}]},"product_brand":"Escapada corta a El Cairo","product_price_currency":"EUR","og_availability":"instock","product_availability":"instock","product_retailer_item_id":"CSB06","product_condition":"new","geo.placename":"Hurghada","geo.region":"Egipto"},"_links":{"self":[{"href":"https:\/\/egytourpackages.com\/es\/wp-json\/wp\/v2\/product\/7482","targetHints":{"allow":["GET"]}}],"collection":[{"href":"https:\/\/egytourpackages.com\/es\/wp-json\/wp\/v2\/product"}],"about":[{"href":"https:\/\/egytourpackages.com\/es\/wp-json\/wp\/v2\/types\/product"}],"replies":[{"embeddable":true,"href":"https:\/\/egytourpackages.com\/es\/wp-json\/wp\/v2\/comments?post=7482"}],"wp:featuredmedia":[{"embeddable":true,"href":"https:\/\/egytourpackages.com\/es\/wp-json\/wp\/v2\/media\/7483"}],"wp:attachment":[{"href":"https:\/\/egytourpackages.com\/es\/wp-json\/wp\/v2\/media?parent=7482"}],"wp:term":[{"taxonomy":"product_brand","embeddable":true,"href":"https:\/\/egytourpackages.com\/es\/wp-json\/wp\/v2\/product_brand?post=7482"},{"taxonomy":"product_cat","embeddable":true,"href":"https:\/\/egytourpackages.com\/es\/wp-json\/wp\/v2\/product_cat?post=7482"},{"taxonomy":"product_tag","embeddable":true,"href":"https:\/\/egytourpackages.com\/es\/wp-json\/wp\/v2\/product_tag?post=7482"}],"curies":[{"name":"wp","href":"https:\/\/api.w.org\/{rel}","templated":true}]}}