{"id":7961,"date":"2024-07-03T06:57:12","date_gmt":"2024-07-03T06:57:12","guid":{"rendered":"https:\/\/egytourpackages.com\/product\/excursion-de-un-dia-al-fayun-desde-el-cairo\/"},"modified":"2026-02-19T22:08:19","modified_gmt":"2026-02-19T22:08:19","slug":"excursion-de-un-dia-al-fayun-desde-el-cairo","status":"publish","type":"product","link":"https:\/\/egytourpackages.com\/es\/tours\/excursion-de-un-dia-al-fayun-desde-el-cairo\/","title":{"rendered":"Excursi\u00f3n de un D\u00eda al Fay\u00fan desde El Cairo"},"content":{"rendered":"<p><span style=\"color: #ff6600;\"><strong>Excursi\u00f3n de un D\u00eda al Fay\u00fan desde El Cairo<\/strong><\/span><\/p>\n<p>Reserva una cautivadora <strong>excursi\u00f3n de un d\u00eda al Fay\u00fan desde El Cairo<\/strong>, una regi\u00f3n \u00fanica famosa por su rica historia y sus impresionantes paisajes naturales. Este <strong>tour privado<\/strong> ofrece un escape perfecto de la bulliciosa ciudad, sumergi\u00e9ndote en una mezcla de antiguos sitios arqueol\u00f3gicos y una impresionante belleza des\u00e9rtica.<\/p>\n<p>Tu <strong>aventura en el Fay\u00fan<\/strong> comienza con una visita al <strong>Museo de Kom Aushim<\/strong>, que exhibe artefactos de la ciudad <strong>grecorromana<\/strong> de <strong>Karanis<\/strong>, proporcionando informaci\u00f3n invaluable sobre la vida diaria en el antiguo Fay\u00fan. A continuaci\u00f3n, explora el sitio arqueol\u00f3gico de <strong>Kiman Fares<\/strong>, que una vez fue la antigua capital del Fay\u00fan y un centro importante para el culto al dios cocodrilo, <strong>Sobek<\/strong>. Pasea por los restos de la <strong>Ciudad de Karanis<\/strong>, un pueblo de la \u00e9poca romana bien conservado con sus fascinantes ruinas de casas, templos y ba\u00f1os p\u00fablicos.<\/p>\n<p>Ad\u00e9ntrate en las maravillas de la ingenier\u00eda del <strong>Reino Medio<\/strong> con una parada en las <strong>Pir\u00e1mides de Hawara<\/strong>, una pir\u00e1mide \u00fanica de ladrillos de barro construida por el <strong>Fara\u00f3n Amenemhat III<\/strong>, famosa por su asociaci\u00f3n con el legendario Laberinto. El viaje culmina en el pintoresco <strong>Wadi El Rayan<\/strong>, una zona protegida celebrada por sus serenos lagos y las \u00fanicas <strong>cascadas naturales<\/strong> de Egipto. Disfruta de la tranquilidad de este oasis des\u00e9rtico, marav\u00edllate con su diversa vida silvestre y captura momentos inolvidables de sus cautivadores paisajes. Este <strong>tour por el Fay\u00fan<\/strong> ofrece una experiencia enriquecedora y memorable de las joyas ocultas de Egipto, ideal para los amantes de la historia y la naturaleza por igual.<\/p>\n<p>Descubre uno de los 6 <strong>Oasis de Egipto<\/strong> adem\u00e1s de Siwa, Bahariya, Farafra, Dakhla y el Oasis de Kharga. Visitar\u00e1s dos lugares asombrosos que fueron declarados \u00e1reas protegidas desde 1998: el Lago Qarun y Wadi El Rayyan. Cont\u00e1ctanos y planearemos para ti una de las <strong>mejores cosas que hacer en El Cairo<\/strong> y una aventura en el desierto.<\/p>\n<h3><span style=\"color: #ff6600;\">Detalles del Tour<\/span><\/h3>\n<ul>\n<li>Duraci\u00f3n: 10 horas<\/li>\n<li>Lugar del Tour: Oasis de Fay\u00fan<\/li>\n<li>Disponibilidad del Tour: Todos los d\u00edas<\/li>\n<li><strong>Idioma: Espa\u00f1ol<\/strong><\/li>\n<li>Recogida y Regreso: Hoteles de El Cairo y Gizeh<\/li>\n<li>Tipo de Tour: Privado<\/li>\n<\/ul>\n<h3><span style=\"color: #ff6600;\">Puntos Destacados del Tour<\/span><\/h3>\n<ul>\n<li>Wadi El-Hitan<\/li>\n<li>Cascadas de Wadi El Rayan<\/li>\n<li>Lago Qarun<\/li>\n<li>Lago M\u00e1gico<\/li>\n<li>Gebel Al Mudawara<\/li>\n<\/ul>\n<h3><span style=\"color: #ff6600;\">Incluye<\/span><\/h3>\n<ul>\n<li>Traslado de ida y vuelta en veh\u00edculo moderno con aire acondicionado<\/li>\n<li><strong>Gu\u00eda arque\u00f3logo experto que habla espa\u00f1ol<\/strong><\/li>\n<li>Almuerzo<\/li>\n<li>Agua durante el tour<\/li>\n<li>Entrada a todos los sitios del programa<\/li>\n<\/ul>\n<h3><span style=\"color: #ff6600;\">Excluye<\/span><\/h3>\n<ul>\n<li>Propinas<\/li>\n<li>Cualquier gasto personal<\/li>\n<\/ul>\n<h3><span style=\"color: #ff6600;\">Qu\u00e9 Empacar<\/span><\/h3>\n<ul>\n<li>Crema solar y gafas de sol<\/li>\n<li>Sombrero o pa\u00f1uelo<\/li>\n<\/ul>\n<h2><span style=\"color: #ff6600;\">Itinerario<\/span><\/h2>\n<p>Disfruta de tu desayuno en tu hotel de El Cairo o Gizeh, luego re\u00fane a tu gu\u00eda en el vest\u00edbulo de tu hotel para comenzar tu <strong>tour de un d\u00eda por El Cairo<\/strong> a uno de los oasis de Egipto m\u00e1s famosos, el <strong>Oasis de Fay\u00fan<\/strong>. Se tarda aproximadamente una hora y media en coche y el Oasis cubre un \u00e1rea de unos 1800 km\u00b2. El Fay\u00fan es muy famoso por <strong>Wadi Al-Hitan<\/strong> como sitio <strong>Patrimonio de la UNESCO<\/strong>, el <strong>Lago M\u00e1gico<\/strong> y <strong>Gebel Al Mudawara<\/strong>. A tu llegada, comenzar\u00e1s tu tour por las <strong>atracciones del Fay\u00fan<\/strong>.<\/p>\n<h3><span style=\"color: #ff6600;\">Viaje a Mares Antiguos y Oasis del Desierto<\/span><\/h3>\n<p><strong><span style=\"color: #ff6600;\">8:00 a.m., Recogida en el hotel de El Cairo<\/span><\/strong><\/p>\n<p>Disfruta de tu desayuno antes de que te recojamos en tu hotel de El Cairo o Gizeh. Acom\u00f3date en tu veh\u00edculo con aire acondicionado para el c\u00f3modo viaje al suroeste hacia el Oasis de Fay\u00fan, de aproximadamente 2 a 2.5 horas.<\/p>\n<p><strong><span style=\"color: #ff6600;\">10:00 a.m. \u2013 12:30 p.m., Exploraci\u00f3n de Wadi El-Hitan (Valle de las Ballenas)<\/span><\/strong><\/p>\n<p>Tu primera parada importante es el sitio <strong>Patrimonio de la Humanidad de la UNESCO Wadi El-Hitan<\/strong>, conocido como el <strong>\u00abValle de las Ballenas\u00bb<\/strong>. De hecho, este incre\u00edble museo al aire libre en el <strong>Desierto Occidental<\/strong> exhibe cientos de f\u00f3siles exquisitamente conservados de archaeoceti, un suborden extinto de ballenas que representa una etapa crucial en su evoluci\u00f3n de animales terrestres a marinos. Camina entre los restos esquel\u00e9ticos de ballenas antiguas, aprende sobre la importancia geol\u00f3gica de la zona como un <strong>oc\u00e9ano prehist\u00f3rico<\/strong>.<\/p>\n<h3><span style=\"color: #ff6600;\">Vistas del Desierto y Cascadas de Agua Dulce<\/span><\/h3>\n<p><span style=\"color: #ff6600;\"><strong>12:45 p.m. \u2013 1:45 p.m.: Cascadas de Wadi El Rayan<\/strong><\/span><\/p>\n<p>Contin\u00faa hacia el <strong>\u00c1rea Protegida de Wadi El Rayan<\/strong>, una impresionante reserva natural famosa por las \u00fanicas cascadas permanentes de Egipto. En realidad, puedes presenciar estas cascadas \u00fanicas, formadas por dos lagos artificiales conectados por agua de drenaje de las tierras agr\u00edcolas del Fay\u00fan. El contraste del agua corriendo contra el tel\u00f3n de fondo del desierto \u00e1rido es verdaderamente fascinante. Este es un lugar perfecto para la fotograf\u00eda y para disfrutar del tranquilo entorno natural.<\/p>\n<p><span style=\"color: #ff6600;\"><strong>2:00 p.m. \u2013 2:45 p.m.: Pausa para el almuerzo<\/strong><\/span><\/p>\n<p>Disfruta de un merecido <strong>almuerzo<\/strong> en un restaurante local, que a menudo ofrece cocina tradicional egipcia, dentro o cerca del <strong>Lago Qarun<\/strong>, antes de continuar tu exploraci\u00f3n.<\/p>\n<h3><span style=\"color: #ff6600;\">Vistas Panor\u00e1micas y Lagos Serenos<\/span><\/h3>\n<p><span style=\"color: #ff6600;\"><strong>3:00 p.m. \u2013 4:00 p.m.: Lago M\u00e1gico y Sandboarding<\/strong><\/span><\/p>\n<p>Experimenta el encantador <strong>Lago M\u00e1gico<\/strong>, llamado as\u00ed por sus colores cambiantes a lo largo del d\u00eda, influenciados por la luz solar y los minerales. Rodeado de dunas de arena dorada, este pintoresco lugar ofrece oportunidades para la relajaci\u00f3n y la fotograf\u00eda impresionante. Para los aventureros, prueba el <strong>sandboarding<\/strong> en las suaves dunas, a\u00f1adiendo un toque emocionante a tu experiencia en el desierto.<\/p>\n<p><span style=\"color: #ff6600;\"><strong>4:15 p.m. \u2013 5:00 p.m.: Gebel Al Mudawara<\/strong><\/span><\/p>\n<p>Asciende a <strong>Gebel Al Mudawara<\/strong>, una monta\u00f1a c\u00f3nica distintiva que ofrece impresionantes vistas panor\u00e1micas de toda la <strong>depresi\u00f3n del Fay\u00fan<\/strong>, incluyendo el extenso <strong>Lago Qarun (Birket Qarun)<\/strong> y el paisaje des\u00e9rtico circundante. Este mirador proporciona una perspectiva incre\u00edble del oasis.<\/p>\n<h3><span style=\"color: #ff6600;\">Regreso a El Cairo<\/span><\/h3>\n<p><span style=\"color: #ff6600;\"><strong>5:15 p.m.: Salida del Fay\u00fan hacia El Cairo<\/strong><\/span><\/p>\n<p>Comienza tu c\u00f3modo <strong>traslado privado de regreso a El Cairo<\/strong>, reflexionando sobre la incre\u00edble belleza natural y la historia antigua que has presenciado durante todo el d\u00eda.<\/p>\n<p><span style=\"color: #ff6600;\"><strong>7:30 p.m. \u2013 8:00 p.m.: Regreso al hotel de El Cairo<\/strong><\/span><\/p>\n<p>Llega de vuelta a tu hotel, concluyendo tu memorable <strong>tour de un d\u00eda por el Fay\u00fan desde El Cairo<\/strong>.<\/p>\n<h3><span style=\"color: #ff6600;\">Precio del tour de un d\u00eda al Oasis de Fay\u00fan desde El Cairo<\/span><\/h3>\n<ul>\n<li>1 persona: 165 \u20ac<\/li>\n<li>2 personas: 85 \u20ac cada una<\/li>\n<li>3 personas: 60 \u20ac cada una<\/li>\n<li>M\u00e1ximo: 3 personas<\/li>\n<\/ul>\n<h3><span style=\"color: #ff6600;\">Reserva<\/span><\/h3>\n<p>Puedes reservar tu tour a trav\u00e9s de WhatsApp o enviarnos un correo electr\u00f3nico y recibir\u00e1s la confirmaci\u00f3n al instante.<\/p>\n<p>Env\u00edanos amablemente el nombre de tu hotel, n\u00famero de habitaci\u00f3n y copias de tu pasaporte.<\/p>\n<ul>\n<li>WhatsApp: +201000852186<\/li>\n<li>info@egytourpackages.com<\/li>\n<\/ul>\n<h3><span style=\"color: #ff6600;\">Reserva ahora y paga en el lugar<\/span><\/h3>\n<p>Reserva tu tour favorito y paga el d\u00eda del viaje.<\/p>\n<h3><span style=\"color: #ff6600;\">Pago<\/span><\/h3>\n<p>Puedes pagar en libras egipcias, $, \u20ac o \u00a3.<\/p>\n<h3><span style=\"color: #ff6600;\">Pol\u00edtica de Cancelaci\u00f3n<\/span><\/h3>\n<ul>\n<li>La cancelaci\u00f3n es gratuita hasta 24 horas antes.<\/li>\n<li>La cancelaci\u00f3n por la ma\u00f1ana tiene un cargo del 50 % del precio.<\/li>\n<\/ul>\n","protected":false},"excerpt":{"rendered":"<p>Excursi\u00f3n de un D\u00eda al Fay\u00fan desde El Cairo! Explora Wadi El-Hitan, las cascadas de Wadi El Rayan, el Lago M\u00e1gico, y Gebel Al Mudawara.<\/p>\n","protected":false},"featured_media":7962,"comment_status":"open","ping_status":"closed","template":"","meta":[],"product_brand":[],"product_cat":[3128],"product_tag":[3784,3216,3188],"class_list":{"0":"post-7961","1":"product","2":"type-product","3":"status-publish","4":"has-post-thumbnail","6":"product_cat-tours","7":"product_tag-excursiones-al-fayun-desde-el-cairo","8":"product_tag-excursiones-de-un-dia-en-el-cairo","9":"product_tag-excursiones-egipto","10":"tour_category-excursiones-a-fayum-desde-el-cairo-es","11":"tour_category-excursiones-egipto-es","12":"tour_category-excursiones-en-el-cairo-es","14":"first","15":"instock","16":"sale","17":"shipping-taxable","18":"purchasable","19":"product-type-tour","20":"has-default-attributes"},"yoast_head":"<!-- This site is optimized with the Yoast SEO Premium plugin v27.4 (Yoast SEO v27.4) - https:\/\/yoast.com\/product\/yoast-seo-premium-wordpress\/ -->\n<title>Excursi\u00f3n de un D\u00eda al Fay\u00fan desde El Cairo<\/title>\n<meta name=\"description\" content=\"Excursi\u00f3n de un D\u00eda al Fay\u00fan desde El Cairo! Explora Wadi El-Hitan, las cascadas de Wadi El Rayan, el Lago M\u00e1gico, y Gebel Al Mudawara.\" \/>\n<meta name=\"robots\" content=\"index, follow, max-snippet:-1, max-image-preview:large, max-video-preview:-1\" \/>\n<link rel=\"canonical\" href=\"https:\/\/egytourpackages.com\/es\/tours\/excursion-de-un-dia-al-fayun-desde-el-cairo\/\" \/>\n<meta property=\"og:locale\" content=\"es_ES\" \/>\n<meta property=\"og:type\" content=\"article\" \/>\n<meta property=\"og:title\" content=\"Excursi\u00f3n de un D\u00eda al Fay\u00fan desde El Cairo\" \/>\n<meta property=\"og:description\" content=\"Excursi\u00f3n de un D\u00eda al Fay\u00fan desde El Cairo! Explora Wadi El-Hitan, las cascadas de Wadi El Rayan, el Lago M\u00e1gico, y Gebel Al Mudawara.\" \/>\n<meta property=\"og:url\" content=\"https:\/\/egytourpackages.com\/es\/tours\/excursion-de-un-dia-al-fayun-desde-el-cairo\/\" \/>\n<meta property=\"og:site_name\" content=\"Egypt Tour Packages\" \/>\n<meta property=\"article:publisher\" content=\"https:\/\/www.facebook.com\/egytourpackages\" \/>\n<meta property=\"article:modified_time\" content=\"2026-02-19T22:08:19+00:00\" \/>\n<meta property=\"og:image\" content=\"https:\/\/egytourpackages.com\/wp-content\/uploads\/2024\/07\/Karanis-Fayoum-Oasis.jpg\" \/>\n<meta name=\"twitter:card\" content=\"summary_large_image\" \/>\n<meta name=\"twitter:title\" content=\"Excursi\u00f3n de un D\u00eda al Fay\u00fan desde El Cairo\" \/>\n<meta name=\"twitter:label1\" content=\"Precio\" \/>\n\t<meta name=\"twitter:data1\" content=\"&euro;100\" \/>\n\t<meta name=\"twitter:label2\" content=\"Disponibilidad\" \/>\n\t<meta name=\"twitter:data2\" content=\"Disponible\" \/>\n<script type=\"application\/ld+json\" class=\"yoast-schema-graph\">{\"@context\":\"https:\\\/\\\/schema.org\",\"@graph\":[{\"@type\":\"WebPage\",\"@id\":\"https:\\\/\\\/egytourpackages.com\\\/es\\\/tours\\\/excursion-de-un-dia-al-fayun-desde-el-cairo\\\/\",\"url\":\"https:\\\/\\\/egytourpackages.com\\\/es\\\/tours\\\/excursion-de-un-dia-al-fayun-desde-el-cairo\\\/\",\"name\":\"Excursi\u00f3n de un D\u00eda al Fay\u00fan desde El Cairo\",\"isPartOf\":{\"@id\":\"https:\\\/\\\/egytourpackages.com\\\/es\\\/#website\"},\"primaryImageOfPage\":{\"@id\":\"https:\\\/\\\/egytourpackages.com\\\/es\\\/tours\\\/excursion-de-un-dia-al-fayun-desde-el-cairo\\\/#primaryimage\"},\"image\":{\"@id\":\"https:\\\/\\\/egytourpackages.com\\\/es\\\/tours\\\/excursion-de-un-dia-al-fayun-desde-el-cairo\\\/#primaryimage\"},\"thumbnailUrl\":\"https:\\\/\\\/egytourpackages.com\\\/wp-content\\\/uploads\\\/2024\\\/07\\\/Karanis-Fayoum-Oasis.jpg\",\"datePublished\":\"2024-07-03T06:57:12+00:00\",\"dateModified\":\"2026-02-19T22:08:19+00:00\",\"description\":\"Excursi\u00f3n de un D\u00eda al Fay\u00fan desde El Cairo! Explora Wadi El-Hitan, las cascadas de Wadi El Rayan, el Lago M\u00e1gico, y Gebel Al Mudawara.\",\"breadcrumb\":{\"@id\":\"https:\\\/\\\/egytourpackages.com\\\/es\\\/tours\\\/excursion-de-un-dia-al-fayun-desde-el-cairo\\\/#breadcrumb\"},\"inLanguage\":\"es\",\"potentialAction\":[{\"@type\":\"ReadAction\",\"target\":[\"https:\\\/\\\/egytourpackages.com\\\/es\\\/tours\\\/excursion-de-un-dia-al-fayun-desde-el-cairo\\\/\"]}]},{\"@type\":\"ImageObject\",\"inLanguage\":\"es\",\"@id\":\"https:\\\/\\\/egytourpackages.com\\\/es\\\/tours\\\/excursion-de-un-dia-al-fayun-desde-el-cairo\\\/#primaryimage\",\"url\":\"https:\\\/\\\/egytourpackages.com\\\/wp-content\\\/uploads\\\/2024\\\/07\\\/Karanis-Fayoum-Oasis.jpg\",\"contentUrl\":\"https:\\\/\\\/egytourpackages.com\\\/wp-content\\\/uploads\\\/2024\\\/07\\\/Karanis-Fayoum-Oasis.jpg\",\"width\":800,\"height\":425,\"caption\":\"Excursi\u00f3n de un D\u00eda al Fay\u00fan desde El Cairo\"},{\"@type\":\"BreadcrumbList\",\"@id\":\"https:\\\/\\\/egytourpackages.com\\\/es\\\/tours\\\/excursion-de-un-dia-al-fayun-desde-el-cairo\\\/#breadcrumb\",\"itemListElement\":[{\"@type\":\"ListItem\",\"position\":1,\"name\":\"Home\",\"item\":\"https:\\\/\\\/egytourpackages.com\\\/es\\\/paquetes-de-viaje-a-egipto\\\/\"},{\"@type\":\"ListItem\",\"position\":2,\"name\":\"Shop\",\"item\":\"https:\\\/\\\/egytourpackages.com\\\/shop\\\/\"},{\"@type\":\"ListItem\",\"position\":3,\"name\":\"Excursi\u00f3n de un D\u00eda al Fay\u00fan desde El Cairo\"}]},{\"@type\":\"WebSite\",\"@id\":\"https:\\\/\\\/egytourpackages.com\\\/es\\\/#website\",\"url\":\"https:\\\/\\\/egytourpackages.com\\\/es\\\/\",\"name\":\"Egy tour packages\",\"description\":\"\",\"publisher\":{\"@id\":\"https:\\\/\\\/egytourpackages.com\\\/es\\\/#organization\"},\"potentialAction\":[{\"@type\":\"SearchAction\",\"target\":{\"@type\":\"EntryPoint\",\"urlTemplate\":\"https:\\\/\\\/egytourpackages.com\\\/es\\\/?s={search_term_string}\"},\"query-input\":{\"@type\":\"PropertyValueSpecification\",\"valueRequired\":true,\"valueName\":\"search_term_string\"}}],\"inLanguage\":\"es\"},{\"@type\":[\"Organization\",\"Place\",\"TravelAgency\"],\"@id\":\"https:\\\/\\\/egytourpackages.com\\\/es\\\/#organization\",\"name\":\"egypt tour packages\",\"alternateName\":\"egypt tour packages\",\"url\":\"https:\\\/\\\/egytourpackages.com\\\/es\\\/\",\"logo\":{\"@id\":\"https:\\\/\\\/egytourpackages.com\\\/es\\\/tours\\\/excursion-de-un-dia-al-fayun-desde-el-cairo\\\/#local-main-organization-logo\"},\"image\":{\"@id\":\"https:\\\/\\\/egytourpackages.com\\\/es\\\/tours\\\/excursion-de-un-dia-al-fayun-desde-el-cairo\\\/#local-main-organization-logo\"},\"sameAs\":[\"https:\\\/\\\/www.facebook.com\\\/egytourpackages\"],\"legalName\":\"Egy tour packages\",\"address\":{\"@id\":\"https:\\\/\\\/egytourpackages.com\\\/es\\\/tours\\\/excursion-de-un-dia-al-fayun-desde-el-cairo\\\/#local-main-place-address\"},\"telephone\":[\"00201000852186\",\"00201028685533\"],\"contactPoint\":{\"@type\":\"ContactPoint\",\"telephone\":\"00201000852186\"},\"openingHoursSpecification\":[{\"@type\":\"OpeningHoursSpecification\",\"dayOfWeek\":[\"Monday\",\"Tuesday\",\"Wednesday\",\"Thursday\",\"Friday\",\"Saturday\",\"Sunday\"],\"opens\":\"00:00\",\"closes\":\"23:59\"}],\"email\":\"info@egytourpackages.com\",\"areaServed\":\"Cairo, Hurghada, Luxor, Sharm El Sheikh, Marsa Alam, Aswan\",\"priceRange\":\"$\",\"currenciesAccepted\":\"euro\",\"paymentAccepted\":\"Payment links online\"},{\"@type\":\"PostalAddress\",\"@id\":\"https:\\\/\\\/egytourpackages.com\\\/es\\\/tours\\\/excursion-de-un-dia-al-fayun-desde-el-cairo\\\/#local-main-place-address\",\"streetAddress\":\"Mubarak 8, Al Kawthar District, Hurghada\",\"addressLocality\":\"Hurghada\",\"postalCode\":\"84511\",\"addressRegion\":\"Red Sea\",\"addressCountry\":\"EG\"},{\"@type\":\"ImageObject\",\"inLanguage\":\"es\",\"@id\":\"https:\\\/\\\/egytourpackages.com\\\/es\\\/tours\\\/excursion-de-un-dia-al-fayun-desde-el-cairo\\\/#local-main-organization-logo\",\"url\":\"https:\\\/\\\/egytourpackages.com\\\/wp-content\\\/uploads\\\/2025\\\/12\\\/Turquoise-Dahabiya-Nile-Cruise-1.jpeg\",\"contentUrl\":\"https:\\\/\\\/egytourpackages.com\\\/wp-content\\\/uploads\\\/2025\\\/12\\\/Turquoise-Dahabiya-Nile-Cruise-1.jpeg\",\"width\":1040,\"height\":694,\"caption\":\"egypt tour packages\"}]}<\/script>\n<meta property=\"product:brand\" content=\"Excursiones a Fay\u00fam desde El Cairo\" \/>\n<meta property=\"product:price:amount\" content=\"100\" \/>\n<meta property=\"product:price:currency\" content=\"EUR\" \/>\n<meta property=\"og:availability\" content=\"instock\" \/>\n<meta property=\"product:availability\" content=\"instock\" \/>\n<meta property=\"product:retailer_item_id\" content=\"CDT05\" \/>\n<meta property=\"product:condition\" content=\"new\" \/>\n<meta name=\"geo.placename\" content=\"Hurghada\" \/>\n<meta name=\"geo.region\" content=\"Egipto\" \/>\n<!-- \/ Yoast SEO Premium plugin. -->","yoast_head_json":{"title":"Excursi\u00f3n de un D\u00eda al Fay\u00fan desde El Cairo","description":"Excursi\u00f3n de un D\u00eda al Fay\u00fan desde El Cairo! Explora Wadi El-Hitan, las cascadas de Wadi El Rayan, el Lago M\u00e1gico, y Gebel Al Mudawara.","robots":{"index":"index","follow":"follow","max-snippet":"max-snippet:-1","max-image-preview":"max-image-preview:large","max-video-preview":"max-video-preview:-1"},"canonical":"https:\/\/egytourpackages.com\/es\/tours\/excursion-de-un-dia-al-fayun-desde-el-cairo\/","og_locale":"es_ES","og_type":"article","og_title":"Excursi\u00f3n de un D\u00eda al Fay\u00fan desde El Cairo","og_description":"Excursi\u00f3n de un D\u00eda al Fay\u00fan desde El Cairo! Explora Wadi El-Hitan, las cascadas de Wadi El Rayan, el Lago M\u00e1gico, y Gebel Al Mudawara.","og_url":"https:\/\/egytourpackages.com\/es\/tours\/excursion-de-un-dia-al-fayun-desde-el-cairo\/","og_site_name":"Egypt Tour Packages","article_publisher":"https:\/\/www.facebook.com\/egytourpackages","article_modified_time":"2026-02-19T22:08:19+00:00","og_image":[{"url":"https:\/\/egytourpackages.com\/wp-content\/uploads\/2024\/07\/Karanis-Fayoum-Oasis.jpg","type":"","width":"","height":""}],"twitter_card":"summary_large_image","twitter_title":"Excursi\u00f3n de un D\u00eda al Fay\u00fan desde El Cairo","twitter_misc":{"Precio":"&euro;100","Disponibilidad":"Disponible"},"schema":{"@context":"https:\/\/schema.org","@graph":[{"@type":"WebPage","@id":"https:\/\/egytourpackages.com\/es\/tours\/excursion-de-un-dia-al-fayun-desde-el-cairo\/","url":"https:\/\/egytourpackages.com\/es\/tours\/excursion-de-un-dia-al-fayun-desde-el-cairo\/","name":"Excursi\u00f3n de un D\u00eda al Fay\u00fan desde El Cairo","isPartOf":{"@id":"https:\/\/egytourpackages.com\/es\/#website"},"primaryImageOfPage":{"@id":"https:\/\/egytourpackages.com\/es\/tours\/excursion-de-un-dia-al-fayun-desde-el-cairo\/#primaryimage"},"image":{"@id":"https:\/\/egytourpackages.com\/es\/tours\/excursion-de-un-dia-al-fayun-desde-el-cairo\/#primaryimage"},"thumbnailUrl":"https:\/\/egytourpackages.com\/wp-content\/uploads\/2024\/07\/Karanis-Fayoum-Oasis.jpg","datePublished":"2024-07-03T06:57:12+00:00","dateModified":"2026-02-19T22:08:19+00:00","description":"Excursi\u00f3n de un D\u00eda al Fay\u00fan desde El Cairo! Explora Wadi El-Hitan, las cascadas de Wadi El Rayan, el Lago M\u00e1gico, y Gebel Al Mudawara.","breadcrumb":{"@id":"https:\/\/egytourpackages.com\/es\/tours\/excursion-de-un-dia-al-fayun-desde-el-cairo\/#breadcrumb"},"inLanguage":"es","potentialAction":[{"@type":"ReadAction","target":["https:\/\/egytourpackages.com\/es\/tours\/excursion-de-un-dia-al-fayun-desde-el-cairo\/"]}]},{"@type":"ImageObject","inLanguage":"es","@id":"https:\/\/egytourpackages.com\/es\/tours\/excursion-de-un-dia-al-fayun-desde-el-cairo\/#primaryimage","url":"https:\/\/egytourpackages.com\/wp-content\/uploads\/2024\/07\/Karanis-Fayoum-Oasis.jpg","contentUrl":"https:\/\/egytourpackages.com\/wp-content\/uploads\/2024\/07\/Karanis-Fayoum-Oasis.jpg","width":800,"height":425,"caption":"Excursi\u00f3n de un D\u00eda al Fay\u00fan desde El Cairo"},{"@type":"BreadcrumbList","@id":"https:\/\/egytourpackages.com\/es\/tours\/excursion-de-un-dia-al-fayun-desde-el-cairo\/#breadcrumb","itemListElement":[{"@type":"ListItem","position":1,"name":"Home","item":"https:\/\/egytourpackages.com\/es\/paquetes-de-viaje-a-egipto\/"},{"@type":"ListItem","position":2,"name":"Shop","item":"https:\/\/egytourpackages.com\/shop\/"},{"@type":"ListItem","position":3,"name":"Excursi\u00f3n de un D\u00eda al Fay\u00fan desde El Cairo"}]},{"@type":"WebSite","@id":"https:\/\/egytourpackages.com\/es\/#website","url":"https:\/\/egytourpackages.com\/es\/","name":"Egy tour packages","description":"","publisher":{"@id":"https:\/\/egytourpackages.com\/es\/#organization"},"potentialAction":[{"@type":"SearchAction","target":{"@type":"EntryPoint","urlTemplate":"https:\/\/egytourpackages.com\/es\/?s={search_term_string}"},"query-input":{"@type":"PropertyValueSpecification","valueRequired":true,"valueName":"search_term_string"}}],"inLanguage":"es"},{"@type":["Organization","Place","TravelAgency"],"@id":"https:\/\/egytourpackages.com\/es\/#organization","name":"egypt tour packages","alternateName":"egypt tour packages","url":"https:\/\/egytourpackages.com\/es\/","logo":{"@id":"https:\/\/egytourpackages.com\/es\/tours\/excursion-de-un-dia-al-fayun-desde-el-cairo\/#local-main-organization-logo"},"image":{"@id":"https:\/\/egytourpackages.com\/es\/tours\/excursion-de-un-dia-al-fayun-desde-el-cairo\/#local-main-organization-logo"},"sameAs":["https:\/\/www.facebook.com\/egytourpackages"],"legalName":"Egy tour packages","address":{"@id":"https:\/\/egytourpackages.com\/es\/tours\/excursion-de-un-dia-al-fayun-desde-el-cairo\/#local-main-place-address"},"telephone":["00201000852186","00201028685533"],"contactPoint":{"@type":"ContactPoint","telephone":"00201000852186"},"openingHoursSpecification":[{"@type":"OpeningHoursSpecification","dayOfWeek":["Monday","Tuesday","Wednesday","Thursday","Friday","Saturday","Sunday"],"opens":"00:00","closes":"23:59"}],"email":"info@egytourpackages.com","areaServed":"Cairo, Hurghada, Luxor, Sharm El Sheikh, Marsa Alam, Aswan","priceRange":"$","currenciesAccepted":"euro","paymentAccepted":"Payment links online"},{"@type":"PostalAddress","@id":"https:\/\/egytourpackages.com\/es\/tours\/excursion-de-un-dia-al-fayun-desde-el-cairo\/#local-main-place-address","streetAddress":"Mubarak 8, Al Kawthar District, Hurghada","addressLocality":"Hurghada","postalCode":"84511","addressRegion":"Red Sea","addressCountry":"EG"},{"@type":"ImageObject","inLanguage":"es","@id":"https:\/\/egytourpackages.com\/es\/tours\/excursion-de-un-dia-al-fayun-desde-el-cairo\/#local-main-organization-logo","url":"https:\/\/egytourpackages.com\/wp-content\/uploads\/2025\/12\/Turquoise-Dahabiya-Nile-Cruise-1.jpeg","contentUrl":"https:\/\/egytourpackages.com\/wp-content\/uploads\/2025\/12\/Turquoise-Dahabiya-Nile-Cruise-1.jpeg","width":1040,"height":694,"caption":"egypt tour packages"}]},"product_brand":"Excursiones a Fay\u00fam desde El Cairo","product_price_amount":"100","product_price_currency":"EUR","og_availability":"instock","product_availability":"instock","product_retailer_item_id":"CDT05","product_condition":"new","geo.placename":"Hurghada","geo.region":"Egipto"},"_links":{"self":[{"href":"https:\/\/egytourpackages.com\/es\/wp-json\/wp\/v2\/product\/7961","targetHints":{"allow":["GET"]}}],"collection":[{"href":"https:\/\/egytourpackages.com\/es\/wp-json\/wp\/v2\/product"}],"about":[{"href":"https:\/\/egytourpackages.com\/es\/wp-json\/wp\/v2\/types\/product"}],"replies":[{"embeddable":true,"href":"https:\/\/egytourpackages.com\/es\/wp-json\/wp\/v2\/comments?post=7961"}],"wp:featuredmedia":[{"embeddable":true,"href":"https:\/\/egytourpackages.com\/es\/wp-json\/wp\/v2\/media\/7962"}],"wp:attachment":[{"href":"https:\/\/egytourpackages.com\/es\/wp-json\/wp\/v2\/media?parent=7961"}],"wp:term":[{"taxonomy":"product_brand","embeddable":true,"href":"https:\/\/egytourpackages.com\/es\/wp-json\/wp\/v2\/product_brand?post=7961"},{"taxonomy":"product_cat","embeddable":true,"href":"https:\/\/egytourpackages.com\/es\/wp-json\/wp\/v2\/product_cat?post=7961"},{"taxonomy":"product_tag","embeddable":true,"href":"https:\/\/egytourpackages.com\/es\/wp-json\/wp\/v2\/product_tag?post=7961"}],"curies":[{"name":"wp","href":"https:\/\/api.w.org\/{rel}","templated":true}]}}