{"id":8146,"date":"2024-06-19T02:23:03","date_gmt":"2024-06-19T02:23:03","guid":{"rendered":"https:\/\/egytourpackages.com\/product\/tour-de-medio-dia-por-las-piramides-de-egipto-en-el-cairo\/"},"modified":"2026-01-12T23:44:31","modified_gmt":"2026-01-12T23:44:31","slug":"tour-de-medio-dia-por-las-piramides-de-egipto-en-el-cairo","status":"publish","type":"product","link":"https:\/\/egytourpackages.com\/es\/tours\/tour-de-medio-dia-por-las-piramides-de-egipto-en-el-cairo\/","title":{"rendered":"Tour de Medio D\u00eda por las Pir\u00e1mides de Egipto en El Cairo"},"content":{"rendered":"<p><span style=\"color: #ff6600;\"><strong>Tour de Medio D\u00eda por las Pir\u00e1mides de Egipto en El Cairo<\/strong><\/span><\/p>\n<p>Comienza un inolvidable <strong>tour de medio d\u00eda por las Pir\u00e1mides de Egipto en El Cairo<\/strong>, dise\u00f1ado para viajeros que buscan experimentar las maravillas m\u00e1s ic\u00f3nicas del <strong>Antiguo Egipto<\/strong>. Este <strong>tour privado<\/strong> ofrece una oportunidad sin igual para explorar el legendario <strong>Complejo de las Pir\u00e1mides de Giza<\/strong>, incluida la magn\u00edfica <strong>Gran Pir\u00e1mide de Keops (Khufu)<\/strong>, la <strong>Pir\u00e1mide de Kefr\u00e9n (Khafre)<\/strong> y la <strong>Pir\u00e1mide de Micerino (Menkaure)<\/strong>.<\/p>\n<p>De hecho, este <strong>tour de medio d\u00eda por las Pir\u00e1mides de Egipto en El Cairo<\/strong> es ideal para aquellos con tiempo limitado o que buscan una exploraci\u00f3n enfocada. Marav\u00edllate con la enigm\u00e1tica <strong>Gran Esfinge<\/strong>, guardiana de la <strong>Necr\u00f3polis de Giza<\/strong>, y ad\u00e9ntrate en las fascinantes historias detr\u00e1s de estas <strong>antiguas maravillas del mundo<\/strong> con nuestro experto <strong>gu\u00eda tur\u00edstico egipt\u00f3logo<\/strong>.<\/p>\n<p>Tu aventura en un <strong>tour por El Cairo<\/strong> incluye un c\u00f3modo <strong>transporte con aire acondicionado<\/strong> directamente desde tu <strong>hotel en El Cairo<\/strong>. Descubre los misterios del <strong>Templo del Valle<\/strong>, s\u00e9 testigo del genio arquitect\u00f3nico y captura impresionantes <strong>fotos de las pir\u00e1mides<\/strong>.<\/p>\n<p><strong>Reservar excursiones en El Cairo<\/strong> a las Pir\u00e1mides de Giza significa que aprender\u00e1s sobre los secretos de las Pir\u00e1mides, los textos de las Pir\u00e1mides durante la <strong>IV dinast\u00eda<\/strong>, el <strong>Imperio Antiguo<\/strong>. Mientras tanto, puedes explorar las tumbas de los constructores de las Pir\u00e1mides, la <strong>Pir\u00e1mide de la Reina<\/strong>, los Pozos de Barcos y m\u00e1s. Cont\u00e1ctanos y d\u00e9janos crear para ti recuerdos para toda la vida.<\/p>\n<h3><span style=\"color: #ff6600;\">Detalles del tour<\/span><\/h3>\n<ul>\n<li>Duraci\u00f3n: Medio d\u00eda<\/li>\n<li>Ubicaci\u00f3n del tour: El Cairo \/ Giza<\/li>\n<li>Disponibilidad del tour: Todos los d\u00edas<\/li>\n<li>Recogida y llegada: Tu hotel en El Cairo \/ Giza<\/li>\n<li>Tipo de tour: Privado<\/li>\n<li><strong>Idioma: Espa\u00f1ol<\/strong><\/li>\n<li>Silla de ruedas: Accesible<\/li>\n<\/ul>\n<h3><span style=\"color: #ff6600;\">Puntos destacados del tour<\/span><\/h3>\n<ul>\n<li>Pir\u00e1mide de Keops<\/li>\n<li>Pir\u00e1mide de Kefr\u00e9n<\/li>\n<li>Pir\u00e1mide de Micerino<\/li>\n<li>Pir\u00e1mide de la Reina<\/li>\n<li>Templo del Valle<\/li>\n<li>La Gran Esfinge<\/li>\n<\/ul>\n<h3><span style=\"color: #ff6600;\">Incluido<\/span><\/h3>\n<ul>\n<li>Traslado de ida y vuelta con veh\u00edculo moderno con aire acondicionado<\/li>\n<li>Entrada a todos los lugares de inter\u00e9s<\/li>\n<li>Gu\u00eda egipt\u00f3logo experto que habla espa\u00f1ol<\/li>\n<li>Almuerzo en un restaurante local<\/li>\n<\/ul>\n<h3><span style=\"color: #ff6600;\">Excluido<\/span><\/h3>\n<ul>\n<li>Bebidas durante el almuerzo<\/li>\n<li>La entrada a la Pir\u00e1mide de Keops<\/li>\n<li>Entrada a la Pir\u00e1mide de Kefr\u00e9n<\/li>\n<li>Propinas<\/li>\n<\/ul>\n<h3><span style=\"color: #ff6600;\">Qu\u00e9 empacar<\/span><\/h3>\n<ul>\n<li>Sombrero, gafas de sol y protector solar<\/li>\n<li>Zapatos y ropa c\u00f3modos<\/li>\n<\/ul>\n<h2><span style=\"color: #ff6600;\">Itinerario<\/span><\/h2>\n<p>Tu tour por las Pir\u00e1mides de Egipto comienza cuando te encuentras con tu gu\u00eda egipt\u00f3logo en el vest\u00edbulo de tu hotel. Comienza tus atracciones de Giza con el Complejo de las Pir\u00e1mides de Giza.<\/p>\n<h3><span style=\"color: #ff6600;\">Complejo de las Pir\u00e1mides de Giza<\/span><\/h3>\n<p>Las Pir\u00e1mides de Giza de <strong>Keops<\/strong>, <strong>Kefr\u00e9n<\/strong> y <strong>Micerino<\/strong> est\u00e1n en la cima de las <strong>atracciones tur\u00edsticas de Egipto<\/strong> con nuestros <strong>tours por Egipto<\/strong>. Durante tu tour, aprender\u00e1s sobre las creencias funerarias en el antiguo Egipto, la historia del antiguo Egipto y la antigua religi\u00f3n egipcia. Adem\u00e1s, hay una oportunidad de entrar a la Pir\u00e1mide de Keops, la Pir\u00e1mide de Micerino o una de las Pir\u00e1mides de la Reina.<\/p>\n<h3><span style=\"color: #ff6600;\">Pir\u00e1mide de Keops<\/span><\/h3>\n<p>Comienza tu tour por las Pir\u00e1mides de Egipto con la \u00fanica maravilla de las siete maravillas antiguas, la Gran Pir\u00e1mide de Keops. Aprende sobre el talento arquitect\u00f3nico, las capacidades de ingenier\u00eda de los antiguos egipcios. Adem\u00e1s, puedes caminar alrededor de la Pir\u00e1mide de Keops para ver las ruinas del Templo de Purificaci\u00f3n, las Pir\u00e1mides de la Reina y las tumbas de los constructores de las Pir\u00e1mides.<\/p>\n<h3><span style=\"color: #ff6600;\">Pir\u00e1mide de Micerino<\/span><\/h3>\n<p>La m\u00e1s peque\u00f1a entre las Pir\u00e1mides de Giza y la \u00fanica con revestimiento de granito y tres pir\u00e1mides subsidiarias a su lado. Puedes entrar a la Pir\u00e1mide con cargo o puedes disfrutar de un paseo en camello al \u00e1rea del panorama.<\/p>\n<h3><span style=\"color: #ff6600;\">Templo del Valle<\/span><\/h3>\n<p>El Templo del Valle es una parte del complejo de la Pir\u00e1mide, ya que era el lugar donde realizaban la Apertura de la Boca en la momia del Rey. Adem\u00e1s, algunos historiadores creen que es donde practicaban la momificaci\u00f3n en el antiguo Egipto.<\/p>\n<h3><span style=\"color: #ff6600;\">La Gran Esfinge<\/span><\/h3>\n<p>Una enorme estatua que mide 73 metros de largo y 20 metros de alto con cabeza humana y cuerpo de le\u00f3n. De hecho, se cree que la Gran Esfinge fue tallada durante el Imperio Antiguo por el Fara\u00f3n Kefr\u00e9n. De hecho, hay un templo solar construido frente a la Esfinge por los reyes de la V dinast\u00eda. La barba perdida de la Esfinge ahora est\u00e1 entre el Museo Brit\u00e1nico y el Museo de El Cairo. Finalmente, la <strong>Estela del Sue\u00f1o<\/strong> entre las patas de la Esfinge que data del pr\u00edncipe <strong>Tutmosis IV<\/strong> es un punto culminante de la estatua.<\/p>\n<h3><span style=\"color: #ff6600;\">Almuerzo<\/span><\/h3>\n<p>Disfruta de tu almuerzo en un restaurante local antes de regresar a tu hotel.<\/p>\n<h3><span style=\"color: #ff6600;\">Precio del tour de medio d\u00eda por las Pir\u00e1mides de Egipto en El Cairo<\/span><\/h3>\n<ul>\n<li>Precio adulto: 90 \u20ac<\/li>\n<li>Ni\u00f1os 0-5 a\u00f1os: gratis<\/li>\n<li>Ni\u00f1os 5-11 a\u00f1os: 50% del precio de adulto<\/li>\n<\/ul>\n<h3><span style=\"color: #ff6600;\">Reserva<\/span><\/h3>\n<ul>\n<li>Puedes reservar tus tours de un d\u00eda en El Cairo a trav\u00e9s de WhatsApp o enviarnos un correo electr\u00f3nico y recibir\u00e1s la confirmaci\u00f3n al instante.<\/li>\n<li>Por favor, env\u00edanos el nombre de tu hotel, el n\u00famero de habitaci\u00f3n y copias de tu pasaporte.<\/li>\n<\/ul>\n<p><strong>WhatsApp:<\/strong> +201000852186<\/p>\n<p>info@egytourpackages.com<\/p>\n<h3><span style=\"color: #ff6600;\">Reserva ahora y paga en el lugar<\/span><\/h3>\n<p><strong>Reserva<\/strong> tu tour favorito y paga el d\u00eda del viaje.<\/p>\n<h3><span style=\"color: #ff6600;\">Pago<\/span><\/h3>\n<p>Puedes pagar en libras egipcias, $, \u20ac o \u00a3.<\/p>\n<h3><span style=\"color: #ff6600;\">Pol\u00edtica de cancelaci\u00f3n<\/span><\/h3>\n<ul>\n<li>La cancelaci\u00f3n es gratuita hasta 24 horas de antelaci\u00f3n.<\/li>\n<li>La cancelaci\u00f3n por la ma\u00f1ana es el 50% del precio.<\/li>\n<\/ul>\n","protected":false},"excerpt":{"rendered":"<p>Sum\u00e9rgete en la historia. Descubre las Pir\u00e1mides y la Esfinge en esteTour de Medio D\u00eda por las Pir\u00e1mides de Egipto en El Cairo. Una aventura inolvidable.<\/p>\n","protected":false},"featured_media":8147,"comment_status":"open","ping_status":"closed","template":"","meta":[],"product_brand":[],"product_cat":[3128],"product_tag":[3216,3188],"class_list":{"0":"post-8146","1":"product","2":"type-product","3":"status-publish","4":"has-post-thumbnail","6":"product_cat-tours","7":"product_tag-excursiones-de-un-dia-en-el-cairo","8":"product_tag-excursiones-egipto","9":"tour_category-excursiones-egipto-es","10":"tour_category-excursiones-en-el-cairo-es","12":"first","13":"instock","14":"sale","15":"shipping-taxable","16":"purchasable","17":"product-type-tour","18":"has-default-attributes"},"yoast_head":"<!-- This site is optimized with the Yoast SEO Premium plugin v27.2 (Yoast SEO v27.2) - https:\/\/yoast.com\/product\/yoast-seo-premium-wordpress\/ -->\n<title>Tour de Medio D\u00eda por las Pir\u00e1mides de Egipto en El Cairo<\/title>\n<meta name=\"description\" content=\"Sum\u00e9rgete en la historia. Descubre las Pir\u00e1mides y la Esfinge en esteTour de Medio D\u00eda por las Pir\u00e1mides de Egipto en El Cairo. Una aventura inolvidable.\" \/>\n<meta name=\"robots\" content=\"index, follow, max-snippet:-1, max-image-preview:large, max-video-preview:-1\" \/>\n<link rel=\"canonical\" href=\"https:\/\/egytourpackages.com\/es\/tours\/tour-de-medio-dia-por-las-piramides-de-egipto-en-el-cairo\/\" \/>\n<meta property=\"og:locale\" content=\"es_ES\" \/>\n<meta property=\"og:type\" content=\"article\" \/>\n<meta property=\"og:title\" content=\"Tour de Medio D\u00eda por las Pir\u00e1mides de Egipto en El Cairo\" \/>\n<meta property=\"og:description\" content=\"Sum\u00e9rgete en la historia. Descubre las Pir\u00e1mides y la Esfinge en esteTour de Medio D\u00eda por las Pir\u00e1mides de Egipto en El Cairo. Una aventura inolvidable.\" \/>\n<meta property=\"og:url\" content=\"https:\/\/egytourpackages.com\/es\/tours\/tour-de-medio-dia-por-las-piramides-de-egipto-en-el-cairo\/\" \/>\n<meta property=\"og:site_name\" content=\"Egypt Tour Packages\" \/>\n<meta property=\"article:publisher\" content=\"https:\/\/www.facebook.com\/egytourpackages\" \/>\n<meta property=\"article:modified_time\" content=\"2026-01-12T23:44:31+00:00\" \/>\n<meta property=\"og:image\" content=\"https:\/\/egytourpackages.com\/wp-content\/uploads\/2024\/06\/Egypt-Pyramids-tour-1024x768.jpg\" \/>\n<meta name=\"twitter:card\" content=\"summary_large_image\" \/>\n<meta name=\"twitter:title\" content=\"Tour de Medio D\u00eda por las Pir\u00e1mides de Egipto en El Cairo\" \/>\n<meta name=\"twitter:label1\" content=\"Precio\" \/>\n\t<meta name=\"twitter:data1\" content=\"&euro;90\" \/>\n\t<meta name=\"twitter:label2\" content=\"Disponibilidad\" \/>\n\t<meta name=\"twitter:data2\" content=\"Disponible\" \/>\n<script type=\"application\/ld+json\" class=\"yoast-schema-graph\">{\"@context\":\"https:\/\/schema.org\",\"@graph\":[{\"@type\":\"WebPage\",\"@id\":\"https:\/\/egytourpackages.com\/es\/tours\/tour-de-medio-dia-por-las-piramides-de-egipto-en-el-cairo\/\",\"url\":\"https:\/\/egytourpackages.com\/es\/tours\/tour-de-medio-dia-por-las-piramides-de-egipto-en-el-cairo\/\",\"name\":\"Tour de Medio D\u00eda por las Pir\u00e1mides de Egipto en El Cairo\",\"isPartOf\":{\"@id\":\"https:\/\/egytourpackages.com\/es\/#website\"},\"primaryImageOfPage\":{\"@id\":\"https:\/\/egytourpackages.com\/es\/tours\/tour-de-medio-dia-por-las-piramides-de-egipto-en-el-cairo\/#primaryimage\"},\"image\":{\"@id\":\"https:\/\/egytourpackages.com\/es\/tours\/tour-de-medio-dia-por-las-piramides-de-egipto-en-el-cairo\/#primaryimage\"},\"thumbnailUrl\":\"https:\/\/egytourpackages.com\/wp-content\/uploads\/2024\/06\/Egypt-Pyramids-tour.jpg\",\"datePublished\":\"2024-06-19T02:23:03+00:00\",\"dateModified\":\"2026-01-12T23:44:31+00:00\",\"description\":\"Sum\u00e9rgete en la historia. Descubre las Pir\u00e1mides y la Esfinge en esteTour de Medio D\u00eda por las Pir\u00e1mides de Egipto en El Cairo. Una aventura inolvidable.\",\"breadcrumb\":{\"@id\":\"https:\/\/egytourpackages.com\/es\/tours\/tour-de-medio-dia-por-las-piramides-de-egipto-en-el-cairo\/#breadcrumb\"},\"inLanguage\":\"es\",\"potentialAction\":[{\"@type\":\"ReadAction\",\"target\":[\"https:\/\/egytourpackages.com\/es\/tours\/tour-de-medio-dia-por-las-piramides-de-egipto-en-el-cairo\/\"]}]},{\"@type\":\"ImageObject\",\"inLanguage\":\"es\",\"@id\":\"https:\/\/egytourpackages.com\/es\/tours\/tour-de-medio-dia-por-las-piramides-de-egipto-en-el-cairo\/#primaryimage\",\"url\":\"https:\/\/egytourpackages.com\/wp-content\/uploads\/2024\/06\/Egypt-Pyramids-tour.jpg\",\"contentUrl\":\"https:\/\/egytourpackages.com\/wp-content\/uploads\/2024\/06\/Egypt-Pyramids-tour.jpg\",\"width\":2000,\"height\":1500,\"caption\":\"Tour de Medio D\u00eda por las Pir\u00e1mides de Egipto en El Cairo\"},{\"@type\":\"BreadcrumbList\",\"@id\":\"https:\/\/egytourpackages.com\/es\/tours\/tour-de-medio-dia-por-las-piramides-de-egipto-en-el-cairo\/#breadcrumb\",\"itemListElement\":[{\"@type\":\"ListItem\",\"position\":1,\"name\":\"Home\",\"item\":\"https:\/\/egytourpackages.com\/es\/paquetes-de-viaje-a-egipto\/\"},{\"@type\":\"ListItem\",\"position\":2,\"name\":\"Shop\",\"item\":\"https:\/\/egytourpackages.com\/shop\/\"},{\"@type\":\"ListItem\",\"position\":3,\"name\":\"Tour de Medio D\u00eda por las Pir\u00e1mides de Egipto en El Cairo\"}]},{\"@type\":\"WebSite\",\"@id\":\"https:\/\/egytourpackages.com\/es\/#website\",\"url\":\"https:\/\/egytourpackages.com\/es\/\",\"name\":\"Egy tour packages\",\"description\":\"\",\"publisher\":{\"@id\":\"https:\/\/egytourpackages.com\/es\/#organization\"},\"potentialAction\":[{\"@type\":\"SearchAction\",\"target\":{\"@type\":\"EntryPoint\",\"urlTemplate\":\"https:\/\/egytourpackages.com\/es\/?s={search_term_string}\"},\"query-input\":{\"@type\":\"PropertyValueSpecification\",\"valueRequired\":true,\"valueName\":\"search_term_string\"}}],\"inLanguage\":\"es\"},{\"@type\":[\"Organization\",\"Place\",\"TravelAgency\"],\"@id\":\"https:\/\/egytourpackages.com\/es\/#organization\",\"name\":\"egypt tour packages\",\"alternateName\":\"egypt tour packages\",\"url\":\"https:\/\/egytourpackages.com\/es\/\",\"logo\":{\"@id\":\"https:\/\/egytourpackages.com\/es\/tours\/tour-de-medio-dia-por-las-piramides-de-egipto-en-el-cairo\/#local-main-organization-logo\"},\"image\":{\"@id\":\"https:\/\/egytourpackages.com\/es\/tours\/tour-de-medio-dia-por-las-piramides-de-egipto-en-el-cairo\/#local-main-organization-logo\"},\"sameAs\":[\"https:\/\/www.facebook.com\/egytourpackages\"],\"legalName\":\"Egy tour packages\",\"address\":{\"@id\":\"https:\/\/egytourpackages.com\/es\/tours\/tour-de-medio-dia-por-las-piramides-de-egipto-en-el-cairo\/#local-main-place-address\"},\"telephone\":[\"00201000852186\",\"00201028685533\"],\"contactPoint\":{\"@type\":\"ContactPoint\",\"telephone\":\"00201000852186\"},\"openingHoursSpecification\":[{\"@type\":\"OpeningHoursSpecification\",\"dayOfWeek\":[\"Monday\",\"Tuesday\",\"Wednesday\",\"Thursday\",\"Friday\",\"Saturday\",\"Sunday\"],\"opens\":\"00:00\",\"closes\":\"23:59\"}],\"email\":\"info@egytourpackages.com\",\"areaServed\":\"Cairo, Hurghada, Luxor, Sharm El Sheikh, Marsa Alam, Aswan\",\"priceRange\":\"$\",\"currenciesAccepted\":\"euro\",\"paymentAccepted\":\"Payment links online\"},{\"@type\":\"PostalAddress\",\"@id\":\"https:\/\/egytourpackages.com\/es\/tours\/tour-de-medio-dia-por-las-piramides-de-egipto-en-el-cairo\/#local-main-place-address\",\"streetAddress\":\"Mubarak 8, Al Kawthar District, Hurghada\",\"addressLocality\":\"Hurghada\",\"postalCode\":\"84511\",\"addressRegion\":\"Red Sea\",\"addressCountry\":\"EG\"},{\"@type\":\"ImageObject\",\"inLanguage\":\"es\",\"@id\":\"https:\/\/egytourpackages.com\/es\/tours\/tour-de-medio-dia-por-las-piramides-de-egipto-en-el-cairo\/#local-main-organization-logo\",\"url\":\"https:\/\/egytourpackages.com\/wp-content\/uploads\/2025\/12\/Turquoise-Dahabiya-Nile-Cruise-1.jpeg\",\"contentUrl\":\"https:\/\/egytourpackages.com\/wp-content\/uploads\/2025\/12\/Turquoise-Dahabiya-Nile-Cruise-1.jpeg\",\"width\":1040,\"height\":694,\"caption\":\"egypt tour packages\"}]}<\/script>\n<meta property=\"product:brand\" content=\"Excursiones Egipto\" \/>\n<meta property=\"product:price:amount\" content=\"90\" \/>\n<meta property=\"product:price:currency\" content=\"EUR\" \/>\n<meta property=\"og:availability\" content=\"instock\" \/>\n<meta property=\"product:availability\" content=\"instock\" \/>\n<meta property=\"product:retailer_item_id\" content=\"CDT08\" \/>\n<meta property=\"product:condition\" content=\"new\" \/>\n<meta name=\"geo.placename\" content=\"Hurghada\" \/>\n<meta name=\"geo.region\" content=\"Egipto\" \/>\n<!-- \/ Yoast SEO Premium plugin. -->","yoast_head_json":{"title":"Tour de Medio D\u00eda por las Pir\u00e1mides de Egipto en El Cairo","description":"Sum\u00e9rgete en la historia. Descubre las Pir\u00e1mides y la Esfinge en esteTour de Medio D\u00eda por las Pir\u00e1mides de Egipto en El Cairo. Una aventura inolvidable.","robots":{"index":"index","follow":"follow","max-snippet":"max-snippet:-1","max-image-preview":"max-image-preview:large","max-video-preview":"max-video-preview:-1"},"canonical":"https:\/\/egytourpackages.com\/es\/tours\/tour-de-medio-dia-por-las-piramides-de-egipto-en-el-cairo\/","og_locale":"es_ES","og_type":"article","og_title":"Tour de Medio D\u00eda por las Pir\u00e1mides de Egipto en El Cairo","og_description":"Sum\u00e9rgete en la historia. Descubre las Pir\u00e1mides y la Esfinge en esteTour de Medio D\u00eda por las Pir\u00e1mides de Egipto en El Cairo. Una aventura inolvidable.","og_url":"https:\/\/egytourpackages.com\/es\/tours\/tour-de-medio-dia-por-las-piramides-de-egipto-en-el-cairo\/","og_site_name":"Egypt Tour Packages","article_publisher":"https:\/\/www.facebook.com\/egytourpackages","article_modified_time":"2026-01-12T23:44:31+00:00","og_image":[{"url":"https:\/\/egytourpackages.com\/wp-content\/uploads\/2024\/06\/Egypt-Pyramids-tour-1024x768.jpg","type":"","width":"","height":""}],"twitter_card":"summary_large_image","twitter_title":"Tour de Medio D\u00eda por las Pir\u00e1mides de Egipto en El Cairo","twitter_misc":{"Precio":"&euro;90","Disponibilidad":"Disponible"},"schema":{"@context":"https:\/\/schema.org","@graph":[{"@type":"WebPage","@id":"https:\/\/egytourpackages.com\/es\/tours\/tour-de-medio-dia-por-las-piramides-de-egipto-en-el-cairo\/","url":"https:\/\/egytourpackages.com\/es\/tours\/tour-de-medio-dia-por-las-piramides-de-egipto-en-el-cairo\/","name":"Tour de Medio D\u00eda por las Pir\u00e1mides de Egipto en El Cairo","isPartOf":{"@id":"https:\/\/egytourpackages.com\/es\/#website"},"primaryImageOfPage":{"@id":"https:\/\/egytourpackages.com\/es\/tours\/tour-de-medio-dia-por-las-piramides-de-egipto-en-el-cairo\/#primaryimage"},"image":{"@id":"https:\/\/egytourpackages.com\/es\/tours\/tour-de-medio-dia-por-las-piramides-de-egipto-en-el-cairo\/#primaryimage"},"thumbnailUrl":"https:\/\/egytourpackages.com\/wp-content\/uploads\/2024\/06\/Egypt-Pyramids-tour.jpg","datePublished":"2024-06-19T02:23:03+00:00","dateModified":"2026-01-12T23:44:31+00:00","description":"Sum\u00e9rgete en la historia. Descubre las Pir\u00e1mides y la Esfinge en esteTour de Medio D\u00eda por las Pir\u00e1mides de Egipto en El Cairo. Una aventura inolvidable.","breadcrumb":{"@id":"https:\/\/egytourpackages.com\/es\/tours\/tour-de-medio-dia-por-las-piramides-de-egipto-en-el-cairo\/#breadcrumb"},"inLanguage":"es","potentialAction":[{"@type":"ReadAction","target":["https:\/\/egytourpackages.com\/es\/tours\/tour-de-medio-dia-por-las-piramides-de-egipto-en-el-cairo\/"]}]},{"@type":"ImageObject","inLanguage":"es","@id":"https:\/\/egytourpackages.com\/es\/tours\/tour-de-medio-dia-por-las-piramides-de-egipto-en-el-cairo\/#primaryimage","url":"https:\/\/egytourpackages.com\/wp-content\/uploads\/2024\/06\/Egypt-Pyramids-tour.jpg","contentUrl":"https:\/\/egytourpackages.com\/wp-content\/uploads\/2024\/06\/Egypt-Pyramids-tour.jpg","width":2000,"height":1500,"caption":"Tour de Medio D\u00eda por las Pir\u00e1mides de Egipto en El Cairo"},{"@type":"BreadcrumbList","@id":"https:\/\/egytourpackages.com\/es\/tours\/tour-de-medio-dia-por-las-piramides-de-egipto-en-el-cairo\/#breadcrumb","itemListElement":[{"@type":"ListItem","position":1,"name":"Home","item":"https:\/\/egytourpackages.com\/es\/paquetes-de-viaje-a-egipto\/"},{"@type":"ListItem","position":2,"name":"Shop","item":"https:\/\/egytourpackages.com\/shop\/"},{"@type":"ListItem","position":3,"name":"Tour de Medio D\u00eda por las Pir\u00e1mides de Egipto en El Cairo"}]},{"@type":"WebSite","@id":"https:\/\/egytourpackages.com\/es\/#website","url":"https:\/\/egytourpackages.com\/es\/","name":"Egy tour packages","description":"","publisher":{"@id":"https:\/\/egytourpackages.com\/es\/#organization"},"potentialAction":[{"@type":"SearchAction","target":{"@type":"EntryPoint","urlTemplate":"https:\/\/egytourpackages.com\/es\/?s={search_term_string}"},"query-input":{"@type":"PropertyValueSpecification","valueRequired":true,"valueName":"search_term_string"}}],"inLanguage":"es"},{"@type":["Organization","Place","TravelAgency"],"@id":"https:\/\/egytourpackages.com\/es\/#organization","name":"egypt tour packages","alternateName":"egypt tour packages","url":"https:\/\/egytourpackages.com\/es\/","logo":{"@id":"https:\/\/egytourpackages.com\/es\/tours\/tour-de-medio-dia-por-las-piramides-de-egipto-en-el-cairo\/#local-main-organization-logo"},"image":{"@id":"https:\/\/egytourpackages.com\/es\/tours\/tour-de-medio-dia-por-las-piramides-de-egipto-en-el-cairo\/#local-main-organization-logo"},"sameAs":["https:\/\/www.facebook.com\/egytourpackages"],"legalName":"Egy tour packages","address":{"@id":"https:\/\/egytourpackages.com\/es\/tours\/tour-de-medio-dia-por-las-piramides-de-egipto-en-el-cairo\/#local-main-place-address"},"telephone":["00201000852186","00201028685533"],"contactPoint":{"@type":"ContactPoint","telephone":"00201000852186"},"openingHoursSpecification":[{"@type":"OpeningHoursSpecification","dayOfWeek":["Monday","Tuesday","Wednesday","Thursday","Friday","Saturday","Sunday"],"opens":"00:00","closes":"23:59"}],"email":"info@egytourpackages.com","areaServed":"Cairo, Hurghada, Luxor, Sharm El Sheikh, Marsa Alam, Aswan","priceRange":"$","currenciesAccepted":"euro","paymentAccepted":"Payment links online"},{"@type":"PostalAddress","@id":"https:\/\/egytourpackages.com\/es\/tours\/tour-de-medio-dia-por-las-piramides-de-egipto-en-el-cairo\/#local-main-place-address","streetAddress":"Mubarak 8, Al Kawthar District, Hurghada","addressLocality":"Hurghada","postalCode":"84511","addressRegion":"Red Sea","addressCountry":"EG"},{"@type":"ImageObject","inLanguage":"es","@id":"https:\/\/egytourpackages.com\/es\/tours\/tour-de-medio-dia-por-las-piramides-de-egipto-en-el-cairo\/#local-main-organization-logo","url":"https:\/\/egytourpackages.com\/wp-content\/uploads\/2025\/12\/Turquoise-Dahabiya-Nile-Cruise-1.jpeg","contentUrl":"https:\/\/egytourpackages.com\/wp-content\/uploads\/2025\/12\/Turquoise-Dahabiya-Nile-Cruise-1.jpeg","width":1040,"height":694,"caption":"egypt tour packages"}]},"product_brand":"Excursiones Egipto","product_price_amount":"90","product_price_currency":"EUR","og_availability":"instock","product_availability":"instock","product_retailer_item_id":"CDT08","product_condition":"new","geo.placename":"Hurghada","geo.region":"Egipto"},"_links":{"self":[{"href":"https:\/\/egytourpackages.com\/es\/wp-json\/wp\/v2\/product\/8146","targetHints":{"allow":["GET"]}}],"collection":[{"href":"https:\/\/egytourpackages.com\/es\/wp-json\/wp\/v2\/product"}],"about":[{"href":"https:\/\/egytourpackages.com\/es\/wp-json\/wp\/v2\/types\/product"}],"replies":[{"embeddable":true,"href":"https:\/\/egytourpackages.com\/es\/wp-json\/wp\/v2\/comments?post=8146"}],"wp:featuredmedia":[{"embeddable":true,"href":"https:\/\/egytourpackages.com\/es\/wp-json\/wp\/v2\/media\/8147"}],"wp:attachment":[{"href":"https:\/\/egytourpackages.com\/es\/wp-json\/wp\/v2\/media?parent=8146"}],"wp:term":[{"taxonomy":"product_brand","embeddable":true,"href":"https:\/\/egytourpackages.com\/es\/wp-json\/wp\/v2\/product_brand?post=8146"},{"taxonomy":"product_cat","embeddable":true,"href":"https:\/\/egytourpackages.com\/es\/wp-json\/wp\/v2\/product_cat?post=8146"},{"taxonomy":"product_tag","embeddable":true,"href":"https:\/\/egytourpackages.com\/es\/wp-json\/wp\/v2\/product_tag?post=8146"}],"curies":[{"name":"wp","href":"https:\/\/api.w.org\/{rel}","templated":true}]}}