{"id":8148,"date":"2024-06-19T17:32:40","date_gmt":"2024-06-19T17:32:40","guid":{"rendered":"https:\/\/egytourpackages.com\/product\/crucero-por-el-lago-nasser-4-dias-abu-simbel-y-asuan\/"},"modified":"2026-01-12T23:37:51","modified_gmt":"2026-01-12T23:37:51","slug":"crucero-por-el-lago-nasser-4-dias-abu-simbel-y-asuan","status":"publish","type":"product","link":"https:\/\/egytourpackages.com\/es\/tours\/crucero-por-el-lago-nasser-4-dias-abu-simbel-y-asuan\/","title":{"rendered":"Crucero por el Lago Nasser 4 D\u00edas: Abu Simbel y Asu\u00e1n"},"content":{"rendered":"<p><span style=\"color: #ff6600;\"><strong>Crucero por el Lago Nasser 4 D\u00edas: Abu Simbel y Asu\u00e1n<\/strong><\/span><\/p>\n<p><strong>Reservar<\/strong> un <strong>crucero por el Lago Nasser de 4 d\u00edas de Abu Simbel a Asu\u00e1n<\/strong> es la mejor opci\u00f3n para relajarte y disfrutar de la visita a todos los <strong>templos de Nubia<\/strong> y <strong>sitios hist\u00f3ricos de Egipto<\/strong> con nuestros <strong>tours por Egipto<\/strong>.<\/p>\n<p>Descubre la cuna de la <strong>antigua civilizaci\u00f3n egipcia<\/strong> mientras navegas por las serenas aguas del <strong>Lago Nasser<\/strong>, una alternativa \u00fanica a los tradicionales <strong>cruceros por el Nilo<\/strong>. De hecho, nuestras <strong>ofertas de cruceros por el Lago Nasser<\/strong> ofrecen oportunidades inigualables para maravillarse con lugares emblem\u00e1ticos, incluidos los magn\u00edficos <strong>Templos de Abu Simbel<\/strong>, el cautivador <strong>Templo de Wadi El Seboua<\/strong>, el fascinante <strong>Beit El Wali<\/strong> y el famoso <strong>Templo de Kalabsha<\/strong>.<\/p>\n<p>Como proveedor l\u00edder de <strong>tours por Egipto<\/strong> y <strong>vacaciones en cruceros por el Nilo<\/strong>, nos comprometemos a ofrecer un servicio excepcional. Tu <strong>aventura en el Lago Nasser<\/strong> incluye un experto <strong>gu\u00eda egipt\u00f3logo<\/strong>, lo que garantiza una experiencia enriquecedora y educativa que crear\u00e1 <strong>recuerdos para toda la vida<\/strong>.<\/p>\n<p>Asegura hoy mismo tu <strong>reserva de crucero por el Lago Nasser<\/strong> y benef\u00edciate de nuestro <strong>servicio de atenci\u00f3n al cliente 24\/7<\/strong>, <strong>confirmaci\u00f3n instant\u00e1nea<\/strong> y opciones de <strong>reserva gratuita<\/strong>. Explora lo <strong>mejor de Egipto<\/strong> con nuestros <strong>paquetes de cruceros de Abu Simbel a Asu\u00e1n<\/strong>, muy bien valorados, y ad\u00e9ntrate en el coraz\u00f3n del <strong>Antiguo Egipto<\/strong>.<\/p>\n<h3><span style=\"color: #ff6600;\">Detalles del tour<\/span><\/h3>\n<ul>\n<li>Duraci\u00f3n: 4 D\u00edas \/ 3 Noches<\/li>\n<li>Ubicaci\u00f3n del tour: Abu Simbel Asu\u00e1n, todos los viernes<\/li>\n<li>Disponibilidad del tour: Bajo petici\u00f3n<\/li>\n<li>Recogida y llegada: Asu\u00e1n \/ Asu\u00e1n<\/li>\n<li>Tipo de tour: Privado<\/li>\n<li><strong>Idioma: Espa\u00f1ol<\/strong><\/li>\n<li>Adecuado para: Parejas, Familias, Personas mayores<\/li>\n<li>Silla de ruedas: Accesible<\/li>\n<\/ul>\n<h3><span style=\"color: #ff6600;\">Puntos destacados del tour<\/span><\/h3>\n<ul>\n<li>Templos de Abu Simbel<\/li>\n<li>Kasr Ibrim<\/li>\n<li>Templo de Amada<\/li>\n<li>Templo de Wadi El Seboua<\/li>\n<li>Templo de Dakka<\/li>\n<li>El templo de Muharraq<\/li>\n<li>Templo de Kalabsha<\/li>\n<li>Beit El Wali<\/li>\n<li>Quiosco de Kertassi<\/li>\n<\/ul>\n<h3><span style=\"color: #ff6600;\">Incluido en este tour<\/span><\/h3>\n<ul>\n<li>Servicios de recepci\u00f3n y asistencia a la llegada y salida<\/li>\n<li>Traslado de ida y vuelta en un veh\u00edculo moderno con aire acondicionado<\/li>\n<li>3 noches a bordo de un crucero por el Nilo de 5 estrellas en r\u00e9gimen de pensi\u00f3n completa<\/li>\n<li>Entradas a todos los lugares de inter\u00e9s<\/li>\n<li><strong>Gu\u00eda tur\u00edstico egipt\u00f3logo que habla espa\u00f1ol<\/strong><\/li>\n<\/ul>\n<h3><span style=\"color: #ff6600;\">No incluido en este tour<\/span><\/h3>\n<ul>\n<li>Bebidas a bordo<\/li>\n<li>Entrada para el espect\u00e1culo de luz y sonido de Abu Simbel<\/li>\n<li>Propinas seg\u00fan las costumbres locales<\/li>\n<li>Qu\u00e9 empacar<\/li>\n<li>Zapatos y ropa c\u00f3modos<\/li>\n<li>Ropa de abrigo en invierno<\/li>\n<li>Gafas de sol<\/li>\n<li>Sombrero o bufanda<\/li>\n<li>Crema solar<\/li>\n<\/ul>\n<h2><span style=\"color: #ff6600;\">Itinerario<\/span><\/h2>\n<h3><span style=\"color: #ff6600;\">D\u00eda 1, Asu\u00e1n \u2013 Abu Simbel<\/span><\/h3>\n<p>El gu\u00eda de Egy Tour Packages se reunir\u00e1 contigo en Asu\u00e1n para acompa\u00f1arte al pueblo de Abu Simbel y comenzar tu crucero de 4 d\u00edas por el Lago Nasser de Abu Simbel a Asu\u00e1n. A tu llegada, har\u00e1s el registro de entrada y disfrutar\u00e1s de tu almuerzo a bordo del crucero por el Nilo.<\/p>\n<p>M\u00e1s tarde, comenzar\u00e1s tu tour por Abu Simbel con tu gu\u00eda arque\u00f3logo, que te explicar\u00e1 todo sobre los templos. Los templos ya no est\u00e1n en su lugar original, sino que fueron cortados, retirados y reconstruidos 220 metros m\u00e1s atr\u00e1s de su lugar original y 65 metros m\u00e1s arriba. De hecho, los dos templos fueron construidos por el fara\u00f3n Rams\u00e9s el Grande para s\u00ed mismo como un dios con Am\u00f3n, Rahorakhty y Ptah, y el segundo para su esposa Nefertari como Hathor.<\/p>\n<p>Tendr\u00e1s tiempo para disfrutar de la visita a los dos templos antes de regresar al crucero por el Nilo para cenar y pasar la noche. Adem\u00e1s, por la noche existe la posibilidad de asistir al espect\u00e1culo de luz y sonido en Abu Simbel con cargo adicional.<\/p>\n<p><strong>Comidas:<\/strong> Almuerzo, cena<\/p>\n<h3><span style=\"color: #ff6600;\">D\u00eda 2, Kasr Ibrim \u2013 Amada \u2013 Wadi El Seboua<\/span><\/h3>\n<p>Disfruta de tu desayuno a bordo del crucero por el Nilo antes de que el crucero navegue unos 230 km hacia Kasr Ibrim. Desafortunadamente, el sitio no est\u00e1 abierto, pero el crucero se detendr\u00e1 cerca del templo para que puedas tomar fotos desde la cubierta.<\/p>\n<p>La siguiente parada ser\u00e1 el templo de Amada, el templo nubio m\u00e1s antiguo en la orilla oeste del r\u00edo Nilo, que data de Tutmosis III y Amenofis II (dinast\u00eda XVIII). El templo estaba dedicado al dios Am\u00f3n Ra y al dios Ra Hor Akhty.<\/p>\n<p>Luego, continuar\u00e1s hacia el templo de El Derr, que est\u00e1 muy da\u00f1ado.<\/p>\n<p>El tour continuar\u00e1 hasta la tumba de Penout, un poderoso virrey nubio que estuvo a cargo de suministrar piedras para las estatuas de Rams\u00e9s VI en el siglo XI a.C. La tumba tiene pinturas muy bonitas y v\u00edvidas sobre la vida nubia y muchas escenas del m\u00e1s all\u00e1.<\/p>\n<p>Disfruta del almuerzo a bordo y navega a Wadi El Seboua para pasar la noche.<\/p>\n<p><strong>Comidas:<\/strong> Desayuno, almuerzo, cena<\/p>\n<h3><span style=\"color: #ff6600;\">D\u00eda 3, Wadi El Seboua<\/span><\/h3>\n<p>Disfruta de tu desayuno a bordo y luego \u00fanete a tu gu\u00eda para la visita de uno de los templos trasladados despu\u00e9s de la construcci\u00f3n de la Presa Alta de Asu\u00e1n, Wadi El Seboua. De hecho, el templo es el segundo templo m\u00e1s grande de los templos nubios despu\u00e9s del gran templo de Abu Simbel. Estaba dedicado al dios Am\u00f3n Ra y al dios Ra Hor Akhty.<\/p>\n<p>Despu\u00e9s de eso, visitar\u00e1s el templo de Dakka y el templo de Muharraq no muy lejos de Wadi El Seboua.<\/p>\n<p>Disfruta del almuerzo a bordo del crucero y luego navega a Asu\u00e1n para pasar la noche.<\/p>\n<p><strong>Comidas:<\/strong> Desayuno, almuerzo, cena<\/p>\n<h3><span style=\"color: #ff6600;\">D\u00eda 4, Desembarco<\/span><\/h3>\n<p>Disfruta de tu \u00faltimo desayuno a bordo y luego comienza tu tour al templo independiente m\u00e1s grande de Nubia, el templo de Kalabsha.<\/p>\n<p>Despu\u00e9s, en el mismo sitio y detr\u00e1s del templo de Kalabsha, se encuentra otro hermoso templo que data del siglo XIII llamado Beit El Wali. El templo de Beit El Wali fue dedicado al culto de los dioses Am\u00f3n, el rey de los dioses, y el dios Khnum. Luego, terminar\u00e1s el tour con el Quiosco de Kertassi antes de que te traslademos a donde quieras en Asu\u00e1n.<\/p>\n<p><strong>Comidas:<\/strong> Desayuno<\/p>\n<h3><span style=\"color: #ff6600;\">Precio del crucero por el Lago Nasser 4 d\u00edas Abu Simbel Asu\u00e1n<\/span><\/h3>\n<ul>\n<li>Precio adulto: 950 \u20ac<\/li>\n<li>Ni\u00f1os 5-11 a\u00f1os: 50% del precio adulto<\/li>\n<li>Beb\u00e9s 0-5 a\u00f1os: gratis<\/li>\n<\/ul>\n<h3><span style=\"color: #ff6600;\">Reserva<\/span><\/h3>\n<p>Puedes reservar tu tour a trav\u00e9s de WhatsApp o enviarnos un correo electr\u00f3nico y recibir\u00e1s la confirmaci\u00f3n al instante.<\/p>\n<p>Por favor, env\u00edanos el nombre de tu hotel, n\u00famero de habitaci\u00f3n y copias de tus pasaportes.<\/p>\n<p>WhatsApp: +201000852186<\/p>\n<p>info@egytourpackages.com<\/p>\n<h3><span style=\"color: #ff6600;\">Reserva ahora y paga en el lugar<\/span><\/h3>\n<p>Reserva tu tour favorito y paga el d\u00eda del viaje.<\/p>\n<h3><span style=\"color: #ff6600;\">Pago<\/span><\/h3>\n<p>Puedes pagar en libras egipcias, $, \u20ac o \u00a3.<\/p>\n<h3><span style=\"color: #ff6600;\">Pol\u00edtica de cancelaci\u00f3n<\/span><\/h3>\n<ul>\n<li>La cancelaci\u00f3n es gratuita hasta dos semanas de antelaci\u00f3n<\/li>\n<li>La cancelaci\u00f3n por la ma\u00f1ana es el 100% del precio<\/li>\n<\/ul>\n","protected":false},"excerpt":{"rendered":"<p>Crucero por el Lago Nasser 4 D\u00edas: Abu Simbel y Asu\u00e1n: de Abu Simbel a Asu\u00e1n. Explora templos legendarios y tesoros ocultos en un viaje que te transformar\u00e1.<\/p>\n","protected":false},"featured_media":8149,"comment_status":"open","ping_status":"closed","template":"","meta":[],"product_brand":[],"product_cat":[3128],"product_tag":[3130,3236,3212,3260],"class_list":{"0":"post-8148","1":"product","2":"type-product","3":"status-publish","4":"has-post-thumbnail","6":"product_cat-tours","7":"product_tag-cruceros-por-el-nilo-en-egipto","8":"product_tag-paquete-de-viaje-a-egipto","9":"product_tag-paquetes-vacacionales-a-egipto","10":"product_tag-visita-al-templo-de-abu-simbel","11":"tour_category-cruceros-por-el-nilo-en-luxor-y-asuan","12":"tour_category-paquetes-de-tours-en-egipto-de-4-dias","13":"tour_category-paquetes-de-viaje-a-egipto-es","14":"tour_category-tours-de-cruceros-por-el-nilo-en-egipto-es","16":"first","17":"instock","18":"sale","19":"shipping-taxable","20":"purchasable","21":"product-type-tour","22":"has-default-attributes"},"yoast_head":"<!-- This site is optimized with the Yoast SEO Premium plugin v27.4 (Yoast SEO v27.4) - https:\/\/yoast.com\/product\/yoast-seo-premium-wordpress\/ -->\n<title>Crucero por el Lago Nasser 4 D\u00edas: Abu Simbel y Asu\u00e1n<\/title>\n<meta name=\"description\" content=\"Crucero por el Lago Nasser 4 D\u00edas: Abu Simbel y Asu\u00e1n: de Abu Simbel a Asu\u00e1n. Explora templos legendarios y tesoros ocultos en un viaje que te transformar\u00e1.\" \/>\n<meta name=\"robots\" content=\"index, follow, max-snippet:-1, max-image-preview:large, max-video-preview:-1\" \/>\n<link rel=\"canonical\" href=\"https:\/\/egytourpackages.com\/es\/tours\/crucero-por-el-lago-nasser-4-dias-abu-simbel-y-asuan\/\" \/>\n<meta property=\"og:locale\" content=\"es_ES\" \/>\n<meta property=\"og:type\" content=\"article\" \/>\n<meta property=\"og:title\" content=\"Crucero por el Lago Nasser 4 D\u00edas: Abu Simbel y Asu\u00e1n\" \/>\n<meta property=\"og:description\" content=\"Crucero por el Lago Nasser 4 D\u00edas: Abu Simbel y Asu\u00e1n: de Abu Simbel a Asu\u00e1n. Explora templos legendarios y tesoros ocultos en un viaje que te transformar\u00e1.\" \/>\n<meta property=\"og:url\" content=\"https:\/\/egytourpackages.com\/es\/tours\/crucero-por-el-lago-nasser-4-dias-abu-simbel-y-asuan\/\" \/>\n<meta property=\"og:site_name\" content=\"Egypt Tour Packages\" \/>\n<meta property=\"article:publisher\" content=\"https:\/\/www.facebook.com\/egytourpackages\" \/>\n<meta property=\"article:modified_time\" content=\"2026-01-12T23:37:51+00:00\" \/>\n<meta property=\"og:image\" content=\"https:\/\/egytourpackages.com\/wp-content\/uploads\/2024\/06\/Abu-Simbel-temple-1024x683.jpg\" \/>\n<meta name=\"twitter:card\" content=\"summary_large_image\" \/>\n<meta name=\"twitter:title\" content=\"Crucero por el Lago Nasser 4 D\u00edas: Abu Simbel y Asu\u00e1n\" \/>\n<meta name=\"twitter:label1\" content=\"Precio\" \/>\n\t<meta name=\"twitter:data1\" content=\"&euro;950\" \/>\n\t<meta name=\"twitter:label2\" content=\"Disponibilidad\" \/>\n\t<meta name=\"twitter:data2\" content=\"Disponible\" \/>\n<script type=\"application\/ld+json\" class=\"yoast-schema-graph\">{\"@context\":\"https:\\\/\\\/schema.org\",\"@graph\":[{\"@type\":\"WebPage\",\"@id\":\"https:\\\/\\\/egytourpackages.com\\\/es\\\/tours\\\/crucero-por-el-lago-nasser-4-dias-abu-simbel-y-asuan\\\/\",\"url\":\"https:\\\/\\\/egytourpackages.com\\\/es\\\/tours\\\/crucero-por-el-lago-nasser-4-dias-abu-simbel-y-asuan\\\/\",\"name\":\"Crucero por el Lago Nasser 4 D\u00edas: Abu Simbel y Asu\u00e1n\",\"isPartOf\":{\"@id\":\"https:\\\/\\\/egytourpackages.com\\\/es\\\/#website\"},\"primaryImageOfPage\":{\"@id\":\"https:\\\/\\\/egytourpackages.com\\\/es\\\/tours\\\/crucero-por-el-lago-nasser-4-dias-abu-simbel-y-asuan\\\/#primaryimage\"},\"image\":{\"@id\":\"https:\\\/\\\/egytourpackages.com\\\/es\\\/tours\\\/crucero-por-el-lago-nasser-4-dias-abu-simbel-y-asuan\\\/#primaryimage\"},\"thumbnailUrl\":\"https:\\\/\\\/egytourpackages.com\\\/wp-content\\\/uploads\\\/2024\\\/06\\\/Abu-Simbel-temple.jpg\",\"datePublished\":\"2024-06-19T17:32:40+00:00\",\"dateModified\":\"2026-01-12T23:37:51+00:00\",\"description\":\"Crucero por el Lago Nasser 4 D\u00edas: Abu Simbel y Asu\u00e1n: de Abu Simbel a Asu\u00e1n. Explora templos legendarios y tesoros ocultos en un viaje que te transformar\u00e1.\",\"breadcrumb\":{\"@id\":\"https:\\\/\\\/egytourpackages.com\\\/es\\\/tours\\\/crucero-por-el-lago-nasser-4-dias-abu-simbel-y-asuan\\\/#breadcrumb\"},\"inLanguage\":\"es\",\"potentialAction\":[{\"@type\":\"ReadAction\",\"target\":[\"https:\\\/\\\/egytourpackages.com\\\/es\\\/tours\\\/crucero-por-el-lago-nasser-4-dias-abu-simbel-y-asuan\\\/\"]}]},{\"@type\":\"ImageObject\",\"inLanguage\":\"es\",\"@id\":\"https:\\\/\\\/egytourpackages.com\\\/es\\\/tours\\\/crucero-por-el-lago-nasser-4-dias-abu-simbel-y-asuan\\\/#primaryimage\",\"url\":\"https:\\\/\\\/egytourpackages.com\\\/wp-content\\\/uploads\\\/2024\\\/06\\\/Abu-Simbel-temple.jpg\",\"contentUrl\":\"https:\\\/\\\/egytourpackages.com\\\/wp-content\\\/uploads\\\/2024\\\/06\\\/Abu-Simbel-temple.jpg\",\"width\":1950,\"height\":1300,\"caption\":\"Crucero por el Lago Nasser 4 D\u00edas: Abu Simbel y Asu\u00e1n\"},{\"@type\":\"BreadcrumbList\",\"@id\":\"https:\\\/\\\/egytourpackages.com\\\/es\\\/tours\\\/crucero-por-el-lago-nasser-4-dias-abu-simbel-y-asuan\\\/#breadcrumb\",\"itemListElement\":[{\"@type\":\"ListItem\",\"position\":1,\"name\":\"Home\",\"item\":\"https:\\\/\\\/egytourpackages.com\\\/es\\\/paquetes-de-viaje-a-egipto\\\/\"},{\"@type\":\"ListItem\",\"position\":2,\"name\":\"Shop\",\"item\":\"https:\\\/\\\/egytourpackages.com\\\/shop\\\/\"},{\"@type\":\"ListItem\",\"position\":3,\"name\":\"Crucero por el Lago Nasser 4 D\u00edas: Abu Simbel y Asu\u00e1n\"}]},{\"@type\":\"WebSite\",\"@id\":\"https:\\\/\\\/egytourpackages.com\\\/es\\\/#website\",\"url\":\"https:\\\/\\\/egytourpackages.com\\\/es\\\/\",\"name\":\"Egy tour packages\",\"description\":\"\",\"publisher\":{\"@id\":\"https:\\\/\\\/egytourpackages.com\\\/es\\\/#organization\"},\"potentialAction\":[{\"@type\":\"SearchAction\",\"target\":{\"@type\":\"EntryPoint\",\"urlTemplate\":\"https:\\\/\\\/egytourpackages.com\\\/es\\\/?s={search_term_string}\"},\"query-input\":{\"@type\":\"PropertyValueSpecification\",\"valueRequired\":true,\"valueName\":\"search_term_string\"}}],\"inLanguage\":\"es\"},{\"@type\":[\"Organization\",\"Place\",\"TravelAgency\"],\"@id\":\"https:\\\/\\\/egytourpackages.com\\\/es\\\/#organization\",\"name\":\"egypt tour packages\",\"alternateName\":\"egypt tour packages\",\"url\":\"https:\\\/\\\/egytourpackages.com\\\/es\\\/\",\"logo\":{\"@id\":\"https:\\\/\\\/egytourpackages.com\\\/es\\\/tours\\\/crucero-por-el-lago-nasser-4-dias-abu-simbel-y-asuan\\\/#local-main-organization-logo\"},\"image\":{\"@id\":\"https:\\\/\\\/egytourpackages.com\\\/es\\\/tours\\\/crucero-por-el-lago-nasser-4-dias-abu-simbel-y-asuan\\\/#local-main-organization-logo\"},\"sameAs\":[\"https:\\\/\\\/www.facebook.com\\\/egytourpackages\"],\"legalName\":\"Egy tour packages\",\"address\":{\"@id\":\"https:\\\/\\\/egytourpackages.com\\\/es\\\/tours\\\/crucero-por-el-lago-nasser-4-dias-abu-simbel-y-asuan\\\/#local-main-place-address\"},\"telephone\":[\"00201000852186\",\"00201028685533\"],\"contactPoint\":{\"@type\":\"ContactPoint\",\"telephone\":\"00201000852186\"},\"openingHoursSpecification\":[{\"@type\":\"OpeningHoursSpecification\",\"dayOfWeek\":[\"Monday\",\"Tuesday\",\"Wednesday\",\"Thursday\",\"Friday\",\"Saturday\",\"Sunday\"],\"opens\":\"00:00\",\"closes\":\"23:59\"}],\"email\":\"info@egytourpackages.com\",\"areaServed\":\"Cairo, Hurghada, Luxor, Sharm El Sheikh, Marsa Alam, Aswan\",\"priceRange\":\"$\",\"currenciesAccepted\":\"euro\",\"paymentAccepted\":\"Payment links online\"},{\"@type\":\"PostalAddress\",\"@id\":\"https:\\\/\\\/egytourpackages.com\\\/es\\\/tours\\\/crucero-por-el-lago-nasser-4-dias-abu-simbel-y-asuan\\\/#local-main-place-address\",\"streetAddress\":\"Mubarak 8, Al Kawthar District, Hurghada\",\"addressLocality\":\"Hurghada\",\"postalCode\":\"84511\",\"addressRegion\":\"Red Sea\",\"addressCountry\":\"EG\"},{\"@type\":\"ImageObject\",\"inLanguage\":\"es\",\"@id\":\"https:\\\/\\\/egytourpackages.com\\\/es\\\/tours\\\/crucero-por-el-lago-nasser-4-dias-abu-simbel-y-asuan\\\/#local-main-organization-logo\",\"url\":\"https:\\\/\\\/egytourpackages.com\\\/wp-content\\\/uploads\\\/2025\\\/12\\\/Turquoise-Dahabiya-Nile-Cruise-1.jpeg\",\"contentUrl\":\"https:\\\/\\\/egytourpackages.com\\\/wp-content\\\/uploads\\\/2025\\\/12\\\/Turquoise-Dahabiya-Nile-Cruise-1.jpeg\",\"width\":1040,\"height\":694,\"caption\":\"egypt tour packages\"}]}<\/script>\n<meta property=\"product:brand\" content=\"Cruceros por el Nilo en Luxor y Asu\u00e1n\" \/>\n<meta property=\"product:price:amount\" content=\"950\" \/>\n<meta property=\"product:price:currency\" content=\"EUR\" \/>\n<meta property=\"og:availability\" content=\"instock\" \/>\n<meta property=\"product:availability\" content=\"instock\" \/>\n<meta property=\"product:retailer_item_id\" content=\"ENCT14\" \/>\n<meta property=\"product:condition\" content=\"new\" \/>\n<meta name=\"geo.placename\" content=\"Hurghada\" \/>\n<meta name=\"geo.region\" content=\"Egipto\" \/>\n<!-- \/ Yoast SEO Premium plugin. -->","yoast_head_json":{"title":"Crucero por el Lago Nasser 4 D\u00edas: Abu Simbel y Asu\u00e1n","description":"Crucero por el Lago Nasser 4 D\u00edas: Abu Simbel y Asu\u00e1n: de Abu Simbel a Asu\u00e1n. Explora templos legendarios y tesoros ocultos en un viaje que te transformar\u00e1.","robots":{"index":"index","follow":"follow","max-snippet":"max-snippet:-1","max-image-preview":"max-image-preview:large","max-video-preview":"max-video-preview:-1"},"canonical":"https:\/\/egytourpackages.com\/es\/tours\/crucero-por-el-lago-nasser-4-dias-abu-simbel-y-asuan\/","og_locale":"es_ES","og_type":"article","og_title":"Crucero por el Lago Nasser 4 D\u00edas: Abu Simbel y Asu\u00e1n","og_description":"Crucero por el Lago Nasser 4 D\u00edas: Abu Simbel y Asu\u00e1n: de Abu Simbel a Asu\u00e1n. Explora templos legendarios y tesoros ocultos en un viaje que te transformar\u00e1.","og_url":"https:\/\/egytourpackages.com\/es\/tours\/crucero-por-el-lago-nasser-4-dias-abu-simbel-y-asuan\/","og_site_name":"Egypt Tour Packages","article_publisher":"https:\/\/www.facebook.com\/egytourpackages","article_modified_time":"2026-01-12T23:37:51+00:00","og_image":[{"url":"https:\/\/egytourpackages.com\/wp-content\/uploads\/2024\/06\/Abu-Simbel-temple-1024x683.jpg","type":"","width":"","height":""}],"twitter_card":"summary_large_image","twitter_title":"Crucero por el Lago Nasser 4 D\u00edas: Abu Simbel y Asu\u00e1n","twitter_misc":{"Precio":"&euro;950","Disponibilidad":"Disponible"},"schema":{"@context":"https:\/\/schema.org","@graph":[{"@type":"WebPage","@id":"https:\/\/egytourpackages.com\/es\/tours\/crucero-por-el-lago-nasser-4-dias-abu-simbel-y-asuan\/","url":"https:\/\/egytourpackages.com\/es\/tours\/crucero-por-el-lago-nasser-4-dias-abu-simbel-y-asuan\/","name":"Crucero por el Lago Nasser 4 D\u00edas: Abu Simbel y Asu\u00e1n","isPartOf":{"@id":"https:\/\/egytourpackages.com\/es\/#website"},"primaryImageOfPage":{"@id":"https:\/\/egytourpackages.com\/es\/tours\/crucero-por-el-lago-nasser-4-dias-abu-simbel-y-asuan\/#primaryimage"},"image":{"@id":"https:\/\/egytourpackages.com\/es\/tours\/crucero-por-el-lago-nasser-4-dias-abu-simbel-y-asuan\/#primaryimage"},"thumbnailUrl":"https:\/\/egytourpackages.com\/wp-content\/uploads\/2024\/06\/Abu-Simbel-temple.jpg","datePublished":"2024-06-19T17:32:40+00:00","dateModified":"2026-01-12T23:37:51+00:00","description":"Crucero por el Lago Nasser 4 D\u00edas: Abu Simbel y Asu\u00e1n: de Abu Simbel a Asu\u00e1n. Explora templos legendarios y tesoros ocultos en un viaje que te transformar\u00e1.","breadcrumb":{"@id":"https:\/\/egytourpackages.com\/es\/tours\/crucero-por-el-lago-nasser-4-dias-abu-simbel-y-asuan\/#breadcrumb"},"inLanguage":"es","potentialAction":[{"@type":"ReadAction","target":["https:\/\/egytourpackages.com\/es\/tours\/crucero-por-el-lago-nasser-4-dias-abu-simbel-y-asuan\/"]}]},{"@type":"ImageObject","inLanguage":"es","@id":"https:\/\/egytourpackages.com\/es\/tours\/crucero-por-el-lago-nasser-4-dias-abu-simbel-y-asuan\/#primaryimage","url":"https:\/\/egytourpackages.com\/wp-content\/uploads\/2024\/06\/Abu-Simbel-temple.jpg","contentUrl":"https:\/\/egytourpackages.com\/wp-content\/uploads\/2024\/06\/Abu-Simbel-temple.jpg","width":1950,"height":1300,"caption":"Crucero por el Lago Nasser 4 D\u00edas: Abu Simbel y Asu\u00e1n"},{"@type":"BreadcrumbList","@id":"https:\/\/egytourpackages.com\/es\/tours\/crucero-por-el-lago-nasser-4-dias-abu-simbel-y-asuan\/#breadcrumb","itemListElement":[{"@type":"ListItem","position":1,"name":"Home","item":"https:\/\/egytourpackages.com\/es\/paquetes-de-viaje-a-egipto\/"},{"@type":"ListItem","position":2,"name":"Shop","item":"https:\/\/egytourpackages.com\/shop\/"},{"@type":"ListItem","position":3,"name":"Crucero por el Lago Nasser 4 D\u00edas: Abu Simbel y Asu\u00e1n"}]},{"@type":"WebSite","@id":"https:\/\/egytourpackages.com\/es\/#website","url":"https:\/\/egytourpackages.com\/es\/","name":"Egy tour packages","description":"","publisher":{"@id":"https:\/\/egytourpackages.com\/es\/#organization"},"potentialAction":[{"@type":"SearchAction","target":{"@type":"EntryPoint","urlTemplate":"https:\/\/egytourpackages.com\/es\/?s={search_term_string}"},"query-input":{"@type":"PropertyValueSpecification","valueRequired":true,"valueName":"search_term_string"}}],"inLanguage":"es"},{"@type":["Organization","Place","TravelAgency"],"@id":"https:\/\/egytourpackages.com\/es\/#organization","name":"egypt tour packages","alternateName":"egypt tour packages","url":"https:\/\/egytourpackages.com\/es\/","logo":{"@id":"https:\/\/egytourpackages.com\/es\/tours\/crucero-por-el-lago-nasser-4-dias-abu-simbel-y-asuan\/#local-main-organization-logo"},"image":{"@id":"https:\/\/egytourpackages.com\/es\/tours\/crucero-por-el-lago-nasser-4-dias-abu-simbel-y-asuan\/#local-main-organization-logo"},"sameAs":["https:\/\/www.facebook.com\/egytourpackages"],"legalName":"Egy tour packages","address":{"@id":"https:\/\/egytourpackages.com\/es\/tours\/crucero-por-el-lago-nasser-4-dias-abu-simbel-y-asuan\/#local-main-place-address"},"telephone":["00201000852186","00201028685533"],"contactPoint":{"@type":"ContactPoint","telephone":"00201000852186"},"openingHoursSpecification":[{"@type":"OpeningHoursSpecification","dayOfWeek":["Monday","Tuesday","Wednesday","Thursday","Friday","Saturday","Sunday"],"opens":"00:00","closes":"23:59"}],"email":"info@egytourpackages.com","areaServed":"Cairo, Hurghada, Luxor, Sharm El Sheikh, Marsa Alam, Aswan","priceRange":"$","currenciesAccepted":"euro","paymentAccepted":"Payment links online"},{"@type":"PostalAddress","@id":"https:\/\/egytourpackages.com\/es\/tours\/crucero-por-el-lago-nasser-4-dias-abu-simbel-y-asuan\/#local-main-place-address","streetAddress":"Mubarak 8, Al Kawthar District, Hurghada","addressLocality":"Hurghada","postalCode":"84511","addressRegion":"Red Sea","addressCountry":"EG"},{"@type":"ImageObject","inLanguage":"es","@id":"https:\/\/egytourpackages.com\/es\/tours\/crucero-por-el-lago-nasser-4-dias-abu-simbel-y-asuan\/#local-main-organization-logo","url":"https:\/\/egytourpackages.com\/wp-content\/uploads\/2025\/12\/Turquoise-Dahabiya-Nile-Cruise-1.jpeg","contentUrl":"https:\/\/egytourpackages.com\/wp-content\/uploads\/2025\/12\/Turquoise-Dahabiya-Nile-Cruise-1.jpeg","width":1040,"height":694,"caption":"egypt tour packages"}]},"product_brand":"Cruceros por el Nilo en Luxor y Asu\u00e1n","product_price_amount":"950","product_price_currency":"EUR","og_availability":"instock","product_availability":"instock","product_retailer_item_id":"ENCT14","product_condition":"new","geo.placename":"Hurghada","geo.region":"Egipto"},"_links":{"self":[{"href":"https:\/\/egytourpackages.com\/es\/wp-json\/wp\/v2\/product\/8148","targetHints":{"allow":["GET"]}}],"collection":[{"href":"https:\/\/egytourpackages.com\/es\/wp-json\/wp\/v2\/product"}],"about":[{"href":"https:\/\/egytourpackages.com\/es\/wp-json\/wp\/v2\/types\/product"}],"replies":[{"embeddable":true,"href":"https:\/\/egytourpackages.com\/es\/wp-json\/wp\/v2\/comments?post=8148"}],"wp:featuredmedia":[{"embeddable":true,"href":"https:\/\/egytourpackages.com\/es\/wp-json\/wp\/v2\/media\/8149"}],"wp:attachment":[{"href":"https:\/\/egytourpackages.com\/es\/wp-json\/wp\/v2\/media?parent=8148"}],"wp:term":[{"taxonomy":"product_brand","embeddable":true,"href":"https:\/\/egytourpackages.com\/es\/wp-json\/wp\/v2\/product_brand?post=8148"},{"taxonomy":"product_cat","embeddable":true,"href":"https:\/\/egytourpackages.com\/es\/wp-json\/wp\/v2\/product_cat?post=8148"},{"taxonomy":"product_tag","embeddable":true,"href":"https:\/\/egytourpackages.com\/es\/wp-json\/wp\/v2\/product_tag?post=8148"}],"curies":[{"name":"wp","href":"https:\/\/api.w.org\/{rel}","templated":true}]}}