{"id":8154,"date":"2024-06-23T23:59:46","date_gmt":"2024-06-23T23:59:46","guid":{"rendered":"https:\/\/egytourpackages.com\/product\/excursion-privada-a-luxor-desde-soma-bay\/"},"modified":"2026-01-28T10:49:40","modified_gmt":"2026-01-28T10:49:40","slug":"excursion-privada-a-luxor-desde-soma-bay","status":"publish","type":"product","link":"https:\/\/egytourpackages.com\/es\/tours\/excursion-privada-a-luxor-desde-soma-bay\/","title":{"rendered":"Excursi\u00f3n Privada a Luxor desde Soma Bay"},"content":{"rendered":"<p><span style=\"color: #ff6600;\"><strong>Excursi\u00f3n Privada a Luxor desde Soma Bay: Tour Personalizado a tu Medida<\/strong><\/span><\/p>\n<p>Experimenta Luxor a tu manera con nuestra exclusiva <strong>excursi\u00f3n privada de un d\u00eda desde Soma Bay<\/strong>. Este tour flexible te permite elegir <strong>cuatro de tus destinos tur\u00edsticos preferidos<\/strong> en Luxor, lo que te permite adaptar tu aventura hist\u00f3rica exactamente a tus intereses.<\/p>\n<h3><span style=\"color: #ff6600;\">Veh\u00edculo privado y permiso de viaje<\/span><\/h3>\n<p>Disfruta de un transporte c\u00f3modo y directo desde Soma Bay a Luxor en un <strong>veh\u00edculo privado<\/strong>, que incluye todos los permisos de viaje necesarios. Este servicio tiene un precio de <strong>$130 por veh\u00edculo para hasta 3 personas<\/strong>, lo que ofrece un excelente valor para grupos peque\u00f1os.<\/p>\n<h3><span style=\"color: #ff6600;\">Flexibilidad total<\/span><\/h3>\n<p>T\u00fa decides qu\u00e9 cuatro lugares quieres visitar y cu\u00e1nto tiempo deseas pasar en cada uno. Paga solo las entradas a las atracciones que elijas.<\/p>\n<h3><span style=\"color: #ff6600;\">Mejora tu experiencia (opcional, con cargo adicional)<\/span><\/h3>\n<p><span style=\"color: #ff6600;\"><strong>Gu\u00eda egipt\u00f3logo experto<\/strong><\/span><\/p>\n<p>Para una comprensi\u00f3n m\u00e1s profunda de la rica historia de Luxor y sus incre\u00edbles monumentos, podemos organizar que un gu\u00eda egipt\u00f3logo calificado te acompa\u00f1e durante todo el itinerario que elijas.<\/p>\n<p>Dise\u00f1a tu <strong>tour perfecto de un d\u00eda por Luxor<\/strong>, centr\u00e1ndote en las maravillas que m\u00e1s te cautivan.<\/p>\n<h3><span style=\"color: #ff6600;\">Detalles del tour<\/span><\/h3>\n<ul>\n<li>Duraci\u00f3n: 14 horas<\/li>\n<li>Ubicaci\u00f3n del tour: Luxor<\/li>\n<li>Disponibilidad del tour: Todos los d\u00edas<\/li>\n<li>Recogida y llegada: Tu hotel en Soma Bay<\/li>\n<li>Tipo de tour: Privado<\/li>\n<li><strong>Idioma: Espa\u00f1ol<\/strong><\/li>\n<li>Silla de ruedas: Accesible<\/li>\n<\/ul>\n<h3><span style=\"color: #ff6600;\">Incluido<\/span><\/h3>\n<ul>\n<li>Traslado privado de ida y vuelta con veh\u00edculo nuevo<\/li>\n<li>Almuerzo en un restaurante local<\/li>\n<li>Entrada a todos los lugares del programa<\/li>\n<\/ul>\n<h3><span style=\"color: #ff6600;\">Excluido<\/span><\/h3>\n<ul>\n<li>Bebidas durante el almuerzo<\/li>\n<li>Entradas a los sitios visitados<\/li>\n<li>Tour opcional en lancha motora de 30 minutos (\u20ac10 a pagar en efectivo en el lugar)<\/li>\n<li><strong>Gu\u00eda egipt\u00f3logo que habla espa\u00f1ol si es necesario<\/strong><\/li>\n<li>Propinas<\/li>\n<\/ul>\n<h3><span style=\"color: #ff6600;\">Qu\u00e9 llevar contigo<\/span><\/h3>\n<ul>\n<li>Sombrero, gafas de sol y protector solar<\/li>\n<li>Zapatos y ropa c\u00f3modos<\/li>\n<li>Cambio peque\u00f1o para el ba\u00f1o<\/li>\n<\/ul>\n<h3><span style=\"color: #ff6600;\">Itinerario<\/span><\/h3>\n<p><span style=\"color: #ff6600;\"><strong>5:00 am Recogida en el hotel<\/strong><\/span><\/p>\n<p>Te recogeremos en el vest\u00edbulo de tu hotel para comenzar tu tour por las <strong>atracciones tur\u00edsticas de Luxor desde Soma Bay<\/strong>.<\/p>\n<p><span style=\"color: #ff6600;\"><strong>Breve descanso<\/strong><\/span><\/p>\n<p>Alrededor de las 7:00 am, disfrutar\u00e1s de un descanso de 20 minutos para tomar caf\u00e9 en un acogedor sal\u00f3n para usar el ba\u00f1o (20 l.e por persona), desayunar y disfrutar de una bebida.<\/p>\n<p><span style=\"color: #ff6600;\"><strong>Atracciones de Luxor en la orilla este<\/strong><\/span><\/p>\n<p>Tu tour incluye 4 visitas tur\u00edsticas en las orillas este y oeste del r\u00edo Nilo en Luxor. Puedes elegir lo que quieras entre las siguientes atracciones:<\/p>\n<ul>\n<li><strong>Complejo de templos de Karnak<\/strong> en la orilla este de Luxor<\/li>\n<li><strong>Templo de Luxor<\/strong> en la orilla este de Luxor<\/li>\n<\/ul>\n<h3><span style=\"color: #ff6600;\">Atracciones de Luxor en la orilla oeste<\/span><\/h3>\n<ul>\n<li>Colosos de Memn\u00f3n<\/li>\n<li>Templo de Hatshepsut<\/li>\n<li>Medinet Habu<\/li>\n<li>Valle de los Nobles<\/li>\n<li>Valle de las Reinas<\/li>\n<li>Ramesseum<\/li>\n<li>Deir El Medina<\/li>\n<li>Valle de los Reyes<\/li>\n<\/ul>\n<p>De hecho, una de las <strong>mejores cosas para hacer en Egipto<\/strong> es visitar el Valle de los Reyes con sus asombrosas 62 tumbas. Con tu entrada, puedes visitar 3 tumbas y puedes tomar fotos en el interior de forma gratuita. Estas tres tumbas podr\u00edan ser 3 de las siguientes tumbas:<\/p>\n<ul>\n<li>(KV 02) Rams\u00e9s IV<\/li>\n<li>Tumba de Rams\u00e9s III (KV 11)<\/li>\n<li>Tumba de Rams\u00e9s IX KV 6<\/li>\n<li>Tumba de Merenptah (KV 8)<\/li>\n<li>La tumba de Tausert y Setnakht (KV 14)<\/li>\n<li>La tumba de Rams\u00e9s I es KV16<\/li>\n<\/ul>\n<p>Una vez que visites tus cuatro lugares en la orilla este, la orilla oeste o ambos, tu conductor te llevar\u00e1 de regreso a tu hotel en Soma Bay.<\/p>\n<h3><span style=\"color: #ff6600;\">Precio de los tours de Luxor desde Soma Bay<\/span><\/h3>\n<ul>\n<li>Precio total 150 \u20ac por veh\u00edculo. M\u00e1ximo 3 personas.<\/li>\n<\/ul>\n<h3><span style=\"color: #ff6600;\">Reserva<\/span><\/h3>\n<ul>\n<li>Puedes <strong>reservar tu tour<\/strong> a trav\u00e9s de WhatsApp o enviarnos un correo electr\u00f3nico y recibir\u00e1s la confirmaci\u00f3n al instante.<\/li>\n<li>Por favor, env\u00edanos el nombre de tu hotel, el n\u00famero de habitaci\u00f3n y copias de tu pasaporte.<\/li>\n<\/ul>\n<p>WhatsApp: +201000852186<\/p>\n<p>info@egytourpackages.com<\/p>\n<h3><span style=\"color: #ff6600;\">Reserva ahora y paga en el lugar<\/span><\/h3>\n<p><strong>Reserva<\/strong> tu tour favorito y paga el d\u00eda del viaje.<\/p>\n<h3><span style=\"color: #ff6600;\">Pago<\/span><\/h3>\n<p>Puedes pagar en libras egipcias, $, \u20ac o \u00a3.<\/p>\n<h3><span style=\"color: #ff6600;\">Pol\u00edtica de cancelaci\u00f3n<\/span><\/h3>\n<ul>\n<li>La cancelaci\u00f3n es gratuita hasta 24 horas de antelaci\u00f3n.<\/li>\n<li>La cancelaci\u00f3n por la ma\u00f1ana es el 50% del precio.<\/li>\n<\/ul>\n","protected":false},"excerpt":{"rendered":"<p>Excursi\u00f3n Privada a Luxor desde Soma Bay. Descubre el Valle de los Reyes, Karnak y mucho m\u00e1s. Una experiencia exclusiva e inolvidable.<\/p>\n","protected":false},"featured_media":8155,"comment_status":"open","ping_status":"closed","template":"","meta":[],"product_brand":[],"product_cat":[3128],"product_tag":[3357,3412],"class_list":{"0":"post-8154","1":"product","2":"type-product","3":"status-publish","4":"has-post-thumbnail","6":"product_cat-tours","7":"product_tag-excursiones-la-soma-bay","8":"product_tag-templo-de-karnak","9":"tour_category-excursiones-a-luxor-desde-hurghada","10":"tour_category-excursiones-egipto-es","11":"tour_category-excursiones-en-soma-bay-es","13":"first","14":"instock","15":"sale","16":"shipping-taxable","17":"purchasable","18":"product-type-tour","19":"has-default-attributes"},"yoast_head":"<!-- This site is optimized with the Yoast SEO Premium plugin v27.4 (Yoast SEO v27.4) - https:\/\/yoast.com\/product\/yoast-seo-premium-wordpress\/ -->\n<title>Excursi\u00f3n Privada a Luxor desde Soma Bay: Egy tour packages<\/title>\n<meta name=\"description\" content=\"Excursi\u00f3n Privada a Luxor desde Soma Bay. Descubre el Valle de los Reyes, Karnak y mucho m\u00e1s. Una experiencia exclusiva e inolvidable.\" \/>\n<meta name=\"robots\" content=\"index, follow, max-snippet:-1, max-image-preview:large, max-video-preview:-1\" \/>\n<link rel=\"canonical\" href=\"https:\/\/egytourpackages.com\/es\/tours\/excursion-privada-a-luxor-desde-soma-bay\/\" \/>\n<meta property=\"og:locale\" content=\"es_ES\" \/>\n<meta property=\"og:type\" content=\"article\" \/>\n<meta property=\"og:title\" content=\"Excursi\u00f3n Privada a Luxor desde Soma Bay\" \/>\n<meta property=\"og:description\" content=\"Excursi\u00f3n Privada a Luxor desde Soma Bay. Descubre el Valle de los Reyes, Karnak y mucho m\u00e1s. Una experiencia exclusiva e inolvidable.\" \/>\n<meta property=\"og:url\" content=\"https:\/\/egytourpackages.com\/es\/tours\/excursion-privada-a-luxor-desde-soma-bay\/\" \/>\n<meta property=\"og:site_name\" content=\"Egypt Tour Packages\" \/>\n<meta property=\"article:publisher\" content=\"https:\/\/www.facebook.com\/egytourpackages\" \/>\n<meta property=\"article:modified_time\" content=\"2026-01-28T10:49:40+00:00\" \/>\n<meta property=\"og:image\" content=\"https:\/\/egytourpackages.com\/wp-content\/uploads\/2024\/06\/Karnak-temple-Luxor-1024x682.jpg\" \/>\n<meta name=\"twitter:card\" content=\"summary_large_image\" \/>\n<meta name=\"twitter:title\" content=\"Excursi\u00f3n Privada a Luxor desde Soma Bay\" \/>\n<meta name=\"twitter:label1\" content=\"Precio\" \/>\n\t<meta name=\"twitter:data1\" content=\"&euro;150\" \/>\n\t<meta name=\"twitter:label2\" content=\"Disponibilidad\" \/>\n\t<meta name=\"twitter:data2\" content=\"Disponible\" \/>\n<script type=\"application\/ld+json\" class=\"yoast-schema-graph\">{\"@context\":\"https:\\\/\\\/schema.org\",\"@graph\":[{\"@type\":\"WebPage\",\"@id\":\"https:\\\/\\\/egytourpackages.com\\\/es\\\/tours\\\/excursion-privada-a-luxor-desde-soma-bay\\\/\",\"url\":\"https:\\\/\\\/egytourpackages.com\\\/es\\\/tours\\\/excursion-privada-a-luxor-desde-soma-bay\\\/\",\"name\":\"Excursi\u00f3n Privada a Luxor desde Soma Bay: Egy tour packages\",\"isPartOf\":{\"@id\":\"https:\\\/\\\/egytourpackages.com\\\/es\\\/#website\"},\"primaryImageOfPage\":{\"@id\":\"https:\\\/\\\/egytourpackages.com\\\/es\\\/tours\\\/excursion-privada-a-luxor-desde-soma-bay\\\/#primaryimage\"},\"image\":{\"@id\":\"https:\\\/\\\/egytourpackages.com\\\/es\\\/tours\\\/excursion-privada-a-luxor-desde-soma-bay\\\/#primaryimage\"},\"thumbnailUrl\":\"https:\\\/\\\/egytourpackages.com\\\/wp-content\\\/uploads\\\/2024\\\/06\\\/Karnak-temple-Luxor.jpg\",\"datePublished\":\"2024-06-23T23:59:46+00:00\",\"dateModified\":\"2026-01-28T10:49:40+00:00\",\"description\":\"Excursi\u00f3n Privada a Luxor desde Soma Bay. Descubre el Valle de los Reyes, Karnak y mucho m\u00e1s. Una experiencia exclusiva e inolvidable.\",\"breadcrumb\":{\"@id\":\"https:\\\/\\\/egytourpackages.com\\\/es\\\/tours\\\/excursion-privada-a-luxor-desde-soma-bay\\\/#breadcrumb\"},\"inLanguage\":\"es\",\"potentialAction\":[{\"@type\":\"ReadAction\",\"target\":[\"https:\\\/\\\/egytourpackages.com\\\/es\\\/tours\\\/excursion-privada-a-luxor-desde-soma-bay\\\/\"]}]},{\"@type\":\"ImageObject\",\"inLanguage\":\"es\",\"@id\":\"https:\\\/\\\/egytourpackages.com\\\/es\\\/tours\\\/excursion-privada-a-luxor-desde-soma-bay\\\/#primaryimage\",\"url\":\"https:\\\/\\\/egytourpackages.com\\\/wp-content\\\/uploads\\\/2024\\\/06\\\/Karnak-temple-Luxor.jpg\",\"contentUrl\":\"https:\\\/\\\/egytourpackages.com\\\/wp-content\\\/uploads\\\/2024\\\/06\\\/Karnak-temple-Luxor.jpg\",\"width\":2000,\"height\":1333,\"caption\":\"Excursi\u00f3n Privada a Luxor desde Soma Bay\"},{\"@type\":\"BreadcrumbList\",\"@id\":\"https:\\\/\\\/egytourpackages.com\\\/es\\\/tours\\\/excursion-privada-a-luxor-desde-soma-bay\\\/#breadcrumb\",\"itemListElement\":[{\"@type\":\"ListItem\",\"position\":1,\"name\":\"Home\",\"item\":\"https:\\\/\\\/egytourpackages.com\\\/es\\\/paquetes-de-viaje-a-egipto\\\/\"},{\"@type\":\"ListItem\",\"position\":2,\"name\":\"Shop\",\"item\":\"https:\\\/\\\/egytourpackages.com\\\/shop\\\/\"},{\"@type\":\"ListItem\",\"position\":3,\"name\":\"Excursi\u00f3n Privada a Luxor desde Soma Bay\"}]},{\"@type\":\"WebSite\",\"@id\":\"https:\\\/\\\/egytourpackages.com\\\/es\\\/#website\",\"url\":\"https:\\\/\\\/egytourpackages.com\\\/es\\\/\",\"name\":\"Egy tour packages\",\"description\":\"\",\"publisher\":{\"@id\":\"https:\\\/\\\/egytourpackages.com\\\/es\\\/#organization\"},\"potentialAction\":[{\"@type\":\"SearchAction\",\"target\":{\"@type\":\"EntryPoint\",\"urlTemplate\":\"https:\\\/\\\/egytourpackages.com\\\/es\\\/?s={search_term_string}\"},\"query-input\":{\"@type\":\"PropertyValueSpecification\",\"valueRequired\":true,\"valueName\":\"search_term_string\"}}],\"inLanguage\":\"es\"},{\"@type\":[\"Organization\",\"Place\",\"TravelAgency\"],\"@id\":\"https:\\\/\\\/egytourpackages.com\\\/es\\\/#organization\",\"name\":\"egypt tour packages\",\"alternateName\":\"egypt tour packages\",\"url\":\"https:\\\/\\\/egytourpackages.com\\\/es\\\/\",\"logo\":{\"@id\":\"https:\\\/\\\/egytourpackages.com\\\/es\\\/tours\\\/excursion-privada-a-luxor-desde-soma-bay\\\/#local-main-organization-logo\"},\"image\":{\"@id\":\"https:\\\/\\\/egytourpackages.com\\\/es\\\/tours\\\/excursion-privada-a-luxor-desde-soma-bay\\\/#local-main-organization-logo\"},\"sameAs\":[\"https:\\\/\\\/www.facebook.com\\\/egytourpackages\"],\"legalName\":\"Egy tour packages\",\"address\":{\"@id\":\"https:\\\/\\\/egytourpackages.com\\\/es\\\/tours\\\/excursion-privada-a-luxor-desde-soma-bay\\\/#local-main-place-address\"},\"telephone\":[\"00201000852186\",\"00201028685533\"],\"contactPoint\":{\"@type\":\"ContactPoint\",\"telephone\":\"00201000852186\"},\"openingHoursSpecification\":[{\"@type\":\"OpeningHoursSpecification\",\"dayOfWeek\":[\"Monday\",\"Tuesday\",\"Wednesday\",\"Thursday\",\"Friday\",\"Saturday\",\"Sunday\"],\"opens\":\"00:00\",\"closes\":\"23:59\"}],\"email\":\"info@egytourpackages.com\",\"areaServed\":\"Cairo, Hurghada, Luxor, Sharm El Sheikh, Marsa Alam, Aswan\",\"priceRange\":\"$\",\"currenciesAccepted\":\"euro\",\"paymentAccepted\":\"Payment links online\"},{\"@type\":\"PostalAddress\",\"@id\":\"https:\\\/\\\/egytourpackages.com\\\/es\\\/tours\\\/excursion-privada-a-luxor-desde-soma-bay\\\/#local-main-place-address\",\"streetAddress\":\"Mubarak 8, Al Kawthar District, Hurghada\",\"addressLocality\":\"Hurghada\",\"postalCode\":\"84511\",\"addressRegion\":\"Red Sea\",\"addressCountry\":\"EG\"},{\"@type\":\"ImageObject\",\"inLanguage\":\"es\",\"@id\":\"https:\\\/\\\/egytourpackages.com\\\/es\\\/tours\\\/excursion-privada-a-luxor-desde-soma-bay\\\/#local-main-organization-logo\",\"url\":\"https:\\\/\\\/egytourpackages.com\\\/wp-content\\\/uploads\\\/2025\\\/12\\\/Turquoise-Dahabiya-Nile-Cruise-1.jpeg\",\"contentUrl\":\"https:\\\/\\\/egytourpackages.com\\\/wp-content\\\/uploads\\\/2025\\\/12\\\/Turquoise-Dahabiya-Nile-Cruise-1.jpeg\",\"width\":1040,\"height\":694,\"caption\":\"egypt tour packages\"}]}<\/script>\n<meta property=\"product:brand\" content=\"Excursiones a Luxor desde Hurghada\" \/>\n<meta property=\"product:price:amount\" content=\"150\" \/>\n<meta property=\"product:price:currency\" content=\"EUR\" \/>\n<meta property=\"og:availability\" content=\"instock\" \/>\n<meta property=\"product:availability\" content=\"instock\" \/>\n<meta property=\"product:retailer_item_id\" content=\"SBE05\" \/>\n<meta property=\"product:condition\" content=\"new\" \/>\n<meta name=\"geo.placename\" content=\"Hurghada\" \/>\n<meta name=\"geo.region\" content=\"Egipto\" \/>\n<!-- \/ Yoast SEO Premium plugin. -->","yoast_head_json":{"title":"Excursi\u00f3n Privada a Luxor desde Soma Bay: Egy tour packages","description":"Excursi\u00f3n Privada a Luxor desde Soma Bay. Descubre el Valle de los Reyes, Karnak y mucho m\u00e1s. Una experiencia exclusiva e inolvidable.","robots":{"index":"index","follow":"follow","max-snippet":"max-snippet:-1","max-image-preview":"max-image-preview:large","max-video-preview":"max-video-preview:-1"},"canonical":"https:\/\/egytourpackages.com\/es\/tours\/excursion-privada-a-luxor-desde-soma-bay\/","og_locale":"es_ES","og_type":"article","og_title":"Excursi\u00f3n Privada a Luxor desde Soma Bay","og_description":"Excursi\u00f3n Privada a Luxor desde Soma Bay. Descubre el Valle de los Reyes, Karnak y mucho m\u00e1s. Una experiencia exclusiva e inolvidable.","og_url":"https:\/\/egytourpackages.com\/es\/tours\/excursion-privada-a-luxor-desde-soma-bay\/","og_site_name":"Egypt Tour Packages","article_publisher":"https:\/\/www.facebook.com\/egytourpackages","article_modified_time":"2026-01-28T10:49:40+00:00","og_image":[{"url":"https:\/\/egytourpackages.com\/wp-content\/uploads\/2024\/06\/Karnak-temple-Luxor-1024x682.jpg","type":"","width":"","height":""}],"twitter_card":"summary_large_image","twitter_title":"Excursi\u00f3n Privada a Luxor desde Soma Bay","twitter_misc":{"Precio":"&euro;150","Disponibilidad":"Disponible"},"schema":{"@context":"https:\/\/schema.org","@graph":[{"@type":"WebPage","@id":"https:\/\/egytourpackages.com\/es\/tours\/excursion-privada-a-luxor-desde-soma-bay\/","url":"https:\/\/egytourpackages.com\/es\/tours\/excursion-privada-a-luxor-desde-soma-bay\/","name":"Excursi\u00f3n Privada a Luxor desde Soma Bay: Egy tour packages","isPartOf":{"@id":"https:\/\/egytourpackages.com\/es\/#website"},"primaryImageOfPage":{"@id":"https:\/\/egytourpackages.com\/es\/tours\/excursion-privada-a-luxor-desde-soma-bay\/#primaryimage"},"image":{"@id":"https:\/\/egytourpackages.com\/es\/tours\/excursion-privada-a-luxor-desde-soma-bay\/#primaryimage"},"thumbnailUrl":"https:\/\/egytourpackages.com\/wp-content\/uploads\/2024\/06\/Karnak-temple-Luxor.jpg","datePublished":"2024-06-23T23:59:46+00:00","dateModified":"2026-01-28T10:49:40+00:00","description":"Excursi\u00f3n Privada a Luxor desde Soma Bay. Descubre el Valle de los Reyes, Karnak y mucho m\u00e1s. Una experiencia exclusiva e inolvidable.","breadcrumb":{"@id":"https:\/\/egytourpackages.com\/es\/tours\/excursion-privada-a-luxor-desde-soma-bay\/#breadcrumb"},"inLanguage":"es","potentialAction":[{"@type":"ReadAction","target":["https:\/\/egytourpackages.com\/es\/tours\/excursion-privada-a-luxor-desde-soma-bay\/"]}]},{"@type":"ImageObject","inLanguage":"es","@id":"https:\/\/egytourpackages.com\/es\/tours\/excursion-privada-a-luxor-desde-soma-bay\/#primaryimage","url":"https:\/\/egytourpackages.com\/wp-content\/uploads\/2024\/06\/Karnak-temple-Luxor.jpg","contentUrl":"https:\/\/egytourpackages.com\/wp-content\/uploads\/2024\/06\/Karnak-temple-Luxor.jpg","width":2000,"height":1333,"caption":"Excursi\u00f3n Privada a Luxor desde Soma Bay"},{"@type":"BreadcrumbList","@id":"https:\/\/egytourpackages.com\/es\/tours\/excursion-privada-a-luxor-desde-soma-bay\/#breadcrumb","itemListElement":[{"@type":"ListItem","position":1,"name":"Home","item":"https:\/\/egytourpackages.com\/es\/paquetes-de-viaje-a-egipto\/"},{"@type":"ListItem","position":2,"name":"Shop","item":"https:\/\/egytourpackages.com\/shop\/"},{"@type":"ListItem","position":3,"name":"Excursi\u00f3n Privada a Luxor desde Soma Bay"}]},{"@type":"WebSite","@id":"https:\/\/egytourpackages.com\/es\/#website","url":"https:\/\/egytourpackages.com\/es\/","name":"Egy tour packages","description":"","publisher":{"@id":"https:\/\/egytourpackages.com\/es\/#organization"},"potentialAction":[{"@type":"SearchAction","target":{"@type":"EntryPoint","urlTemplate":"https:\/\/egytourpackages.com\/es\/?s={search_term_string}"},"query-input":{"@type":"PropertyValueSpecification","valueRequired":true,"valueName":"search_term_string"}}],"inLanguage":"es"},{"@type":["Organization","Place","TravelAgency"],"@id":"https:\/\/egytourpackages.com\/es\/#organization","name":"egypt tour packages","alternateName":"egypt tour packages","url":"https:\/\/egytourpackages.com\/es\/","logo":{"@id":"https:\/\/egytourpackages.com\/es\/tours\/excursion-privada-a-luxor-desde-soma-bay\/#local-main-organization-logo"},"image":{"@id":"https:\/\/egytourpackages.com\/es\/tours\/excursion-privada-a-luxor-desde-soma-bay\/#local-main-organization-logo"},"sameAs":["https:\/\/www.facebook.com\/egytourpackages"],"legalName":"Egy tour packages","address":{"@id":"https:\/\/egytourpackages.com\/es\/tours\/excursion-privada-a-luxor-desde-soma-bay\/#local-main-place-address"},"telephone":["00201000852186","00201028685533"],"contactPoint":{"@type":"ContactPoint","telephone":"00201000852186"},"openingHoursSpecification":[{"@type":"OpeningHoursSpecification","dayOfWeek":["Monday","Tuesday","Wednesday","Thursday","Friday","Saturday","Sunday"],"opens":"00:00","closes":"23:59"}],"email":"info@egytourpackages.com","areaServed":"Cairo, Hurghada, Luxor, Sharm El Sheikh, Marsa Alam, Aswan","priceRange":"$","currenciesAccepted":"euro","paymentAccepted":"Payment links online"},{"@type":"PostalAddress","@id":"https:\/\/egytourpackages.com\/es\/tours\/excursion-privada-a-luxor-desde-soma-bay\/#local-main-place-address","streetAddress":"Mubarak 8, Al Kawthar District, Hurghada","addressLocality":"Hurghada","postalCode":"84511","addressRegion":"Red Sea","addressCountry":"EG"},{"@type":"ImageObject","inLanguage":"es","@id":"https:\/\/egytourpackages.com\/es\/tours\/excursion-privada-a-luxor-desde-soma-bay\/#local-main-organization-logo","url":"https:\/\/egytourpackages.com\/wp-content\/uploads\/2025\/12\/Turquoise-Dahabiya-Nile-Cruise-1.jpeg","contentUrl":"https:\/\/egytourpackages.com\/wp-content\/uploads\/2025\/12\/Turquoise-Dahabiya-Nile-Cruise-1.jpeg","width":1040,"height":694,"caption":"egypt tour packages"}]},"product_brand":"Excursiones a Luxor desde Hurghada","product_price_amount":"150","product_price_currency":"EUR","og_availability":"instock","product_availability":"instock","product_retailer_item_id":"SBE05","product_condition":"new","geo.placename":"Hurghada","geo.region":"Egipto"},"_links":{"self":[{"href":"https:\/\/egytourpackages.com\/es\/wp-json\/wp\/v2\/product\/8154","targetHints":{"allow":["GET"]}}],"collection":[{"href":"https:\/\/egytourpackages.com\/es\/wp-json\/wp\/v2\/product"}],"about":[{"href":"https:\/\/egytourpackages.com\/es\/wp-json\/wp\/v2\/types\/product"}],"replies":[{"embeddable":true,"href":"https:\/\/egytourpackages.com\/es\/wp-json\/wp\/v2\/comments?post=8154"}],"wp:featuredmedia":[{"embeddable":true,"href":"https:\/\/egytourpackages.com\/es\/wp-json\/wp\/v2\/media\/8155"}],"wp:attachment":[{"href":"https:\/\/egytourpackages.com\/es\/wp-json\/wp\/v2\/media?parent=8154"}],"wp:term":[{"taxonomy":"product_brand","embeddable":true,"href":"https:\/\/egytourpackages.com\/es\/wp-json\/wp\/v2\/product_brand?post=8154"},{"taxonomy":"product_cat","embeddable":true,"href":"https:\/\/egytourpackages.com\/es\/wp-json\/wp\/v2\/product_cat?post=8154"},{"taxonomy":"product_tag","embeddable":true,"href":"https:\/\/egytourpackages.com\/es\/wp-json\/wp\/v2\/product_tag?post=8154"}],"curies":[{"name":"wp","href":"https:\/\/api.w.org\/{rel}","templated":true}]}}