{"id":8156,"date":"2024-06-24T00:35:48","date_gmt":"2024-06-24T00:35:48","guid":{"rendered":"https:\/\/egytourpackages.com\/product\/excursion-a-luxor-desde-hurghada-sin-entradas\/"},"modified":"2026-01-28T11:10:32","modified_gmt":"2026-01-28T11:10:32","slug":"excursion-a-luxor-desde-hurghada-sin-entradas","status":"publish","type":"product","link":"https:\/\/egytourpackages.com\/es\/tours\/excursion-a-luxor-desde-hurghada-sin-entradas\/","title":{"rendered":"Excursi\u00f3n a Luxor desde Hurghada sin entradas"},"content":{"rendered":"<p><span style=\"color: #ff6600;\"><strong>Excursi\u00f3n a Luxor desde Hurghada sin entradas: Tour Privado y Flexible<\/strong><\/span><\/p>\n<p><strong>Reserva<\/strong> tu <strong>excursi\u00f3n de un d\u00eda a Luxor desde Hurghada sin entradas<\/strong> y explora cuatro lugares ic\u00f3nicos con <strong>tours por Egipto<\/strong>. <strong>Egy tour packages<\/strong> ofrece este viaje privado excluyendo las entradas a los sitios visitados para que puedas elegir lo que te gusta. En general, los <strong>tours de un d\u00eda a Luxor<\/strong> son la mejor manera de descubrir las <strong>atracciones de Luxor<\/strong>. Puedes seleccionar de entre las <strong>excursiones de Hurghada<\/strong> el viaje que quieras y los lugares a visitar, como el <strong>Valle de los Reyes<\/strong> y el Valle de los Nobles. Tambi\u00e9n, <strong>Medinet Habu<\/strong>, el <strong>Templo de Hatshepsut<\/strong>, el Ramesseum y los <strong>Colosos de Memn\u00f3n<\/strong>. Adem\u00e1s, el <strong>Templo de Karnak<\/strong>, el Templo de Luxor o el Museo de Luxor. Cont\u00e1ctanos y planifiquemos los mejores <strong>tours en Luxor<\/strong> para ti.<\/p>\n<p>Este traslado privado de d\u00eda completo te ofrece la flexibilidad de explorar los incre\u00edbles sitios hist\u00f3ricos de Luxor a tu propio ritmo, centr\u00e1ndote en las atracciones que m\u00e1s te interesan.<\/p>\n<h3><span style=\"color: #ff6600;\">Detalles<\/span><\/h3>\n<ul>\n<li>Duraci\u00f3n: 14 horas<\/li>\n<li>Ubicaci\u00f3n del tour: Luxor<\/li>\n<li>Disponibilidad del tour: Todos los d\u00edas<\/li>\n<li>Recogida y llegada: Tu hotel en Hurghada<\/li>\n<li>Tipo de tour: Privado<\/li>\n<li><strong>Idioma: Espa\u00f1ol<\/strong><\/li>\n<li>Silla de ruedas: Accesible<\/li>\n<\/ul>\n<h3><span style=\"color: #ff6600;\">Inclusiones<\/span><\/h3>\n<ul>\n<li>Traslado privado de ida y vuelta con veh\u00edculo nuevo<\/li>\n<li>Agua durante el d\u00eda<\/li>\n<\/ul>\n<h3><span style=\"color: #ff6600;\">Exclusiones<\/span><\/h3>\n<ul>\n<li>Almuerzo y bebidas durante el almuerzo<\/li>\n<li>Entradas a los sitios visitados<\/li>\n<li>Tour opcional en lancha motora de 30 minutos (\u20ac10 a pagar en efectivo en el lugar)<\/li>\n<\/ul>\n<h3><span style=\"color: #ff6600;\">Qu\u00e9 llevar contigo<\/span><\/h3>\n<ul>\n<li>Sombrero, gafas de sol y protector solar<\/li>\n<li>Zapatos y ropa c\u00f3modos<\/li>\n<li>Cambio peque\u00f1o para el ba\u00f1o<\/li>\n<\/ul>\n<h2><span style=\"color: #ff6600;\">Itinerario<\/span><\/h2>\n<h3><span style=\"color: #ff6600;\">5:00 am Recogida en el hotel<\/span><\/h3>\n<p>Tu conductor profesional te recoger\u00e1 directamente en el vest\u00edbulo de tu hotel en Hurghada en un veh\u00edculo c\u00f3modo y con aire acondicionado. Disfruta del pintoresco viaje a trav\u00e9s del desierto hacia el Valle del Nilo. Se proporcionar\u00e1 agua embotellada.<\/p>\n<h3><span style=\"color: #ff6600;\">Breve descanso<\/span><\/h3>\n<p>Alrededor de las 7:00 am, disfrutar\u00e1s de un descanso de 20 minutos para tomar caf\u00e9 en un acogedor sal\u00f3n para usar el ba\u00f1o (20 l.e por persona), desayunar y disfrutar de una bebida.<\/p>\n<h3><span style=\"color: #ff6600;\">Aprox. 9:00 am: Llegada a Luxor y Orilla Oeste<\/span><\/h3>\n<p>A tu llegada a Luxor, tu conductor te llevar\u00e1 directamente a la Orilla Oeste, la antigua necr\u00f3polis de Tebas. Amablemente, informa a tu conductor de las cuatro atracciones que has elegido de la siguiente lista. <strong>Recomendamos seleccionar al menos dos o tres sitios de la Orilla Oeste<\/strong> para maximizar la eficiencia.<\/p>\n<h2><span style=\"color: #ff6600;\">Opciones de atracciones en la orilla oeste<\/span><\/h2>\n<h3><span style=\"color: #ff6600;\">Valle de los Reyes:<\/span><\/h3>\n<p>Entra en el lugar de descanso final de los faraones, incluido <strong>Tutankam\u00f3n<\/strong>. Explora una selecci\u00f3n de tumbas bellamente decoradas (t\u00edpicamente 3 tumbas est\u00e1n incluidas en la entrada general, con tarifas adicionales para tumbas espec\u00edficas como la de Tutankam\u00f3n). Marav\u00edllate con los vibrantes jerogl\u00edficos y el arte antiguo que representan el viaje al m\u00e1s all\u00e1.<\/p>\n<h3><span style=\"color: #ff6600;\">Valle de las Reinas:<\/span><\/h3>\n<p>Descubre las tumbas de reinas y ni\u00f1os reales, siendo la m\u00e1s famosa la tumba de la <strong>Reina Nefertari<\/strong> (requiere una entrada adicional, a menudo significativa). Las tumbas restantes ofrecen un vistazo a las vidas y creencias de la realeza del antiguo Egipto.<\/p>\n<h3><span style=\"color: #ff6600;\">Tumbas de los Nobles:<\/span><\/h3>\n<p>Explora las tumbas privadas de funcionarios de alto rango y escribas. Estas tumbas ofrecen un contraste fascinante con las tumbas reales, mostrando la vida diaria, las profesiones y las creencias personales a trav\u00e9s de sus intrincadas pinturas murales. Tu conductor puede recomendarte las tumbas de nobles m\u00e1s accesibles e impresionantes que est\u00e9n abiertas el d\u00eda de tu visita. (Tumbas de Sennefer y Rekhmire).<\/p>\n<h3><span style=\"color: #ff6600;\">Deir el-Medina (Aldea de los Obreros):<\/span><\/h3>\n<p>Este sitio \u00fanico fue el hogar de los artesanos que construyeron las tumbas reales. Explora las casas bien conservadas, un peque\u00f1o templo y las notables tumbas de los propios obreros, que ofrecen una rara visi\u00f3n de la vida diaria y la estructura social del antiguo Egipto.<\/p>\n<h3><span style=\"color: #ff6600;\">Medinet Habu (Templo de Rams\u00e9s III):<\/span><\/h3>\n<p>Un complejo de templos verdaderamente impresionante y a menudo menos concurrido. <strong>Medinet Habu<\/strong> es famoso por sus relieves vibrantes y bien conservados que representan las victorias militares y festivales religiosos de <strong>Rams\u00e9s III<\/strong>. La inmensa escala y el detalle son impresionantes.<\/p>\n<h3><span style=\"color: #ff6600;\">Colosos de Memn\u00f3n:<\/span><\/h3>\n<p>Estas dos enormes estatuas de piedra del fara\u00f3n <strong>Amenhotep III<\/strong> alguna vez custodiaron la entrada de su templo mortuorio, que en gran parte ha desaparecido. Una parada r\u00e1pida para tomar fotos suele ser suficiente, ofreciendo una gran sensaci\u00f3n de la escala de la antigua arquitectura egipcia.<\/p>\n<h3><span style=\"color: #ff6600;\">Templo de Hatshepsut (Deir el-Bahari):<\/span><\/h3>\n<p>Una magn\u00edfica maravilla arquitect\u00f3nica dedicada a la <strong>faraona Hatshepsut<\/strong>. Construido en los acantilados, su dise\u00f1o en terrazas y elegantes columnatas son verdaderamente \u00fanicos. Explora las diversas capillas y relieves que cuentan la historia de su reinado.<\/p>\n<h2><span style=\"color: #ff6600;\">Exploraci\u00f3n de la orilla este (elige 1-2 atracciones)<\/span><\/h2>\n<h3><span style=\"color: #ff6600;\">Templo de Karnak de Am\u00f3n:<\/span><\/h3>\n<p>El sitio religioso antiguo m\u00e1s grande del mundo, Karnak es un extenso complejo de templos, capillas, pilones y obeliscos dedicados a la Tr\u00edada Tebana. Pasa un amplio tiempo deambulando por la sala hip\u00f3stila con sus imponentes columnas, explora el lago sagrado y marav\u00edllate con la inmensa escala de esta antigua ciudad de dioses.<\/p>\n<h3><span style=\"color: #ff6600;\">Templo de Luxor:<\/span><\/h3>\n<p>Ubicado en el coraz\u00f3n del Luxor moderno, este hermoso templo es particularmente impresionante al atardecer o iluminado por la noche. Conectado a Karnak por una antigua avenida de esfinges, el Templo de Luxor se usaba principalmente para festivales y rituales dedicados al dios Am\u00f3n. Permite 1.5 &#8211; 2 horas.<\/p>\n<h3><span style=\"color: #ff6600;\">Museo de Luxor:<\/span><\/h3>\n<p>Un museo bien curado que alberga una magn\u00edfica colecci\u00f3n de artefactos de Luxor y sus alrededores, incluyendo estatuas exquisitas, objetos funerarios y objetos de la tumba de Tutankam\u00f3n. Ofrece una valiosa visi\u00f3n del arte y la historia del antiguo Egipto.<\/p>\n<h3><span style=\"color: #ff6600;\">Salida de Luxor<\/span><\/h3>\n<p>Despu\u00e9s de completar tus cuatro atracciones elegidas, tu conductor comenzar\u00e1 el viaje de regreso a Hurghada como m\u00e1ximo a las 17:00 para cruzar el puesto de control antes de las 18:00.<\/p>\n<h3><span style=\"color: #ff6600;\">Llegada a Hurghada<\/span><\/h3>\n<p>Ser\u00e1s dejado de forma segura en tu hotel en Hurghada, concluyendo tu fascinante <strong>excursi\u00f3n de un d\u00eda a Luxor<\/strong>.<\/p>\n<h3><span style=\"color: #ff6600;\">Precio de la excursi\u00f3n de un d\u00eda a Luxor desde Hurghada sin entradas<\/span><\/h3>\n<ul>\n<li>Precio por veh\u00edculo: 150 \u20ac<\/li>\n<li>1 persona: 150 \u20ac<\/li>\n<li>2 personas: 80 \u20ac cada una<\/li>\n<li>3 personas: 55 \u20ac cada una<\/li>\n<li>M\u00e1ximo: 3 personas<\/li>\n<\/ul>\n<h3><span style=\"color: #ff6600;\">Reserva<\/span><\/h3>\n<ul>\n<li>Puedes <strong>reservar<\/strong> tu tour a trav\u00e9s de WhatsApp o enviarnos un correo electr\u00f3nico y recibir\u00e1s la confirmaci\u00f3n al instante.<\/li>\n<li>Por favor, env\u00edanos el nombre de tu hotel, el n\u00famero de habitaci\u00f3n y copias de tu pasaporte.<\/li>\n<\/ul>\n<p>WhatsApp: +201000852186<\/p>\n<p>info@egytourpackages.com<\/p>\n<h3><span style=\"color: #ff6600;\">Reserva ahora y paga en el lugar<\/span><\/h3>\n<p><strong>Reserva<\/strong> tu tour favorito y paga el d\u00eda del viaje.<\/p>\n<h3><span style=\"color: #ff6600;\">Pago<\/span><\/h3>\n<p>Puedes pagar en libras egipcias, $, \u20ac o \u00a3.<\/p>\n<h3><span style=\"color: #ff6600;\">Pol\u00edtica de cancelaci\u00f3n<\/span><\/h3>\n<ul>\n<li>La cancelaci\u00f3n es gratuita hasta 24 horas de antelaci\u00f3n.<\/li>\n<li>La cancelaci\u00f3n por la ma\u00f1ana es el 50% del precio.<\/li>\n<\/ul>\n","protected":false},"excerpt":{"rendered":"<p>Excursi\u00f3n a Luxor desde Hurghada sin entradas. Explora el Valle de los Reyes, Karnak y la fascinante historia egipcia. No incluye entradas.<\/p>\n","protected":false},"featured_media":8157,"comment_status":"open","ping_status":"closed","template":"","meta":[],"product_brand":[],"product_cat":[3128],"product_tag":[3188,3187],"class_list":{"0":"post-8156","1":"product","2":"type-product","3":"status-publish","4":"has-post-thumbnail","6":"product_cat-tours","7":"product_tag-excursiones-egipto","8":"product_tag-excursiones-en-hurgada","9":"tour_category-excursiones-a-luxor-desde-hurghada","10":"tour_category-excursiones-egipto-es","11":"tour_category-excursiones-en-hurgada-es","13":"first","14":"instock","15":"sale","16":"shipping-taxable","17":"purchasable","18":"product-type-tour","19":"has-default-attributes"},"yoast_head":"<!-- This site is optimized with the Yoast SEO Premium plugin v27.2 (Yoast SEO v27.2) - https:\/\/yoast.com\/product\/yoast-seo-premium-wordpress\/ -->\n<title>Excursi\u00f3n a Luxor desde Hurghada sin entradas<\/title>\n<meta name=\"description\" content=\"Excursi\u00f3n a Luxor desde Hurghada sin entradas. Explora el Valle de los Reyes, Karnak y la fascinante historia egipcia. No incluye entradas.\" \/>\n<meta name=\"robots\" content=\"index, follow, max-snippet:-1, max-image-preview:large, max-video-preview:-1\" \/>\n<link rel=\"canonical\" href=\"https:\/\/egytourpackages.com\/es\/tours\/excursion-a-luxor-desde-hurghada-sin-entradas\/\" \/>\n<meta property=\"og:locale\" content=\"es_ES\" \/>\n<meta property=\"og:type\" content=\"article\" \/>\n<meta property=\"og:title\" content=\"Excursi\u00f3n a Luxor desde Hurghada sin entradas\" \/>\n<meta property=\"og:description\" content=\"Excursi\u00f3n a Luxor desde Hurghada sin entradas. Explora el Valle de los Reyes, Karnak y la fascinante historia egipcia. No incluye entradas.\" \/>\n<meta property=\"og:url\" content=\"https:\/\/egytourpackages.com\/es\/tours\/excursion-a-luxor-desde-hurghada-sin-entradas\/\" \/>\n<meta property=\"og:site_name\" content=\"Egypt Tour Packages\" \/>\n<meta property=\"article:publisher\" content=\"https:\/\/www.facebook.com\/egytourpackages\" \/>\n<meta property=\"article:modified_time\" content=\"2026-01-28T11:10:32+00:00\" \/>\n<meta property=\"og:image\" content=\"https:\/\/egytourpackages.com\/wp-content\/uploads\/2024\/06\/Valley-of-the-Kings-Luxor-1024x682.jpg\" \/>\n<meta name=\"twitter:card\" content=\"summary_large_image\" \/>\n<meta name=\"twitter:title\" content=\"Excursi\u00f3n a Luxor desde Hurghada sin entradas\" \/>\n<meta name=\"twitter:label1\" content=\"Precio\" \/>\n\t<meta name=\"twitter:data1\" content=\"&euro;50\" \/>\n\t<meta name=\"twitter:label2\" content=\"Disponibilidad\" \/>\n\t<meta name=\"twitter:data2\" content=\"Disponible\" \/>\n<script type=\"application\/ld+json\" class=\"yoast-schema-graph\">{\"@context\":\"https:\/\/schema.org\",\"@graph\":[{\"@type\":\"WebPage\",\"@id\":\"https:\/\/egytourpackages.com\/es\/tours\/excursion-a-luxor-desde-hurghada-sin-entradas\/\",\"url\":\"https:\/\/egytourpackages.com\/es\/tours\/excursion-a-luxor-desde-hurghada-sin-entradas\/\",\"name\":\"Excursi\u00f3n a Luxor desde Hurghada sin entradas\",\"isPartOf\":{\"@id\":\"https:\/\/egytourpackages.com\/es\/#website\"},\"primaryImageOfPage\":{\"@id\":\"https:\/\/egytourpackages.com\/es\/tours\/excursion-a-luxor-desde-hurghada-sin-entradas\/#primaryimage\"},\"image\":{\"@id\":\"https:\/\/egytourpackages.com\/es\/tours\/excursion-a-luxor-desde-hurghada-sin-entradas\/#primaryimage\"},\"thumbnailUrl\":\"https:\/\/egytourpackages.com\/wp-content\/uploads\/2024\/06\/Valley-of-the-Kings-Luxor.jpg\",\"datePublished\":\"2024-06-24T00:35:48+00:00\",\"dateModified\":\"2026-01-28T11:10:32+00:00\",\"description\":\"Excursi\u00f3n a Luxor desde Hurghada sin entradas. Explora el Valle de los Reyes, Karnak y la fascinante historia egipcia. No incluye entradas.\",\"breadcrumb\":{\"@id\":\"https:\/\/egytourpackages.com\/es\/tours\/excursion-a-luxor-desde-hurghada-sin-entradas\/#breadcrumb\"},\"inLanguage\":\"es\",\"potentialAction\":[{\"@type\":\"ReadAction\",\"target\":[\"https:\/\/egytourpackages.com\/es\/tours\/excursion-a-luxor-desde-hurghada-sin-entradas\/\"]}]},{\"@type\":\"ImageObject\",\"inLanguage\":\"es\",\"@id\":\"https:\/\/egytourpackages.com\/es\/tours\/excursion-a-luxor-desde-hurghada-sin-entradas\/#primaryimage\",\"url\":\"https:\/\/egytourpackages.com\/wp-content\/uploads\/2024\/06\/Valley-of-the-Kings-Luxor.jpg\",\"contentUrl\":\"https:\/\/egytourpackages.com\/wp-content\/uploads\/2024\/06\/Valley-of-the-Kings-Luxor.jpg\",\"width\":2000,\"height\":1333,\"caption\":\"Excursi\u00f3n a Luxor desde Hurghada sin entradas\"},{\"@type\":\"BreadcrumbList\",\"@id\":\"https:\/\/egytourpackages.com\/es\/tours\/excursion-a-luxor-desde-hurghada-sin-entradas\/#breadcrumb\",\"itemListElement\":[{\"@type\":\"ListItem\",\"position\":1,\"name\":\"Home\",\"item\":\"https:\/\/egytourpackages.com\/es\/paquetes-de-viaje-a-egipto\/\"},{\"@type\":\"ListItem\",\"position\":2,\"name\":\"Shop\",\"item\":\"https:\/\/egytourpackages.com\/shop\/\"},{\"@type\":\"ListItem\",\"position\":3,\"name\":\"Excursi\u00f3n a Luxor desde Hurghada sin entradas\"}]},{\"@type\":\"WebSite\",\"@id\":\"https:\/\/egytourpackages.com\/es\/#website\",\"url\":\"https:\/\/egytourpackages.com\/es\/\",\"name\":\"Egy tour packages\",\"description\":\"\",\"publisher\":{\"@id\":\"https:\/\/egytourpackages.com\/es\/#organization\"},\"potentialAction\":[{\"@type\":\"SearchAction\",\"target\":{\"@type\":\"EntryPoint\",\"urlTemplate\":\"https:\/\/egytourpackages.com\/es\/?s={search_term_string}\"},\"query-input\":{\"@type\":\"PropertyValueSpecification\",\"valueRequired\":true,\"valueName\":\"search_term_string\"}}],\"inLanguage\":\"es\"},{\"@type\":[\"Organization\",\"Place\",\"TravelAgency\"],\"@id\":\"https:\/\/egytourpackages.com\/es\/#organization\",\"name\":\"egypt tour packages\",\"alternateName\":\"egypt tour packages\",\"url\":\"https:\/\/egytourpackages.com\/es\/\",\"logo\":{\"@id\":\"https:\/\/egytourpackages.com\/es\/tours\/excursion-a-luxor-desde-hurghada-sin-entradas\/#local-main-organization-logo\"},\"image\":{\"@id\":\"https:\/\/egytourpackages.com\/es\/tours\/excursion-a-luxor-desde-hurghada-sin-entradas\/#local-main-organization-logo\"},\"sameAs\":[\"https:\/\/www.facebook.com\/egytourpackages\"],\"legalName\":\"Egy tour packages\",\"address\":{\"@id\":\"https:\/\/egytourpackages.com\/es\/tours\/excursion-a-luxor-desde-hurghada-sin-entradas\/#local-main-place-address\"},\"telephone\":[\"00201000852186\",\"00201028685533\"],\"contactPoint\":{\"@type\":\"ContactPoint\",\"telephone\":\"00201000852186\"},\"openingHoursSpecification\":[{\"@type\":\"OpeningHoursSpecification\",\"dayOfWeek\":[\"Monday\",\"Tuesday\",\"Wednesday\",\"Thursday\",\"Friday\",\"Saturday\",\"Sunday\"],\"opens\":\"00:00\",\"closes\":\"23:59\"}],\"email\":\"info@egytourpackages.com\",\"areaServed\":\"Cairo, Hurghada, Luxor, Sharm El Sheikh, Marsa Alam, Aswan\",\"priceRange\":\"$\",\"currenciesAccepted\":\"euro\",\"paymentAccepted\":\"Payment links online\"},{\"@type\":\"PostalAddress\",\"@id\":\"https:\/\/egytourpackages.com\/es\/tours\/excursion-a-luxor-desde-hurghada-sin-entradas\/#local-main-place-address\",\"streetAddress\":\"Mubarak 8, Al Kawthar District, Hurghada\",\"addressLocality\":\"Hurghada\",\"postalCode\":\"84511\",\"addressRegion\":\"Red Sea\",\"addressCountry\":\"EG\"},{\"@type\":\"ImageObject\",\"inLanguage\":\"es\",\"@id\":\"https:\/\/egytourpackages.com\/es\/tours\/excursion-a-luxor-desde-hurghada-sin-entradas\/#local-main-organization-logo\",\"url\":\"https:\/\/egytourpackages.com\/wp-content\/uploads\/2025\/12\/Turquoise-Dahabiya-Nile-Cruise-1.jpeg\",\"contentUrl\":\"https:\/\/egytourpackages.com\/wp-content\/uploads\/2025\/12\/Turquoise-Dahabiya-Nile-Cruise-1.jpeg\",\"width\":1040,\"height\":694,\"caption\":\"egypt tour packages\"}]}<\/script>\n<meta property=\"product:brand\" content=\"Excursiones a Luxor desde Hurghada\" \/>\n<meta property=\"product:price:amount\" content=\"50\" \/>\n<meta property=\"product:price:currency\" content=\"EUR\" \/>\n<meta property=\"og:availability\" content=\"instock\" \/>\n<meta property=\"product:availability\" content=\"instock\" \/>\n<meta property=\"product:retailer_item_id\" content=\"HDT09\" \/>\n<meta property=\"product:condition\" content=\"new\" \/>\n<meta name=\"geo.placename\" content=\"Hurghada\" \/>\n<meta name=\"geo.region\" content=\"Egipto\" \/>\n<!-- \/ Yoast SEO Premium plugin. -->","yoast_head_json":{"title":"Excursi\u00f3n a Luxor desde Hurghada sin entradas","description":"Excursi\u00f3n a Luxor desde Hurghada sin entradas. Explora el Valle de los Reyes, Karnak y la fascinante historia egipcia. No incluye entradas.","robots":{"index":"index","follow":"follow","max-snippet":"max-snippet:-1","max-image-preview":"max-image-preview:large","max-video-preview":"max-video-preview:-1"},"canonical":"https:\/\/egytourpackages.com\/es\/tours\/excursion-a-luxor-desde-hurghada-sin-entradas\/","og_locale":"es_ES","og_type":"article","og_title":"Excursi\u00f3n a Luxor desde Hurghada sin entradas","og_description":"Excursi\u00f3n a Luxor desde Hurghada sin entradas. Explora el Valle de los Reyes, Karnak y la fascinante historia egipcia. No incluye entradas.","og_url":"https:\/\/egytourpackages.com\/es\/tours\/excursion-a-luxor-desde-hurghada-sin-entradas\/","og_site_name":"Egypt Tour Packages","article_publisher":"https:\/\/www.facebook.com\/egytourpackages","article_modified_time":"2026-01-28T11:10:32+00:00","og_image":[{"url":"https:\/\/egytourpackages.com\/wp-content\/uploads\/2024\/06\/Valley-of-the-Kings-Luxor-1024x682.jpg","type":"","width":"","height":""}],"twitter_card":"summary_large_image","twitter_title":"Excursi\u00f3n a Luxor desde Hurghada sin entradas","twitter_misc":{"Precio":"&euro;50","Disponibilidad":"Disponible"},"schema":{"@context":"https:\/\/schema.org","@graph":[{"@type":"WebPage","@id":"https:\/\/egytourpackages.com\/es\/tours\/excursion-a-luxor-desde-hurghada-sin-entradas\/","url":"https:\/\/egytourpackages.com\/es\/tours\/excursion-a-luxor-desde-hurghada-sin-entradas\/","name":"Excursi\u00f3n a Luxor desde Hurghada sin entradas","isPartOf":{"@id":"https:\/\/egytourpackages.com\/es\/#website"},"primaryImageOfPage":{"@id":"https:\/\/egytourpackages.com\/es\/tours\/excursion-a-luxor-desde-hurghada-sin-entradas\/#primaryimage"},"image":{"@id":"https:\/\/egytourpackages.com\/es\/tours\/excursion-a-luxor-desde-hurghada-sin-entradas\/#primaryimage"},"thumbnailUrl":"https:\/\/egytourpackages.com\/wp-content\/uploads\/2024\/06\/Valley-of-the-Kings-Luxor.jpg","datePublished":"2024-06-24T00:35:48+00:00","dateModified":"2026-01-28T11:10:32+00:00","description":"Excursi\u00f3n a Luxor desde Hurghada sin entradas. Explora el Valle de los Reyes, Karnak y la fascinante historia egipcia. No incluye entradas.","breadcrumb":{"@id":"https:\/\/egytourpackages.com\/es\/tours\/excursion-a-luxor-desde-hurghada-sin-entradas\/#breadcrumb"},"inLanguage":"es","potentialAction":[{"@type":"ReadAction","target":["https:\/\/egytourpackages.com\/es\/tours\/excursion-a-luxor-desde-hurghada-sin-entradas\/"]}]},{"@type":"ImageObject","inLanguage":"es","@id":"https:\/\/egytourpackages.com\/es\/tours\/excursion-a-luxor-desde-hurghada-sin-entradas\/#primaryimage","url":"https:\/\/egytourpackages.com\/wp-content\/uploads\/2024\/06\/Valley-of-the-Kings-Luxor.jpg","contentUrl":"https:\/\/egytourpackages.com\/wp-content\/uploads\/2024\/06\/Valley-of-the-Kings-Luxor.jpg","width":2000,"height":1333,"caption":"Excursi\u00f3n a Luxor desde Hurghada sin entradas"},{"@type":"BreadcrumbList","@id":"https:\/\/egytourpackages.com\/es\/tours\/excursion-a-luxor-desde-hurghada-sin-entradas\/#breadcrumb","itemListElement":[{"@type":"ListItem","position":1,"name":"Home","item":"https:\/\/egytourpackages.com\/es\/paquetes-de-viaje-a-egipto\/"},{"@type":"ListItem","position":2,"name":"Shop","item":"https:\/\/egytourpackages.com\/shop\/"},{"@type":"ListItem","position":3,"name":"Excursi\u00f3n a Luxor desde Hurghada sin entradas"}]},{"@type":"WebSite","@id":"https:\/\/egytourpackages.com\/es\/#website","url":"https:\/\/egytourpackages.com\/es\/","name":"Egy tour packages","description":"","publisher":{"@id":"https:\/\/egytourpackages.com\/es\/#organization"},"potentialAction":[{"@type":"SearchAction","target":{"@type":"EntryPoint","urlTemplate":"https:\/\/egytourpackages.com\/es\/?s={search_term_string}"},"query-input":{"@type":"PropertyValueSpecification","valueRequired":true,"valueName":"search_term_string"}}],"inLanguage":"es"},{"@type":["Organization","Place","TravelAgency"],"@id":"https:\/\/egytourpackages.com\/es\/#organization","name":"egypt tour packages","alternateName":"egypt tour packages","url":"https:\/\/egytourpackages.com\/es\/","logo":{"@id":"https:\/\/egytourpackages.com\/es\/tours\/excursion-a-luxor-desde-hurghada-sin-entradas\/#local-main-organization-logo"},"image":{"@id":"https:\/\/egytourpackages.com\/es\/tours\/excursion-a-luxor-desde-hurghada-sin-entradas\/#local-main-organization-logo"},"sameAs":["https:\/\/www.facebook.com\/egytourpackages"],"legalName":"Egy tour packages","address":{"@id":"https:\/\/egytourpackages.com\/es\/tours\/excursion-a-luxor-desde-hurghada-sin-entradas\/#local-main-place-address"},"telephone":["00201000852186","00201028685533"],"contactPoint":{"@type":"ContactPoint","telephone":"00201000852186"},"openingHoursSpecification":[{"@type":"OpeningHoursSpecification","dayOfWeek":["Monday","Tuesday","Wednesday","Thursday","Friday","Saturday","Sunday"],"opens":"00:00","closes":"23:59"}],"email":"info@egytourpackages.com","areaServed":"Cairo, Hurghada, Luxor, Sharm El Sheikh, Marsa Alam, Aswan","priceRange":"$","currenciesAccepted":"euro","paymentAccepted":"Payment links online"},{"@type":"PostalAddress","@id":"https:\/\/egytourpackages.com\/es\/tours\/excursion-a-luxor-desde-hurghada-sin-entradas\/#local-main-place-address","streetAddress":"Mubarak 8, Al Kawthar District, Hurghada","addressLocality":"Hurghada","postalCode":"84511","addressRegion":"Red Sea","addressCountry":"EG"},{"@type":"ImageObject","inLanguage":"es","@id":"https:\/\/egytourpackages.com\/es\/tours\/excursion-a-luxor-desde-hurghada-sin-entradas\/#local-main-organization-logo","url":"https:\/\/egytourpackages.com\/wp-content\/uploads\/2025\/12\/Turquoise-Dahabiya-Nile-Cruise-1.jpeg","contentUrl":"https:\/\/egytourpackages.com\/wp-content\/uploads\/2025\/12\/Turquoise-Dahabiya-Nile-Cruise-1.jpeg","width":1040,"height":694,"caption":"egypt tour packages"}]},"product_brand":"Excursiones a Luxor desde Hurghada","product_price_amount":"50","product_price_currency":"EUR","og_availability":"instock","product_availability":"instock","product_retailer_item_id":"HDT09","product_condition":"new","geo.placename":"Hurghada","geo.region":"Egipto"},"_links":{"self":[{"href":"https:\/\/egytourpackages.com\/es\/wp-json\/wp\/v2\/product\/8156","targetHints":{"allow":["GET"]}}],"collection":[{"href":"https:\/\/egytourpackages.com\/es\/wp-json\/wp\/v2\/product"}],"about":[{"href":"https:\/\/egytourpackages.com\/es\/wp-json\/wp\/v2\/types\/product"}],"replies":[{"embeddable":true,"href":"https:\/\/egytourpackages.com\/es\/wp-json\/wp\/v2\/comments?post=8156"}],"wp:featuredmedia":[{"embeddable":true,"href":"https:\/\/egytourpackages.com\/es\/wp-json\/wp\/v2\/media\/8157"}],"wp:attachment":[{"href":"https:\/\/egytourpackages.com\/es\/wp-json\/wp\/v2\/media?parent=8156"}],"wp:term":[{"taxonomy":"product_brand","embeddable":true,"href":"https:\/\/egytourpackages.com\/es\/wp-json\/wp\/v2\/product_brand?post=8156"},{"taxonomy":"product_cat","embeddable":true,"href":"https:\/\/egytourpackages.com\/es\/wp-json\/wp\/v2\/product_cat?post=8156"},{"taxonomy":"product_tag","embeddable":true,"href":"https:\/\/egytourpackages.com\/es\/wp-json\/wp\/v2\/product_tag?post=8156"}],"curies":[{"name":"wp","href":"https:\/\/api.w.org\/{rel}","templated":true}]}}