{"id":8158,"date":"2024-06-24T06:27:47","date_gmt":"2024-06-24T06:27:47","guid":{"rendered":"https:\/\/egytourpackages.com\/product\/excursion-de-un-dia-de-safaga-a-luxor\/"},"modified":"2026-01-28T21:13:14","modified_gmt":"2026-01-28T21:13:14","slug":"excursion-de-un-dia-de-safaga-a-luxor","status":"publish","type":"product","link":"https:\/\/egytourpackages.com\/es\/tours\/excursion-de-un-dia-de-safaga-a-luxor\/","title":{"rendered":"Excursi\u00f3n de un D\u00eda de Safaga a Luxor"},"content":{"rendered":"<p><span style=\"color: #ff6600;\"><strong>Excursi\u00f3n de un D\u00eda de Safaga a Luxor: Un Viaje a los Tesoros del Antiguo Egipto<\/strong><\/span><\/p>\n<p>Una <strong>excursi\u00f3n de un d\u00eda de Safaga a Luxor<\/strong> es la mejor manera de explorar las <strong>principales atracciones tur\u00edsticas<\/strong> en Luxor o Tebas con nuestros <strong>tours por Egipto<\/strong>. Durante nuestros <strong>tours de un d\u00eda por Egipto<\/strong>, explorar\u00e1s sitios ic\u00f3nicos como el <strong>Valle de los Reyes<\/strong> con la oportunidad de entrar a la famosa <strong>tumba de Tutankam\u00f3n<\/strong>. Adem\u00e1s, el <strong>Templo Mortuorio de Hatshepsut<\/strong> construido por su ingeniero Senmut junto al templo de Mentuhotep y el templo de <strong>Tutmosis III<\/strong> en <strong>Deir el-Bahari<\/strong> para el <strong>Dios Am\u00f3n<\/strong>.<\/p>\n<p>Tambi\u00e9n, visitar\u00e1s las famosas estatuas de <strong>Amenhotep III<\/strong>, conocidas como los <strong>Colosos de Memn\u00f3n<\/strong>. Tu gu\u00eda arque\u00f3logo experto te presentar\u00e1 la <strong>historia del antiguo Egipto<\/strong> y la <strong>antigua religi\u00f3n egipcia<\/strong> para hacer tu viaje educativo y memorable. Aprende m\u00e1s sobre los famosos faraones egipcios durante el <strong>Nuevo Reino<\/strong>, como <strong>Rams\u00e9s el Grande<\/strong>, <strong>Hatshepsut<\/strong>, <strong>Merenptah<\/strong> y <strong>Amenhotep<\/strong>. Mientras tanto, puedes tomar fotos durante todo el d\u00eda dondequiera que vayas, especialmente los relieves jerogl\u00edficos en las paredes de las tumbas fara\u00f3nicas en el Valle de los Reyes.<\/p>\n<h3><span style=\"color: #ff6600;\">Detalles del tour<\/span><\/h3>\n<ul>\n<li>Duraci\u00f3n: 1 d\u00eda<\/li>\n<li>Ubicaci\u00f3n del tour: Luxor<\/li>\n<li>Disponibilidad del tour: A petici\u00f3n<\/li>\n<li>Recogida y llegada: Hoteles en Safaga<\/li>\n<li>Tipo de tour: Privado<\/li>\n<li><strong>Idioma: Espa\u00f1ol<\/strong><\/li>\n<li>Silla de ruedas: Accesible<\/li>\n<\/ul>\n<h3><span style=\"color: #ff6600;\">Puntos destacados del tour<\/span><\/h3>\n<ul>\n<li>Valle de los Reyes<\/li>\n<li>Templo Mortuorio de Hatshepsut<\/li>\n<li>Colosos de Memn\u00f3n<\/li>\n<li>Templo de Karnak<\/li>\n<li>Paseo corto en lancha motora<\/li>\n<li>Almuerzo<\/li>\n<\/ul>\n<h3><span style=\"color: #ff6600;\">Incluido<\/span><\/h3>\n<ul>\n<li>Traslado de ida y vuelta con veh\u00edculo moderno nuevo con aire acondicionado<\/li>\n<li>Entrada a todos los lugares mencionados en el programa<\/li>\n<li>Almuerzo en un restaurante local<\/li>\n<li><strong>Gu\u00eda experto que habla espa\u00f1ol<\/strong><\/li>\n<li>Agua durante el tour<\/li>\n<\/ul>\n<h3><span style=\"color: #ff6600;\">Excluido<\/span><\/h3>\n<ul>\n<li>Bebidas durante el almuerzo<\/li>\n<li>Las tumbas adicionales en el Valle de los Reyes<\/li>\n<li>Propinas para el gu\u00eda y el conductor<\/li>\n<\/ul>\n<h3><span style=\"color: #ff6600;\">Qu\u00e9 empacar<\/span><\/h3>\n<ul>\n<li>Zapatos c\u00f3modos, ya que la mayor\u00eda de los lugares son de arena o de piedra<\/li>\n<li>Gafas de sol<\/li>\n<li>Protector solar<\/li>\n<li>Sombrero<\/li>\n<\/ul>\n<h2><span style=\"color: #ff6600;\">Itinerario<\/span><\/h2>\n<p>Te recogeremos en el vest\u00edbulo de tu hotel en Safaga para comenzar tu <strong>tour de un d\u00eda de Safaga a Luxor<\/strong>. La distancia entre Safaga y Luxor es de unos 220 km y se tarda alrededor de 3 horas en coche. A tu llegada, comenzar\u00e1s tu tour de d\u00eda completo con tu gu\u00eda experto a las atracciones de Luxor.<\/p>\n<h3><span style=\"color: #ff6600;\">Valle de los Reyes: un viaje al m\u00e1s all\u00e1 de los faraones<\/span><\/h3>\n<p>El <strong>Valle de los Reyes<\/strong> fue el cementerio para los faraones de las dinast\u00edas XVIII, XIX y XX. Explora los antiguos rituales funerarios egipcios mientras te adentras en estas notables tumbas excavadas en la roca. Marav\u00edllate con los intrincados jerogl\u00edficos y las vibrantes pinturas que adornan las paredes, que ilustran textos religiosos sagrados como el <strong>Libro de los Muertos<\/strong>, el <strong>Libro del D\u00eda y la Noche<\/strong>, y las escenas del <strong>Juicio Final<\/strong>. Obt\u00e9n conocimientos profundos sobre las creencias y el viaje de los faraones en su b\u00fasqueda de la vida eterna.<\/p>\n<p><strong>Visitas opcionales a tumbas (con cargo adicional):<\/strong> Para aquellos que deseen explorar m\u00e1s, la entrada a tumbas seleccionadas como la <strong>Tumba de Tutankam\u00f3n<\/strong>, la <strong>Tumba de Seti I<\/strong> y la <strong>Tumba de Rams\u00e9s V<\/strong> est\u00e1 disponible a un costo adicional.<\/p>\n<h3><span style=\"color: #ff6600;\">Templo de Hatshepsut: un homenaje a una faraona<\/span><\/h3>\n<p>Contin\u00faa hacia el magn\u00edfico <strong>Templo de Hatshepsut<\/strong>, una impresionante obra maestra arquitect\u00f3nica enclavada en los acantilados de <strong>Deir el-Bahari<\/strong>. Este templo mortuorio, elegido por la formidable faraona Hatshepsut, se erige como un testimonio de su reinado y su derecho divino. Explora las diversas terrazas y columnatas, maravill\u00e1ndote con las estatuas de esfinge que alguna vez se alinearon en el camino procesional. Descubre la bellamente conservada <strong>Capilla de Hathor<\/strong> y la <strong>Capilla de Anubis<\/strong>, cada una adornada con intrincados relieves que representan deidades y rituales antiguos. Concluye tu visita en el <strong>Santo de los Santos<\/strong>, el santuario m\u00e1s interno del templo, e imagina las ceremonias sagradas que alguna vez tuvieron lugar dentro de estas paredes sagradas. Observa el paisaje circundante donde la realeza eligi\u00f3 ser enterrada cerca de su venerada reina, lo que se suma a la importancia hist\u00f3rica de este extraordinario sitio.<\/p>\n<h3><span style=\"color: #ff6600;\">Colosos de Memn\u00f3n<\/span><\/h3>\n<p>Los majestuosos <strong>Colosos de Memn\u00f3n<\/strong> son dos estatuas colosales que han custodiado la entrada al gran templo mortuorio del fara\u00f3n <strong>Amenhotep III<\/strong>, un templo que, lamentablemente, ha desaparecido casi por completo con el tiempo. A pesar de la desaparici\u00f3n del templo en s\u00ed, estas imponentes efigies, que representan a Amenhotep III sentado, siguen siendo un poderoso testimonio de la escala y la ambici\u00f3n de la antigua arquitectura egipcia. Mientras las contemplas, imagina el inmenso complejo que alguna vez las rode\u00f3. Aunque solo quedan fragmentos (algunas estelas, bustos dispersos y la base de algunas columnas), el tama\u00f1o de los Colosos ofrece una visi\u00f3n v\u00edvida de la antigua gloria de este sitio sagrado en la orilla oeste de Luxor.<\/p>\n<h3><span style=\"color: #ff6600;\">Paseo corto en lancha motora: Luxor desde el Nilo<\/span><\/h3>\n<p>Experimenta la magia de Luxor desde una perspectiva \u00fanica con un <strong>paseo opcional de 30 minutos en lancha motora<\/strong> por el majestuoso Nilo. Desl\u00edzate por las tranquilas aguas y observa c\u00f3mo los lugares emblem\u00e1ticos de Luxor cobran vida desde el r\u00edo. Los puntos destacados de este pintoresco crucero incluyen vistas impresionantes del <strong>Templo de Luxor<\/strong> iluminado y del gran <strong>Winter Palace<\/strong>, entre otros lugares cautivadores a lo largo de las orillas del r\u00edo.<\/p>\n<h3><span style=\"color: #ff6600;\">Almuerzo<\/span><\/h3>\n<p>Disfruta de un almuerzo reci\u00e9n preparado en un restaurante local junto al r\u00edo Nilo.<\/p>\n<h3><span style=\"color: #ff6600;\">Complejo del Templo de Karnak<\/span><\/h3>\n<p>Concluye tu inolvidable exploraci\u00f3n de Luxor con una visita al inigualable <strong>Complejo del Templo de Karnak<\/strong>, el sitio religioso antiguo m\u00e1s grande del mundo. Acompa\u00f1ado por tu gu\u00eda experto, prep\u00e1rate para asombrarte con la escala y los intrincados detalles de este monumental testimonio del poder y la devoci\u00f3n fara\u00f3nicos. Pasea por los imponentes <strong>pilones<\/strong>, explora los innumerables <strong>santuarios<\/strong> y marav\u00edllate con la impresionante <strong>Gran Sala Hip\u00f3stila<\/strong>, con su bosque de columnas colosales. Descubre el sereno <strong>Lago Sagrado<\/strong>, que alguna vez se us\u00f3 para la purificaci\u00f3n ritual. No olvides la tradici\u00f3n de caminar alrededor de la <strong>estatua del escarabajo siete veces<\/strong> para que tus deseos se hagan realidad. Aseg\u00farate tambi\u00e9n de buscar la hermosa <strong>Capilla Roja<\/strong> y la <strong>Capilla Blanca<\/strong>, joyas escondidas dentro de este extenso complejo que ofrecen ideas \u00fanicas sobre el antiguo arte e historia egipcios.<\/p>\n<h3><span style=\"color: #ff6600;\">Precio del tour de un d\u00eda de Safaga a Luxor<\/span><\/h3>\n<ul>\n<li><strong>Precio total:<\/strong> 145 \u20ac por persona<\/li>\n<\/ul>\n<h3><span style=\"color: #ff6600;\">Reserva<\/span><\/h3>\n<ul>\n<li>Puedes <strong>reservar<\/strong> tu tour a trav\u00e9s de WhatsApp o enviarnos un correo electr\u00f3nico y recibir\u00e1s la confirmaci\u00f3n al instante.<\/li>\n<li>Por favor, env\u00edanos el nombre de tu hotel, el n\u00famero de habitaci\u00f3n y copias de tu pasaporte.<\/li>\n<\/ul>\n<p>WhatsApp: +201000852186<\/p>\n<p>info@egytourpackages.com<\/p>\n<h3><span style=\"color: #ff6600;\">Pol\u00edtica de cancelaci\u00f3n<\/span><\/h3>\n<ul>\n<li>Puedes <strong>cancelar<\/strong> en cualquier momento hasta 24 horas antes del viaje.<\/li>\n<\/ul>\n<h3><span style=\"color: #ff6600;\">Aviso importante<\/span><\/h3>\n<p>Ten en cuenta que necesitamos hacer el permiso de viaje un d\u00eda antes de acuerdo con la ley egipcia, as\u00ed que por favor env\u00edanos copias de tu pasaporte, n\u00famero de habitaci\u00f3n y nombre del crucero al menos dos d\u00edas antes.<\/p>\n","protected":false},"excerpt":{"rendered":"<p>Excursi\u00f3n de un D\u00eda de Safaga a Luxor, explora el Valle de los Reyes, Karnak y los Colosos de Memn\u00f3n. Un viaje de un d\u00eda a la cuna de la civilizaci\u00f3n.<\/p>\n","protected":false},"featured_media":8159,"comment_status":"open","ping_status":"closed","template":"","meta":[],"product_brand":[],"product_cat":[3128],"product_tag":[3188,3357,3212,3244],"class_list":{"0":"post-8158","1":"product","2":"type-product","3":"status-publish","4":"has-post-thumbnail","6":"product_cat-tours","7":"product_tag-excursiones-egipto","8":"product_tag-excursiones-la-soma-bay","9":"product_tag-paquetes-vacacionales-a-egipto","10":"product_tag-viajes-a-egipto","11":"tour_category-excursiones-a-luxor-desde-hurghada","12":"tour_category-excursiones-de-un-dia-desde-safaga","13":"tour_category-excursiones-egipto-es","14":"tour_category-excursiones-en-soma-bay-es","16":"first","17":"instock","18":"sale","19":"shipping-taxable","20":"purchasable","21":"product-type-tour","22":"has-default-attributes"},"yoast_head":"<!-- This site is optimized with the Yoast SEO Premium plugin v27.4 (Yoast SEO v27.4) - https:\/\/yoast.com\/product\/yoast-seo-premium-wordpress\/ -->\n<title>Excursi\u00f3n de un D\u00eda de Safaga a Luxor: Egy tour packages<\/title>\n<meta name=\"description\" content=\"Excursi\u00f3n de un D\u00eda de Safaga a Luxor, explora el Valle de los Reyes, Karnak y los Colosos de Memn\u00f3n. Un viaje de un d\u00eda a la cuna de la civilizaci\u00f3n.\" \/>\n<meta name=\"robots\" content=\"index, follow, max-snippet:-1, max-image-preview:large, max-video-preview:-1\" \/>\n<link rel=\"canonical\" href=\"https:\/\/egytourpackages.com\/es\/tours\/excursion-de-un-dia-de-safaga-a-luxor\/\" \/>\n<meta property=\"og:locale\" content=\"es_ES\" \/>\n<meta property=\"og:type\" content=\"article\" \/>\n<meta property=\"og:title\" content=\"Excursi\u00f3n de un D\u00eda de Safaga a Luxor\" \/>\n<meta property=\"og:description\" content=\"Excursi\u00f3n de un D\u00eda de Safaga a Luxor, explora el Valle de los Reyes, Karnak y los Colosos de Memn\u00f3n. Un viaje de un d\u00eda a la cuna de la civilizaci\u00f3n.\" \/>\n<meta property=\"og:url\" content=\"https:\/\/egytourpackages.com\/es\/tours\/excursion-de-un-dia-de-safaga-a-luxor\/\" \/>\n<meta property=\"og:site_name\" content=\"Egypt Tour Packages\" \/>\n<meta property=\"article:publisher\" content=\"https:\/\/www.facebook.com\/egytourpackages\" \/>\n<meta property=\"article:modified_time\" content=\"2026-01-28T21:13:14+00:00\" \/>\n<meta property=\"og:image\" content=\"https:\/\/egytourpackages.com\/wp-content\/uploads\/2024\/06\/Valley-of-the-Kings-Luxor-1-1024x682.jpg\" \/>\n<meta name=\"twitter:card\" content=\"summary_large_image\" \/>\n<meta name=\"twitter:title\" content=\"Excursi\u00f3n de un D\u00eda de Safaga a Luxor\" \/>\n<meta name=\"twitter:label1\" content=\"Precio\" \/>\n\t<meta name=\"twitter:data1\" content=\"&euro;145\" \/>\n\t<meta name=\"twitter:label2\" content=\"Disponibilidad\" \/>\n\t<meta name=\"twitter:data2\" content=\"Disponible\" \/>\n<script type=\"application\/ld+json\" class=\"yoast-schema-graph\">{\"@context\":\"https:\\\/\\\/schema.org\",\"@graph\":[{\"@type\":\"WebPage\",\"@id\":\"https:\\\/\\\/egytourpackages.com\\\/es\\\/tours\\\/excursion-de-un-dia-de-safaga-a-luxor\\\/\",\"url\":\"https:\\\/\\\/egytourpackages.com\\\/es\\\/tours\\\/excursion-de-un-dia-de-safaga-a-luxor\\\/\",\"name\":\"Excursi\u00f3n de un D\u00eda de Safaga a Luxor: Egy tour packages\",\"isPartOf\":{\"@id\":\"https:\\\/\\\/egytourpackages.com\\\/es\\\/#website\"},\"primaryImageOfPage\":{\"@id\":\"https:\\\/\\\/egytourpackages.com\\\/es\\\/tours\\\/excursion-de-un-dia-de-safaga-a-luxor\\\/#primaryimage\"},\"image\":{\"@id\":\"https:\\\/\\\/egytourpackages.com\\\/es\\\/tours\\\/excursion-de-un-dia-de-safaga-a-luxor\\\/#primaryimage\"},\"thumbnailUrl\":\"https:\\\/\\\/egytourpackages.com\\\/wp-content\\\/uploads\\\/2024\\\/06\\\/Valley-of-the-Kings-Luxor-1.jpg\",\"datePublished\":\"2024-06-24T06:27:47+00:00\",\"dateModified\":\"2026-01-28T21:13:14+00:00\",\"description\":\"Excursi\u00f3n de un D\u00eda de Safaga a Luxor, explora el Valle de los Reyes, Karnak y los Colosos de Memn\u00f3n. Un viaje de un d\u00eda a la cuna de la civilizaci\u00f3n.\",\"breadcrumb\":{\"@id\":\"https:\\\/\\\/egytourpackages.com\\\/es\\\/tours\\\/excursion-de-un-dia-de-safaga-a-luxor\\\/#breadcrumb\"},\"inLanguage\":\"es\",\"potentialAction\":[{\"@type\":\"ReadAction\",\"target\":[\"https:\\\/\\\/egytourpackages.com\\\/es\\\/tours\\\/excursion-de-un-dia-de-safaga-a-luxor\\\/\"]}]},{\"@type\":\"ImageObject\",\"inLanguage\":\"es\",\"@id\":\"https:\\\/\\\/egytourpackages.com\\\/es\\\/tours\\\/excursion-de-un-dia-de-safaga-a-luxor\\\/#primaryimage\",\"url\":\"https:\\\/\\\/egytourpackages.com\\\/wp-content\\\/uploads\\\/2024\\\/06\\\/Valley-of-the-Kings-Luxor-1.jpg\",\"contentUrl\":\"https:\\\/\\\/egytourpackages.com\\\/wp-content\\\/uploads\\\/2024\\\/06\\\/Valley-of-the-Kings-Luxor-1.jpg\",\"width\":2000,\"height\":1333,\"caption\":\"Excursi\u00f3n de un D\u00eda de Safaga a Luxor\"},{\"@type\":\"BreadcrumbList\",\"@id\":\"https:\\\/\\\/egytourpackages.com\\\/es\\\/tours\\\/excursion-de-un-dia-de-safaga-a-luxor\\\/#breadcrumb\",\"itemListElement\":[{\"@type\":\"ListItem\",\"position\":1,\"name\":\"Home\",\"item\":\"https:\\\/\\\/egytourpackages.com\\\/es\\\/paquetes-de-viaje-a-egipto\\\/\"},{\"@type\":\"ListItem\",\"position\":2,\"name\":\"Shop\",\"item\":\"https:\\\/\\\/egytourpackages.com\\\/shop\\\/\"},{\"@type\":\"ListItem\",\"position\":3,\"name\":\"Excursi\u00f3n de un D\u00eda de Safaga a Luxor\"}]},{\"@type\":\"WebSite\",\"@id\":\"https:\\\/\\\/egytourpackages.com\\\/es\\\/#website\",\"url\":\"https:\\\/\\\/egytourpackages.com\\\/es\\\/\",\"name\":\"Egy tour packages\",\"description\":\"\",\"publisher\":{\"@id\":\"https:\\\/\\\/egytourpackages.com\\\/es\\\/#organization\"},\"potentialAction\":[{\"@type\":\"SearchAction\",\"target\":{\"@type\":\"EntryPoint\",\"urlTemplate\":\"https:\\\/\\\/egytourpackages.com\\\/es\\\/?s={search_term_string}\"},\"query-input\":{\"@type\":\"PropertyValueSpecification\",\"valueRequired\":true,\"valueName\":\"search_term_string\"}}],\"inLanguage\":\"es\"},{\"@type\":[\"Organization\",\"Place\",\"TravelAgency\"],\"@id\":\"https:\\\/\\\/egytourpackages.com\\\/es\\\/#organization\",\"name\":\"egypt tour packages\",\"alternateName\":\"egypt tour packages\",\"url\":\"https:\\\/\\\/egytourpackages.com\\\/es\\\/\",\"logo\":{\"@id\":\"https:\\\/\\\/egytourpackages.com\\\/es\\\/tours\\\/excursion-de-un-dia-de-safaga-a-luxor\\\/#local-main-organization-logo\"},\"image\":{\"@id\":\"https:\\\/\\\/egytourpackages.com\\\/es\\\/tours\\\/excursion-de-un-dia-de-safaga-a-luxor\\\/#local-main-organization-logo\"},\"sameAs\":[\"https:\\\/\\\/www.facebook.com\\\/egytourpackages\"],\"legalName\":\"Egy tour packages\",\"address\":{\"@id\":\"https:\\\/\\\/egytourpackages.com\\\/es\\\/tours\\\/excursion-de-un-dia-de-safaga-a-luxor\\\/#local-main-place-address\"},\"telephone\":[\"00201000852186\",\"00201028685533\"],\"contactPoint\":{\"@type\":\"ContactPoint\",\"telephone\":\"00201000852186\"},\"openingHoursSpecification\":[{\"@type\":\"OpeningHoursSpecification\",\"dayOfWeek\":[\"Monday\",\"Tuesday\",\"Wednesday\",\"Thursday\",\"Friday\",\"Saturday\",\"Sunday\"],\"opens\":\"00:00\",\"closes\":\"23:59\"}],\"email\":\"info@egytourpackages.com\",\"areaServed\":\"Cairo, Hurghada, Luxor, Sharm El Sheikh, Marsa Alam, Aswan\",\"priceRange\":\"$\",\"currenciesAccepted\":\"euro\",\"paymentAccepted\":\"Payment links online\"},{\"@type\":\"PostalAddress\",\"@id\":\"https:\\\/\\\/egytourpackages.com\\\/es\\\/tours\\\/excursion-de-un-dia-de-safaga-a-luxor\\\/#local-main-place-address\",\"streetAddress\":\"Mubarak 8, Al Kawthar District, Hurghada\",\"addressLocality\":\"Hurghada\",\"postalCode\":\"84511\",\"addressRegion\":\"Red Sea\",\"addressCountry\":\"EG\"},{\"@type\":\"ImageObject\",\"inLanguage\":\"es\",\"@id\":\"https:\\\/\\\/egytourpackages.com\\\/es\\\/tours\\\/excursion-de-un-dia-de-safaga-a-luxor\\\/#local-main-organization-logo\",\"url\":\"https:\\\/\\\/egytourpackages.com\\\/wp-content\\\/uploads\\\/2025\\\/12\\\/Turquoise-Dahabiya-Nile-Cruise-1.jpeg\",\"contentUrl\":\"https:\\\/\\\/egytourpackages.com\\\/wp-content\\\/uploads\\\/2025\\\/12\\\/Turquoise-Dahabiya-Nile-Cruise-1.jpeg\",\"width\":1040,\"height\":694,\"caption\":\"egypt tour packages\"}]}<\/script>\n<meta property=\"product:brand\" content=\"Excursiones a Luxor desde Hurghada\" \/>\n<meta property=\"product:price:amount\" content=\"145\" \/>\n<meta property=\"product:price:currency\" content=\"EUR\" \/>\n<meta property=\"og:availability\" content=\"instock\" \/>\n<meta property=\"product:availability\" content=\"instock\" \/>\n<meta property=\"product:retailer_item_id\" content=\"SDT02\" \/>\n<meta property=\"product:condition\" content=\"new\" \/>\n<meta name=\"geo.placename\" content=\"Hurghada\" \/>\n<meta name=\"geo.region\" content=\"Egipto\" \/>\n<!-- \/ Yoast SEO Premium plugin. -->","yoast_head_json":{"title":"Excursi\u00f3n de un D\u00eda de Safaga a Luxor: Egy tour packages","description":"Excursi\u00f3n de un D\u00eda de Safaga a Luxor, explora el Valle de los Reyes, Karnak y los Colosos de Memn\u00f3n. Un viaje de un d\u00eda a la cuna de la civilizaci\u00f3n.","robots":{"index":"index","follow":"follow","max-snippet":"max-snippet:-1","max-image-preview":"max-image-preview:large","max-video-preview":"max-video-preview:-1"},"canonical":"https:\/\/egytourpackages.com\/es\/tours\/excursion-de-un-dia-de-safaga-a-luxor\/","og_locale":"es_ES","og_type":"article","og_title":"Excursi\u00f3n de un D\u00eda de Safaga a Luxor","og_description":"Excursi\u00f3n de un D\u00eda de Safaga a Luxor, explora el Valle de los Reyes, Karnak y los Colosos de Memn\u00f3n. Un viaje de un d\u00eda a la cuna de la civilizaci\u00f3n.","og_url":"https:\/\/egytourpackages.com\/es\/tours\/excursion-de-un-dia-de-safaga-a-luxor\/","og_site_name":"Egypt Tour Packages","article_publisher":"https:\/\/www.facebook.com\/egytourpackages","article_modified_time":"2026-01-28T21:13:14+00:00","og_image":[{"url":"https:\/\/egytourpackages.com\/wp-content\/uploads\/2024\/06\/Valley-of-the-Kings-Luxor-1-1024x682.jpg","type":"","width":"","height":""}],"twitter_card":"summary_large_image","twitter_title":"Excursi\u00f3n de un D\u00eda de Safaga a Luxor","twitter_misc":{"Precio":"&euro;145","Disponibilidad":"Disponible"},"schema":{"@context":"https:\/\/schema.org","@graph":[{"@type":"WebPage","@id":"https:\/\/egytourpackages.com\/es\/tours\/excursion-de-un-dia-de-safaga-a-luxor\/","url":"https:\/\/egytourpackages.com\/es\/tours\/excursion-de-un-dia-de-safaga-a-luxor\/","name":"Excursi\u00f3n de un D\u00eda de Safaga a Luxor: Egy tour packages","isPartOf":{"@id":"https:\/\/egytourpackages.com\/es\/#website"},"primaryImageOfPage":{"@id":"https:\/\/egytourpackages.com\/es\/tours\/excursion-de-un-dia-de-safaga-a-luxor\/#primaryimage"},"image":{"@id":"https:\/\/egytourpackages.com\/es\/tours\/excursion-de-un-dia-de-safaga-a-luxor\/#primaryimage"},"thumbnailUrl":"https:\/\/egytourpackages.com\/wp-content\/uploads\/2024\/06\/Valley-of-the-Kings-Luxor-1.jpg","datePublished":"2024-06-24T06:27:47+00:00","dateModified":"2026-01-28T21:13:14+00:00","description":"Excursi\u00f3n de un D\u00eda de Safaga a Luxor, explora el Valle de los Reyes, Karnak y los Colosos de Memn\u00f3n. Un viaje de un d\u00eda a la cuna de la civilizaci\u00f3n.","breadcrumb":{"@id":"https:\/\/egytourpackages.com\/es\/tours\/excursion-de-un-dia-de-safaga-a-luxor\/#breadcrumb"},"inLanguage":"es","potentialAction":[{"@type":"ReadAction","target":["https:\/\/egytourpackages.com\/es\/tours\/excursion-de-un-dia-de-safaga-a-luxor\/"]}]},{"@type":"ImageObject","inLanguage":"es","@id":"https:\/\/egytourpackages.com\/es\/tours\/excursion-de-un-dia-de-safaga-a-luxor\/#primaryimage","url":"https:\/\/egytourpackages.com\/wp-content\/uploads\/2024\/06\/Valley-of-the-Kings-Luxor-1.jpg","contentUrl":"https:\/\/egytourpackages.com\/wp-content\/uploads\/2024\/06\/Valley-of-the-Kings-Luxor-1.jpg","width":2000,"height":1333,"caption":"Excursi\u00f3n de un D\u00eda de Safaga a Luxor"},{"@type":"BreadcrumbList","@id":"https:\/\/egytourpackages.com\/es\/tours\/excursion-de-un-dia-de-safaga-a-luxor\/#breadcrumb","itemListElement":[{"@type":"ListItem","position":1,"name":"Home","item":"https:\/\/egytourpackages.com\/es\/paquetes-de-viaje-a-egipto\/"},{"@type":"ListItem","position":2,"name":"Shop","item":"https:\/\/egytourpackages.com\/shop\/"},{"@type":"ListItem","position":3,"name":"Excursi\u00f3n de un D\u00eda de Safaga a Luxor"}]},{"@type":"WebSite","@id":"https:\/\/egytourpackages.com\/es\/#website","url":"https:\/\/egytourpackages.com\/es\/","name":"Egy tour packages","description":"","publisher":{"@id":"https:\/\/egytourpackages.com\/es\/#organization"},"potentialAction":[{"@type":"SearchAction","target":{"@type":"EntryPoint","urlTemplate":"https:\/\/egytourpackages.com\/es\/?s={search_term_string}"},"query-input":{"@type":"PropertyValueSpecification","valueRequired":true,"valueName":"search_term_string"}}],"inLanguage":"es"},{"@type":["Organization","Place","TravelAgency"],"@id":"https:\/\/egytourpackages.com\/es\/#organization","name":"egypt tour packages","alternateName":"egypt tour packages","url":"https:\/\/egytourpackages.com\/es\/","logo":{"@id":"https:\/\/egytourpackages.com\/es\/tours\/excursion-de-un-dia-de-safaga-a-luxor\/#local-main-organization-logo"},"image":{"@id":"https:\/\/egytourpackages.com\/es\/tours\/excursion-de-un-dia-de-safaga-a-luxor\/#local-main-organization-logo"},"sameAs":["https:\/\/www.facebook.com\/egytourpackages"],"legalName":"Egy tour packages","address":{"@id":"https:\/\/egytourpackages.com\/es\/tours\/excursion-de-un-dia-de-safaga-a-luxor\/#local-main-place-address"},"telephone":["00201000852186","00201028685533"],"contactPoint":{"@type":"ContactPoint","telephone":"00201000852186"},"openingHoursSpecification":[{"@type":"OpeningHoursSpecification","dayOfWeek":["Monday","Tuesday","Wednesday","Thursday","Friday","Saturday","Sunday"],"opens":"00:00","closes":"23:59"}],"email":"info@egytourpackages.com","areaServed":"Cairo, Hurghada, Luxor, Sharm El Sheikh, Marsa Alam, Aswan","priceRange":"$","currenciesAccepted":"euro","paymentAccepted":"Payment links online"},{"@type":"PostalAddress","@id":"https:\/\/egytourpackages.com\/es\/tours\/excursion-de-un-dia-de-safaga-a-luxor\/#local-main-place-address","streetAddress":"Mubarak 8, Al Kawthar District, Hurghada","addressLocality":"Hurghada","postalCode":"84511","addressRegion":"Red Sea","addressCountry":"EG"},{"@type":"ImageObject","inLanguage":"es","@id":"https:\/\/egytourpackages.com\/es\/tours\/excursion-de-un-dia-de-safaga-a-luxor\/#local-main-organization-logo","url":"https:\/\/egytourpackages.com\/wp-content\/uploads\/2025\/12\/Turquoise-Dahabiya-Nile-Cruise-1.jpeg","contentUrl":"https:\/\/egytourpackages.com\/wp-content\/uploads\/2025\/12\/Turquoise-Dahabiya-Nile-Cruise-1.jpeg","width":1040,"height":694,"caption":"egypt tour packages"}]},"product_brand":"Excursiones a Luxor desde Hurghada","product_price_amount":"145","product_price_currency":"EUR","og_availability":"instock","product_availability":"instock","product_retailer_item_id":"SDT02","product_condition":"new","geo.placename":"Hurghada","geo.region":"Egipto"},"_links":{"self":[{"href":"https:\/\/egytourpackages.com\/es\/wp-json\/wp\/v2\/product\/8158","targetHints":{"allow":["GET"]}}],"collection":[{"href":"https:\/\/egytourpackages.com\/es\/wp-json\/wp\/v2\/product"}],"about":[{"href":"https:\/\/egytourpackages.com\/es\/wp-json\/wp\/v2\/types\/product"}],"replies":[{"embeddable":true,"href":"https:\/\/egytourpackages.com\/es\/wp-json\/wp\/v2\/comments?post=8158"}],"wp:featuredmedia":[{"embeddable":true,"href":"https:\/\/egytourpackages.com\/es\/wp-json\/wp\/v2\/media\/8159"}],"wp:attachment":[{"href":"https:\/\/egytourpackages.com\/es\/wp-json\/wp\/v2\/media?parent=8158"}],"wp:term":[{"taxonomy":"product_brand","embeddable":true,"href":"https:\/\/egytourpackages.com\/es\/wp-json\/wp\/v2\/product_brand?post=8158"},{"taxonomy":"product_cat","embeddable":true,"href":"https:\/\/egytourpackages.com\/es\/wp-json\/wp\/v2\/product_cat?post=8158"},{"taxonomy":"product_tag","embeddable":true,"href":"https:\/\/egytourpackages.com\/es\/wp-json\/wp\/v2\/product_tag?post=8158"}],"curies":[{"name":"wp","href":"https:\/\/api.w.org\/{rel}","templated":true}]}}