{"id":8408,"date":"2023-09-30T17:58:24","date_gmt":"2023-09-30T17:58:24","guid":{"rendered":"https:\/\/egytourpackages.com\/product\/3-dias-el-cairo-y-oasis-de-bahariya-desde-hurgada\/"},"modified":"2026-01-27T00:56:35","modified_gmt":"2026-01-27T00:56:35","slug":"3-dias-el-cairo-y-oasis-de-bahariya-desde-hurgada","status":"publish","type":"product","link":"https:\/\/egytourpackages.com\/es\/tours\/3-dias-el-cairo-y-oasis-de-bahariya-desde-hurgada\/","title":{"rendered":"3 D\u00edas El Cairo y Oasis de Bahariya desde Hurgada"},"content":{"rendered":"<p><span style=\"color: #ff6600;\"><strong>3 D\u00edas El Cairo y Oasis de Bahariya desde Hurgada<\/strong><\/span><\/p>\n<p><strong>3 D\u00edas El Cairo y Oasis de Bahariya desde Hurgada<\/strong> es una de las mejores <strong>excursiones de un d\u00eda desde Hurgada<\/strong> para aquellos que desean saber m\u00e1s sobre la <strong>historia del antiguo Egipto<\/strong> y la <strong>civilizaci\u00f3n egipcia antigua<\/strong>. Disfrute de un <strong>coche privado<\/strong> y un <strong>gu\u00eda privado<\/strong> para explorar las <strong>atracciones tur\u00edsticas de El Cairo<\/strong> en sus <strong>tours de un d\u00eda en El Cairo<\/strong>.<\/p>\n<p>Adem\u00e1s de los <strong>lugares de inter\u00e9s de El Cairo<\/strong> como el <strong>Gran Museo Egipcio<\/strong>, las <strong>Pir\u00e1mides de Keops<\/strong>, la <strong>Gran Esfinge<\/strong> y las <strong>Pir\u00e1mides de Guiza<\/strong>, disfrutar\u00e1 de los <strong>Oasis de Egipto<\/strong>. Por ejemplo, descubrir\u00e1 el <strong>Desierto Negro<\/strong>, el <strong>Desierto Blanco<\/strong>, la <strong>Monta\u00f1a de Cristal<\/strong> y la <strong>Aldea de El Heiz<\/strong> como parte de sus <strong>paquetes tur\u00edsticos de Egipto<\/strong>. <strong>Egy Tour Packages<\/strong> ofrece <strong>paquetes familiares<\/strong>, <strong>paquetes de tours Cl\u00e1sicos<\/strong>, <strong>paquetes de safari por el desierto<\/strong> y <strong>paquetes de lujo<\/strong> para que aproveche al m\u00e1ximo los <strong>tours por Egipto<\/strong>.<\/p>\n<h3><span style=\"color: #ff6600;\">Detalles del Tour<\/span><\/h3>\n<ul>\n<li>Duraci\u00f3n: 3 D\u00edas \/ 2 Noches<\/li>\n<li>Ubicaci\u00f3n del Tour: El Cairo \/ Bahariya \/ Farafra<\/li>\n<li>Disponibilidad del Tour: Diaria bajo petici\u00f3n<\/li>\n<li><strong>Idioma: Espa\u00f1ol<\/strong><\/li>\n<li>Recogida y Regreso: Hoteles en Hurgada, Makadi Bay, Soma Bay, El Gouna, Sahl Hasheesh<\/li>\n<li>Tipo de Tour: Privado<\/li>\n<\/ul>\n<h3><span style=\"color: #ff6600;\">Puntos Destacados del Tour<\/span><\/h3>\n<ul>\n<li>Atracciones de El Cairo<\/li>\n<li>Atracciones de los Oasis de Bahariya y Farafra<\/li>\n<\/ul>\n<h3><span style=\"color: #ff6600;\">Inclusiones<\/span><\/h3>\n<ul>\n<li>Traslado de ida y vuelta con veh\u00edculo de marca nueva<\/li>\n<li>Entradas a todos los lugares de inter\u00e9s mencionados en el programa<\/li>\n<li><strong>Gu\u00eda tur\u00edstico egipt\u00f3logo que habla espa\u00f1ol<\/strong><\/li>\n<li>1 noche de acampada en el Desierto Blanco<\/li>\n<\/ul>\n<h3><span style=\"color: #ff6600;\">Exclusiones<\/span><\/h3>\n<ul>\n<li>Bebidas durante el almuerzo<\/li>\n<\/ul>\n<h3><span style=\"color: #ff6600;\">Itinerario<\/span><\/h3>\n<h3><span style=\"color: #ff6600;\">D\u00eda 1 Hurgada a El Cairo<\/span><\/h3>\n<p>Su <strong>gu\u00eda tur\u00edstico egipt\u00f3logo<\/strong> se reunir\u00e1 con usted en el <em>lobby<\/em> de su hotel para comenzar su <strong>aventura<\/strong> de <strong>paquetes tur\u00edsticos de Egipto<\/strong>. Recoja las <strong>cajas de desayuno<\/strong> que solicit\u00f3 el d\u00eda anterior en el <em>lobby<\/em> del hotel y luego suba a su <strong>coche con aire acondicionado<\/strong> para comenzar su camino hacia <strong>El Cairo<\/strong>. Cruzar\u00e1 el puesto de control a partir de las 03:00 am y tendr\u00e1 una <strong>parada para tomar caf\u00e9<\/strong> en el camino alrededor de las 06:00 am. A su llegada a <strong>El Cairo<\/strong>, comenzar\u00e1 las <strong>atracciones de El Cairo<\/strong> con uno de los <strong>principales puntos de inter\u00e9s<\/strong>.<\/p>\n<h3><span style=\"color: #ff6600;\">Gran Museo Egipcio<\/span><\/h3>\n<p>Disfrute de aproximadamente <strong>dos horas<\/strong> maravill\u00e1ndose con los <strong>artefactos egipcios<\/strong> de las diferentes \u00e9pocas, como la <strong>era prehist\u00f3rica<\/strong>, el <strong>Imperio Antiguo<\/strong>, el <strong>Imperio Medio<\/strong>, el <strong>Imperio Nuevo<\/strong> y el <strong>Per\u00edodo Tard\u00edo<\/strong>. Vea parte de los <strong>tesoros de Tutankam\u00f3n<\/strong>, <strong>momias de animales<\/strong>, <strong>estatuas de Hatshepsut<\/strong> y algunas <strong>estelas<\/strong>. Contin\u00fae con su gu\u00eda para ver <strong>sarc\u00f3fagos<\/strong>, <strong>barcos de pesca<\/strong>, <strong>joyas<\/strong>, <strong>Papiros<\/strong> y la <strong>galer\u00eda de Akenat\u00f3n<\/strong>. Al final del <strong>tour<\/strong>, ir\u00e1 a <strong>almorzar<\/strong> a un <strong>restaurante local<\/strong> antes de dirigirse a su pr\u00f3xima parada.<\/p>\n<h3><span style=\"color: #ff6600;\">Pir\u00e1mides de Guiza<\/span><\/h3>\n<p>Abra su coraz\u00f3n y mente y escuche de su gu\u00eda las cuatro preguntas m\u00e1s importantes que pueden cruzar por su mente cuando visite las <strong>Pir\u00e1mides<\/strong>. \u00bfC\u00f3mo se construyeron las <strong>Pir\u00e1mides<\/strong>? \u00bfQui\u00e9n construy\u00f3 las <strong>Pir\u00e1mides<\/strong>? \u00bfPor qu\u00e9 las construyeron? y \u00bfPara qui\u00e9n las construyeron? Comience su <strong>tour a las Pir\u00e1mides de Guiza<\/strong> con la <strong>Pir\u00e1mide de Keops<\/strong>, luego visite las <strong>Pir\u00e1mides de las Reinas<\/strong>, la <strong>Pir\u00e1mide de Kefr\u00e9n<\/strong> y termine con la <strong>Pir\u00e1mide de Micerinos<\/strong>. M\u00e1s tarde, ir\u00e1 al <strong>templo de la momificaci\u00f3n<\/strong> y a la <strong>Gran Esfinge<\/strong>.<\/p>\n<p>Al final del <strong>tour<\/strong>, \u00fanase a su gu\u00eda para ir a su <strong>hotel en El Cairo<\/strong> para registrarse sin problemas y pasar la noche en el hotel.<\/p>\n<p><strong>Comidas:<\/strong> Almuerzo<\/p>\n<h3><span style=\"color: #ff6600;\">D\u00eda 2 El Cairo a Bahariya<\/span><\/h3>\n<p>Tome su <strong>sabroso desayuno<\/strong> en el hotel y luego comenzar\u00e1 su camino hacia el <strong>Oasis de Bahariya<\/strong> durante aproximadamente <strong>cuatro horas de viaje<\/strong> con una <strong>breve pausa<\/strong> para tomar caf\u00e9 y ir al ba\u00f1o. A su llegada a <strong>Bahariya<\/strong>, el <strong>gu\u00eda de safari por el desierto<\/strong> de <strong>Egy Tour Packages<\/strong> le dar\u00e1 la bienvenida en su casa para comenzar su <strong>tour<\/strong> con un delicioso <strong>almuerzo casero<\/strong> con bebidas calientes y refrescos. Luego abordar\u00e1 su <strong>Jeep 4*4<\/strong> para comenzar su <strong>aventura en el desierto<\/strong>.<\/p>\n<p>Comenzar\u00e1 su <strong>tour por Bahariya<\/strong> con el <strong>Desierto Negro<\/strong>, donde podr\u00e1 ver la <strong>Monta\u00f1a El Marsos<\/strong> y otros picos cubiertos con capas de <strong>polvo y piedras negras<\/strong>. Una vez que camine, escale o tome algunas <strong>buenas fotos<\/strong>, nos dirigiremos a nuestra pr\u00f3xima parada, el <strong>manantial fr\u00edo de El Heiz<\/strong>. P\u00f3ngase su bikini y disfrute de una <strong>ducha fresca<\/strong> con un <strong>t\u00e9 t\u00edpico con menta<\/strong> antes de conducir a la <strong>Monta\u00f1a de Cristal<\/strong>. Es un lugar incre\u00edble hecho de <strong>cristal de cuarzo<\/strong> y, de alguna manera, un lugar muy <strong>energ\u00e9tico<\/strong>.<\/p>\n<p>Otra parada en el camino hacia el <strong>Desierto Blanco<\/strong> se llama \u00e1rea de <strong>Aqabat<\/strong> o el <strong>Valle de Aqabat<\/strong> con <strong>asombrosas formaciones rocosas<\/strong> que conducen a las <strong>dunas de arena<\/strong>, donde podr\u00e1 disfrutar del <strong>sandboarding<\/strong>. Despu\u00e9s de divertirse mucho haciendo <strong>sandboarding<\/strong>, pasaremos por el <strong>Antiguo Desierto Blanco<\/strong> de camino al <strong>Nuevo Desierto Blanco<\/strong>. Pasar\u00e1 la noche <strong>acampando<\/strong> en el <strong>Nuevo Desierto Blanco<\/strong>, disfrutando de una <strong>cena de barbacoa bajo las estrellas<\/strong> y durmiendo en una <strong>tienda individual o doble<\/strong>.<\/p>\n<p><strong>Comidas:<\/strong> Desayuno, almuerzo, cena<\/p>\n<h3><span style=\"color: #ff6600;\">D\u00eda 3 Oasis de Bahariya a El Cairo y Hurgada<\/span><\/h3>\n<p>Disfrute de su <strong>desayuno<\/strong> en el sitio de acampada antes de conducir para explorar el <strong>Nuevo Desierto Blanco<\/strong>, el <strong>\u00e1rbol de la vida<\/strong>, el <strong>Valle de las Mesas<\/strong> y las asombrosas <strong>rocas del conejo<\/strong>, del <strong>pollo<\/strong> y del <strong>cono<\/strong> antes de comenzar nuestro camino de regreso a <strong>Bahariya<\/strong>. Disfrute de su <strong>almuerzo casero<\/strong> antes de comenzar su camino de regreso a <strong>El Cairo<\/strong> y conducir a <strong>Hurgada<\/strong>.<\/p>\n<p><strong>Comidas:<\/strong> Desayuno, almuerzo<\/p>\n<h3><span style=\"color: #ff6600;\">Precio El Cairo y Oasis de Bahariya desde Hurgada<\/span><\/h3>\n<ul>\n<li>Precio Adulto = 500 \u20ac\u200e<\/li>\n<li>Ni\u00f1os 0-5 a\u00f1os = gratis<\/li>\n<li>Ni\u00f1os 5-11 a\u00f1os = 50% del precio del adulto<\/li>\n<\/ul>\n<h3><span style=\"color: #ff6600;\">Reservas<\/span><\/h3>\n<ul>\n<li>Puede reservar su tour a trav\u00e9s de WhatsApp o enviarnos un correo electr\u00f3nico y recibir\u00e1 la confirmaci\u00f3n en el acto.<\/li>\n<li>Por favor, env\u00edenos el nombre de su hotel, el n\u00famero de habitaci\u00f3n, las copias del pasaporte<\/li>\n<\/ul>\n<p><strong>WhatsApp:<\/strong> +201000852186<\/p>\n<p>info@egytourpackages.com<\/p>\n<h3><span style=\"color: #ff6600;\">Reserve Ahora y Pague en Destino<\/span><\/h3>\n<p>Reserve su tour favorito y pague el d\u00eda del viaje<\/p>\n<h3><span style=\"color: #ff6600;\">Pago<\/span><\/h3>\n<p>Puede pagar en libras egipcias, $, \u20ac\u200e o \u00a3.<\/p>\n<h3><span style=\"color: #ff6600;\">Pol\u00edtica de Cancelaci\u00f3n<\/span><\/h3>\n<ul>\n<li>La cancelaci\u00f3n es gratuita hasta 24 horas de antelaci\u00f3n<\/li>\n<li>La cancelaci\u00f3n por la ma\u00f1ana es el 50% del precio<\/li>\n<\/ul>\n","protected":false},"excerpt":{"rendered":"<p>3 D\u00edas El Cairo y Oasis de Bahariya desde Hurgada. Descubre las Pir\u00e1mides y haz un safari por el Desierto Blanco. \u00a1Aventura y cultura!<\/p>\n","protected":false},"featured_media":8409,"comment_status":"open","ping_status":"closed","template":"","meta":[],"product_brand":[],"product_cat":[3128],"product_tag":[3291,3313,3349,3211],"class_list":{"0":"post-8408","1":"product","2":"type-product","3":"status-publish","4":"has-post-thumbnail","6":"product_cat-tours","7":"product_tag-gran-museo-egipcio","8":"product_tag-hurgada","9":"product_tag-oasis-de-bahariya","10":"product_tag-piramides-de-giza","11":"tour_category-excursiones-egipto-es","12":"tour_category-excursiones-en-hurgada-es","13":"tour_category-paquetes-de-tours-en-egipto-de-3-dias","15":"first","16":"instock","17":"sale","18":"shipping-taxable","19":"purchasable","20":"product-type-tour","21":"has-default-attributes"},"yoast_head":"<!-- This site is optimized with the Yoast SEO Premium plugin v27.4 (Yoast SEO v27.4) - https:\/\/yoast.com\/product\/yoast-seo-premium-wordpress\/ -->\n<title>3 D\u00edas El Cairo y Oasis de Bahariya desde Hurgada<\/title>\n<meta name=\"description\" content=\"3 D\u00edas El Cairo y Oasis de Bahariya desde Hurgada. Descubre las Pir\u00e1mides y haz un safari por el Desierto Blanco. \u00a1Aventura y cultura!\" \/>\n<meta name=\"robots\" content=\"index, follow, max-snippet:-1, max-image-preview:large, max-video-preview:-1\" \/>\n<link rel=\"canonical\" href=\"https:\/\/egytourpackages.com\/es\/tours\/3-dias-el-cairo-y-oasis-de-bahariya-desde-hurgada\/\" \/>\n<meta property=\"og:locale\" content=\"es_ES\" \/>\n<meta property=\"og:type\" content=\"article\" \/>\n<meta property=\"og:title\" content=\"3 D\u00edas El Cairo y Oasis de Bahariya desde Hurgada\" \/>\n<meta property=\"og:description\" content=\"3 D\u00edas El Cairo y Oasis de Bahariya desde Hurgada. Descubre las Pir\u00e1mides y haz un safari por el Desierto Blanco. \u00a1Aventura y cultura!\" \/>\n<meta property=\"og:url\" content=\"https:\/\/egytourpackages.com\/es\/tours\/3-dias-el-cairo-y-oasis-de-bahariya-desde-hurgada\/\" \/>\n<meta property=\"og:site_name\" content=\"Egypt Tour Packages\" \/>\n<meta property=\"article:publisher\" content=\"https:\/\/www.facebook.com\/egytourpackages\" \/>\n<meta property=\"article:modified_time\" content=\"2026-01-27T00:56:35+00:00\" \/>\n<meta property=\"og:image\" content=\"https:\/\/egytourpackages.com\/wp-content\/uploads\/2023\/09\/Camping-site-white-desert.jpg\" \/>\n\t<meta property=\"og:image:width\" content=\"2000\" \/>\n\t<meta property=\"og:image:height\" content=\"1500\" \/>\n\t<meta property=\"og:image:type\" content=\"image\/jpeg\" \/>\n<meta name=\"twitter:card\" content=\"summary_large_image\" \/>\n<meta name=\"twitter:title\" content=\"3 D\u00edas El Cairo y Oasis de Bahariya desde Hurgada\" \/>\n<meta name=\"twitter:description\" content=\"3 D\u00edas El Cairo y Oasis de Bahariya desde Hurgada. Descubre las Pir\u00e1mides y haz un safari por el Desierto Blanco. \u00a1Aventura y cultura!\" \/>\n<meta name=\"twitter:label1\" content=\"Precio\" \/>\n\t<meta name=\"twitter:data1\" content=\"&euro;490\" \/>\n\t<meta name=\"twitter:label2\" content=\"Disponibilidad\" \/>\n\t<meta name=\"twitter:data2\" content=\"Disponible\" \/>\n<script type=\"application\/ld+json\" class=\"yoast-schema-graph\">{\"@context\":\"https:\\\/\\\/schema.org\",\"@graph\":[{\"@type\":\"WebPage\",\"@id\":\"https:\\\/\\\/egytourpackages.com\\\/es\\\/tours\\\/3-dias-el-cairo-y-oasis-de-bahariya-desde-hurgada\\\/\",\"url\":\"https:\\\/\\\/egytourpackages.com\\\/es\\\/tours\\\/3-dias-el-cairo-y-oasis-de-bahariya-desde-hurgada\\\/\",\"name\":\"3 D\u00edas El Cairo y Oasis de Bahariya desde Hurgada\",\"isPartOf\":{\"@id\":\"https:\\\/\\\/egytourpackages.com\\\/es\\\/#website\"},\"primaryImageOfPage\":{\"@id\":\"https:\\\/\\\/egytourpackages.com\\\/es\\\/tours\\\/3-dias-el-cairo-y-oasis-de-bahariya-desde-hurgada\\\/#primaryimage\"},\"image\":{\"@id\":\"https:\\\/\\\/egytourpackages.com\\\/es\\\/tours\\\/3-dias-el-cairo-y-oasis-de-bahariya-desde-hurgada\\\/#primaryimage\"},\"thumbnailUrl\":\"https:\\\/\\\/egytourpackages.com\\\/wp-content\\\/uploads\\\/2023\\\/09\\\/Camping-site-white-desert.jpg\",\"datePublished\":\"2023-09-30T17:58:24+00:00\",\"dateModified\":\"2026-01-27T00:56:35+00:00\",\"description\":\"3 D\u00edas El Cairo y Oasis de Bahariya desde Hurgada. Descubre las Pir\u00e1mides y haz un safari por el Desierto Blanco. \u00a1Aventura y cultura!\",\"breadcrumb\":{\"@id\":\"https:\\\/\\\/egytourpackages.com\\\/es\\\/tours\\\/3-dias-el-cairo-y-oasis-de-bahariya-desde-hurgada\\\/#breadcrumb\"},\"inLanguage\":\"es\",\"potentialAction\":[{\"@type\":\"ReadAction\",\"target\":[\"https:\\\/\\\/egytourpackages.com\\\/es\\\/tours\\\/3-dias-el-cairo-y-oasis-de-bahariya-desde-hurgada\\\/\"]}]},{\"@type\":\"ImageObject\",\"inLanguage\":\"es\",\"@id\":\"https:\\\/\\\/egytourpackages.com\\\/es\\\/tours\\\/3-dias-el-cairo-y-oasis-de-bahariya-desde-hurgada\\\/#primaryimage\",\"url\":\"https:\\\/\\\/egytourpackages.com\\\/wp-content\\\/uploads\\\/2023\\\/09\\\/Camping-site-white-desert.jpg\",\"contentUrl\":\"https:\\\/\\\/egytourpackages.com\\\/wp-content\\\/uploads\\\/2023\\\/09\\\/Camping-site-white-desert.jpg\",\"width\":2000,\"height\":1500,\"caption\":\"3 D\u00edas El Cairo y Oasis de Bahariya desde Hurgada\"},{\"@type\":\"BreadcrumbList\",\"@id\":\"https:\\\/\\\/egytourpackages.com\\\/es\\\/tours\\\/3-dias-el-cairo-y-oasis-de-bahariya-desde-hurgada\\\/#breadcrumb\",\"itemListElement\":[{\"@type\":\"ListItem\",\"position\":1,\"name\":\"Home\",\"item\":\"https:\\\/\\\/egytourpackages.com\\\/es\\\/paquetes-de-viaje-a-egipto\\\/\"},{\"@type\":\"ListItem\",\"position\":2,\"name\":\"Shop\",\"item\":\"https:\\\/\\\/egytourpackages.com\\\/shop\\\/\"},{\"@type\":\"ListItem\",\"position\":3,\"name\":\"3 D\u00edas El Cairo y Oasis de Bahariya desde Hurgada\"}]},{\"@type\":\"WebSite\",\"@id\":\"https:\\\/\\\/egytourpackages.com\\\/es\\\/#website\",\"url\":\"https:\\\/\\\/egytourpackages.com\\\/es\\\/\",\"name\":\"Egy tour packages\",\"description\":\"\",\"publisher\":{\"@id\":\"https:\\\/\\\/egytourpackages.com\\\/es\\\/#organization\"},\"potentialAction\":[{\"@type\":\"SearchAction\",\"target\":{\"@type\":\"EntryPoint\",\"urlTemplate\":\"https:\\\/\\\/egytourpackages.com\\\/es\\\/?s={search_term_string}\"},\"query-input\":{\"@type\":\"PropertyValueSpecification\",\"valueRequired\":true,\"valueName\":\"search_term_string\"}}],\"inLanguage\":\"es\"},{\"@type\":[\"Organization\",\"Place\",\"TravelAgency\"],\"@id\":\"https:\\\/\\\/egytourpackages.com\\\/es\\\/#organization\",\"name\":\"egypt tour packages\",\"alternateName\":\"egypt tour packages\",\"url\":\"https:\\\/\\\/egytourpackages.com\\\/es\\\/\",\"logo\":{\"@id\":\"https:\\\/\\\/egytourpackages.com\\\/es\\\/tours\\\/3-dias-el-cairo-y-oasis-de-bahariya-desde-hurgada\\\/#local-main-organization-logo\"},\"image\":{\"@id\":\"https:\\\/\\\/egytourpackages.com\\\/es\\\/tours\\\/3-dias-el-cairo-y-oasis-de-bahariya-desde-hurgada\\\/#local-main-organization-logo\"},\"sameAs\":[\"https:\\\/\\\/www.facebook.com\\\/egytourpackages\"],\"legalName\":\"Egy tour packages\",\"address\":{\"@id\":\"https:\\\/\\\/egytourpackages.com\\\/es\\\/tours\\\/3-dias-el-cairo-y-oasis-de-bahariya-desde-hurgada\\\/#local-main-place-address\"},\"telephone\":[\"00201000852186\",\"00201028685533\"],\"contactPoint\":{\"@type\":\"ContactPoint\",\"telephone\":\"00201000852186\"},\"openingHoursSpecification\":[{\"@type\":\"OpeningHoursSpecification\",\"dayOfWeek\":[\"Monday\",\"Tuesday\",\"Wednesday\",\"Thursday\",\"Friday\",\"Saturday\",\"Sunday\"],\"opens\":\"00:00\",\"closes\":\"23:59\"}],\"email\":\"info@egytourpackages.com\",\"areaServed\":\"Cairo, Hurghada, Luxor, Sharm El Sheikh, Marsa Alam, Aswan\",\"priceRange\":\"$\",\"currenciesAccepted\":\"euro\",\"paymentAccepted\":\"Payment links online\"},{\"@type\":\"PostalAddress\",\"@id\":\"https:\\\/\\\/egytourpackages.com\\\/es\\\/tours\\\/3-dias-el-cairo-y-oasis-de-bahariya-desde-hurgada\\\/#local-main-place-address\",\"streetAddress\":\"Mubarak 8, Al Kawthar District, Hurghada\",\"addressLocality\":\"Hurghada\",\"postalCode\":\"84511\",\"addressRegion\":\"Red Sea\",\"addressCountry\":\"EG\"},{\"@type\":\"ImageObject\",\"inLanguage\":\"es\",\"@id\":\"https:\\\/\\\/egytourpackages.com\\\/es\\\/tours\\\/3-dias-el-cairo-y-oasis-de-bahariya-desde-hurgada\\\/#local-main-organization-logo\",\"url\":\"https:\\\/\\\/egytourpackages.com\\\/wp-content\\\/uploads\\\/2025\\\/12\\\/Turquoise-Dahabiya-Nile-Cruise-1.jpeg\",\"contentUrl\":\"https:\\\/\\\/egytourpackages.com\\\/wp-content\\\/uploads\\\/2025\\\/12\\\/Turquoise-Dahabiya-Nile-Cruise-1.jpeg\",\"width\":1040,\"height\":694,\"caption\":\"egypt tour packages\"}]}<\/script>\n<meta property=\"product:brand\" content=\"Excursiones Egipto\" \/>\n<meta property=\"product:price:amount\" content=\"490\" \/>\n<meta property=\"product:price:currency\" content=\"EUR\" \/>\n<meta property=\"og:availability\" content=\"instock\" \/>\n<meta property=\"product:availability\" content=\"instock\" \/>\n<meta property=\"product:retailer_item_id\" content=\"HDT05\" \/>\n<meta property=\"product:condition\" content=\"new\" \/>\n<meta name=\"geo.placename\" content=\"Hurghada\" \/>\n<meta name=\"geo.region\" content=\"Egipto\" \/>\n<!-- \/ Yoast SEO Premium plugin. -->","yoast_head_json":{"title":"3 D\u00edas El Cairo y Oasis de Bahariya desde Hurgada","description":"3 D\u00edas El Cairo y Oasis de Bahariya desde Hurgada. Descubre las Pir\u00e1mides y haz un safari por el Desierto Blanco. \u00a1Aventura y cultura!","robots":{"index":"index","follow":"follow","max-snippet":"max-snippet:-1","max-image-preview":"max-image-preview:large","max-video-preview":"max-video-preview:-1"},"canonical":"https:\/\/egytourpackages.com\/es\/tours\/3-dias-el-cairo-y-oasis-de-bahariya-desde-hurgada\/","og_locale":"es_ES","og_type":"article","og_title":"3 D\u00edas El Cairo y Oasis de Bahariya desde Hurgada","og_description":"3 D\u00edas El Cairo y Oasis de Bahariya desde Hurgada. Descubre las Pir\u00e1mides y haz un safari por el Desierto Blanco. \u00a1Aventura y cultura!","og_url":"https:\/\/egytourpackages.com\/es\/tours\/3-dias-el-cairo-y-oasis-de-bahariya-desde-hurgada\/","og_site_name":"Egypt Tour Packages","article_publisher":"https:\/\/www.facebook.com\/egytourpackages","article_modified_time":"2026-01-27T00:56:35+00:00","og_image":[{"width":2000,"height":1500,"url":"https:\/\/egytourpackages.com\/wp-content\/uploads\/2023\/09\/Camping-site-white-desert.jpg","type":"image\/jpeg"}],"twitter_card":"summary_large_image","twitter_title":"3 D\u00edas El Cairo y Oasis de Bahariya desde Hurgada","twitter_description":"3 D\u00edas El Cairo y Oasis de Bahariya desde Hurgada. Descubre las Pir\u00e1mides y haz un safari por el Desierto Blanco. \u00a1Aventura y cultura!","twitter_misc":{"Precio":"&euro;490","Disponibilidad":"Disponible"},"schema":{"@context":"https:\/\/schema.org","@graph":[{"@type":"WebPage","@id":"https:\/\/egytourpackages.com\/es\/tours\/3-dias-el-cairo-y-oasis-de-bahariya-desde-hurgada\/","url":"https:\/\/egytourpackages.com\/es\/tours\/3-dias-el-cairo-y-oasis-de-bahariya-desde-hurgada\/","name":"3 D\u00edas El Cairo y Oasis de Bahariya desde Hurgada","isPartOf":{"@id":"https:\/\/egytourpackages.com\/es\/#website"},"primaryImageOfPage":{"@id":"https:\/\/egytourpackages.com\/es\/tours\/3-dias-el-cairo-y-oasis-de-bahariya-desde-hurgada\/#primaryimage"},"image":{"@id":"https:\/\/egytourpackages.com\/es\/tours\/3-dias-el-cairo-y-oasis-de-bahariya-desde-hurgada\/#primaryimage"},"thumbnailUrl":"https:\/\/egytourpackages.com\/wp-content\/uploads\/2023\/09\/Camping-site-white-desert.jpg","datePublished":"2023-09-30T17:58:24+00:00","dateModified":"2026-01-27T00:56:35+00:00","description":"3 D\u00edas El Cairo y Oasis de Bahariya desde Hurgada. Descubre las Pir\u00e1mides y haz un safari por el Desierto Blanco. \u00a1Aventura y cultura!","breadcrumb":{"@id":"https:\/\/egytourpackages.com\/es\/tours\/3-dias-el-cairo-y-oasis-de-bahariya-desde-hurgada\/#breadcrumb"},"inLanguage":"es","potentialAction":[{"@type":"ReadAction","target":["https:\/\/egytourpackages.com\/es\/tours\/3-dias-el-cairo-y-oasis-de-bahariya-desde-hurgada\/"]}]},{"@type":"ImageObject","inLanguage":"es","@id":"https:\/\/egytourpackages.com\/es\/tours\/3-dias-el-cairo-y-oasis-de-bahariya-desde-hurgada\/#primaryimage","url":"https:\/\/egytourpackages.com\/wp-content\/uploads\/2023\/09\/Camping-site-white-desert.jpg","contentUrl":"https:\/\/egytourpackages.com\/wp-content\/uploads\/2023\/09\/Camping-site-white-desert.jpg","width":2000,"height":1500,"caption":"3 D\u00edas El Cairo y Oasis de Bahariya desde Hurgada"},{"@type":"BreadcrumbList","@id":"https:\/\/egytourpackages.com\/es\/tours\/3-dias-el-cairo-y-oasis-de-bahariya-desde-hurgada\/#breadcrumb","itemListElement":[{"@type":"ListItem","position":1,"name":"Home","item":"https:\/\/egytourpackages.com\/es\/paquetes-de-viaje-a-egipto\/"},{"@type":"ListItem","position":2,"name":"Shop","item":"https:\/\/egytourpackages.com\/shop\/"},{"@type":"ListItem","position":3,"name":"3 D\u00edas El Cairo y Oasis de Bahariya desde Hurgada"}]},{"@type":"WebSite","@id":"https:\/\/egytourpackages.com\/es\/#website","url":"https:\/\/egytourpackages.com\/es\/","name":"Egy tour packages","description":"","publisher":{"@id":"https:\/\/egytourpackages.com\/es\/#organization"},"potentialAction":[{"@type":"SearchAction","target":{"@type":"EntryPoint","urlTemplate":"https:\/\/egytourpackages.com\/es\/?s={search_term_string}"},"query-input":{"@type":"PropertyValueSpecification","valueRequired":true,"valueName":"search_term_string"}}],"inLanguage":"es"},{"@type":["Organization","Place","TravelAgency"],"@id":"https:\/\/egytourpackages.com\/es\/#organization","name":"egypt tour packages","alternateName":"egypt tour packages","url":"https:\/\/egytourpackages.com\/es\/","logo":{"@id":"https:\/\/egytourpackages.com\/es\/tours\/3-dias-el-cairo-y-oasis-de-bahariya-desde-hurgada\/#local-main-organization-logo"},"image":{"@id":"https:\/\/egytourpackages.com\/es\/tours\/3-dias-el-cairo-y-oasis-de-bahariya-desde-hurgada\/#local-main-organization-logo"},"sameAs":["https:\/\/www.facebook.com\/egytourpackages"],"legalName":"Egy tour packages","address":{"@id":"https:\/\/egytourpackages.com\/es\/tours\/3-dias-el-cairo-y-oasis-de-bahariya-desde-hurgada\/#local-main-place-address"},"telephone":["00201000852186","00201028685533"],"contactPoint":{"@type":"ContactPoint","telephone":"00201000852186"},"openingHoursSpecification":[{"@type":"OpeningHoursSpecification","dayOfWeek":["Monday","Tuesday","Wednesday","Thursday","Friday","Saturday","Sunday"],"opens":"00:00","closes":"23:59"}],"email":"info@egytourpackages.com","areaServed":"Cairo, Hurghada, Luxor, Sharm El Sheikh, Marsa Alam, Aswan","priceRange":"$","currenciesAccepted":"euro","paymentAccepted":"Payment links online"},{"@type":"PostalAddress","@id":"https:\/\/egytourpackages.com\/es\/tours\/3-dias-el-cairo-y-oasis-de-bahariya-desde-hurgada\/#local-main-place-address","streetAddress":"Mubarak 8, Al Kawthar District, Hurghada","addressLocality":"Hurghada","postalCode":"84511","addressRegion":"Red Sea","addressCountry":"EG"},{"@type":"ImageObject","inLanguage":"es","@id":"https:\/\/egytourpackages.com\/es\/tours\/3-dias-el-cairo-y-oasis-de-bahariya-desde-hurgada\/#local-main-organization-logo","url":"https:\/\/egytourpackages.com\/wp-content\/uploads\/2025\/12\/Turquoise-Dahabiya-Nile-Cruise-1.jpeg","contentUrl":"https:\/\/egytourpackages.com\/wp-content\/uploads\/2025\/12\/Turquoise-Dahabiya-Nile-Cruise-1.jpeg","width":1040,"height":694,"caption":"egypt tour packages"}]},"product_brand":"Excursiones Egipto","product_price_amount":"490","product_price_currency":"EUR","og_availability":"instock","product_availability":"instock","product_retailer_item_id":"HDT05","product_condition":"new","geo.placename":"Hurghada","geo.region":"Egipto"},"_links":{"self":[{"href":"https:\/\/egytourpackages.com\/es\/wp-json\/wp\/v2\/product\/8408","targetHints":{"allow":["GET"]}}],"collection":[{"href":"https:\/\/egytourpackages.com\/es\/wp-json\/wp\/v2\/product"}],"about":[{"href":"https:\/\/egytourpackages.com\/es\/wp-json\/wp\/v2\/types\/product"}],"replies":[{"embeddable":true,"href":"https:\/\/egytourpackages.com\/es\/wp-json\/wp\/v2\/comments?post=8408"}],"wp:featuredmedia":[{"embeddable":true,"href":"https:\/\/egytourpackages.com\/es\/wp-json\/wp\/v2\/media\/8409"}],"wp:attachment":[{"href":"https:\/\/egytourpackages.com\/es\/wp-json\/wp\/v2\/media?parent=8408"}],"wp:term":[{"taxonomy":"product_brand","embeddable":true,"href":"https:\/\/egytourpackages.com\/es\/wp-json\/wp\/v2\/product_brand?post=8408"},{"taxonomy":"product_cat","embeddable":true,"href":"https:\/\/egytourpackages.com\/es\/wp-json\/wp\/v2\/product_cat?post=8408"},{"taxonomy":"product_tag","embeddable":true,"href":"https:\/\/egytourpackages.com\/es\/wp-json\/wp\/v2\/product_tag?post=8408"}],"curies":[{"name":"wp","href":"https:\/\/api.w.org\/{rel}","templated":true}]}}