{"id":8460,"date":"2023-08-29T23:30:52","date_gmt":"2023-08-29T23:30:52","guid":{"rendered":"https:\/\/egytourpackages.com\/product\/abu-simbel-desde-asuan-en-autobus\/"},"modified":"2026-01-28T20:14:25","modified_gmt":"2026-01-28T20:14:25","slug":"abu-simbel-desde-asuan-en-autobus","status":"publish","type":"product","link":"https:\/\/egytourpackages.com\/es\/tours\/abu-simbel-desde-asuan-en-autobus\/","title":{"rendered":"Abu Simbel desde Asu\u00e1n en autob\u00fas"},"content":{"rendered":"<p><span style=\"color: #ff6600;\"><strong>Abu Simbel desde Asu\u00e1n en autob\u00fas<\/strong><\/span><\/p>\n<p>Reserva tu extraordinario <strong>tour a Abu Simbel desde Asu\u00e1n en autob\u00fas<\/strong> y descubre dos de los <strong>templos antiguos<\/strong> m\u00e1s magn\u00edficos de Egipto, anidados junto al sereno <strong>Lago Nasser<\/strong>. Este <strong>tour de un d\u00eda en Asu\u00e1n<\/strong> es tu oportunidad para presenciar la grandeza de <strong>Abu Simbel<\/strong> de primera mano.<\/p>\n<p>Explorar\u00e1s el monumental <strong>Gran Templo de Rams\u00e9s II<\/strong>, instant\u00e1neamente reconocible por sus cuatro colosales estatuas del fara\u00f3n que custodian la entrada. Justo al lado, descubrir\u00e1s el elegante <strong>Templo de Nefertari<\/strong>, dedicado a la Reina Nefertari y construido con la forma distintiva de la <strong>diosa Hathor<\/strong>.<\/p>\n<p>Este <strong>tour de avistamiento en Asu\u00e1n<\/strong> no se trata solo de ver templos; es un viaje inmersivo al coraz\u00f3n de la <strong>antigua civilizaci\u00f3n egipcia<\/strong>. De hecho, aprender\u00e1s sobre <strong>Rams\u00e9s II<\/strong>, uno de los faraones m\u00e1s famosos de Egipto, y la amada <strong>Reina Nefertari<\/strong>. Ad\u00e9ntrate en la <strong>historia antigua de Egipto<\/strong> y el fascinante per\u00edodo del <strong>Nuevo Reino<\/strong> mientras te maravillas con estas maravillas arquitect\u00f3nicas. \u00a1Prep\u00e1rate para una aventura que da vida al pasado!<\/p>\n<h3><span style=\"color: #ff6600;\">Detalles del Tour<\/span><\/h3>\n<ul>\n<li>Duraci\u00f3n: 1 D\u00eda<\/li>\n<li>Ubicaci\u00f3n del Tour: Abu Simbel<\/li>\n<li>Disponibilidad del Tour: Todos los d\u00edas<\/li>\n<li>Recogida y Regreso: Tu Hotel en Asu\u00e1n \/ Crucero por el Nilo<\/li>\n<li>Tipo de Tour: Privado<\/li>\n<li><strong>Idioma: Espa\u00f1ol<\/strong><\/li>\n<li>Silla de ruedas: Accesible<\/li>\n<\/ul>\n<h3><span style=\"color: #ff6600;\">Puntos Destacados<\/span><\/h3>\n<ul>\n<li>Lago Nasser<\/li>\n<li>El Gran Templo de Abu Simbel<\/li>\n<li>Templo de Hathor<\/li>\n<\/ul>\n<h3><span style=\"color: #ff6600;\">Inclusiones<\/span><\/h3>\n<ul>\n<li>Transfer de ida y vuelta en veh\u00edculo moderno con A\/C<\/li>\n<li>Gu\u00eda egipt\u00f3logo que habla espa\u00f1ol<\/li>\n<li>Entrada a todos los lugares de inter\u00e9s<\/li>\n<\/ul>\n<h3><span style=\"color: #ff6600;\">Exclusiones <\/span><\/h3>\n<p>Propinas<\/p>\n<h3><span style=\"color: #ff6600;\">Qu\u00e9 empacar<\/span><\/h3>\n<ul>\n<li>Sombrero, gafas de sol y crema solar<\/li>\n<li>Zapatos y ropa c\u00f3modos<\/li>\n<\/ul>\n<h2><span style=\"color: #ff6600;\">Itinerario<\/span><\/h2>\n<h3><span style=\"color: #ff6600;\">Tour en autob\u00fas a Abu Simbel desde Asu\u00e1n<\/span><\/h3>\n<p>Te reunir\u00e1s con tu gu\u00eda experto en el vest\u00edbulo de tu hotel o en tu <strong>Crucero por el Nilo<\/strong>. Desde all\u00ed, te embarcar\u00e1s en un c\u00f3modo viaje en autob\u00fas de aproximadamente <strong>3.5 horas<\/strong> hacia el sur, cubriendo unos 300 km desde Asu\u00e1n hasta Abu Simbel, con una breve parada de descanso en el camino.<\/p>\n<h3><span style=\"color: #ff6600;\">Explorando los Templos de Abu Simbel<\/span><\/h3>\n<p>A tu llegada, tu <strong>tour de un d\u00eda en Asu\u00e1n a Abu Simbel<\/strong> realmente comienza. Disfrutar\u00e1s de una pintoresca <strong>caminata de 10 minutos<\/strong> a lo largo de las tranquilas orillas del <strong>Lago Nasser<\/strong>, que te llevar\u00e1 directamente al magn\u00edfico complejo de Abu Simbel. Tendr\u00e1s aproximadamente <strong>dos horas<\/strong> para explorar y maravillarte con estos dos incre\u00edbles templos en su nueva y sorprendente ubicaci\u00f3n.<\/p>\n<h3><span style=\"color: #ff6600;\">El Gran Templo de Rams\u00e9s II<\/span><\/h3>\n<p>Prep\u00e1rate para quedar asombrado por el <strong>Gran Templo de Rams\u00e9s II<\/strong>, un testimonio monumental del poder y el arte del antiguo Egipto. Este gran templo, tallado en los acantilados de arenisca, fue dedicado a los <strong>dioses Am\u00f3n, Ra-Horakhty y Ptah<\/strong>, y conmemora con orgullo la victoria de Rams\u00e9s el Grande en la <strong>Batalla de Qadesh<\/strong>. En el interior, descubrir\u00e1s cautivadoras escenas de ofrendas que representan al rey ante varios <strong>dioses y diosas egipcios antiguos<\/strong>, incluido <strong>Osiris<\/strong>.<\/p>\n<h3><span style=\"color: #ff6600;\">El Templo de Hathor y Nefertari<\/span><\/h3>\n<p>Despu\u00e9s de explorar el Gran Templo, continuar\u00e1s hacia el igualmente impresionante <strong>Templo de Hathor y Nefertari<\/strong>. Este templo m\u00e1s peque\u00f1o pero exquisitamente detallado est\u00e1 dedicado a la <strong>diosa Hathor<\/strong> y a la amada Gran Esposa Real de Rams\u00e9s II, <strong>Nefertari<\/strong>. Aqu\u00ed, admirar\u00e1s hermosas escenas de Nefertari en devoci\u00f3n ante deidades como <strong>Hathor, Seshat, Am\u00f3n<\/strong> y <strong>Ra<\/strong>.<\/p>\n<p><strong>Viaje de Regreso a Asu\u00e1n<\/strong> Al concluir tu notable <strong>tour por Egipto a Abu Simbel<\/strong>, abordar\u00e1s tu autob\u00fas para el viaje de regreso a Asu\u00e1n. Este <strong>itinerario de Egipto<\/strong> ofrece una forma completa e inolvidable de experimentar la grandeza de Abu Simbel.<\/p>\n<h3><span style=\"color: #ff6600;\">Precio Abu Simbel desde Asu\u00e1n en Autob\u00fas<\/span><\/h3>\n<ul>\n<li>Precio Adulto = 70 \u20ac<\/li>\n<li>Ni\u00f1os 0-5 a\u00f1os = gratis<\/li>\n<li>Ni\u00f1os 5-11 a\u00f1os = 50% del precio del adulto<\/li>\n<\/ul>\n<h3><span style=\"color: #ff6600;\">Reserva <\/span><\/h3>\n<p>Puedes reservar tu tour a trav\u00e9s de WhatsApp o enviarnos un correo electr\u00f3nico y recibir\u00e1s la confirmaci\u00f3n al instante. Por favor, env\u00edanos el nombre de tu hotel, n\u00famero de habitaci\u00f3n y copias de tu pasaporte.<\/p>\n<p>WhatsApp: +201000852186<\/p>\n<p>info@egytourpackages.com<\/p>\n<h3><span style=\"color: #ff6600;\">Reserva Ahora y Paga en el lugar<\/span><\/h3>\n<p>Reserva tu tour favorito y paga el d\u00eda del viaje.<\/p>\n<h3><span style=\"color: #ff6600;\">Pago <\/span><\/h3>\n<p>Puedes pagar en libras egipcias, $, \u20ac o \u00a3.<\/p>\n<h3><span style=\"color: #ff6600;\">Pol\u00edtica de Cancelaci\u00f3n<\/span><\/h3>\n<ul>\n<li>La cancelaci\u00f3n es gratuita hasta 24 horas antes<\/li>\n<li>La cancelaci\u00f3n por la ma\u00f1ana es del 50% del precio<\/li>\n<\/ul>\n","protected":false},"excerpt":{"rendered":"<p>Abu Simbel desde Asu\u00e1n en autob\u00fas: Excursi\u00f3n de un d\u00eda a los Templos de Rams\u00e9s II en autob\u00fas con aire acondicionado. Tour compartido o privado disponible.<\/p>\n","protected":false},"featured_media":8461,"comment_status":"open","ping_status":"closed","template":"","meta":[],"product_brand":[],"product_cat":[3128],"product_tag":[3269,3188,3260],"class_list":{"0":"post-8460","1":"product","2":"type-product","3":"status-publish","4":"has-post-thumbnail","6":"product_cat-tours","7":"product_tag-excursiones-de-un-dia-a-asuan","8":"product_tag-excursiones-egipto","9":"product_tag-visita-al-templo-de-abu-simbel","10":"tour_category-excursiones-egipto-es","11":"tour_category-excursiones-en-asuan-es","13":"first","14":"instock","15":"sale","16":"shipping-taxable","17":"purchasable","18":"product-type-tour","19":"has-default-attributes"},"yoast_head":"<!-- This site is optimized with the Yoast SEO Premium plugin v27.2 (Yoast SEO v27.2) - https:\/\/yoast.com\/product\/yoast-seo-premium-wordpress\/ -->\n<title>Abu Simbel desde Asu\u00e1n en autob\u00fas: Excursiones en Asu\u00e1n<\/title>\n<meta name=\"description\" content=\"Abu Simbel desde Asu\u00e1n en autob\u00fas: Excursi\u00f3n de un d\u00eda a los Templos de Rams\u00e9s II en autob\u00fas con aire acondicionado. Tour compartido o privado disponible.\" \/>\n<meta name=\"robots\" content=\"index, follow, max-snippet:-1, max-image-preview:large, max-video-preview:-1\" \/>\n<link rel=\"canonical\" href=\"https:\/\/egytourpackages.com\/es\/tours\/abu-simbel-desde-asuan-en-autobus\/\" \/>\n<meta property=\"og:locale\" content=\"es_ES\" \/>\n<meta property=\"og:type\" content=\"article\" \/>\n<meta property=\"og:title\" content=\"Abu Simbel desde Asu\u00e1n en autob\u00fas\" \/>\n<meta property=\"og:description\" content=\"Abu Simbel desde Asu\u00e1n en autob\u00fas: Excursi\u00f3n de un d\u00eda a los Templos de Rams\u00e9s II en autob\u00fas con aire acondicionado. Tour compartido o privado disponible.\" \/>\n<meta property=\"og:url\" content=\"https:\/\/egytourpackages.com\/es\/tours\/abu-simbel-desde-asuan-en-autobus\/\" \/>\n<meta property=\"og:site_name\" content=\"Egypt Tour Packages\" \/>\n<meta property=\"article:publisher\" content=\"https:\/\/www.facebook.com\/egytourpackages\" \/>\n<meta property=\"article:modified_time\" content=\"2026-01-28T20:14:25+00:00\" \/>\n<meta property=\"og:image\" content=\"https:\/\/egytourpackages.com\/wp-content\/uploads\/2023\/08\/Abu-Simbel-from-Aswan-1024x682.jpg\" \/>\n<meta name=\"twitter:card\" content=\"summary_large_image\" \/>\n<meta name=\"twitter:title\" content=\"Abu Simbel desde Asu\u00e1n en autob\u00fas\" \/>\n<meta name=\"twitter:description\" content=\"Abu Simbel desde Asu\u00e1n en autob\u00fas: Excursi\u00f3n de un d\u00eda a los Templos de Rams\u00e9s II en autob\u00fas con aire acondicionado. Tour compartido o privado disponible.\" \/>\n<meta name=\"twitter:image\" content=\"https:\/\/egytourpackages.com\/wp-content\/uploads\/2023\/08\/Abu-Simbel-from-Aswan-1024x682.jpg\" \/>\n<meta name=\"twitter:label1\" content=\"Precio\" \/>\n\t<meta name=\"twitter:data1\" content=\"&euro;0\" \/>\n\t<meta name=\"twitter:label2\" content=\"Disponibilidad\" \/>\n\t<meta name=\"twitter:data2\" content=\"Disponible\" \/>\n<script type=\"application\/ld+json\" class=\"yoast-schema-graph\">{\"@context\":\"https:\/\/schema.org\",\"@graph\":[{\"@type\":\"WebPage\",\"@id\":\"https:\/\/egytourpackages.com\/es\/tours\/abu-simbel-desde-asuan-en-autobus\/\",\"url\":\"https:\/\/egytourpackages.com\/es\/tours\/abu-simbel-desde-asuan-en-autobus\/\",\"name\":\"Abu Simbel desde Asu\u00e1n en autob\u00fas: Excursiones en Asu\u00e1n\",\"isPartOf\":{\"@id\":\"https:\/\/egytourpackages.com\/es\/#website\"},\"primaryImageOfPage\":{\"@id\":\"https:\/\/egytourpackages.com\/es\/tours\/abu-simbel-desde-asuan-en-autobus\/#primaryimage\"},\"image\":{\"@id\":\"https:\/\/egytourpackages.com\/es\/tours\/abu-simbel-desde-asuan-en-autobus\/#primaryimage\"},\"thumbnailUrl\":\"https:\/\/egytourpackages.com\/wp-content\/uploads\/2023\/08\/Abu-Simbel-from-Aswan.jpg\",\"datePublished\":\"2023-08-29T23:30:52+00:00\",\"dateModified\":\"2026-01-28T20:14:25+00:00\",\"description\":\"Abu Simbel desde Asu\u00e1n en autob\u00fas: Excursi\u00f3n de un d\u00eda a los Templos de Rams\u00e9s II en autob\u00fas con aire acondicionado. Tour compartido o privado disponible.\",\"breadcrumb\":{\"@id\":\"https:\/\/egytourpackages.com\/es\/tours\/abu-simbel-desde-asuan-en-autobus\/#breadcrumb\"},\"inLanguage\":\"es\",\"potentialAction\":[{\"@type\":\"ReadAction\",\"target\":[\"https:\/\/egytourpackages.com\/es\/tours\/abu-simbel-desde-asuan-en-autobus\/\"]}]},{\"@type\":\"ImageObject\",\"inLanguage\":\"es\",\"@id\":\"https:\/\/egytourpackages.com\/es\/tours\/abu-simbel-desde-asuan-en-autobus\/#primaryimage\",\"url\":\"https:\/\/egytourpackages.com\/wp-content\/uploads\/2023\/08\/Abu-Simbel-from-Aswan.jpg\",\"contentUrl\":\"https:\/\/egytourpackages.com\/wp-content\/uploads\/2023\/08\/Abu-Simbel-from-Aswan.jpg\",\"width\":2000,\"height\":1333,\"caption\":\"Abu Simbel desde Asu\u00e1n en autob\u00fas\"},{\"@type\":\"BreadcrumbList\",\"@id\":\"https:\/\/egytourpackages.com\/es\/tours\/abu-simbel-desde-asuan-en-autobus\/#breadcrumb\",\"itemListElement\":[{\"@type\":\"ListItem\",\"position\":1,\"name\":\"Home\",\"item\":\"https:\/\/egytourpackages.com\/es\/paquetes-de-viaje-a-egipto\/\"},{\"@type\":\"ListItem\",\"position\":2,\"name\":\"Shop\",\"item\":\"https:\/\/egytourpackages.com\/shop\/\"},{\"@type\":\"ListItem\",\"position\":3,\"name\":\"Abu Simbel desde Asu\u00e1n en autob\u00fas\"}]},{\"@type\":\"WebSite\",\"@id\":\"https:\/\/egytourpackages.com\/es\/#website\",\"url\":\"https:\/\/egytourpackages.com\/es\/\",\"name\":\"Egy tour packages\",\"description\":\"\",\"publisher\":{\"@id\":\"https:\/\/egytourpackages.com\/es\/#organization\"},\"potentialAction\":[{\"@type\":\"SearchAction\",\"target\":{\"@type\":\"EntryPoint\",\"urlTemplate\":\"https:\/\/egytourpackages.com\/es\/?s={search_term_string}\"},\"query-input\":{\"@type\":\"PropertyValueSpecification\",\"valueRequired\":true,\"valueName\":\"search_term_string\"}}],\"inLanguage\":\"es\"},{\"@type\":[\"Organization\",\"Place\",\"TravelAgency\"],\"@id\":\"https:\/\/egytourpackages.com\/es\/#organization\",\"name\":\"egypt tour packages\",\"alternateName\":\"egypt tour packages\",\"url\":\"https:\/\/egytourpackages.com\/es\/\",\"logo\":{\"@id\":\"https:\/\/egytourpackages.com\/es\/tours\/abu-simbel-desde-asuan-en-autobus\/#local-main-organization-logo\"},\"image\":{\"@id\":\"https:\/\/egytourpackages.com\/es\/tours\/abu-simbel-desde-asuan-en-autobus\/#local-main-organization-logo\"},\"sameAs\":[\"https:\/\/www.facebook.com\/egytourpackages\"],\"legalName\":\"Egy tour packages\",\"address\":{\"@id\":\"https:\/\/egytourpackages.com\/es\/tours\/abu-simbel-desde-asuan-en-autobus\/#local-main-place-address\"},\"telephone\":[\"00201000852186\",\"00201028685533\"],\"contactPoint\":{\"@type\":\"ContactPoint\",\"telephone\":\"00201000852186\"},\"openingHoursSpecification\":[{\"@type\":\"OpeningHoursSpecification\",\"dayOfWeek\":[\"Monday\",\"Tuesday\",\"Wednesday\",\"Thursday\",\"Friday\",\"Saturday\",\"Sunday\"],\"opens\":\"00:00\",\"closes\":\"23:59\"}],\"email\":\"info@egytourpackages.com\",\"areaServed\":\"Cairo, Hurghada, Luxor, Sharm El Sheikh, Marsa Alam, Aswan\",\"priceRange\":\"$\",\"currenciesAccepted\":\"euro\",\"paymentAccepted\":\"Payment links online\"},{\"@type\":\"PostalAddress\",\"@id\":\"https:\/\/egytourpackages.com\/es\/tours\/abu-simbel-desde-asuan-en-autobus\/#local-main-place-address\",\"streetAddress\":\"Mubarak 8, Al Kawthar District, Hurghada\",\"addressLocality\":\"Hurghada\",\"postalCode\":\"84511\",\"addressRegion\":\"Red Sea\",\"addressCountry\":\"EG\"},{\"@type\":\"ImageObject\",\"inLanguage\":\"es\",\"@id\":\"https:\/\/egytourpackages.com\/es\/tours\/abu-simbel-desde-asuan-en-autobus\/#local-main-organization-logo\",\"url\":\"https:\/\/egytourpackages.com\/wp-content\/uploads\/2025\/12\/Turquoise-Dahabiya-Nile-Cruise-1.jpeg\",\"contentUrl\":\"https:\/\/egytourpackages.com\/wp-content\/uploads\/2025\/12\/Turquoise-Dahabiya-Nile-Cruise-1.jpeg\",\"width\":1040,\"height\":694,\"caption\":\"egypt tour packages\"}]}<\/script>\n<meta property=\"product:brand\" content=\"Excursiones Egipto\" \/>\n<meta property=\"product:price:amount\" content=\"0\" \/>\n<meta property=\"product:price:currency\" content=\"EUR\" \/>\n<meta property=\"og:availability\" content=\"instock\" \/>\n<meta property=\"product:availability\" content=\"instock\" \/>\n<meta property=\"product:retailer_item_id\" content=\"ADT01\" \/>\n<meta property=\"product:condition\" content=\"new\" \/>\n<meta name=\"geo.placename\" content=\"Hurghada\" \/>\n<meta name=\"geo.region\" content=\"Egipto\" \/>\n<!-- \/ Yoast SEO Premium plugin. -->","yoast_head_json":{"title":"Abu Simbel desde Asu\u00e1n en autob\u00fas: Excursiones en Asu\u00e1n","description":"Abu Simbel desde Asu\u00e1n en autob\u00fas: Excursi\u00f3n de un d\u00eda a los Templos de Rams\u00e9s II en autob\u00fas con aire acondicionado. Tour compartido o privado disponible.","robots":{"index":"index","follow":"follow","max-snippet":"max-snippet:-1","max-image-preview":"max-image-preview:large","max-video-preview":"max-video-preview:-1"},"canonical":"https:\/\/egytourpackages.com\/es\/tours\/abu-simbel-desde-asuan-en-autobus\/","og_locale":"es_ES","og_type":"article","og_title":"Abu Simbel desde Asu\u00e1n en autob\u00fas","og_description":"Abu Simbel desde Asu\u00e1n en autob\u00fas: Excursi\u00f3n de un d\u00eda a los Templos de Rams\u00e9s II en autob\u00fas con aire acondicionado. Tour compartido o privado disponible.","og_url":"https:\/\/egytourpackages.com\/es\/tours\/abu-simbel-desde-asuan-en-autobus\/","og_site_name":"Egypt Tour Packages","article_publisher":"https:\/\/www.facebook.com\/egytourpackages","article_modified_time":"2026-01-28T20:14:25+00:00","og_image":[{"url":"https:\/\/egytourpackages.com\/wp-content\/uploads\/2023\/08\/Abu-Simbel-from-Aswan-1024x682.jpg","type":"","width":"","height":""}],"twitter_card":"summary_large_image","twitter_title":"Abu Simbel desde Asu\u00e1n en autob\u00fas","twitter_description":"Abu Simbel desde Asu\u00e1n en autob\u00fas: Excursi\u00f3n de un d\u00eda a los Templos de Rams\u00e9s II en autob\u00fas con aire acondicionado. Tour compartido o privado disponible.","twitter_image":"https:\/\/egytourpackages.com\/wp-content\/uploads\/2023\/08\/Abu-Simbel-from-Aswan-1024x682.jpg","twitter_misc":{"Precio":"&euro;0","Disponibilidad":"Disponible"},"schema":{"@context":"https:\/\/schema.org","@graph":[{"@type":"WebPage","@id":"https:\/\/egytourpackages.com\/es\/tours\/abu-simbel-desde-asuan-en-autobus\/","url":"https:\/\/egytourpackages.com\/es\/tours\/abu-simbel-desde-asuan-en-autobus\/","name":"Abu Simbel desde Asu\u00e1n en autob\u00fas: Excursiones en Asu\u00e1n","isPartOf":{"@id":"https:\/\/egytourpackages.com\/es\/#website"},"primaryImageOfPage":{"@id":"https:\/\/egytourpackages.com\/es\/tours\/abu-simbel-desde-asuan-en-autobus\/#primaryimage"},"image":{"@id":"https:\/\/egytourpackages.com\/es\/tours\/abu-simbel-desde-asuan-en-autobus\/#primaryimage"},"thumbnailUrl":"https:\/\/egytourpackages.com\/wp-content\/uploads\/2023\/08\/Abu-Simbel-from-Aswan.jpg","datePublished":"2023-08-29T23:30:52+00:00","dateModified":"2026-01-28T20:14:25+00:00","description":"Abu Simbel desde Asu\u00e1n en autob\u00fas: Excursi\u00f3n de un d\u00eda a los Templos de Rams\u00e9s II en autob\u00fas con aire acondicionado. Tour compartido o privado disponible.","breadcrumb":{"@id":"https:\/\/egytourpackages.com\/es\/tours\/abu-simbel-desde-asuan-en-autobus\/#breadcrumb"},"inLanguage":"es","potentialAction":[{"@type":"ReadAction","target":["https:\/\/egytourpackages.com\/es\/tours\/abu-simbel-desde-asuan-en-autobus\/"]}]},{"@type":"ImageObject","inLanguage":"es","@id":"https:\/\/egytourpackages.com\/es\/tours\/abu-simbel-desde-asuan-en-autobus\/#primaryimage","url":"https:\/\/egytourpackages.com\/wp-content\/uploads\/2023\/08\/Abu-Simbel-from-Aswan.jpg","contentUrl":"https:\/\/egytourpackages.com\/wp-content\/uploads\/2023\/08\/Abu-Simbel-from-Aswan.jpg","width":2000,"height":1333,"caption":"Abu Simbel desde Asu\u00e1n en autob\u00fas"},{"@type":"BreadcrumbList","@id":"https:\/\/egytourpackages.com\/es\/tours\/abu-simbel-desde-asuan-en-autobus\/#breadcrumb","itemListElement":[{"@type":"ListItem","position":1,"name":"Home","item":"https:\/\/egytourpackages.com\/es\/paquetes-de-viaje-a-egipto\/"},{"@type":"ListItem","position":2,"name":"Shop","item":"https:\/\/egytourpackages.com\/shop\/"},{"@type":"ListItem","position":3,"name":"Abu Simbel desde Asu\u00e1n en autob\u00fas"}]},{"@type":"WebSite","@id":"https:\/\/egytourpackages.com\/es\/#website","url":"https:\/\/egytourpackages.com\/es\/","name":"Egy tour packages","description":"","publisher":{"@id":"https:\/\/egytourpackages.com\/es\/#organization"},"potentialAction":[{"@type":"SearchAction","target":{"@type":"EntryPoint","urlTemplate":"https:\/\/egytourpackages.com\/es\/?s={search_term_string}"},"query-input":{"@type":"PropertyValueSpecification","valueRequired":true,"valueName":"search_term_string"}}],"inLanguage":"es"},{"@type":["Organization","Place","TravelAgency"],"@id":"https:\/\/egytourpackages.com\/es\/#organization","name":"egypt tour packages","alternateName":"egypt tour packages","url":"https:\/\/egytourpackages.com\/es\/","logo":{"@id":"https:\/\/egytourpackages.com\/es\/tours\/abu-simbel-desde-asuan-en-autobus\/#local-main-organization-logo"},"image":{"@id":"https:\/\/egytourpackages.com\/es\/tours\/abu-simbel-desde-asuan-en-autobus\/#local-main-organization-logo"},"sameAs":["https:\/\/www.facebook.com\/egytourpackages"],"legalName":"Egy tour packages","address":{"@id":"https:\/\/egytourpackages.com\/es\/tours\/abu-simbel-desde-asuan-en-autobus\/#local-main-place-address"},"telephone":["00201000852186","00201028685533"],"contactPoint":{"@type":"ContactPoint","telephone":"00201000852186"},"openingHoursSpecification":[{"@type":"OpeningHoursSpecification","dayOfWeek":["Monday","Tuesday","Wednesday","Thursday","Friday","Saturday","Sunday"],"opens":"00:00","closes":"23:59"}],"email":"info@egytourpackages.com","areaServed":"Cairo, Hurghada, Luxor, Sharm El Sheikh, Marsa Alam, Aswan","priceRange":"$","currenciesAccepted":"euro","paymentAccepted":"Payment links online"},{"@type":"PostalAddress","@id":"https:\/\/egytourpackages.com\/es\/tours\/abu-simbel-desde-asuan-en-autobus\/#local-main-place-address","streetAddress":"Mubarak 8, Al Kawthar District, Hurghada","addressLocality":"Hurghada","postalCode":"84511","addressRegion":"Red Sea","addressCountry":"EG"},{"@type":"ImageObject","inLanguage":"es","@id":"https:\/\/egytourpackages.com\/es\/tours\/abu-simbel-desde-asuan-en-autobus\/#local-main-organization-logo","url":"https:\/\/egytourpackages.com\/wp-content\/uploads\/2025\/12\/Turquoise-Dahabiya-Nile-Cruise-1.jpeg","contentUrl":"https:\/\/egytourpackages.com\/wp-content\/uploads\/2025\/12\/Turquoise-Dahabiya-Nile-Cruise-1.jpeg","width":1040,"height":694,"caption":"egypt tour packages"}]},"product_brand":"Excursiones Egipto","product_price_currency":"EUR","og_availability":"instock","product_availability":"instock","product_retailer_item_id":"ADT01","product_condition":"new","geo.placename":"Hurghada","geo.region":"Egipto"},"_links":{"self":[{"href":"https:\/\/egytourpackages.com\/es\/wp-json\/wp\/v2\/product\/8460","targetHints":{"allow":["GET"]}}],"collection":[{"href":"https:\/\/egytourpackages.com\/es\/wp-json\/wp\/v2\/product"}],"about":[{"href":"https:\/\/egytourpackages.com\/es\/wp-json\/wp\/v2\/types\/product"}],"replies":[{"embeddable":true,"href":"https:\/\/egytourpackages.com\/es\/wp-json\/wp\/v2\/comments?post=8460"}],"wp:featuredmedia":[{"embeddable":true,"href":"https:\/\/egytourpackages.com\/es\/wp-json\/wp\/v2\/media\/8461"}],"wp:attachment":[{"href":"https:\/\/egytourpackages.com\/es\/wp-json\/wp\/v2\/media?parent=8460"}],"wp:term":[{"taxonomy":"product_brand","embeddable":true,"href":"https:\/\/egytourpackages.com\/es\/wp-json\/wp\/v2\/product_brand?post=8460"},{"taxonomy":"product_cat","embeddable":true,"href":"https:\/\/egytourpackages.com\/es\/wp-json\/wp\/v2\/product_cat?post=8460"},{"taxonomy":"product_tag","embeddable":true,"href":"https:\/\/egytourpackages.com\/es\/wp-json\/wp\/v2\/product_tag?post=8460"}],"curies":[{"name":"wp","href":"https:\/\/api.w.org\/{rel}","templated":true}]}}