{"id":8464,"date":"2023-08-30T13:19:49","date_gmt":"2023-08-30T13:19:49","guid":{"rendered":"https:\/\/egytourpackages.com\/product\/tour-al-pueblo-nubio-en-asuan-en-barco\/"},"modified":"2026-01-09T11:45:10","modified_gmt":"2026-01-09T11:45:10","slug":"tour-al-pueblo-nubio-en-asuan-en-barco","status":"publish","type":"product","link":"https:\/\/egytourpackages.com\/es\/tours\/tour-al-pueblo-nubio-en-asuan-en-barco\/","title":{"rendered":"Tour al Pueblo Nubio en Asu\u00e1n en Barco"},"content":{"rendered":"<p><span style=\"color: #ff6600;\"><strong>Tour al Pueblo Nubio en Asu\u00e1n en Barco<\/strong><\/span><\/p>\n<p>Tu <strong>Tour al Pueblo Nubio en Asu\u00e1n en Barco<\/strong> es totalmente diferente a cualquier tour que har\u00e1s en <strong>Egipto<\/strong> con los <strong>tours por Egipto<\/strong>. De hecho, tus <strong>excursiones de un d\u00eda en Egipto<\/strong> al Pueblo Nubio son \u00fanicas, ya que tendr\u00e1s el privilegio de conocer un poco las tradiciones, historia e idioma nubios. Sus casas de piedra y barro con techos abovedados son muy singulares en Egipto, y sus para\u00edsos naturales se encuentran entre las monta\u00f1as y el <strong>R\u00edo Nilo<\/strong>.<\/p>\n<p>Tus <strong>tours de un d\u00eda en Asu\u00e1n<\/strong> al pueblo nubio te permitir\u00e1n navegar a lo largo de algunas <strong>atracciones de Asu\u00e1n<\/strong> como el <strong>Jard\u00edn Bot\u00e1nico<\/strong> y las <strong>tumbas de los Nobles<\/strong> en la cima de la monta\u00f1a. Adem\u00e1s, pasar\u00e1s por el <strong>Mausoleo de Aga Khan<\/strong> y algunas de las islas protegidas.<\/p>\n<p>Finalmente, un <strong>Tour al Pueblo Nubio en Asu\u00e1n en Barco<\/strong> es un viaje obligatorio mientras est\u00e1s en Asu\u00e1n y una de las <strong>mejores cosas que hacer en Asu\u00e1n<\/strong>.<\/p>\n<h3><span style=\"color: #ff6600;\">Detalles del Tour<\/span><\/h3>\n<ul>\n<li>Duraci\u00f3n: 1\/2 D\u00eda<\/li>\n<li>Ubicaci\u00f3n del Tour: Asu\u00e1n, Gharb Sohail<\/li>\n<li>Disponibilidad del Tour: Todos los d\u00edas<\/li>\n<li>Recogida y Regreso: Tu Hotel en Asu\u00e1n \/ Crucero por el Nilo<\/li>\n<li>Tipo de Tour: Privado<\/li>\n<li><strong>Idioma: Espa\u00f1ol<\/strong><\/li>\n<li>Silla de ruedas: Accesible<\/li>\n<\/ul>\n<h3><span style=\"color: #ff6600;\">Puntos Destacados del Tour<\/span><\/h3>\n<ul>\n<li>Pueblo Nubio de Gharb Sohail<\/li>\n<li>Mercado Nubio<\/li>\n<li>Casa Local y Tatuaje de Henna<\/li>\n<\/ul>\n<h3><span style=\"color: #ff6600;\">Incluido<\/span><\/h3>\n<ul>\n<li>Transfer de ida y vuelta en lancha motora<\/li>\n<li>Gu\u00eda egipt\u00f3logo que habla espa\u00f1ol<\/li>\n<li>T\u00e9 y Hibisco<\/li>\n<\/ul>\n<h3><span style=\"color: #ff6600;\">Excluido<\/span><\/h3>\n<ul>\n<li>Tatuaje de Henna<\/li>\n<li>Propinas<\/li>\n<\/ul>\n<h3><span style=\"color: #ff6600;\">Qu\u00e9 empacar<\/span><\/h3>\n<ul>\n<li>Sombrero, gafas de sol y crema solar<\/li>\n<li>Zapatos y ropa c\u00f3modos<\/li>\n<\/ul>\n<h3><span style=\"color: #ff6600;\">Itinerario<\/span><\/h3>\n<p>El <strong>Tour al Pueblo Nubio en Asu\u00e1n en Barco<\/strong> es una tarde incre\u00edble, especialmente despu\u00e9s de visitar las atracciones de Asu\u00e1n, disfrutar del almuerzo y luego prepararse para la cultura nubia y la belleza natural de Asu\u00e1n. Tu gu\u00eda te recoger\u00e1 en el vest\u00edbulo del hotel o en el crucero por el Nilo para comenzar tus <strong>tours de un d\u00eda en Asu\u00e1n<\/strong> al pueblo nubio desde el lugar m\u00e1s cercano a tu crucero por el Nilo.<\/p>\n<p>Una vez a bordo de tu lancha motora, comenzar\u00e1s tus <strong>viajes por Egipto<\/strong> al Pueblo Nubio. Mientras navegas, disfruta del hermoso paisaje del Nilo hasta el Pueblo Nubio. Tambi\u00e9n, disfruta de algunos de los puntos destacados de Asu\u00e1n en el camino, como la <strong>Isla El Nabatat<\/strong> o <strong>Isla Kitchener<\/strong>, <strong>Qubbet el-Hawa<\/strong> o las <strong>tumbas de los Nobles<\/strong> en Asu\u00e1n, y el <strong>Mausoleo de Aga Khan<\/strong>.<\/p>\n<p>En el camino, disfruta de las coloridas paredes, casas, c\u00fapulas, y tambi\u00e9n puedes disfrutar de algunas actividades como sandboarding, senderismo por el desierto o dar un paseo en camello. Tan pronto como llegues al pueblo nubio, caminar\u00e1s con tu gu\u00eda por las incre\u00edbles calles coloridas con muchas tiendas hasta llegar a una casa nubia local para disfrutar de una bebida, ver al <strong>Cocodrilo<\/strong> y aprender sobre sus tradiciones. Si lo deseas, puedes elegir un tatuaje y las damas nubias lo har\u00e1n por ti.<\/p>\n<p>M\u00e1s tarde, si deseas algo de tiempo libre para hacer algunas compras antes de navegar de regreso a tu crucero por el Nilo u hotel en Asu\u00e1n.<\/p>\n<h3><span style=\"color: #ff6600;\">Precio Tour al Pueblo Nubio en Asu\u00e1n en Barco<\/span><\/h3>\n<ul>\n<li>Precio Adulto = 40 \u20ac<\/li>\n<li>Ni\u00f1os 0-5 a\u00f1os = gratis<\/li>\n<li>Ni\u00f1os 5-11 a\u00f1os = 50% del precio del adulto<\/li>\n<\/ul>\n<h3><span style=\"color: #ff6600;\">Reserva<\/span><\/h3>\n<p>Puedes reservar tu tour a trav\u00e9s de WhatsApp o enviarnos un correo electr\u00f3nico y recibir\u00e1s la confirmaci\u00f3n al instante. Por favor, env\u00edanos el nombre de tu hotel, n\u00famero de habitaci\u00f3n y copias de tu pasaporte.<\/p>\n<p>WhatsApp: +201000852186<\/p>\n<p>info@egytourpackages.com<\/p>\n<h3><span style=\"color: #ff6600;\">Reserva Ahora y Paga en el lugar<\/span><\/h3>\n<p>Reserva tu tour favorito y paga el d\u00eda del viaje.<\/p>\n<h3><span style=\"color: #ff6600;\">Pago<\/span><\/h3>\n<p>Puedes pagar en libras egipcias, $, \u20ac o \u00a3.<\/p>\n<h3><span style=\"color: #ff6600;\">Pol\u00edtica de Cancelaci\u00f3n<\/span><\/h3>\n<ul>\n<li>La cancelaci\u00f3n es gratuita hasta 24 horas antes<\/li>\n<li>La cancelaci\u00f3n por la ma\u00f1ana es del 50% del precio<\/li>\n<\/ul>\n","protected":false},"excerpt":{"rendered":"<p>Tour al Pueblo Nubio en Asu\u00e1n en Barco: Navega por el Nilo en lancha motora o faluca a un pueblo colorido; vive su cultura y hogar.<\/p>\n","protected":false},"featured_media":8465,"comment_status":"open","ping_status":"closed","template":"","meta":[],"product_brand":[],"product_cat":[3128],"product_tag":[3269,3270],"class_list":{"0":"post-8464","1":"product","2":"type-product","3":"status-publish","4":"has-post-thumbnail","6":"product_cat-tours","7":"product_tag-excursiones-de-un-dia-a-asuan","8":"product_tag-las-mejores-cosas-que-hacer-en-asuan","9":"tour_category-excursiones-egipto-es","10":"tour_category-excursiones-en-asuan-es","12":"first","13":"instock","14":"sale","15":"shipping-taxable","16":"purchasable","17":"product-type-tour","18":"has-default-attributes"},"yoast_head":"<!-- This site is optimized with the Yoast SEO Premium plugin v27.2 (Yoast SEO v27.2) - https:\/\/yoast.com\/product\/yoast-seo-premium-wordpress\/ -->\n<title>Tour al Pueblo Nubio en Asu\u00e1n en Barco: Excursiones en Asu\u00e1n<\/title>\n<meta name=\"description\" content=\"Tour al Pueblo Nubio en Asu\u00e1n en Barco: Navega por el Nilo en lancha motora o faluca a un pueblo colorido; vive su cultura y hogar.\" \/>\n<meta name=\"robots\" content=\"index, follow, max-snippet:-1, max-image-preview:large, max-video-preview:-1\" \/>\n<link rel=\"canonical\" href=\"https:\/\/egytourpackages.com\/es\/tours\/tour-al-pueblo-nubio-en-asuan-en-barco\/\" \/>\n<meta property=\"og:locale\" content=\"es_ES\" \/>\n<meta property=\"og:type\" content=\"article\" \/>\n<meta property=\"og:title\" content=\"Tour al Pueblo Nubio en Asu\u00e1n en Barco\" \/>\n<meta property=\"og:description\" content=\"Tour al Pueblo Nubio en Asu\u00e1n en Barco: Navega por el Nilo en lancha motora o faluca a un pueblo colorido; vive su cultura y hogar.\" \/>\n<meta property=\"og:url\" content=\"https:\/\/egytourpackages.com\/es\/tours\/tour-al-pueblo-nubio-en-asuan-en-barco\/\" \/>\n<meta property=\"og:site_name\" content=\"Egypt Tour Packages\" \/>\n<meta property=\"article:publisher\" content=\"https:\/\/www.facebook.com\/egytourpackages\" \/>\n<meta property=\"article:modified_time\" content=\"2026-01-09T11:45:10+00:00\" \/>\n<meta property=\"og:image\" content=\"https:\/\/egytourpackages.com\/wp-content\/uploads\/2023\/08\/Nubian-Village-1024x682.jpeg\" \/>\n<meta name=\"twitter:card\" content=\"summary_large_image\" \/>\n<meta name=\"twitter:title\" content=\"Tour al Pueblo Nubio en Asu\u00e1n en Barco\" \/>\n<meta name=\"twitter:description\" content=\"Tour al Pueblo Nubio en Asu\u00e1n en Barco: Navega por el Nilo en lancha motora o faluca a un pueblo colorido; vive su cultura y hogar.\" \/>\n<meta name=\"twitter:image\" content=\"https:\/\/egytourpackages.com\/wp-content\/uploads\/2023\/08\/Nubian-Village-1024x682.jpeg\" \/>\n<meta name=\"twitter:label1\" content=\"Precio\" \/>\n\t<meta name=\"twitter:data1\" content=\"&euro;40\" \/>\n\t<meta name=\"twitter:label2\" content=\"Disponibilidad\" \/>\n\t<meta name=\"twitter:data2\" content=\"Disponible\" \/>\n<script type=\"application\/ld+json\" class=\"yoast-schema-graph\">{\"@context\":\"https:\/\/schema.org\",\"@graph\":[{\"@type\":\"WebPage\",\"@id\":\"https:\/\/egytourpackages.com\/es\/tours\/tour-al-pueblo-nubio-en-asuan-en-barco\/\",\"url\":\"https:\/\/egytourpackages.com\/es\/tours\/tour-al-pueblo-nubio-en-asuan-en-barco\/\",\"name\":\"Tour al Pueblo Nubio en Asu\u00e1n en Barco: Excursiones en Asu\u00e1n\",\"isPartOf\":{\"@id\":\"https:\/\/egytourpackages.com\/es\/#website\"},\"primaryImageOfPage\":{\"@id\":\"https:\/\/egytourpackages.com\/es\/tours\/tour-al-pueblo-nubio-en-asuan-en-barco\/#primaryimage\"},\"image\":{\"@id\":\"https:\/\/egytourpackages.com\/es\/tours\/tour-al-pueblo-nubio-en-asuan-en-barco\/#primaryimage\"},\"thumbnailUrl\":\"https:\/\/egytourpackages.com\/wp-content\/uploads\/2023\/08\/Nubian-Village.jpeg\",\"datePublished\":\"2023-08-30T13:19:49+00:00\",\"dateModified\":\"2026-01-09T11:45:10+00:00\",\"description\":\"Tour al Pueblo Nubio en Asu\u00e1n en Barco: Navega por el Nilo en lancha motora o faluca a un pueblo colorido; vive su cultura y hogar.\",\"breadcrumb\":{\"@id\":\"https:\/\/egytourpackages.com\/es\/tours\/tour-al-pueblo-nubio-en-asuan-en-barco\/#breadcrumb\"},\"inLanguage\":\"es\",\"potentialAction\":[{\"@type\":\"ReadAction\",\"target\":[\"https:\/\/egytourpackages.com\/es\/tours\/tour-al-pueblo-nubio-en-asuan-en-barco\/\"]}]},{\"@type\":\"ImageObject\",\"inLanguage\":\"es\",\"@id\":\"https:\/\/egytourpackages.com\/es\/tours\/tour-al-pueblo-nubio-en-asuan-en-barco\/#primaryimage\",\"url\":\"https:\/\/egytourpackages.com\/wp-content\/uploads\/2023\/08\/Nubian-Village.jpeg\",\"contentUrl\":\"https:\/\/egytourpackages.com\/wp-content\/uploads\/2023\/08\/Nubian-Village.jpeg\",\"width\":1280,\"height\":853,\"caption\":\"Pueblo nubio\"},{\"@type\":\"BreadcrumbList\",\"@id\":\"https:\/\/egytourpackages.com\/es\/tours\/tour-al-pueblo-nubio-en-asuan-en-barco\/#breadcrumb\",\"itemListElement\":[{\"@type\":\"ListItem\",\"position\":1,\"name\":\"Home\",\"item\":\"https:\/\/egytourpackages.com\/es\/paquetes-de-viaje-a-egipto\/\"},{\"@type\":\"ListItem\",\"position\":2,\"name\":\"Shop\",\"item\":\"https:\/\/egytourpackages.com\/shop\/\"},{\"@type\":\"ListItem\",\"position\":3,\"name\":\"Tour al Pueblo Nubio en Asu\u00e1n en Barco\"}]},{\"@type\":\"WebSite\",\"@id\":\"https:\/\/egytourpackages.com\/es\/#website\",\"url\":\"https:\/\/egytourpackages.com\/es\/\",\"name\":\"Egy tour packages\",\"description\":\"\",\"publisher\":{\"@id\":\"https:\/\/egytourpackages.com\/es\/#organization\"},\"potentialAction\":[{\"@type\":\"SearchAction\",\"target\":{\"@type\":\"EntryPoint\",\"urlTemplate\":\"https:\/\/egytourpackages.com\/es\/?s={search_term_string}\"},\"query-input\":{\"@type\":\"PropertyValueSpecification\",\"valueRequired\":true,\"valueName\":\"search_term_string\"}}],\"inLanguage\":\"es\"},{\"@type\":[\"Organization\",\"Place\",\"TravelAgency\"],\"@id\":\"https:\/\/egytourpackages.com\/es\/#organization\",\"name\":\"egypt tour packages\",\"alternateName\":\"egypt tour packages\",\"url\":\"https:\/\/egytourpackages.com\/es\/\",\"logo\":{\"@id\":\"https:\/\/egytourpackages.com\/es\/tours\/tour-al-pueblo-nubio-en-asuan-en-barco\/#local-main-organization-logo\"},\"image\":{\"@id\":\"https:\/\/egytourpackages.com\/es\/tours\/tour-al-pueblo-nubio-en-asuan-en-barco\/#local-main-organization-logo\"},\"sameAs\":[\"https:\/\/www.facebook.com\/egytourpackages\"],\"legalName\":\"Egy tour packages\",\"address\":{\"@id\":\"https:\/\/egytourpackages.com\/es\/tours\/tour-al-pueblo-nubio-en-asuan-en-barco\/#local-main-place-address\"},\"telephone\":[\"00201000852186\",\"00201028685533\"],\"contactPoint\":{\"@type\":\"ContactPoint\",\"telephone\":\"00201000852186\"},\"openingHoursSpecification\":[{\"@type\":\"OpeningHoursSpecification\",\"dayOfWeek\":[\"Monday\",\"Tuesday\",\"Wednesday\",\"Thursday\",\"Friday\",\"Saturday\",\"Sunday\"],\"opens\":\"00:00\",\"closes\":\"23:59\"}],\"email\":\"info@egytourpackages.com\",\"areaServed\":\"Cairo, Hurghada, Luxor, Sharm El Sheikh, Marsa Alam, Aswan\",\"priceRange\":\"$\",\"currenciesAccepted\":\"euro\",\"paymentAccepted\":\"Payment links online\"},{\"@type\":\"PostalAddress\",\"@id\":\"https:\/\/egytourpackages.com\/es\/tours\/tour-al-pueblo-nubio-en-asuan-en-barco\/#local-main-place-address\",\"streetAddress\":\"Mubarak 8, Al Kawthar District, Hurghada\",\"addressLocality\":\"Hurghada\",\"postalCode\":\"84511\",\"addressRegion\":\"Red Sea\",\"addressCountry\":\"EG\"},{\"@type\":\"ImageObject\",\"inLanguage\":\"es\",\"@id\":\"https:\/\/egytourpackages.com\/es\/tours\/tour-al-pueblo-nubio-en-asuan-en-barco\/#local-main-organization-logo\",\"url\":\"https:\/\/egytourpackages.com\/wp-content\/uploads\/2025\/12\/Turquoise-Dahabiya-Nile-Cruise-1.jpeg\",\"contentUrl\":\"https:\/\/egytourpackages.com\/wp-content\/uploads\/2025\/12\/Turquoise-Dahabiya-Nile-Cruise-1.jpeg\",\"width\":1040,\"height\":694,\"caption\":\"egypt tour packages\"}]}<\/script>\n<meta property=\"product:brand\" content=\"Excursiones Egipto\" \/>\n<meta property=\"product:price:amount\" content=\"40\" \/>\n<meta property=\"product:price:currency\" content=\"EUR\" \/>\n<meta property=\"og:availability\" content=\"instock\" \/>\n<meta property=\"product:availability\" content=\"instock\" \/>\n<meta property=\"product:retailer_item_id\" content=\"ADT02\" \/>\n<meta property=\"product:condition\" content=\"new\" \/>\n<meta name=\"geo.placename\" content=\"Hurghada\" \/>\n<meta name=\"geo.region\" content=\"Egipto\" \/>\n<!-- \/ Yoast SEO Premium plugin. -->","yoast_head_json":{"title":"Tour al Pueblo Nubio en Asu\u00e1n en Barco: Excursiones en Asu\u00e1n","description":"Tour al Pueblo Nubio en Asu\u00e1n en Barco: Navega por el Nilo en lancha motora o faluca a un pueblo colorido; vive su cultura y hogar.","robots":{"index":"index","follow":"follow","max-snippet":"max-snippet:-1","max-image-preview":"max-image-preview:large","max-video-preview":"max-video-preview:-1"},"canonical":"https:\/\/egytourpackages.com\/es\/tours\/tour-al-pueblo-nubio-en-asuan-en-barco\/","og_locale":"es_ES","og_type":"article","og_title":"Tour al Pueblo Nubio en Asu\u00e1n en Barco","og_description":"Tour al Pueblo Nubio en Asu\u00e1n en Barco: Navega por el Nilo en lancha motora o faluca a un pueblo colorido; vive su cultura y hogar.","og_url":"https:\/\/egytourpackages.com\/es\/tours\/tour-al-pueblo-nubio-en-asuan-en-barco\/","og_site_name":"Egypt Tour Packages","article_publisher":"https:\/\/www.facebook.com\/egytourpackages","article_modified_time":"2026-01-09T11:45:10+00:00","og_image":[{"url":"https:\/\/egytourpackages.com\/wp-content\/uploads\/2023\/08\/Nubian-Village-1024x682.jpeg","type":"","width":"","height":""}],"twitter_card":"summary_large_image","twitter_title":"Tour al Pueblo Nubio en Asu\u00e1n en Barco","twitter_description":"Tour al Pueblo Nubio en Asu\u00e1n en Barco: Navega por el Nilo en lancha motora o faluca a un pueblo colorido; vive su cultura y hogar.","twitter_image":"https:\/\/egytourpackages.com\/wp-content\/uploads\/2023\/08\/Nubian-Village-1024x682.jpeg","twitter_misc":{"Precio":"&euro;40","Disponibilidad":"Disponible"},"schema":{"@context":"https:\/\/schema.org","@graph":[{"@type":"WebPage","@id":"https:\/\/egytourpackages.com\/es\/tours\/tour-al-pueblo-nubio-en-asuan-en-barco\/","url":"https:\/\/egytourpackages.com\/es\/tours\/tour-al-pueblo-nubio-en-asuan-en-barco\/","name":"Tour al Pueblo Nubio en Asu\u00e1n en Barco: Excursiones en Asu\u00e1n","isPartOf":{"@id":"https:\/\/egytourpackages.com\/es\/#website"},"primaryImageOfPage":{"@id":"https:\/\/egytourpackages.com\/es\/tours\/tour-al-pueblo-nubio-en-asuan-en-barco\/#primaryimage"},"image":{"@id":"https:\/\/egytourpackages.com\/es\/tours\/tour-al-pueblo-nubio-en-asuan-en-barco\/#primaryimage"},"thumbnailUrl":"https:\/\/egytourpackages.com\/wp-content\/uploads\/2023\/08\/Nubian-Village.jpeg","datePublished":"2023-08-30T13:19:49+00:00","dateModified":"2026-01-09T11:45:10+00:00","description":"Tour al Pueblo Nubio en Asu\u00e1n en Barco: Navega por el Nilo en lancha motora o faluca a un pueblo colorido; vive su cultura y hogar.","breadcrumb":{"@id":"https:\/\/egytourpackages.com\/es\/tours\/tour-al-pueblo-nubio-en-asuan-en-barco\/#breadcrumb"},"inLanguage":"es","potentialAction":[{"@type":"ReadAction","target":["https:\/\/egytourpackages.com\/es\/tours\/tour-al-pueblo-nubio-en-asuan-en-barco\/"]}]},{"@type":"ImageObject","inLanguage":"es","@id":"https:\/\/egytourpackages.com\/es\/tours\/tour-al-pueblo-nubio-en-asuan-en-barco\/#primaryimage","url":"https:\/\/egytourpackages.com\/wp-content\/uploads\/2023\/08\/Nubian-Village.jpeg","contentUrl":"https:\/\/egytourpackages.com\/wp-content\/uploads\/2023\/08\/Nubian-Village.jpeg","width":1280,"height":853,"caption":"Pueblo nubio"},{"@type":"BreadcrumbList","@id":"https:\/\/egytourpackages.com\/es\/tours\/tour-al-pueblo-nubio-en-asuan-en-barco\/#breadcrumb","itemListElement":[{"@type":"ListItem","position":1,"name":"Home","item":"https:\/\/egytourpackages.com\/es\/paquetes-de-viaje-a-egipto\/"},{"@type":"ListItem","position":2,"name":"Shop","item":"https:\/\/egytourpackages.com\/shop\/"},{"@type":"ListItem","position":3,"name":"Tour al Pueblo Nubio en Asu\u00e1n en Barco"}]},{"@type":"WebSite","@id":"https:\/\/egytourpackages.com\/es\/#website","url":"https:\/\/egytourpackages.com\/es\/","name":"Egy tour packages","description":"","publisher":{"@id":"https:\/\/egytourpackages.com\/es\/#organization"},"potentialAction":[{"@type":"SearchAction","target":{"@type":"EntryPoint","urlTemplate":"https:\/\/egytourpackages.com\/es\/?s={search_term_string}"},"query-input":{"@type":"PropertyValueSpecification","valueRequired":true,"valueName":"search_term_string"}}],"inLanguage":"es"},{"@type":["Organization","Place","TravelAgency"],"@id":"https:\/\/egytourpackages.com\/es\/#organization","name":"egypt tour packages","alternateName":"egypt tour packages","url":"https:\/\/egytourpackages.com\/es\/","logo":{"@id":"https:\/\/egytourpackages.com\/es\/tours\/tour-al-pueblo-nubio-en-asuan-en-barco\/#local-main-organization-logo"},"image":{"@id":"https:\/\/egytourpackages.com\/es\/tours\/tour-al-pueblo-nubio-en-asuan-en-barco\/#local-main-organization-logo"},"sameAs":["https:\/\/www.facebook.com\/egytourpackages"],"legalName":"Egy tour packages","address":{"@id":"https:\/\/egytourpackages.com\/es\/tours\/tour-al-pueblo-nubio-en-asuan-en-barco\/#local-main-place-address"},"telephone":["00201000852186","00201028685533"],"contactPoint":{"@type":"ContactPoint","telephone":"00201000852186"},"openingHoursSpecification":[{"@type":"OpeningHoursSpecification","dayOfWeek":["Monday","Tuesday","Wednesday","Thursday","Friday","Saturday","Sunday"],"opens":"00:00","closes":"23:59"}],"email":"info@egytourpackages.com","areaServed":"Cairo, Hurghada, Luxor, Sharm El Sheikh, Marsa Alam, Aswan","priceRange":"$","currenciesAccepted":"euro","paymentAccepted":"Payment links online"},{"@type":"PostalAddress","@id":"https:\/\/egytourpackages.com\/es\/tours\/tour-al-pueblo-nubio-en-asuan-en-barco\/#local-main-place-address","streetAddress":"Mubarak 8, Al Kawthar District, Hurghada","addressLocality":"Hurghada","postalCode":"84511","addressRegion":"Red Sea","addressCountry":"EG"},{"@type":"ImageObject","inLanguage":"es","@id":"https:\/\/egytourpackages.com\/es\/tours\/tour-al-pueblo-nubio-en-asuan-en-barco\/#local-main-organization-logo","url":"https:\/\/egytourpackages.com\/wp-content\/uploads\/2025\/12\/Turquoise-Dahabiya-Nile-Cruise-1.jpeg","contentUrl":"https:\/\/egytourpackages.com\/wp-content\/uploads\/2025\/12\/Turquoise-Dahabiya-Nile-Cruise-1.jpeg","width":1040,"height":694,"caption":"egypt tour packages"}]},"product_brand":"Excursiones Egipto","product_price_amount":"40","product_price_currency":"EUR","og_availability":"instock","product_availability":"instock","product_retailer_item_id":"ADT02","product_condition":"new","geo.placename":"Hurghada","geo.region":"Egipto"},"_links":{"self":[{"href":"https:\/\/egytourpackages.com\/es\/wp-json\/wp\/v2\/product\/8464","targetHints":{"allow":["GET"]}}],"collection":[{"href":"https:\/\/egytourpackages.com\/es\/wp-json\/wp\/v2\/product"}],"about":[{"href":"https:\/\/egytourpackages.com\/es\/wp-json\/wp\/v2\/types\/product"}],"replies":[{"embeddable":true,"href":"https:\/\/egytourpackages.com\/es\/wp-json\/wp\/v2\/comments?post=8464"}],"wp:featuredmedia":[{"embeddable":true,"href":"https:\/\/egytourpackages.com\/es\/wp-json\/wp\/v2\/media\/8465"}],"wp:attachment":[{"href":"https:\/\/egytourpackages.com\/es\/wp-json\/wp\/v2\/media?parent=8464"}],"wp:term":[{"taxonomy":"product_brand","embeddable":true,"href":"https:\/\/egytourpackages.com\/es\/wp-json\/wp\/v2\/product_brand?post=8464"},{"taxonomy":"product_cat","embeddable":true,"href":"https:\/\/egytourpackages.com\/es\/wp-json\/wp\/v2\/product_cat?post=8464"},{"taxonomy":"product_tag","embeddable":true,"href":"https:\/\/egytourpackages.com\/es\/wp-json\/wp\/v2\/product_tag?post=8464"}],"curies":[{"name":"wp","href":"https:\/\/api.w.org\/{rel}","templated":true}]}}