{"id":8470,"date":"2024-01-21T13:50:49","date_gmt":"2024-01-21T13:50:49","guid":{"rendered":"https:\/\/egytourpackages.com\/product\/paquete-de-peregrinacion-cristiana-a-egipto-de-9-dias\/"},"modified":"2026-01-08T14:20:45","modified_gmt":"2026-01-08T14:20:45","slug":"paquete-de-peregrinacion-cristiana-a-egipto-de-9-dias","status":"publish","type":"product","link":"https:\/\/egytourpackages.com\/es\/tours\/paquete-de-peregrinacion-cristiana-a-egipto-de-9-dias\/","title":{"rendered":"Paquete de Peregrinaci\u00f3n Cristiana a Egipto de 9 D\u00edas"},"content":{"rendered":"<p><span style=\"color: #ff6600;\"><strong>Paquete de Peregrinaci\u00f3n Cristiana a Egipto de 9 D\u00edas | Reserva Gratis | Reserva Instant\u00e1nea<\/strong><\/span><\/p>\n<p>Reserva tu <strong>paquete de Peregrinaci\u00f3n Cristiana a Egipto de 9 D\u00edas<\/strong> como tu camino m\u00e1gico hacia tu tour de peregrinaci\u00f3n a las <strong>atracciones del Egipto Espiritual<\/strong>. De hecho, durante tus <strong>tours por Egipto<\/strong> de 9 d\u00edas, explorar\u00e1s la <strong>antigua Civilizaci\u00f3n Egipcia<\/strong>, la <strong>historia antigua de Egipto<\/strong> y los lugares sagrados cristianos. Visitar\u00e1s algunas de las principales atracciones de Egipto como el <strong>Monasterio de Santa Catalina<\/strong>, la <strong>Presa Alta de Asu\u00e1n<\/strong>, el <strong>Templo de File<\/strong>, el <strong>Templo de Kom Ombo<\/strong> y el <strong>Templo de Edfu<\/strong> en Asu\u00e1n. Mientras que en L\u00faxor, visitar\u00e1s el <strong>Valle de los Reyes<\/strong>, el <strong>Templo de Karnak<\/strong>, el <strong>Templo de Hatshepsut<\/strong> y los <strong>Colosos de Memn\u00f3n<\/strong>.<\/p>\n<p>Adem\u00e1s, visitar\u00e1s los lugares sagrados como el <strong>Monasterio de San Antonio<\/strong>, el <strong>Monasterio de San Pablo<\/strong>, la <strong>Iglesia de la Sant\u00edsima Virgen Mar\u00eda<\/strong> y la <strong>Iglesia Ortodoxa Copta de Abanoub<\/strong> en Samanoud. Reserva este <strong>paquete de Peregrinaci\u00f3n Cristiana a Egipto<\/strong> \u00fanico y disfruta de <strong>soporte 24\/7<\/strong>, <strong>cancelaci\u00f3n gratuita<\/strong> y <strong>reserva instant\u00e1nea y gratuita<\/strong>. <strong>Cont\u00e1ctanos<\/strong> ahora para disfrutar de nuestros <strong>viajes de lujo a Egipto<\/strong> y crear tu propio tour con un <strong>viaje a Egipto a medida<\/strong> que satisfaga tus deseos.<\/p>\n<h3><span style=\"color: #ff6600;\">Detalles del Tour<\/span><\/h3>\n<ul>\n<li>Duraci\u00f3n: 9 D\u00edas \/ 8 noches<\/li>\n<li>Ubicaci\u00f3n del Tour: Egipto<\/li>\n<li>Disponibilidad del Tour: Bajo petici\u00f3n<\/li>\n<li>Recogida y Regreso: Aeropuerto de El Cairo<\/li>\n<li><strong>Idioma: Espa\u00f1ol<\/strong><\/li>\n<li>Tipo de Tour: Privado o en grupo<\/li>\n<\/ul>\n<h3><span style=\"color: #ff6600;\">Puntos Destacados del Tour<\/span><\/h3>\n<ul>\n<li>Monasterio de Santa Catalina<\/li>\n<li>Presa Alta de Asu\u00e1n<\/li>\n<li>Templo de File<\/li>\n<li>Abu Simbel<\/li>\n<li>Templo de Kom Ombo<\/li>\n<li>Templo de Edfu<\/li>\n<li>Valle de los Reyes<\/li>\n<li>Templo de Hatshepsut<\/li>\n<li>Templo de Karnak<\/li>\n<li>Monasterio de San Antonio<\/li>\n<li>Monasterio de San Pablo<\/li>\n<li>Iglesia de la Sant\u00edsima Virgen Mar\u00eda<\/li>\n<li>Iglesia Ortodoxa Copta de Abanoub en Samanoud<\/li>\n<\/ul>\n<h3><span style=\"color: #ff6600;\">Qu\u00e9 empacar<\/span><\/h3>\n<ul>\n<li>Sombrero, Bufanda<\/li>\n<li>Crema solar \/ gafas de sol<\/li>\n<li>Zapatos y ropa c\u00f3modos<\/li>\n<li>Esterilla de yoga<\/li>\n<\/ul>\n<h2><span style=\"color: #ff6600;\">Itinerario<\/span><\/h2>\n<h3><span style=\"color: #ff6600;\">D\u00eda 1, El Cairo &#8211; Santa Catalina<\/span><\/h3>\n<p>Tu gu\u00eda te estar\u00e1 esperando con tu nombre en un cartel frente a la sala de llegadas en el aeropuerto de El Cairo para comenzar tu camino hacia <strong>Santa Catalina<\/strong>. Almuerzo en el camino y, a la llegada, te registrar\u00e1s en el Monasterio y pasar\u00e1s la noche.<\/p>\n<p><strong>Comidas: <\/strong>Almuerzo, Cena<\/p>\n<h3><span style=\"color: #ff6600;\">D\u00eda 2, Santa Catalina \u2013 Giza \u2013 Asu\u00e1n<\/span><\/h3>\n<p>Escalada matutina al <strong>Monte Santa Catalina<\/strong>, luego regreso para visitar el <strong>Monasterio de Santa Catalina<\/strong>, desayuno y viaje a la estaci\u00f3n de tren de Giza en El Cairo.<\/p>\n<p><strong>Comidas: <\/strong>Desayuno, Almuerzo, Cena<\/p>\n<h3><span style=\"color: #ff6600;\">D\u00eda 3, Crucero por el Nilo en Asu\u00e1n<\/span><\/h3>\n<p>Desayuno a bordo del tren cama y, a la llegada, comenzar\u00e1s tus atracciones de Asu\u00e1n:<\/p>\n<ul>\n<li><strong>Presa Alta de Asu\u00e1n<\/strong><\/li>\n<li><strong>Templo de File<\/strong><\/li>\n<\/ul>\n<p>Luego ser\u00e1s llevado para registrarte en tu Crucero por el Nilo para las pr\u00f3ximas 3 noches. Disfruta de tu almuerzo a bordo del Crucero por el Nilo y tiempo libre hasta la cena.<\/p>\n<p><strong>Comidas: <\/strong>Desayuno, Almuerzo, Cena<\/p>\n<h3><span style=\"color: #ff6600;\">D\u00eda 4, Crucero por el Nilo<\/span><\/h3>\n<p>Ma\u00f1ana libre a tu aire o tour opcional a:<\/p>\n<ul>\n<li><strong>Templos de Abu Simbel<\/strong><\/li>\n<\/ul>\n<p>Almuerzo a bordo del Crucero por el Nilo y luego navegaci\u00f3n hacia el Templo de Kom Ombo. Visita:<\/p>\n<ul>\n<li><strong>Templo de Kom Ombo<\/strong><\/li>\n<\/ul>\n<p>Luego navega hacia Edfu. Cena a bordo y noche en Edfu.<\/p>\n<p><strong>Comidas: <\/strong>Desayuno, Almuerzo, Cena<\/p>\n<h3><span style=\"color: #ff6600;\">D\u00eda 5, Crucero por el Nilo<\/span><\/h3>\n<p>Visita matutina temprana a:<\/p>\n<ul>\n<li><strong>Templo de Horus en Edfu \/ Templo de Edfu<\/strong><\/li>\n<\/ul>\n<p>Regreso para el desayuno y luego navegaci\u00f3n hacia L\u00faxor durante el resto del d\u00eda a trav\u00e9s de la Esclusa de Esna.<\/p>\n<p><strong>Comidas<\/strong>: Desayuno, Almuerzo, Cena<\/p>\n<h3><span style=\"color: #ff6600;\">D\u00eda 6, Desembarque Hurghada<\/span><\/h3>\n<p>Desayuno a bordo, luego check out y comienza la visita de d\u00eda completo a:<\/p>\n<ul>\n<li><strong>Valle de los Reyes<\/strong><\/li>\n<li><strong>Templo de Hatshepsut<\/strong><\/li>\n<li><strong>Colosos de Memn\u00f3n<\/strong><\/li>\n<li><strong>Almuerzo<\/strong><\/li>\n<li><strong>Templo de Karnak<\/strong><\/li>\n<\/ul>\n<p>Luego viaje a Hurghada para registrarte en tu hotel y tiempo libre.<\/p>\n<p><strong>Comidas: <\/strong>Desayuno, Almuerzo, Cena<\/p>\n<h3><span style=\"color: #ff6600;\">D\u00eda 7, Hurghada<\/span><\/h3>\n<p>Tiempo libre a tu aire.<\/p>\n<p><strong>Comidas: <\/strong>Desayuno, Almuerzo, Cena<\/p>\n<h3><span style=\"color: #ff6600;\">D\u00eda 8, 4 de marzo Hurghada &#8211; El Cairo<\/span><\/h3>\n<p>Disfruta de tu desayuno y luego comienza tu camino hacia los monasterios de El Zaafarana, donde visitar\u00e1s:<\/p>\n<ul>\n<li><strong>Monasterio de San Antonio<\/strong><\/li>\n<li><strong>Monasterio de San Pablo<\/strong><\/li>\n<\/ul>\n<p>Despu\u00e9s de la visita, completar\u00e1s tu camino al hotel de El Cairo para registrarte y pasar la noche.<\/p>\n<p><strong>Comidas: <\/strong>Desayuno, Almuerzo, Cena<\/p>\n<h3><span style=\"color: #ff6600;\">D\u00eda 9, Salida final<\/span><\/h3>\n<p>Desayuno en el hotel y luego viaje a Mansura para visitar:<\/p>\n<ul>\n<li><strong>Iglesia de la Sant\u00edsima Virgen Mar\u00eda<\/strong><\/li>\n<li><strong>Iglesia Ortodoxa Copta de Abanoub en Samanoud<\/strong><\/li>\n<\/ul>\n<p>Despu\u00e9s de la visita, disfruta del almuerzo en un restaurante local y luego viaje al aeropuerto de El Cairo para la salida final.<\/p>\n<p><strong>Comidas: <\/strong>Desayuno, Almuerzo, Cena<\/p>\n<h3><span style=\"color: #ff6600;\">Precio Paquete de Peregrinaci\u00f3n Cristiana a Egipto de 9 D\u00edas<\/span><\/h3>\n<ul>\n<li>Precio Adulto = 1500 \u20ac<\/li>\n<li>Ni\u00f1os 0-5 a\u00f1os = gratis<\/li>\n<li>Ni\u00f1os 5-11 a\u00f1os = 50% del precio del adulto<\/li>\n<\/ul>\n<h3><span style=\"color: #ff6600;\">Reserva<\/span><\/h3>\n<p>Puedes reservar tu tour a trav\u00e9s de WhatsApp o enviarnos un correo electr\u00f3nico y recibir\u00e1s la confirmaci\u00f3n al instante. Por favor, env\u00edanos el nombre de tu hotel, n\u00famero de habitaci\u00f3n y copias de tu pasaporte.<\/p>\n<p>WhatsApp: +201000852186<\/p>\n<p>info@egytourpackages.com<\/p>\n<h3><span style=\"color: #ff6600;\">Reserva Ahora y Paga en el lugar<\/span><\/h3>\n<p>Reserva tu tour favorito y paga el d\u00eda del viaje.<\/p>\n<h3><span style=\"color: #ff6600;\">Pago<\/span><\/h3>\n<p>Puedes pagar en libras egipcias, $, \u20ac o \u00a3.<\/p>\n<h3><span style=\"color: #ff6600;\">Pol\u00edtica de Cancelaci\u00f3n<\/span><\/h3>\n<p>La cancelaci\u00f3n es gratuita hasta dos semanas antes<\/p>\n","protected":false},"excerpt":{"rendered":"<p>Paquete de Peregrinaci\u00f3n Cristiana a Egipto de 9 D\u00edas: Sigue los Pasos de la Sagrada Familia y visita el Monte Sina\u00ed y El Cairo Copto. Tu aventura te espera<\/p>\n","protected":false},"featured_media":8471,"comment_status":"open","ping_status":"closed","template":"","meta":[],"product_brand":[],"product_cat":[3128],"product_tag":[3212,3417,3263],"class_list":{"0":"post-8470","1":"product","2":"type-product","3":"status-publish","4":"has-post-thumbnail","6":"product_cat-tours","7":"product_tag-paquetes-vacacionales-a-egipto","8":"product_tag-peregrinacion-cristiana-a-egipto","9":"product_tag-viajes-al-egipto-espiritual","10":"tour_category-paquetes-de-viaje-a-egipto-es","11":"tour_category-tours-a-egipto-de-9-dias","12":"tour_category-tours-espirituales-en-egipto-es","14":"first","15":"instock","16":"sale","17":"shipping-taxable","18":"purchasable","19":"product-type-tour","20":"has-default-attributes"},"yoast_head":"<!-- This site is optimized with the Yoast SEO Premium plugin v27.4 (Yoast SEO v27.4) - https:\/\/yoast.com\/product\/yoast-seo-premium-wordpress\/ -->\n<title>Paquete de Peregrinaci\u00f3n Cristiana a Egipto de 9 D\u00edas<\/title>\n<meta name=\"description\" content=\"Paquete de Peregrinaci\u00f3n Cristiana a Egipto de 9 D\u00edas: Sigue los Pasos de la Sagrada Familia y visita el Monte Sina\u00ed y El Cairo Copto.\" \/>\n<meta name=\"robots\" content=\"index, follow, max-snippet:-1, max-image-preview:large, max-video-preview:-1\" \/>\n<link rel=\"canonical\" href=\"https:\/\/egytourpackages.com\/es\/tours\/paquete-de-peregrinacion-cristiana-a-egipto-de-9-dias\/\" \/>\n<meta property=\"og:locale\" content=\"es_ES\" \/>\n<meta property=\"og:type\" content=\"article\" \/>\n<meta property=\"og:title\" content=\"Paquete de Peregrinaci\u00f3n Cristiana a Egipto de 9 D\u00edas\" \/>\n<meta property=\"og:description\" content=\"Paquete de Peregrinaci\u00f3n Cristiana a Egipto de 9 D\u00edas: Sigue los Pasos de la Sagrada Familia y visita el Monte Sina\u00ed y El Cairo Copto.\" \/>\n<meta property=\"og:url\" content=\"https:\/\/egytourpackages.com\/es\/tours\/paquete-de-peregrinacion-cristiana-a-egipto-de-9-dias\/\" \/>\n<meta property=\"og:site_name\" content=\"Egypt Tour Packages\" \/>\n<meta property=\"article:publisher\" content=\"https:\/\/www.facebook.com\/egytourpackages\" \/>\n<meta property=\"article:modified_time\" content=\"2026-01-08T14:20:45+00:00\" \/>\n<meta property=\"og:image\" content=\"https:\/\/egytourpackages.com\/wp-content\/uploads\/2024\/01\/Monastery-of-St-Anthony-1024x682.jpg\" \/>\n<meta name=\"twitter:card\" content=\"summary_large_image\" \/>\n<meta name=\"twitter:title\" content=\"Paquete de Peregrinaci\u00f3n Cristiana a Egipto de 9 D\u00edas\" \/>\n<meta name=\"twitter:description\" content=\"Paquete de Peregrinaci\u00f3n Cristiana a Egipto de 9 D\u00edas: Sigue los Pasos de la Sagrada Familia y visita el Monte Sina\u00ed y El Cairo Copto.\" \/>\n<meta name=\"twitter:image\" content=\"https:\/\/egytourpackages.com\/wp-content\/uploads\/2024\/01\/Monastery-of-St-Anthony-1024x682.jpg\" \/>\n<meta name=\"twitter:label1\" content=\"Precio\" \/>\n\t<meta name=\"twitter:data1\" content=\"&euro;1,250\" \/>\n\t<meta name=\"twitter:label2\" content=\"Disponibilidad\" \/>\n\t<meta name=\"twitter:data2\" content=\"Disponible\" \/>\n<script type=\"application\/ld+json\" class=\"yoast-schema-graph\">{\"@context\":\"https:\\\/\\\/schema.org\",\"@graph\":[{\"@type\":\"WebPage\",\"@id\":\"https:\\\/\\\/egytourpackages.com\\\/es\\\/tours\\\/paquete-de-peregrinacion-cristiana-a-egipto-de-9-dias\\\/\",\"url\":\"https:\\\/\\\/egytourpackages.com\\\/es\\\/tours\\\/paquete-de-peregrinacion-cristiana-a-egipto-de-9-dias\\\/\",\"name\":\"Paquete de Peregrinaci\u00f3n Cristiana a Egipto de 9 D\u00edas\",\"isPartOf\":{\"@id\":\"https:\\\/\\\/egytourpackages.com\\\/es\\\/#website\"},\"primaryImageOfPage\":{\"@id\":\"https:\\\/\\\/egytourpackages.com\\\/es\\\/tours\\\/paquete-de-peregrinacion-cristiana-a-egipto-de-9-dias\\\/#primaryimage\"},\"image\":{\"@id\":\"https:\\\/\\\/egytourpackages.com\\\/es\\\/tours\\\/paquete-de-peregrinacion-cristiana-a-egipto-de-9-dias\\\/#primaryimage\"},\"thumbnailUrl\":\"https:\\\/\\\/egytourpackages.com\\\/wp-content\\\/uploads\\\/2024\\\/01\\\/Monastery-of-St-Anthony.jpg\",\"datePublished\":\"2024-01-21T13:50:49+00:00\",\"dateModified\":\"2026-01-08T14:20:45+00:00\",\"description\":\"Paquete de Peregrinaci\u00f3n Cristiana a Egipto de 9 D\u00edas: Sigue los Pasos de la Sagrada Familia y visita el Monte Sina\u00ed y El Cairo Copto.\",\"breadcrumb\":{\"@id\":\"https:\\\/\\\/egytourpackages.com\\\/es\\\/tours\\\/paquete-de-peregrinacion-cristiana-a-egipto-de-9-dias\\\/#breadcrumb\"},\"inLanguage\":\"es\",\"potentialAction\":[{\"@type\":\"ReadAction\",\"target\":[\"https:\\\/\\\/egytourpackages.com\\\/es\\\/tours\\\/paquete-de-peregrinacion-cristiana-a-egipto-de-9-dias\\\/\"]}]},{\"@type\":\"ImageObject\",\"inLanguage\":\"es\",\"@id\":\"https:\\\/\\\/egytourpackages.com\\\/es\\\/tours\\\/paquete-de-peregrinacion-cristiana-a-egipto-de-9-dias\\\/#primaryimage\",\"url\":\"https:\\\/\\\/egytourpackages.com\\\/wp-content\\\/uploads\\\/2024\\\/01\\\/Monastery-of-St-Anthony.jpg\",\"contentUrl\":\"https:\\\/\\\/egytourpackages.com\\\/wp-content\\\/uploads\\\/2024\\\/01\\\/Monastery-of-St-Anthony.jpg\",\"width\":2000,\"height\":1333,\"caption\":\"Monasterio de San Antonio\"},{\"@type\":\"BreadcrumbList\",\"@id\":\"https:\\\/\\\/egytourpackages.com\\\/es\\\/tours\\\/paquete-de-peregrinacion-cristiana-a-egipto-de-9-dias\\\/#breadcrumb\",\"itemListElement\":[{\"@type\":\"ListItem\",\"position\":1,\"name\":\"Home\",\"item\":\"https:\\\/\\\/egytourpackages.com\\\/es\\\/paquetes-de-viaje-a-egipto\\\/\"},{\"@type\":\"ListItem\",\"position\":2,\"name\":\"Shop\",\"item\":\"https:\\\/\\\/egytourpackages.com\\\/shop\\\/\"},{\"@type\":\"ListItem\",\"position\":3,\"name\":\"Paquete de Peregrinaci\u00f3n Cristiana a Egipto de 9 D\u00edas\"}]},{\"@type\":\"WebSite\",\"@id\":\"https:\\\/\\\/egytourpackages.com\\\/es\\\/#website\",\"url\":\"https:\\\/\\\/egytourpackages.com\\\/es\\\/\",\"name\":\"Egy tour packages\",\"description\":\"\",\"publisher\":{\"@id\":\"https:\\\/\\\/egytourpackages.com\\\/es\\\/#organization\"},\"potentialAction\":[{\"@type\":\"SearchAction\",\"target\":{\"@type\":\"EntryPoint\",\"urlTemplate\":\"https:\\\/\\\/egytourpackages.com\\\/es\\\/?s={search_term_string}\"},\"query-input\":{\"@type\":\"PropertyValueSpecification\",\"valueRequired\":true,\"valueName\":\"search_term_string\"}}],\"inLanguage\":\"es\"},{\"@type\":[\"Organization\",\"Place\",\"TravelAgency\"],\"@id\":\"https:\\\/\\\/egytourpackages.com\\\/es\\\/#organization\",\"name\":\"egypt tour packages\",\"alternateName\":\"egypt tour packages\",\"url\":\"https:\\\/\\\/egytourpackages.com\\\/es\\\/\",\"logo\":{\"@id\":\"https:\\\/\\\/egytourpackages.com\\\/es\\\/tours\\\/paquete-de-peregrinacion-cristiana-a-egipto-de-9-dias\\\/#local-main-organization-logo\"},\"image\":{\"@id\":\"https:\\\/\\\/egytourpackages.com\\\/es\\\/tours\\\/paquete-de-peregrinacion-cristiana-a-egipto-de-9-dias\\\/#local-main-organization-logo\"},\"sameAs\":[\"https:\\\/\\\/www.facebook.com\\\/egytourpackages\"],\"legalName\":\"Egy tour packages\",\"address\":{\"@id\":\"https:\\\/\\\/egytourpackages.com\\\/es\\\/tours\\\/paquete-de-peregrinacion-cristiana-a-egipto-de-9-dias\\\/#local-main-place-address\"},\"telephone\":[\"00201000852186\",\"00201028685533\"],\"contactPoint\":{\"@type\":\"ContactPoint\",\"telephone\":\"00201000852186\"},\"openingHoursSpecification\":[{\"@type\":\"OpeningHoursSpecification\",\"dayOfWeek\":[\"Monday\",\"Tuesday\",\"Wednesday\",\"Thursday\",\"Friday\",\"Saturday\",\"Sunday\"],\"opens\":\"00:00\",\"closes\":\"23:59\"}],\"email\":\"info@egytourpackages.com\",\"areaServed\":\"Cairo, Hurghada, Luxor, Sharm El Sheikh, Marsa Alam, Aswan\",\"priceRange\":\"$\",\"currenciesAccepted\":\"euro\",\"paymentAccepted\":\"Payment links online\"},{\"@type\":\"PostalAddress\",\"@id\":\"https:\\\/\\\/egytourpackages.com\\\/es\\\/tours\\\/paquete-de-peregrinacion-cristiana-a-egipto-de-9-dias\\\/#local-main-place-address\",\"streetAddress\":\"Mubarak 8, Al Kawthar District, Hurghada\",\"addressLocality\":\"Hurghada\",\"postalCode\":\"84511\",\"addressRegion\":\"Red Sea\",\"addressCountry\":\"EG\"},{\"@type\":\"ImageObject\",\"inLanguage\":\"es\",\"@id\":\"https:\\\/\\\/egytourpackages.com\\\/es\\\/tours\\\/paquete-de-peregrinacion-cristiana-a-egipto-de-9-dias\\\/#local-main-organization-logo\",\"url\":\"https:\\\/\\\/egytourpackages.com\\\/wp-content\\\/uploads\\\/2025\\\/12\\\/Turquoise-Dahabiya-Nile-Cruise-1.jpeg\",\"contentUrl\":\"https:\\\/\\\/egytourpackages.com\\\/wp-content\\\/uploads\\\/2025\\\/12\\\/Turquoise-Dahabiya-Nile-Cruise-1.jpeg\",\"width\":1040,\"height\":694,\"caption\":\"egypt tour packages\"}]}<\/script>\n<meta property=\"product:brand\" content=\"Paquetes de viaje a Egipto\" \/>\n<meta property=\"product:price:amount\" content=\"1250\" \/>\n<meta property=\"product:price:currency\" content=\"EUR\" \/>\n<meta property=\"og:availability\" content=\"instock\" \/>\n<meta property=\"product:availability\" content=\"instock\" \/>\n<meta property=\"product:retailer_item_id\" content=\"EST03\" \/>\n<meta property=\"product:condition\" content=\"new\" \/>\n<meta name=\"geo.placename\" content=\"Hurghada\" \/>\n<meta name=\"geo.region\" content=\"Egipto\" \/>\n<!-- \/ Yoast SEO Premium plugin. -->","yoast_head_json":{"title":"Paquete de Peregrinaci\u00f3n Cristiana a Egipto de 9 D\u00edas","description":"Paquete de Peregrinaci\u00f3n Cristiana a Egipto de 9 D\u00edas: Sigue los Pasos de la Sagrada Familia y visita el Monte Sina\u00ed y El Cairo Copto.","robots":{"index":"index","follow":"follow","max-snippet":"max-snippet:-1","max-image-preview":"max-image-preview:large","max-video-preview":"max-video-preview:-1"},"canonical":"https:\/\/egytourpackages.com\/es\/tours\/paquete-de-peregrinacion-cristiana-a-egipto-de-9-dias\/","og_locale":"es_ES","og_type":"article","og_title":"Paquete de Peregrinaci\u00f3n Cristiana a Egipto de 9 D\u00edas","og_description":"Paquete de Peregrinaci\u00f3n Cristiana a Egipto de 9 D\u00edas: Sigue los Pasos de la Sagrada Familia y visita el Monte Sina\u00ed y El Cairo Copto.","og_url":"https:\/\/egytourpackages.com\/es\/tours\/paquete-de-peregrinacion-cristiana-a-egipto-de-9-dias\/","og_site_name":"Egypt Tour Packages","article_publisher":"https:\/\/www.facebook.com\/egytourpackages","article_modified_time":"2026-01-08T14:20:45+00:00","og_image":[{"url":"https:\/\/egytourpackages.com\/wp-content\/uploads\/2024\/01\/Monastery-of-St-Anthony-1024x682.jpg","type":"","width":"","height":""}],"twitter_card":"summary_large_image","twitter_title":"Paquete de Peregrinaci\u00f3n Cristiana a Egipto de 9 D\u00edas","twitter_description":"Paquete de Peregrinaci\u00f3n Cristiana a Egipto de 9 D\u00edas: Sigue los Pasos de la Sagrada Familia y visita el Monte Sina\u00ed y El Cairo Copto.","twitter_image":"https:\/\/egytourpackages.com\/wp-content\/uploads\/2024\/01\/Monastery-of-St-Anthony-1024x682.jpg","twitter_misc":{"Precio":"&euro;1,250","Disponibilidad":"Disponible"},"schema":{"@context":"https:\/\/schema.org","@graph":[{"@type":"WebPage","@id":"https:\/\/egytourpackages.com\/es\/tours\/paquete-de-peregrinacion-cristiana-a-egipto-de-9-dias\/","url":"https:\/\/egytourpackages.com\/es\/tours\/paquete-de-peregrinacion-cristiana-a-egipto-de-9-dias\/","name":"Paquete de Peregrinaci\u00f3n Cristiana a Egipto de 9 D\u00edas","isPartOf":{"@id":"https:\/\/egytourpackages.com\/es\/#website"},"primaryImageOfPage":{"@id":"https:\/\/egytourpackages.com\/es\/tours\/paquete-de-peregrinacion-cristiana-a-egipto-de-9-dias\/#primaryimage"},"image":{"@id":"https:\/\/egytourpackages.com\/es\/tours\/paquete-de-peregrinacion-cristiana-a-egipto-de-9-dias\/#primaryimage"},"thumbnailUrl":"https:\/\/egytourpackages.com\/wp-content\/uploads\/2024\/01\/Monastery-of-St-Anthony.jpg","datePublished":"2024-01-21T13:50:49+00:00","dateModified":"2026-01-08T14:20:45+00:00","description":"Paquete de Peregrinaci\u00f3n Cristiana a Egipto de 9 D\u00edas: Sigue los Pasos de la Sagrada Familia y visita el Monte Sina\u00ed y El Cairo Copto.","breadcrumb":{"@id":"https:\/\/egytourpackages.com\/es\/tours\/paquete-de-peregrinacion-cristiana-a-egipto-de-9-dias\/#breadcrumb"},"inLanguage":"es","potentialAction":[{"@type":"ReadAction","target":["https:\/\/egytourpackages.com\/es\/tours\/paquete-de-peregrinacion-cristiana-a-egipto-de-9-dias\/"]}]},{"@type":"ImageObject","inLanguage":"es","@id":"https:\/\/egytourpackages.com\/es\/tours\/paquete-de-peregrinacion-cristiana-a-egipto-de-9-dias\/#primaryimage","url":"https:\/\/egytourpackages.com\/wp-content\/uploads\/2024\/01\/Monastery-of-St-Anthony.jpg","contentUrl":"https:\/\/egytourpackages.com\/wp-content\/uploads\/2024\/01\/Monastery-of-St-Anthony.jpg","width":2000,"height":1333,"caption":"Monasterio de San Antonio"},{"@type":"BreadcrumbList","@id":"https:\/\/egytourpackages.com\/es\/tours\/paquete-de-peregrinacion-cristiana-a-egipto-de-9-dias\/#breadcrumb","itemListElement":[{"@type":"ListItem","position":1,"name":"Home","item":"https:\/\/egytourpackages.com\/es\/paquetes-de-viaje-a-egipto\/"},{"@type":"ListItem","position":2,"name":"Shop","item":"https:\/\/egytourpackages.com\/shop\/"},{"@type":"ListItem","position":3,"name":"Paquete de Peregrinaci\u00f3n Cristiana a Egipto de 9 D\u00edas"}]},{"@type":"WebSite","@id":"https:\/\/egytourpackages.com\/es\/#website","url":"https:\/\/egytourpackages.com\/es\/","name":"Egy tour packages","description":"","publisher":{"@id":"https:\/\/egytourpackages.com\/es\/#organization"},"potentialAction":[{"@type":"SearchAction","target":{"@type":"EntryPoint","urlTemplate":"https:\/\/egytourpackages.com\/es\/?s={search_term_string}"},"query-input":{"@type":"PropertyValueSpecification","valueRequired":true,"valueName":"search_term_string"}}],"inLanguage":"es"},{"@type":["Organization","Place","TravelAgency"],"@id":"https:\/\/egytourpackages.com\/es\/#organization","name":"egypt tour packages","alternateName":"egypt tour packages","url":"https:\/\/egytourpackages.com\/es\/","logo":{"@id":"https:\/\/egytourpackages.com\/es\/tours\/paquete-de-peregrinacion-cristiana-a-egipto-de-9-dias\/#local-main-organization-logo"},"image":{"@id":"https:\/\/egytourpackages.com\/es\/tours\/paquete-de-peregrinacion-cristiana-a-egipto-de-9-dias\/#local-main-organization-logo"},"sameAs":["https:\/\/www.facebook.com\/egytourpackages"],"legalName":"Egy tour packages","address":{"@id":"https:\/\/egytourpackages.com\/es\/tours\/paquete-de-peregrinacion-cristiana-a-egipto-de-9-dias\/#local-main-place-address"},"telephone":["00201000852186","00201028685533"],"contactPoint":{"@type":"ContactPoint","telephone":"00201000852186"},"openingHoursSpecification":[{"@type":"OpeningHoursSpecification","dayOfWeek":["Monday","Tuesday","Wednesday","Thursday","Friday","Saturday","Sunday"],"opens":"00:00","closes":"23:59"}],"email":"info@egytourpackages.com","areaServed":"Cairo, Hurghada, Luxor, Sharm El Sheikh, Marsa Alam, Aswan","priceRange":"$","currenciesAccepted":"euro","paymentAccepted":"Payment links online"},{"@type":"PostalAddress","@id":"https:\/\/egytourpackages.com\/es\/tours\/paquete-de-peregrinacion-cristiana-a-egipto-de-9-dias\/#local-main-place-address","streetAddress":"Mubarak 8, Al Kawthar District, Hurghada","addressLocality":"Hurghada","postalCode":"84511","addressRegion":"Red Sea","addressCountry":"EG"},{"@type":"ImageObject","inLanguage":"es","@id":"https:\/\/egytourpackages.com\/es\/tours\/paquete-de-peregrinacion-cristiana-a-egipto-de-9-dias\/#local-main-organization-logo","url":"https:\/\/egytourpackages.com\/wp-content\/uploads\/2025\/12\/Turquoise-Dahabiya-Nile-Cruise-1.jpeg","contentUrl":"https:\/\/egytourpackages.com\/wp-content\/uploads\/2025\/12\/Turquoise-Dahabiya-Nile-Cruise-1.jpeg","width":1040,"height":694,"caption":"egypt tour packages"}]},"product_brand":"Paquetes de viaje a Egipto","product_price_amount":"1250","product_price_currency":"EUR","og_availability":"instock","product_availability":"instock","product_retailer_item_id":"EST03","product_condition":"new","geo.placename":"Hurghada","geo.region":"Egipto"},"_links":{"self":[{"href":"https:\/\/egytourpackages.com\/es\/wp-json\/wp\/v2\/product\/8470","targetHints":{"allow":["GET"]}}],"collection":[{"href":"https:\/\/egytourpackages.com\/es\/wp-json\/wp\/v2\/product"}],"about":[{"href":"https:\/\/egytourpackages.com\/es\/wp-json\/wp\/v2\/types\/product"}],"replies":[{"embeddable":true,"href":"https:\/\/egytourpackages.com\/es\/wp-json\/wp\/v2\/comments?post=8470"}],"wp:featuredmedia":[{"embeddable":true,"href":"https:\/\/egytourpackages.com\/es\/wp-json\/wp\/v2\/media\/8471"}],"wp:attachment":[{"href":"https:\/\/egytourpackages.com\/es\/wp-json\/wp\/v2\/media?parent=8470"}],"wp:term":[{"taxonomy":"product_brand","embeddable":true,"href":"https:\/\/egytourpackages.com\/es\/wp-json\/wp\/v2\/product_brand?post=8470"},{"taxonomy":"product_cat","embeddable":true,"href":"https:\/\/egytourpackages.com\/es\/wp-json\/wp\/v2\/product_cat?post=8470"},{"taxonomy":"product_tag","embeddable":true,"href":"https:\/\/egytourpackages.com\/es\/wp-json\/wp\/v2\/product_tag?post=8470"}],"curies":[{"name":"wp","href":"https:\/\/api.w.org\/{rel}","templated":true}]}}