{"id":8671,"date":"2023-08-16T05:08:35","date_gmt":"2023-08-16T05:08:35","guid":{"rendered":"https:\/\/egytourpackages.com\/product\/safari-de-2-dias-al-desierto-blanco-y-oasis-de-bahariya-desde-el-cairo\/"},"modified":"2026-01-27T01:02:38","modified_gmt":"2026-01-27T01:02:38","slug":"safari-de-2-dias-al-desierto-blanco-y-oasis-de-bahariya-desde-el-cairo","status":"publish","type":"product","link":"https:\/\/egytourpackages.com\/es\/tours\/safari-de-2-dias-al-desierto-blanco-y-oasis-de-bahariya-desde-el-cairo\/","title":{"rendered":"Safari de 2 D\u00edas al Desierto Blanco y Oasis de Bahariya desde El Cairo"},"content":{"rendered":"<p><span style=\"color: #ff6600;\"><strong>Mejores Viajes a Egipto: Safari de 2 D\u00edas al Desierto Blanco y Oasis de Bahariya desde El Cairo<\/strong><\/span><\/p>\n<p>Comience su <strong>safari en el Desierto de Egipto<\/strong> con un <strong>traslado privado<\/strong> hacia los asombrosos paisajes del <strong>Desierto Occidental de Egipto<\/strong>. Esta <strong>aventura inolvidable en el desierto<\/strong> promete una mezcla \u00fanica de maravillas geol\u00f3gicas, actividades emocionantes y serena belleza natural, convirti\u00e9ndola en una <strong>experiencia de viaje en Egipto<\/strong> esencial para cualquier <strong>buscador de aventuras<\/strong>. De hecho, su <strong>viaje a Egipto<\/strong> comienza en el dram\u00e1tico <strong>Desierto Negro<\/strong>, una extensi\u00f3n volc\u00e1nica donde los conos volc\u00e1nicos se dispersan a lo largo de un paisaje austero y oscuro, creando un espect\u00e1culo visual verdaderamente \u00fanico.<\/p>\n<p>Despu\u00e9s, descienda al tranquilo <strong>Pueblo de El Heiz<\/strong>, un tesoro escondido que ofrece un refrescante descanso en su <strong>manantial fr\u00edo<\/strong>, un verdadero oasis en el desierto. Adem\u00e1s, continuar\u00e1 hasta la resplandeciente <strong>Monta\u00f1a de Cristal<\/strong>, un arco natural compuesto por deslumbrantes cristales de cuarzo, una maravilla geol\u00f3gica que no debe perderse.<\/p>\n<p>A medida que se adentra m\u00e1s, explore la m\u00edstica <strong>zona de Aqabat<\/strong>, conocida como el \u00abValle de los Obst\u00e1culos\u00bb, con sus intrigantes formaciones rocosas. La emoci\u00f3n aumenta a medida que encuentra vastas <strong>dunas de arena<\/strong>, perfectas para el emocionante <strong>sandboarding<\/strong> por laderas doradas \u2013 una absoluta descarga de adrenalina para los entusiastas de la aventura.<\/p>\n<p>De hecho, el punto culminante de su <strong>tour por el desierto<\/strong> es sin duda el <strong>Parque Nacional del Desierto Blanco<\/strong>. Sea testigo de la belleza et\u00e9rea tanto del <strong>Antiguo Desierto Blanco<\/strong> como del <strong>Nuevo Desierto Blanco<\/strong>, donde siglos de erosi\u00f3n e\u00f3lica han esculpido colosales <strong>formaciones de piedra<\/strong> de color blanco tiza en formas fant\u00e1sticas que se asemejan a hongos gigantes, icebergs y arte abstracto. Este <strong>safari en el Desierto de Egipto<\/strong> ofrece oportunidades fotogr\u00e1ficas incomparables y una inmersi\u00f3n en una de las maravillas naturales m\u00e1s espectaculares e intactas del mundo.<\/p>\n<h3><span style=\"color: #ff6600;\">Detalles Esenciales del Tour<\/span><\/h3>\n<ul>\n<li>Duraci\u00f3n: 2 D\u00edas 1 noche<\/li>\n<li>Ubicaci\u00f3n del Tour: Oasis de Bahariya \/ Oasis de Farafra<\/li>\n<li>Disponibilidad del Tour: Todos los d\u00edas<\/li>\n<li><strong>Idioma: Espa\u00f1ol<\/strong><\/li>\n<li>Recogida y Regreso: Hoteles de El Cairo y Giza<\/li>\n<li>Tipo de Tour: Privado<\/li>\n<\/ul>\n<h3><span style=\"color: #ff6600;\">Puntos Destacados del Safari en el Desierto Blanco<\/span><\/h3>\n<ul>\n<li>Desierto Negro<\/li>\n<li>Pueblo de El Heiz y manantial fr\u00edo<\/li>\n<li>Monta\u00f1a de Cristal<\/li>\n<li>Zona de Aqabat<\/li>\n<li>Dunas de arena y Sandboarding<\/li>\n<li>Antiguo Desierto Blanco<\/li>\n<li>Nuevo Desierto Blanco<\/li>\n<li>Diferentes formaciones de piedra<\/li>\n<\/ul>\n<h3><span style=\"color: #ff6600;\">Inclusiones<\/span><\/h3>\n<ul>\n<li>1 noche de camping en el <strong>Desierto Blanco<\/strong><\/li>\n<li>Todos los impuestos y la tarifa de camping<\/li>\n<li>Traslado desde y hacia El Cairo con veh\u00edculo moderno con A\/C<\/li>\n<li>Tour en el desierto en Toyota Land Cruiser 4&#215;4<\/li>\n<li>Almuerzo, cena, desayuno, almuerzo<\/li>\n<li><strong>Gu\u00eda del desierto que habla Espa\u00f1ol<\/strong><\/li>\n<\/ul>\n<h3><span style=\"color: #ff6600;\">Exclusiones<\/span><\/h3>\n<ul>\n<li>Propinas<\/li>\n<\/ul>\n<h3><span style=\"color: #ff6600;\">Qu\u00e9 Empacar<\/span><\/h3>\n<ul>\n<li>Traje de ba\u00f1o<\/li>\n<li>Toalla<\/li>\n<li>Protector solar y gafas de sol<\/li>\n<li>Sombrero o bufanda<\/li>\n<\/ul>\n<h3><span style=\"color: #ff6600;\">Itinerario<\/span><\/h3>\n<h3><span style=\"color: #ff6600;\">D\u00eda 1 El Cairo &#8211; Bahariya<\/span><\/h3>\n<p>Nuestro gu\u00eda lo recibir\u00e1 en la recepci\u00f3n de su hotel despu\u00e9s de disfrutar de su desayuno para comenzar su camino hacia el Oasis de Bahariya. La distancia entre El Cairo y el Oasis de Bahariya es de 360 km y se tarda alrededor de cuatro horas en coche con una pausa para el caf\u00e9 en el camino. Al llegar a Bahariya, ser\u00e1 recibido por su proveedor del desierto y comenzar\u00e1 su <strong>aventura en el desierto<\/strong> con el almuerzo en una casa local con bebidas suaves y fr\u00edas a su elecci\u00f3n.<\/p>\n<p>Comience su <strong>tour de un d\u00eda por Egipto<\/strong> al Oasis de Bahariya con el <strong>Desierto Negro<\/strong> y suba al <strong>Gebel El Marsos<\/strong> si lo desea y tome algunas fotos bonitas del \u00e1rea que lo rodea. Luego, dir\u00edjase al <strong>Valle de El Heiz<\/strong> para disfrutar de una bebida beduina t\u00edpica y nadar en el manantial fr\u00edo si lo desea. De hecho, despu\u00e9s de ducharse, estar\u00e1 fresco y listo para comenzar su aventura de safari en el desierto. Comenzar\u00e1 con la <strong>Monta\u00f1a de Cristal<\/strong> donde experimentar\u00e1 un lugar muy energ\u00e9tico rodeado de cristales de diferentes colores.<\/p>\n<p>De hecho, su pr\u00f3xima parada es un lugar incre\u00edble llamado el <strong>Valle de Aqabat<\/strong> con hermosas <strong>formaciones de piedra<\/strong>. Su conductor del desierto lo llevar\u00e1 a trav\u00e9s de un hermoso paisaje hasta las dunas de arena y podr\u00e1 disfrutar de <strong>sandboarding<\/strong> con mucha diversi\u00f3n. M\u00e1s tarde, tendr\u00e1 la oportunidad de tomar fotos muy bonitas de camino al <strong>Antiguo Desierto Blanco<\/strong>. Una vez que termine de tomar fotos del panorama del Antiguo Desierto Blanco, se dirigir\u00e1 a la zona de acampada en el <strong>Desierto Blanco<\/strong>.<\/p>\n<p>Disfrute de una bebida hasta que su hombre del desierto prepare la cena B.B.Q para usted con muchas bebidas y frutas frescas a su elecci\u00f3n. Finalmente, cuando lo desee, puede disfrutar de su tienda de campa\u00f1a con saco de dormir, colch\u00f3n, almohada y manta.<\/p>\n<h3><span style=\"color: #ff6600;\">D\u00eda 2 Desierto Blanco &#8211; Bahariya &#8211; El Cairo<\/span><\/h3>\n<p>Su hombre del desierto se despertar\u00e1 una hora antes que todos para prepararle el delicioso desayuno. Sin embargo, disfrute de su bebida favorita y d\u00e9 un peque\u00f1o paseo hasta que su conductor organice el \u00e1rea de acampada para comenzar su <strong>tour<\/strong> en el <strong>Nuevo Desierto Blanco<\/strong>. Explore la piedra del pollo, la piedra del conejo, el cono uno y mucho m\u00e1s antes de regresar a Bahariya.<\/p>\n<p>Disfrute de su almuerzo casero antes de regresar a El Cairo despu\u00e9s de experimentar una de las <strong>mejores cosas que hacer en El Cairo<\/strong>.<\/p>\n<h3><span style=\"color: #ff6600;\">Precio y Ofertas para su Safari en el Desierto Blanco de 2 D\u00edas<\/span><\/h3>\n<ul>\n<li>Precio Adulto = 150 \u20ac<\/li>\n<li>Ni\u00f1os 0-5 a\u00f1os = gratis<\/li>\n<li>Ni\u00f1os 5 -11 a\u00f1os = 50% del precio adulto<\/li>\n<\/ul>\n<h3><span style=\"color: #ff6600;\">Reserva de Tours y Pago<\/span><\/h3>\n<ul>\n<li>Puede reservar su <strong>tour<\/strong> a trav\u00e9s de WhatsApp o enviarnos un correo electr\u00f3nico y recibir\u00e1 la confirmaci\u00f3n al instante.<\/li>\n<li>Por favor, env\u00edenos el nombre de su hotel, el n\u00famero de habitaci\u00f3n y copias de su pasaporte<\/li>\n<\/ul>\n<p>WhatsApp: +201000852186<\/p>\n<p>info@egytourpackages.com<\/p>\n<h3><span style=\"color: #ff6600;\">Reserve Ahora y Pague en el lugar<\/span><\/h3>\n<p>Reserve su tour favorito y pague el d\u00eda del viaje<\/p>\n<h3><span style=\"color: #ff6600;\">Pago<\/span><\/h3>\n<p>Puede pagar en libras egipcias, $, \u20ac\u200e o \u00a3.<\/p>\n<h3><span style=\"color: #ff6600;\">Pol\u00edtica de Cancelaci\u00f3n Flexible<\/span><\/h3>\n<ul>\n<li>La cancelaci\u00f3n es gratuita hasta con 24 horas de antelaci\u00f3n<\/li>\n<li>La cancelaci\u00f3n por la ma\u00f1ana es el 50% del precio<\/li>\n<\/ul>\n","protected":false},"excerpt":{"rendered":"<p>Safari de 2 D\u00edas al Desierto Blanco y Oasis de Bahariya desde El Cairo. Aventura y acampada \u00fanica en el Desierto Blanco de Egipto. \u00a1Reserva tu tour!<\/p>\n","protected":false},"featured_media":8672,"comment_status":"open","ping_status":"closed","template":"","meta":[],"product_brand":[],"product_cat":[3128],"product_tag":[3418,3216,3379],"class_list":{"0":"post-8671","1":"product","2":"type-product","3":"status-publish","4":"has-post-thumbnail","6":"product_cat-tours","7":"product_tag-desierto-negro","8":"product_tag-excursiones-de-un-dia-en-el-cairo","9":"product_tag-safaris-por-el-desierto-de-egipto","10":"tour_category-excursiones-egipto-es","11":"tour_category-excursiones-en-el-cairo-es","13":"first","14":"instock","15":"sale","16":"shipping-taxable","17":"purchasable","18":"product-type-tour","19":"has-default-attributes"},"yoast_head":"<!-- This site is optimized with the Yoast SEO Premium plugin v27.4 (Yoast SEO v27.4) - https:\/\/yoast.com\/product\/yoast-seo-premium-wordpress\/ -->\n<title>Safari de 2 D\u00edas al Desierto Blanco y Oasis de Bahariya desde El Cairo<\/title>\n<meta name=\"description\" content=\"Safari de 2 D\u00edas al Desierto Blanco y Oasis de Bahariya desde El Cairo. Aventura y acampada \u00fanica en el Desierto Blanco de Egipto. \u00a1Reserva tu tour!\" \/>\n<meta name=\"robots\" content=\"index, follow, max-snippet:-1, max-image-preview:large, max-video-preview:-1\" \/>\n<link rel=\"canonical\" href=\"https:\/\/egytourpackages.com\/es\/tours\/safari-de-2-dias-al-desierto-blanco-y-oasis-de-bahariya-desde-el-cairo\/\" \/>\n<meta property=\"og:locale\" content=\"es_ES\" \/>\n<meta property=\"og:type\" content=\"article\" \/>\n<meta property=\"og:title\" content=\"Safari de 2 D\u00edas al Desierto Blanco y Oasis de Bahariya desde El Cairo\" \/>\n<meta property=\"og:description\" content=\"Safari de 2 D\u00edas al Desierto Blanco y Oasis de Bahariya desde El Cairo. Aventura y acampada \u00fanica en el Desierto Blanco de Egipto. \u00a1Reserva tu tour!\" \/>\n<meta property=\"og:url\" content=\"https:\/\/egytourpackages.com\/es\/tours\/safari-de-2-dias-al-desierto-blanco-y-oasis-de-bahariya-desde-el-cairo\/\" \/>\n<meta property=\"og:site_name\" content=\"Egypt Tour Packages\" \/>\n<meta property=\"article:publisher\" content=\"https:\/\/www.facebook.com\/egytourpackages\" \/>\n<meta property=\"article:modified_time\" content=\"2026-01-27T01:02:38+00:00\" \/>\n<meta property=\"og:image\" content=\"https:\/\/egytourpackages.com\/wp-content\/uploads\/2023\/08\/White-desert-and-Bahariya-Oasis-1024x682.jpg\" \/>\n<meta name=\"twitter:card\" content=\"summary_large_image\" \/>\n<meta name=\"twitter:title\" content=\"Safari de 2 D\u00edas al Desierto Blanco y Oasis de Bahariya desde El Cairo\" \/>\n<meta name=\"twitter:description\" content=\"Safari de 2 D\u00edas al Desierto Blanco y Oasis de Bahariya desde El Cairo. Aventura y acampada \u00fanica en el Desierto Blanco de Egipto. \u00a1Reserva tu tour!\" \/>\n<meta name=\"twitter:image\" content=\"https:\/\/egytourpackages.com\/wp-content\/uploads\/2023\/08\/White-desert-and-Bahariya-Oasis-1024x682.jpg\" \/>\n<meta name=\"twitter:label1\" content=\"Precio\" \/>\n\t<meta name=\"twitter:data1\" content=\"&euro;150\" \/>\n\t<meta name=\"twitter:label2\" content=\"Disponibilidad\" \/>\n\t<meta name=\"twitter:data2\" content=\"Disponible\" \/>\n<script type=\"application\/ld+json\" class=\"yoast-schema-graph\">{\"@context\":\"https:\\\/\\\/schema.org\",\"@graph\":[{\"@type\":\"WebPage\",\"@id\":\"https:\\\/\\\/egytourpackages.com\\\/es\\\/tours\\\/safari-de-2-dias-al-desierto-blanco-y-oasis-de-bahariya-desde-el-cairo\\\/\",\"url\":\"https:\\\/\\\/egytourpackages.com\\\/es\\\/tours\\\/safari-de-2-dias-al-desierto-blanco-y-oasis-de-bahariya-desde-el-cairo\\\/\",\"name\":\"Safari de 2 D\u00edas al Desierto Blanco y Oasis de Bahariya desde El Cairo\",\"isPartOf\":{\"@id\":\"https:\\\/\\\/egytourpackages.com\\\/es\\\/#website\"},\"primaryImageOfPage\":{\"@id\":\"https:\\\/\\\/egytourpackages.com\\\/es\\\/tours\\\/safari-de-2-dias-al-desierto-blanco-y-oasis-de-bahariya-desde-el-cairo\\\/#primaryimage\"},\"image\":{\"@id\":\"https:\\\/\\\/egytourpackages.com\\\/es\\\/tours\\\/safari-de-2-dias-al-desierto-blanco-y-oasis-de-bahariya-desde-el-cairo\\\/#primaryimage\"},\"thumbnailUrl\":\"https:\\\/\\\/egytourpackages.com\\\/wp-content\\\/uploads\\\/2023\\\/08\\\/White-desert-and-Bahariya-Oasis.jpg\",\"datePublished\":\"2023-08-16T05:08:35+00:00\",\"dateModified\":\"2026-01-27T01:02:38+00:00\",\"description\":\"Safari de 2 D\u00edas al Desierto Blanco y Oasis de Bahariya desde El Cairo. Aventura y acampada \u00fanica en el Desierto Blanco de Egipto. \u00a1Reserva tu tour!\",\"breadcrumb\":{\"@id\":\"https:\\\/\\\/egytourpackages.com\\\/es\\\/tours\\\/safari-de-2-dias-al-desierto-blanco-y-oasis-de-bahariya-desde-el-cairo\\\/#breadcrumb\"},\"inLanguage\":\"es\",\"potentialAction\":[{\"@type\":\"ReadAction\",\"target\":[\"https:\\\/\\\/egytourpackages.com\\\/es\\\/tours\\\/safari-de-2-dias-al-desierto-blanco-y-oasis-de-bahariya-desde-el-cairo\\\/\"]}]},{\"@type\":\"ImageObject\",\"inLanguage\":\"es\",\"@id\":\"https:\\\/\\\/egytourpackages.com\\\/es\\\/tours\\\/safari-de-2-dias-al-desierto-blanco-y-oasis-de-bahariya-desde-el-cairo\\\/#primaryimage\",\"url\":\"https:\\\/\\\/egytourpackages.com\\\/wp-content\\\/uploads\\\/2023\\\/08\\\/White-desert-and-Bahariya-Oasis.jpg\",\"contentUrl\":\"https:\\\/\\\/egytourpackages.com\\\/wp-content\\\/uploads\\\/2023\\\/08\\\/White-desert-and-Bahariya-Oasis.jpg\",\"width\":2000,\"height\":1333,\"caption\":\"Desierto blanco y oasis de Bahariya\"},{\"@type\":\"BreadcrumbList\",\"@id\":\"https:\\\/\\\/egytourpackages.com\\\/es\\\/tours\\\/safari-de-2-dias-al-desierto-blanco-y-oasis-de-bahariya-desde-el-cairo\\\/#breadcrumb\",\"itemListElement\":[{\"@type\":\"ListItem\",\"position\":1,\"name\":\"Home\",\"item\":\"https:\\\/\\\/egytourpackages.com\\\/es\\\/paquetes-de-viaje-a-egipto\\\/\"},{\"@type\":\"ListItem\",\"position\":2,\"name\":\"Shop\",\"item\":\"https:\\\/\\\/egytourpackages.com\\\/shop\\\/\"},{\"@type\":\"ListItem\",\"position\":3,\"name\":\"Safari de 2 D\u00edas al Desierto Blanco y Oasis de Bahariya desde El Cairo\"}]},{\"@type\":\"WebSite\",\"@id\":\"https:\\\/\\\/egytourpackages.com\\\/es\\\/#website\",\"url\":\"https:\\\/\\\/egytourpackages.com\\\/es\\\/\",\"name\":\"Egy tour packages\",\"description\":\"\",\"publisher\":{\"@id\":\"https:\\\/\\\/egytourpackages.com\\\/es\\\/#organization\"},\"potentialAction\":[{\"@type\":\"SearchAction\",\"target\":{\"@type\":\"EntryPoint\",\"urlTemplate\":\"https:\\\/\\\/egytourpackages.com\\\/es\\\/?s={search_term_string}\"},\"query-input\":{\"@type\":\"PropertyValueSpecification\",\"valueRequired\":true,\"valueName\":\"search_term_string\"}}],\"inLanguage\":\"es\"},{\"@type\":[\"Organization\",\"Place\",\"TravelAgency\"],\"@id\":\"https:\\\/\\\/egytourpackages.com\\\/es\\\/#organization\",\"name\":\"egypt tour packages\",\"alternateName\":\"egypt tour packages\",\"url\":\"https:\\\/\\\/egytourpackages.com\\\/es\\\/\",\"logo\":{\"@id\":\"https:\\\/\\\/egytourpackages.com\\\/es\\\/tours\\\/safari-de-2-dias-al-desierto-blanco-y-oasis-de-bahariya-desde-el-cairo\\\/#local-main-organization-logo\"},\"image\":{\"@id\":\"https:\\\/\\\/egytourpackages.com\\\/es\\\/tours\\\/safari-de-2-dias-al-desierto-blanco-y-oasis-de-bahariya-desde-el-cairo\\\/#local-main-organization-logo\"},\"sameAs\":[\"https:\\\/\\\/www.facebook.com\\\/egytourpackages\"],\"legalName\":\"Egy tour packages\",\"address\":{\"@id\":\"https:\\\/\\\/egytourpackages.com\\\/es\\\/tours\\\/safari-de-2-dias-al-desierto-blanco-y-oasis-de-bahariya-desde-el-cairo\\\/#local-main-place-address\"},\"telephone\":[\"00201000852186\",\"00201028685533\"],\"contactPoint\":{\"@type\":\"ContactPoint\",\"telephone\":\"00201000852186\"},\"openingHoursSpecification\":[{\"@type\":\"OpeningHoursSpecification\",\"dayOfWeek\":[\"Monday\",\"Tuesday\",\"Wednesday\",\"Thursday\",\"Friday\",\"Saturday\",\"Sunday\"],\"opens\":\"00:00\",\"closes\":\"23:59\"}],\"email\":\"info@egytourpackages.com\",\"areaServed\":\"Cairo, Hurghada, Luxor, Sharm El Sheikh, Marsa Alam, Aswan\",\"priceRange\":\"$\",\"currenciesAccepted\":\"euro\",\"paymentAccepted\":\"Payment links online\"},{\"@type\":\"PostalAddress\",\"@id\":\"https:\\\/\\\/egytourpackages.com\\\/es\\\/tours\\\/safari-de-2-dias-al-desierto-blanco-y-oasis-de-bahariya-desde-el-cairo\\\/#local-main-place-address\",\"streetAddress\":\"Mubarak 8, Al Kawthar District, Hurghada\",\"addressLocality\":\"Hurghada\",\"postalCode\":\"84511\",\"addressRegion\":\"Red Sea\",\"addressCountry\":\"EG\"},{\"@type\":\"ImageObject\",\"inLanguage\":\"es\",\"@id\":\"https:\\\/\\\/egytourpackages.com\\\/es\\\/tours\\\/safari-de-2-dias-al-desierto-blanco-y-oasis-de-bahariya-desde-el-cairo\\\/#local-main-organization-logo\",\"url\":\"https:\\\/\\\/egytourpackages.com\\\/wp-content\\\/uploads\\\/2025\\\/12\\\/Turquoise-Dahabiya-Nile-Cruise-1.jpeg\",\"contentUrl\":\"https:\\\/\\\/egytourpackages.com\\\/wp-content\\\/uploads\\\/2025\\\/12\\\/Turquoise-Dahabiya-Nile-Cruise-1.jpeg\",\"width\":1040,\"height\":694,\"caption\":\"egypt tour packages\"}]}<\/script>\n<meta property=\"product:brand\" content=\"Excursiones Egipto\" \/>\n<meta property=\"product:price:amount\" content=\"150\" \/>\n<meta property=\"product:price:currency\" content=\"EUR\" \/>\n<meta property=\"og:availability\" content=\"instock\" \/>\n<meta property=\"product:availability\" content=\"instock\" \/>\n<meta property=\"product:retailer_item_id\" content=\"CDT01\" \/>\n<meta property=\"product:condition\" content=\"new\" \/>\n<meta name=\"geo.placename\" content=\"Hurghada\" \/>\n<meta name=\"geo.region\" content=\"Egipto\" \/>\n<!-- \/ Yoast SEO Premium plugin. -->","yoast_head_json":{"title":"Safari de 2 D\u00edas al Desierto Blanco y Oasis de Bahariya desde El Cairo","description":"Safari de 2 D\u00edas al Desierto Blanco y Oasis de Bahariya desde El Cairo. Aventura y acampada \u00fanica en el Desierto Blanco de Egipto. \u00a1Reserva tu tour!","robots":{"index":"index","follow":"follow","max-snippet":"max-snippet:-1","max-image-preview":"max-image-preview:large","max-video-preview":"max-video-preview:-1"},"canonical":"https:\/\/egytourpackages.com\/es\/tours\/safari-de-2-dias-al-desierto-blanco-y-oasis-de-bahariya-desde-el-cairo\/","og_locale":"es_ES","og_type":"article","og_title":"Safari de 2 D\u00edas al Desierto Blanco y Oasis de Bahariya desde El Cairo","og_description":"Safari de 2 D\u00edas al Desierto Blanco y Oasis de Bahariya desde El Cairo. Aventura y acampada \u00fanica en el Desierto Blanco de Egipto. \u00a1Reserva tu tour!","og_url":"https:\/\/egytourpackages.com\/es\/tours\/safari-de-2-dias-al-desierto-blanco-y-oasis-de-bahariya-desde-el-cairo\/","og_site_name":"Egypt Tour Packages","article_publisher":"https:\/\/www.facebook.com\/egytourpackages","article_modified_time":"2026-01-27T01:02:38+00:00","og_image":[{"url":"https:\/\/egytourpackages.com\/wp-content\/uploads\/2023\/08\/White-desert-and-Bahariya-Oasis-1024x682.jpg","type":"","width":"","height":""}],"twitter_card":"summary_large_image","twitter_title":"Safari de 2 D\u00edas al Desierto Blanco y Oasis de Bahariya desde El Cairo","twitter_description":"Safari de 2 D\u00edas al Desierto Blanco y Oasis de Bahariya desde El Cairo. Aventura y acampada \u00fanica en el Desierto Blanco de Egipto. \u00a1Reserva tu tour!","twitter_image":"https:\/\/egytourpackages.com\/wp-content\/uploads\/2023\/08\/White-desert-and-Bahariya-Oasis-1024x682.jpg","twitter_misc":{"Precio":"&euro;150","Disponibilidad":"Disponible"},"schema":{"@context":"https:\/\/schema.org","@graph":[{"@type":"WebPage","@id":"https:\/\/egytourpackages.com\/es\/tours\/safari-de-2-dias-al-desierto-blanco-y-oasis-de-bahariya-desde-el-cairo\/","url":"https:\/\/egytourpackages.com\/es\/tours\/safari-de-2-dias-al-desierto-blanco-y-oasis-de-bahariya-desde-el-cairo\/","name":"Safari de 2 D\u00edas al Desierto Blanco y Oasis de Bahariya desde El Cairo","isPartOf":{"@id":"https:\/\/egytourpackages.com\/es\/#website"},"primaryImageOfPage":{"@id":"https:\/\/egytourpackages.com\/es\/tours\/safari-de-2-dias-al-desierto-blanco-y-oasis-de-bahariya-desde-el-cairo\/#primaryimage"},"image":{"@id":"https:\/\/egytourpackages.com\/es\/tours\/safari-de-2-dias-al-desierto-blanco-y-oasis-de-bahariya-desde-el-cairo\/#primaryimage"},"thumbnailUrl":"https:\/\/egytourpackages.com\/wp-content\/uploads\/2023\/08\/White-desert-and-Bahariya-Oasis.jpg","datePublished":"2023-08-16T05:08:35+00:00","dateModified":"2026-01-27T01:02:38+00:00","description":"Safari de 2 D\u00edas al Desierto Blanco y Oasis de Bahariya desde El Cairo. Aventura y acampada \u00fanica en el Desierto Blanco de Egipto. \u00a1Reserva tu tour!","breadcrumb":{"@id":"https:\/\/egytourpackages.com\/es\/tours\/safari-de-2-dias-al-desierto-blanco-y-oasis-de-bahariya-desde-el-cairo\/#breadcrumb"},"inLanguage":"es","potentialAction":[{"@type":"ReadAction","target":["https:\/\/egytourpackages.com\/es\/tours\/safari-de-2-dias-al-desierto-blanco-y-oasis-de-bahariya-desde-el-cairo\/"]}]},{"@type":"ImageObject","inLanguage":"es","@id":"https:\/\/egytourpackages.com\/es\/tours\/safari-de-2-dias-al-desierto-blanco-y-oasis-de-bahariya-desde-el-cairo\/#primaryimage","url":"https:\/\/egytourpackages.com\/wp-content\/uploads\/2023\/08\/White-desert-and-Bahariya-Oasis.jpg","contentUrl":"https:\/\/egytourpackages.com\/wp-content\/uploads\/2023\/08\/White-desert-and-Bahariya-Oasis.jpg","width":2000,"height":1333,"caption":"Desierto blanco y oasis de Bahariya"},{"@type":"BreadcrumbList","@id":"https:\/\/egytourpackages.com\/es\/tours\/safari-de-2-dias-al-desierto-blanco-y-oasis-de-bahariya-desde-el-cairo\/#breadcrumb","itemListElement":[{"@type":"ListItem","position":1,"name":"Home","item":"https:\/\/egytourpackages.com\/es\/paquetes-de-viaje-a-egipto\/"},{"@type":"ListItem","position":2,"name":"Shop","item":"https:\/\/egytourpackages.com\/shop\/"},{"@type":"ListItem","position":3,"name":"Safari de 2 D\u00edas al Desierto Blanco y Oasis de Bahariya desde El Cairo"}]},{"@type":"WebSite","@id":"https:\/\/egytourpackages.com\/es\/#website","url":"https:\/\/egytourpackages.com\/es\/","name":"Egy tour packages","description":"","publisher":{"@id":"https:\/\/egytourpackages.com\/es\/#organization"},"potentialAction":[{"@type":"SearchAction","target":{"@type":"EntryPoint","urlTemplate":"https:\/\/egytourpackages.com\/es\/?s={search_term_string}"},"query-input":{"@type":"PropertyValueSpecification","valueRequired":true,"valueName":"search_term_string"}}],"inLanguage":"es"},{"@type":["Organization","Place","TravelAgency"],"@id":"https:\/\/egytourpackages.com\/es\/#organization","name":"egypt tour packages","alternateName":"egypt tour packages","url":"https:\/\/egytourpackages.com\/es\/","logo":{"@id":"https:\/\/egytourpackages.com\/es\/tours\/safari-de-2-dias-al-desierto-blanco-y-oasis-de-bahariya-desde-el-cairo\/#local-main-organization-logo"},"image":{"@id":"https:\/\/egytourpackages.com\/es\/tours\/safari-de-2-dias-al-desierto-blanco-y-oasis-de-bahariya-desde-el-cairo\/#local-main-organization-logo"},"sameAs":["https:\/\/www.facebook.com\/egytourpackages"],"legalName":"Egy tour packages","address":{"@id":"https:\/\/egytourpackages.com\/es\/tours\/safari-de-2-dias-al-desierto-blanco-y-oasis-de-bahariya-desde-el-cairo\/#local-main-place-address"},"telephone":["00201000852186","00201028685533"],"contactPoint":{"@type":"ContactPoint","telephone":"00201000852186"},"openingHoursSpecification":[{"@type":"OpeningHoursSpecification","dayOfWeek":["Monday","Tuesday","Wednesday","Thursday","Friday","Saturday","Sunday"],"opens":"00:00","closes":"23:59"}],"email":"info@egytourpackages.com","areaServed":"Cairo, Hurghada, Luxor, Sharm El Sheikh, Marsa Alam, Aswan","priceRange":"$","currenciesAccepted":"euro","paymentAccepted":"Payment links online"},{"@type":"PostalAddress","@id":"https:\/\/egytourpackages.com\/es\/tours\/safari-de-2-dias-al-desierto-blanco-y-oasis-de-bahariya-desde-el-cairo\/#local-main-place-address","streetAddress":"Mubarak 8, Al Kawthar District, Hurghada","addressLocality":"Hurghada","postalCode":"84511","addressRegion":"Red Sea","addressCountry":"EG"},{"@type":"ImageObject","inLanguage":"es","@id":"https:\/\/egytourpackages.com\/es\/tours\/safari-de-2-dias-al-desierto-blanco-y-oasis-de-bahariya-desde-el-cairo\/#local-main-organization-logo","url":"https:\/\/egytourpackages.com\/wp-content\/uploads\/2025\/12\/Turquoise-Dahabiya-Nile-Cruise-1.jpeg","contentUrl":"https:\/\/egytourpackages.com\/wp-content\/uploads\/2025\/12\/Turquoise-Dahabiya-Nile-Cruise-1.jpeg","width":1040,"height":694,"caption":"egypt tour packages"}]},"product_brand":"Excursiones Egipto","product_price_amount":"150","product_price_currency":"EUR","og_availability":"instock","product_availability":"instock","product_retailer_item_id":"CDT01","product_condition":"new","geo.placename":"Hurghada","geo.region":"Egipto"},"_links":{"self":[{"href":"https:\/\/egytourpackages.com\/es\/wp-json\/wp\/v2\/product\/8671","targetHints":{"allow":["GET"]}}],"collection":[{"href":"https:\/\/egytourpackages.com\/es\/wp-json\/wp\/v2\/product"}],"about":[{"href":"https:\/\/egytourpackages.com\/es\/wp-json\/wp\/v2\/types\/product"}],"replies":[{"embeddable":true,"href":"https:\/\/egytourpackages.com\/es\/wp-json\/wp\/v2\/comments?post=8671"}],"wp:featuredmedia":[{"embeddable":true,"href":"https:\/\/egytourpackages.com\/es\/wp-json\/wp\/v2\/media\/8672"}],"wp:attachment":[{"href":"https:\/\/egytourpackages.com\/es\/wp-json\/wp\/v2\/media?parent=8671"}],"wp:term":[{"taxonomy":"product_brand","embeddable":true,"href":"https:\/\/egytourpackages.com\/es\/wp-json\/wp\/v2\/product_brand?post=8671"},{"taxonomy":"product_cat","embeddable":true,"href":"https:\/\/egytourpackages.com\/es\/wp-json\/wp\/v2\/product_cat?post=8671"},{"taxonomy":"product_tag","embeddable":true,"href":"https:\/\/egytourpackages.com\/es\/wp-json\/wp\/v2\/product_tag?post=8671"}],"curies":[{"name":"wp","href":"https:\/\/api.w.org\/{rel}","templated":true}]}}