{"id":8673,"date":"2023-08-16T12:26:05","date_gmt":"2023-08-16T12:26:05","guid":{"rendered":"https:\/\/egytourpackages.com\/product\/tour-de-medio-dia-a-las-piramides-de-giza-desde-el-cairo\/"},"modified":"2026-01-08T11:25:12","modified_gmt":"2026-01-08T11:25:12","slug":"tour-de-medio-dia-a-las-piramides-de-giza-desde-el-cairo","status":"publish","type":"product","link":"https:\/\/egytourpackages.com\/es\/tours\/tour-de-medio-dia-a-las-piramides-de-giza-desde-el-cairo\/","title":{"rendered":"Tour de Medio D\u00eda a las Pir\u00e1mides de Giza desde El Cairo"},"content":{"rendered":"<p><span style=\"color: #ff6600;\"><strong>Tour de Medio D\u00eda a las Pir\u00e1mides de Giza desde El Cairo y Paseo en Camello de 30 Minutos<\/strong><\/span><\/p>\n<p>Reserve un inolvidable <strong>tour de medio d\u00eda a las Pir\u00e1mides de Giza desde El Cairo<\/strong>, una de las mejores opciones para <strong>visitas tur\u00edsticas en El Cairo<\/strong> y una <strong>excursi\u00f3n de un d\u00eda en Egipto<\/strong> esencial. Este <strong>tour privado en El Cairo<\/strong> ofrece un cautivador viaje en el tiempo para explorar las maravillas del <strong>antiguo Egipto<\/strong>. Sea testigo de las ic\u00f3nicas <strong>Grandes Pir\u00e1mides de Giza<\/strong> \u2013 <strong>Khufu<\/strong> (Keops), <strong>Khafre<\/strong> (Kefren) y <strong>Menkaure<\/strong> (Micerinos) \u2013 y ad\u00e9ntrese en la fascinante historia del <strong>Reino Antiguo<\/strong>.<\/p>\n<p>Su <strong>gu\u00eda egipt\u00f3logo experto<\/strong> le explicar\u00e1 las maravillas arquitect\u00f3nicas y la importancia real de estas antiguas estructuras. M\u00e1s all\u00e1 de las pir\u00e1mides principales, este completo <strong>tour de Giza<\/strong> tambi\u00e9n incluye visitas a las <strong>Pir\u00e1mides de las Reinas<\/strong>, antiguos <strong>pozos de barcos<\/strong> y las <strong>tumbas de los constructores de las pir\u00e1mides<\/strong>.<\/p>\n<p>Experimente el paisaje des\u00e9rtico con un emocionante <strong>paseo en camello de 30 minutos<\/strong> en las <strong>Pir\u00e1mides de Giza<\/strong>, a\u00f1adiendo un toque aut\u00e9ntico a su <strong>aventura de viaje por Egipto<\/strong>. Disfrute de la comodidad de un veh\u00edculo privado, servicio personalizado y un gu\u00eda local experto durante este incre\u00edble <strong>tour de las Pir\u00e1mides desde El Cairo<\/strong>.<\/p>\n<h3><span style=\"color: #ff6600;\">Detalles Esenciales del Tour<\/span><\/h3>\n<ul>\n<li>Duraci\u00f3n: Tour de medio d\u00eda<\/li>\n<li>Ubicaci\u00f3n del Tour: Giza<\/li>\n<li><strong>Idioma: Espa\u00f1ol<\/strong><\/li>\n<li>Disponibilidad del Tour: Todos los d\u00edas<\/li>\n<li>Recogida y Devoluci\u00f3n: Hoteles de El Cairo y Giza<\/li>\n<li>Tipo de Tour: Privado<\/li>\n<\/ul>\n<h3><span style=\"color: #ff6600;\">Puntos Destacados del Tour de Giza<\/span><\/h3>\n<ul>\n<li>Pir\u00e1mide de Keops<\/li>\n<li>Pir\u00e1mide de Kefren<\/li>\n<li>Pir\u00e1mide de Micerinos<\/li>\n<li>Pir\u00e1mides de las Reinas<\/li>\n<li>Pozos de Barcos<\/li>\n<li>Tumbas de los constructores de las Pir\u00e1mides<\/li>\n<li>Panorama<\/li>\n<li>Templo del Valle<\/li>\n<li>La Gran Esfinge<\/li>\n<\/ul>\n<h3><span style=\"color: #ff6600;\">Inclusiones<\/span><\/h3>\n<ul>\n<li>Traslado de ida y vuelta con veh\u00edculo moderno con A\/C<\/li>\n<li><strong>Gu\u00eda experto que habla Espa\u00f1ol<\/strong><\/li>\n<li>Agua durante el tour<\/li>\n<li>Paseo en camello de 30 minutos en el Panorama<\/li>\n<\/ul>\n<h3><span style=\"color: #ff6600;\">Exclusiones<\/span><\/h3>\n<ul>\n<li>Propinas<\/li>\n<li>Cualquier gasto personal<\/li>\n<li>Tarifa de entrada a cualquiera de las Pir\u00e1mides<\/li>\n<\/ul>\n<h3><span style=\"color: #ff6600;\">Qu\u00e9 Empacar<\/span><\/h3>\n<ul>\n<li>Protector solar y gafas de sol<\/li>\n<li>Sombrero o bufanda<\/li>\n<\/ul>\n<h2><span style=\"color: #ff6600;\">Itinerario<\/span><\/h2>\n<p>Disfrute de su desayuno en el hotel y luego re\u00fanase con su gu\u00eda en el vest\u00edbulo del hotel para comenzar sus <strong>tours de un d\u00eda en El Cairo<\/strong> a la cima de las <strong>atracciones de Egipto<\/strong>, las <strong>Pir\u00e1mides de Giza<\/strong>. Su gu\u00eda responder\u00e1 las tres preguntas m\u00e1s importantes que cruzar\u00e1n por su mente: \u00bfC\u00f3mo se construyeron las Pir\u00e1mides? \u00bfPor qu\u00e9 se construyeron las Pir\u00e1mides? y \u00bfQui\u00e9n construy\u00f3 las Pir\u00e1mides?<\/p>\n<p>Mientras se une a su gu\u00eda para disfrutar de su <strong>tour por las Pir\u00e1mides<\/strong>, podr\u00e1 ingresar a la <strong>Gran Pir\u00e1mide de Keops<\/strong> en caso de que lo desee, con un cargo adicional. Adem\u00e1s, puede ingresar a una de las <strong>Pir\u00e1mides de las Reinas<\/strong> de forma gratuita y ver las ruinas del <strong>Templo Mortuorio de Keops<\/strong>.<\/p>\n<p>Mientras tanto, puede descubrir con su gu\u00eda la <strong>Pir\u00e1mide de Kefren<\/strong> y los ocho hoyos de la tienda de <strong>momificaci\u00f3n<\/strong> encontrados junto a su Templo Mortuorio. Aunque, puede tomar fotos muy bonitas desde el <strong>panorama<\/strong> de las tres Pir\u00e1mides alineadas, incluyendo el <strong>paseo en camello<\/strong> en el tour. Tambi\u00e9n puede acercarse a la <strong>Pir\u00e1mide de Micerinos<\/strong> con sus cubiertas de <strong>Granito de Asu\u00e1n<\/strong>.<\/p>\n<p>De hecho, terminar\u00e1 sus <strong>tours de un d\u00eda en Egipto<\/strong> a las <strong>Pir\u00e1mides de Giza<\/strong> con el <strong>Templo del Valle<\/strong> donde se realizaban los <strong>rituales de Apertura de la Boca<\/strong>. Finalmente, llegar\u00e1 a la <strong>Gran Esfinge<\/strong> y podr\u00e1 ver la <strong>Estela del Sue\u00f1o<\/strong> y saber m\u00e1s sobre la esfinge femenina descubierta posteriormente. Al salir de la Esfinge, ver\u00e1 a su mano derecha las <strong>tumbas de los constructores de las Pir\u00e1mides<\/strong>.<\/p>\n<h3><span style=\"color: #ff6600;\">Precio del Tour de Medio D\u00eda a las Pir\u00e1mides de Giza desde El Cairo<\/span><\/h3>\n<ul>\n<li>Precio Adulto = 60 \u20ac<\/li>\n<li>Ni\u00f1os 0-5 a\u00f1os = gratis<\/li>\n<li>Ni\u00f1os 5 -11 a\u00f1os = 50% del precio adulto<\/li>\n<\/ul>\n<h3><span style=\"color: #ff6600;\">Reserva y Pago<\/span><\/h3>\n<ul>\n<li><strong>Reserva<\/strong> Puede reservar su tour v\u00eda WhatsApp o enviarnos un E-mail y recibir\u00e1 la confirmaci\u00f3n al instante.<\/li>\n<li>Por favor, env\u00edenos el nombre de su hotel, el n\u00famero de habitaci\u00f3n y copias de su pasaporte<\/li>\n<\/ul>\n<p>WhatsApp: +201000852186<\/p>\n<p>info@egytourpackages.com<\/p>\n<h3><span style=\"color: #ff6600;\">Reserve Ahora y Pague en el lugar<\/span><\/h3>\n<p>Reserve su tour favorito y pague el d\u00eda del viaje<\/p>\n<h3><span style=\"color: #ff6600;\">Pago<\/span><\/h3>\n<p>Puede pagar en libras egipcias, $, \u20ac\u200e o \u00a3.<\/p>\n<h3><span style=\"color: #ff6600;\">Pol\u00edtica de Cancelaci\u00f3n<\/span><\/h3>\n<p>Puede cancelar hasta 24 horas de antelaci\u00f3n sin cargo<\/p>\n<p>La cancelaci\u00f3n por la ma\u00f1ana es el 50% del precio<\/p>\n<h3><span style=\"color: #ff6600;\">Reserva y Pago<\/span><\/h3>\n<ul>\n<li>La forma m\u00e1s f\u00e1cil es reservar su tour a trav\u00e9s de WhatsApp o puede enviarnos un Correo Electr\u00f3nico.<\/li>\n<li>Pago en el lugar el d\u00eda del viaje.<\/li>\n<\/ul>\n","protected":false},"excerpt":{"rendered":"<p>Tour de Medio D\u00eda a las Pir\u00e1mides de Giza desde El Cairo. Visita la Esfinge y las pir\u00e1mides de Keops y Kefr\u00e9n. \u00a1Reserva esta excursi\u00f3n hist\u00f3rica privada!<\/p>\n","protected":false},"featured_media":9812,"comment_status":"open","ping_status":"closed","template":"","meta":[],"product_brand":[],"product_cat":[3128],"product_tag":[3216,3188,3211],"class_list":{"0":"post-8673","1":"product","2":"type-product","3":"status-publish","4":"has-post-thumbnail","6":"product_cat-tours","7":"product_tag-excursiones-de-un-dia-en-el-cairo","8":"product_tag-excursiones-egipto","9":"product_tag-piramides-de-giza","10":"tour_category-excursiones-egipto-es","11":"tour_category-excursiones-en-el-cairo-es","13":"first","14":"instock","15":"sale","16":"shipping-taxable","17":"purchasable","18":"product-type-tour","19":"has-default-attributes"},"yoast_head":"<!-- This site is optimized with the Yoast SEO Premium plugin v27.4 (Yoast SEO v27.4) - https:\/\/yoast.com\/product\/yoast-seo-premium-wordpress\/ -->\n<title>Tour de Medio D\u00eda a las Pir\u00e1mides de Giza desde El Cairo<\/title>\n<meta name=\"description\" content=\"Tour de Medio D\u00eda a las Pir\u00e1mides de Giza desde El Cairo. Visita la Esfinge y las pir\u00e1mides de Keops y Kefr\u00e9n. \u00a1Reserva esta excursi\u00f3n hist\u00f3rica privada!\" \/>\n<meta name=\"robots\" content=\"index, follow, max-snippet:-1, max-image-preview:large, max-video-preview:-1\" \/>\n<link rel=\"canonical\" href=\"https:\/\/egytourpackages.com\/es\/tours\/tour-de-medio-dia-a-las-piramides-de-giza-desde-el-cairo\/\" \/>\n<meta property=\"og:locale\" content=\"es_ES\" \/>\n<meta property=\"og:type\" content=\"article\" \/>\n<meta property=\"og:title\" content=\"Tour de Medio D\u00eda a las Pir\u00e1mides de Giza desde El Cairo\" \/>\n<meta property=\"og:description\" content=\"Tour de Medio D\u00eda a las Pir\u00e1mides de Giza desde El Cairo. Visita la Esfinge y las pir\u00e1mides de Keops y Kefr\u00e9n. \u00a1Reserva esta excursi\u00f3n hist\u00f3rica privada!\" \/>\n<meta property=\"og:url\" content=\"https:\/\/egytourpackages.com\/es\/tours\/tour-de-medio-dia-a-las-piramides-de-giza-desde-el-cairo\/\" \/>\n<meta property=\"og:site_name\" content=\"Egypt Tour Packages\" \/>\n<meta property=\"article:publisher\" content=\"https:\/\/www.facebook.com\/egytourpackages\" \/>\n<meta property=\"article:modified_time\" content=\"2026-01-08T11:25:12+00:00\" \/>\n<meta property=\"og:image\" content=\"https:\/\/egytourpackages.com\/wp-content\/uploads\/2023\/07\/Giza-Pyramids-1-1024x768.jpg\" \/>\n<meta name=\"twitter:card\" content=\"summary_large_image\" \/>\n<meta name=\"twitter:title\" content=\"Tour de Medio D\u00eda a las Pir\u00e1mides de Giza desde El Cairo\" \/>\n<meta name=\"twitter:description\" content=\"Tour de Medio D\u00eda a las Pir\u00e1mides de Giza desde El Cairo. Visita la Esfinge y las pir\u00e1mides de Keops y Kefr\u00e9n. \u00a1Reserva esta excursi\u00f3n hist\u00f3rica privada!\" \/>\n<meta name=\"twitter:image\" content=\"https:\/\/egytourpackages.com\/wp-content\/uploads\/2023\/07\/Giza-Pyramids-1-1024x768.jpg\" \/>\n<meta name=\"twitter:label1\" content=\"Precio\" \/>\n\t<meta name=\"twitter:data1\" content=\"&euro;70\" \/>\n\t<meta name=\"twitter:label2\" content=\"Disponibilidad\" \/>\n\t<meta name=\"twitter:data2\" content=\"Disponible\" \/>\n<script type=\"application\/ld+json\" class=\"yoast-schema-graph\">{\"@context\":\"https:\\\/\\\/schema.org\",\"@graph\":[{\"@type\":\"WebPage\",\"@id\":\"https:\\\/\\\/egytourpackages.com\\\/es\\\/tours\\\/tour-de-medio-dia-a-las-piramides-de-giza-desde-el-cairo\\\/\",\"url\":\"https:\\\/\\\/egytourpackages.com\\\/es\\\/tours\\\/tour-de-medio-dia-a-las-piramides-de-giza-desde-el-cairo\\\/\",\"name\":\"Tour de Medio D\u00eda a las Pir\u00e1mides de Giza desde El Cairo\",\"isPartOf\":{\"@id\":\"https:\\\/\\\/egytourpackages.com\\\/es\\\/#website\"},\"primaryImageOfPage\":{\"@id\":\"https:\\\/\\\/egytourpackages.com\\\/es\\\/tours\\\/tour-de-medio-dia-a-las-piramides-de-giza-desde-el-cairo\\\/#primaryimage\"},\"image\":{\"@id\":\"https:\\\/\\\/egytourpackages.com\\\/es\\\/tours\\\/tour-de-medio-dia-a-las-piramides-de-giza-desde-el-cairo\\\/#primaryimage\"},\"thumbnailUrl\":\"https:\\\/\\\/egytourpackages.com\\\/wp-content\\\/uploads\\\/2023\\\/08\\\/Half-Day-Pyramids-Tour-from-Cairo.jpg\",\"datePublished\":\"2023-08-16T12:26:05+00:00\",\"dateModified\":\"2026-01-08T11:25:12+00:00\",\"description\":\"Tour de Medio D\u00eda a las Pir\u00e1mides de Giza desde El Cairo. Visita la Esfinge y las pir\u00e1mides de Keops y Kefr\u00e9n. \u00a1Reserva esta excursi\u00f3n hist\u00f3rica privada!\",\"breadcrumb\":{\"@id\":\"https:\\\/\\\/egytourpackages.com\\\/es\\\/tours\\\/tour-de-medio-dia-a-las-piramides-de-giza-desde-el-cairo\\\/#breadcrumb\"},\"inLanguage\":\"es\",\"potentialAction\":[{\"@type\":\"ReadAction\",\"target\":[\"https:\\\/\\\/egytourpackages.com\\\/es\\\/tours\\\/tour-de-medio-dia-a-las-piramides-de-giza-desde-el-cairo\\\/\"]}]},{\"@type\":\"ImageObject\",\"inLanguage\":\"es\",\"@id\":\"https:\\\/\\\/egytourpackages.com\\\/es\\\/tours\\\/tour-de-medio-dia-a-las-piramides-de-giza-desde-el-cairo\\\/#primaryimage\",\"url\":\"https:\\\/\\\/egytourpackages.com\\\/wp-content\\\/uploads\\\/2023\\\/08\\\/Half-Day-Pyramids-Tour-from-Cairo.jpg\",\"contentUrl\":\"https:\\\/\\\/egytourpackages.com\\\/wp-content\\\/uploads\\\/2023\\\/08\\\/Half-Day-Pyramids-Tour-from-Cairo.jpg\",\"width\":1600,\"height\":1200,\"caption\":\"Tour de Medio D\u00eda a las Pir\u00e1mides de Giza desde El Cairo\"},{\"@type\":\"BreadcrumbList\",\"@id\":\"https:\\\/\\\/egytourpackages.com\\\/es\\\/tours\\\/tour-de-medio-dia-a-las-piramides-de-giza-desde-el-cairo\\\/#breadcrumb\",\"itemListElement\":[{\"@type\":\"ListItem\",\"position\":1,\"name\":\"Home\",\"item\":\"https:\\\/\\\/egytourpackages.com\\\/es\\\/paquetes-de-viaje-a-egipto\\\/\"},{\"@type\":\"ListItem\",\"position\":2,\"name\":\"Shop\",\"item\":\"https:\\\/\\\/egytourpackages.com\\\/shop\\\/\"},{\"@type\":\"ListItem\",\"position\":3,\"name\":\"Tour de Medio D\u00eda a las Pir\u00e1mides de Giza desde El Cairo\"}]},{\"@type\":\"WebSite\",\"@id\":\"https:\\\/\\\/egytourpackages.com\\\/es\\\/#website\",\"url\":\"https:\\\/\\\/egytourpackages.com\\\/es\\\/\",\"name\":\"Egy tour packages\",\"description\":\"\",\"publisher\":{\"@id\":\"https:\\\/\\\/egytourpackages.com\\\/es\\\/#organization\"},\"potentialAction\":[{\"@type\":\"SearchAction\",\"target\":{\"@type\":\"EntryPoint\",\"urlTemplate\":\"https:\\\/\\\/egytourpackages.com\\\/es\\\/?s={search_term_string}\"},\"query-input\":{\"@type\":\"PropertyValueSpecification\",\"valueRequired\":true,\"valueName\":\"search_term_string\"}}],\"inLanguage\":\"es\"},{\"@type\":[\"Organization\",\"Place\",\"TravelAgency\"],\"@id\":\"https:\\\/\\\/egytourpackages.com\\\/es\\\/#organization\",\"name\":\"egypt tour packages\",\"alternateName\":\"egypt tour packages\",\"url\":\"https:\\\/\\\/egytourpackages.com\\\/es\\\/\",\"logo\":{\"@id\":\"https:\\\/\\\/egytourpackages.com\\\/es\\\/tours\\\/tour-de-medio-dia-a-las-piramides-de-giza-desde-el-cairo\\\/#local-main-organization-logo\"},\"image\":{\"@id\":\"https:\\\/\\\/egytourpackages.com\\\/es\\\/tours\\\/tour-de-medio-dia-a-las-piramides-de-giza-desde-el-cairo\\\/#local-main-organization-logo\"},\"sameAs\":[\"https:\\\/\\\/www.facebook.com\\\/egytourpackages\"],\"legalName\":\"Egy tour packages\",\"address\":{\"@id\":\"https:\\\/\\\/egytourpackages.com\\\/es\\\/tours\\\/tour-de-medio-dia-a-las-piramides-de-giza-desde-el-cairo\\\/#local-main-place-address\"},\"telephone\":[\"00201000852186\",\"00201028685533\"],\"contactPoint\":{\"@type\":\"ContactPoint\",\"telephone\":\"00201000852186\"},\"openingHoursSpecification\":[{\"@type\":\"OpeningHoursSpecification\",\"dayOfWeek\":[\"Monday\",\"Tuesday\",\"Wednesday\",\"Thursday\",\"Friday\",\"Saturday\",\"Sunday\"],\"opens\":\"00:00\",\"closes\":\"23:59\"}],\"email\":\"info@egytourpackages.com\",\"areaServed\":\"Cairo, Hurghada, Luxor, Sharm El Sheikh, Marsa Alam, Aswan\",\"priceRange\":\"$\",\"currenciesAccepted\":\"euro\",\"paymentAccepted\":\"Payment links online\"},{\"@type\":\"PostalAddress\",\"@id\":\"https:\\\/\\\/egytourpackages.com\\\/es\\\/tours\\\/tour-de-medio-dia-a-las-piramides-de-giza-desde-el-cairo\\\/#local-main-place-address\",\"streetAddress\":\"Mubarak 8, Al Kawthar District, Hurghada\",\"addressLocality\":\"Hurghada\",\"postalCode\":\"84511\",\"addressRegion\":\"Red Sea\",\"addressCountry\":\"EG\"},{\"@type\":\"ImageObject\",\"inLanguage\":\"es\",\"@id\":\"https:\\\/\\\/egytourpackages.com\\\/es\\\/tours\\\/tour-de-medio-dia-a-las-piramides-de-giza-desde-el-cairo\\\/#local-main-organization-logo\",\"url\":\"https:\\\/\\\/egytourpackages.com\\\/wp-content\\\/uploads\\\/2025\\\/12\\\/Turquoise-Dahabiya-Nile-Cruise-1.jpeg\",\"contentUrl\":\"https:\\\/\\\/egytourpackages.com\\\/wp-content\\\/uploads\\\/2025\\\/12\\\/Turquoise-Dahabiya-Nile-Cruise-1.jpeg\",\"width\":1040,\"height\":694,\"caption\":\"egypt tour packages\"}]}<\/script>\n<meta property=\"product:brand\" content=\"Excursiones Egipto\" \/>\n<meta property=\"product:price:amount\" content=\"70\" \/>\n<meta property=\"product:price:currency\" content=\"EUR\" \/>\n<meta property=\"og:availability\" content=\"instock\" \/>\n<meta property=\"product:availability\" content=\"instock\" \/>\n<meta property=\"product:retailer_item_id\" content=\"CDT02\" \/>\n<meta property=\"product:condition\" content=\"new\" \/>\n<meta name=\"geo.placename\" content=\"Hurghada\" \/>\n<meta name=\"geo.region\" content=\"Egipto\" \/>\n<!-- \/ Yoast SEO Premium plugin. -->","yoast_head_json":{"title":"Tour de Medio D\u00eda a las Pir\u00e1mides de Giza desde El Cairo","description":"Tour de Medio D\u00eda a las Pir\u00e1mides de Giza desde El Cairo. Visita la Esfinge y las pir\u00e1mides de Keops y Kefr\u00e9n. \u00a1Reserva esta excursi\u00f3n hist\u00f3rica privada!","robots":{"index":"index","follow":"follow","max-snippet":"max-snippet:-1","max-image-preview":"max-image-preview:large","max-video-preview":"max-video-preview:-1"},"canonical":"https:\/\/egytourpackages.com\/es\/tours\/tour-de-medio-dia-a-las-piramides-de-giza-desde-el-cairo\/","og_locale":"es_ES","og_type":"article","og_title":"Tour de Medio D\u00eda a las Pir\u00e1mides de Giza desde El Cairo","og_description":"Tour de Medio D\u00eda a las Pir\u00e1mides de Giza desde El Cairo. Visita la Esfinge y las pir\u00e1mides de Keops y Kefr\u00e9n. \u00a1Reserva esta excursi\u00f3n hist\u00f3rica privada!","og_url":"https:\/\/egytourpackages.com\/es\/tours\/tour-de-medio-dia-a-las-piramides-de-giza-desde-el-cairo\/","og_site_name":"Egypt Tour Packages","article_publisher":"https:\/\/www.facebook.com\/egytourpackages","article_modified_time":"2026-01-08T11:25:12+00:00","og_image":[{"url":"https:\/\/egytourpackages.com\/wp-content\/uploads\/2023\/07\/Giza-Pyramids-1-1024x768.jpg","type":"","width":"","height":""}],"twitter_card":"summary_large_image","twitter_title":"Tour de Medio D\u00eda a las Pir\u00e1mides de Giza desde El Cairo","twitter_description":"Tour de Medio D\u00eda a las Pir\u00e1mides de Giza desde El Cairo. Visita la Esfinge y las pir\u00e1mides de Keops y Kefr\u00e9n. \u00a1Reserva esta excursi\u00f3n hist\u00f3rica privada!","twitter_image":"https:\/\/egytourpackages.com\/wp-content\/uploads\/2023\/07\/Giza-Pyramids-1-1024x768.jpg","twitter_misc":{"Precio":"&euro;70","Disponibilidad":"Disponible"},"schema":{"@context":"https:\/\/schema.org","@graph":[{"@type":"WebPage","@id":"https:\/\/egytourpackages.com\/es\/tours\/tour-de-medio-dia-a-las-piramides-de-giza-desde-el-cairo\/","url":"https:\/\/egytourpackages.com\/es\/tours\/tour-de-medio-dia-a-las-piramides-de-giza-desde-el-cairo\/","name":"Tour de Medio D\u00eda a las Pir\u00e1mides de Giza desde El Cairo","isPartOf":{"@id":"https:\/\/egytourpackages.com\/es\/#website"},"primaryImageOfPage":{"@id":"https:\/\/egytourpackages.com\/es\/tours\/tour-de-medio-dia-a-las-piramides-de-giza-desde-el-cairo\/#primaryimage"},"image":{"@id":"https:\/\/egytourpackages.com\/es\/tours\/tour-de-medio-dia-a-las-piramides-de-giza-desde-el-cairo\/#primaryimage"},"thumbnailUrl":"https:\/\/egytourpackages.com\/wp-content\/uploads\/2023\/08\/Half-Day-Pyramids-Tour-from-Cairo.jpg","datePublished":"2023-08-16T12:26:05+00:00","dateModified":"2026-01-08T11:25:12+00:00","description":"Tour de Medio D\u00eda a las Pir\u00e1mides de Giza desde El Cairo. Visita la Esfinge y las pir\u00e1mides de Keops y Kefr\u00e9n. \u00a1Reserva esta excursi\u00f3n hist\u00f3rica privada!","breadcrumb":{"@id":"https:\/\/egytourpackages.com\/es\/tours\/tour-de-medio-dia-a-las-piramides-de-giza-desde-el-cairo\/#breadcrumb"},"inLanguage":"es","potentialAction":[{"@type":"ReadAction","target":["https:\/\/egytourpackages.com\/es\/tours\/tour-de-medio-dia-a-las-piramides-de-giza-desde-el-cairo\/"]}]},{"@type":"ImageObject","inLanguage":"es","@id":"https:\/\/egytourpackages.com\/es\/tours\/tour-de-medio-dia-a-las-piramides-de-giza-desde-el-cairo\/#primaryimage","url":"https:\/\/egytourpackages.com\/wp-content\/uploads\/2023\/08\/Half-Day-Pyramids-Tour-from-Cairo.jpg","contentUrl":"https:\/\/egytourpackages.com\/wp-content\/uploads\/2023\/08\/Half-Day-Pyramids-Tour-from-Cairo.jpg","width":1600,"height":1200,"caption":"Tour de Medio D\u00eda a las Pir\u00e1mides de Giza desde El Cairo"},{"@type":"BreadcrumbList","@id":"https:\/\/egytourpackages.com\/es\/tours\/tour-de-medio-dia-a-las-piramides-de-giza-desde-el-cairo\/#breadcrumb","itemListElement":[{"@type":"ListItem","position":1,"name":"Home","item":"https:\/\/egytourpackages.com\/es\/paquetes-de-viaje-a-egipto\/"},{"@type":"ListItem","position":2,"name":"Shop","item":"https:\/\/egytourpackages.com\/shop\/"},{"@type":"ListItem","position":3,"name":"Tour de Medio D\u00eda a las Pir\u00e1mides de Giza desde El Cairo"}]},{"@type":"WebSite","@id":"https:\/\/egytourpackages.com\/es\/#website","url":"https:\/\/egytourpackages.com\/es\/","name":"Egy tour packages","description":"","publisher":{"@id":"https:\/\/egytourpackages.com\/es\/#organization"},"potentialAction":[{"@type":"SearchAction","target":{"@type":"EntryPoint","urlTemplate":"https:\/\/egytourpackages.com\/es\/?s={search_term_string}"},"query-input":{"@type":"PropertyValueSpecification","valueRequired":true,"valueName":"search_term_string"}}],"inLanguage":"es"},{"@type":["Organization","Place","TravelAgency"],"@id":"https:\/\/egytourpackages.com\/es\/#organization","name":"egypt tour packages","alternateName":"egypt tour packages","url":"https:\/\/egytourpackages.com\/es\/","logo":{"@id":"https:\/\/egytourpackages.com\/es\/tours\/tour-de-medio-dia-a-las-piramides-de-giza-desde-el-cairo\/#local-main-organization-logo"},"image":{"@id":"https:\/\/egytourpackages.com\/es\/tours\/tour-de-medio-dia-a-las-piramides-de-giza-desde-el-cairo\/#local-main-organization-logo"},"sameAs":["https:\/\/www.facebook.com\/egytourpackages"],"legalName":"Egy tour packages","address":{"@id":"https:\/\/egytourpackages.com\/es\/tours\/tour-de-medio-dia-a-las-piramides-de-giza-desde-el-cairo\/#local-main-place-address"},"telephone":["00201000852186","00201028685533"],"contactPoint":{"@type":"ContactPoint","telephone":"00201000852186"},"openingHoursSpecification":[{"@type":"OpeningHoursSpecification","dayOfWeek":["Monday","Tuesday","Wednesday","Thursday","Friday","Saturday","Sunday"],"opens":"00:00","closes":"23:59"}],"email":"info@egytourpackages.com","areaServed":"Cairo, Hurghada, Luxor, Sharm El Sheikh, Marsa Alam, Aswan","priceRange":"$","currenciesAccepted":"euro","paymentAccepted":"Payment links online"},{"@type":"PostalAddress","@id":"https:\/\/egytourpackages.com\/es\/tours\/tour-de-medio-dia-a-las-piramides-de-giza-desde-el-cairo\/#local-main-place-address","streetAddress":"Mubarak 8, Al Kawthar District, Hurghada","addressLocality":"Hurghada","postalCode":"84511","addressRegion":"Red Sea","addressCountry":"EG"},{"@type":"ImageObject","inLanguage":"es","@id":"https:\/\/egytourpackages.com\/es\/tours\/tour-de-medio-dia-a-las-piramides-de-giza-desde-el-cairo\/#local-main-organization-logo","url":"https:\/\/egytourpackages.com\/wp-content\/uploads\/2025\/12\/Turquoise-Dahabiya-Nile-Cruise-1.jpeg","contentUrl":"https:\/\/egytourpackages.com\/wp-content\/uploads\/2025\/12\/Turquoise-Dahabiya-Nile-Cruise-1.jpeg","width":1040,"height":694,"caption":"egypt tour packages"}]},"product_brand":"Excursiones Egipto","product_price_amount":"70","product_price_currency":"EUR","og_availability":"instock","product_availability":"instock","product_retailer_item_id":"CDT02","product_condition":"new","geo.placename":"Hurghada","geo.region":"Egipto"},"_links":{"self":[{"href":"https:\/\/egytourpackages.com\/es\/wp-json\/wp\/v2\/product\/8673","targetHints":{"allow":["GET"]}}],"collection":[{"href":"https:\/\/egytourpackages.com\/es\/wp-json\/wp\/v2\/product"}],"about":[{"href":"https:\/\/egytourpackages.com\/es\/wp-json\/wp\/v2\/types\/product"}],"replies":[{"embeddable":true,"href":"https:\/\/egytourpackages.com\/es\/wp-json\/wp\/v2\/comments?post=8673"}],"wp:featuredmedia":[{"embeddable":true,"href":"https:\/\/egytourpackages.com\/es\/wp-json\/wp\/v2\/media\/9812"}],"wp:attachment":[{"href":"https:\/\/egytourpackages.com\/es\/wp-json\/wp\/v2\/media?parent=8673"}],"wp:term":[{"taxonomy":"product_brand","embeddable":true,"href":"https:\/\/egytourpackages.com\/es\/wp-json\/wp\/v2\/product_brand?post=8673"},{"taxonomy":"product_cat","embeddable":true,"href":"https:\/\/egytourpackages.com\/es\/wp-json\/wp\/v2\/product_cat?post=8673"},{"taxonomy":"product_tag","embeddable":true,"href":"https:\/\/egytourpackages.com\/es\/wp-json\/wp\/v2\/product_tag?post=8673"}],"curies":[{"name":"wp","href":"https:\/\/api.w.org\/{rel}","templated":true}]}}