{"id":8678,"date":"2023-08-18T21:33:13","date_gmt":"2023-08-18T21:33:13","guid":{"rendered":"https:\/\/egytourpackages.com\/product\/gran-museo-egipcio-y-el-cairo-historico\/"},"modified":"2026-01-08T11:41:37","modified_gmt":"2026-01-08T11:41:37","slug":"gran-museo-egipcio-y-el-cairo-historico","status":"publish","type":"product","link":"https:\/\/egytourpackages.com\/es\/tours\/gran-museo-egipcio-y-el-cairo-historico\/","title":{"rendered":"Gran Museo Egipcio y El Cairo Hist\u00f3rico"},"content":{"rendered":"<p><span style=\"color: #ff6600;\"><strong>Tour Completo: Gran Museo Egipcio y El Cairo Hist\u00f3rico<\/strong><\/span><\/p>\n<p>Experimente la famosa ciudad de <strong>El Cairo<\/strong> con un inmersivo <strong>tour de d\u00eda completo al Gran Museo Egipcio y El Cairo Antiguo<\/strong> dise\u00f1ado para mostrar la <strong>historia antigua<\/strong> inigualable de la ciudad y su diversa herencia cultural. Esta completa <strong>excursi\u00f3n de un d\u00eda en El Cairo<\/strong> ofrece un viaje inolvidable a trav\u00e9s de milenios, perfecto para cualquier <strong>entusiasta de los viajes a Egipto<\/strong>.<\/p>\n<p>Su exploraci\u00f3n comienza en el hist\u00f3rico <strong>El Cairo Copto<\/strong>, el coraz\u00f3n espiritual de la ciudad. Camine por antiguas callejuelas para descubrir la ic\u00f3nica <strong>Iglesia Colgante<\/strong>, una maravilla de la arquitectura cristiana temprana suspendida sobre una <strong>fortaleza romana<\/strong>. Explore los restos de la antigua <strong>Fortaleza Romana de Babilonia<\/strong> y visite la sagrada <strong>Iglesia de San Sergio y Baco<\/strong>, que se cree fue un refugio para la <strong>Sagrada Familia<\/strong>. Adem\u00e1s, concluya este segmento en la venerada <strong>Sinagoga de Ben Ezra<\/strong>, impregnada de historia y leyenda jud\u00eda.<\/p>\n<p>A continuaci\u00f3n, el magn\u00edfico <strong>Gran Museo Egipcio (GEM)<\/strong>, el museo arqueol\u00f3gico m\u00e1s grande del mundo y una de las principales <strong>atracciones de El Cairo<\/strong>. Ad\u00e9ntrese en una colecci\u00f3n inigualable de <strong>artefactos del antiguo Egipto<\/strong>, con los brillantes <strong>tesoros de Tutankam\u00f3n<\/strong> como pieza central. Marav\u00edllese con estatuas colosales, intrincadas insignias reales y miles de exhibiciones que narran m\u00e1s de 5,000 a\u00f1os de <strong>historia fara\u00f3nica<\/strong>.<\/p>\n<p>Finalmente, terminar\u00e1 su d\u00eda en el <strong>El Cairo Isl\u00e1mico<\/strong> caminando por la <strong>Calle El Moez<\/strong>, a menudo descrita como un \u00abmuseo al aire libre\u00bb debido a su densa concentraci\u00f3n de impresionantes mezquitas medievales, madrasas y edificios hist\u00f3ricos. Sum\u00e9rjase en el bullicioso ambiente del <strong>bazar Khan El Khalili<\/strong>, el mercado m\u00e1s antiguo y famoso de El Cairo.<\/p>\n<h3><span style=\"color: #ff6600;\">Detalles Esenciales del Tour<\/span><\/h3>\n<ul>\n<li>Duraci\u00f3n: Un D\u00eda<\/li>\n<li>Ubicaci\u00f3n del Tour: El Cairo<\/li>\n<li>Disponibilidad del Tour: Todos los d\u00edas<\/li>\n<li><strong>Idioma: Espa\u00f1ol<\/strong><\/li>\n<li>Recogida y Devoluci\u00f3n: Hoteles de El Cairo y Giza<\/li>\n<li>Tipo de Tour: Privado<\/li>\n<\/ul>\n<h3><span style=\"color: #ff6600;\">Puntos Destacados Hist\u00f3ricos<\/span><\/h3>\n<ul>\n<li>Museo Egipcio (Gran Museo Egipcio &#8211; GEM)<\/li>\n<li>Iglesia Colgante<\/li>\n<li>Fortaleza Romana<\/li>\n<li>Iglesia de Abu Serga<\/li>\n<li>Sinagoga Ben Ezra<\/li>\n<li>Calle El Moez<\/li>\n<li>Khan El Khalili<\/li>\n<\/ul>\n<h3><span style=\"color: #ff6600;\">Inclusiones<\/span><\/h3>\n<ul>\n<li>Traslado de ida y vuelta con veh\u00edculo moderno con A\/C<\/li>\n<li><strong>Gu\u00eda experto que habla espa\u00f1ol<\/strong><\/li>\n<li>Almuerzo<\/li>\n<li>Agua durante el tour<\/li>\n<\/ul>\n<h3><span style=\"color: #ff6600;\">Exclusiones<\/span><\/h3>\n<ul>\n<li>Propinas<\/li>\n<li>Cualquier gasto personal<\/li>\n<\/ul>\n<h3><span style=\"color: #ff6600;\">Qu\u00e9 Empacar<\/span><\/h3>\n<ul>\n<li>Protector solar y gafas de sol<\/li>\n<li>Sombrero o bufanda<\/li>\n<\/ul>\n<h2><span style=\"color: #ff6600;\">Itinerario<\/span><\/h2>\n<p>Despu\u00e9s de un delicioso desayuno, su <strong>gu\u00eda experto<\/strong> lo recibir\u00e1 para comenzar a explorar las atracciones ic\u00f3nicas de El Cairo. Su viaje al <strong>coraz\u00f3n espiritual<\/strong> de la ciudad comienza con un cautivador <strong>tour por El Cairo Copto<\/strong>, visitando la venerada <strong>Iglesia Colgante<\/strong>, una maravilla de la arquitectura cristiana primitiva. Descubra las paredes fundacionales de la <strong>Fortaleza Romana<\/strong> y sum\u00e9rjase en la <strong>historia sagrada<\/strong> de la <strong>Iglesia de San Sergio y Baco<\/strong>, que se cree que alberg\u00f3 a la <strong>Sagrada Familia<\/strong>. Concluya este segmento en la hist\u00f3rica <strong>Sinagoga de Ben Ezra<\/strong> y la <strong>Geniza<\/strong>, conocida por sus importantes documentos de la Geniza.<\/p>\n<h3><span style=\"color: #ff6600;\">GEM, Gran Museo Egipcio<\/span><\/h3>\n<p>A continuaci\u00f3n, ad\u00e9ntrese en las maravillas inigualables del <strong>Gran Museo Egipcio<\/strong>. Prep\u00e1rese para ser cautivado por los brillantes <strong>tesoros de Tutankam\u00f3n<\/strong>, un punto culminante de los <strong>artefactos del antiguo Egipto<\/strong> de la tumba del joven rey. Explore exhibiciones notables, incluido el rey de plata <strong>Psusennes I<\/strong>, la majestuosa <strong>Esfinge de Hatshepsut<\/strong> de <strong>Deir El Bahari<\/strong>, la monumental <strong>estatua de Keops<\/strong>, el antiguo <strong>barco de Keops<\/strong>, la majestuosa <strong>estatua de diorita de Kefr\u00e9n<\/strong>, la estatua de madera realista de <strong>Kaaper<\/strong>, fascinantes <strong>momias de animales<\/strong>, y los exquisitos tesoros de <strong>Yuya y Tuya<\/strong>, junto con antiguos papiros y maquetas de madera intrincadas. Despu\u00e9s de su inmersiva experiencia en el museo, disfrute de un delicioso <strong>almuerzo en un restaurante local<\/strong>, listo para continuar su exploraci\u00f3n del diverso paisaje hist\u00f3rico de El Cairo.<\/p>\n<p>Al final de su <strong>tour de un d\u00eda por El Cairo<\/strong> en el Museo, disfrutar\u00e1 de su almuerzo en un restaurante local y luego proceder\u00e1 a la siguiente parada:<\/p>\n<h3><span style=\"color: #ff6600;\">Calle El Moez<\/span><\/h3>\n<p>Esta calle se remonta al cuarto Califa de la <strong>Dinast\u00eda Fatim\u00ed<\/strong> y conserva la cultura egipcia de las \u00e9pocas Fatim\u00ed, <strong>Mameluca<\/strong>, Ayub\u00ed y Otomana hasta la era de <strong>Mohammed Ali Pacha<\/strong>. De hecho, una de las <strong>mejores cosas que hacer en El Cairo<\/strong> es visitar la <strong>Calle El Moez<\/strong> porque aqu\u00ed se pueden ver Mezquitas, Wikalas, Sabils, Kuttabs, Madrasa y casas. Despu\u00e9s de eso, terminar\u00e1 su d\u00eda en el muy famoso <strong>Bazar Khan El Khalili<\/strong> de El Cairo.<\/p>\n<p>Luego regreso a su hotel.<\/p>\n<h3><span style=\"color: #ff6600;\">Precio del Tour al Museo Egipcio y El Cairo Antiguo<\/span><\/h3>\n<ul>\n<li>Precio Adulto = 90 \u20ac<\/li>\n<li>Ni\u00f1os 0-5 a\u00f1os = gratis<\/li>\n<li>Ni\u00f1os 5 -11 a\u00f1os = 50% del precio adulto<\/li>\n<\/ul>\n<h3><span style=\"color: #ff6600;\">Reserva y Pago<\/span><\/h3>\n<ul>\n<li>Reserva Puede reservar sus tours de un d\u00eda por El Cairo v\u00eda WhatsApp o enviarnos un E-mail y recibir\u00e1 la confirmaci\u00f3n al instante.<\/li>\n<li>Por favor, env\u00edenos el nombre de su hotel, el n\u00famero de habitaci\u00f3n y copias de su pasaporte<\/li>\n<\/ul>\n<p>WhatsApp: +201000852186<\/p>\n<p>info@egytourpackages.com<\/p>\n<h3><span style=\"color: #ff6600;\">Reserve Ahora y Pague en el lugar<\/span><\/h3>\n<p>Reserve su tour favorito y pague el d\u00eda del viaje<\/p>\n<h3><span style=\"color: #ff6600;\">Pago<\/span><\/h3>\n<p>Puede pagar en libras egipcias, $, \u20ac\u200e o \u00a3.<\/p>\n<h3><span style=\"color: #ff6600;\">Pol\u00edtica de Cancelaci\u00f3n<\/span><\/h3>\n<ul>\n<li>La cancelaci\u00f3n es gratuita hasta con 24 horas de antelaci\u00f3n<\/li>\n<li>La cancelaci\u00f3n por la ma\u00f1ana es el 50% del precio<\/li>\n<\/ul>\n","protected":false},"excerpt":{"rendered":"<p>Gran Museo Egipcio y El Cairo Hist\u00f3rico. \u00a1Tour de 1 d\u00eda! Visita el GEM, la Ciudadela y el Bazar Khan el-Khalili. Reserva tu viaje cultural.<\/p>\n","protected":false},"featured_media":8680,"comment_status":"open","ping_status":"closed","template":"","meta":[],"product_brand":[],"product_cat":[3128],"product_tag":[3802,3216,3188,3291],"class_list":{"0":"post-8678","1":"product","2":"type-product","3":"status-publish","4":"has-post-thumbnail","6":"product_cat-tours","7":"product_tag-el-cairo-antiguo","8":"product_tag-excursiones-de-un-dia-en-el-cairo","9":"product_tag-excursiones-egipto","10":"product_tag-gran-museo-egipcio","11":"tour_category-excursiones-egipto-es","12":"tour_category-excursiones-en-el-cairo-es","14":"first","15":"instock","16":"sale","17":"shipping-taxable","18":"purchasable","19":"product-type-tour","20":"has-default-attributes"},"yoast_head":"<!-- This site is optimized with the Yoast SEO Premium plugin v27.2 (Yoast SEO v27.2) - https:\/\/yoast.com\/product\/yoast-seo-premium-wordpress\/ -->\n<title>Gran Museo Egipcio y El Cairo Hist\u00f3rico: Egy tour packages<\/title>\n<meta name=\"description\" content=\"Gran Museo Egipcio y El Cairo Hist\u00f3rico. \u00a1Tour de 1 d\u00eda! Visita el GEM, la Ciudadela y el Bazar Khan el-Khalili. Reserva tu viaje cultural.\" \/>\n<meta name=\"robots\" content=\"index, follow, max-snippet:-1, max-image-preview:large, max-video-preview:-1\" \/>\n<link rel=\"canonical\" href=\"https:\/\/egytourpackages.com\/es\/tours\/gran-museo-egipcio-y-el-cairo-historico\/\" \/>\n<meta property=\"og:locale\" content=\"es_ES\" \/>\n<meta property=\"og:type\" content=\"article\" \/>\n<meta property=\"og:title\" content=\"Gran Museo Egipcio y El Cairo Hist\u00f3rico\" \/>\n<meta property=\"og:description\" content=\"Gran Museo Egipcio y El Cairo Hist\u00f3rico. \u00a1Tour de 1 d\u00eda! Visita el GEM, la Ciudadela y el Bazar Khan el-Khalili. Reserva tu viaje cultural.\" \/>\n<meta property=\"og:url\" content=\"https:\/\/egytourpackages.com\/es\/tours\/gran-museo-egipcio-y-el-cairo-historico\/\" \/>\n<meta property=\"og:site_name\" content=\"Egypt Tour Packages\" \/>\n<meta property=\"article:publisher\" content=\"https:\/\/www.facebook.com\/egytourpackages\" \/>\n<meta property=\"article:modified_time\" content=\"2026-01-08T11:41:37+00:00\" \/>\n<meta property=\"og:image\" content=\"https:\/\/egytourpackages.com\/wp-content\/uploads\/2023\/08\/Wooden-Maquettes-Egyptian-Museum-1024x768.jpg\" \/>\n<meta name=\"twitter:card\" content=\"summary_large_image\" \/>\n<meta name=\"twitter:title\" content=\"Gran Museo Egipcio y El Cairo Hist\u00f3rico\" \/>\n<meta name=\"twitter:description\" content=\"Gran Museo Egipcio y El Cairo Hist\u00f3rico. \u00a1Tour de 1 d\u00eda! Visita el GEM, la Ciudadela y el Bazar Khan el-Khalili. Reserva tu viaje cultural.\" \/>\n<meta name=\"twitter:image\" content=\"https:\/\/egytourpackages.com\/wp-content\/uploads\/2023\/08\/Wooden-Maquettes-Egyptian-Museum-1024x768.jpg\" \/>\n<meta name=\"twitter:label1\" content=\"Precio\" \/>\n\t<meta name=\"twitter:data1\" content=\"&euro;90\" \/>\n\t<meta name=\"twitter:label2\" content=\"Disponibilidad\" \/>\n\t<meta name=\"twitter:data2\" content=\"Disponible\" \/>\n<script type=\"application\/ld+json\" class=\"yoast-schema-graph\">{\"@context\":\"https:\/\/schema.org\",\"@graph\":[{\"@type\":\"WebPage\",\"@id\":\"https:\/\/egytourpackages.com\/es\/tours\/gran-museo-egipcio-y-el-cairo-historico\/\",\"url\":\"https:\/\/egytourpackages.com\/es\/tours\/gran-museo-egipcio-y-el-cairo-historico\/\",\"name\":\"Gran Museo Egipcio y El Cairo Hist\u00f3rico: Egy tour packages\",\"isPartOf\":{\"@id\":\"https:\/\/egytourpackages.com\/es\/#website\"},\"primaryImageOfPage\":{\"@id\":\"https:\/\/egytourpackages.com\/es\/tours\/gran-museo-egipcio-y-el-cairo-historico\/#primaryimage\"},\"image\":{\"@id\":\"https:\/\/egytourpackages.com\/es\/tours\/gran-museo-egipcio-y-el-cairo-historico\/#primaryimage\"},\"thumbnailUrl\":\"https:\/\/egytourpackages.com\/wp-content\/uploads\/2023\/08\/Wooden-Maquettes-Egyptian-Museum.jpg\",\"datePublished\":\"2023-08-18T21:33:13+00:00\",\"dateModified\":\"2026-01-08T11:41:37+00:00\",\"description\":\"Gran Museo Egipcio y El Cairo Hist\u00f3rico. \u00a1Tour de 1 d\u00eda! Visita el GEM, la Ciudadela y el Bazar Khan el-Khalili. Reserva tu viaje cultural.\",\"breadcrumb\":{\"@id\":\"https:\/\/egytourpackages.com\/es\/tours\/gran-museo-egipcio-y-el-cairo-historico\/#breadcrumb\"},\"inLanguage\":\"es\",\"potentialAction\":[{\"@type\":\"ReadAction\",\"target\":[\"https:\/\/egytourpackages.com\/es\/tours\/gran-museo-egipcio-y-el-cairo-historico\/\"]}]},{\"@type\":\"ImageObject\",\"inLanguage\":\"es\",\"@id\":\"https:\/\/egytourpackages.com\/es\/tours\/gran-museo-egipcio-y-el-cairo-historico\/#primaryimage\",\"url\":\"https:\/\/egytourpackages.com\/wp-content\/uploads\/2023\/08\/Wooden-Maquettes-Egyptian-Museum.jpg\",\"contentUrl\":\"https:\/\/egytourpackages.com\/wp-content\/uploads\/2023\/08\/Wooden-Maquettes-Egyptian-Museum.jpg\",\"width\":2000,\"height\":1500,\"caption\":\"Maquetas de madera, Museo Egipcio\"},{\"@type\":\"BreadcrumbList\",\"@id\":\"https:\/\/egytourpackages.com\/es\/tours\/gran-museo-egipcio-y-el-cairo-historico\/#breadcrumb\",\"itemListElement\":[{\"@type\":\"ListItem\",\"position\":1,\"name\":\"Home\",\"item\":\"https:\/\/egytourpackages.com\/es\/paquetes-de-viaje-a-egipto\/\"},{\"@type\":\"ListItem\",\"position\":2,\"name\":\"Shop\",\"item\":\"https:\/\/egytourpackages.com\/shop\/\"},{\"@type\":\"ListItem\",\"position\":3,\"name\":\"Gran Museo Egipcio y El Cairo Hist\u00f3rico\"}]},{\"@type\":\"WebSite\",\"@id\":\"https:\/\/egytourpackages.com\/es\/#website\",\"url\":\"https:\/\/egytourpackages.com\/es\/\",\"name\":\"Egy tour packages\",\"description\":\"\",\"publisher\":{\"@id\":\"https:\/\/egytourpackages.com\/es\/#organization\"},\"potentialAction\":[{\"@type\":\"SearchAction\",\"target\":{\"@type\":\"EntryPoint\",\"urlTemplate\":\"https:\/\/egytourpackages.com\/es\/?s={search_term_string}\"},\"query-input\":{\"@type\":\"PropertyValueSpecification\",\"valueRequired\":true,\"valueName\":\"search_term_string\"}}],\"inLanguage\":\"es\"},{\"@type\":[\"Organization\",\"Place\",\"TravelAgency\"],\"@id\":\"https:\/\/egytourpackages.com\/es\/#organization\",\"name\":\"egypt tour packages\",\"alternateName\":\"egypt tour packages\",\"url\":\"https:\/\/egytourpackages.com\/es\/\",\"logo\":{\"@id\":\"https:\/\/egytourpackages.com\/es\/tours\/gran-museo-egipcio-y-el-cairo-historico\/#local-main-organization-logo\"},\"image\":{\"@id\":\"https:\/\/egytourpackages.com\/es\/tours\/gran-museo-egipcio-y-el-cairo-historico\/#local-main-organization-logo\"},\"sameAs\":[\"https:\/\/www.facebook.com\/egytourpackages\"],\"legalName\":\"Egy tour packages\",\"address\":{\"@id\":\"https:\/\/egytourpackages.com\/es\/tours\/gran-museo-egipcio-y-el-cairo-historico\/#local-main-place-address\"},\"telephone\":[\"00201000852186\",\"00201028685533\"],\"contactPoint\":{\"@type\":\"ContactPoint\",\"telephone\":\"00201000852186\"},\"openingHoursSpecification\":[{\"@type\":\"OpeningHoursSpecification\",\"dayOfWeek\":[\"Monday\",\"Tuesday\",\"Wednesday\",\"Thursday\",\"Friday\",\"Saturday\",\"Sunday\"],\"opens\":\"00:00\",\"closes\":\"23:59\"}],\"email\":\"info@egytourpackages.com\",\"areaServed\":\"Cairo, Hurghada, Luxor, Sharm El Sheikh, Marsa Alam, Aswan\",\"priceRange\":\"$\",\"currenciesAccepted\":\"euro\",\"paymentAccepted\":\"Payment links online\"},{\"@type\":\"PostalAddress\",\"@id\":\"https:\/\/egytourpackages.com\/es\/tours\/gran-museo-egipcio-y-el-cairo-historico\/#local-main-place-address\",\"streetAddress\":\"Mubarak 8, Al Kawthar District, Hurghada\",\"addressLocality\":\"Hurghada\",\"postalCode\":\"84511\",\"addressRegion\":\"Red Sea\",\"addressCountry\":\"EG\"},{\"@type\":\"ImageObject\",\"inLanguage\":\"es\",\"@id\":\"https:\/\/egytourpackages.com\/es\/tours\/gran-museo-egipcio-y-el-cairo-historico\/#local-main-organization-logo\",\"url\":\"https:\/\/egytourpackages.com\/wp-content\/uploads\/2025\/12\/Turquoise-Dahabiya-Nile-Cruise-1.jpeg\",\"contentUrl\":\"https:\/\/egytourpackages.com\/wp-content\/uploads\/2025\/12\/Turquoise-Dahabiya-Nile-Cruise-1.jpeg\",\"width\":1040,\"height\":694,\"caption\":\"egypt tour packages\"}]}<\/script>\n<meta property=\"product:brand\" content=\"Excursiones Egipto\" \/>\n<meta property=\"product:price:amount\" content=\"90\" \/>\n<meta property=\"product:price:currency\" content=\"EUR\" \/>\n<meta property=\"og:availability\" content=\"instock\" \/>\n<meta property=\"product:availability\" content=\"instock\" \/>\n<meta property=\"product:retailer_item_id\" content=\"CDT04\" \/>\n<meta property=\"product:condition\" content=\"new\" \/>\n<meta name=\"geo.placename\" content=\"Hurghada\" \/>\n<meta name=\"geo.region\" content=\"Egipto\" \/>\n<!-- \/ Yoast SEO Premium plugin. -->","yoast_head_json":{"title":"Gran Museo Egipcio y El Cairo Hist\u00f3rico: Egy tour packages","description":"Gran Museo Egipcio y El Cairo Hist\u00f3rico. \u00a1Tour de 1 d\u00eda! Visita el GEM, la Ciudadela y el Bazar Khan el-Khalili. Reserva tu viaje cultural.","robots":{"index":"index","follow":"follow","max-snippet":"max-snippet:-1","max-image-preview":"max-image-preview:large","max-video-preview":"max-video-preview:-1"},"canonical":"https:\/\/egytourpackages.com\/es\/tours\/gran-museo-egipcio-y-el-cairo-historico\/","og_locale":"es_ES","og_type":"article","og_title":"Gran Museo Egipcio y El Cairo Hist\u00f3rico","og_description":"Gran Museo Egipcio y El Cairo Hist\u00f3rico. \u00a1Tour de 1 d\u00eda! Visita el GEM, la Ciudadela y el Bazar Khan el-Khalili. Reserva tu viaje cultural.","og_url":"https:\/\/egytourpackages.com\/es\/tours\/gran-museo-egipcio-y-el-cairo-historico\/","og_site_name":"Egypt Tour Packages","article_publisher":"https:\/\/www.facebook.com\/egytourpackages","article_modified_time":"2026-01-08T11:41:37+00:00","og_image":[{"url":"https:\/\/egytourpackages.com\/wp-content\/uploads\/2023\/08\/Wooden-Maquettes-Egyptian-Museum-1024x768.jpg","type":"","width":"","height":""}],"twitter_card":"summary_large_image","twitter_title":"Gran Museo Egipcio y El Cairo Hist\u00f3rico","twitter_description":"Gran Museo Egipcio y El Cairo Hist\u00f3rico. \u00a1Tour de 1 d\u00eda! Visita el GEM, la Ciudadela y el Bazar Khan el-Khalili. Reserva tu viaje cultural.","twitter_image":"https:\/\/egytourpackages.com\/wp-content\/uploads\/2023\/08\/Wooden-Maquettes-Egyptian-Museum-1024x768.jpg","twitter_misc":{"Precio":"&euro;90","Disponibilidad":"Disponible"},"schema":{"@context":"https:\/\/schema.org","@graph":[{"@type":"WebPage","@id":"https:\/\/egytourpackages.com\/es\/tours\/gran-museo-egipcio-y-el-cairo-historico\/","url":"https:\/\/egytourpackages.com\/es\/tours\/gran-museo-egipcio-y-el-cairo-historico\/","name":"Gran Museo Egipcio y El Cairo Hist\u00f3rico: Egy tour packages","isPartOf":{"@id":"https:\/\/egytourpackages.com\/es\/#website"},"primaryImageOfPage":{"@id":"https:\/\/egytourpackages.com\/es\/tours\/gran-museo-egipcio-y-el-cairo-historico\/#primaryimage"},"image":{"@id":"https:\/\/egytourpackages.com\/es\/tours\/gran-museo-egipcio-y-el-cairo-historico\/#primaryimage"},"thumbnailUrl":"https:\/\/egytourpackages.com\/wp-content\/uploads\/2023\/08\/Wooden-Maquettes-Egyptian-Museum.jpg","datePublished":"2023-08-18T21:33:13+00:00","dateModified":"2026-01-08T11:41:37+00:00","description":"Gran Museo Egipcio y El Cairo Hist\u00f3rico. \u00a1Tour de 1 d\u00eda! Visita el GEM, la Ciudadela y el Bazar Khan el-Khalili. Reserva tu viaje cultural.","breadcrumb":{"@id":"https:\/\/egytourpackages.com\/es\/tours\/gran-museo-egipcio-y-el-cairo-historico\/#breadcrumb"},"inLanguage":"es","potentialAction":[{"@type":"ReadAction","target":["https:\/\/egytourpackages.com\/es\/tours\/gran-museo-egipcio-y-el-cairo-historico\/"]}]},{"@type":"ImageObject","inLanguage":"es","@id":"https:\/\/egytourpackages.com\/es\/tours\/gran-museo-egipcio-y-el-cairo-historico\/#primaryimage","url":"https:\/\/egytourpackages.com\/wp-content\/uploads\/2023\/08\/Wooden-Maquettes-Egyptian-Museum.jpg","contentUrl":"https:\/\/egytourpackages.com\/wp-content\/uploads\/2023\/08\/Wooden-Maquettes-Egyptian-Museum.jpg","width":2000,"height":1500,"caption":"Maquetas de madera, Museo Egipcio"},{"@type":"BreadcrumbList","@id":"https:\/\/egytourpackages.com\/es\/tours\/gran-museo-egipcio-y-el-cairo-historico\/#breadcrumb","itemListElement":[{"@type":"ListItem","position":1,"name":"Home","item":"https:\/\/egytourpackages.com\/es\/paquetes-de-viaje-a-egipto\/"},{"@type":"ListItem","position":2,"name":"Shop","item":"https:\/\/egytourpackages.com\/shop\/"},{"@type":"ListItem","position":3,"name":"Gran Museo Egipcio y El Cairo Hist\u00f3rico"}]},{"@type":"WebSite","@id":"https:\/\/egytourpackages.com\/es\/#website","url":"https:\/\/egytourpackages.com\/es\/","name":"Egy tour packages","description":"","publisher":{"@id":"https:\/\/egytourpackages.com\/es\/#organization"},"potentialAction":[{"@type":"SearchAction","target":{"@type":"EntryPoint","urlTemplate":"https:\/\/egytourpackages.com\/es\/?s={search_term_string}"},"query-input":{"@type":"PropertyValueSpecification","valueRequired":true,"valueName":"search_term_string"}}],"inLanguage":"es"},{"@type":["Organization","Place","TravelAgency"],"@id":"https:\/\/egytourpackages.com\/es\/#organization","name":"egypt tour packages","alternateName":"egypt tour packages","url":"https:\/\/egytourpackages.com\/es\/","logo":{"@id":"https:\/\/egytourpackages.com\/es\/tours\/gran-museo-egipcio-y-el-cairo-historico\/#local-main-organization-logo"},"image":{"@id":"https:\/\/egytourpackages.com\/es\/tours\/gran-museo-egipcio-y-el-cairo-historico\/#local-main-organization-logo"},"sameAs":["https:\/\/www.facebook.com\/egytourpackages"],"legalName":"Egy tour packages","address":{"@id":"https:\/\/egytourpackages.com\/es\/tours\/gran-museo-egipcio-y-el-cairo-historico\/#local-main-place-address"},"telephone":["00201000852186","00201028685533"],"contactPoint":{"@type":"ContactPoint","telephone":"00201000852186"},"openingHoursSpecification":[{"@type":"OpeningHoursSpecification","dayOfWeek":["Monday","Tuesday","Wednesday","Thursday","Friday","Saturday","Sunday"],"opens":"00:00","closes":"23:59"}],"email":"info@egytourpackages.com","areaServed":"Cairo, Hurghada, Luxor, Sharm El Sheikh, Marsa Alam, Aswan","priceRange":"$","currenciesAccepted":"euro","paymentAccepted":"Payment links online"},{"@type":"PostalAddress","@id":"https:\/\/egytourpackages.com\/es\/tours\/gran-museo-egipcio-y-el-cairo-historico\/#local-main-place-address","streetAddress":"Mubarak 8, Al Kawthar District, Hurghada","addressLocality":"Hurghada","postalCode":"84511","addressRegion":"Red Sea","addressCountry":"EG"},{"@type":"ImageObject","inLanguage":"es","@id":"https:\/\/egytourpackages.com\/es\/tours\/gran-museo-egipcio-y-el-cairo-historico\/#local-main-organization-logo","url":"https:\/\/egytourpackages.com\/wp-content\/uploads\/2025\/12\/Turquoise-Dahabiya-Nile-Cruise-1.jpeg","contentUrl":"https:\/\/egytourpackages.com\/wp-content\/uploads\/2025\/12\/Turquoise-Dahabiya-Nile-Cruise-1.jpeg","width":1040,"height":694,"caption":"egypt tour packages"}]},"product_brand":"Excursiones Egipto","product_price_amount":"90","product_price_currency":"EUR","og_availability":"instock","product_availability":"instock","product_retailer_item_id":"CDT04","product_condition":"new","geo.placename":"Hurghada","geo.region":"Egipto"},"_links":{"self":[{"href":"https:\/\/egytourpackages.com\/es\/wp-json\/wp\/v2\/product\/8678","targetHints":{"allow":["GET"]}}],"collection":[{"href":"https:\/\/egytourpackages.com\/es\/wp-json\/wp\/v2\/product"}],"about":[{"href":"https:\/\/egytourpackages.com\/es\/wp-json\/wp\/v2\/types\/product"}],"replies":[{"embeddable":true,"href":"https:\/\/egytourpackages.com\/es\/wp-json\/wp\/v2\/comments?post=8678"}],"wp:featuredmedia":[{"embeddable":true,"href":"https:\/\/egytourpackages.com\/es\/wp-json\/wp\/v2\/media\/8680"}],"wp:attachment":[{"href":"https:\/\/egytourpackages.com\/es\/wp-json\/wp\/v2\/media?parent=8678"}],"wp:term":[{"taxonomy":"product_brand","embeddable":true,"href":"https:\/\/egytourpackages.com\/es\/wp-json\/wp\/v2\/product_brand?post=8678"},{"taxonomy":"product_cat","embeddable":true,"href":"https:\/\/egytourpackages.com\/es\/wp-json\/wp\/v2\/product_cat?post=8678"},{"taxonomy":"product_tag","embeddable":true,"href":"https:\/\/egytourpackages.com\/es\/wp-json\/wp\/v2\/product_tag?post=8678"}],"curies":[{"name":"wp","href":"https:\/\/api.w.org\/{rel}","templated":true}]}}