{"id":8683,"date":"2023-08-22T11:14:52","date_gmt":"2023-08-22T11:14:52","guid":{"rendered":"https:\/\/egytourpackages.com\/product\/mejores-excursiones-en-safaga-tour-todo-incluido-de-snorkel-a-isla-bianca-utopia\/"},"modified":"2026-01-28T02:50:38","modified_gmt":"2026-01-28T02:50:38","slug":"mejores-excursiones-en-safaga-tour-todo-incluido-de-snorkel-a-isla-bianca-utopia","status":"publish","type":"product","link":"https:\/\/egytourpackages.com\/es\/tours\/mejores-excursiones-en-safaga-tour-todo-incluido-de-snorkel-a-isla-bianca-utopia\/","title":{"rendered":"Mejores Excursiones en Safaga: Tour Todo Incluido de Snorkel a Isla Bianca Utopia"},"content":{"rendered":"<p><span style=\"color: #ff6600;\"><strong>Mejores Excursiones en Safaga: Tour Todo Incluido de Snorkel a Isla Bianca Utopia<\/strong><\/span><\/p>\n<p>\u00bfBusca las <strong>mejores cosas que hacer en Safaga<\/strong>? Experimente un fant\u00e1stico <strong>viaje de un d\u00eda a Isla Bianca Utopia<\/strong>, una de las <strong>principales excursiones en Hurghada<\/strong>, y descubra el impresionante <strong>Mar Rojo<\/strong>. Este <strong>tour en barco de d\u00eda completo desde Safaga<\/strong> es perfecto para cualquiera que busque aventura, relajaci\u00f3n y la oportunidad de explorar la vibrante vida marina.<\/p>\n<p>Para aquellos que buscan un d\u00eda memorable, la <strong>excursi\u00f3n a Isla Bianca Utopia<\/strong> es una opci\u00f3n perfecta, ofreciendo algo para todos. Ya sea que busque <strong>cosas divertidas que hacer en familia<\/strong>, unas rom\u00e1nticas <strong>vacaciones de playa para parejas<\/strong>, o un d\u00eda de aventura con <strong>amigos<\/strong>, esta excursi\u00f3n es ideal.<\/p>\n<p>Este viaje proporciona una <strong>experiencia familiar inolvidable<\/strong>, con oportunidades para observar diversa vida marina como peces de colores, estrellas de mar y tortugas marinas. Tambi\u00e9n es una excelente opci\u00f3n para <strong>personas mayores y personas con discapacidades<\/strong>, incluidas aquellas en sillas de ruedas, lo que garantiza accesibilidad y comodidad para todos.<\/p>\n<p>Mientras est\u00e1 en la isla, tiene la flexibilidad de pasar hasta cuatro horas relaj\u00e1ndose en la playa, o puede optar por un tour guiado de <strong>snorkel<\/strong> para explorar el vibrante mundo submarino. Para una vista \u00fanica de los arrecifes de coral sin mojarse, puede dar un paseo en un <strong>semisumergible<\/strong>.<\/p>\n<h3><span style=\"color: #ff6600;\">Puntos Destacados del Tour de Snorkel<\/span><\/h3>\n<ul>\n<li>Dos paradas de snorkel en dos lugares diferentes<\/li>\n<li>Almuerzo reci\u00e9n preparado a bordo<\/li>\n<li>Deportes acu\u00e1ticos como Banana boat y Sofa boat<\/li>\n<li><strong>Detalles Esenciales de la Excursi\u00f3n<\/strong><\/li>\n<li>Duraci\u00f3n: 8 horas<\/li>\n<li>Ubicaci\u00f3n del Tour<strong>: <\/strong>Mar Rojo<\/li>\n<li>Disponibilidad: Diaria<\/li>\n<li>Tipo de Tour: Grupal<\/li>\n<li><strong>Idioma: Espa\u00f1ol<\/strong><\/li>\n<li>Recogida y Devoluci\u00f3n: Su hotel en Safaga<\/li>\n<li>Silla de Ruedas: Accesible<\/li>\n<\/ul>\n<h3><span style=\"color: #ff6600;\">Servicios Incluidos<\/span><\/h3>\n<ul>\n<li>Traslado de ida y vuelta desde su hotel en Safaga<\/li>\n<li>Equipo de snorkel como chaleco salvavidas, m\u00e1scara, aletas<\/li>\n<li><strong>Gu\u00eda de snorkel que habla Espa\u00f1ol<\/strong><\/li>\n<li>Almuerzo reci\u00e9n preparado a bordo<\/li>\n<li>Agua mineral, bebidas fr\u00edas y calientes todo el d\u00eda<\/li>\n<\/ul>\n<h3><span style=\"color: #ff6600;\">No Incluido<\/span><\/h3>\n<ul>\n<li>DVD y fotos por Camar\u00f3grafo<\/li>\n<li>Propinas<\/li>\n<li>Buceo<\/li>\n<\/ul>\n<h3><span style=\"color: #ff6600;\">Qu\u00e9 Llevar Consigo<\/span><\/h3>\n<ul>\n<li>Su propia toalla del hotel<\/li>\n<li>Sombrero o Bufanda<\/li>\n<li>Protector solar<\/li>\n<li>Gafas de sol<\/li>\n<li>Zapatos c\u00f3modos<\/li>\n<li>Traje de ba\u00f1o<\/li>\n<li>Algo de dinero en efectivo para sus gastos personales<\/li>\n<\/ul>\n<h3><span style=\"color: #ff6600;\">Itinerario<\/span><\/h3>\n<p>Su d\u00eda comienza con una c\u00f3moda <strong>recogida en el hotel<\/strong> alrededor de las 8:00 a. m., seguida de un pintoresco paseo en barco a un lugar privilegiado para hacer <strong>snorkel<\/strong>. Sum\u00e9rjase en las <strong>aguas cristalinas<\/strong> para una <strong>sesi\u00f3n de snorkel<\/strong> de 45 minutos y sea testigo del impresionante mundo submarino y los <strong>coloridos arrecifes de coral<\/strong>.<\/p>\n<p>Luego, su viaje contin\u00faa hacia el para\u00edso privado de <strong>Isla Bianca Utopia<\/strong>. A su llegada, tendr\u00e1 un lugar reservado junto al mar para relajarse y tomar el sol. La excursi\u00f3n incluye una <strong>experiencia todo incluido<\/strong> con <strong>bebidas ilimitadas<\/strong> y aperitivos disponibles durante todo el d\u00eda.<\/p>\n<p>Se sirve un delicioso <strong>almuerzo buffet libre<\/strong> en la isla de 12:30 p. m. a 2:00 p. m. Para m\u00e1s diversi\u00f3n, disfrute de un <strong>paseo gratuito en barco con fondo de cristal<\/strong> para admirar los peces y corales sin mojarse, o \u00fanase a la <strong>fiesta de la espuma<\/strong> de media hora a las 2:00 p. m. Se proporciona <strong>equipo de snorkel<\/strong> para aquellos que deseen explorar las aguas cerca de la isla.<\/p>\n<p>Este <strong>viaje familiar<\/strong> es gratuito para ni\u00f1os menores de 5 a\u00f1os, con un descuento del 50% para edades de 5 a 7 a\u00f1os. El viaje de d\u00eda completo concluye con su regreso a la marina y un traslado de vuelta a su hotel alrededor de las 4:30 p. m. No pierda esta oportunidad de crear recuerdos inolvidables en una de las <strong>excursiones m\u00e1s populares en Soma Bay<\/strong>.<\/p>\n<h3><span style=\"color: #ff6600;\">Tour a Isla Bianca Utopia Todo Incluido de Snorkel desde Safaga: Precio<\/span><\/h3>\n<ul>\n<li>Precio Adulto = 60 \u20ac<\/li>\n<li>Ni\u00f1os 0-5 a\u00f1os = gratis<\/li>\n<li>Ni\u00f1os 5 -11 a\u00f1os = 50% del precio adulto<\/li>\n<\/ul>\n<h3><span style=\"color: #ff6600;\">Reservar Tour en el Mar Rojo y Pago<\/span><\/h3>\n<ul>\n<li>Puede reservar su tour a trav\u00e9s de WhatsApp o enviarnos un correo electr\u00f3nico y recibir\u00e1 la confirmaci\u00f3n al instante.<\/li>\n<li>Por favor, env\u00edenos el nombre de su hotel, el n\u00famero de habitaci\u00f3n y copias de su pasaporte<\/li>\n<\/ul>\n<p>WhatsApp: +201000852186<\/p>\n<p>info@egytourpackages.com<\/p>\n<h3><span style=\"color: #ff6600;\">Reserve Ahora y Pague en el lugar<\/span><\/h3>\n<p>Reserve su tour favorito y pague el d\u00eda del viaje<\/p>\n<h3><span style=\"color: #ff6600;\">Pago<\/span><\/h3>\n<p>Puede pagar en libras egipcias, $, \u20ac\u200e o \u00a3.<\/p>\n<h3><span style=\"color: #ff6600;\">Pol\u00edtica de Cancelaci\u00f3n<\/span><\/h3>\n<ul>\n<li>La cancelaci\u00f3n es gratuita hasta con 24 horas de antelaci\u00f3n<\/li>\n<li>La cancelaci\u00f3n por la ma\u00f1ana es el 50% del precio<\/li>\n<\/ul>\n","protected":false},"excerpt":{"rendered":"<p>Mejores Excursiones en Safaga: Tour Todo Incluido de Snorkel a Isla Bianca Utopia. \u00a1Viaje en barco al Mar Rojo! Corales y playas de arena blanca.<\/p>\n","protected":false},"featured_media":8685,"comment_status":"open","ping_status":"closed","template":"","meta":[],"product_brand":[],"product_cat":[3128],"product_tag":[3812],"class_list":{"0":"post-8683","1":"product","2":"type-product","3":"status-publish","4":"has-post-thumbnail","6":"product_cat-tours","7":"product_tag-el-mejor-viaje-en-barco-para-hacer-snorkel","8":"tour_category-excursiones-de-snorkel-en-hurghada","9":"tour_category-excursiones-egipto-es","10":"tour_category-excursiones-en-soma-bay-es","12":"first","13":"instock","14":"sale","15":"shipping-taxable","16":"purchasable","17":"product-type-tour","18":"has-default-attributes"},"yoast_head":"<!-- This site is optimized with the Yoast SEO Premium plugin v27.4 (Yoast SEO v27.4) - https:\/\/yoast.com\/product\/yoast-seo-premium-wordpress\/ -->\n<title>Mejores Excursiones en Safaga: Tour Todo Incluido de Snorkel a Isla Bianca Utopia<\/title>\n<meta name=\"description\" content=\"Mejores Excursiones en Safaga: Tour Todo Incluido de Snorkel a Isla Bianca Utopia. \u00a1Viaje en barco al Mar Rojo! Corales y playas de arena blanca.\" \/>\n<meta name=\"robots\" content=\"index, follow, max-snippet:-1, max-image-preview:large, max-video-preview:-1\" \/>\n<link rel=\"canonical\" href=\"https:\/\/egytourpackages.com\/es\/tours\/mejores-excursiones-en-safaga-tour-todo-incluido-de-snorkel-a-isla-bianca-utopia\/\" \/>\n<meta property=\"og:locale\" content=\"es_ES\" \/>\n<meta property=\"og:type\" content=\"article\" \/>\n<meta property=\"og:title\" content=\"Mejores Excursiones en Safaga: Tour Todo Incluido de Snorkel a Isla Bianca Utopia\" \/>\n<meta property=\"og:description\" content=\"Mejores Excursiones en Safaga: Tour Todo Incluido de Snorkel a Isla Bianca Utopia. \u00a1Viaje en barco al Mar Rojo! Corales y playas de arena blanca.\" \/>\n<meta property=\"og:url\" content=\"https:\/\/egytourpackages.com\/es\/tours\/mejores-excursiones-en-safaga-tour-todo-incluido-de-snorkel-a-isla-bianca-utopia\/\" \/>\n<meta property=\"og:site_name\" content=\"Egypt Tour Packages\" \/>\n<meta property=\"article:publisher\" content=\"https:\/\/www.facebook.com\/egytourpackages\" \/>\n<meta property=\"article:modified_time\" content=\"2026-01-28T02:50:38+00:00\" \/>\n<meta property=\"og:image\" content=\"https:\/\/egytourpackages.com\/wp-content\/uploads\/2023\/08\/Safaga-best-Snorkeling-Trip-1024x682.jpg\" \/>\n<meta name=\"twitter:card\" content=\"summary_large_image\" \/>\n<meta name=\"twitter:title\" content=\"Mejores Excursiones en Safaga: Tour Todo Incluido de Snorkel a Isla Bianca Utopia\" \/>\n<meta name=\"twitter:description\" content=\"Mejores Excursiones en Safaga: Tour Todo Incluido de Snorkel a Isla Bianca Utopia. \u00a1Viaje en barco al Mar Rojo! Corales y playas de arena blanca.\" \/>\n<meta name=\"twitter:image\" content=\"https:\/\/egytourpackages.com\/wp-content\/uploads\/2023\/08\/Safaga-best-Snorkeling-Trip-1024x682.jpg\" \/>\n<meta name=\"twitter:label1\" content=\"Precio\" \/>\n\t<meta name=\"twitter:data1\" content=\"&euro;0\" \/>\n\t<meta name=\"twitter:label2\" content=\"Disponibilidad\" \/>\n\t<meta name=\"twitter:data2\" content=\"Disponible\" \/>\n<script type=\"application\/ld+json\" class=\"yoast-schema-graph\">{\"@context\":\"https:\\\/\\\/schema.org\",\"@graph\":[{\"@type\":\"WebPage\",\"@id\":\"https:\\\/\\\/egytourpackages.com\\\/es\\\/tours\\\/mejores-excursiones-en-safaga-tour-todo-incluido-de-snorkel-a-isla-bianca-utopia\\\/\",\"url\":\"https:\\\/\\\/egytourpackages.com\\\/es\\\/tours\\\/mejores-excursiones-en-safaga-tour-todo-incluido-de-snorkel-a-isla-bianca-utopia\\\/\",\"name\":\"Mejores Excursiones en Safaga: Tour Todo Incluido de Snorkel a Isla Bianca Utopia\",\"isPartOf\":{\"@id\":\"https:\\\/\\\/egytourpackages.com\\\/es\\\/#website\"},\"primaryImageOfPage\":{\"@id\":\"https:\\\/\\\/egytourpackages.com\\\/es\\\/tours\\\/mejores-excursiones-en-safaga-tour-todo-incluido-de-snorkel-a-isla-bianca-utopia\\\/#primaryimage\"},\"image\":{\"@id\":\"https:\\\/\\\/egytourpackages.com\\\/es\\\/tours\\\/mejores-excursiones-en-safaga-tour-todo-incluido-de-snorkel-a-isla-bianca-utopia\\\/#primaryimage\"},\"thumbnailUrl\":\"https:\\\/\\\/egytourpackages.com\\\/wp-content\\\/uploads\\\/2023\\\/08\\\/Bianca-Island-Utopia-Safaga.jpeg\",\"datePublished\":\"2023-08-22T11:14:52+00:00\",\"dateModified\":\"2026-01-28T02:50:38+00:00\",\"description\":\"Mejores Excursiones en Safaga: Tour Todo Incluido de Snorkel a Isla Bianca Utopia. \u00a1Viaje en barco al Mar Rojo! Corales y playas de arena blanca.\",\"breadcrumb\":{\"@id\":\"https:\\\/\\\/egytourpackages.com\\\/es\\\/tours\\\/mejores-excursiones-en-safaga-tour-todo-incluido-de-snorkel-a-isla-bianca-utopia\\\/#breadcrumb\"},\"inLanguage\":\"es\",\"potentialAction\":[{\"@type\":\"ReadAction\",\"target\":[\"https:\\\/\\\/egytourpackages.com\\\/es\\\/tours\\\/mejores-excursiones-en-safaga-tour-todo-incluido-de-snorkel-a-isla-bianca-utopia\\\/\"]}]},{\"@type\":\"ImageObject\",\"inLanguage\":\"es\",\"@id\":\"https:\\\/\\\/egytourpackages.com\\\/es\\\/tours\\\/mejores-excursiones-en-safaga-tour-todo-incluido-de-snorkel-a-isla-bianca-utopia\\\/#primaryimage\",\"url\":\"https:\\\/\\\/egytourpackages.com\\\/wp-content\\\/uploads\\\/2023\\\/08\\\/Bianca-Island-Utopia-Safaga.jpeg\",\"contentUrl\":\"https:\\\/\\\/egytourpackages.com\\\/wp-content\\\/uploads\\\/2023\\\/08\\\/Bianca-Island-Utopia-Safaga.jpeg\",\"width\":1250,\"height\":833,\"caption\":\"Utop\u00eda de la isla Bianca, Safaga\"},{\"@type\":\"BreadcrumbList\",\"@id\":\"https:\\\/\\\/egytourpackages.com\\\/es\\\/tours\\\/mejores-excursiones-en-safaga-tour-todo-incluido-de-snorkel-a-isla-bianca-utopia\\\/#breadcrumb\",\"itemListElement\":[{\"@type\":\"ListItem\",\"position\":1,\"name\":\"Home\",\"item\":\"https:\\\/\\\/egytourpackages.com\\\/es\\\/paquetes-de-viaje-a-egipto\\\/\"},{\"@type\":\"ListItem\",\"position\":2,\"name\":\"Shop\",\"item\":\"https:\\\/\\\/egytourpackages.com\\\/shop\\\/\"},{\"@type\":\"ListItem\",\"position\":3,\"name\":\"Mejores Excursiones en Safaga: Tour Todo Incluido de Snorkel a Isla Bianca Utopia\"}]},{\"@type\":\"WebSite\",\"@id\":\"https:\\\/\\\/egytourpackages.com\\\/es\\\/#website\",\"url\":\"https:\\\/\\\/egytourpackages.com\\\/es\\\/\",\"name\":\"Egy tour packages\",\"description\":\"\",\"publisher\":{\"@id\":\"https:\\\/\\\/egytourpackages.com\\\/es\\\/#organization\"},\"potentialAction\":[{\"@type\":\"SearchAction\",\"target\":{\"@type\":\"EntryPoint\",\"urlTemplate\":\"https:\\\/\\\/egytourpackages.com\\\/es\\\/?s={search_term_string}\"},\"query-input\":{\"@type\":\"PropertyValueSpecification\",\"valueRequired\":true,\"valueName\":\"search_term_string\"}}],\"inLanguage\":\"es\"},{\"@type\":[\"Organization\",\"Place\",\"TravelAgency\"],\"@id\":\"https:\\\/\\\/egytourpackages.com\\\/es\\\/#organization\",\"name\":\"egypt tour packages\",\"alternateName\":\"egypt tour packages\",\"url\":\"https:\\\/\\\/egytourpackages.com\\\/es\\\/\",\"logo\":{\"@id\":\"https:\\\/\\\/egytourpackages.com\\\/es\\\/tours\\\/mejores-excursiones-en-safaga-tour-todo-incluido-de-snorkel-a-isla-bianca-utopia\\\/#local-main-organization-logo\"},\"image\":{\"@id\":\"https:\\\/\\\/egytourpackages.com\\\/es\\\/tours\\\/mejores-excursiones-en-safaga-tour-todo-incluido-de-snorkel-a-isla-bianca-utopia\\\/#local-main-organization-logo\"},\"sameAs\":[\"https:\\\/\\\/www.facebook.com\\\/egytourpackages\"],\"legalName\":\"Egy tour packages\",\"address\":{\"@id\":\"https:\\\/\\\/egytourpackages.com\\\/es\\\/tours\\\/mejores-excursiones-en-safaga-tour-todo-incluido-de-snorkel-a-isla-bianca-utopia\\\/#local-main-place-address\"},\"telephone\":[\"00201000852186\",\"00201028685533\"],\"contactPoint\":{\"@type\":\"ContactPoint\",\"telephone\":\"00201000852186\"},\"openingHoursSpecification\":[{\"@type\":\"OpeningHoursSpecification\",\"dayOfWeek\":[\"Monday\",\"Tuesday\",\"Wednesday\",\"Thursday\",\"Friday\",\"Saturday\",\"Sunday\"],\"opens\":\"00:00\",\"closes\":\"23:59\"}],\"email\":\"info@egytourpackages.com\",\"areaServed\":\"Cairo, Hurghada, Luxor, Sharm El Sheikh, Marsa Alam, Aswan\",\"priceRange\":\"$\",\"currenciesAccepted\":\"euro\",\"paymentAccepted\":\"Payment links online\"},{\"@type\":\"PostalAddress\",\"@id\":\"https:\\\/\\\/egytourpackages.com\\\/es\\\/tours\\\/mejores-excursiones-en-safaga-tour-todo-incluido-de-snorkel-a-isla-bianca-utopia\\\/#local-main-place-address\",\"streetAddress\":\"Mubarak 8, Al Kawthar District, Hurghada\",\"addressLocality\":\"Hurghada\",\"postalCode\":\"84511\",\"addressRegion\":\"Red Sea\",\"addressCountry\":\"EG\"},{\"@type\":\"ImageObject\",\"inLanguage\":\"es\",\"@id\":\"https:\\\/\\\/egytourpackages.com\\\/es\\\/tours\\\/mejores-excursiones-en-safaga-tour-todo-incluido-de-snorkel-a-isla-bianca-utopia\\\/#local-main-organization-logo\",\"url\":\"https:\\\/\\\/egytourpackages.com\\\/wp-content\\\/uploads\\\/2025\\\/12\\\/Turquoise-Dahabiya-Nile-Cruise-1.jpeg\",\"contentUrl\":\"https:\\\/\\\/egytourpackages.com\\\/wp-content\\\/uploads\\\/2025\\\/12\\\/Turquoise-Dahabiya-Nile-Cruise-1.jpeg\",\"width\":1040,\"height\":694,\"caption\":\"egypt tour packages\"}]}<\/script>\n<meta property=\"product:brand\" content=\"Excursiones de snorkel en Hurghada\" \/>\n<meta property=\"product:price:amount\" content=\"0\" \/>\n<meta property=\"product:price:currency\" content=\"EUR\" \/>\n<meta property=\"og:availability\" content=\"instock\" \/>\n<meta property=\"product:availability\" content=\"instock\" \/>\n<meta property=\"product:retailer_item_id\" content=\"SBE11\" \/>\n<meta property=\"product:condition\" content=\"new\" \/>\n<meta name=\"geo.placename\" content=\"Hurghada\" \/>\n<meta name=\"geo.region\" content=\"Egipto\" \/>\n<!-- \/ Yoast SEO Premium plugin. -->","yoast_head_json":{"title":"Mejores Excursiones en Safaga: Tour Todo Incluido de Snorkel a Isla Bianca Utopia","description":"Mejores Excursiones en Safaga: Tour Todo Incluido de Snorkel a Isla Bianca Utopia. \u00a1Viaje en barco al Mar Rojo! Corales y playas de arena blanca.","robots":{"index":"index","follow":"follow","max-snippet":"max-snippet:-1","max-image-preview":"max-image-preview:large","max-video-preview":"max-video-preview:-1"},"canonical":"https:\/\/egytourpackages.com\/es\/tours\/mejores-excursiones-en-safaga-tour-todo-incluido-de-snorkel-a-isla-bianca-utopia\/","og_locale":"es_ES","og_type":"article","og_title":"Mejores Excursiones en Safaga: Tour Todo Incluido de Snorkel a Isla Bianca Utopia","og_description":"Mejores Excursiones en Safaga: Tour Todo Incluido de Snorkel a Isla Bianca Utopia. \u00a1Viaje en barco al Mar Rojo! Corales y playas de arena blanca.","og_url":"https:\/\/egytourpackages.com\/es\/tours\/mejores-excursiones-en-safaga-tour-todo-incluido-de-snorkel-a-isla-bianca-utopia\/","og_site_name":"Egypt Tour Packages","article_publisher":"https:\/\/www.facebook.com\/egytourpackages","article_modified_time":"2026-01-28T02:50:38+00:00","og_image":[{"url":"https:\/\/egytourpackages.com\/wp-content\/uploads\/2023\/08\/Safaga-best-Snorkeling-Trip-1024x682.jpg","type":"","width":"","height":""}],"twitter_card":"summary_large_image","twitter_title":"Mejores Excursiones en Safaga: Tour Todo Incluido de Snorkel a Isla Bianca Utopia","twitter_description":"Mejores Excursiones en Safaga: Tour Todo Incluido de Snorkel a Isla Bianca Utopia. \u00a1Viaje en barco al Mar Rojo! Corales y playas de arena blanca.","twitter_image":"https:\/\/egytourpackages.com\/wp-content\/uploads\/2023\/08\/Safaga-best-Snorkeling-Trip-1024x682.jpg","twitter_misc":{"Precio":"&euro;0","Disponibilidad":"Disponible"},"schema":{"@context":"https:\/\/schema.org","@graph":[{"@type":"WebPage","@id":"https:\/\/egytourpackages.com\/es\/tours\/mejores-excursiones-en-safaga-tour-todo-incluido-de-snorkel-a-isla-bianca-utopia\/","url":"https:\/\/egytourpackages.com\/es\/tours\/mejores-excursiones-en-safaga-tour-todo-incluido-de-snorkel-a-isla-bianca-utopia\/","name":"Mejores Excursiones en Safaga: Tour Todo Incluido de Snorkel a Isla Bianca Utopia","isPartOf":{"@id":"https:\/\/egytourpackages.com\/es\/#website"},"primaryImageOfPage":{"@id":"https:\/\/egytourpackages.com\/es\/tours\/mejores-excursiones-en-safaga-tour-todo-incluido-de-snorkel-a-isla-bianca-utopia\/#primaryimage"},"image":{"@id":"https:\/\/egytourpackages.com\/es\/tours\/mejores-excursiones-en-safaga-tour-todo-incluido-de-snorkel-a-isla-bianca-utopia\/#primaryimage"},"thumbnailUrl":"https:\/\/egytourpackages.com\/wp-content\/uploads\/2023\/08\/Bianca-Island-Utopia-Safaga.jpeg","datePublished":"2023-08-22T11:14:52+00:00","dateModified":"2026-01-28T02:50:38+00:00","description":"Mejores Excursiones en Safaga: Tour Todo Incluido de Snorkel a Isla Bianca Utopia. \u00a1Viaje en barco al Mar Rojo! Corales y playas de arena blanca.","breadcrumb":{"@id":"https:\/\/egytourpackages.com\/es\/tours\/mejores-excursiones-en-safaga-tour-todo-incluido-de-snorkel-a-isla-bianca-utopia\/#breadcrumb"},"inLanguage":"es","potentialAction":[{"@type":"ReadAction","target":["https:\/\/egytourpackages.com\/es\/tours\/mejores-excursiones-en-safaga-tour-todo-incluido-de-snorkel-a-isla-bianca-utopia\/"]}]},{"@type":"ImageObject","inLanguage":"es","@id":"https:\/\/egytourpackages.com\/es\/tours\/mejores-excursiones-en-safaga-tour-todo-incluido-de-snorkel-a-isla-bianca-utopia\/#primaryimage","url":"https:\/\/egytourpackages.com\/wp-content\/uploads\/2023\/08\/Bianca-Island-Utopia-Safaga.jpeg","contentUrl":"https:\/\/egytourpackages.com\/wp-content\/uploads\/2023\/08\/Bianca-Island-Utopia-Safaga.jpeg","width":1250,"height":833,"caption":"Utop\u00eda de la isla Bianca, Safaga"},{"@type":"BreadcrumbList","@id":"https:\/\/egytourpackages.com\/es\/tours\/mejores-excursiones-en-safaga-tour-todo-incluido-de-snorkel-a-isla-bianca-utopia\/#breadcrumb","itemListElement":[{"@type":"ListItem","position":1,"name":"Home","item":"https:\/\/egytourpackages.com\/es\/paquetes-de-viaje-a-egipto\/"},{"@type":"ListItem","position":2,"name":"Shop","item":"https:\/\/egytourpackages.com\/shop\/"},{"@type":"ListItem","position":3,"name":"Mejores Excursiones en Safaga: Tour Todo Incluido de Snorkel a Isla Bianca Utopia"}]},{"@type":"WebSite","@id":"https:\/\/egytourpackages.com\/es\/#website","url":"https:\/\/egytourpackages.com\/es\/","name":"Egy tour packages","description":"","publisher":{"@id":"https:\/\/egytourpackages.com\/es\/#organization"},"potentialAction":[{"@type":"SearchAction","target":{"@type":"EntryPoint","urlTemplate":"https:\/\/egytourpackages.com\/es\/?s={search_term_string}"},"query-input":{"@type":"PropertyValueSpecification","valueRequired":true,"valueName":"search_term_string"}}],"inLanguage":"es"},{"@type":["Organization","Place","TravelAgency"],"@id":"https:\/\/egytourpackages.com\/es\/#organization","name":"egypt tour packages","alternateName":"egypt tour packages","url":"https:\/\/egytourpackages.com\/es\/","logo":{"@id":"https:\/\/egytourpackages.com\/es\/tours\/mejores-excursiones-en-safaga-tour-todo-incluido-de-snorkel-a-isla-bianca-utopia\/#local-main-organization-logo"},"image":{"@id":"https:\/\/egytourpackages.com\/es\/tours\/mejores-excursiones-en-safaga-tour-todo-incluido-de-snorkel-a-isla-bianca-utopia\/#local-main-organization-logo"},"sameAs":["https:\/\/www.facebook.com\/egytourpackages"],"legalName":"Egy tour packages","address":{"@id":"https:\/\/egytourpackages.com\/es\/tours\/mejores-excursiones-en-safaga-tour-todo-incluido-de-snorkel-a-isla-bianca-utopia\/#local-main-place-address"},"telephone":["00201000852186","00201028685533"],"contactPoint":{"@type":"ContactPoint","telephone":"00201000852186"},"openingHoursSpecification":[{"@type":"OpeningHoursSpecification","dayOfWeek":["Monday","Tuesday","Wednesday","Thursday","Friday","Saturday","Sunday"],"opens":"00:00","closes":"23:59"}],"email":"info@egytourpackages.com","areaServed":"Cairo, Hurghada, Luxor, Sharm El Sheikh, Marsa Alam, Aswan","priceRange":"$","currenciesAccepted":"euro","paymentAccepted":"Payment links online"},{"@type":"PostalAddress","@id":"https:\/\/egytourpackages.com\/es\/tours\/mejores-excursiones-en-safaga-tour-todo-incluido-de-snorkel-a-isla-bianca-utopia\/#local-main-place-address","streetAddress":"Mubarak 8, Al Kawthar District, Hurghada","addressLocality":"Hurghada","postalCode":"84511","addressRegion":"Red Sea","addressCountry":"EG"},{"@type":"ImageObject","inLanguage":"es","@id":"https:\/\/egytourpackages.com\/es\/tours\/mejores-excursiones-en-safaga-tour-todo-incluido-de-snorkel-a-isla-bianca-utopia\/#local-main-organization-logo","url":"https:\/\/egytourpackages.com\/wp-content\/uploads\/2025\/12\/Turquoise-Dahabiya-Nile-Cruise-1.jpeg","contentUrl":"https:\/\/egytourpackages.com\/wp-content\/uploads\/2025\/12\/Turquoise-Dahabiya-Nile-Cruise-1.jpeg","width":1040,"height":694,"caption":"egypt tour packages"}]},"product_brand":"Excursiones de snorkel en Hurghada","product_price_currency":"EUR","og_availability":"instock","product_availability":"instock","product_retailer_item_id":"SBE11","product_condition":"new","geo.placename":"Hurghada","geo.region":"Egipto"},"_links":{"self":[{"href":"https:\/\/egytourpackages.com\/es\/wp-json\/wp\/v2\/product\/8683","targetHints":{"allow":["GET"]}}],"collection":[{"href":"https:\/\/egytourpackages.com\/es\/wp-json\/wp\/v2\/product"}],"about":[{"href":"https:\/\/egytourpackages.com\/es\/wp-json\/wp\/v2\/types\/product"}],"replies":[{"embeddable":true,"href":"https:\/\/egytourpackages.com\/es\/wp-json\/wp\/v2\/comments?post=8683"}],"wp:featuredmedia":[{"embeddable":true,"href":"https:\/\/egytourpackages.com\/es\/wp-json\/wp\/v2\/media\/8685"}],"wp:attachment":[{"href":"https:\/\/egytourpackages.com\/es\/wp-json\/wp\/v2\/media?parent=8683"}],"wp:term":[{"taxonomy":"product_brand","embeddable":true,"href":"https:\/\/egytourpackages.com\/es\/wp-json\/wp\/v2\/product_brand?post=8683"},{"taxonomy":"product_cat","embeddable":true,"href":"https:\/\/egytourpackages.com\/es\/wp-json\/wp\/v2\/product_cat?post=8683"},{"taxonomy":"product_tag","embeddable":true,"href":"https:\/\/egytourpackages.com\/es\/wp-json\/wp\/v2\/product_tag?post=8683"}],"curies":[{"name":"wp","href":"https:\/\/api.w.org\/{rel}","templated":true}]}}